{"id":335,"date":"2015-06-11T10:40:11","date_gmt":"2015-06-11T10:40:11","guid":{"rendered":"https:\/\/behostels.com\/?page_id=335"},"modified":"2015-07-27T10:02:23","modified_gmt":"2015-07-27T10:02:23","slug":"situation","status":"publish","type":"page","link":"https:\/\/behostels.com\/fr\/zaragoza\/situation\/","title":{"rendered":"Situation"},"content":{"rendered":"<h3>L&rsquo;auberge Saragosse est au c\u0153ur de la ville, dans la vieille ville, une partie tr\u00e8s importante, et est l&rsquo;un des monuments de la ville.<\/h3>\r\n\n<script type=\"widgetkit\/map\" data-id=\"wk-map69ea0690b88ce\" data-class=\" uk-img-preserve\" data-style=\"width:auto;height:600px;\">\n    {\"width\":\"auto\",\"height\":\"600\",\"maptypeid\":\"roadmap\",\"maptypecontrol\":false,\"mapctrl\":true,\"zoom\":\"16\",\"marker\":\"3\",\"marker_icon\":\"\",\"markercluster\":false,\"popup_max_width\":\"400\",\"zoomwheel\":false,\"draggable\":false,\"directions\":false,\"disabledefaultui\":false,\"styler_invert_lightness\":false,\"styler_hue\":\"\",\"styler_saturation\":0,\"styler_lightness\":0,\"styler_gamma\":0,\"media\":true,\"image_width\":\"auto\",\"image_height\":\"auto\",\"media_align\":\"top\",\"media_width\":\"1-2\",\"media_breakpoint\":\"medium\",\"media_border\":\"none\",\"media_overlay\":\"none\",\"overlay_animation\":\"fade\",\"media_animation\":\"none\",\"title\":false,\"content\":true,\"social_buttons\":true,\"title_size\":\"h4\",\"text_align\":\"left\",\"link\":true,\"link_style\":\"button\",\"link_text\":\"Read more\",\"link_target\":false,\"class\":\"\",\"markers\":[{\"lat\":41.6576429,\"lng\":-0.8859076,\"icon\":\"\",\"title\":\"BE ZARAGOZA HOTEL BARCELONA\",\"content\":\"\\n<div class=\\\"uk-text-left\\\">\\n\\n    \\n    \\n    \\n    \\n        <div class=\\\"uk-margin\\\"><img decoding=\\\"async\\\" src=\\\"\\\/wp-content\\\/uploads\\\/2015\\\/06\\\/be-zaragoza-hostel.png\\\" style=\\\"height:36px ; width:auto;\\\"\\\/><br\\\/>\\n<p class=\\\"uk-text-small\\\">Calle Predicadores 70<br>\\n50003 \\u2013 Zaragoza, Spain<br>\\nTel: (+34) 976 282 043<br>\\ninfo@alberguezaragoza.com<br>\\n<\\\/p><\\\/div>\\n    \\n    \\n    \\n    \\n<\\\/div>\\n\"}],\"directionsText\":\"Obtenir les directions\"}<\/script>\n\r\n<br>\r\n<div class=\"uk-grid\">\r\n<div class=\"uk-width-large-1-2 uk-width-medium-1-2 uk-width-small-1-1\">\r\n<ul>\r\n\t<li>2 minutes de la Plaza del Pilar<\/li>  \r\n    <li>2 minutes de la \u00ab\u00a0Casco Viejo\u00a0\u00bb Zone (zone d&rsquo;op\u00e9ration)<\/li>  \r\n    <li>A c\u00f4t\u00e9 de l&rsquo;Ebre Rio<\/li>  \r\n    <li>3 minutes du m\u00e9tro (Zone de Tapas)<\/li> \r\n    <li>10 minutes de l&rsquo;Expo<\/li>  \r\n\t\t<\/ul>\r\n<\/div>\r\n<div class=\"uk-width-large-1-2 uk-width-medium-1-2 uk-width-small-1-1\">\r\n<ul>\r\n    <li>10 minutes walking distance from the University<\/li>  \r\n    <li>10 minutes de l&rsquo;Universit\u00e9<\/li>\r\n    <li>5 minutes de la Place d&rsquo;Espagne.<\/li>\r\n    <li>AU COEUR DE LA VILLE<\/li>\r\n<\/ul>\r\n<\/div>\r\n<\/div>\r\n<p>Situ\u00e9 dans un palais Renaissance du XVe si\u00e8cle, qui fut la r\u00e9sidence du Grand Inquisiteur de la Couronne d&rsquo;Aragon, Pierre Arbuckle, qui est all\u00e9 \u00e0 sa mort a \u00e9t\u00e9 d\u00e9clar\u00e9 saint et a une chapelle \u00e0 la cath\u00e9drale de Saragosse \u00ab\u00a0La Seo\u00bb.<\/p>\r\n\r\n<p>Il se distingue par sa taille et la richesse de l&rsquo;art, alliant parfaitement le profil avec un manteau confortable, moderne et confortable.<\/p>\r\n\r\n<p>Mais la meilleure partie est qu&rsquo;il est parfaitement communiqu\u00e9 avec les diff\u00e9rents moyens de transport:<\/p>\r\n\r\n<h2 class=\"fantasy\">How to arrive at BeHostels Zaragoza<\/h2>\r\n\n<div  data-uk-scrollspy=\"{target:'> div > [data-uk-scrollspy-cls]', delay:300}\">\n\n\n    \n    <div class=\"uk-grid uk-text-left uk-flex-middle\" data-uk-grid-match data-uk-margin=\"{cls:'uk-margin-top'}\">\n\n                <div class=\"uk-width-medium-1-3 uk-text-center uk-invisible\"  data-uk-scrollspy-cls=\"uk-animation-fade uk-invisible\">\n            <div class=\"uk-overlay uk-overlay-hover uk-border-circle\"><img decoding=\"async\" src=\"\/wp-content\/uploads\/2015\/07\/zaragozaBus2.jpg\" class=\"uk-border-circle uk-overlay-scale\" alt=\"Bus et Train\"><div class=\"uk-overlay-panel uk-overlay-background uk-overlay-icon uk-overlay-fade\"><\/div><\/div>        <\/div>\n        \n                <div class=\"uk-width-medium-2-3 uk-invisible\"  data-uk-scrollspy-cls=\"uk-animation-slide-right uk-invisible\">\n            <div class=\"uk-panel uk-panel-space uk-width-1-1\">\n\n                \n                                <h3 class=\"uk-panel-title\">\n\n                                            Bus et Train                    \n                    \n                <\/h3>\n                \n                                <div class=\"uk-margin\"><p>Prenez le bus num\u00e9ro 34, arr\u00eat \u00e0 Paseo Echegaray y Caballero 34. Comme descendre du bus pour le droit de prendre la premi\u00e8re rue \u00e0 gauche appel\u00e9e Postigo del Ebro, arriv\u00e9s \u00e0 la fin de cette rue pour aller \u00e0 Street Preachers, o\u00f9 se tournant vers la gauche, nous sommes au num\u00e9ro 70.\nFr\u00e9quence des bus 34: travail 6 \/ 7 min,\nSamedi 7 \/ 10 min, vacances 8 \/ 12 min.<\/p><\/div>\n                \n                \n                \n            <\/div>\n        <\/div>\n        \n    <\/div>\n\n    \n\n    \n    <div class=\"uk-grid uk-text-left uk-flex-middle\" data-uk-grid-match data-uk-margin=\"{cls:'uk-margin-top'}\">\n\n                <div class=\"uk-width-medium-1-3 uk-text-center uk-float-right uk-flex-order-last-medium uk-invisible\"  data-uk-scrollspy-cls=\"uk-animation-fade uk-invisible\">\n            <div class=\"uk-overlay uk-overlay-hover uk-border-circle\"><img decoding=\"async\" src=\"\/wp-content\/uploads\/2015\/07\/Aeropuerto-de-Zaragoza1.jpg\" class=\"uk-border-circle uk-overlay-scale\" alt=\"A\u00e9roport\"><div class=\"uk-overlay-panel uk-overlay-background uk-overlay-icon uk-overlay-fade\"><\/div><\/div>        <\/div>\n        \n                <div class=\"uk-width-medium-2-3 uk-invisible\"  data-uk-scrollspy-cls=\"uk-animation-slide-left uk-invisible\">\n            <div class=\"uk-panel uk-panel-space uk-width-1-1\">\n\n                \n                                <h3 class=\"uk-panel-title\">\n\n                                            A\u00e9roport                    \n                    \n                <\/h3>\n                \n                                <div class=\"uk-margin\"><p>Prendre le bus de l&rsquo;a\u00e9roport \u00e0 son dernier arr\u00eat au Paseo de Pamplona 19 et de l\u00e0 prendre le bus en face du num\u00e9ro 34 ou de la Plaza Para\u00edso le bus 23 \u00e0 la fois vers le centre et les deux arr\u00eats sur les murs romains de Saragosse de qui commence juste \u00e0 travers la pr\u00e9dicateurs de rue dans laquelle nous sommes le num\u00e9ro 70.<\/p><\/div>\n                \n                \n                \n            <\/div>\n        <\/div>\n        \n    <\/div>\n\n    \n\n    \n    <div class=\"uk-grid uk-text-left uk-flex-middle\" data-uk-grid-match data-uk-margin=\"{cls:'uk-margin-top'}\">\n\n                <div class=\"uk-width-medium-1-3 uk-text-center uk-invisible\"  data-uk-scrollspy-cls=\"uk-animation-fade uk-invisible\">\n            <div class=\"uk-overlay uk-overlay-hover uk-border-circle\"><img decoding=\"async\" src=\"\/wp-content\/uploads\/2015\/07\/zaragoza_car1.jpg\" class=\"uk-border-circle uk-overlay-scale\" alt=\"Voiture\"><div class=\"uk-overlay-panel uk-overlay-background uk-overlay-icon uk-overlay-fade\"><\/div><\/div>        <\/div>\n        \n                <div class=\"uk-width-medium-2-3 uk-invisible\"  data-uk-scrollspy-cls=\"uk-animation-slide-right uk-invisible\">\n            <div class=\"uk-panel uk-panel-space uk-width-1-1\">\n\n                \n                                <h3 class=\"uk-panel-title\">\n\n                                            Voiture                    \n                    \n                <\/h3>\n                \n                                <div class=\"uk-margin\"><p>Mais si vous venez en voiture ou en bus, il est tr\u00e8s facile, nous sommes sur la sortie d&rsquo;autoroute \u00ab\u00a0Pilar Santiago zone \u00ab\u00a0, en entr\u00e9e de Saragosse, seulement \u00e0 fixer dans la Basilique del Pilar et vous y rendre, dans le Zaragoza Bridge d&rsquo;entr\u00e9e, vous verrez un indicateur de la Street Preachers, au num\u00e9ro 7 \u00ba je l&rsquo;esp\u00e8re. Parking gratuit voitures et des autobus est aussi facile, car le stationnement est gratuit \u00e0 seulement 2 minutes. Et vous pouvez obtenir \u00e0 la porte m\u00eame de l&rsquo;abribus et de l&rsquo;arr\u00eater.<\/p><\/div>\n                \n                \n                \n            <\/div>\n        <\/div>\n        \n    <\/div>\n\n    \n\n<\/div>\n\r\n","protected":false},"excerpt":{"rendered":"<p>L&rsquo;auberge Saragosse est au c\u0153ur de la ville, dans la vieille ville, une partie tr\u00e8s importante, et est l&rsquo;un des monuments de la ville. 2 minutes de la Plaza del Pilar 2 minutes de la \u00ab\u00a0Casco Viejo\u00a0\u00bb Zone (zone d&rsquo;op\u00e9ration) A c\u00f4t\u00e9 de l&rsquo;Ebre Rio 3 minutes du m\u00e9tro (Zone de Tapas) 10 minutes de [&hellip;]<\/p>\n","protected":false},"author":1,"featured_media":0,"parent":320,"menu_order":0,"comment_status":"closed","ping_status":"open","template":"","meta":{"footnotes":""},"yoast_head":"<!-- This site is optimized with the Yoast SEO plugin v22.7 - https:\/\/yoast.com\/wordpress\/plugins\/seo\/ -->\n<title>Situation<\/title>\n<meta name=\"robots\" content=\"index, follow, max-snippet:-1, max-image-preview:large, max-video-preview:-1\" \/>\n<link rel=\"canonical\" href=\"https:\/\/behostels.com\/fr\/zaragoza\/situation\/\" \/>\n<meta property=\"og:locale\" content=\"fr_FR\" \/>\n<meta property=\"og:type\" content=\"article\" \/>\n<meta property=\"og:title\" content=\"Situation\" \/>\n<meta property=\"og:description\" content=\"L&rsquo;auberge Saragosse est au c\u0153ur de la ville, dans la vieille ville, une partie tr\u00e8s importante, et est l&rsquo;un des monuments de la ville. 2 minutes de la Plaza del Pilar 2 minutes de la \u00ab\u00a0Casco Viejo\u00a0\u00bb Zone (zone d&rsquo;op\u00e9ration) A c\u00f4t\u00e9 de l&rsquo;Ebre Rio 3 minutes du m\u00e9tro (Zone de Tapas) 10 minutes de [&hellip;]\" \/>\n<meta property=\"og:url\" content=\"https:\/\/behostels.com\/fr\/zaragoza\/situation\/\" \/>\n<meta property=\"og:site_name\" content=\"Be Hostels\" \/>\n<meta property=\"article:modified_time\" content=\"2015-07-27T10:02:23+00:00\" \/>\n<meta name=\"twitter:card\" content=\"summary_large_image\" \/>\n<meta name=\"twitter:label1\" content=\"Dur\u00e9e de lecture estim\u00e9e\" \/>\n\t<meta name=\"twitter:data1\" content=\"1 minute\" \/>\n<script type=\"application\/ld+json\" class=\"yoast-schema-graph\">{\"@context\":\"https:\/\/schema.org\",\"@graph\":[{\"@type\":\"WebPage\",\"@id\":\"https:\/\/behostels.com\/fr\/zaragoza\/situation\/\",\"url\":\"https:\/\/behostels.com\/fr\/zaragoza\/situation\/\",\"name\":\"Situation\",\"isPartOf\":{\"@id\":\"https:\/\/behostels.com\/fr\/#website\"},\"datePublished\":\"2015-06-11T10:40:11+00:00\",\"dateModified\":\"2015-07-27T10:02:23+00:00\",\"breadcrumb\":{\"@id\":\"https:\/\/behostels.com\/fr\/zaragoza\/situation\/#breadcrumb\"},\"inLanguage\":\"fr-FR\",\"potentialAction\":[{\"@type\":\"ReadAction\",\"target\":[\"https:\/\/behostels.com\/fr\/zaragoza\/situation\/\"]}]},{\"@type\":\"BreadcrumbList\",\"@id\":\"https:\/\/behostels.com\/fr\/zaragoza\/situation\/#breadcrumb\",\"itemListElement\":[{\"@type\":\"ListItem\",\"position\":1,\"name\":\"Home\",\"item\":\"https:\/\/behostels.com\/fr\/\"},{\"@type\":\"ListItem\",\"position\":2,\"name\":\"Be Hostels Zaragoza, votre auberge de jeunesse pr\u00e8s de la Plaza del Pilar\",\"item\":\"https:\/\/behostels.com\/fr\/zaragoza\/\"},{\"@type\":\"ListItem\",\"position\":3,\"name\":\"Situation\"}]},{\"@type\":\"WebSite\",\"@id\":\"https:\/\/behostels.com\/fr\/#website\",\"url\":\"https:\/\/behostels.com\/fr\/\",\"name\":\"Be Hostels\",\"description\":\"\",\"publisher\":{\"@id\":\"https:\/\/behostels.com\/fr\/#organization\"},\"potentialAction\":[{\"@type\":\"SearchAction\",\"target\":{\"@type\":\"EntryPoint\",\"urlTemplate\":\"https:\/\/behostels.com\/fr\/?s={search_term_string}\"},\"query-input\":\"required name=search_term_string\"}],\"inLanguage\":\"fr-FR\"},{\"@type\":\"Organization\",\"@id\":\"https:\/\/behostels.com\/fr\/#organization\",\"name\":\"Be Hostels\",\"url\":\"https:\/\/behostels.com\/fr\/\",\"logo\":{\"@type\":\"ImageObject\",\"inLanguage\":\"fr-FR\",\"@id\":\"https:\/\/behostels.com\/fr\/#\/schema\/logo\/image\/\",\"url\":\"https:\/\/behostels.com\/wp-content\/uploads\/2015\/06\/be_reservations_logo.jpg\",\"contentUrl\":\"https:\/\/behostels.com\/wp-content\/uploads\/2015\/06\/be_reservations_logo.jpg\",\"width\":130,\"height\":130,\"caption\":\"Be Hostels\"},\"image\":{\"@id\":\"https:\/\/behostels.com\/fr\/#\/schema\/logo\/image\/\"}}]}<\/script>\n<!-- \/ Yoast SEO plugin. -->","yoast_head_json":{"title":"Situation","robots":{"index":"index","follow":"follow","max-snippet":"max-snippet:-1","max-image-preview":"max-image-preview:large","max-video-preview":"max-video-preview:-1"},"canonical":"https:\/\/behostels.com\/fr\/zaragoza\/situation\/","og_locale":"fr_FR","og_type":"article","og_title":"Situation","og_description":"L&rsquo;auberge Saragosse est au c\u0153ur de la ville, dans la vieille ville, une partie tr\u00e8s importante, et est l&rsquo;un des monuments de la ville. 2 minutes de la Plaza del Pilar 2 minutes de la \u00ab\u00a0Casco Viejo\u00a0\u00bb Zone (zone d&rsquo;op\u00e9ration) A c\u00f4t\u00e9 de l&rsquo;Ebre Rio 3 minutes du m\u00e9tro (Zone de Tapas) 10 minutes de [&hellip;]","og_url":"https:\/\/behostels.com\/fr\/zaragoza\/situation\/","og_site_name":"Be Hostels","article_modified_time":"2015-07-27T10:02:23+00:00","twitter_card":"summary_large_image","twitter_misc":{"Dur\u00e9e de lecture estim\u00e9e":"1 minute"},"schema":{"@context":"https:\/\/schema.org","@graph":[{"@type":"WebPage","@id":"https:\/\/behostels.com\/fr\/zaragoza\/situation\/","url":"https:\/\/behostels.com\/fr\/zaragoza\/situation\/","name":"Situation","isPartOf":{"@id":"https:\/\/behostels.com\/fr\/#website"},"datePublished":"2015-06-11T10:40:11+00:00","dateModified":"2015-07-27T10:02:23+00:00","breadcrumb":{"@id":"https:\/\/behostels.com\/fr\/zaragoza\/situation\/#breadcrumb"},"inLanguage":"fr-FR","potentialAction":[{"@type":"ReadAction","target":["https:\/\/behostels.com\/fr\/zaragoza\/situation\/"]}]},{"@type":"BreadcrumbList","@id":"https:\/\/behostels.com\/fr\/zaragoza\/situation\/#breadcrumb","itemListElement":[{"@type":"ListItem","position":1,"name":"Home","item":"https:\/\/behostels.com\/fr\/"},{"@type":"ListItem","position":2,"name":"Be Hostels Zaragoza, votre auberge de jeunesse pr\u00e8s de la Plaza del Pilar","item":"https:\/\/behostels.com\/fr\/zaragoza\/"},{"@type":"ListItem","position":3,"name":"Situation"}]},{"@type":"WebSite","@id":"https:\/\/behostels.com\/fr\/#website","url":"https:\/\/behostels.com\/fr\/","name":"Be Hostels","description":"","publisher":{"@id":"https:\/\/behostels.com\/fr\/#organization"},"potentialAction":[{"@type":"SearchAction","target":{"@type":"EntryPoint","urlTemplate":"https:\/\/behostels.com\/fr\/?s={search_term_string}"},"query-input":"required name=search_term_string"}],"inLanguage":"fr-FR"},{"@type":"Organization","@id":"https:\/\/behostels.com\/fr\/#organization","name":"Be Hostels","url":"https:\/\/behostels.com\/fr\/","logo":{"@type":"ImageObject","inLanguage":"fr-FR","@id":"https:\/\/behostels.com\/fr\/#\/schema\/logo\/image\/","url":"https:\/\/behostels.com\/wp-content\/uploads\/2015\/06\/be_reservations_logo.jpg","contentUrl":"https:\/\/behostels.com\/wp-content\/uploads\/2015\/06\/be_reservations_logo.jpg","width":130,"height":130,"caption":"Be Hostels"},"image":{"@id":"https:\/\/behostels.com\/fr\/#\/schema\/logo\/image\/"}}]}},"_links":{"self":[{"href":"https:\/\/behostels.com\/fr\/wp-json\/wp\/v2\/pages\/335"}],"collection":[{"href":"https:\/\/behostels.com\/fr\/wp-json\/wp\/v2\/pages"}],"about":[{"href":"https:\/\/behostels.com\/fr\/wp-json\/wp\/v2\/types\/page"}],"author":[{"embeddable":true,"href":"https:\/\/behostels.com\/fr\/wp-json\/wp\/v2\/users\/1"}],"replies":[{"embeddable":true,"href":"https:\/\/behostels.com\/fr\/wp-json\/wp\/v2\/comments?post=335"}],"version-history":[{"count":0,"href":"https:\/\/behostels.com\/fr\/wp-json\/wp\/v2\/pages\/335\/revisions"}],"up":[{"embeddable":true,"href":"https:\/\/behostels.com\/fr\/wp-json\/wp\/v2\/pages\/320"}],"wp:attachment":[{"href":"https:\/\/behostels.com\/fr\/wp-json\/wp\/v2\/media?parent=335"}],"curies":[{"name":"wp","href":"https:\/\/api.w.org\/{rel}","templated":true}]}}