{"id":320,"date":"2015-06-10T14:34:09","date_gmt":"2015-06-10T14:34:09","guid":{"rendered":"https:\/\/behostels.com\/?page_id=320"},"modified":"2015-11-25T13:23:13","modified_gmt":"2015-11-25T13:23:13","slug":"zaragoza","status":"publish","type":"page","link":"https:\/\/behostels.com\/fr\/zaragoza\/","title":{"rendered":"Be Hostels Zaragoza, votre auberge de jeunesse pr\u00e8s de la Plaza del Pilar"},"content":{"rendered":"<div class=\"uk-grid\">\r\n<div class=\"uk-width-large-1-2 uk-width-medium-1-2 uk-width-small-1-1\">\r\n<h2>Zaragoza est une ville importante situ\u00e9e entre Madrid et Barcelone qui dispose de nombreuses attractions pour satisfaire votre curiosit\u00e9 dan la culture, la gastronomie, le mode de vie et l\u2019histore. <\/h2>\r\n<\/div>\r\n<div class=\"uk-width-large-1-2 uk-width-medium-1-2 uk-width-small-1-1\">\r\n<a href=\"https:\/\/behostels.com\/wp-content\/uploads\/2015\/11\/zaragozamap.jpg\"><img loading=\"lazy\" decoding=\"async\" width=\"460\" height=\"300\" src=\"https:\/\/behostels.com\/wp-content\/uploads\/2015\/11\/zaragozamap.jpg\" alt=\"zaragozamap\" class=\"alignnone size-full wp-image-3201\" srcset=\"https:\/\/behostels.com\/wp-content\/uploads\/2015\/11\/zaragozamap.jpg 460w, https:\/\/behostels.com\/wp-content\/uploads\/2015\/11\/zaragozamap-300x196.jpg 300w\" sizes=\"(max-width: 460px) 100vw, 460px\" \/><\/a>\r\n<\/div>\r\n<\/div>\r\n<p>L\u2019emplacement de l\u2019auberge <a href=\"http:\/\/www.behostels.com\/zaragoza\" title=\"Be Zaragoza Hostel\"><strong>Be Hostel Zaragoza <\/strong><\/a> dans le centre historique <strong>pr\u00e8s de la Place du Pilar<\/strong>, est optimal pour vous faciliter les visites touristiques.<\/p>\r\n\r\n<p>Mais il y a plus que l\u2019emplacement. Dans le sous-sol vous pourrez profiter gratuitement de pi\u00e8ces de th\u00e9atre, spectacles, concerts et bien plus encore.\r\nCette <strong>auberge de jeunesse<\/strong> est situ\u00e9e dans un palais de style Renaissance du 15\u00e8me si\u00e8cle richement <strong>d\u00e9cor\u00e9 et modernis\u00e9 pour le confort  de nos visiteurs<\/strong> avec tous les services indispensables et l\u2019aide de notre personnel comp\u00e9tent. <\/p>\r\n\n\n<div id=\"wk-grid350\" class=\"uk-grid-width-1-1 uk-grid-width-medium-1-3 uk-grid uk-grid-match uk-grid-medium uk-text-center \" data-uk-grid-match=\"{target:'> div > .uk-panel', row:true}\" data-uk-grid-margin  data-uk-scrollspy=\"{cls:'uk-animation-fade uk-invisible', target:'> div > .uk-panel', delay:300}\">\n\n\n    <div>\n        <div class=\"uk-panel uk-invisible\">\n\n            \n            \n                        <div class=\"uk-text-center uk-panel-teaser\"><div class=\"uk-overlay uk-overlay-hover uk-border-circle\"><img loading=\"lazy\" decoding=\"async\" src=\"\/wp-content\/uploads\/2015\/07\/discover-zaragoza.jpg\" class=\"uk-border-circle uk-overlay-scale\" alt=\"D\u00e9couvrez la ville de Saragosse\" width=\"600\" height=\"600\"><div class=\"uk-overlay-panel uk-overlay-background uk-overlay-icon uk-overlay-fade\"><\/div><a class=\"uk-position-cover\" href=\"http:\/\/behostels.com\/fr\/zaragoza\/situation\/\" title=\"D\u00e9couvrez la ville de Saragosse\"><\/a><\/div><\/div>\n            \n            \n            \n            \n            \n                        <div class=\"uk-margin\">D\u00e9couvrez la ville de Saragosse<\/div>\n            \n            \n            \n            \n        <\/div>\n    <\/div>\n\n\n    <div>\n        <div class=\"uk-panel uk-invisible\">\n\n            \n            \n                        <div class=\"uk-text-center uk-panel-teaser\"><div class=\"uk-overlay uk-overlay-hover uk-border-circle\"><img loading=\"lazy\" decoding=\"async\" src=\"\/wp-content\/uploads\/2015\/07\/zaragoza-concerts.jpg\" class=\"uk-border-circle uk-overlay-scale\" alt=\"Joignez-vous \u00e0 nos concerts et des \u00e9v\u00e9nements!\" width=\"600\" height=\"600\"><div class=\"uk-overlay-panel uk-overlay-background uk-overlay-icon uk-overlay-fade\"><\/div><a class=\"uk-position-cover\" href=\"http:\/\/behostels.com\/fr\/zaragoza\/equipements\/\" title=\"Joignez-vous \u00e0 nos concerts et des \u00e9v\u00e9nements!\"><\/a><\/div><\/div>\n            \n            \n            \n            \n            \n                        <div class=\"uk-margin\">Joignez-vous \u00e0 nos concerts et des \u00e9v\u00e9nements!<\/div>\n            \n            \n            \n            \n        <\/div>\n    <\/div>\n\n\n    <div>\n        <div class=\"uk-panel uk-invisible\">\n\n            \n            \n                        <div class=\"uk-text-center uk-panel-teaser\"><div class=\"uk-overlay uk-overlay-hover uk-border-circle\"><img loading=\"lazy\" decoding=\"async\" src=\"\/wp-content\/uploads\/2015\/07\/historic-building.jpg\" class=\"uk-border-circle uk-overlay-scale\" alt=\"B\u00e2timent historique de 1500\" width=\"600\" height=\"600\"><div class=\"uk-overlay-panel uk-overlay-background uk-overlay-icon uk-overlay-fade\"><\/div><a class=\"uk-position-cover\" href=\"http:\/\/behostels.com\/fr\/zaragoza\/situation\/\" title=\"B\u00e2timent historique de 1500\"><\/a><\/div><\/div>\n            \n            \n            \n            \n            \n                        <div class=\"uk-margin\">B\u00e2timent historique de 1500<\/div>\n            \n            \n            \n            \n        <\/div>\n    <\/div>\n\n\n<\/div>\n\n<script>\n(function($){\n\n    \/\/ get the images of the gallery and replace it by a canvas of the same size to fix the problem with overlapping images on load.\n    $('img[width][height]:not(.uk-overlay-panel)', $('#wk-grid350')).each(function() {\n\n        var $img = $(this);\n\n        if (this.width == 'auto' || this.height == 'auto' || !$img.is(':visible')) {\n            return;\n        }\n\n        var $canvas = $('<canvas class=\"uk-responsive-width\"><\/canvas>').attr({width:$img.attr('width'), height:$img.attr('height')}),\n            img = new Image,\n            release = function() {\n                $canvas.remove();\n                $img.css('display', '');\n                release = function(){};\n            };\n\n        $img.css('display', 'none').after($canvas);\n\n        $(img).on('load', function(){ release(); });\n        setTimeout(function(){ release(); }, 1000);\n\n        img.src = this.src;\n\n    });\n\n})(jQuery);\n<\/script>\n\r\n\r\n<h3 class=\"fantasy\">Le plaisir de s\u00e9journer au <a href=\"https:\/\/behostels.com\/zaragoza\/\">Be Hostels Zaragoza<\/a> inclut: <\/h3>\r\n<div class=\"uk-grid\">\r\n<div class=\"uk-width-large-1-2 uk-width-medium-1-2 uk-width-small-1-1\">\r\n<ul>\r\n   <li>le personnel du Cabinet avec serrure magn\u00e9tique gratuitement.<\/li>\r\n   <li>couette libre.<\/li>\r\n   <li>Internet gratuit<\/li>\r\n   <li>Wifi gratuit<\/li>\r\n   <li>Cuisine libre.<\/li>\r\n   <li>Des cartes de la ville.<\/li>\r\n   <li>S\u00e9jour avec TV et DVD.<\/li>\r\n   <li>Jeux de soci\u00e9t\u00e9.<\/li>\r\n   <li>les amis de partout dans le monde.<\/li>\r\n<\/ul>\r\n<\/div>\r\n<div class=\"uk-width-large-1-2 uk-width-medium-1-2 uk-width-small-1-1\">\r\n<ul>\r\n   <li>Location de draps et serviettes.<\/li>\r\n   <li>Lave-linge.<\/li>\r\n   <li>Toutes sortes de machines alimentaires et des boissons.<\/li>\r\n   <li>Toutes sortes d&rsquo;activit\u00e9s d&rsquo;aventure et de loisirs<\/li>\r\n   <li>R\u00e9duction sur les th\u00e9\u00e2tres Saragosse<\/li>\r\n   <li>Concerts et rencontres litt\u00e9raires<\/li>\r\n   <li>Expositions<\/li>\r\n   <li>D\u00eener Dramatisation<\/li>\r\n   <li>R\u00e9duction sur Party DJ&rsquo;s<\/li>\r\n   <li>Jam session<\/li>\r\n<\/ul>\r\n<\/div>\r\n<\/div>\r\n<div class=\"uk-margin-large-top uk-text-center\">Au <a href=\"https:\/\/behostels.com\/zaragoza\/\"><strong>Be Hostels Zaragoza<\/strong><\/a>Be Hostels Zaragoza, nous nous effor\u00e7ons de vous faire sentir comme chez vous de sorte que vous revenez \u00e0 notre <a href=\"http:\/\/www.behostels.com\/zaragoza\" title=\"Be Zaragoza Hostel\"><strong>hostel de Zaragoza<\/strong><\/a>.<\/div>\r\n","protected":false},"excerpt":{"rendered":"<p>Zaragoza est une ville importante situ\u00e9e entre Madrid et Barcelone qui dispose de nombreuses attractions pour satisfaire votre curiosit\u00e9 dan la culture, la gastronomie, le mode de vie et l\u2019histore. L\u2019emplacement de l\u2019auberge Be Hostel Zaragoza dans le centre historique pr\u00e8s de la Place du Pilar, est optimal pour vous faciliter les visites touristiques. Mais [&hellip;]<\/p>\n","protected":false},"author":1,"featured_media":0,"parent":0,"menu_order":0,"comment_status":"closed","ping_status":"open","template":"","meta":{"footnotes":""},"yoast_head":"<!-- This site is optimized with the Yoast SEO plugin v22.7 - https:\/\/yoast.com\/wordpress\/plugins\/seo\/ -->\n<title>Be Hostels Zaragoza, votre auberge de jeunesse pr\u00e8s de la Plaza del Pilar<\/title>\n<meta name=\"robots\" content=\"index, follow, max-snippet:-1, max-image-preview:large, max-video-preview:-1\" \/>\n<link rel=\"canonical\" href=\"https:\/\/behostels.com\/fr\/zaragoza\/\" \/>\n<meta property=\"og:locale\" content=\"fr_FR\" \/>\n<meta property=\"og:type\" content=\"article\" \/>\n<meta property=\"og:title\" content=\"Be Hostels Zaragoza, votre auberge de jeunesse pr\u00e8s de la Plaza del Pilar\" \/>\n<meta property=\"og:description\" content=\"Zaragoza est une ville importante situ\u00e9e entre Madrid et Barcelone qui dispose de nombreuses attractions pour satisfaire votre curiosit\u00e9 dan la culture, la gastronomie, le mode de vie et l\u2019histore. L\u2019emplacement de l\u2019auberge Be Hostel Zaragoza dans le centre historique pr\u00e8s de la Place du Pilar, est optimal pour vous faciliter les visites touristiques. Mais [&hellip;]\" \/>\n<meta property=\"og:url\" content=\"https:\/\/behostels.com\/fr\/zaragoza\/\" \/>\n<meta property=\"og:site_name\" content=\"Be Hostels\" \/>\n<meta property=\"article:modified_time\" content=\"2015-11-25T13:23:13+00:00\" \/>\n<meta property=\"og:image\" content=\"https:\/\/behostels.com\/wp-content\/uploads\/2015\/11\/zaragozamap.jpg\" \/>\n<meta name=\"twitter:card\" content=\"summary_large_image\" \/>\n<meta name=\"twitter:label1\" content=\"Dur\u00e9e de lecture estim\u00e9e\" \/>\n\t<meta name=\"twitter:data1\" content=\"1 minute\" \/>\n<script type=\"application\/ld+json\" class=\"yoast-schema-graph\">{\"@context\":\"https:\/\/schema.org\",\"@graph\":[{\"@type\":\"WebPage\",\"@id\":\"https:\/\/behostels.com\/fr\/zaragoza\/\",\"url\":\"https:\/\/behostels.com\/fr\/zaragoza\/\",\"name\":\"Be Hostels Zaragoza, votre auberge de jeunesse pr\u00e8s de la Plaza del Pilar\",\"isPartOf\":{\"@id\":\"https:\/\/behostels.com\/fr\/#website\"},\"primaryImageOfPage\":{\"@id\":\"https:\/\/behostels.com\/fr\/zaragoza\/#primaryimage\"},\"image\":{\"@id\":\"https:\/\/behostels.com\/fr\/zaragoza\/#primaryimage\"},\"thumbnailUrl\":\"https:\/\/behostels.com\/wp-content\/uploads\/2015\/11\/zaragozamap.jpg\",\"datePublished\":\"2015-06-10T14:34:09+00:00\",\"dateModified\":\"2015-11-25T13:23:13+00:00\",\"breadcrumb\":{\"@id\":\"https:\/\/behostels.com\/fr\/zaragoza\/#breadcrumb\"},\"inLanguage\":\"fr-FR\",\"potentialAction\":[{\"@type\":\"ReadAction\",\"target\":[\"https:\/\/behostels.com\/fr\/zaragoza\/\"]}]},{\"@type\":\"ImageObject\",\"inLanguage\":\"fr-FR\",\"@id\":\"https:\/\/behostels.com\/fr\/zaragoza\/#primaryimage\",\"url\":\"https:\/\/behostels.com\/wp-content\/uploads\/2015\/11\/zaragozamap.jpg\",\"contentUrl\":\"https:\/\/behostels.com\/wp-content\/uploads\/2015\/11\/zaragozamap.jpg\"},{\"@type\":\"BreadcrumbList\",\"@id\":\"https:\/\/behostels.com\/fr\/zaragoza\/#breadcrumb\",\"itemListElement\":[{\"@type\":\"ListItem\",\"position\":1,\"name\":\"Home\",\"item\":\"https:\/\/behostels.com\/fr\/\"},{\"@type\":\"ListItem\",\"position\":2,\"name\":\"Be Hostels Zaragoza, votre auberge de jeunesse pr\u00e8s de la Plaza del Pilar\"}]},{\"@type\":\"WebSite\",\"@id\":\"https:\/\/behostels.com\/fr\/#website\",\"url\":\"https:\/\/behostels.com\/fr\/\",\"name\":\"Be Hostels\",\"description\":\"\",\"publisher\":{\"@id\":\"https:\/\/behostels.com\/fr\/#organization\"},\"potentialAction\":[{\"@type\":\"SearchAction\",\"target\":{\"@type\":\"EntryPoint\",\"urlTemplate\":\"https:\/\/behostels.com\/fr\/?s={search_term_string}\"},\"query-input\":\"required name=search_term_string\"}],\"inLanguage\":\"fr-FR\"},{\"@type\":\"Organization\",\"@id\":\"https:\/\/behostels.com\/fr\/#organization\",\"name\":\"Be Hostels\",\"url\":\"https:\/\/behostels.com\/fr\/\",\"logo\":{\"@type\":\"ImageObject\",\"inLanguage\":\"fr-FR\",\"@id\":\"https:\/\/behostels.com\/fr\/#\/schema\/logo\/image\/\",\"url\":\"https:\/\/behostels.com\/wp-content\/uploads\/2015\/06\/be_reservations_logo.jpg\",\"contentUrl\":\"https:\/\/behostels.com\/wp-content\/uploads\/2015\/06\/be_reservations_logo.jpg\",\"width\":130,\"height\":130,\"caption\":\"Be Hostels\"},\"image\":{\"@id\":\"https:\/\/behostels.com\/fr\/#\/schema\/logo\/image\/\"}}]}<\/script>\n<!-- \/ Yoast SEO plugin. -->","yoast_head_json":{"title":"Be Hostels Zaragoza, votre auberge de jeunesse pr\u00e8s de la Plaza del Pilar","robots":{"index":"index","follow":"follow","max-snippet":"max-snippet:-1","max-image-preview":"max-image-preview:large","max-video-preview":"max-video-preview:-1"},"canonical":"https:\/\/behostels.com\/fr\/zaragoza\/","og_locale":"fr_FR","og_type":"article","og_title":"Be Hostels Zaragoza, votre auberge de jeunesse pr\u00e8s de la Plaza del Pilar","og_description":"Zaragoza est une ville importante situ\u00e9e entre Madrid et Barcelone qui dispose de nombreuses attractions pour satisfaire votre curiosit\u00e9 dan la culture, la gastronomie, le mode de vie et l\u2019histore. L\u2019emplacement de l\u2019auberge Be Hostel Zaragoza dans le centre historique pr\u00e8s de la Place du Pilar, est optimal pour vous faciliter les visites touristiques. Mais [&hellip;]","og_url":"https:\/\/behostels.com\/fr\/zaragoza\/","og_site_name":"Be Hostels","article_modified_time":"2015-11-25T13:23:13+00:00","og_image":[{"url":"https:\/\/behostels.com\/wp-content\/uploads\/2015\/11\/zaragozamap.jpg"}],"twitter_card":"summary_large_image","twitter_misc":{"Dur\u00e9e de lecture estim\u00e9e":"1 minute"},"schema":{"@context":"https:\/\/schema.org","@graph":[{"@type":"WebPage","@id":"https:\/\/behostels.com\/fr\/zaragoza\/","url":"https:\/\/behostels.com\/fr\/zaragoza\/","name":"Be Hostels Zaragoza, votre auberge de jeunesse pr\u00e8s de la Plaza del Pilar","isPartOf":{"@id":"https:\/\/behostels.com\/fr\/#website"},"primaryImageOfPage":{"@id":"https:\/\/behostels.com\/fr\/zaragoza\/#primaryimage"},"image":{"@id":"https:\/\/behostels.com\/fr\/zaragoza\/#primaryimage"},"thumbnailUrl":"https:\/\/behostels.com\/wp-content\/uploads\/2015\/11\/zaragozamap.jpg","datePublished":"2015-06-10T14:34:09+00:00","dateModified":"2015-11-25T13:23:13+00:00","breadcrumb":{"@id":"https:\/\/behostels.com\/fr\/zaragoza\/#breadcrumb"},"inLanguage":"fr-FR","potentialAction":[{"@type":"ReadAction","target":["https:\/\/behostels.com\/fr\/zaragoza\/"]}]},{"@type":"ImageObject","inLanguage":"fr-FR","@id":"https:\/\/behostels.com\/fr\/zaragoza\/#primaryimage","url":"https:\/\/behostels.com\/wp-content\/uploads\/2015\/11\/zaragozamap.jpg","contentUrl":"https:\/\/behostels.com\/wp-content\/uploads\/2015\/11\/zaragozamap.jpg"},{"@type":"BreadcrumbList","@id":"https:\/\/behostels.com\/fr\/zaragoza\/#breadcrumb","itemListElement":[{"@type":"ListItem","position":1,"name":"Home","item":"https:\/\/behostels.com\/fr\/"},{"@type":"ListItem","position":2,"name":"Be Hostels Zaragoza, votre auberge de jeunesse pr\u00e8s de la Plaza del Pilar"}]},{"@type":"WebSite","@id":"https:\/\/behostels.com\/fr\/#website","url":"https:\/\/behostels.com\/fr\/","name":"Be Hostels","description":"","publisher":{"@id":"https:\/\/behostels.com\/fr\/#organization"},"potentialAction":[{"@type":"SearchAction","target":{"@type":"EntryPoint","urlTemplate":"https:\/\/behostels.com\/fr\/?s={search_term_string}"},"query-input":"required name=search_term_string"}],"inLanguage":"fr-FR"},{"@type":"Organization","@id":"https:\/\/behostels.com\/fr\/#organization","name":"Be Hostels","url":"https:\/\/behostels.com\/fr\/","logo":{"@type":"ImageObject","inLanguage":"fr-FR","@id":"https:\/\/behostels.com\/fr\/#\/schema\/logo\/image\/","url":"https:\/\/behostels.com\/wp-content\/uploads\/2015\/06\/be_reservations_logo.jpg","contentUrl":"https:\/\/behostels.com\/wp-content\/uploads\/2015\/06\/be_reservations_logo.jpg","width":130,"height":130,"caption":"Be Hostels"},"image":{"@id":"https:\/\/behostels.com\/fr\/#\/schema\/logo\/image\/"}}]}},"_links":{"self":[{"href":"https:\/\/behostels.com\/fr\/wp-json\/wp\/v2\/pages\/320"}],"collection":[{"href":"https:\/\/behostels.com\/fr\/wp-json\/wp\/v2\/pages"}],"about":[{"href":"https:\/\/behostels.com\/fr\/wp-json\/wp\/v2\/types\/page"}],"author":[{"embeddable":true,"href":"https:\/\/behostels.com\/fr\/wp-json\/wp\/v2\/users\/1"}],"replies":[{"embeddable":true,"href":"https:\/\/behostels.com\/fr\/wp-json\/wp\/v2\/comments?post=320"}],"version-history":[{"count":0,"href":"https:\/\/behostels.com\/fr\/wp-json\/wp\/v2\/pages\/320\/revisions"}],"wp:attachment":[{"href":"https:\/\/behostels.com\/fr\/wp-json\/wp\/v2\/media?parent=320"}],"curies":[{"name":"wp","href":"https:\/\/api.w.org\/{rel}","templated":true}]}}