{"id":305,"date":"2015-06-10T14:14:28","date_gmt":"2015-06-10T14:14:28","guid":{"rendered":"https:\/\/behostels.com\/?page_id=305"},"modified":"2015-09-17T15:34:59","modified_gmt":"2015-09-17T15:34:59","slug":"equipements","status":"publish","type":"page","link":"https:\/\/behostels.com\/fr\/ramblas\/equipements\/","title":{"rendered":"Barcelona Ramblas Hotel \u00c8quipements"},"content":{"rendered":"<h2 class=\"fantasy\">Toutes les grandes et cher activit\u00e9s que vous pouvez trouver \u00e0 <a href=\"http:\/\/www.behostels.com\/ramblas\" class=\"invisible\">Be Ramblas Hotel<\/a> pour profiter de votre s\u00e9jour \u00e0 Barcelone! Nos visiteurs disposent automatiquement de:<\/h2>\r\n<div class=\"uk-grid\">\r\n<div class=\"uk-width-large-1-2 uk-width-medium-1-2 uk-width-small-1-1\">\r\n<ul>\r\n  <li>Tour \u00e0 pied Gratuite<\/li>\r\n  <li>Acc\u00e8s \u00e0 internet Gratuit<\/li>\r\n  <li>Wifi Gratuit<\/li>\r\n  <li>Plan Gratuit<\/li>\r\n  <li>Cuisine \u00e0 disposition des voyageurs<\/li>\r\n  <li>Plan Gratuit<\/li>\r\n  <li>Auberge et r\u00e9ception ouverts 24h<\/li>\r\n<\/ul>\r\n<\/div>\r\n<div class=\"uk-width-large-1-2 uk-width-medium-1-2 uk-width-small-1-1\">\r\n<ul>\r\n    \r\n    <li>Salle commune tr\u00e8s agr\u00e9able<\/li>\r\n    <li>Climatisation et chauffage<\/li>\r\n    <li>Activit\u00e9s tous les jours: la soir\u00e9e des tapas, celle du flamenco, pub crawls<\/li>\r\n    <li>\u00c9quipe internationale toujours pr\u00eate \u00e0 vous aider<\/li>\r\n     <li>Possibilit\u00e9 de nous laisser vos valises apr\u00e8s avoir lib\u00e9r\u00e9 la chambre<\/li>\r\n<\/ul>\r\n<\/div>\r\n<\/div>\r\n<br \/>\r\n<br \/>\r\n<iframe loading=\"lazy\" width=\"920\" height=\"600\" frameborder=\"0\" scrolling=\"no\" marginheight=\"0\" marginwidth=\"0\" src=\"https:\/\/www.google.es\/maps?layer=c&amp;sll=41.37755000000001,2.172612&amp;cid=-3426556670947118056&amp;panoid=bvfH1JYdJHcAAAAGOixlwg&amp;cbp=13,324.81,,0,0&amp;q=be+ramblas&amp;ie=UTF8&amp;hq=be+ramblas&amp;hnear=&amp;t=m&amp;cbll=41.377549,2.172486&amp;source=embed&amp;ll=41.373532,2.173769&amp;spn=0.009661,0.019741&amp;z=16&amp;output=svembed\"><\/iframe><br \/>","protected":false},"excerpt":{"rendered":"<p>Toutes les grandes et cher activit\u00e9s que vous pouvez trouver \u00e0 Be Ramblas Hotel pour profiter de votre s\u00e9jour \u00e0 Barcelone! Nos visiteurs disposent automatiquement de: Tour \u00e0 pied Gratuite Acc\u00e8s \u00e0 internet Gratuit Wifi Gratuit Plan Gratuit Cuisine \u00e0 disposition des voyageurs Plan Gratuit Auberge et r\u00e9ception ouverts 24h Salle commune tr\u00e8s agr\u00e9able Climatisation [&hellip;]<\/p>\n","protected":false},"author":1,"featured_media":0,"parent":258,"menu_order":0,"comment_status":"closed","ping_status":"closed","template":"","meta":{"footnotes":""},"yoast_head":"<!-- This site is optimized with the Yoast SEO plugin v22.7 - https:\/\/yoast.com\/wordpress\/plugins\/seo\/ -->\n<title>\u00c8quipements Be Ramblas Hotel<\/title>\n<meta name=\"description\" content=\"Vous pouvez trouver tout ce dont vous avez besoin \u00e0 Be Ramblas Hotel \u00e0 Barcelone!\" \/>\n<meta name=\"robots\" content=\"index, follow, max-snippet:-1, max-image-preview:large, max-video-preview:-1\" \/>\n<link rel=\"canonical\" href=\"https:\/\/behostels.com\/fr\/ramblas\/equipements\/\" \/>\n<meta property=\"og:locale\" content=\"fr_FR\" \/>\n<meta property=\"og:type\" content=\"article\" \/>\n<meta property=\"og:title\" content=\"\u00c8quipements Be Ramblas Hotel\" \/>\n<meta property=\"og:description\" content=\"Vous pouvez trouver tout ce dont vous avez besoin \u00e0 Be Ramblas Hotel \u00e0 Barcelone!\" \/>\n<meta property=\"og:url\" content=\"https:\/\/behostels.com\/fr\/ramblas\/equipements\/\" \/>\n<meta property=\"og:site_name\" content=\"Be Hostels\" \/>\n<meta property=\"article:modified_time\" content=\"2015-09-17T15:34:59+00:00\" \/>\n<meta name=\"twitter:card\" content=\"summary_large_image\" \/>\n<script type=\"application\/ld+json\" class=\"yoast-schema-graph\">{\"@context\":\"https:\/\/schema.org\",\"@graph\":[{\"@type\":\"WebPage\",\"@id\":\"https:\/\/behostels.com\/fr\/ramblas\/equipements\/\",\"url\":\"https:\/\/behostels.com\/fr\/ramblas\/equipements\/\",\"name\":\"\u00c8quipements Be Ramblas Hotel\",\"isPartOf\":{\"@id\":\"https:\/\/behostels.com\/fr\/#website\"},\"datePublished\":\"2015-06-10T14:14:28+00:00\",\"dateModified\":\"2015-09-17T15:34:59+00:00\",\"description\":\"Vous pouvez trouver tout ce dont vous avez besoin \u00e0 Be Ramblas Hotel \u00e0 Barcelone!\",\"breadcrumb\":{\"@id\":\"https:\/\/behostels.com\/fr\/ramblas\/equipements\/#breadcrumb\"},\"inLanguage\":\"fr-FR\",\"potentialAction\":[{\"@type\":\"ReadAction\",\"target\":[\"https:\/\/behostels.com\/fr\/ramblas\/equipements\/\"]}]},{\"@type\":\"BreadcrumbList\",\"@id\":\"https:\/\/behostels.com\/fr\/ramblas\/equipements\/#breadcrumb\",\"itemListElement\":[{\"@type\":\"ListItem\",\"position\":1,\"name\":\"Home\",\"item\":\"https:\/\/behostels.com\/fr\/\"},{\"@type\":\"ListItem\",\"position\":2,\"name\":\"Auberge de jeunesse \u00e9conomique en plein centre de Barcelone: Be Ramblas Hotel Barcelona\",\"item\":\"https:\/\/behostels.com\/fr\/ramblas\/\"},{\"@type\":\"ListItem\",\"position\":3,\"name\":\"Barcelona Ramblas Hotel \u00c8quipements\"}]},{\"@type\":\"WebSite\",\"@id\":\"https:\/\/behostels.com\/fr\/#website\",\"url\":\"https:\/\/behostels.com\/fr\/\",\"name\":\"Be Hostels\",\"description\":\"\",\"publisher\":{\"@id\":\"https:\/\/behostels.com\/fr\/#organization\"},\"potentialAction\":[{\"@type\":\"SearchAction\",\"target\":{\"@type\":\"EntryPoint\",\"urlTemplate\":\"https:\/\/behostels.com\/fr\/?s={search_term_string}\"},\"query-input\":\"required name=search_term_string\"}],\"inLanguage\":\"fr-FR\"},{\"@type\":\"Organization\",\"@id\":\"https:\/\/behostels.com\/fr\/#organization\",\"name\":\"Be Hostels\",\"url\":\"https:\/\/behostels.com\/fr\/\",\"logo\":{\"@type\":\"ImageObject\",\"inLanguage\":\"fr-FR\",\"@id\":\"https:\/\/behostels.com\/fr\/#\/schema\/logo\/image\/\",\"url\":\"https:\/\/behostels.com\/wp-content\/uploads\/2015\/06\/be_reservations_logo.jpg\",\"contentUrl\":\"https:\/\/behostels.com\/wp-content\/uploads\/2015\/06\/be_reservations_logo.jpg\",\"width\":130,\"height\":130,\"caption\":\"Be Hostels\"},\"image\":{\"@id\":\"https:\/\/behostels.com\/fr\/#\/schema\/logo\/image\/\"}}]}<\/script>\n<!-- \/ Yoast SEO plugin. -->","yoast_head_json":{"title":"\u00c8quipements Be Ramblas Hotel","description":"Vous pouvez trouver tout ce dont vous avez besoin \u00e0 Be Ramblas Hotel \u00e0 Barcelone!","robots":{"index":"index","follow":"follow","max-snippet":"max-snippet:-1","max-image-preview":"max-image-preview:large","max-video-preview":"max-video-preview:-1"},"canonical":"https:\/\/behostels.com\/fr\/ramblas\/equipements\/","og_locale":"fr_FR","og_type":"article","og_title":"\u00c8quipements Be Ramblas Hotel","og_description":"Vous pouvez trouver tout ce dont vous avez besoin \u00e0 Be Ramblas Hotel \u00e0 Barcelone!","og_url":"https:\/\/behostels.com\/fr\/ramblas\/equipements\/","og_site_name":"Be Hostels","article_modified_time":"2015-09-17T15:34:59+00:00","twitter_card":"summary_large_image","schema":{"@context":"https:\/\/schema.org","@graph":[{"@type":"WebPage","@id":"https:\/\/behostels.com\/fr\/ramblas\/equipements\/","url":"https:\/\/behostels.com\/fr\/ramblas\/equipements\/","name":"\u00c8quipements Be Ramblas Hotel","isPartOf":{"@id":"https:\/\/behostels.com\/fr\/#website"},"datePublished":"2015-06-10T14:14:28+00:00","dateModified":"2015-09-17T15:34:59+00:00","description":"Vous pouvez trouver tout ce dont vous avez besoin \u00e0 Be Ramblas Hotel \u00e0 Barcelone!","breadcrumb":{"@id":"https:\/\/behostels.com\/fr\/ramblas\/equipements\/#breadcrumb"},"inLanguage":"fr-FR","potentialAction":[{"@type":"ReadAction","target":["https:\/\/behostels.com\/fr\/ramblas\/equipements\/"]}]},{"@type":"BreadcrumbList","@id":"https:\/\/behostels.com\/fr\/ramblas\/equipements\/#breadcrumb","itemListElement":[{"@type":"ListItem","position":1,"name":"Home","item":"https:\/\/behostels.com\/fr\/"},{"@type":"ListItem","position":2,"name":"Auberge de jeunesse \u00e9conomique en plein centre de Barcelone: Be Ramblas Hotel Barcelona","item":"https:\/\/behostels.com\/fr\/ramblas\/"},{"@type":"ListItem","position":3,"name":"Barcelona Ramblas Hotel \u00c8quipements"}]},{"@type":"WebSite","@id":"https:\/\/behostels.com\/fr\/#website","url":"https:\/\/behostels.com\/fr\/","name":"Be Hostels","description":"","publisher":{"@id":"https:\/\/behostels.com\/fr\/#organization"},"potentialAction":[{"@type":"SearchAction","target":{"@type":"EntryPoint","urlTemplate":"https:\/\/behostels.com\/fr\/?s={search_term_string}"},"query-input":"required name=search_term_string"}],"inLanguage":"fr-FR"},{"@type":"Organization","@id":"https:\/\/behostels.com\/fr\/#organization","name":"Be Hostels","url":"https:\/\/behostels.com\/fr\/","logo":{"@type":"ImageObject","inLanguage":"fr-FR","@id":"https:\/\/behostels.com\/fr\/#\/schema\/logo\/image\/","url":"https:\/\/behostels.com\/wp-content\/uploads\/2015\/06\/be_reservations_logo.jpg","contentUrl":"https:\/\/behostels.com\/wp-content\/uploads\/2015\/06\/be_reservations_logo.jpg","width":130,"height":130,"caption":"Be Hostels"},"image":{"@id":"https:\/\/behostels.com\/fr\/#\/schema\/logo\/image\/"}}]}},"_links":{"self":[{"href":"https:\/\/behostels.com\/fr\/wp-json\/wp\/v2\/pages\/305"}],"collection":[{"href":"https:\/\/behostels.com\/fr\/wp-json\/wp\/v2\/pages"}],"about":[{"href":"https:\/\/behostels.com\/fr\/wp-json\/wp\/v2\/types\/page"}],"author":[{"embeddable":true,"href":"https:\/\/behostels.com\/fr\/wp-json\/wp\/v2\/users\/1"}],"replies":[{"embeddable":true,"href":"https:\/\/behostels.com\/fr\/wp-json\/wp\/v2\/comments?post=305"}],"version-history":[{"count":0,"href":"https:\/\/behostels.com\/fr\/wp-json\/wp\/v2\/pages\/305\/revisions"}],"up":[{"embeddable":true,"href":"https:\/\/behostels.com\/fr\/wp-json\/wp\/v2\/pages\/258"}],"wp:attachment":[{"href":"https:\/\/behostels.com\/fr\/wp-json\/wp\/v2\/media?parent=305"}],"curies":[{"name":"wp","href":"https:\/\/api.w.org\/{rel}","templated":true}]}}