{"id":290,"date":"2015-06-10T14:02:23","date_gmt":"2015-06-10T14:02:23","guid":{"rendered":"https:\/\/behostels.com\/?page_id=290"},"modified":"2015-11-09T14:48:37","modified_gmt":"2015-11-09T14:48:37","slug":"chambres","status":"publish","type":"page","link":"https:\/\/behostels.com\/fr\/ramblas\/chambres\/","title":{"rendered":"Be Ramblas Hotel Chambres"},"content":{"rendered":"\n\n<div id=\"wk-grid57b\" class=\"uk-grid-width-1-1 uk-grid-width-medium-1-3 uk-grid uk-grid-match uk-grid-medium uk-text-center \" data-uk-grid-match=\"{target:'> div > .uk-panel', row:true}\" data-uk-grid-margin  data-uk-scrollspy=\"{cls:'uk-animation-fade uk-invisible', target:'> div > .uk-panel', delay:300}\">\n\n\n    <div>\n        <div class=\"uk-panel uk-invisible\">\n\n            \n            \n                        <div class=\"uk-text-center uk-panel-teaser\"><img loading=\"lazy\" decoding=\"async\" src=\"\/wp-content\/uploads\/2015\/11\/be-ramblas-hotel-barcelona-SingleRoom.jpg\" class=\"uk-border-circle uk-overlay-scale\" alt=\"Single Room\" width=\"600\" height=\"600\"><\/div>\n            \n            \n            \n            \n            \n                        <div class=\"uk-margin\"><a class=\"uk-button\" href=\"https:\/\/booking.behostels.com\/?day=23\/04\/2026&#038;nights=7&#038;hotel=ramblas\">Chambre Individuelle<\/a><\/div>\n            \n            \n            \n            \n        <\/div>\n    <\/div>\n\n\n    <div>\n        <div class=\"uk-panel uk-invisible\">\n\n            \n            \n                        <div class=\"uk-text-center uk-panel-teaser\"><img loading=\"lazy\" decoding=\"async\" src=\"\/wp-content\/uploads\/2015\/11\/be-ramblas-hotel-barcena-DoubleandTwinRoom.jpg\" class=\"uk-border-circle uk-overlay-scale\" alt=\"Double and Twin Room\" width=\"600\" height=\"600\"><\/div>\n            \n            \n            \n            \n            \n                        <div class=\"uk-margin\"><a class=\"uk-button\" href=\"https:\/\/booking.behostels.com\/?day=23\/04\/2026&#038;nights=7&#038;hotel=ramblas\">Chambre Double et Twin<\/a><\/div>\n            \n            \n            \n            \n        <\/div>\n    <\/div>\n\n\n    <div>\n        <div class=\"uk-panel uk-invisible\">\n\n            \n            \n                        <div class=\"uk-text-center uk-panel-teaser\"><img loading=\"lazy\" decoding=\"async\" src=\"\/wp-content\/uploads\/2015\/11\/be-ramblas-hotel-barcelona-TripleRoom.jpg\" class=\"uk-border-circle uk-overlay-scale\" alt=\"Triple Room\" width=\"600\" height=\"600\"><\/div>\n            \n            \n            \n            \n            \n                        <div class=\"uk-margin\"><a class=\"uk-button\" href=\"https:\/\/booking.behostels.com\/?day=23\/04\/2026&#038;nights=7&#038;hotel=ramblas\">Chambre Triple<\/a><\/div>\n            \n            \n            \n            \n        <\/div>\n    <\/div>\n\n\n<\/div>\n\n<script>\n(function($){\n\n    \/\/ get the images of the gallery and replace it by a canvas of the same size to fix the problem with overlapping images on load.\n    $('img[width][height]:not(.uk-overlay-panel)', $('#wk-grid57b')).each(function() {\n\n        var $img = $(this);\n\n        if (this.width == 'auto' || this.height == 'auto' || !$img.is(':visible')) {\n            return;\n        }\n\n        var $canvas = $('<canvas class=\"uk-responsive-width\"><\/canvas>').attr({width:$img.attr('width'), height:$img.attr('height')}),\n            img = new Image,\n            release = function() {\n                $canvas.remove();\n                $img.css('display', '');\n                release = function(){};\n            };\n\n        $img.css('display', 'none').after($canvas);\n\n        $(img).on('load', function(){ release(); });\n        setTimeout(function(){ release(); }, 1000);\n\n        img.src = this.src;\n\n    });\n\n})(jQuery);\n<\/script>\n\r\n<br>\r\n<br>\r\n<div class=\"destacado\">\r\n<h2 class=\"fantasy\">Au <a href=\"http:\/\/www.behostels.com\/ramblas\" class=\"invisible\">Be Ramblas Hotel<\/a> <strong>les types des chambres<\/strong> on pouvez trouver sont:<\/h2>\r\n<ul>\r\n\t<li>Chambre Double ou 2 lits, avec salle de bains<\/li>\r\n\t<li>Chambre Double ou 2 lits, sans salle de bains<\/li>\r\n\t<li>Chambre Triple, avec salle de bains<\/li>\r\n\t<li>Chambre Individuelle, sans salle de bains<\/li>\r\n<\/ul>\r\n<\/div>\r\n&nbsp;\r\n<h2 class=\"fantasy\">Chaque Chambre dispose de:<\/h2>\r\n<ul class=\"rooms\">\r\n\t<li>Draps et serviettes Gratuites<\/li>\r\n\t<li>Internet Gratuit dans la chambre<\/li>\r\n\t<li>T\u00e9l\u00e9vision<\/li>\r\n\t<li>Balcons ensoleill\u00e9s<\/li>\r\n\t<li>Climatisation et chauffage<\/li>\r\n\t<li>Salles de bains sont \u00e9quip\u00e9es de douches, serviettes, savon et s\u00e8che-cheveux<\/li>\r\n<\/ul>\r\n","protected":false},"excerpt":{"rendered":"<p>Au Be Ramblas Hotel les types des chambres on pouvez trouver sont: Chambre Double ou 2 lits, avec salle de bains Chambre Double ou 2 lits, sans salle de bains Chambre Triple, avec salle de bains Chambre Individuelle, sans salle de bains &nbsp; Chaque Chambre dispose de: Draps et serviettes Gratuites Internet Gratuit dans la [&hellip;]<\/p>\n","protected":false},"author":1,"featured_media":0,"parent":258,"menu_order":0,"comment_status":"closed","ping_status":"closed","template":"","meta":{"footnotes":""},"yoast_head":"<!-- This site is optimized with the Yoast SEO plugin v22.7 - https:\/\/yoast.com\/wordpress\/plugins\/seo\/ -->\n<title>Chambres Be Ramblas Hotel \u00e0 Barcelone<\/title>\n<meta name=\"description\" content=\"Regardez nos chambres agr\u00e9ables et confortables \u00e0 Be Ramblas Hotel \u00e0 Barcelone.\" \/>\n<meta name=\"robots\" content=\"index, follow, max-snippet:-1, max-image-preview:large, max-video-preview:-1\" \/>\n<link rel=\"canonical\" href=\"https:\/\/behostels.com\/fr\/ramblas\/chambres\/\" \/>\n<meta property=\"og:locale\" content=\"fr_FR\" \/>\n<meta property=\"og:type\" content=\"article\" \/>\n<meta property=\"og:title\" content=\"Chambres Be Ramblas Hotel \u00e0 Barcelone\" \/>\n<meta property=\"og:description\" content=\"Regardez nos chambres agr\u00e9ables et confortables \u00e0 Be Ramblas Hotel \u00e0 Barcelone.\" \/>\n<meta property=\"og:url\" content=\"https:\/\/behostels.com\/fr\/ramblas\/chambres\/\" \/>\n<meta property=\"og:site_name\" content=\"Be Hostels\" \/>\n<meta property=\"article:modified_time\" content=\"2015-11-09T14:48:37+00:00\" \/>\n<meta name=\"twitter:card\" content=\"summary_large_image\" \/>\n<script type=\"application\/ld+json\" class=\"yoast-schema-graph\">{\"@context\":\"https:\/\/schema.org\",\"@graph\":[{\"@type\":\"WebPage\",\"@id\":\"https:\/\/behostels.com\/fr\/ramblas\/chambres\/\",\"url\":\"https:\/\/behostels.com\/fr\/ramblas\/chambres\/\",\"name\":\"Chambres Be Ramblas Hotel \u00e0 Barcelone\",\"isPartOf\":{\"@id\":\"https:\/\/behostels.com\/fr\/#website\"},\"datePublished\":\"2015-06-10T14:02:23+00:00\",\"dateModified\":\"2015-11-09T14:48:37+00:00\",\"description\":\"Regardez nos chambres agr\u00e9ables et confortables \u00e0 Be Ramblas Hotel \u00e0 Barcelone.\",\"breadcrumb\":{\"@id\":\"https:\/\/behostels.com\/fr\/ramblas\/chambres\/#breadcrumb\"},\"inLanguage\":\"fr-FR\",\"potentialAction\":[{\"@type\":\"ReadAction\",\"target\":[\"https:\/\/behostels.com\/fr\/ramblas\/chambres\/\"]}]},{\"@type\":\"BreadcrumbList\",\"@id\":\"https:\/\/behostels.com\/fr\/ramblas\/chambres\/#breadcrumb\",\"itemListElement\":[{\"@type\":\"ListItem\",\"position\":1,\"name\":\"Home\",\"item\":\"https:\/\/behostels.com\/fr\/\"},{\"@type\":\"ListItem\",\"position\":2,\"name\":\"Auberge de jeunesse \u00e9conomique en plein centre de Barcelone: Be Ramblas Hotel Barcelona\",\"item\":\"https:\/\/behostels.com\/fr\/ramblas\/\"},{\"@type\":\"ListItem\",\"position\":3,\"name\":\"Be Ramblas Hotel Chambres\"}]},{\"@type\":\"WebSite\",\"@id\":\"https:\/\/behostels.com\/fr\/#website\",\"url\":\"https:\/\/behostels.com\/fr\/\",\"name\":\"Be Hostels\",\"description\":\"\",\"publisher\":{\"@id\":\"https:\/\/behostels.com\/fr\/#organization\"},\"potentialAction\":[{\"@type\":\"SearchAction\",\"target\":{\"@type\":\"EntryPoint\",\"urlTemplate\":\"https:\/\/behostels.com\/fr\/?s={search_term_string}\"},\"query-input\":\"required name=search_term_string\"}],\"inLanguage\":\"fr-FR\"},{\"@type\":\"Organization\",\"@id\":\"https:\/\/behostels.com\/fr\/#organization\",\"name\":\"Be Hostels\",\"url\":\"https:\/\/behostels.com\/fr\/\",\"logo\":{\"@type\":\"ImageObject\",\"inLanguage\":\"fr-FR\",\"@id\":\"https:\/\/behostels.com\/fr\/#\/schema\/logo\/image\/\",\"url\":\"https:\/\/behostels.com\/wp-content\/uploads\/2015\/06\/be_reservations_logo.jpg\",\"contentUrl\":\"https:\/\/behostels.com\/wp-content\/uploads\/2015\/06\/be_reservations_logo.jpg\",\"width\":130,\"height\":130,\"caption\":\"Be Hostels\"},\"image\":{\"@id\":\"https:\/\/behostels.com\/fr\/#\/schema\/logo\/image\/\"}}]}<\/script>\n<!-- \/ Yoast SEO plugin. -->","yoast_head_json":{"title":"Chambres Be Ramblas Hotel \u00e0 Barcelone","description":"Regardez nos chambres agr\u00e9ables et confortables \u00e0 Be Ramblas Hotel \u00e0 Barcelone.","robots":{"index":"index","follow":"follow","max-snippet":"max-snippet:-1","max-image-preview":"max-image-preview:large","max-video-preview":"max-video-preview:-1"},"canonical":"https:\/\/behostels.com\/fr\/ramblas\/chambres\/","og_locale":"fr_FR","og_type":"article","og_title":"Chambres Be Ramblas Hotel \u00e0 Barcelone","og_description":"Regardez nos chambres agr\u00e9ables et confortables \u00e0 Be Ramblas Hotel \u00e0 Barcelone.","og_url":"https:\/\/behostels.com\/fr\/ramblas\/chambres\/","og_site_name":"Be Hostels","article_modified_time":"2015-11-09T14:48:37+00:00","twitter_card":"summary_large_image","schema":{"@context":"https:\/\/schema.org","@graph":[{"@type":"WebPage","@id":"https:\/\/behostels.com\/fr\/ramblas\/chambres\/","url":"https:\/\/behostels.com\/fr\/ramblas\/chambres\/","name":"Chambres Be Ramblas Hotel \u00e0 Barcelone","isPartOf":{"@id":"https:\/\/behostels.com\/fr\/#website"},"datePublished":"2015-06-10T14:02:23+00:00","dateModified":"2015-11-09T14:48:37+00:00","description":"Regardez nos chambres agr\u00e9ables et confortables \u00e0 Be Ramblas Hotel \u00e0 Barcelone.","breadcrumb":{"@id":"https:\/\/behostels.com\/fr\/ramblas\/chambres\/#breadcrumb"},"inLanguage":"fr-FR","potentialAction":[{"@type":"ReadAction","target":["https:\/\/behostels.com\/fr\/ramblas\/chambres\/"]}]},{"@type":"BreadcrumbList","@id":"https:\/\/behostels.com\/fr\/ramblas\/chambres\/#breadcrumb","itemListElement":[{"@type":"ListItem","position":1,"name":"Home","item":"https:\/\/behostels.com\/fr\/"},{"@type":"ListItem","position":2,"name":"Auberge de jeunesse \u00e9conomique en plein centre de Barcelone: Be Ramblas Hotel Barcelona","item":"https:\/\/behostels.com\/fr\/ramblas\/"},{"@type":"ListItem","position":3,"name":"Be Ramblas Hotel Chambres"}]},{"@type":"WebSite","@id":"https:\/\/behostels.com\/fr\/#website","url":"https:\/\/behostels.com\/fr\/","name":"Be Hostels","description":"","publisher":{"@id":"https:\/\/behostels.com\/fr\/#organization"},"potentialAction":[{"@type":"SearchAction","target":{"@type":"EntryPoint","urlTemplate":"https:\/\/behostels.com\/fr\/?s={search_term_string}"},"query-input":"required name=search_term_string"}],"inLanguage":"fr-FR"},{"@type":"Organization","@id":"https:\/\/behostels.com\/fr\/#organization","name":"Be Hostels","url":"https:\/\/behostels.com\/fr\/","logo":{"@type":"ImageObject","inLanguage":"fr-FR","@id":"https:\/\/behostels.com\/fr\/#\/schema\/logo\/image\/","url":"https:\/\/behostels.com\/wp-content\/uploads\/2015\/06\/be_reservations_logo.jpg","contentUrl":"https:\/\/behostels.com\/wp-content\/uploads\/2015\/06\/be_reservations_logo.jpg","width":130,"height":130,"caption":"Be Hostels"},"image":{"@id":"https:\/\/behostels.com\/fr\/#\/schema\/logo\/image\/"}}]}},"_links":{"self":[{"href":"https:\/\/behostels.com\/fr\/wp-json\/wp\/v2\/pages\/290"}],"collection":[{"href":"https:\/\/behostels.com\/fr\/wp-json\/wp\/v2\/pages"}],"about":[{"href":"https:\/\/behostels.com\/fr\/wp-json\/wp\/v2\/types\/page"}],"author":[{"embeddable":true,"href":"https:\/\/behostels.com\/fr\/wp-json\/wp\/v2\/users\/1"}],"replies":[{"embeddable":true,"href":"https:\/\/behostels.com\/fr\/wp-json\/wp\/v2\/comments?post=290"}],"version-history":[{"count":0,"href":"https:\/\/behostels.com\/fr\/wp-json\/wp\/v2\/pages\/290\/revisions"}],"up":[{"embeddable":true,"href":"https:\/\/behostels.com\/fr\/wp-json\/wp\/v2\/pages\/258"}],"wp:attachment":[{"href":"https:\/\/behostels.com\/fr\/wp-json\/wp\/v2\/media?parent=290"}],"curies":[{"name":"wp","href":"https:\/\/api.w.org\/{rel}","templated":true}]}}