{"id":258,"date":"2015-06-10T13:21:43","date_gmt":"2015-06-10T13:21:43","guid":{"rendered":"https:\/\/behostels.com\/?page_id=258"},"modified":"2016-05-04T10:23:49","modified_gmt":"2016-05-04T10:23:49","slug":"ramblas","status":"publish","type":"page","link":"https:\/\/behostels.com\/fr\/ramblas\/","title":{"rendered":"Auberge de jeunesse \u00e9conomique en plein centre de Barcelone: Be Ramblas Hotel Barcelona"},"content":{"rendered":"<h2><strong>Bienvenue dans le premier et original \u00e9tablissement du groupe Be Hostels. Le Be Ramblas Hotel Barcelona est le meilleur choix pour un h\u00f4tel \u00e9conomique situ\u00e9 en plein coeur du centre-ville<\/strong>.<\/h2>\r\n\r\n\n\n<div id=\"wk-grid642\" class=\"uk-grid-width-1-1 uk-grid-width-medium-1-3 uk-grid uk-grid-match uk-grid-medium uk-text-center \" data-uk-grid-match=\"{target:'> div > .uk-panel', row:true}\" data-uk-grid-margin  data-uk-scrollspy=\"{cls:'uk-animation-fade uk-invisible', target:'> div > .uk-panel', delay:300}\">\n\n\n    <div>\n        <div class=\"uk-panel uk-invisible\">\n\n            \n            \n                        <div class=\"uk-text-center uk-panel-teaser\"><div class=\"uk-overlay uk-overlay-hover uk-border-circle\"><img loading=\"lazy\" decoding=\"async\" src=\"\/wp-content\/uploads\/2015\/07\/be-ramblas-hostel-best-location.jpg\" class=\"uk-border-circle uk-overlay-scale\" alt=\"Meilleur Lieu\" width=\"600\" height=\"600\"><div class=\"uk-overlay-panel uk-overlay-background uk-overlay-icon uk-overlay-fade\"><\/div><a class=\"uk-position-cover\" href=\"http:\/\/behostels.com\/fr\/ramblas\/situation\/\" title=\"Meilleur Lieu\"><\/a><\/div><\/div>\n            \n            \n            \n            \n            \n                        <div class=\"uk-margin\">Meilleur Lieu<\/div>\n            \n            \n            \n            \n        <\/div>\n    <\/div>\n\n\n    <div>\n        <div class=\"uk-panel uk-invisible\">\n\n            \n            \n                        <div class=\"uk-text-center uk-panel-teaser\"><div class=\"uk-overlay uk-overlay-hover uk-border-circle\"><img loading=\"lazy\" decoding=\"async\" src=\"\/wp-content\/uploads\/2015\/07\/be-ramblas-hostel-best-location-kitchen.jpg\" class=\"uk-border-circle uk-overlay-scale\" alt=\"Cuisine \u00e0 disposition\" width=\"600\" height=\"600\"><div class=\"uk-overlay-panel uk-overlay-background uk-overlay-icon uk-overlay-fade\"><\/div><a class=\"uk-position-cover\" href=\"http:\/\/behostels.com\/fr\/ramblas\/equipements\/\" title=\"Cuisine \u00e0 disposition\"><\/a><\/div><\/div>\n            \n            \n            \n            \n            \n                        <div class=\"uk-margin\">Cuisine \u00e0 disposition<\/div>\n            \n            \n            \n            \n        <\/div>\n    <\/div>\n\n\n    <div>\n        <div class=\"uk-panel uk-invisible\">\n\n            \n            \n                        <div class=\"uk-text-center uk-panel-teaser\"><div class=\"uk-overlay uk-overlay-hover uk-border-circle\"><img loading=\"lazy\" decoding=\"async\" src=\"\/wp-content\/uploads\/2015\/07\/be-ramblas-hostel-best-location-single-double-room.jpg\" class=\"uk-border-circle uk-overlay-scale\" alt=\"Chambres simples, doubles et priv\u00e9es\" width=\"600\" height=\"600\"><div class=\"uk-overlay-panel uk-overlay-background uk-overlay-icon uk-overlay-fade\"><\/div><a class=\"uk-position-cover\" href=\"http:\/\/behostels.com\/fr\/ramblas\/chambres\/\" title=\"Chambres simples, doubles et priv\u00e9es\"><\/a><\/div><\/div>\n            \n            \n            \n            \n            \n                        <div class=\"uk-margin\">Chambres simples, doubles et priv\u00e9es<\/div>\n            \n            \n            \n            \n        <\/div>\n    <\/div>\n\n\n<\/div>\n\n<script>\n(function($){\n\n    \/\/ get the images of the gallery and replace it by a canvas of the same size to fix the problem with overlapping images on load.\n    $('img[width][height]:not(.uk-overlay-panel)', $('#wk-grid642')).each(function() {\n\n        var $img = $(this);\n\n        if (this.width == 'auto' || this.height == 'auto' || !$img.is(':visible')) {\n            return;\n        }\n\n        var $canvas = $('<canvas class=\"uk-responsive-width\"><\/canvas>').attr({width:$img.attr('width'), height:$img.attr('height')}),\n            img = new Image,\n            release = function() {\n                $canvas.remove();\n                $img.css('display', '');\n                release = function(){};\n            };\n\n        $img.css('display', 'none').after($canvas);\n\n        $(img).on('load', function(){ release(); });\n        setTimeout(function(){ release(); }, 1000);\n\n        img.src = this.src;\n\n    });\n\n})(jQuery);\n<\/script>\n\r\n\r\n<p>Profitez d\u2019un <strong>s\u00e9jour tranquille et agr\u00e9able<\/strong> dans un endroit qui convient \u00e0 tout type de voyageur, avec un grand choix de chambre pour convenir \u00e0 votre demande.<\/p>\r\n\r\n<p>Profitez de son emplacement pratique proche de <strong>Liceu<\/strong> et des <strong>Ramblas<\/strong>, et de la <strong>Plaza Real<\/strong> et tous les avantages que cela peut vous offrir. Et si vous \u00eates d\u2019attaque, <strong>participez gratuitement \u00e0 notre tour guid\u00e9<\/strong> \u00e0 pied pour vous familiariser avec la ville.<\/p>\r\n\r\nVous serez \u00e9tonn\u00e9s de tous les services disponibles lors de votre s\u00e9jour dans notre \u00e9tablissement; <strong>petit-d\u00e9jeuner gratuit<\/strong>, <strong>cuisine \u00e0 disposition<\/strong>, <strong>wifi dans les chambres<\/strong>, et toutes sortes de <strong>circuits guid\u00e9s et autres activit\u00e9s<\/strong>. \r\n\r\n\r\nProfitez de Barcelone avec nous au <a href=\"http:\/\/www.behostels.com\/ramblas\" title=\"Be Ramblas Hotel\"><strong>Be Ramblas Hotel<\/strong><\/a> Barcelona notre <strong>h\u00f4tel \u00e9conomique dans le centre ville de Barcelone<\/strong>.\r\n\r\n<h3 class=\"fantasy\">Le<a class=\"invisible\" href=\"http:\/\/www.behostels.com\/ramblas\">Be Ramblas Hotel Barcelona<\/a> est situ\u00e9:<\/h3>\r\n<ul class=\"rooms\">\r\n\t<li>A 1 minute de La Rambla<\/li>\r\n\t<li>A 1 minute du Palau Guell<\/li>\r\n\t<li>A 5 minutes de l\u2019arr\u00eat de m\u00e9tro Liceu<\/li>\r\n\t<li>A 5 minutes du port<\/li>\r\n        <li>A 5 minutes du c\u00e9l\u00e8bre march\u00e9 de la Boqueria<\/li>\r\n        <li>A 5 minutes du th\u00e9atre du Liceu<\/li>\r\n        <li>A 3 minutes de la Plaza Real<\/li>\r\n        <li>A 15 minutes de Plaza Catalu\u00f1a<\/li>\r\n        <li>A 10 minutes du MACBA (Mus\u00e9e d\u2019Art Contemporain de Barcelone)<\/li>\r\n        <li>Dans le quartier historique de Barcelone<\/li>\r\n        <li>Dans la zone commerciale et culturelle<\/li>\r\n\r\n<\/ul>\r\n<h2 class=\"fantasy\">Toutes les grandes et cher activit\u00e9s que vous pouvez trouver \u00e0 <a href=\"http:\/\/www.behostels.com\/ramblas\" class=\"invisible\">Be Ramblas Hotel<\/a> pour profiter de votre s\u00e9jour \u00e0 Barcelone! Nos visiteurs disposent automatiquement de:<\/h2>\r\n<div class=\"uk-grid\">\r\n<div class=\"uk-width-large-1-2 uk-width-medium-1-2 uk-width-small-1-1\">\r\n<ul>\r\n  <li>Tour \u00e0 pied Gratuite<\/li>\r\n  <li>Acc\u00e8s \u00e0 internet Gratuit<\/li>\r\n  <li>Wifi Gratuit<\/li>\r\n  <li>Plan Gratuit<\/li>\r\n  <li>Cuisine \u00e0 disposition des voyageurs<\/li>\r\n  <li>Plan Gratuit<\/li>\r\n<li>Auberge et r\u00e9ception ouverts 24h<\/li>\r\n\r\n<\/ul>\r\n<\/div>\r\n<div class=\"uk-width-large-1-2 uk-width-medium-1-2 uk-width-small-1-1\">\r\n<ul>\r\n    \r\n    <li>Salle commune tr\u00e8s agr\u00e9able<\/li>\r\n    <li>Climatisation et chauffage<\/li>\r\n    <li>Activit\u00e9s tous les jours: la soir\u00e9e des tapas, celle du flamenco, pub crawls<\/li>\r\n    <li>\u00c9quipe internationale toujours pr\u00eate \u00e0 vous aider<\/li>\r\n     <li>Possibilit\u00e9 de nous laisser vos valises apr\u00e8s avoir lib\u00e9r\u00e9 la chambre<\/li>\r\n<\/ul>\r\n<\/div>\r\n<\/div>","protected":false},"excerpt":{"rendered":"<p>Bienvenue dans le premier et original \u00e9tablissement du groupe Be Hostels. Le Be Ramblas Hotel Barcelona est le meilleur choix pour un h\u00f4tel \u00e9conomique situ\u00e9 en plein coeur du centre-ville. Profitez d\u2019un s\u00e9jour tranquille et agr\u00e9able dans un endroit qui convient \u00e0 tout type de voyageur, avec un grand choix de chambre pour convenir \u00e0 [&hellip;]<\/p>\n","protected":false},"author":1,"featured_media":0,"parent":0,"menu_order":0,"comment_status":"closed","ping_status":"closed","template":"","meta":{"footnotes":""},"yoast_head":"<!-- This site is optimized with the Yoast SEO plugin v22.7 - https:\/\/yoast.com\/wordpress\/plugins\/seo\/ -->\n<title>Be Ramblas Hotel Barcelna est un h\u00f4tel bon march\u00e9 du centre-ville<\/title>\n<meta name=\"description\" content=\"Be Ramblas Hotel Barcelona est la meilleure option pour un h\u00f4tel \u00e9conomique \u00e0 deux pas des Ramblas\" \/>\n<meta name=\"robots\" content=\"index, follow, max-snippet:-1, max-image-preview:large, max-video-preview:-1\" \/>\n<link rel=\"canonical\" href=\"https:\/\/behostels.com\/fr\/ramblas\/\" \/>\n<meta property=\"og:locale\" content=\"fr_FR\" \/>\n<meta property=\"og:type\" content=\"article\" \/>\n<meta property=\"og:title\" content=\"Be Ramblas Hotel Barcelna est un h\u00f4tel bon march\u00e9 du centre-ville\" \/>\n<meta property=\"og:description\" content=\"Be Ramblas Hotel Barcelona est la meilleure option pour un h\u00f4tel \u00e9conomique \u00e0 deux pas des Ramblas\" \/>\n<meta property=\"og:url\" content=\"https:\/\/behostels.com\/fr\/ramblas\/\" \/>\n<meta property=\"og:site_name\" content=\"Be Hostels\" \/>\n<meta property=\"article:modified_time\" content=\"2016-05-04T10:23:49+00:00\" \/>\n<meta name=\"twitter:card\" content=\"summary_large_image\" \/>\n<meta name=\"twitter:label1\" content=\"Dur\u00e9e de lecture estim\u00e9e\" \/>\n\t<meta name=\"twitter:data1\" content=\"2 minutes\" \/>\n<script type=\"application\/ld+json\" class=\"yoast-schema-graph\">{\"@context\":\"https:\/\/schema.org\",\"@graph\":[{\"@type\":\"WebPage\",\"@id\":\"https:\/\/behostels.com\/fr\/ramblas\/\",\"url\":\"https:\/\/behostels.com\/fr\/ramblas\/\",\"name\":\"Be Ramblas Hotel Barcelna est un h\u00f4tel bon march\u00e9 du centre-ville\",\"isPartOf\":{\"@id\":\"https:\/\/behostels.com\/fr\/#website\"},\"datePublished\":\"2015-06-10T13:21:43+00:00\",\"dateModified\":\"2016-05-04T10:23:49+00:00\",\"description\":\"Be Ramblas Hotel Barcelona est la meilleure option pour un h\u00f4tel \u00e9conomique \u00e0 deux pas des Ramblas\",\"breadcrumb\":{\"@id\":\"https:\/\/behostels.com\/fr\/ramblas\/#breadcrumb\"},\"inLanguage\":\"fr-FR\",\"potentialAction\":[{\"@type\":\"ReadAction\",\"target\":[\"https:\/\/behostels.com\/fr\/ramblas\/\"]}]},{\"@type\":\"BreadcrumbList\",\"@id\":\"https:\/\/behostels.com\/fr\/ramblas\/#breadcrumb\",\"itemListElement\":[{\"@type\":\"ListItem\",\"position\":1,\"name\":\"Home\",\"item\":\"https:\/\/behostels.com\/fr\/\"},{\"@type\":\"ListItem\",\"position\":2,\"name\":\"Auberge de jeunesse \u00e9conomique en plein centre de Barcelone: Be Ramblas Hotel Barcelona\"}]},{\"@type\":\"WebSite\",\"@id\":\"https:\/\/behostels.com\/fr\/#website\",\"url\":\"https:\/\/behostels.com\/fr\/\",\"name\":\"Be Hostels\",\"description\":\"\",\"publisher\":{\"@id\":\"https:\/\/behostels.com\/fr\/#organization\"},\"potentialAction\":[{\"@type\":\"SearchAction\",\"target\":{\"@type\":\"EntryPoint\",\"urlTemplate\":\"https:\/\/behostels.com\/fr\/?s={search_term_string}\"},\"query-input\":\"required name=search_term_string\"}],\"inLanguage\":\"fr-FR\"},{\"@type\":\"Organization\",\"@id\":\"https:\/\/behostels.com\/fr\/#organization\",\"name\":\"Be Hostels\",\"url\":\"https:\/\/behostels.com\/fr\/\",\"logo\":{\"@type\":\"ImageObject\",\"inLanguage\":\"fr-FR\",\"@id\":\"https:\/\/behostels.com\/fr\/#\/schema\/logo\/image\/\",\"url\":\"https:\/\/behostels.com\/wp-content\/uploads\/2015\/06\/be_reservations_logo.jpg\",\"contentUrl\":\"https:\/\/behostels.com\/wp-content\/uploads\/2015\/06\/be_reservations_logo.jpg\",\"width\":130,\"height\":130,\"caption\":\"Be Hostels\"},\"image\":{\"@id\":\"https:\/\/behostels.com\/fr\/#\/schema\/logo\/image\/\"}}]}<\/script>\n<!-- \/ Yoast SEO plugin. -->","yoast_head_json":{"title":"Be Ramblas Hotel Barcelna est un h\u00f4tel bon march\u00e9 du centre-ville","description":"Be Ramblas Hotel Barcelona est la meilleure option pour un h\u00f4tel \u00e9conomique \u00e0 deux pas des Ramblas","robots":{"index":"index","follow":"follow","max-snippet":"max-snippet:-1","max-image-preview":"max-image-preview:large","max-video-preview":"max-video-preview:-1"},"canonical":"https:\/\/behostels.com\/fr\/ramblas\/","og_locale":"fr_FR","og_type":"article","og_title":"Be Ramblas Hotel Barcelna est un h\u00f4tel bon march\u00e9 du centre-ville","og_description":"Be Ramblas Hotel Barcelona est la meilleure option pour un h\u00f4tel \u00e9conomique \u00e0 deux pas des Ramblas","og_url":"https:\/\/behostels.com\/fr\/ramblas\/","og_site_name":"Be Hostels","article_modified_time":"2016-05-04T10:23:49+00:00","twitter_card":"summary_large_image","twitter_misc":{"Dur\u00e9e de lecture estim\u00e9e":"2 minutes"},"schema":{"@context":"https:\/\/schema.org","@graph":[{"@type":"WebPage","@id":"https:\/\/behostels.com\/fr\/ramblas\/","url":"https:\/\/behostels.com\/fr\/ramblas\/","name":"Be Ramblas Hotel Barcelna est un h\u00f4tel bon march\u00e9 du centre-ville","isPartOf":{"@id":"https:\/\/behostels.com\/fr\/#website"},"datePublished":"2015-06-10T13:21:43+00:00","dateModified":"2016-05-04T10:23:49+00:00","description":"Be Ramblas Hotel Barcelona est la meilleure option pour un h\u00f4tel \u00e9conomique \u00e0 deux pas des Ramblas","breadcrumb":{"@id":"https:\/\/behostels.com\/fr\/ramblas\/#breadcrumb"},"inLanguage":"fr-FR","potentialAction":[{"@type":"ReadAction","target":["https:\/\/behostels.com\/fr\/ramblas\/"]}]},{"@type":"BreadcrumbList","@id":"https:\/\/behostels.com\/fr\/ramblas\/#breadcrumb","itemListElement":[{"@type":"ListItem","position":1,"name":"Home","item":"https:\/\/behostels.com\/fr\/"},{"@type":"ListItem","position":2,"name":"Auberge de jeunesse \u00e9conomique en plein centre de Barcelone: Be Ramblas Hotel Barcelona"}]},{"@type":"WebSite","@id":"https:\/\/behostels.com\/fr\/#website","url":"https:\/\/behostels.com\/fr\/","name":"Be Hostels","description":"","publisher":{"@id":"https:\/\/behostels.com\/fr\/#organization"},"potentialAction":[{"@type":"SearchAction","target":{"@type":"EntryPoint","urlTemplate":"https:\/\/behostels.com\/fr\/?s={search_term_string}"},"query-input":"required name=search_term_string"}],"inLanguage":"fr-FR"},{"@type":"Organization","@id":"https:\/\/behostels.com\/fr\/#organization","name":"Be Hostels","url":"https:\/\/behostels.com\/fr\/","logo":{"@type":"ImageObject","inLanguage":"fr-FR","@id":"https:\/\/behostels.com\/fr\/#\/schema\/logo\/image\/","url":"https:\/\/behostels.com\/wp-content\/uploads\/2015\/06\/be_reservations_logo.jpg","contentUrl":"https:\/\/behostels.com\/wp-content\/uploads\/2015\/06\/be_reservations_logo.jpg","width":130,"height":130,"caption":"Be Hostels"},"image":{"@id":"https:\/\/behostels.com\/fr\/#\/schema\/logo\/image\/"}}]}},"_links":{"self":[{"href":"https:\/\/behostels.com\/fr\/wp-json\/wp\/v2\/pages\/258"}],"collection":[{"href":"https:\/\/behostels.com\/fr\/wp-json\/wp\/v2\/pages"}],"about":[{"href":"https:\/\/behostels.com\/fr\/wp-json\/wp\/v2\/types\/page"}],"author":[{"embeddable":true,"href":"https:\/\/behostels.com\/fr\/wp-json\/wp\/v2\/users\/1"}],"replies":[{"embeddable":true,"href":"https:\/\/behostels.com\/fr\/wp-json\/wp\/v2\/comments?post=258"}],"version-history":[{"count":0,"href":"https:\/\/behostels.com\/fr\/wp-json\/wp\/v2\/pages\/258\/revisions"}],"wp:attachment":[{"href":"https:\/\/behostels.com\/fr\/wp-json\/wp\/v2\/media?parent=258"}],"curies":[{"name":"wp","href":"https:\/\/api.w.org\/{rel}","templated":true}]}}