{"id":25,"date":"2015-06-08T15:02:34","date_gmt":"2015-06-08T15:02:34","guid":{"rendered":"https:\/\/behostels.com\/?page_id=25"},"modified":"2015-06-08T15:03:40","modified_gmt":"2015-06-08T15:03:40","slug":"reservations-a-be-hostels","status":"publish","type":"page","link":"https:\/\/behostels.com\/fr\/reservations-a-be-hostels\/","title":{"rendered":"R\u00e9servations \u00e0 Be Hostels"},"content":{"rendered":"Si vous voulez faire une r\u00e9servation avec nous, utilisez le <a title=\"Go Booking Engine Be Hostels\" href=\"https:\/\/booking.behostels.com\" target=\"_blank\"><strong><span style=\"color: #3366ff;\">moteur de r\u00e9servation<\/span><\/strong><\/a> Soyez Auberges\r\n<h2>Conditions du Auberge<\/h2>\r\n<p><\/p>\r\n<h3>Conditions de paiement de r\u00e9servation:<\/h3>\r\nIl n&rsquo;y a aucun frais \u00e0 votre carte de cr\u00e9dit en raison de pr\u00e9paiement. La valeur total de la r\u00e9servation sera pay\u00e9 \u00e0 l&rsquo;arriv\u00e9e.\r\n\r\n<strong>Pour les r\u00e9servations en provenance de 1 novembre 2012, vous devrez payer une taxe de s\u00e9jour. Cette taxe de s\u00e9jour n&rsquo;est pas inclus dans votre r\u00e9servation. Pour Be Mar Hostel, Auberge Soyez Sound and Be H\u00f4tel Ramblas, la taxe est de 0,75 \u20ac par personne et par nuit pour les 7 premi\u00e8res nuits. Et il sera pay\u00e9 au moment de l&rsquo;arriv\u00e9e. Pour Be Dream Hostel de la taxe est de 0,50 \u20ac par personne et par nuit pour les 7 premi\u00e8res nuits. Et il sera pay\u00e9 au moment de l&rsquo;arriv\u00e9e.<\/strong>\r\n\r\nAnnulations en dehors de nos conditions, ou en cas de non pr\u00e9sentation le jour de l&rsquo;arriv\u00e9e, le montant de la premi\u00e8re nuit sera factur\u00e9.\r\n\r\nSi la carte de cr\u00e9dit fournie est fausse et cr\u00e9e une erreur dans le syst\u00e8me de r\u00e9servation, la r\u00e9servation sera invalide et donc automatiquement annul\u00e9e sans pr\u00e9avis.\r\n\r\n&nbsp;\r\n<h3>Politique d&rsquo;annulations<\/h3>\r\n\r\nLes annulations doivent \u00eatre faites par e-mail. Nous n&rsquo;acceptons pas les annulations par t\u00e9l\u00e9phone.\r\nLes annulations effectu\u00e9es jusqu&rsquo;\u00e0 un jour avant la date d&rsquo;arriv\u00e9e ne serons pas p\u00e9nalis\u00e9es ou inculp\u00e9es.\r\n\r\nLes annulations effectu\u00e9es apr\u00e8s 12 heures le jour avant l&rsquo;arriv\u00e9e seront factur\u00e9s \u00e0 la collecte de la premi\u00e8re nuit sur ??la carte de cr\u00e9dit fournie.\r\n\r\nEn cas de non pr\u00e9sentation (no show), la r\u00e9servation sera factur\u00e9 sur la carte de cr\u00e9dit.\r\n\r\nPour les r\u00e9servations effectu\u00e9es par le biais d&rsquo;autres pages web, contactez directement pour les honoraires et le d\u00e9p\u00f4t.\r\n\r\n&nbsp;\r\n<h3>Conditions de Modification et d&rsquo;annulation:<\/h3>\r\nLes modifications \u00e0 une r\u00e9servation doivent \u00eatre effectu\u00e9es uniquement par e-mail et, si n\u00e9cessaire, on appliquera la politique d&rsquo;annulation.\r\n\r\nToute anomalie entre les services contract\u00e9s et re\u00e7us, seront r\u00e9solus directement \u00e0 la r\u00e9ception pendant le temps de l&rsquo;h\u00e9bergement.\r\n\r\nEn cas de remboursement, les frais engag\u00e9s par virement bancaire doivent \u00eatre support\u00e9s par le client.\r\n\r\n&nbsp;\r\n<h3>Renseignements sur l&rsquo;h\u00e9bergement:<\/h3>\r\n\r\nPetit-d\u00e9jeuner, internet, les couvertures et les cartes sont inclus dans le prix.\r\n\r\nLes serviettes et les taies d&rsquo;oreiller peuvent \u00eatre lou\u00e9s \u00e0 la r\u00e9ception pour 2.5 e par s\u00e9jour.\r\n\r\nL&rsquo;heure de d\u00e9part (check-out) est 11:00. Si la sortie a lieu apr\u00e8s 12h00 et sans pr\u00e9avis, le bureau donne au personnel le droit de vider la chambre de vos effets personnels.\r\n\r\n\r\n\r\n\u00c0 l&rsquo;arriv\u00e9e, vous devez pr\u00e9senter un permis d&rsquo;identit\u00e9 avec photo, permis de conduire ou un passeport.\r\n\r\n\u00c0 l&rsquo;arriv\u00e9e, on doit effectuer le paiement du montant total du s\u00e9jour. Au check-out on doit livrer la carte-cl\u00e9 et les draps.\r\n\r\nLes clients qui quittent l&rsquo;h\u00f4tel avant la date convenue, ils appliquent la politique d&rsquo;annulation de remboursement.\r\n\r\nAnimaux non admis.\r\n\r\nL&rsquo;h\u00f4tel se r\u00e9serve le droit de ne pas accepter ou de r\u00e9silier le s\u00e9jour des clients \u00e0 sa discr\u00e9tion.\r\n\r\n\r\nTous les clients doivent se comporter avec respect envers les autres invit\u00e9s et le personnel de l&rsquo;h\u00f4tel et sont responsables de leurs actes alors qu\u00b4ils sont dans nos installations.\r\n\r\nSi les informations transmises au moment de la r\u00e9servation sont incorrectes, sa r\u00e9servation ne seras pas confirm\u00e9e.\r\n\r\n&nbsp;\r\n<h3>Conditions d&rsquo;utilisation du syst\u00e8me de r\u00e9servations en ligne Be Hostels:<\/h3>\r\nTous les utilisateurs doivent avoir l&rsquo;\u00e2ge l\u00e9gal (18 ans) et avoir la capacit\u00e9 juridique de contracter les services offerts sur ce site.\r\n\r\nLes renseignements personnels transf\u00e9r\u00e9s doivent \u00eatre r\u00e9elles et seront trait\u00e9s conform\u00e9ment \u00e0 la loi.\r\n\r\nPrix ??et conditions sont \u00e9nonc\u00e9es dans le pr\u00e9sent site.\r\n\r\nLes offres sont valables pour les dates qui sont expos\u00e9s.\r\n\r\nEn cas d&rsquo;erreurs informatiques ou typographiques dans les prix, nous corrigerons d\u00e8s que possible, aussi longtemps que ce processus et le d\u00e9but de la journ\u00e9e de permis de service.\r\n\r\nL\u00b4<strong>I.V.A.<\/strong> n\u00b4est pas inclus dans les prix.\r\n\r\n&nbsp;","protected":false},"excerpt":{"rendered":"<p>Si vous voulez faire une r\u00e9servation avec nous, utilisez le moteur de r\u00e9servation Soyez Auberges Conditions du Auberge Conditions de paiement de r\u00e9servation: Il n&rsquo;y a aucun frais \u00e0 votre carte de cr\u00e9dit en raison de pr\u00e9paiement. La valeur total de la r\u00e9servation sera pay\u00e9 \u00e0 l&rsquo;arriv\u00e9e. Pour les r\u00e9servations en provenance de 1 novembre [&hellip;]<\/p>\n","protected":false},"author":1,"featured_media":0,"parent":0,"menu_order":0,"comment_status":"closed","ping_status":"open","template":"","meta":{"footnotes":""},"yoast_head":"<!-- This site is optimized with the Yoast SEO plugin v22.7 - https:\/\/yoast.com\/wordpress\/plugins\/seo\/ -->\n<title>Be Hostels Barcelone: \u200b\u200bReservations<\/title>\n<meta name=\"description\" content=\"Politiques de r\u00e9servations et d&#039;annulations \u00e0 Be Hostels\" \/>\n<meta name=\"robots\" content=\"index, follow, max-snippet:-1, max-image-preview:large, max-video-preview:-1\" \/>\n<link rel=\"canonical\" href=\"https:\/\/behostels.com\/fr\/reservations-a-be-hostels\/\" \/>\n<meta property=\"og:locale\" content=\"fr_FR\" \/>\n<meta property=\"og:type\" content=\"article\" \/>\n<meta property=\"og:title\" content=\"Be Hostels Barcelone: \u200b\u200bReservations\" \/>\n<meta property=\"og:description\" content=\"Politiques de r\u00e9servations et d&#039;annulations \u00e0 Be Hostels\" \/>\n<meta property=\"og:url\" content=\"https:\/\/behostels.com\/fr\/reservations-a-be-hostels\/\" \/>\n<meta property=\"og:site_name\" content=\"Be Hostels\" \/>\n<meta property=\"article:modified_time\" content=\"2015-06-08T15:03:40+00:00\" \/>\n<meta name=\"twitter:card\" content=\"summary_large_image\" \/>\n<meta name=\"twitter:label1\" content=\"Dur\u00e9e de lecture estim\u00e9e\" \/>\n\t<meta name=\"twitter:data1\" content=\"4 minutes\" \/>\n<script type=\"application\/ld+json\" class=\"yoast-schema-graph\">{\"@context\":\"https:\/\/schema.org\",\"@graph\":[{\"@type\":\"WebPage\",\"@id\":\"https:\/\/behostels.com\/fr\/reservations-a-be-hostels\/\",\"url\":\"https:\/\/behostels.com\/fr\/reservations-a-be-hostels\/\",\"name\":\"Be Hostels Barcelone: \u200b\u200bReservations\",\"isPartOf\":{\"@id\":\"https:\/\/behostels.com\/fr\/#website\"},\"datePublished\":\"2015-06-08T15:02:34+00:00\",\"dateModified\":\"2015-06-08T15:03:40+00:00\",\"description\":\"Politiques de r\u00e9servations et d'annulations \u00e0 Be Hostels\",\"breadcrumb\":{\"@id\":\"https:\/\/behostels.com\/fr\/reservations-a-be-hostels\/#breadcrumb\"},\"inLanguage\":\"fr-FR\",\"potentialAction\":[{\"@type\":\"ReadAction\",\"target\":[\"https:\/\/behostels.com\/fr\/reservations-a-be-hostels\/\"]}]},{\"@type\":\"BreadcrumbList\",\"@id\":\"https:\/\/behostels.com\/fr\/reservations-a-be-hostels\/#breadcrumb\",\"itemListElement\":[{\"@type\":\"ListItem\",\"position\":1,\"name\":\"Home\",\"item\":\"https:\/\/behostels.com\/fr\/\"},{\"@type\":\"ListItem\",\"position\":2,\"name\":\"R\u00e9servations \u00e0 Be Hostels\"}]},{\"@type\":\"WebSite\",\"@id\":\"https:\/\/behostels.com\/fr\/#website\",\"url\":\"https:\/\/behostels.com\/fr\/\",\"name\":\"Be Hostels\",\"description\":\"\",\"publisher\":{\"@id\":\"https:\/\/behostels.com\/fr\/#organization\"},\"potentialAction\":[{\"@type\":\"SearchAction\",\"target\":{\"@type\":\"EntryPoint\",\"urlTemplate\":\"https:\/\/behostels.com\/fr\/?s={search_term_string}\"},\"query-input\":\"required name=search_term_string\"}],\"inLanguage\":\"fr-FR\"},{\"@type\":\"Organization\",\"@id\":\"https:\/\/behostels.com\/fr\/#organization\",\"name\":\"Be Hostels\",\"url\":\"https:\/\/behostels.com\/fr\/\",\"logo\":{\"@type\":\"ImageObject\",\"inLanguage\":\"fr-FR\",\"@id\":\"https:\/\/behostels.com\/fr\/#\/schema\/logo\/image\/\",\"url\":\"https:\/\/behostels.com\/wp-content\/uploads\/2015\/06\/be_reservations_logo.jpg\",\"contentUrl\":\"https:\/\/behostels.com\/wp-content\/uploads\/2015\/06\/be_reservations_logo.jpg\",\"width\":130,\"height\":130,\"caption\":\"Be Hostels\"},\"image\":{\"@id\":\"https:\/\/behostels.com\/fr\/#\/schema\/logo\/image\/\"}}]}<\/script>\n<!-- \/ Yoast SEO plugin. -->","yoast_head_json":{"title":"Be Hostels Barcelone: \u200b\u200bReservations","description":"Politiques de r\u00e9servations et d'annulations \u00e0 Be Hostels","robots":{"index":"index","follow":"follow","max-snippet":"max-snippet:-1","max-image-preview":"max-image-preview:large","max-video-preview":"max-video-preview:-1"},"canonical":"https:\/\/behostels.com\/fr\/reservations-a-be-hostels\/","og_locale":"fr_FR","og_type":"article","og_title":"Be Hostels Barcelone: \u200b\u200bReservations","og_description":"Politiques de r\u00e9servations et d'annulations \u00e0 Be Hostels","og_url":"https:\/\/behostels.com\/fr\/reservations-a-be-hostels\/","og_site_name":"Be Hostels","article_modified_time":"2015-06-08T15:03:40+00:00","twitter_card":"summary_large_image","twitter_misc":{"Dur\u00e9e de lecture estim\u00e9e":"4 minutes"},"schema":{"@context":"https:\/\/schema.org","@graph":[{"@type":"WebPage","@id":"https:\/\/behostels.com\/fr\/reservations-a-be-hostels\/","url":"https:\/\/behostels.com\/fr\/reservations-a-be-hostels\/","name":"Be Hostels Barcelone: \u200b\u200bReservations","isPartOf":{"@id":"https:\/\/behostels.com\/fr\/#website"},"datePublished":"2015-06-08T15:02:34+00:00","dateModified":"2015-06-08T15:03:40+00:00","description":"Politiques de r\u00e9servations et d'annulations \u00e0 Be Hostels","breadcrumb":{"@id":"https:\/\/behostels.com\/fr\/reservations-a-be-hostels\/#breadcrumb"},"inLanguage":"fr-FR","potentialAction":[{"@type":"ReadAction","target":["https:\/\/behostels.com\/fr\/reservations-a-be-hostels\/"]}]},{"@type":"BreadcrumbList","@id":"https:\/\/behostels.com\/fr\/reservations-a-be-hostels\/#breadcrumb","itemListElement":[{"@type":"ListItem","position":1,"name":"Home","item":"https:\/\/behostels.com\/fr\/"},{"@type":"ListItem","position":2,"name":"R\u00e9servations \u00e0 Be Hostels"}]},{"@type":"WebSite","@id":"https:\/\/behostels.com\/fr\/#website","url":"https:\/\/behostels.com\/fr\/","name":"Be Hostels","description":"","publisher":{"@id":"https:\/\/behostels.com\/fr\/#organization"},"potentialAction":[{"@type":"SearchAction","target":{"@type":"EntryPoint","urlTemplate":"https:\/\/behostels.com\/fr\/?s={search_term_string}"},"query-input":"required name=search_term_string"}],"inLanguage":"fr-FR"},{"@type":"Organization","@id":"https:\/\/behostels.com\/fr\/#organization","name":"Be Hostels","url":"https:\/\/behostels.com\/fr\/","logo":{"@type":"ImageObject","inLanguage":"fr-FR","@id":"https:\/\/behostels.com\/fr\/#\/schema\/logo\/image\/","url":"https:\/\/behostels.com\/wp-content\/uploads\/2015\/06\/be_reservations_logo.jpg","contentUrl":"https:\/\/behostels.com\/wp-content\/uploads\/2015\/06\/be_reservations_logo.jpg","width":130,"height":130,"caption":"Be Hostels"},"image":{"@id":"https:\/\/behostels.com\/fr\/#\/schema\/logo\/image\/"}}]}},"_links":{"self":[{"href":"https:\/\/behostels.com\/fr\/wp-json\/wp\/v2\/pages\/25"}],"collection":[{"href":"https:\/\/behostels.com\/fr\/wp-json\/wp\/v2\/pages"}],"about":[{"href":"https:\/\/behostels.com\/fr\/wp-json\/wp\/v2\/types\/page"}],"author":[{"embeddable":true,"href":"https:\/\/behostels.com\/fr\/wp-json\/wp\/v2\/users\/1"}],"replies":[{"embeddable":true,"href":"https:\/\/behostels.com\/fr\/wp-json\/wp\/v2\/comments?post=25"}],"version-history":[{"count":0,"href":"https:\/\/behostels.com\/fr\/wp-json\/wp\/v2\/pages\/25\/revisions"}],"wp:attachment":[{"href":"https:\/\/behostels.com\/fr\/wp-json\/wp\/v2\/media?parent=25"}],"curies":[{"name":"wp","href":"https:\/\/api.w.org\/{rel}","templated":true}]}}