{"id":238,"date":"2015-06-10T12:50:39","date_gmt":"2015-06-10T12:50:39","guid":{"rendered":"https:\/\/behostels.com\/?page_id=238"},"modified":"2015-07-06T16:37:57","modified_gmt":"2015-07-06T16:37:57","slug":"equipements","status":"publish","type":"page","link":"https:\/\/behostels.com\/fr\/dream\/equipements\/","title":{"rendered":"Be Dream Hostel \u00c8quipements"},"content":{"rendered":"<h2>En se logeant chez Be Dream Hostel, nos visiteurs disposent automatiquement de:<\/h2>\r\n<div class=\"uk-grid\">\r\n<div class=\"uk-width-large-1-2 uk-width-medium-1-2 uk-width-small-1-1\">\r\n<ul>\r\n\t<li>Tour \u00e0 pied Gratuite<\/li>\r\n\t<li>Acc\u00e8s \u00e0 internet Gratuit<\/li>\r\n\t<li>Wifi Gratuit<\/li>\r\n\t<li>Consigne dans les chambres Gratuite<\/li>\r\n\t<li>Plan Gratuit<\/li>\r\n\t<li>Open-air saloon avec canap\u00e9s, hamacs et table de ping-pong<\/li>\r\n\t<li>Salle de t\u00e9l\u00e9vision avec Nintendo Wii, DVD et jeux de soci\u00e9t\u00e9<\/li>\r\n\t<li>Cuisine \u00e0 disposition des voyageurs<\/li>\r\n\t<li>Auberge et r\u00e9ception ouverts 24h<\/li>\r\n<\/ul>\r\n<\/div>\r\n<div class=\"uk-width-large-1-2 uk-width-medium-1-2 uk-width-small-1-1\">\r\n<ul>\r\n\t<li>Salle commune tr\u00e8s agr\u00e9able<\/li>\r\n\t<li>Climatisation et chauffage<\/li>\r\n\t<li>Activit\u00e9s tous les jours: la soir\u00e9e des tapas, celle du flamenco, pub crawls, ect..<\/li>\r\n\t<li>\u00c9quipe internationale toujours pr\u00eate \u00e0 vous aider<\/li>\r\n\t<li>Possibilit\u00e9 de nous laisser vos valises apr\u00e8s avoir lib\u00e9r\u00e9 la chambre<\/li>\r\n\t<li>Lave-linge et s\u00e8che-linge \u00e0 jetons<\/li>\r\n\t<li>Location de serviettes or draps \u00e0 2,5 \u20ac<\/li>\r\n\t<li>Stationnement pour v\u00e9los<\/li>\r\n<\/ul>\r\n<\/div>\r\n<\/div>","protected":false},"excerpt":{"rendered":"<p>En se logeant chez Be Dream Hostel, nos visiteurs disposent automatiquement de: Tour \u00e0 pied Gratuite Acc\u00e8s \u00e0 internet Gratuit Wifi Gratuit Consigne dans les chambres Gratuite Plan Gratuit Open-air saloon avec canap\u00e9s, hamacs et table de ping-pong Salle de t\u00e9l\u00e9vision avec Nintendo Wii, DVD et jeux de soci\u00e9t\u00e9 Cuisine \u00e0 disposition des voyageurs Auberge [&hellip;]<\/p>\n","protected":false},"author":1,"featured_media":0,"parent":189,"menu_order":0,"comment_status":"closed","ping_status":"open","template":"","meta":{"footnotes":""},"yoast_head":"<!-- This site is optimized with the Yoast SEO plugin v22.7 - https:\/\/yoast.com\/wordpress\/plugins\/seo\/ -->\n<title>\u00c8quipements Be Dream Hostel<\/title>\n<meta name=\"description\" content=\"Vous pouvez trouver tout ce dont vous avez besoin \u00e0 Be Dream Hostel \u00e0 Barcelone!\" \/>\n<meta name=\"robots\" content=\"index, follow, max-snippet:-1, max-image-preview:large, max-video-preview:-1\" \/>\n<link rel=\"canonical\" href=\"https:\/\/behostels.com\/fr\/dream\/equipements\/\" \/>\n<meta property=\"og:locale\" content=\"fr_FR\" \/>\n<meta property=\"og:type\" content=\"article\" \/>\n<meta property=\"og:title\" content=\"\u00c8quipements Be Dream Hostel\" \/>\n<meta property=\"og:description\" content=\"Vous pouvez trouver tout ce dont vous avez besoin \u00e0 Be Dream Hostel \u00e0 Barcelone!\" \/>\n<meta property=\"og:url\" content=\"https:\/\/behostels.com\/fr\/dream\/equipements\/\" \/>\n<meta property=\"og:site_name\" content=\"Be Hostels\" \/>\n<meta property=\"article:modified_time\" content=\"2015-07-06T16:37:57+00:00\" \/>\n<meta name=\"twitter:card\" content=\"summary_large_image\" \/>\n<meta name=\"twitter:label1\" content=\"Dur\u00e9e de lecture estim\u00e9e\" \/>\n\t<meta name=\"twitter:data1\" content=\"1 minute\" \/>\n<script type=\"application\/ld+json\" class=\"yoast-schema-graph\">{\"@context\":\"https:\/\/schema.org\",\"@graph\":[{\"@type\":\"WebPage\",\"@id\":\"https:\/\/behostels.com\/fr\/dream\/equipements\/\",\"url\":\"https:\/\/behostels.com\/fr\/dream\/equipements\/\",\"name\":\"\u00c8quipements Be Dream Hostel\",\"isPartOf\":{\"@id\":\"https:\/\/behostels.com\/fr\/#website\"},\"datePublished\":\"2015-06-10T12:50:39+00:00\",\"dateModified\":\"2015-07-06T16:37:57+00:00\",\"description\":\"Vous pouvez trouver tout ce dont vous avez besoin \u00e0 Be Dream Hostel \u00e0 Barcelone!\",\"breadcrumb\":{\"@id\":\"https:\/\/behostels.com\/fr\/dream\/equipements\/#breadcrumb\"},\"inLanguage\":\"fr-FR\",\"potentialAction\":[{\"@type\":\"ReadAction\",\"target\":[\"https:\/\/behostels.com\/fr\/dream\/equipements\/\"]}]},{\"@type\":\"BreadcrumbList\",\"@id\":\"https:\/\/behostels.com\/fr\/dream\/equipements\/#breadcrumb\",\"itemListElement\":[{\"@type\":\"ListItem\",\"position\":1,\"name\":\"Home\",\"item\":\"https:\/\/behostels.com\/fr\/\"},{\"@type\":\"ListItem\",\"position\":2,\"name\":\"Be Dream Hostel Barcelona\",\"item\":\"https:\/\/behostels.com\/fr\/dream\/\"},{\"@type\":\"ListItem\",\"position\":3,\"name\":\"Be Dream Hostel \u00c8quipements\"}]},{\"@type\":\"WebSite\",\"@id\":\"https:\/\/behostels.com\/fr\/#website\",\"url\":\"https:\/\/behostels.com\/fr\/\",\"name\":\"Be Hostels\",\"description\":\"\",\"publisher\":{\"@id\":\"https:\/\/behostels.com\/fr\/#organization\"},\"potentialAction\":[{\"@type\":\"SearchAction\",\"target\":{\"@type\":\"EntryPoint\",\"urlTemplate\":\"https:\/\/behostels.com\/fr\/?s={search_term_string}\"},\"query-input\":\"required name=search_term_string\"}],\"inLanguage\":\"fr-FR\"},{\"@type\":\"Organization\",\"@id\":\"https:\/\/behostels.com\/fr\/#organization\",\"name\":\"Be Hostels\",\"url\":\"https:\/\/behostels.com\/fr\/\",\"logo\":{\"@type\":\"ImageObject\",\"inLanguage\":\"fr-FR\",\"@id\":\"https:\/\/behostels.com\/fr\/#\/schema\/logo\/image\/\",\"url\":\"https:\/\/behostels.com\/wp-content\/uploads\/2015\/06\/be_reservations_logo.jpg\",\"contentUrl\":\"https:\/\/behostels.com\/wp-content\/uploads\/2015\/06\/be_reservations_logo.jpg\",\"width\":130,\"height\":130,\"caption\":\"Be Hostels\"},\"image\":{\"@id\":\"https:\/\/behostels.com\/fr\/#\/schema\/logo\/image\/\"}}]}<\/script>\n<!-- \/ Yoast SEO plugin. -->","yoast_head_json":{"title":"\u00c8quipements Be Dream Hostel","description":"Vous pouvez trouver tout ce dont vous avez besoin \u00e0 Be Dream Hostel \u00e0 Barcelone!","robots":{"index":"index","follow":"follow","max-snippet":"max-snippet:-1","max-image-preview":"max-image-preview:large","max-video-preview":"max-video-preview:-1"},"canonical":"https:\/\/behostels.com\/fr\/dream\/equipements\/","og_locale":"fr_FR","og_type":"article","og_title":"\u00c8quipements Be Dream Hostel","og_description":"Vous pouvez trouver tout ce dont vous avez besoin \u00e0 Be Dream Hostel \u00e0 Barcelone!","og_url":"https:\/\/behostels.com\/fr\/dream\/equipements\/","og_site_name":"Be Hostels","article_modified_time":"2015-07-06T16:37:57+00:00","twitter_card":"summary_large_image","twitter_misc":{"Dur\u00e9e de lecture estim\u00e9e":"1 minute"},"schema":{"@context":"https:\/\/schema.org","@graph":[{"@type":"WebPage","@id":"https:\/\/behostels.com\/fr\/dream\/equipements\/","url":"https:\/\/behostels.com\/fr\/dream\/equipements\/","name":"\u00c8quipements Be Dream Hostel","isPartOf":{"@id":"https:\/\/behostels.com\/fr\/#website"},"datePublished":"2015-06-10T12:50:39+00:00","dateModified":"2015-07-06T16:37:57+00:00","description":"Vous pouvez trouver tout ce dont vous avez besoin \u00e0 Be Dream Hostel \u00e0 Barcelone!","breadcrumb":{"@id":"https:\/\/behostels.com\/fr\/dream\/equipements\/#breadcrumb"},"inLanguage":"fr-FR","potentialAction":[{"@type":"ReadAction","target":["https:\/\/behostels.com\/fr\/dream\/equipements\/"]}]},{"@type":"BreadcrumbList","@id":"https:\/\/behostels.com\/fr\/dream\/equipements\/#breadcrumb","itemListElement":[{"@type":"ListItem","position":1,"name":"Home","item":"https:\/\/behostels.com\/fr\/"},{"@type":"ListItem","position":2,"name":"Be Dream Hostel Barcelona","item":"https:\/\/behostels.com\/fr\/dream\/"},{"@type":"ListItem","position":3,"name":"Be Dream Hostel \u00c8quipements"}]},{"@type":"WebSite","@id":"https:\/\/behostels.com\/fr\/#website","url":"https:\/\/behostels.com\/fr\/","name":"Be Hostels","description":"","publisher":{"@id":"https:\/\/behostels.com\/fr\/#organization"},"potentialAction":[{"@type":"SearchAction","target":{"@type":"EntryPoint","urlTemplate":"https:\/\/behostels.com\/fr\/?s={search_term_string}"},"query-input":"required name=search_term_string"}],"inLanguage":"fr-FR"},{"@type":"Organization","@id":"https:\/\/behostels.com\/fr\/#organization","name":"Be Hostels","url":"https:\/\/behostels.com\/fr\/","logo":{"@type":"ImageObject","inLanguage":"fr-FR","@id":"https:\/\/behostels.com\/fr\/#\/schema\/logo\/image\/","url":"https:\/\/behostels.com\/wp-content\/uploads\/2015\/06\/be_reservations_logo.jpg","contentUrl":"https:\/\/behostels.com\/wp-content\/uploads\/2015\/06\/be_reservations_logo.jpg","width":130,"height":130,"caption":"Be Hostels"},"image":{"@id":"https:\/\/behostels.com\/fr\/#\/schema\/logo\/image\/"}}]}},"_links":{"self":[{"href":"https:\/\/behostels.com\/fr\/wp-json\/wp\/v2\/pages\/238"}],"collection":[{"href":"https:\/\/behostels.com\/fr\/wp-json\/wp\/v2\/pages"}],"about":[{"href":"https:\/\/behostels.com\/fr\/wp-json\/wp\/v2\/types\/page"}],"author":[{"embeddable":true,"href":"https:\/\/behostels.com\/fr\/wp-json\/wp\/v2\/users\/1"}],"replies":[{"embeddable":true,"href":"https:\/\/behostels.com\/fr\/wp-json\/wp\/v2\/comments?post=238"}],"version-history":[{"count":0,"href":"https:\/\/behostels.com\/fr\/wp-json\/wp\/v2\/pages\/238\/revisions"}],"up":[{"embeddable":true,"href":"https:\/\/behostels.com\/fr\/wp-json\/wp\/v2\/pages\/189"}],"wp:attachment":[{"href":"https:\/\/behostels.com\/fr\/wp-json\/wp\/v2\/media?parent=238"}],"curies":[{"name":"wp","href":"https:\/\/api.w.org\/{rel}","templated":true}]}}