{"id":221,"date":"2015-06-10T12:39:15","date_gmt":"2015-06-10T12:39:15","guid":{"rendered":"https:\/\/behostels.com\/?page_id=221"},"modified":"2015-11-09T14:25:31","modified_gmt":"2015-11-09T14:25:31","slug":"chambres","status":"publish","type":"page","link":"https:\/\/behostels.com\/fr\/dream\/chambres\/","title":{"rendered":"Be Dream Hostel Chambres"},"content":{"rendered":"<p>Dream Hostel Be est une auberge de jeunesse moderne et confortable pr\u00e8s de la plage!<\/p>\r\n\n\n<div id=\"wk-grid36a\" class=\"uk-grid-width-1-1 uk-grid-width-medium-1-3 uk-grid uk-grid-match uk-grid-medium uk-text-center \" data-uk-grid-match=\"{target:'> div > .uk-panel', row:true}\" data-uk-grid-margin  data-uk-scrollspy=\"{cls:'uk-animation-fade uk-invisible', target:'> div > .uk-panel', delay:300}\">\n\n\n    <div>\n        <div class=\"uk-panel uk-invisible\">\n\n            \n            \n                        <div class=\"uk-text-center uk-panel-teaser\"><img loading=\"lazy\" decoding=\"async\" src=\"\/wp-content\/uploads\/2015\/11\/be-dream-barcelona-hostel-rooms-021.jpg\" class=\"uk-border-circle uk-overlay-scale\" alt=\"Shared Room 12, 8, and 6 beds\" width=\"600\" height=\"600\"><\/div>\n            \n            \n            \n            \n            \n                        <div class=\"uk-margin\"><a class=\"uk-button\" href=\"https:\/\/booking.behostels.com\/?day=05\/04\/2026&#038;nights=7&#038;hotel=dream\">Dortoirs 12, 8 et 6 lits<\/a><\/div>\n            \n            \n            \n            \n        <\/div>\n    <\/div>\n\n\n    <div>\n        <div class=\"uk-panel uk-invisible\">\n\n            \n            \n                        <div class=\"uk-text-center uk-panel-teaser\"><img loading=\"lazy\" decoding=\"async\" src=\"\/wp-content\/uploads\/2015\/11\/be-dream-barcelona-hostel-rooms-06B1.jpg\" class=\"uk-border-circle uk-overlay-scale\" alt=\"Private 4 beds\" width=\"600\" height=\"600\"><\/div>\n            \n            \n            \n            \n            \n                        <div class=\"uk-margin\"><a class=\"uk-button\" href=\"https:\/\/booking.behostels.com\/?day=05\/04\/2026&#038;nights=7&#038;hotel=dream\">Chambre priv\u00e9e de 4 lits<\/a><\/div>\n            \n            \n            \n            \n        <\/div>\n    <\/div>\n\n\n    <div>\n        <div class=\"uk-panel uk-invisible\">\n\n            \n            \n                        <div class=\"uk-text-center uk-panel-teaser\"><img loading=\"lazy\" decoding=\"async\" src=\"\/wp-content\/uploads\/2015\/11\/be-dream-barcelona-hostel-rooms-08B1.jpg\" class=\"uk-border-circle uk-overlay-scale\" alt=\"Double, Twin and Triple Room\" width=\"600\" height=\"600\"><\/div>\n            \n            \n            \n            \n            \n                        <div class=\"uk-margin\"><a class=\"uk-button\" href=\"https:\/\/booking.behostels.com\/?day=05\/04\/2026&#038;nights=7&#038;hotel=dream\">Chambre double,Twin et Triple<\/a><\/div>\n            \n            \n            \n            \n        <\/div>\n    <\/div>\n\n\n<\/div>\n\n<script>\n(function($){\n\n    \/\/ get the images of the gallery and replace it by a canvas of the same size to fix the problem with overlapping images on load.\n    $('img[width][height]:not(.uk-overlay-panel)', $('#wk-grid36a')).each(function() {\n\n        var $img = $(this);\n\n        if (this.width == 'auto' || this.height == 'auto' || !$img.is(':visible')) {\n            return;\n        }\n\n        var $canvas = $('<canvas class=\"uk-responsive-width\"><\/canvas>').attr({width:$img.attr('width'), height:$img.attr('height')}),\n            img = new Image,\n            release = function() {\n                $canvas.remove();\n                $img.css('display', '');\n                release = function(){};\n            };\n\n        $img.css('display', 'none').after($canvas);\n\n        $(img).on('load', function(){ release(); });\n        setTimeout(function(){ release(); }, 1000);\n\n        img.src = this.src;\n\n    });\n\n})(jQuery);\n<\/script>\n\r\n<br>\r\n<br>\r\n<div class=\"destacado\">\r\n\t<h2 class=\"fantasy\">Les types des chambres on pouvez trouver \u00e0 Be Dream Hostel sont:<\/h2>\r\n<ul>\r\n\t<li><strong>Dortoirs m\u00e9lang\u00e9s de 4, 6, 8 ou 12 personnes<\/strong> avec des salles de bains partag\u00e9es <\/li>\r\n\t<li><strong>Chambre Double ou 2 lits<\/strong>, avec salle de bains<\/li>\r\n\t<li><strong>Chambre priv\u00e9e de 4 lits<\/strong>, avec salle de bains <\/li>\r\n<\/ul>\r\n<\/div>\r\n<h3 class=\"fantasy\">Les <strong>Chambres Priv\u00e9es<\/strong> disposent de:<\/h3>\r\n<ul class=\"rooms\">\r\n\t<li><strong>Draps Gratuites<\/strong><\/li>\r\n\t<li> Location de serviettes \u00e0 2,5 \u20ac a la reception<\/li>\r\n\t<li><strong>Climatisation et chauffage<\/strong><\/li>\r\n\t<li><strong> Salle de bains priv\u00e9e<\/strong><\/li>\r\n<\/ul>\r\n<h3 class=\"fantasy\">Chaque dortoirs dispose de:<\/h3>\r\n<ul class=\"rooms\">\r\n\t<li>Grand <strong>consigne<\/strong> \u00e0 cote de chaque lit.<\/li>\r\n\t<li>Les consignes foncions avec des <strong>cl\u00e9s \u00e9lectroniques<\/strong> qui ouvrent la port de l\u2019auberge, la port de la chambre et la seul port de la consigne.<\/li>\r\n\t<li><strong>Climatisation<\/strong> et <strong>chauffage<\/strong><\/li>\r\n\t<li><strong>Duvet, oreiller et couverture<\/strong> Gratuite<\/li>\r\n\t<li>Location de draps ou serviettes \u00e0 2,5 \u20ac<\/li>\r\n<\/ul>","protected":false},"excerpt":{"rendered":"<p>Dream Hostel Be est une auberge de jeunesse moderne et confortable pr\u00e8s de la plage! Les types des chambres on pouvez trouver \u00e0 Be Dream Hostel sont: Dortoirs m\u00e9lang\u00e9s de 4, 6, 8 ou 12 personnes avec des salles de bains partag\u00e9es Chambre Double ou 2 lits, avec salle de bains Chambre priv\u00e9e de 4 [&hellip;]<\/p>\n","protected":false},"author":1,"featured_media":0,"parent":189,"menu_order":0,"comment_status":"closed","ping_status":"open","template":"","meta":{"footnotes":""},"yoast_head":"<!-- This site is optimized with the Yoast SEO plugin v22.7 - https:\/\/yoast.com\/wordpress\/plugins\/seo\/ -->\n<title>Chambres Be Dream Hostel juste \u00e0 c\u00f4t\u00e9 de la plage \u00e0 Barcelone<\/title>\n<meta name=\"description\" content=\"Regardez nos chambres agr\u00e9ables et confortables \u00e0 Be Dream Hostel \u00e0 Barcelone.\" \/>\n<meta name=\"robots\" content=\"index, follow, max-snippet:-1, max-image-preview:large, max-video-preview:-1\" \/>\n<link rel=\"canonical\" href=\"https:\/\/behostels.com\/fr\/dream\/chambres\/\" \/>\n<meta property=\"og:locale\" content=\"fr_FR\" \/>\n<meta property=\"og:type\" content=\"article\" \/>\n<meta property=\"og:title\" content=\"Chambres Be Dream Hostel juste \u00e0 c\u00f4t\u00e9 de la plage \u00e0 Barcelone\" \/>\n<meta property=\"og:description\" content=\"Regardez nos chambres agr\u00e9ables et confortables \u00e0 Be Dream Hostel \u00e0 Barcelone.\" \/>\n<meta property=\"og:url\" content=\"https:\/\/behostels.com\/fr\/dream\/chambres\/\" \/>\n<meta property=\"og:site_name\" content=\"Be Hostels\" \/>\n<meta property=\"article:modified_time\" content=\"2015-11-09T14:25:31+00:00\" \/>\n<meta name=\"twitter:card\" content=\"summary_large_image\" \/>\n<meta name=\"twitter:label1\" content=\"Dur\u00e9e de lecture estim\u00e9e\" \/>\n\t<meta name=\"twitter:data1\" content=\"1 minute\" \/>\n<script type=\"application\/ld+json\" class=\"yoast-schema-graph\">{\"@context\":\"https:\/\/schema.org\",\"@graph\":[{\"@type\":\"WebPage\",\"@id\":\"https:\/\/behostels.com\/fr\/dream\/chambres\/\",\"url\":\"https:\/\/behostels.com\/fr\/dream\/chambres\/\",\"name\":\"Chambres Be Dream Hostel juste \u00e0 c\u00f4t\u00e9 de la plage \u00e0 Barcelone\",\"isPartOf\":{\"@id\":\"https:\/\/behostels.com\/fr\/#website\"},\"datePublished\":\"2015-06-10T12:39:15+00:00\",\"dateModified\":\"2015-11-09T14:25:31+00:00\",\"description\":\"Regardez nos chambres agr\u00e9ables et confortables \u00e0 Be Dream Hostel \u00e0 Barcelone.\",\"breadcrumb\":{\"@id\":\"https:\/\/behostels.com\/fr\/dream\/chambres\/#breadcrumb\"},\"inLanguage\":\"fr-FR\",\"potentialAction\":[{\"@type\":\"ReadAction\",\"target\":[\"https:\/\/behostels.com\/fr\/dream\/chambres\/\"]}]},{\"@type\":\"BreadcrumbList\",\"@id\":\"https:\/\/behostels.com\/fr\/dream\/chambres\/#breadcrumb\",\"itemListElement\":[{\"@type\":\"ListItem\",\"position\":1,\"name\":\"Home\",\"item\":\"https:\/\/behostels.com\/fr\/\"},{\"@type\":\"ListItem\",\"position\":2,\"name\":\"Be Dream Hostel Barcelona\",\"item\":\"https:\/\/behostels.com\/fr\/dream\/\"},{\"@type\":\"ListItem\",\"position\":3,\"name\":\"Be Dream Hostel Chambres\"}]},{\"@type\":\"WebSite\",\"@id\":\"https:\/\/behostels.com\/fr\/#website\",\"url\":\"https:\/\/behostels.com\/fr\/\",\"name\":\"Be Hostels\",\"description\":\"\",\"publisher\":{\"@id\":\"https:\/\/behostels.com\/fr\/#organization\"},\"potentialAction\":[{\"@type\":\"SearchAction\",\"target\":{\"@type\":\"EntryPoint\",\"urlTemplate\":\"https:\/\/behostels.com\/fr\/?s={search_term_string}\"},\"query-input\":\"required name=search_term_string\"}],\"inLanguage\":\"fr-FR\"},{\"@type\":\"Organization\",\"@id\":\"https:\/\/behostels.com\/fr\/#organization\",\"name\":\"Be Hostels\",\"url\":\"https:\/\/behostels.com\/fr\/\",\"logo\":{\"@type\":\"ImageObject\",\"inLanguage\":\"fr-FR\",\"@id\":\"https:\/\/behostels.com\/fr\/#\/schema\/logo\/image\/\",\"url\":\"https:\/\/behostels.com\/wp-content\/uploads\/2015\/06\/be_reservations_logo.jpg\",\"contentUrl\":\"https:\/\/behostels.com\/wp-content\/uploads\/2015\/06\/be_reservations_logo.jpg\",\"width\":130,\"height\":130,\"caption\":\"Be Hostels\"},\"image\":{\"@id\":\"https:\/\/behostels.com\/fr\/#\/schema\/logo\/image\/\"}}]}<\/script>\n<!-- \/ Yoast SEO plugin. -->","yoast_head_json":{"title":"Chambres Be Dream Hostel juste \u00e0 c\u00f4t\u00e9 de la plage \u00e0 Barcelone","description":"Regardez nos chambres agr\u00e9ables et confortables \u00e0 Be Dream Hostel \u00e0 Barcelone.","robots":{"index":"index","follow":"follow","max-snippet":"max-snippet:-1","max-image-preview":"max-image-preview:large","max-video-preview":"max-video-preview:-1"},"canonical":"https:\/\/behostels.com\/fr\/dream\/chambres\/","og_locale":"fr_FR","og_type":"article","og_title":"Chambres Be Dream Hostel juste \u00e0 c\u00f4t\u00e9 de la plage \u00e0 Barcelone","og_description":"Regardez nos chambres agr\u00e9ables et confortables \u00e0 Be Dream Hostel \u00e0 Barcelone.","og_url":"https:\/\/behostels.com\/fr\/dream\/chambres\/","og_site_name":"Be Hostels","article_modified_time":"2015-11-09T14:25:31+00:00","twitter_card":"summary_large_image","twitter_misc":{"Dur\u00e9e de lecture estim\u00e9e":"1 minute"},"schema":{"@context":"https:\/\/schema.org","@graph":[{"@type":"WebPage","@id":"https:\/\/behostels.com\/fr\/dream\/chambres\/","url":"https:\/\/behostels.com\/fr\/dream\/chambres\/","name":"Chambres Be Dream Hostel juste \u00e0 c\u00f4t\u00e9 de la plage \u00e0 Barcelone","isPartOf":{"@id":"https:\/\/behostels.com\/fr\/#website"},"datePublished":"2015-06-10T12:39:15+00:00","dateModified":"2015-11-09T14:25:31+00:00","description":"Regardez nos chambres agr\u00e9ables et confortables \u00e0 Be Dream Hostel \u00e0 Barcelone.","breadcrumb":{"@id":"https:\/\/behostels.com\/fr\/dream\/chambres\/#breadcrumb"},"inLanguage":"fr-FR","potentialAction":[{"@type":"ReadAction","target":["https:\/\/behostels.com\/fr\/dream\/chambres\/"]}]},{"@type":"BreadcrumbList","@id":"https:\/\/behostels.com\/fr\/dream\/chambres\/#breadcrumb","itemListElement":[{"@type":"ListItem","position":1,"name":"Home","item":"https:\/\/behostels.com\/fr\/"},{"@type":"ListItem","position":2,"name":"Be Dream Hostel Barcelona","item":"https:\/\/behostels.com\/fr\/dream\/"},{"@type":"ListItem","position":3,"name":"Be Dream Hostel Chambres"}]},{"@type":"WebSite","@id":"https:\/\/behostels.com\/fr\/#website","url":"https:\/\/behostels.com\/fr\/","name":"Be Hostels","description":"","publisher":{"@id":"https:\/\/behostels.com\/fr\/#organization"},"potentialAction":[{"@type":"SearchAction","target":{"@type":"EntryPoint","urlTemplate":"https:\/\/behostels.com\/fr\/?s={search_term_string}"},"query-input":"required name=search_term_string"}],"inLanguage":"fr-FR"},{"@type":"Organization","@id":"https:\/\/behostels.com\/fr\/#organization","name":"Be Hostels","url":"https:\/\/behostels.com\/fr\/","logo":{"@type":"ImageObject","inLanguage":"fr-FR","@id":"https:\/\/behostels.com\/fr\/#\/schema\/logo\/image\/","url":"https:\/\/behostels.com\/wp-content\/uploads\/2015\/06\/be_reservations_logo.jpg","contentUrl":"https:\/\/behostels.com\/wp-content\/uploads\/2015\/06\/be_reservations_logo.jpg","width":130,"height":130,"caption":"Be Hostels"},"image":{"@id":"https:\/\/behostels.com\/fr\/#\/schema\/logo\/image\/"}}]}},"_links":{"self":[{"href":"https:\/\/behostels.com\/fr\/wp-json\/wp\/v2\/pages\/221"}],"collection":[{"href":"https:\/\/behostels.com\/fr\/wp-json\/wp\/v2\/pages"}],"about":[{"href":"https:\/\/behostels.com\/fr\/wp-json\/wp\/v2\/types\/page"}],"author":[{"embeddable":true,"href":"https:\/\/behostels.com\/fr\/wp-json\/wp\/v2\/users\/1"}],"replies":[{"embeddable":true,"href":"https:\/\/behostels.com\/fr\/wp-json\/wp\/v2\/comments?post=221"}],"version-history":[{"count":0,"href":"https:\/\/behostels.com\/fr\/wp-json\/wp\/v2\/pages\/221\/revisions"}],"up":[{"embeddable":true,"href":"https:\/\/behostels.com\/fr\/wp-json\/wp\/v2\/pages\/189"}],"wp:attachment":[{"href":"https:\/\/behostels.com\/fr\/wp-json\/wp\/v2\/media?parent=221"}],"curies":[{"name":"wp","href":"https:\/\/api.w.org\/{rel}","templated":true}]}}