{"id":203,"date":"2015-06-10T12:27:52","date_gmt":"2015-06-10T12:27:52","guid":{"rendered":"https:\/\/behostels.com\/?page_id=203"},"modified":"2015-09-17T16:12:26","modified_gmt":"2015-09-17T16:12:26","slug":"situation","status":"publish","type":"page","link":"https:\/\/behostels.com\/fr\/dream\/situation\/","title":{"rendered":"Be Dream Hostel Barcelona Situation"},"content":{"rendered":"<h2>Be Dream Hostel est l&rsquo;auberge Soyez parfait \u00e0 c\u00f4t\u00e9 de la plage!<\/h2>\r\n\n<script type=\"widgetkit\/map\" data-id=\"wk-map69e7757ed8a9b\" data-class=\" uk-img-preserve\" data-style=\"width:auto;height:600px;\">\n    {\"width\":\"auto\",\"height\":\"600\",\"maptypeid\":\"roadmap\",\"maptypecontrol\":false,\"mapctrl\":true,\"zoom\":\"16\",\"marker\":\"3\",\"marker_icon\":\"\",\"markercluster\":false,\"popup_max_width\":\"400\",\"zoomwheel\":false,\"draggable\":false,\"directions\":false,\"disabledefaultui\":false,\"styler_invert_lightness\":false,\"styler_hue\":\"\",\"styler_saturation\":0,\"styler_lightness\":0,\"styler_gamma\":0,\"media\":false,\"image_width\":\"auto\",\"image_height\":\"auto\",\"media_align\":\"top\",\"media_width\":\"1-4\",\"media_breakpoint\":\"medium\",\"media_border\":\"none\",\"media_overlay\":\"none\",\"overlay_animation\":\"fade\",\"media_animation\":\"none\",\"title\":false,\"content\":true,\"social_buttons\":true,\"title_size\":\"h4\",\"text_align\":\"left\",\"link\":true,\"link_style\":\"button\",\"link_text\":\"Read more\",\"link_target\":false,\"class\":\"\",\"markers\":[{\"lat\":41.444102,\"lng\":2.236906,\"icon\":\"\",\"title\":\"BE DREAM HOSTEL BARCELONA\",\"content\":\"\\n<div class=\\\"uk-text-left\\\">\\n\\n    \\n    \\n    \\n    \\n        <div class=\\\"uk-margin\\\"><img decoding=\\\"async\\\" src=\\\"\\\/wp-content\\\/uploads\\\/2015\\\/06\\\/be-dream-hostel.png\\\" style=\\\"height:36px ; width:auto;\\\" \\\/><br\\\/>\\n<p class=\\\"uk-text-small\\\">Ave. Alfonso XIII \\u2013 28 B,<br\\\/>\\n08912 Badalona, Barcelona \\u2013 Spain<br>\\nTel:(+34) 93 399 14 20 <br\\\/>\\ndream@behostels.com<br>\\n<\\\/p><\\\/div>\\n    \\n    \\n    \\n    \\n<\\\/div>\\n\"},{\"lat\":41.3775039,\"lng\":2.172548,\"icon\":\"\",\"title\":\"BE RAMBLAS HOTEL BARCELONA\",\"content\":\"\\n<div class=\\\"uk-text-left\\\">\\n\\n    \\n    \\n    \\n    \\n        <div class=\\\"uk-margin\\\"><img decoding=\\\"async\\\" src=\\\"\\\/wp-content\\\/uploads\\\/2015\\\/06\\\/be-ramblas-hotel-private-rooms.png\\\" style=\\\"height:36px ; width:auto;\\\"\\\/><br\\\/>\\n<p class=\\\"uk-text-small\\\">Carrer Nou de La Rambla 50<br>\\n08001 Barcelona-Spain<br>\\nTel:(+34) 93 442 3669<br>\\nramblas@behostels.com<br>\\n<\\\/p><\\\/div>\\n    \\n    \\n    \\n    \\n<\\\/div>\\n\"},{\"lat\":41.3773651,\"lng\":2.1701548999999,\"icon\":\"\",\"title\":\"BE MAR HOSTEL BARCELONA\",\"content\":\"\\n<div class=\\\"uk-text-left\\\">\\n\\n    \\n    \\n    \\n    \\n        <div class=\\\"uk-margin\\\"><img decoding=\\\"async\\\" src=\\\"\\\/wp-content\\\/uploads\\\/2015\\\/06\\\/be-mar-hostel.png\\\" style=\\\"height:36px ; width:auto;\\\" \\\/><br\\\/>\\n<p class=\\\"uk-text-small\\\">Carrer Sant Pau 80<br>\\n08001 Barcelona-Spain<br>\\nTel:(+34) 93 324 85 30<br>\\nmar@behostels.com<br>\\n<\\\/p><\\\/div>\\n    \\n    \\n    \\n    \\n<\\\/div>\\n\"},{\"lat\":41.3758458,\"lng\":2.1709845,\"icon\":\"\",\"title\":\"BE SOUND HOSTEL BARCELONA\",\"content\":\"\\n<div class=\\\"uk-text-left\\\">\\n\\n    \\n    \\n    \\n    \\n        <div class=\\\"uk-margin\\\"><img decoding=\\\"async\\\" src=\\\"\\\/wp-content\\\/uploads\\\/2015\\\/06\\\/be-sound-hostel.png\\\" style=\\\"height:36px ; width:auto;\\\" \\\/><br\\\/>\\n<p class=\\\"uk-text-small\\\">Carrer Nou de La Rambla 91<br>\\n08001 Barcelona-Spain<br>\\nTel:(+34) 93 185 0800<br>\\nsound@behostels.com<br>\\n<\\\/p><\\\/div>\\n    \\n    \\n    \\n    \\n<\\\/div>\\n\"},{\"lat\":41.3791501,\"lng\":2.1721979,\"icon\":\"\",\"title\":\"BE APARTMENTS BARCELONA\",\"content\":\"\\n<div class=\\\"uk-text-left\\\">\\n\\n    \\n    \\n    \\n    \\n        <div class=\\\"uk-margin\\\"><img decoding=\\\"async\\\" src=\\\"\\\/wp-content\\\/uploads\\\/2015\\\/06\\\/be-hostels-apartments-barcelona.png\\\" style=\\\"height:36px ; width:auto;\\\"  \\\/><br\\\/>\\n<p class=\\\"uk-text-small\\\">Carrer Sant Pau 29<br\\\/>\\n08001 Barcelona-Spain<br>\\nTel:(+34) 93 185 0800<br>\\nsound@behostels.com<br>\\n<\\\/p><\\\/div>\\n    \\n    \\n    \\n    \\n<\\\/div>\\n\"}],\"directionsText\":\"Obtenir les directions\"}<\/script>\n\r\n<br>\r\n<ul class=\"rooms\">\r\n\t<li>5m \u00e0 pieds de la plage<\/li>\r\n\t<li>2m \u00e0 pieds a le metro<\/li>\r\n\t<li>15m en metro de le centre ville<\/li>\r\n\t<li>10m de la Sagrada Familia<\/li>\r\n\t<li>Supermarach\u00e9  proche<\/li>\r\n<\/ul>\r\n<div class=\"uk-text-center uk-margin\">\r\n<div class=\"download\">\r\n<a href=\"https:\/\/behostels.com\/wp-content\/uploads\/PDF-Be-Hostels-Dream.pdf\" target=\"_blank\"> \r\n\t<i class=\"uk-icon-file-pdf-o uk-icon-large\"><\/i>\r\n\t\t<strong>T\u00e9l\u00e9chargez<\/strong> notre imprimable \u00ab\u00a0carte de comment arriver\u00a0\u00bb (en anglais)\r\n<\/a>\r\n<\/div>\r\n\t<\/div>\r\n&nbsp;\r\n<h2 class=\"fantasy\">Comment arriver \u00e0<a class=\"invisible\" href=\"http:\/\/www.behostels.com\/dream\"> Be Dream Hostel<\/a>?<\/h2>\r\n<p>Arriver au <a class=\"invisible\" href=\"http:\/\/www.behostels.com\/dream\">Be Dream Hostel<\/a> est tr\u00e8s facile! Voici les indications pour arriver chez nous selon l&rsquo;endroit d\u2019o\u00f9 vous venez. Faites un tr\u00e8s bon voyage et \u00e0 bient\u00f4t \u00e0 Badalona!\r\n<\/p>\r\n\r\n<p>\r\nL\u2019auberge <a href=\"http:\/\/www.behostels.com\/dream\" class=\"invisible\">Be Dream Hostel<\/a> se trouve devant de l\u2019station Pep Ventura, Ligne violet (L2) de m\u00e9tro. On est \u00e0 15min. de la plus part des monuments touristiques de Barcelone (La Sagrada Familia de Gaudi est sur la m\u00eame ligne de m\u00e9tro). Pour arriver \u00e0 l\u2019auberge il ne faut que trouver la ligne violette (L2) et descendre \u00e0 Pep Ventura.\r\n<\/p>\r\n<p>\r\nUne fois \u00e0 Pep Ventura prenez la sortie Avenida Alfonso XIII. En Sortant vous verrez l\u2019affiche en couleur orange \u00ab UNI DENTAL \u00bb Marchez ver l\u2019affiche : on est juste en face le dentiste Avenida Alfonso XIII #28B\r\n<\/p>\r\n&nbsp;\r\n\n<div  data-uk-scrollspy=\"{target:'> div > [data-uk-scrollspy-cls]', delay:300}\">\n\n\n    \n    <div class=\"uk-grid uk-text-left uk-flex-middle\" data-uk-grid-match data-uk-margin=\"{cls:'uk-margin-top'}\">\n\n                <div class=\"uk-width-medium-3-10 uk-text-center uk-invisible\"  data-uk-scrollspy-cls=\"uk-animation-fade uk-invisible\">\n            <div class=\"uk-overlay uk-overlay-hover uk-border-circle\"><img decoding=\"async\" src=\"\/wp-content\/uploads\/2015\/07\/aerobus-barcelona.jpg\" class=\"uk-border-circle uk-overlay-scale\" alt=\"L\u2019Aeroport de Barcelone: El Prat\"><div class=\"uk-overlay-panel uk-overlay-background uk-overlay-icon uk-overlay-fade\"><\/div><\/div>        <\/div>\n        \n                <div class=\"uk-width-medium-7-10 uk-invisible\"  data-uk-scrollspy-cls=\"uk-animation-slide-right uk-invisible\">\n            <div class=\"uk-panel uk-panel-space uk-width-1-1\">\n\n                \n                                <h3 class=\"uk-panel-title\">\n\n                                            L\u2019Aeroport de Barcelone: El Prat                    \n                    \n                <\/h3>\n                \n                                <div class=\"uk-margin\"><p>Prenez L\u2019Aerobus jusqu\u2019au centre ville et descendez \u00e0 Plaza Universitat, l\u00e0 il y a le m\u00e9tro Ligne violet (L2). Vous devez prendre le m\u00e9tro direction Badalona et descendre \u00e0 la station Pep Ventura. On est l\u00e0.<strong><a title=\"Barcelona Transport\" href=\"http:\/\/behostels.com\/barcelona-transport-system-how-to-get-be-hostels\/\"> Horaires et Tarifs (version anglaise)<\/a><\/strong><\/p><\/div>\n                \n                \n                \n            <\/div>\n        <\/div>\n        \n    <\/div>\n\n    \n\n    \n    <div class=\"uk-grid uk-text-left uk-flex-middle\" data-uk-grid-match data-uk-margin=\"{cls:'uk-margin-top'}\">\n\n                <div class=\"uk-width-medium-3-10 uk-text-center uk-float-right uk-flex-order-last-medium uk-invisible\"  data-uk-scrollspy-cls=\"uk-animation-fade uk-invisible\">\n            <div class=\"uk-overlay uk-overlay-hover uk-border-circle\"><img decoding=\"async\" src=\"\/wp-content\/uploads\/2015\/07\/shuttle-girona-airport.jpg\" class=\"uk-border-circle uk-overlay-scale\" alt=\"De l\u2019a\u00e9roport de Girona ou Estaci\u00f3 del Nord\"><div class=\"uk-overlay-panel uk-overlay-background uk-overlay-icon uk-overlay-fade\"><\/div><\/div>        <\/div>\n        \n                <div class=\"uk-width-medium-7-10 uk-invisible\"  data-uk-scrollspy-cls=\"uk-animation-slide-left uk-invisible\">\n            <div class=\"uk-panel uk-panel-space uk-width-1-1\">\n\n                \n                                <h3 class=\"uk-panel-title\">\n\n                                            De l\u2019a\u00e9roport de Girona ou Estaci\u00f3 del Nord                    \n                    \n                <\/h3>\n                \n                                <div class=\"uk-margin\"><p>Si vous venez de l\u2019a\u00e9roport de Girona vous devrez prendre la navette qui vous am\u00e8ne au Centre ville \u00e0 l\u2019Estaci\u00f3 Nord de bus. Ceci cet un trajet d\u2019une heure quinze minutes. Arriv\u00e9s \u00e0 l\u2019Estaci\u00f3 Nord \u00e0 c\u00f4t\u00e9 il y a l\u2019arr\u00eat de m\u00e9tro Arc de Triumph, ligne rouge (L1), prenez le m\u00e9tro direction Fondo et descendez \u00e0 Clot, l\u00e0 vous changerez de ligne (L1) \u00e0 la ligne (L2). Vous desendez \u00e0 la station Pep Ventura, l\u2019auberge c\u2019est juste en face.<strong><a title=\"Barcelona Transport\" href=\"http:\/\/behostels.com\/barcelona-transport-system-how-to-get-be-hostels\/\"> Horaires et Tarifs (version anglaise)<\/a><\/strong><\/p><\/div>\n                \n                \n                \n            <\/div>\n        <\/div>\n        \n    <\/div>\n\n    \n\n<\/div>\n\r\n<div class=\"destacado\">\r\n<h2 class=\"fantasy\">Pr\u00eater attention<\/h2>\r\n<ul>\r\n\t<li>Cette information n&rsquo;inclut pas les prix. Pour plus d&rsquo;informations sur les prix et les d\u00e9tails s&rsquo;il vous pla\u00eet v\u00e9rifier <strong><a title=\"Barcelona Transport\" href=\"https:\/\/behostels.com\/barcelona-transport-system-how-to-get-be-hostels\/\">Barcelona transport ( Version Anglaise )<\/a><\/strong><\/li>\r\n<\/ul>\r\n<\/div>\r\n<div class=\"uk-grid\">\r\n\t<div class=\"uk-width-1-2 uk-container-center\">\r\n\n<div data-uk-slideshow=\"{autoplay: true ,autoplayInterval: 3000}\">\n\n    <div class=\"uk-slidenav-position\">\n\n        <ul class=\"uk-slideshow\">\n        \n            <li style=\"min-height: 100px;\">\n\n                \n                    <img decoding=\"async\" src=\"\/wp-content\/plugins\/widgetkit\/cache\/pic1-0702a17f4c7d02197c6adb9a5d5ea4cc.png\" alt=\"Pic1\" height=\"400\">\n                    \n                    \n                    \n                \n            <\/li>\n\n        \n            <li style=\"min-height: 100px;\">\n\n                \n                    <img decoding=\"async\" src=\"\/wp-content\/plugins\/widgetkit\/cache\/pic2-28a4ad5acab9863dd0757aa115a95c39.png\" alt=\"Pic2\" height=\"400\">\n                    \n                    \n                    \n                \n            <\/li>\n\n        \n            <li style=\"min-height: 100px;\">\n\n                \n                    <img decoding=\"async\" src=\"\/wp-content\/plugins\/widgetkit\/cache\/pic3-2708a0df01c2881fbe82aff523f2ee3a.png\" alt=\"Pic3\" height=\"400\">\n                    \n                    \n                    \n                \n            <\/li>\n\n        \n            <li style=\"min-height: 100px;\">\n\n                \n                    <img decoding=\"async\" src=\"\/wp-content\/plugins\/widgetkit\/cache\/pic4-9719e26af783f67dc40862ade9b82d27.png\" alt=\"Pic4\" height=\"400\">\n                    \n                    \n                    \n                \n            <\/li>\n\n        \n            <li style=\"min-height: 100px;\">\n\n                \n                    <img decoding=\"async\" src=\"\/wp-content\/plugins\/widgetkit\/cache\/pic5-b61d9d1806d4bcf57bd41eaddfe96509.png\" alt=\"Pic5\" height=\"400\">\n                    \n                    \n                    \n                \n            <\/li>\n\n        \n            <li style=\"min-height: 100px;\">\n\n                \n                    <img decoding=\"async\" src=\"\/wp-content\/plugins\/widgetkit\/cache\/pic6-322e0e57ed4161b2552fd3b883ca10e0.png\" alt=\"Pic6\" height=\"400\">\n                    \n                    \n                    \n                \n            <\/li>\n\n        \n            <li style=\"min-height: 100px;\">\n\n                \n                    <img decoding=\"async\" src=\"\/wp-content\/plugins\/widgetkit\/cache\/pic8-45cf1a4fde25da257bd39789adff6b67.png\" alt=\"Pic8\" height=\"400\">\n                    \n                    \n                    \n                \n            <\/li>\n\n                <\/ul>\n\n                <a href=\"#\" class=\"uk-slidenav uk-slidenav-contrast uk-slidenav-previous uk-hidden-touch\" data-uk-slideshow-item=\"previous\"><\/a>\n        <a href=\"#\" class=\"uk-slidenav uk-slidenav-contrast uk-slidenav-next uk-hidden-touch\" data-uk-slideshow-item=\"next\"><\/a>\n        \n                <div class=\"uk-overlay-panel uk-overlay-bottom\">\n            \n<ul class=\"uk-dotnav uk-dotnav-contrast uk-flex-center\">\n    <li data-uk-slideshow-item=\"0\"><a href=\"#\">Pic1<\/a><\/li>\n    <li data-uk-slideshow-item=\"1\"><a href=\"#\">Pic2<\/a><\/li>\n    <li data-uk-slideshow-item=\"2\"><a href=\"#\">Pic3<\/a><\/li>\n    <li data-uk-slideshow-item=\"3\"><a href=\"#\">Pic4<\/a><\/li>\n    <li data-uk-slideshow-item=\"4\"><a href=\"#\">Pic5<\/a><\/li>\n    <li data-uk-slideshow-item=\"5\"><a href=\"#\">Pic6<\/a><\/li>\n    <li data-uk-slideshow-item=\"6\"><a href=\"#\">Pic8<\/a><\/li>\n<\/ul>\n        <\/div>\n        \n    <\/div>\n\n    \n<\/div>\n\r\n\t<\/div>\r\n<\/div>","protected":false},"excerpt":{"rendered":"<p>Be Dream Hostel est l&rsquo;auberge Soyez parfait \u00e0 c\u00f4t\u00e9 de la plage! 5m \u00e0 pieds de la plage 2m \u00e0 pieds a le metro 15m en metro de le centre ville 10m de la Sagrada Familia Supermarach\u00e9 proche T\u00e9l\u00e9chargez notre imprimable \u00ab\u00a0carte de comment arriver\u00a0\u00bb (en anglais) &nbsp; Comment arriver \u00e0 Be Dream Hostel? Arriver [&hellip;]<\/p>\n","protected":false},"author":1,"featured_media":0,"parent":189,"menu_order":0,"comment_status":"closed","ping_status":"open","template":"","meta":{"footnotes":""},"yoast_head":"<!-- This site is optimized with the Yoast SEO plugin v22.7 - https:\/\/yoast.com\/wordpress\/plugins\/seo\/ -->\n<title>La Situation Be Dream Hostel \u00e0 Barcelone pr\u00e8s de la plage!<\/title>\n<meta name=\"description\" content=\"Restez \u00e0 Barcelone Dream Hostel! Tr\u00e8s proche de la plage, beau quartier de Badalona, \u200b\u200bmeilleur emplacement!\" \/>\n<meta name=\"robots\" content=\"index, follow, max-snippet:-1, max-image-preview:large, max-video-preview:-1\" \/>\n<link rel=\"canonical\" href=\"https:\/\/behostels.com\/fr\/dream\/situation\/\" \/>\n<meta property=\"og:locale\" content=\"fr_FR\" \/>\n<meta property=\"og:type\" content=\"article\" \/>\n<meta property=\"og:title\" content=\"La Situation Be Dream Hostel \u00e0 Barcelone pr\u00e8s de la plage!\" \/>\n<meta property=\"og:description\" content=\"Restez \u00e0 Barcelone Dream Hostel! Tr\u00e8s proche de la plage, beau quartier de Badalona, \u200b\u200bmeilleur emplacement!\" \/>\n<meta property=\"og:url\" content=\"https:\/\/behostels.com\/fr\/dream\/situation\/\" \/>\n<meta property=\"og:site_name\" content=\"Be Hostels\" \/>\n<meta property=\"article:modified_time\" content=\"2015-09-17T16:12:26+00:00\" \/>\n<meta name=\"twitter:card\" content=\"summary_large_image\" \/>\n<meta name=\"twitter:label1\" content=\"Dur\u00e9e de lecture estim\u00e9e\" \/>\n\t<meta name=\"twitter:data1\" content=\"1 minute\" \/>\n<script type=\"application\/ld+json\" class=\"yoast-schema-graph\">{\"@context\":\"https:\/\/schema.org\",\"@graph\":[{\"@type\":\"WebPage\",\"@id\":\"https:\/\/behostels.com\/fr\/dream\/situation\/\",\"url\":\"https:\/\/behostels.com\/fr\/dream\/situation\/\",\"name\":\"La Situation Be Dream Hostel \u00e0 Barcelone pr\u00e8s de la plage!\",\"isPartOf\":{\"@id\":\"https:\/\/behostels.com\/fr\/#website\"},\"datePublished\":\"2015-06-10T12:27:52+00:00\",\"dateModified\":\"2015-09-17T16:12:26+00:00\",\"description\":\"Restez \u00e0 Barcelone Dream Hostel! Tr\u00e8s proche de la plage, beau quartier de Badalona, \u200b\u200bmeilleur emplacement!\",\"breadcrumb\":{\"@id\":\"https:\/\/behostels.com\/fr\/dream\/situation\/#breadcrumb\"},\"inLanguage\":\"fr-FR\",\"potentialAction\":[{\"@type\":\"ReadAction\",\"target\":[\"https:\/\/behostels.com\/fr\/dream\/situation\/\"]}]},{\"@type\":\"BreadcrumbList\",\"@id\":\"https:\/\/behostels.com\/fr\/dream\/situation\/#breadcrumb\",\"itemListElement\":[{\"@type\":\"ListItem\",\"position\":1,\"name\":\"Home\",\"item\":\"https:\/\/behostels.com\/fr\/\"},{\"@type\":\"ListItem\",\"position\":2,\"name\":\"Be Dream Hostel Barcelona\",\"item\":\"https:\/\/behostels.com\/fr\/dream\/\"},{\"@type\":\"ListItem\",\"position\":3,\"name\":\"Be Dream Hostel Barcelona Situation\"}]},{\"@type\":\"WebSite\",\"@id\":\"https:\/\/behostels.com\/fr\/#website\",\"url\":\"https:\/\/behostels.com\/fr\/\",\"name\":\"Be Hostels\",\"description\":\"\",\"publisher\":{\"@id\":\"https:\/\/behostels.com\/fr\/#organization\"},\"potentialAction\":[{\"@type\":\"SearchAction\",\"target\":{\"@type\":\"EntryPoint\",\"urlTemplate\":\"https:\/\/behostels.com\/fr\/?s={search_term_string}\"},\"query-input\":\"required name=search_term_string\"}],\"inLanguage\":\"fr-FR\"},{\"@type\":\"Organization\",\"@id\":\"https:\/\/behostels.com\/fr\/#organization\",\"name\":\"Be Hostels\",\"url\":\"https:\/\/behostels.com\/fr\/\",\"logo\":{\"@type\":\"ImageObject\",\"inLanguage\":\"fr-FR\",\"@id\":\"https:\/\/behostels.com\/fr\/#\/schema\/logo\/image\/\",\"url\":\"https:\/\/behostels.com\/wp-content\/uploads\/2015\/06\/be_reservations_logo.jpg\",\"contentUrl\":\"https:\/\/behostels.com\/wp-content\/uploads\/2015\/06\/be_reservations_logo.jpg\",\"width\":130,\"height\":130,\"caption\":\"Be Hostels\"},\"image\":{\"@id\":\"https:\/\/behostels.com\/fr\/#\/schema\/logo\/image\/\"}}]}<\/script>\n<!-- \/ Yoast SEO plugin. -->","yoast_head_json":{"title":"La Situation Be Dream Hostel \u00e0 Barcelone pr\u00e8s de la plage!","description":"Restez \u00e0 Barcelone Dream Hostel! Tr\u00e8s proche de la plage, beau quartier de Badalona, \u200b\u200bmeilleur emplacement!","robots":{"index":"index","follow":"follow","max-snippet":"max-snippet:-1","max-image-preview":"max-image-preview:large","max-video-preview":"max-video-preview:-1"},"canonical":"https:\/\/behostels.com\/fr\/dream\/situation\/","og_locale":"fr_FR","og_type":"article","og_title":"La Situation Be Dream Hostel \u00e0 Barcelone pr\u00e8s de la plage!","og_description":"Restez \u00e0 Barcelone Dream Hostel! Tr\u00e8s proche de la plage, beau quartier de Badalona, \u200b\u200bmeilleur emplacement!","og_url":"https:\/\/behostels.com\/fr\/dream\/situation\/","og_site_name":"Be Hostels","article_modified_time":"2015-09-17T16:12:26+00:00","twitter_card":"summary_large_image","twitter_misc":{"Dur\u00e9e de lecture estim\u00e9e":"1 minute"},"schema":{"@context":"https:\/\/schema.org","@graph":[{"@type":"WebPage","@id":"https:\/\/behostels.com\/fr\/dream\/situation\/","url":"https:\/\/behostels.com\/fr\/dream\/situation\/","name":"La Situation Be Dream Hostel \u00e0 Barcelone pr\u00e8s de la plage!","isPartOf":{"@id":"https:\/\/behostels.com\/fr\/#website"},"datePublished":"2015-06-10T12:27:52+00:00","dateModified":"2015-09-17T16:12:26+00:00","description":"Restez \u00e0 Barcelone Dream Hostel! Tr\u00e8s proche de la plage, beau quartier de Badalona, \u200b\u200bmeilleur emplacement!","breadcrumb":{"@id":"https:\/\/behostels.com\/fr\/dream\/situation\/#breadcrumb"},"inLanguage":"fr-FR","potentialAction":[{"@type":"ReadAction","target":["https:\/\/behostels.com\/fr\/dream\/situation\/"]}]},{"@type":"BreadcrumbList","@id":"https:\/\/behostels.com\/fr\/dream\/situation\/#breadcrumb","itemListElement":[{"@type":"ListItem","position":1,"name":"Home","item":"https:\/\/behostels.com\/fr\/"},{"@type":"ListItem","position":2,"name":"Be Dream Hostel Barcelona","item":"https:\/\/behostels.com\/fr\/dream\/"},{"@type":"ListItem","position":3,"name":"Be Dream Hostel Barcelona Situation"}]},{"@type":"WebSite","@id":"https:\/\/behostels.com\/fr\/#website","url":"https:\/\/behostels.com\/fr\/","name":"Be Hostels","description":"","publisher":{"@id":"https:\/\/behostels.com\/fr\/#organization"},"potentialAction":[{"@type":"SearchAction","target":{"@type":"EntryPoint","urlTemplate":"https:\/\/behostels.com\/fr\/?s={search_term_string}"},"query-input":"required name=search_term_string"}],"inLanguage":"fr-FR"},{"@type":"Organization","@id":"https:\/\/behostels.com\/fr\/#organization","name":"Be Hostels","url":"https:\/\/behostels.com\/fr\/","logo":{"@type":"ImageObject","inLanguage":"fr-FR","@id":"https:\/\/behostels.com\/fr\/#\/schema\/logo\/image\/","url":"https:\/\/behostels.com\/wp-content\/uploads\/2015\/06\/be_reservations_logo.jpg","contentUrl":"https:\/\/behostels.com\/wp-content\/uploads\/2015\/06\/be_reservations_logo.jpg","width":130,"height":130,"caption":"Be Hostels"},"image":{"@id":"https:\/\/behostels.com\/fr\/#\/schema\/logo\/image\/"}}]}},"_links":{"self":[{"href":"https:\/\/behostels.com\/fr\/wp-json\/wp\/v2\/pages\/203"}],"collection":[{"href":"https:\/\/behostels.com\/fr\/wp-json\/wp\/v2\/pages"}],"about":[{"href":"https:\/\/behostels.com\/fr\/wp-json\/wp\/v2\/types\/page"}],"author":[{"embeddable":true,"href":"https:\/\/behostels.com\/fr\/wp-json\/wp\/v2\/users\/1"}],"replies":[{"embeddable":true,"href":"https:\/\/behostels.com\/fr\/wp-json\/wp\/v2\/comments?post=203"}],"version-history":[{"count":0,"href":"https:\/\/behostels.com\/fr\/wp-json\/wp\/v2\/pages\/203\/revisions"}],"up":[{"embeddable":true,"href":"https:\/\/behostels.com\/fr\/wp-json\/wp\/v2\/pages\/189"}],"wp:attachment":[{"href":"https:\/\/behostels.com\/fr\/wp-json\/wp\/v2\/media?parent=203"}],"curies":[{"name":"wp","href":"https:\/\/api.w.org\/{rel}","templated":true}]}}