{"id":189,"date":"2015-06-10T12:17:50","date_gmt":"2015-06-10T12:17:50","guid":{"rendered":"https:\/\/behostels.com\/?page_id=189"},"modified":"2015-11-11T12:42:13","modified_gmt":"2015-11-11T12:42:13","slug":"dream","status":"publish","type":"page","link":"https:\/\/behostels.com\/fr\/dream\/","title":{"rendered":"Be Dream Hostel Barcelona"},"content":{"rendered":"<h2>Voyageurs du monde, pr\u00e9parez vous!! Be Hostels vous propose un endroit pour profiter pleinement de Barcelone en plus d\u2019un emplacement juste \u00e0 c\u00f4t\u00e9 de la plage.<\/h2>\r\n\n\n<div id=\"wk-gridb14\" class=\"uk-grid-width-1-1 uk-grid-width-medium-1-3 uk-grid uk-grid-match uk-grid-medium uk-text-center \" data-uk-grid-match=\"{target:'> div > .uk-panel', row:true}\" data-uk-grid-margin  data-uk-scrollspy=\"{cls:'uk-animation-fade uk-invisible', target:'> div > .uk-panel', delay:300}\">\n\n\n    <div>\n        <div class=\"uk-panel uk-invisible\">\n\n            \n            \n                        <div class=\"uk-text-center uk-panel-teaser\"><div class=\"uk-overlay uk-overlay-hover uk-border-circle\"><img loading=\"lazy\" decoding=\"async\" src=\"\/wp-content\/uploads\/2015\/07\/be-hostels-badalona-beach.jpg\" class=\"uk-border-circle uk-overlay-scale\" alt=\"Profitez d'une auberge pr\u00e8s de la plage\" width=\"359\" height=\"359\"><div class=\"uk-overlay-panel uk-overlay-background uk-overlay-icon uk-overlay-fade\"><\/div><a class=\"uk-position-cover\" href=\"http:\/\/behostels.com\/fr\/dream\/situation\/\" title=\"Profitez d'une auberge pr\u00e8s de la plage\"><\/a><\/div><\/div>\n            \n            \n            \n            \n            \n                        <div class=\"uk-margin\">Profitez d&rsquo;une auberge pr\u00e8s de la plage<\/div>\n            \n            \n            \n            \n        <\/div>\n    <\/div>\n\n\n    <div>\n        <div class=\"uk-panel uk-invisible\">\n\n            \n            \n                        <div class=\"uk-text-center uk-panel-teaser\"><div class=\"uk-overlay uk-overlay-hover uk-border-circle\"><img loading=\"lazy\" decoding=\"async\" src=\"\/wp-content\/uploads\/2015\/07\/be-dream-barcelona-hostel-rooms-and-dorms.jpg\" class=\"uk-border-circle uk-overlay-scale\" alt=\"Choisissez votre Dorm\" width=\"613\" height=\"613\"><div class=\"uk-overlay-panel uk-overlay-background uk-overlay-icon uk-overlay-fade\"><\/div><a class=\"uk-position-cover\" href=\"http:\/\/behostels.com\/fr\/dream\/chambres\/\" title=\"Choisissez votre Dorm\"><\/a><\/div><\/div>\n            \n            \n            \n            \n            \n                        <div class=\"uk-margin\">Choisissez votre Dorm<\/div>\n            \n            \n            \n            \n        <\/div>\n    <\/div>\n\n\n    <div>\n        <div class=\"uk-panel uk-invisible\">\n\n            \n            \n                        <div class=\"uk-text-center uk-panel-teaser\"><div class=\"uk-overlay uk-overlay-hover uk-border-circle\"><img loading=\"lazy\" decoding=\"async\" src=\"\/wp-content\/uploads\/2015\/07\/be-dream-barcelona-hostel-private-rooms.jpg\" class=\"uk-border-circle uk-overlay-scale\" alt=\"Choisissez votre Chambre Double\" width=\"900\" height=\"900\"><div class=\"uk-overlay-panel uk-overlay-background uk-overlay-icon uk-overlay-fade\"><\/div><a class=\"uk-position-cover\" href=\"http:\/\/behostels.com\/fr\/dream\/chambres\/\" title=\"Choisissez votre Chambre Double\"><\/a><\/div><\/div>\n            \n            \n            \n            \n            \n                        <div class=\"uk-margin\">Choisissez votre Chambre Double<\/div>\n            \n            \n            \n            \n        <\/div>\n    <\/div>\n\n\n<\/div>\n\n<script>\n(function($){\n\n    \/\/ get the images of the gallery and replace it by a canvas of the same size to fix the problem with overlapping images on load.\n    $('img[width][height]:not(.uk-overlay-panel)', $('#wk-gridb14')).each(function() {\n\n        var $img = $(this);\n\n        if (this.width == 'auto' || this.height == 'auto' || !$img.is(':visible')) {\n            return;\n        }\n\n        var $canvas = $('<canvas class=\"uk-responsive-width\"><\/canvas>').attr({width:$img.attr('width'), height:$img.attr('height')}),\n            img = new Image,\n            release = function() {\n                $canvas.remove();\n                $img.css('display', '');\n                release = function(){};\n            };\n\n        $img.css('display', 'none').after($canvas);\n\n        $(img).on('load', function(){ release(); });\n        setTimeout(function(){ release(); }, 1000);\n\n        img.src = this.src;\n\n    });\n\n})(jQuery);\n<\/script>\n\r\n<h3 style=\"text-align: left;\">C\u2019est l\u2019endroit id\u00e9al pour se relaxer, se faire des amis, \u00eatre cr\u00e9atif et\/ou d\u00e9couvir <strong>Barcelone<\/strong> et son centre-ville \u00e0 seulement 15 minutes en m\u00e9tro.<\/h3>\r\n\r\n<h2>En se logeant chez Be Dream Hostel, nos visiteurs disposent automatiquement de:<\/h2>\r\n<div class=\"uk-grid\">\r\n<div class=\"uk-width-large-1-2 uk-width-medium-1-2 uk-width-small-1-1\">\r\n<ul>\r\n\t<li>Tour \u00e0 pied Gratuite<\/li>\r\n\t<li>Acc\u00e8s \u00e0 internet Gratuit<\/li>\r\n\t<li>Wifi Gratuit<\/li>\r\n\t<li>Consigne dans les chambres Gratuite<\/li>\r\n\t<li>Plan Gratuit<\/li>\r\n\t<li>Open-air saloon avec canap\u00e9s, hamacs et table de ping-pong<\/li>\r\n\t<li>Salle de t\u00e9l\u00e9vision avec Nintendo Wii, DVD et jeux de soci\u00e9t\u00e9<\/li>\r\n\t<li>Cuisine \u00e0 disposition des voyageurs<\/li>\r\n\t<li>Auberge et r\u00e9ception ouverts 24h<\/li>\r\n<\/ul>\r\n<\/div>\r\n<div class=\"uk-width-large-1-2 uk-width-medium-1-2 uk-width-small-1-1\">\r\n<ul>\r\n\t<li>Salle commune tr\u00e8s agr\u00e9able<\/li>\r\n\t<li>Climatisation et chauffage<\/li>\r\n\t<li>Activit\u00e9s tous les jours: la soir\u00e9e des tapas, celle du flamenco, pub crawls, ect..<\/li>\r\n\t<li>\u00c9quipe internationale toujours pr\u00eate \u00e0 vous aider<\/li>\r\n\t<li>Possibilit\u00e9 de nous laisser vos valises apr\u00e8s avoir lib\u00e9r\u00e9 la chambre<\/li>\r\n\t<li>Lave-linge et s\u00e8che-linge \u00e0 jetons<\/li>\r\n\t<li>Location de serviettes or draps \u00e0 2,5 \u20ac<\/li>\r\n\t<li>Stationnement pour v\u00e9los<\/li>\r\n<\/ul>\r\n<\/div>\r\n<\/div>\r\n","protected":false},"excerpt":{"rendered":"<p>Voyageurs du monde, pr\u00e9parez vous!! Be Hostels vous propose un endroit pour profiter pleinement de Barcelone en plus d\u2019un emplacement juste \u00e0 c\u00f4t\u00e9 de la plage. C\u2019est l\u2019endroit id\u00e9al pour se relaxer, se faire des amis, \u00eatre cr\u00e9atif et\/ou d\u00e9couvir Barcelone et son centre-ville \u00e0 seulement 15 minutes en m\u00e9tro. En se logeant chez Be [&hellip;]<\/p>\n","protected":false},"author":1,"featured_media":0,"parent":0,"menu_order":0,"comment_status":"closed","ping_status":"closed","template":"","meta":{"footnotes":""},"yoast_head":"<!-- This site is optimized with the Yoast SEO plugin v22.7 - https:\/\/yoast.com\/wordpress\/plugins\/seo\/ -->\n<title>Be Dream Hostel Barcelona est situ\u00e9 juste \u00e0 c\u00f4t\u00e9 de la plage<\/title>\n<meta name=\"description\" content=\"Choisissez l\u2019auberge Be Dream Hostel Barcelona pour profiter d\u2019un s\u00e9jour pr\u00e8s de la plage, \u00e0 seulement 15 minutes du centre-ville en m\u00e9tro\" \/>\n<meta name=\"robots\" content=\"index, follow, max-snippet:-1, max-image-preview:large, max-video-preview:-1\" \/>\n<link rel=\"canonical\" href=\"https:\/\/behostels.com\/fr\/dream\/\" \/>\n<meta property=\"og:locale\" content=\"fr_FR\" \/>\n<meta property=\"og:type\" content=\"article\" \/>\n<meta property=\"og:title\" content=\"Be Dream Hostel Barcelona est situ\u00e9 juste \u00e0 c\u00f4t\u00e9 de la plage\" \/>\n<meta property=\"og:description\" content=\"Choisissez l\u2019auberge Be Dream Hostel Barcelona pour profiter d\u2019un s\u00e9jour pr\u00e8s de la plage, \u00e0 seulement 15 minutes du centre-ville en m\u00e9tro\" \/>\n<meta property=\"og:url\" content=\"https:\/\/behostels.com\/fr\/dream\/\" \/>\n<meta property=\"og:site_name\" content=\"Be Hostels\" \/>\n<meta property=\"article:modified_time\" content=\"2015-11-11T12:42:13+00:00\" \/>\n<meta name=\"twitter:card\" content=\"summary_large_image\" \/>\n<meta name=\"twitter:label1\" content=\"Dur\u00e9e de lecture estim\u00e9e\" \/>\n\t<meta name=\"twitter:data1\" content=\"1 minute\" \/>\n<script type=\"application\/ld+json\" class=\"yoast-schema-graph\">{\"@context\":\"https:\/\/schema.org\",\"@graph\":[{\"@type\":\"WebPage\",\"@id\":\"https:\/\/behostels.com\/fr\/dream\/\",\"url\":\"https:\/\/behostels.com\/fr\/dream\/\",\"name\":\"Be Dream Hostel Barcelona est situ\u00e9 juste \u00e0 c\u00f4t\u00e9 de la plage\",\"isPartOf\":{\"@id\":\"https:\/\/behostels.com\/fr\/#website\"},\"datePublished\":\"2015-06-10T12:17:50+00:00\",\"dateModified\":\"2015-11-11T12:42:13+00:00\",\"description\":\"Choisissez l\u2019auberge Be Dream Hostel Barcelona pour profiter d\u2019un s\u00e9jour pr\u00e8s de la plage, \u00e0 seulement 15 minutes du centre-ville en m\u00e9tro\",\"breadcrumb\":{\"@id\":\"https:\/\/behostels.com\/fr\/dream\/#breadcrumb\"},\"inLanguage\":\"fr-FR\",\"potentialAction\":[{\"@type\":\"ReadAction\",\"target\":[\"https:\/\/behostels.com\/fr\/dream\/\"]}]},{\"@type\":\"BreadcrumbList\",\"@id\":\"https:\/\/behostels.com\/fr\/dream\/#breadcrumb\",\"itemListElement\":[{\"@type\":\"ListItem\",\"position\":1,\"name\":\"Home\",\"item\":\"https:\/\/behostels.com\/fr\/\"},{\"@type\":\"ListItem\",\"position\":2,\"name\":\"Be Dream Hostel Barcelona\"}]},{\"@type\":\"WebSite\",\"@id\":\"https:\/\/behostels.com\/fr\/#website\",\"url\":\"https:\/\/behostels.com\/fr\/\",\"name\":\"Be Hostels\",\"description\":\"\",\"publisher\":{\"@id\":\"https:\/\/behostels.com\/fr\/#organization\"},\"potentialAction\":[{\"@type\":\"SearchAction\",\"target\":{\"@type\":\"EntryPoint\",\"urlTemplate\":\"https:\/\/behostels.com\/fr\/?s={search_term_string}\"},\"query-input\":\"required name=search_term_string\"}],\"inLanguage\":\"fr-FR\"},{\"@type\":\"Organization\",\"@id\":\"https:\/\/behostels.com\/fr\/#organization\",\"name\":\"Be Hostels\",\"url\":\"https:\/\/behostels.com\/fr\/\",\"logo\":{\"@type\":\"ImageObject\",\"inLanguage\":\"fr-FR\",\"@id\":\"https:\/\/behostels.com\/fr\/#\/schema\/logo\/image\/\",\"url\":\"https:\/\/behostels.com\/wp-content\/uploads\/2015\/06\/be_reservations_logo.jpg\",\"contentUrl\":\"https:\/\/behostels.com\/wp-content\/uploads\/2015\/06\/be_reservations_logo.jpg\",\"width\":130,\"height\":130,\"caption\":\"Be Hostels\"},\"image\":{\"@id\":\"https:\/\/behostels.com\/fr\/#\/schema\/logo\/image\/\"}}]}<\/script>\n<!-- \/ Yoast SEO plugin. -->","yoast_head_json":{"title":"Be Dream Hostel Barcelona est situ\u00e9 juste \u00e0 c\u00f4t\u00e9 de la plage","description":"Choisissez l\u2019auberge Be Dream Hostel Barcelona pour profiter d\u2019un s\u00e9jour pr\u00e8s de la plage, \u00e0 seulement 15 minutes du centre-ville en m\u00e9tro","robots":{"index":"index","follow":"follow","max-snippet":"max-snippet:-1","max-image-preview":"max-image-preview:large","max-video-preview":"max-video-preview:-1"},"canonical":"https:\/\/behostels.com\/fr\/dream\/","og_locale":"fr_FR","og_type":"article","og_title":"Be Dream Hostel Barcelona est situ\u00e9 juste \u00e0 c\u00f4t\u00e9 de la plage","og_description":"Choisissez l\u2019auberge Be Dream Hostel Barcelona pour profiter d\u2019un s\u00e9jour pr\u00e8s de la plage, \u00e0 seulement 15 minutes du centre-ville en m\u00e9tro","og_url":"https:\/\/behostels.com\/fr\/dream\/","og_site_name":"Be Hostels","article_modified_time":"2015-11-11T12:42:13+00:00","twitter_card":"summary_large_image","twitter_misc":{"Dur\u00e9e de lecture estim\u00e9e":"1 minute"},"schema":{"@context":"https:\/\/schema.org","@graph":[{"@type":"WebPage","@id":"https:\/\/behostels.com\/fr\/dream\/","url":"https:\/\/behostels.com\/fr\/dream\/","name":"Be Dream Hostel Barcelona est situ\u00e9 juste \u00e0 c\u00f4t\u00e9 de la plage","isPartOf":{"@id":"https:\/\/behostels.com\/fr\/#website"},"datePublished":"2015-06-10T12:17:50+00:00","dateModified":"2015-11-11T12:42:13+00:00","description":"Choisissez l\u2019auberge Be Dream Hostel Barcelona pour profiter d\u2019un s\u00e9jour pr\u00e8s de la plage, \u00e0 seulement 15 minutes du centre-ville en m\u00e9tro","breadcrumb":{"@id":"https:\/\/behostels.com\/fr\/dream\/#breadcrumb"},"inLanguage":"fr-FR","potentialAction":[{"@type":"ReadAction","target":["https:\/\/behostels.com\/fr\/dream\/"]}]},{"@type":"BreadcrumbList","@id":"https:\/\/behostels.com\/fr\/dream\/#breadcrumb","itemListElement":[{"@type":"ListItem","position":1,"name":"Home","item":"https:\/\/behostels.com\/fr\/"},{"@type":"ListItem","position":2,"name":"Be Dream Hostel Barcelona"}]},{"@type":"WebSite","@id":"https:\/\/behostels.com\/fr\/#website","url":"https:\/\/behostels.com\/fr\/","name":"Be Hostels","description":"","publisher":{"@id":"https:\/\/behostels.com\/fr\/#organization"},"potentialAction":[{"@type":"SearchAction","target":{"@type":"EntryPoint","urlTemplate":"https:\/\/behostels.com\/fr\/?s={search_term_string}"},"query-input":"required name=search_term_string"}],"inLanguage":"fr-FR"},{"@type":"Organization","@id":"https:\/\/behostels.com\/fr\/#organization","name":"Be Hostels","url":"https:\/\/behostels.com\/fr\/","logo":{"@type":"ImageObject","inLanguage":"fr-FR","@id":"https:\/\/behostels.com\/fr\/#\/schema\/logo\/image\/","url":"https:\/\/behostels.com\/wp-content\/uploads\/2015\/06\/be_reservations_logo.jpg","contentUrl":"https:\/\/behostels.com\/wp-content\/uploads\/2015\/06\/be_reservations_logo.jpg","width":130,"height":130,"caption":"Be Hostels"},"image":{"@id":"https:\/\/behostels.com\/fr\/#\/schema\/logo\/image\/"}}]}},"_links":{"self":[{"href":"https:\/\/behostels.com\/fr\/wp-json\/wp\/v2\/pages\/189"}],"collection":[{"href":"https:\/\/behostels.com\/fr\/wp-json\/wp\/v2\/pages"}],"about":[{"href":"https:\/\/behostels.com\/fr\/wp-json\/wp\/v2\/types\/page"}],"author":[{"embeddable":true,"href":"https:\/\/behostels.com\/fr\/wp-json\/wp\/v2\/users\/1"}],"replies":[{"embeddable":true,"href":"https:\/\/behostels.com\/fr\/wp-json\/wp\/v2\/comments?post=189"}],"version-history":[{"count":0,"href":"https:\/\/behostels.com\/fr\/wp-json\/wp\/v2\/pages\/189\/revisions"}],"wp:attachment":[{"href":"https:\/\/behostels.com\/fr\/wp-json\/wp\/v2\/media?parent=189"}],"curies":[{"name":"wp","href":"https:\/\/api.w.org\/{rel}","templated":true}]}}