{"id":173,"date":"2015-06-09T16:10:02","date_gmt":"2015-06-09T16:10:02","guid":{"rendered":"https:\/\/behostels.com\/?page_id=173"},"modified":"2015-09-17T15:42:37","modified_gmt":"2015-09-17T15:42:37","slug":"equipements","status":"publish","type":"page","link":"https:\/\/behostels.com\/fr\/sound\/equipements\/","title":{"rendered":"\u00c8quipements"},"content":{"rendered":"<h2>Toutes les grandes et cher activit\u00e9s que vous pouvez trouver \u00e0 Be Sound Hostel pour profiter de votre s\u00e9jour \u00e0 Barcelone! Nos visiteurs disposent automatiquement de:<\/h2>\r\n<div class=\"uk-grid\">\r\n<div class=\"uk-width-large-1-2 uk-width-medium-1-2 uk-width-small-1-1\">\r\n<ul>\r\n\t<li>Acc\u00e8s \u00e0 internet Gratuit<\/li>\r\n\t<li>Wifi Gratuit<\/li>\r\n\t<li>Consigne dans les chambres Gratuite<\/li>\r\n\t<li>Plan Gratuit<\/li>\r\n\t<li>Cuisine \u00e0 disposition des voyageurs<\/li>\r\n\t<li>Tour \u00e0 pied Gratuite<\/li>\r\n\t<li>Auberge et r\u00e9ception ouverts 24h<\/li>\r\n<\/ul>\r\n<\/div>\r\n<div class=\"uk-width-large-1-2 uk-width-medium-1-2 uk-width-small-1-1\">\r\n<ul>\r\n\t<li>Magnifique terrasse<\/li>\r\n        <li>Salle commune tr\u00e8s agr\u00e9able<\/li>\r\n\t<li>Climatisation et chauffage<\/li>\r\n\t<li>\u00c9quipe internationale toujours pr\u00eate \u00e0 vous aider<\/li>\r\n\t<li>Possibilit\u00e9 de nous laisser vos valises apr\u00e8s avoir lib\u00e9r\u00e9 la chambre<\/li>\r\n\t<li>Lave-linge et s\u00e8che-linge \u00e0 jetons<\/li>\r\n\t<li>Location de serviettes or draps \u00e0 2,5 \u20ac<\/li>\r\n\t<li>Stationnement pour v\u00e9los<\/li>\r\n<\/ul>\r\n<\/div>\r\n<\/div>\r\n<br \/>\r\n<br \/>\r\n<iframe loading=\"lazy\" width=\"920\" height=\"600\" frameborder=\"0\" scrolling=\"no\" marginheight=\"0\" marginwidth=\"0\" src=\"https:\/\/www.google.es\/maps?q=be+sound+hostel&amp;layer=c&amp;sll=41.375885,2.171036&amp;cid=17286067778879946973&amp;panoid=XObqsOZxnYAAAAQIt85OOw&amp;cbp=13,303.51,,0,0.47&amp;ie=UTF8&amp;hq=be+sound+hostel&amp;hnear=&amp;t=m&amp;cbll=41.375784,2.171174&amp;source=embed&amp;ll=41.373,2.171173&amp;spn=0.009661,0.019741&amp;z=16&amp;output=svembed\"><\/iframe>","protected":false},"excerpt":{"rendered":"<p>Toutes les grandes et cher activit\u00e9s que vous pouvez trouver \u00e0 Be Sound Hostel pour profiter de votre s\u00e9jour \u00e0 Barcelone! Nos visiteurs disposent automatiquement de: Acc\u00e8s \u00e0 internet Gratuit Wifi Gratuit Consigne dans les chambres Gratuite Plan Gratuit Cuisine \u00e0 disposition des voyageurs Tour \u00e0 pied Gratuite Auberge et r\u00e9ception ouverts 24h Magnifique terrasse [&hellip;]<\/p>\n","protected":false},"author":1,"featured_media":0,"parent":124,"menu_order":0,"comment_status":"closed","ping_status":"open","template":"","meta":{"footnotes":""},"yoast_head":"<!-- This site is optimized with the Yoast SEO plugin v22.7 - https:\/\/yoast.com\/wordpress\/plugins\/seo\/ -->\n<title>\u00c8quipements Be Sound Hostel<\/title>\n<meta name=\"description\" content=\"Vous pouvez trouver tout ce dont vous avez besoin \u00e0 Be Sound Hostel \u00e0 Barcelone!\" \/>\n<meta name=\"robots\" content=\"index, follow, max-snippet:-1, max-image-preview:large, max-video-preview:-1\" \/>\n<link rel=\"canonical\" href=\"https:\/\/behostels.com\/fr\/sound\/equipements\/\" \/>\n<meta property=\"og:locale\" content=\"fr_FR\" \/>\n<meta property=\"og:type\" content=\"article\" \/>\n<meta property=\"og:title\" content=\"\u00c8quipements Be Sound Hostel\" \/>\n<meta property=\"og:description\" content=\"Vous pouvez trouver tout ce dont vous avez besoin \u00e0 Be Sound Hostel \u00e0 Barcelone!\" \/>\n<meta property=\"og:url\" content=\"https:\/\/behostels.com\/fr\/sound\/equipements\/\" \/>\n<meta property=\"og:site_name\" content=\"Be Hostels\" \/>\n<meta property=\"article:modified_time\" content=\"2015-09-17T15:42:37+00:00\" \/>\n<meta name=\"twitter:card\" content=\"summary_large_image\" \/>\n<script type=\"application\/ld+json\" class=\"yoast-schema-graph\">{\"@context\":\"https:\/\/schema.org\",\"@graph\":[{\"@type\":\"WebPage\",\"@id\":\"https:\/\/behostels.com\/fr\/sound\/equipements\/\",\"url\":\"https:\/\/behostels.com\/fr\/sound\/equipements\/\",\"name\":\"\u00c8quipements Be Sound Hostel\",\"isPartOf\":{\"@id\":\"https:\/\/behostels.com\/fr\/#website\"},\"datePublished\":\"2015-06-09T16:10:02+00:00\",\"dateModified\":\"2015-09-17T15:42:37+00:00\",\"description\":\"Vous pouvez trouver tout ce dont vous avez besoin \u00e0 Be Sound Hostel \u00e0 Barcelone!\",\"breadcrumb\":{\"@id\":\"https:\/\/behostels.com\/fr\/sound\/equipements\/#breadcrumb\"},\"inLanguage\":\"fr-FR\",\"potentialAction\":[{\"@type\":\"ReadAction\",\"target\":[\"https:\/\/behostels.com\/fr\/sound\/equipements\/\"]}]},{\"@type\":\"BreadcrumbList\",\"@id\":\"https:\/\/behostels.com\/fr\/sound\/equipements\/#breadcrumb\",\"itemListElement\":[{\"@type\":\"ListItem\",\"position\":1,\"name\":\"Home\",\"item\":\"https:\/\/behostels.com\/fr\/\"},{\"@type\":\"ListItem\",\"position\":2,\"name\":\"Be Sound Hostel Barcelona: une auberge de jeunesse bon march\u00e9, confortable et originale au centre de la ville\",\"item\":\"https:\/\/behostels.com\/fr\/sound\/\"},{\"@type\":\"ListItem\",\"position\":3,\"name\":\"\u00c8quipements\"}]},{\"@type\":\"WebSite\",\"@id\":\"https:\/\/behostels.com\/fr\/#website\",\"url\":\"https:\/\/behostels.com\/fr\/\",\"name\":\"Be Hostels\",\"description\":\"\",\"publisher\":{\"@id\":\"https:\/\/behostels.com\/fr\/#organization\"},\"potentialAction\":[{\"@type\":\"SearchAction\",\"target\":{\"@type\":\"EntryPoint\",\"urlTemplate\":\"https:\/\/behostels.com\/fr\/?s={search_term_string}\"},\"query-input\":\"required name=search_term_string\"}],\"inLanguage\":\"fr-FR\"},{\"@type\":\"Organization\",\"@id\":\"https:\/\/behostels.com\/fr\/#organization\",\"name\":\"Be Hostels\",\"url\":\"https:\/\/behostels.com\/fr\/\",\"logo\":{\"@type\":\"ImageObject\",\"inLanguage\":\"fr-FR\",\"@id\":\"https:\/\/behostels.com\/fr\/#\/schema\/logo\/image\/\",\"url\":\"https:\/\/behostels.com\/wp-content\/uploads\/2015\/06\/be_reservations_logo.jpg\",\"contentUrl\":\"https:\/\/behostels.com\/wp-content\/uploads\/2015\/06\/be_reservations_logo.jpg\",\"width\":130,\"height\":130,\"caption\":\"Be Hostels\"},\"image\":{\"@id\":\"https:\/\/behostels.com\/fr\/#\/schema\/logo\/image\/\"}}]}<\/script>\n<!-- \/ Yoast SEO plugin. -->","yoast_head_json":{"title":"\u00c8quipements Be Sound Hostel","description":"Vous pouvez trouver tout ce dont vous avez besoin \u00e0 Be Sound Hostel \u00e0 Barcelone!","robots":{"index":"index","follow":"follow","max-snippet":"max-snippet:-1","max-image-preview":"max-image-preview:large","max-video-preview":"max-video-preview:-1"},"canonical":"https:\/\/behostels.com\/fr\/sound\/equipements\/","og_locale":"fr_FR","og_type":"article","og_title":"\u00c8quipements Be Sound Hostel","og_description":"Vous pouvez trouver tout ce dont vous avez besoin \u00e0 Be Sound Hostel \u00e0 Barcelone!","og_url":"https:\/\/behostels.com\/fr\/sound\/equipements\/","og_site_name":"Be Hostels","article_modified_time":"2015-09-17T15:42:37+00:00","twitter_card":"summary_large_image","schema":{"@context":"https:\/\/schema.org","@graph":[{"@type":"WebPage","@id":"https:\/\/behostels.com\/fr\/sound\/equipements\/","url":"https:\/\/behostels.com\/fr\/sound\/equipements\/","name":"\u00c8quipements Be Sound Hostel","isPartOf":{"@id":"https:\/\/behostels.com\/fr\/#website"},"datePublished":"2015-06-09T16:10:02+00:00","dateModified":"2015-09-17T15:42:37+00:00","description":"Vous pouvez trouver tout ce dont vous avez besoin \u00e0 Be Sound Hostel \u00e0 Barcelone!","breadcrumb":{"@id":"https:\/\/behostels.com\/fr\/sound\/equipements\/#breadcrumb"},"inLanguage":"fr-FR","potentialAction":[{"@type":"ReadAction","target":["https:\/\/behostels.com\/fr\/sound\/equipements\/"]}]},{"@type":"BreadcrumbList","@id":"https:\/\/behostels.com\/fr\/sound\/equipements\/#breadcrumb","itemListElement":[{"@type":"ListItem","position":1,"name":"Home","item":"https:\/\/behostels.com\/fr\/"},{"@type":"ListItem","position":2,"name":"Be Sound Hostel Barcelona: une auberge de jeunesse bon march\u00e9, confortable et originale au centre de la ville","item":"https:\/\/behostels.com\/fr\/sound\/"},{"@type":"ListItem","position":3,"name":"\u00c8quipements"}]},{"@type":"WebSite","@id":"https:\/\/behostels.com\/fr\/#website","url":"https:\/\/behostels.com\/fr\/","name":"Be Hostels","description":"","publisher":{"@id":"https:\/\/behostels.com\/fr\/#organization"},"potentialAction":[{"@type":"SearchAction","target":{"@type":"EntryPoint","urlTemplate":"https:\/\/behostels.com\/fr\/?s={search_term_string}"},"query-input":"required name=search_term_string"}],"inLanguage":"fr-FR"},{"@type":"Organization","@id":"https:\/\/behostels.com\/fr\/#organization","name":"Be Hostels","url":"https:\/\/behostels.com\/fr\/","logo":{"@type":"ImageObject","inLanguage":"fr-FR","@id":"https:\/\/behostels.com\/fr\/#\/schema\/logo\/image\/","url":"https:\/\/behostels.com\/wp-content\/uploads\/2015\/06\/be_reservations_logo.jpg","contentUrl":"https:\/\/behostels.com\/wp-content\/uploads\/2015\/06\/be_reservations_logo.jpg","width":130,"height":130,"caption":"Be Hostels"},"image":{"@id":"https:\/\/behostels.com\/fr\/#\/schema\/logo\/image\/"}}]}},"_links":{"self":[{"href":"https:\/\/behostels.com\/fr\/wp-json\/wp\/v2\/pages\/173"}],"collection":[{"href":"https:\/\/behostels.com\/fr\/wp-json\/wp\/v2\/pages"}],"about":[{"href":"https:\/\/behostels.com\/fr\/wp-json\/wp\/v2\/types\/page"}],"author":[{"embeddable":true,"href":"https:\/\/behostels.com\/fr\/wp-json\/wp\/v2\/users\/1"}],"replies":[{"embeddable":true,"href":"https:\/\/behostels.com\/fr\/wp-json\/wp\/v2\/comments?post=173"}],"version-history":[{"count":0,"href":"https:\/\/behostels.com\/fr\/wp-json\/wp\/v2\/pages\/173\/revisions"}],"up":[{"embeddable":true,"href":"https:\/\/behostels.com\/fr\/wp-json\/wp\/v2\/pages\/124"}],"wp:attachment":[{"href":"https:\/\/behostels.com\/fr\/wp-json\/wp\/v2\/media?parent=173"}],"curies":[{"name":"wp","href":"https:\/\/api.w.org\/{rel}","templated":true}]}}