{"id":124,"date":"2015-06-09T15:12:35","date_gmt":"2015-06-09T15:12:35","guid":{"rendered":"https:\/\/behostels.com\/?page_id=124"},"modified":"2015-07-08T16:57:20","modified_gmt":"2015-07-08T16:57:20","slug":"sound","status":"publish","type":"page","link":"https:\/\/behostels.com\/fr\/sound\/","title":{"rendered":"Be Sound Hostel Barcelona: une auberge de jeunesse bon march\u00e9, confortable et originale au centre de la  ville"},"content":{"rendered":"<h2><strong>Profite au maximum de ton exp\u00e9rience \u00e0 Barcelone en logeant dans l\u2019hostel le plus original et \u00e9conomique: Be Sound Hostel Barcelona<\/strong><\/h2>\r\n\n\n<div id=\"wk-griddbb\" class=\"uk-grid-width-1-1 uk-grid-width-medium-1-3 uk-grid uk-grid-match uk-grid-medium uk-text-center \" data-uk-grid-match=\"{target:'> div > .uk-panel', row:true}\" data-uk-grid-margin  data-uk-scrollspy=\"{cls:'uk-animation-fade uk-invisible', target:'> div > .uk-panel', delay:300}\">\n\n\n    <div>\n        <div class=\"uk-panel uk-invisible\">\n\n            \n            \n                        <div class=\"uk-text-center uk-panel-teaser\"><div class=\"uk-overlay uk-overlay-hover uk-border-circle\"><img loading=\"lazy\" decoding=\"async\" src=\"\/wp-content\/uploads\/2015\/07\/be-sound-hostel-barcelona-big-terrace.jpg\" class=\"uk-border-circle uk-overlay-scale\" alt=\"Magnifique terrasse\" width=\"360\" height=\"360\"><div class=\"uk-overlay-panel uk-overlay-background uk-overlay-icon uk-overlay-fade\"><\/div><a class=\"uk-position-cover\" href=\"http:\/\/behostels.com\/fr\/sound\/equipements\/\" title=\"Magnifique terrasse\"><\/a><\/div><\/div>\n            \n            \n            \n            \n            \n                        <div class=\"uk-margin\">Magnifique terrasse<\/div>\n            \n            \n            \n            \n        <\/div>\n    <\/div>\n\n\n    <div>\n        <div class=\"uk-panel uk-invisible\">\n\n            \n            \n                        <div class=\"uk-text-center uk-panel-teaser\"><div class=\"uk-overlay uk-overlay-hover uk-border-circle\"><img loading=\"lazy\" decoding=\"async\" src=\"\/wp-content\/uploads\/2015\/07\/be-sound-hostel-barcelona-nightlife-2.jpg\" class=\"uk-border-circle uk-overlay-scale\" alt=\"Profitez de la vie nocturne de Barcelone!\" width=\"360\" height=\"360\"><div class=\"uk-overlay-panel uk-overlay-background uk-overlay-icon uk-overlay-fade\"><\/div><a class=\"uk-position-cover\" href=\"http:\/\/behostels.com\/whats-this-about-activities-at-be-hostels\/\" title=\"Profitez de la vie nocturne de Barcelone!\"><\/a><\/div><\/div>\n            \n            \n            \n            \n            \n                        <div class=\"uk-margin\">Profitez de la vie nocturne de Barcelone!<\/div>\n            \n            \n            \n            \n        <\/div>\n    <\/div>\n\n\n    <div>\n        <div class=\"uk-panel uk-invisible\">\n\n            \n            \n                        <div class=\"uk-text-center uk-panel-teaser\"><div class=\"uk-overlay uk-overlay-hover uk-border-circle\"><img loading=\"lazy\" decoding=\"async\" src=\"\/wp-content\/uploads\/2015\/07\/be-sound-hostel-barcelona-choose-your-dorm.jpg\" class=\"uk-border-circle uk-overlay-scale\" alt=\"Choisissez votre Dorm\" width=\"360\" height=\"360\"><div class=\"uk-overlay-panel uk-overlay-background uk-overlay-icon uk-overlay-fade\"><\/div><a class=\"uk-position-cover\" href=\"http:\/\/behostels.com\/fr\/sound\/chambres\/\" title=\"Choisissez votre Dorm\"><\/a><\/div><\/div>\n            \n            \n            \n            \n            \n                        <div class=\"uk-margin\">Choisissez votre Dorm<\/div>\n            \n            \n            \n            \n        <\/div>\n    <\/div>\n\n\n<\/div>\n\n<script>\n(function($){\n\n    \/\/ get the images of the gallery and replace it by a canvas of the same size to fix the problem with overlapping images on load.\n    $('img[width][height]:not(.uk-overlay-panel)', $('#wk-griddbb')).each(function() {\n\n        var $img = $(this);\n\n        if (this.width == 'auto' || this.height == 'auto' || !$img.is(':visible')) {\n            return;\n        }\n\n        var $canvas = $('<canvas class=\"uk-responsive-width\"><\/canvas>').attr({width:$img.attr('width'), height:$img.attr('height')}),\n            img = new Image,\n            release = function() {\n                $canvas.remove();\n                $img.css('display', '');\n                release = function(){};\n            };\n\n        $img.css('display', 'none').after($canvas);\n\n        $(img).on('load', function(){ release(); });\n        setTimeout(function(){ release(); }, 1000);\n\n        img.src = this.src;\n\n    });\n\n})(jQuery);\n<\/script>\n\r\n<h3>En r\u00e9servant au <strong> Be Sound Hostel<\/strong> tu b\u00e9n\u00e9ficieras des <strong>meilleures installations au meilleur prix<\/strong>.<\/h3>\r\n<h3>Passe un bon moment en logeant dans notre auberge de jeunesse de la rue Nou de la Rambla, en <strong>plein centre de Barcelone<\/strong>.<\/h3>\r\n\r\n<h3>Toutes les grandes et cher activit\u00e9s que vous pouvez trouver \u00e0 Be Sound Hostel pour profiter de votre s\u00e9jour \u00e0 Barcelone! Nos visiteurs disposent automatiquement de:<\/h3>\r\n<div class=\"uk-grid\">\r\n<div class=\"uk-width-large-1-2 uk-width-medium-1-2 uk-width-small-1-1\">\r\n<ul>\r\n\t<li>Acc\u00e8s \u00e0 internet Gratuit<\/li>\r\n\t<li>Wifi Gratuit<\/li>\r\n\t<li>Consigne dans les chambres Gratuite<\/li>\r\n\t<li>Plan Gratuit<\/li>\r\n\t<li>Cuisine \u00e0 disposition des voyageurs<\/li>\r\n\t<li>Tour \u00e0 pied Gratuite<\/li>\r\n\t<li>Auberge et r\u00e9ception ouverts 24h<\/li>\r\n        <li>Des activit\u00e9s comme: une tourn\u00e9e des pubs, des tapas et flamenco<\/li>\r\n<\/ul>\r\n<\/div>\r\n<div class=\"uk-width-large-1-2 uk-width-medium-1-2 uk-width-small-1-1\">\r\n<ul>\r\n\t<li>Magnifique terrasse<\/li>\r\n        <li>Salle commune tr\u00e8s agr\u00e9able<\/li>\r\n\t<li>Climatisation et chauffage<\/li>\r\n\t<li>\u00c9quipe internationale toujours pr\u00eate \u00e0 vous aider<\/li>\r\n\t<li>Possibilit\u00e9 de nous laisser vos valises apr\u00e8s avoir lib\u00e9r\u00e9 la chambre<\/li>\r\n\t<li>Lave-linge et s\u00e8che-linge \u00e0 jetons<\/li>\r\n\t<li>Location de serviettes or draps \u00e0 2,5 \u20ac<\/li>\r\n\t<li>Stationnement pour v\u00e9los<\/li>\r\n<\/ul>\r\n<\/div>\r\n<\/div>\r\n&nbsp;\r\n\n<div >\n\n\n    \n    <div class=\"uk-grid uk-text-left uk-flex-middle\" data-uk-grid-match data-uk-margin=\"{cls:'uk-margin-top'}\">\n\n                <div class=\"uk-width-medium-1-3 uk-text-center\" >\n            <div class=\"uk-overlay uk-overlay-hover uk-border-circle\"><img decoding=\"async\" src=\"\/wp-content\/uploads\/2015\/07\/be-sound-hostel-barcelona-party.jpg\" class=\"uk-border-circle uk-overlay-scale\" alt=\"Le meilleur emplacement pour la f\u00eate!\"><div class=\"uk-overlay-panel uk-overlay-background uk-overlay-icon uk-overlay-fade\"><\/div><\/div>        <\/div>\n        \n                <div class=\"uk-width-medium-2-3\" >\n            <div class=\"uk-panel uk-panel-space uk-width-1-1\">\n\n                \n                                <h3 class=\"uk-h2\">\n\n                                            Le meilleur emplacement pour la f\u00eate!                    \n                    \n                <\/h3>\n                \n                                <div class=\"uk-margin\"><p>Etant situ\u00e9 dans une rue du centre-ville connect\u00e9e entre Les Ramblas et l\u2019Avenue Paralel, l\u2019emplacement suppose de l\u2019animation de jour comme de nuit. Il offre un grand choix de restaurants, magasins, bars et surtout la meilleure vie nocturne de la ville.<\/p>\n<p>Cette auberge de jeunesse <strong>Be Hostel<\/strong> se situe dans un immeuble avec une grande terrasse ensoleill\u00e9e et des balcons sur chaque \u00e9tage donnant sur le quartier <strong>Raval<\/strong>. L\u2019int\u00e9rieur est confortablement con\u00e7u et en fait le meilleur endroit pour se faire des amis et se d\u00e9tendre.<\/p><\/div>\n                \n                \n                \n            <\/div>\n        <\/div>\n        \n    <\/div>\n\n    \n\n    \n    <div class=\"uk-grid uk-text-left uk-flex-middle\" data-uk-grid-match data-uk-margin=\"{cls:'uk-margin-top'}\">\n\n                <div class=\"uk-width-medium-1-3 uk-text-center uk-float-right uk-flex-order-last-medium\" >\n            <div class=\"uk-overlay uk-overlay-hover uk-border-circle\"><img decoding=\"async\" src=\"\/wp-content\/uploads\/2015\/07\/be-sound-hostel-barcelona-surroundings.jpg\" class=\"uk-border-circle uk-overlay-scale\" alt=\"Aux alentours du Be Sound Hostel\"><div class=\"uk-overlay-panel uk-overlay-background uk-overlay-icon uk-overlay-fade\"><\/div><\/div>        <\/div>\n        \n                <div class=\"uk-width-medium-2-3\" >\n            <div class=\"uk-panel uk-panel-space uk-width-1-1\">\n\n                \n                                <h3 class=\"uk-h2\">\n\n                                            Aux alentours du Be Sound Hostel                    \n                    \n                <\/h3>\n                \n                                <div class=\"uk-margin\"><p>A deux pas se trouve un des monuments embl\u00e9matique de <strong>Barcelone<\/strong>, un chef d\u2019oeuvre de Gaudi: <strong>le Palau G\u00fcell<\/strong>. D\u2019autres curiosit\u00e9s sont situ\u00e9es \u00e0 proximit\u00e9 comme le centre d\u2019<strong>Arts Santa Monica<\/strong>, les Ramblas, le monument de <strong>Christophe Colon<\/strong>, le <strong>Maremagnum et le Port<\/strong>.<\/p>\n\n<p>Sur une note diff\u00e9rente mais tout aussi proche se trouvent tous les clubs et bars branch\u00e9s de la ville. Entre autres <strong>le Moog<\/strong> (un haut lieu de la sc\u00e8ne techno europ\u00e9enne), le <strong>London Bar<\/strong>, le <strong>Boulevard Club<\/strong>, le <strong>Manolo Bar<\/strong> (un bar de skaters), <strong>l\u2019Apolo<\/strong> (ouvert 7 jours\/7) et bien plus encore vous tiendrons en \u00e9veil jusqu\u2019\u00e0 l\u2019\u00e9puisement..<\/p><\/div>\n                \n                \n                \n            <\/div>\n        <\/div>\n        \n    <\/div>\n\n    \n\n<\/div>\n\r\n\r\n","protected":false},"excerpt":{"rendered":"<p>Profite au maximum de ton exp\u00e9rience \u00e0 Barcelone en logeant dans l\u2019hostel le plus original et \u00e9conomique: Be Sound Hostel Barcelona En r\u00e9servant au Be Sound Hostel tu b\u00e9n\u00e9ficieras des meilleures installations au meilleur prix. Passe un bon moment en logeant dans notre auberge de jeunesse de la rue Nou de la Rambla, en plein [&hellip;]<\/p>\n","protected":false},"author":1,"featured_media":0,"parent":0,"menu_order":0,"comment_status":"closed","ping_status":"open","template":"","meta":{"footnotes":""},"yoast_head":"<!-- This site is optimized with the Yoast SEO plugin v22.7 - https:\/\/yoast.com\/wordpress\/plugins\/seo\/ -->\n<title>S\u00e9journe au Be Sound Hostel Barcelona<\/title>\n<meta name=\"description\" content=\"S\u00e9journe au Be Sound Hostel Barcelona\" \/>\n<meta name=\"robots\" content=\"index, follow, max-snippet:-1, max-image-preview:large, max-video-preview:-1\" \/>\n<link rel=\"canonical\" href=\"https:\/\/behostels.com\/fr\/sound\/\" \/>\n<meta property=\"og:locale\" content=\"fr_FR\" \/>\n<meta property=\"og:type\" content=\"article\" \/>\n<meta property=\"og:title\" content=\"S\u00e9journe au Be Sound Hostel Barcelona\" \/>\n<meta property=\"og:description\" content=\"S\u00e9journe au Be Sound Hostel Barcelona\" \/>\n<meta property=\"og:url\" content=\"https:\/\/behostels.com\/fr\/sound\/\" \/>\n<meta property=\"og:site_name\" content=\"Be Hostels\" \/>\n<meta property=\"article:modified_time\" content=\"2015-07-08T16:57:20+00:00\" \/>\n<meta name=\"twitter:card\" content=\"summary_large_image\" \/>\n<meta name=\"twitter:label1\" content=\"Dur\u00e9e de lecture estim\u00e9e\" \/>\n\t<meta name=\"twitter:data1\" content=\"1 minute\" \/>\n<script type=\"application\/ld+json\" class=\"yoast-schema-graph\">{\"@context\":\"https:\/\/schema.org\",\"@graph\":[{\"@type\":\"WebPage\",\"@id\":\"https:\/\/behostels.com\/fr\/sound\/\",\"url\":\"https:\/\/behostels.com\/fr\/sound\/\",\"name\":\"S\u00e9journe au Be Sound Hostel Barcelona\",\"isPartOf\":{\"@id\":\"https:\/\/behostels.com\/fr\/#website\"},\"datePublished\":\"2015-06-09T15:12:35+00:00\",\"dateModified\":\"2015-07-08T16:57:20+00:00\",\"description\":\"S\u00e9journe au Be Sound Hostel Barcelona\",\"breadcrumb\":{\"@id\":\"https:\/\/behostels.com\/fr\/sound\/#breadcrumb\"},\"inLanguage\":\"fr-FR\",\"potentialAction\":[{\"@type\":\"ReadAction\",\"target\":[\"https:\/\/behostels.com\/fr\/sound\/\"]}]},{\"@type\":\"BreadcrumbList\",\"@id\":\"https:\/\/behostels.com\/fr\/sound\/#breadcrumb\",\"itemListElement\":[{\"@type\":\"ListItem\",\"position\":1,\"name\":\"Home\",\"item\":\"https:\/\/behostels.com\/fr\/\"},{\"@type\":\"ListItem\",\"position\":2,\"name\":\"Be Sound Hostel Barcelona: une auberge de jeunesse bon march\u00e9, confortable et originale au centre de la ville\"}]},{\"@type\":\"WebSite\",\"@id\":\"https:\/\/behostels.com\/fr\/#website\",\"url\":\"https:\/\/behostels.com\/fr\/\",\"name\":\"Be Hostels\",\"description\":\"\",\"publisher\":{\"@id\":\"https:\/\/behostels.com\/fr\/#organization\"},\"potentialAction\":[{\"@type\":\"SearchAction\",\"target\":{\"@type\":\"EntryPoint\",\"urlTemplate\":\"https:\/\/behostels.com\/fr\/?s={search_term_string}\"},\"query-input\":\"required name=search_term_string\"}],\"inLanguage\":\"fr-FR\"},{\"@type\":\"Organization\",\"@id\":\"https:\/\/behostels.com\/fr\/#organization\",\"name\":\"Be Hostels\",\"url\":\"https:\/\/behostels.com\/fr\/\",\"logo\":{\"@type\":\"ImageObject\",\"inLanguage\":\"fr-FR\",\"@id\":\"https:\/\/behostels.com\/fr\/#\/schema\/logo\/image\/\",\"url\":\"https:\/\/behostels.com\/wp-content\/uploads\/2015\/06\/be_reservations_logo.jpg\",\"contentUrl\":\"https:\/\/behostels.com\/wp-content\/uploads\/2015\/06\/be_reservations_logo.jpg\",\"width\":130,\"height\":130,\"caption\":\"Be Hostels\"},\"image\":{\"@id\":\"https:\/\/behostels.com\/fr\/#\/schema\/logo\/image\/\"}}]}<\/script>\n<!-- \/ Yoast SEO plugin. -->","yoast_head_json":{"title":"S\u00e9journe au Be Sound Hostel Barcelona","description":"S\u00e9journe au Be Sound Hostel Barcelona","robots":{"index":"index","follow":"follow","max-snippet":"max-snippet:-1","max-image-preview":"max-image-preview:large","max-video-preview":"max-video-preview:-1"},"canonical":"https:\/\/behostels.com\/fr\/sound\/","og_locale":"fr_FR","og_type":"article","og_title":"S\u00e9journe au Be Sound Hostel Barcelona","og_description":"S\u00e9journe au Be Sound Hostel Barcelona","og_url":"https:\/\/behostels.com\/fr\/sound\/","og_site_name":"Be Hostels","article_modified_time":"2015-07-08T16:57:20+00:00","twitter_card":"summary_large_image","twitter_misc":{"Dur\u00e9e de lecture estim\u00e9e":"1 minute"},"schema":{"@context":"https:\/\/schema.org","@graph":[{"@type":"WebPage","@id":"https:\/\/behostels.com\/fr\/sound\/","url":"https:\/\/behostels.com\/fr\/sound\/","name":"S\u00e9journe au Be Sound Hostel Barcelona","isPartOf":{"@id":"https:\/\/behostels.com\/fr\/#website"},"datePublished":"2015-06-09T15:12:35+00:00","dateModified":"2015-07-08T16:57:20+00:00","description":"S\u00e9journe au Be Sound Hostel Barcelona","breadcrumb":{"@id":"https:\/\/behostels.com\/fr\/sound\/#breadcrumb"},"inLanguage":"fr-FR","potentialAction":[{"@type":"ReadAction","target":["https:\/\/behostels.com\/fr\/sound\/"]}]},{"@type":"BreadcrumbList","@id":"https:\/\/behostels.com\/fr\/sound\/#breadcrumb","itemListElement":[{"@type":"ListItem","position":1,"name":"Home","item":"https:\/\/behostels.com\/fr\/"},{"@type":"ListItem","position":2,"name":"Be Sound Hostel Barcelona: une auberge de jeunesse bon march\u00e9, confortable et originale au centre de la ville"}]},{"@type":"WebSite","@id":"https:\/\/behostels.com\/fr\/#website","url":"https:\/\/behostels.com\/fr\/","name":"Be Hostels","description":"","publisher":{"@id":"https:\/\/behostels.com\/fr\/#organization"},"potentialAction":[{"@type":"SearchAction","target":{"@type":"EntryPoint","urlTemplate":"https:\/\/behostels.com\/fr\/?s={search_term_string}"},"query-input":"required name=search_term_string"}],"inLanguage":"fr-FR"},{"@type":"Organization","@id":"https:\/\/behostels.com\/fr\/#organization","name":"Be Hostels","url":"https:\/\/behostels.com\/fr\/","logo":{"@type":"ImageObject","inLanguage":"fr-FR","@id":"https:\/\/behostels.com\/fr\/#\/schema\/logo\/image\/","url":"https:\/\/behostels.com\/wp-content\/uploads\/2015\/06\/be_reservations_logo.jpg","contentUrl":"https:\/\/behostels.com\/wp-content\/uploads\/2015\/06\/be_reservations_logo.jpg","width":130,"height":130,"caption":"Be Hostels"},"image":{"@id":"https:\/\/behostels.com\/fr\/#\/schema\/logo\/image\/"}}]}},"_links":{"self":[{"href":"https:\/\/behostels.com\/fr\/wp-json\/wp\/v2\/pages\/124"}],"collection":[{"href":"https:\/\/behostels.com\/fr\/wp-json\/wp\/v2\/pages"}],"about":[{"href":"https:\/\/behostels.com\/fr\/wp-json\/wp\/v2\/types\/page"}],"author":[{"embeddable":true,"href":"https:\/\/behostels.com\/fr\/wp-json\/wp\/v2\/users\/1"}],"replies":[{"embeddable":true,"href":"https:\/\/behostels.com\/fr\/wp-json\/wp\/v2\/comments?post=124"}],"version-history":[{"count":0,"href":"https:\/\/behostels.com\/fr\/wp-json\/wp\/v2\/pages\/124\/revisions"}],"wp:attachment":[{"href":"https:\/\/behostels.com\/fr\/wp-json\/wp\/v2\/media?parent=124"}],"curies":[{"name":"wp","href":"https:\/\/api.w.org\/{rel}","templated":true}]}}