{"id":934,"date":"2015-06-22T14:51:01","date_gmt":"2015-06-22T14:51:01","guid":{"rendered":"https:\/\/behostels.com\/?page_id=934"},"modified":"2015-12-08T00:12:04","modified_gmt":"2015-12-08T00:12:04","slug":"grupos-en-be-hostels-barcelona-y-zaragoza","status":"publish","type":"page","link":"https:\/\/behostels.com\/es\/grupos-en-be-hostels-barcelona-y-zaragoza\/","title":{"rendered":"Grupos en Be Hostels Barcelona y Zaragoza."},"content":{"rendered":"<h2>Si viajas en grupo a Barcelona o Zaragoza, en Be Hostels te hacemos un descuento especial de grupo.<\/h2>\r\n\r\n<h3>Tenga en cuenta que los grupos de reservas se consideran como un grupo de 15 personas o m\u00e1s.<\/h3>\r\n<p>Si desea m\u00e1s informaci\u00f3n acerca de precios y condiciones especiales de grupo, por favor, rellene el <a href=\"https:\/\/behostels.com\/es\/solicitud-de-reserva-para-alojamiento-de-grupos-en-nuestros-hostales-de-barcelona-y-zaragoza\/\" title=\"solicitud-grupos\">formulario para grupos<\/a> o env\u00edanos un email a <a href=\"mailto:groups@behostels.com\"><strong>groups@behostels.com<\/strong><\/a><\/p>\r\n\r\n<p>En <strong>Be Hostels<\/strong> tenemos m\u00e1s de 9 a\u00f1os de experiencia recibiendo a grupos. Entendemos que los grupos tienen requerimientos particulares, por eso nos preocupamos por resolver cualquier atenci\u00f3n especial como pueden ser picnics, comidas, actividades, horarios especiales, etc&#8230;<\/p>\r\n<div class=\"uk-grid uk-text-left uk-flex-middle\">\r\n\t<div class=\"uk-width-medium-1-3\">\r\n\t\t<div class=\"uk-overlay uk-overlay-hover uk-border-circle\">\r\n\t\t\t<img loading=\"lazy\" decoding=\"async\" src=\"https:\/\/behostels.com\/wp-content\/uploads\/2015\/07\/be-hostels-groups-contact.jpg\" alt=\"Behostels groups resrvationcontact\" width=\"600\" height=\"600\" class=\"uk-border-circle uk-overlay-scale\"  \/>\r\n\t\t<\/div>\r\n\t<\/div>\r\n\t<div class=\"uk-width-medium-2-3\">\r\n<h3><a href=\"http:\/\/www.behostels.com\" title=\"Hostels Barcelona | Be Hostels\" target=\"_blank\" class=\"invisible\" >Be Hostels<\/a> ofrece <strong>alojamiento para grupos<\/strong> como pueden ser:<\/h3>\r\n   \r\n<ul class=\"rooms\">\r\n    <li>Escuelas<\/li>  \r\n    <li>Universidades<\/li>  \r\n    <li>Institutos<\/li>  \r\n    <li>Equipos deportivos<\/li> \r\n    <li>Cursos de Verano<\/li>  \r\n    <li>Colectivos<\/li>  \r\n<\/ul>\r\n\r\n<p><strong>Be Hostels<\/strong> dispone de una amplia variedad en <strong>formatos de habitaciones<\/strong>, ajustables a las necesidades del grupo: <strong>habitaciones para 4, 6, 8, 10, 12 14 y 16 personas adem\u00e1s de individuales y dobles<\/strong>. Tambi\u00e9n se pueden reservar <strong>habitaciones s\u00f3lo para chicos, chicas o mixto<\/strong>. <\/p>\r\n\t<\/div>\r\n<\/div>\r\n\r\n<p>Adem\u00e1s, facilitamos la labor de maestros, gu\u00edas y conductores ofreciendo habitaciones individuales a su disposici\u00f3n.<\/p>\r\n<p>Trabajamos mucho para atender de la mejor manera posible a los grupos que nos visitan y para ello contamos con Ana, nuestra coordinadora de grupos.<\/p>\r\n\r\n<h3>\u00a1Contacta a <strong>Be Hostels<\/strong> para que te organicemos tu <strong>viaje en grupo<\/strong>!<\/h3>\r\n","protected":false},"excerpt":{"rendered":"<p>Si viajas en grupo a Barcelona o Zaragoza, en Be Hostels te hacemos un descuento especial de grupo. Tenga en cuenta que los grupos de reservas se consideran como un grupo de 15 personas o m\u00e1s. Si desea m\u00e1s informaci\u00f3n acerca de precios y condiciones especiales de grupo, por favor, rellene el formulario para grupos [&hellip;]<\/p>\n","protected":false},"author":1,"featured_media":0,"parent":0,"menu_order":0,"comment_status":"closed","ping_status":"closed","template":"","meta":{"footnotes":""},"yoast_head":"<!-- This site is optimized with the Yoast SEO plugin v22.7 - https:\/\/yoast.com\/wordpress\/plugins\/seo\/ -->\n<title>Grupos en Be Hostels Barcelona y Zaragoza.<\/title>\n<meta name=\"description\" content=\"Be Hostels dispone de una amplia variedad en formatos de habitaciones, ajustables a las necesidades de los grupos.\" \/>\n<meta name=\"robots\" content=\"index, follow, max-snippet:-1, max-image-preview:large, max-video-preview:-1\" \/>\n<link rel=\"canonical\" href=\"https:\/\/behostels.com\/es\/grupos-en-be-hostels-barcelona-y-zaragoza\/\" \/>\n<meta property=\"og:locale\" content=\"es_ES\" \/>\n<meta property=\"og:type\" content=\"article\" \/>\n<meta property=\"og:title\" content=\"Grupos en Be Hostels Barcelona y Zaragoza.\" \/>\n<meta property=\"og:description\" content=\"Be Hostels dispone de una amplia variedad en formatos de habitaciones, ajustables a las necesidades de los grupos.\" \/>\n<meta property=\"og:url\" content=\"https:\/\/behostels.com\/es\/grupos-en-be-hostels-barcelona-y-zaragoza\/\" \/>\n<meta property=\"og:site_name\" content=\"Be Hostels\" \/>\n<meta property=\"article:modified_time\" content=\"2015-12-08T00:12:04+00:00\" \/>\n<meta property=\"og:image\" content=\"https:\/\/behostels.com\/wp-content\/uploads\/2015\/07\/be-hostels-groups-contact.jpg\" \/>\n<meta name=\"twitter:card\" content=\"summary_large_image\" \/>\n<meta name=\"twitter:label1\" content=\"Tiempo de lectura\" \/>\n\t<meta name=\"twitter:data1\" content=\"1 minuto\" \/>\n<script type=\"application\/ld+json\" class=\"yoast-schema-graph\">{\"@context\":\"https:\/\/schema.org\",\"@graph\":[{\"@type\":\"WebPage\",\"@id\":\"https:\/\/behostels.com\/es\/grupos-en-be-hostels-barcelona-y-zaragoza\/\",\"url\":\"https:\/\/behostels.com\/es\/grupos-en-be-hostels-barcelona-y-zaragoza\/\",\"name\":\"Grupos en Be Hostels Barcelona y Zaragoza.\",\"isPartOf\":{\"@id\":\"https:\/\/behostels.com\/es\/#website\"},\"primaryImageOfPage\":{\"@id\":\"https:\/\/behostels.com\/es\/grupos-en-be-hostels-barcelona-y-zaragoza\/#primaryimage\"},\"image\":{\"@id\":\"https:\/\/behostels.com\/es\/grupos-en-be-hostels-barcelona-y-zaragoza\/#primaryimage\"},\"thumbnailUrl\":\"https:\/\/behostels.com\/wp-content\/uploads\/2015\/07\/be-hostels-groups-contact.jpg\",\"datePublished\":\"2015-06-22T14:51:01+00:00\",\"dateModified\":\"2015-12-08T00:12:04+00:00\",\"description\":\"Be Hostels dispone de una amplia variedad en formatos de habitaciones, ajustables a las necesidades de los grupos.\",\"breadcrumb\":{\"@id\":\"https:\/\/behostels.com\/es\/grupos-en-be-hostels-barcelona-y-zaragoza\/#breadcrumb\"},\"inLanguage\":\"es\",\"potentialAction\":[{\"@type\":\"ReadAction\",\"target\":[\"https:\/\/behostels.com\/es\/grupos-en-be-hostels-barcelona-y-zaragoza\/\"]}]},{\"@type\":\"ImageObject\",\"inLanguage\":\"es\",\"@id\":\"https:\/\/behostels.com\/es\/grupos-en-be-hostels-barcelona-y-zaragoza\/#primaryimage\",\"url\":\"https:\/\/behostels.com\/wp-content\/uploads\/2015\/07\/be-hostels-groups-contact.jpg\",\"contentUrl\":\"https:\/\/behostels.com\/wp-content\/uploads\/2015\/07\/be-hostels-groups-contact.jpg\"},{\"@type\":\"BreadcrumbList\",\"@id\":\"https:\/\/behostels.com\/es\/grupos-en-be-hostels-barcelona-y-zaragoza\/#breadcrumb\",\"itemListElement\":[{\"@type\":\"ListItem\",\"position\":1,\"name\":\"Home\",\"item\":\"https:\/\/behostels.com\/es\/\"},{\"@type\":\"ListItem\",\"position\":2,\"name\":\"Grupos en Be Hostels Barcelona y Zaragoza.\"}]},{\"@type\":\"WebSite\",\"@id\":\"https:\/\/behostels.com\/es\/#website\",\"url\":\"https:\/\/behostels.com\/es\/\",\"name\":\"Be Hostels\",\"description\":\"\",\"publisher\":{\"@id\":\"https:\/\/behostels.com\/es\/#organization\"},\"potentialAction\":[{\"@type\":\"SearchAction\",\"target\":{\"@type\":\"EntryPoint\",\"urlTemplate\":\"https:\/\/behostels.com\/es\/?s={search_term_string}\"},\"query-input\":\"required name=search_term_string\"}],\"inLanguage\":\"es\"},{\"@type\":\"Organization\",\"@id\":\"https:\/\/behostels.com\/es\/#organization\",\"name\":\"Be Hostels\",\"url\":\"https:\/\/behostels.com\/es\/\",\"logo\":{\"@type\":\"ImageObject\",\"inLanguage\":\"es\",\"@id\":\"https:\/\/behostels.com\/es\/#\/schema\/logo\/image\/\",\"url\":\"https:\/\/behostels.com\/wp-content\/uploads\/2015\/06\/be_reservations_logo.jpg\",\"contentUrl\":\"https:\/\/behostels.com\/wp-content\/uploads\/2015\/06\/be_reservations_logo.jpg\",\"width\":130,\"height\":130,\"caption\":\"Be Hostels\"},\"image\":{\"@id\":\"https:\/\/behostels.com\/es\/#\/schema\/logo\/image\/\"}}]}<\/script>\n<!-- \/ Yoast SEO plugin. -->","yoast_head_json":{"title":"Grupos en Be Hostels Barcelona y Zaragoza.","description":"Be Hostels dispone de una amplia variedad en formatos de habitaciones, ajustables a las necesidades de los grupos.","robots":{"index":"index","follow":"follow","max-snippet":"max-snippet:-1","max-image-preview":"max-image-preview:large","max-video-preview":"max-video-preview:-1"},"canonical":"https:\/\/behostels.com\/es\/grupos-en-be-hostels-barcelona-y-zaragoza\/","og_locale":"es_ES","og_type":"article","og_title":"Grupos en Be Hostels Barcelona y Zaragoza.","og_description":"Be Hostels dispone de una amplia variedad en formatos de habitaciones, ajustables a las necesidades de los grupos.","og_url":"https:\/\/behostels.com\/es\/grupos-en-be-hostels-barcelona-y-zaragoza\/","og_site_name":"Be Hostels","article_modified_time":"2015-12-08T00:12:04+00:00","og_image":[{"url":"https:\/\/behostels.com\/wp-content\/uploads\/2015\/07\/be-hostels-groups-contact.jpg"}],"twitter_card":"summary_large_image","twitter_misc":{"Tiempo de lectura":"1 minuto"},"schema":{"@context":"https:\/\/schema.org","@graph":[{"@type":"WebPage","@id":"https:\/\/behostels.com\/es\/grupos-en-be-hostels-barcelona-y-zaragoza\/","url":"https:\/\/behostels.com\/es\/grupos-en-be-hostels-barcelona-y-zaragoza\/","name":"Grupos en Be Hostels Barcelona y Zaragoza.","isPartOf":{"@id":"https:\/\/behostels.com\/es\/#website"},"primaryImageOfPage":{"@id":"https:\/\/behostels.com\/es\/grupos-en-be-hostels-barcelona-y-zaragoza\/#primaryimage"},"image":{"@id":"https:\/\/behostels.com\/es\/grupos-en-be-hostels-barcelona-y-zaragoza\/#primaryimage"},"thumbnailUrl":"https:\/\/behostels.com\/wp-content\/uploads\/2015\/07\/be-hostels-groups-contact.jpg","datePublished":"2015-06-22T14:51:01+00:00","dateModified":"2015-12-08T00:12:04+00:00","description":"Be Hostels dispone de una amplia variedad en formatos de habitaciones, ajustables a las necesidades de los grupos.","breadcrumb":{"@id":"https:\/\/behostels.com\/es\/grupos-en-be-hostels-barcelona-y-zaragoza\/#breadcrumb"},"inLanguage":"es","potentialAction":[{"@type":"ReadAction","target":["https:\/\/behostels.com\/es\/grupos-en-be-hostels-barcelona-y-zaragoza\/"]}]},{"@type":"ImageObject","inLanguage":"es","@id":"https:\/\/behostels.com\/es\/grupos-en-be-hostels-barcelona-y-zaragoza\/#primaryimage","url":"https:\/\/behostels.com\/wp-content\/uploads\/2015\/07\/be-hostels-groups-contact.jpg","contentUrl":"https:\/\/behostels.com\/wp-content\/uploads\/2015\/07\/be-hostels-groups-contact.jpg"},{"@type":"BreadcrumbList","@id":"https:\/\/behostels.com\/es\/grupos-en-be-hostels-barcelona-y-zaragoza\/#breadcrumb","itemListElement":[{"@type":"ListItem","position":1,"name":"Home","item":"https:\/\/behostels.com\/es\/"},{"@type":"ListItem","position":2,"name":"Grupos en Be Hostels Barcelona y Zaragoza."}]},{"@type":"WebSite","@id":"https:\/\/behostels.com\/es\/#website","url":"https:\/\/behostels.com\/es\/","name":"Be Hostels","description":"","publisher":{"@id":"https:\/\/behostels.com\/es\/#organization"},"potentialAction":[{"@type":"SearchAction","target":{"@type":"EntryPoint","urlTemplate":"https:\/\/behostels.com\/es\/?s={search_term_string}"},"query-input":"required name=search_term_string"}],"inLanguage":"es"},{"@type":"Organization","@id":"https:\/\/behostels.com\/es\/#organization","name":"Be Hostels","url":"https:\/\/behostels.com\/es\/","logo":{"@type":"ImageObject","inLanguage":"es","@id":"https:\/\/behostels.com\/es\/#\/schema\/logo\/image\/","url":"https:\/\/behostels.com\/wp-content\/uploads\/2015\/06\/be_reservations_logo.jpg","contentUrl":"https:\/\/behostels.com\/wp-content\/uploads\/2015\/06\/be_reservations_logo.jpg","width":130,"height":130,"caption":"Be Hostels"},"image":{"@id":"https:\/\/behostels.com\/es\/#\/schema\/logo\/image\/"}}]}},"_links":{"self":[{"href":"https:\/\/behostels.com\/es\/wp-json\/wp\/v2\/pages\/934"}],"collection":[{"href":"https:\/\/behostels.com\/es\/wp-json\/wp\/v2\/pages"}],"about":[{"href":"https:\/\/behostels.com\/es\/wp-json\/wp\/v2\/types\/page"}],"author":[{"embeddable":true,"href":"https:\/\/behostels.com\/es\/wp-json\/wp\/v2\/users\/1"}],"replies":[{"embeddable":true,"href":"https:\/\/behostels.com\/es\/wp-json\/wp\/v2\/comments?post=934"}],"version-history":[{"count":0,"href":"https:\/\/behostels.com\/es\/wp-json\/wp\/v2\/pages\/934\/revisions"}],"wp:attachment":[{"href":"https:\/\/behostels.com\/es\/wp-json\/wp\/v2\/media?parent=934"}],"curies":[{"name":"wp","href":"https:\/\/api.w.org\/{rel}","templated":true}]}}