{"id":863,"date":"2015-06-22T14:09:54","date_gmt":"2015-06-22T14:09:54","guid":{"rendered":"https:\/\/behostels.com\/?page_id=863"},"modified":"2015-07-24T09:38:09","modified_gmt":"2015-07-24T09:38:09","slug":"servicios-de-transporte-publico-de-barcelona-desde-los-principales-aeropuertos","status":"publish","type":"page","link":"https:\/\/behostels.com\/es\/servicios-de-transporte-publico-de-barcelona-desde-los-principales-aeropuertos\/","title":{"rendered":"Servicios de transporte p\u00fablico de Barcelona desde los principales aeropuertos"},"content":{"rendered":"<h3><a href=\"https:\/\/behostels.com\">Be Hostels<\/a> te pone a disposici\u00f3n la informaci\u00f3n m\u00e1s importante del servicio de transporte p\u00fablico de Barcelona.<\/h3>\r\n&nbsp;\r\n<h2 class=\"fantasy\">Aerobus de\/al aeropuerto<\/h2>\r\nEs un servicio expr\u00e9s entre el <strong>aeropuerto <\/strong>y el <strong>centro<\/strong> de la cuidad. Tiene varias paradas en la ciudad, las m\u00e1s importantes son <strong>Plaza Espa\u00f1a<\/strong> y <strong>Plaza Catalu\u00f1a<\/strong>, de donde podr\u00e1s conectar con metro o bus para llegar a m\u00e1s destinos de <strong>Barcelona<\/strong>. El <strong>Aerobus <\/strong>sale de cualquier terminal del <strong>aeropuerto <\/strong>cada 15 minutos durante el d\u00eda. Puedes coger el autob\u00fas en Pla\u00e7a Catalunya y tres paradas m\u00e1s hasta el aeropuerto.\r\n\r\n<strong>Hay dos l\u00edneas de autobuses.<\/strong>\r\n\r\n<strong>A1: Desde \/ hacia la Terminal del Aeropuerto T1<\/strong>, que tiene parada en la Pla\u00e7a Catalunya, Sep\u00falveda &#8211; Urgell, Pla\u00e7a Espanya, la Terminal 1, Plaza Espa\u00f1a, Gran V\u00eda Urgell, Pla\u00e7a Universitat, y termina de nuevo en la Plaza de Catalu\u00f1a.\r\n\r\nUsted puede tomar este autob\u00fas <strong>cada 5-10 minutos<\/strong>, y el precio del billete es <strong>5,90\u20ac por persona<\/strong> para los viajes de ida y <strong>10,20\u20ac por persona<\/strong> ida y vuelta (vuelta v\u00e1lida hasta 9 d\u00edas despu\u00e9s de la compra)\r\n\r\n<strong>A2: desde \/ hasta el aeropuerto Terminal T2<\/strong>, que tiene parada en la Pla\u00e7a Catalunya, Sep\u00falveda &#8211; Urgell, Pla\u00e7a Espanya, la Terminal 2B, 2C Terminal, Plaza Espa\u00f1a, Gran V\u00eda de Urgell, y termina de nuevo en la Plaza de Catalu\u00f1a.\r\n\r\nUsted puede tomar este autob\u00fas cada 10-20 minutos, y el precio del billete es <strong>5,90 \u20ac por persona<\/strong> para los viajes de ida y <strong>10,20\u20ac por persona<\/strong> ida y vuelta. (Retorno v\u00e1lidos hasta 9 d\u00edas despu\u00e9s de la compra)\r\n\r\n<ul class=\"rooms\">\r\n\t<li>T\u00edtulos integrados de viajes (T-10, T-Mes, T-50\/30, T-Trimestre T-Jove, T-Familiar, T-Dia) no son v\u00e1lidos para este servicio.<\/li>\r\n\t<li>Los menores de 4 a\u00f1os entrada gratuita.<\/li>\r\n\t<li>No se puede reservar los boletos con anticipaci\u00f3n.<\/li>\r\n<\/ul>\r\n\r\n<h3 class=\"fantasy\">Metro y billetes de Autob\u00fas<\/h3>\r\nSe pueden comprar <strong>billetes <\/strong>para <strong>viajes individuales<\/strong> por 2,15\u20ac el trayecto. Ahora, si quieres moverte por la ciudad y aprovechar este medio de transporte te conviene comprar el <strong>T10<\/strong>. Este te permite viajar 10 veces y conectar con otros sistemas de <strong>transporte <\/strong>urbano como trenes, buses, tranv\u00edas, etc. en la Zona 1 del sistema. El <strong>T10<\/strong> cuesta 10,30\u20ac y te ahorrar\u00e1 dinero y los retrasos de comprar el billete cada vez que viajas.\r\n\r\n<ul class=\"rooms\">\r\n\t<li><a href=\"http:\/\/www.tmb.cat\/en\/bitllets-i-tarifes\/-\/bitllet\/402\" title=\"T-10\" target=\"_blank\">M\u00e1s informaci\u00f3n acerca de T-10 aqu\u00ed!<\/a><\/li>\r\n<\/ul>\r\n\r\nTambi\u00e9n puedes comprar un billete de un d\u00eda que podr\u00e1s utilizar en todos los transportes de Barcelona (autob\u00fas, metro o FCG). El precio del billete es 7,60\u20ac.\r\n<ul class=\"rooms\">\r\n\t<li><a href=\"http:\/\/www.tmb.cat\/en\/bitllets-i-tarifes\/-\/bitllet\/402\" title=\"T-Dia\" target=\"_blank\">M\u00e1s informaci\u00f3n acerca de T-Dia aqu\u00ed!<\/a><\/li>\r\n<\/ul>\r\n\r\n<h3 class=\"fantasy\">Nit Bus Aeropuerto: N17<\/h3>\r\nEs el servicio de <strong>transporte <\/strong>entre el <strong>aeropuerto de Barcelona <\/strong>y la ciudad que cubre las horas desde las 23 hasta la 4.40am. El precio de un viaje es de 2,15\u20ac y tambi\u00e9n se puede usar el <strong>T10<\/strong>.\r\n\r\n\r\n<h3 class=\"fantasy\">Trenes de\/al Aeropuerto Barcelona<\/h3>\r\nEl sistema de ferrocarriles <strong>RENFE <\/strong>tiene un servicio cada 30 minutos aproximadamente de y hacia el <strong>aeropuerto <\/strong>al <strong>centro <\/strong>de la ciudad. El trayecto dura unos 25 minutos.\r\nUn billete a <strong>Estaci\u00f3n de Sants<\/strong> cuesta 4.10 \u20ac, aunque tambi\u00e9n puedes usar el <strong>T10<\/strong>.\r\n\r\n<h3 class=\"fantasy\">Aeropuerto de Girona a Barcelona<\/h3>\r\nEl bus de <strong>Barcelona <\/strong>es el medio m\u00e1s conveniente para realizar el trayecto del aeropuerto de <strong>Girona <\/strong>al centro de <strong>Barcelona<\/strong>. El <strong>bus <\/strong>para justo a la salida del aeropuerto de <strong>Girona <\/strong>y llega a la estaci\u00f3n de autobuses <strong>Barcelona Nord<\/strong> (parada principal) en el centro de la ciudad. Desde ah\u00ed, se puede tomar el sistema de metro para llevarte a tu destino. La estaci\u00f3n de metro m\u00e1s cercana es <strong>Arc de Triomf<\/strong> (<strong>L\u00ednea 1<\/strong> &#8211; Roja).\r\n\r\n<a href=\"behostels.com\/wp-content\/uploads\/girona-barcelona.pdf\" title=\"Girona - Barcelona\" target=\"_blank\"><strong>Puedes descargar los horarios de autobuses aqu\u00ed!<\/strong><\/a>\r\n\r\n<ul class=\"rooms\">\r\n\t<li>No se pueden reservar los billetes y su precio es de 16 \u20ac por un trayecto y 25 \u20ac ida y vuelta.<\/li>\r\n\r\n<\/ul>\r\n\r\n&nbsp;\r\n<h3>Por favor revisa la informaci\u00f3n de \u00abComo llegar\u00bb para el albergue que has reservado<\/h3>\r\n<div class=\"uk-grid\">\r\n<ul class=\"uk-list\">\r\n<li><a href=\"https:\/\/behostels.com\/es\/?page_id=83\" title=\"undefined\" target=\"\">Be Mar<\/a><\/li>\r\n<li><a href=\"https:\/\/behostels.com\/es\/sound\/como-llegar\/\" title=\"undefined\" target=\"\">Be Sound<\/a><\/li>\r\n<li><a href=\"https:\/\/behostels.com\/es\/ramblas\/como-llegar\/\" title=\"undefined\" target=\"\">Be Ramblas<\/a><\/li>\r\n<li><a href=\"https:\/\/behostels.com\/es\/dream\/como-llegar\/\" title=\"undefined\" target=\"\">Be Dream<\/a><\/li>\r\n<\/ul>\r\n<\/div>","protected":false},"excerpt":{"rendered":"<p>Be Hostels te pone a disposici\u00f3n la informaci\u00f3n m\u00e1s importante del servicio de transporte p\u00fablico de Barcelona. &nbsp; Aerobus de\/al aeropuerto Es un servicio expr\u00e9s entre el aeropuerto y el centro de la cuidad. Tiene varias paradas en la ciudad, las m\u00e1s importantes son Plaza Espa\u00f1a y Plaza Catalu\u00f1a, de donde podr\u00e1s conectar con metro [&hellip;]<\/p>\n","protected":false},"author":1,"featured_media":0,"parent":0,"menu_order":0,"comment_status":"closed","ping_status":"closed","template":"","meta":{"footnotes":""},"yoast_head":"<!-- This site is optimized with the Yoast SEO plugin v22.7 - https:\/\/yoast.com\/wordpress\/plugins\/seo\/ -->\n<title>Transportes de y hacia el aeropuerto de Barcelona<\/title>\n<meta name=\"description\" content=\"Be Hostels pone a disposici\u00f3n de sus clientes informaci\u00f3n \u00fatil acerca de los servicios de transporte del aeropuerto a Barcelona.\" \/>\n<meta name=\"robots\" content=\"index, follow, max-snippet:-1, max-image-preview:large, max-video-preview:-1\" \/>\n<link rel=\"canonical\" href=\"https:\/\/behostels.com\/es\/servicios-de-transporte-publico-de-barcelona-desde-los-principales-aeropuertos\/\" \/>\n<meta property=\"og:locale\" content=\"es_ES\" \/>\n<meta property=\"og:type\" content=\"article\" \/>\n<meta property=\"og:title\" content=\"Transportes de y hacia el aeropuerto de Barcelona\" \/>\n<meta property=\"og:description\" content=\"Be Hostels pone a disposici\u00f3n de sus clientes informaci\u00f3n \u00fatil acerca de los servicios de transporte del aeropuerto a Barcelona.\" \/>\n<meta property=\"og:url\" content=\"https:\/\/behostels.com\/es\/servicios-de-transporte-publico-de-barcelona-desde-los-principales-aeropuertos\/\" \/>\n<meta property=\"og:site_name\" content=\"Be Hostels\" \/>\n<meta property=\"article:modified_time\" content=\"2015-07-24T09:38:09+00:00\" \/>\n<meta name=\"twitter:card\" content=\"summary_large_image\" \/>\n<meta name=\"twitter:label1\" content=\"Tiempo de lectura\" \/>\n\t<meta name=\"twitter:data1\" content=\"3 minutos\" \/>\n<script type=\"application\/ld+json\" class=\"yoast-schema-graph\">{\"@context\":\"https:\/\/schema.org\",\"@graph\":[{\"@type\":\"WebPage\",\"@id\":\"https:\/\/behostels.com\/es\/servicios-de-transporte-publico-de-barcelona-desde-los-principales-aeropuertos\/\",\"url\":\"https:\/\/behostels.com\/es\/servicios-de-transporte-publico-de-barcelona-desde-los-principales-aeropuertos\/\",\"name\":\"Transportes de y hacia el aeropuerto de Barcelona\",\"isPartOf\":{\"@id\":\"https:\/\/behostels.com\/es\/#website\"},\"datePublished\":\"2015-06-22T14:09:54+00:00\",\"dateModified\":\"2015-07-24T09:38:09+00:00\",\"description\":\"Be Hostels pone a disposici\u00f3n de sus clientes informaci\u00f3n \u00fatil acerca de los servicios de transporte del aeropuerto a Barcelona.\",\"breadcrumb\":{\"@id\":\"https:\/\/behostels.com\/es\/servicios-de-transporte-publico-de-barcelona-desde-los-principales-aeropuertos\/#breadcrumb\"},\"inLanguage\":\"es\",\"potentialAction\":[{\"@type\":\"ReadAction\",\"target\":[\"https:\/\/behostels.com\/es\/servicios-de-transporte-publico-de-barcelona-desde-los-principales-aeropuertos\/\"]}]},{\"@type\":\"BreadcrumbList\",\"@id\":\"https:\/\/behostels.com\/es\/servicios-de-transporte-publico-de-barcelona-desde-los-principales-aeropuertos\/#breadcrumb\",\"itemListElement\":[{\"@type\":\"ListItem\",\"position\":1,\"name\":\"Home\",\"item\":\"https:\/\/behostels.com\/es\/\"},{\"@type\":\"ListItem\",\"position\":2,\"name\":\"Servicios de transporte p\u00fablico de Barcelona desde los principales aeropuertos\"}]},{\"@type\":\"WebSite\",\"@id\":\"https:\/\/behostels.com\/es\/#website\",\"url\":\"https:\/\/behostels.com\/es\/\",\"name\":\"Be Hostels\",\"description\":\"\",\"publisher\":{\"@id\":\"https:\/\/behostels.com\/es\/#organization\"},\"potentialAction\":[{\"@type\":\"SearchAction\",\"target\":{\"@type\":\"EntryPoint\",\"urlTemplate\":\"https:\/\/behostels.com\/es\/?s={search_term_string}\"},\"query-input\":\"required name=search_term_string\"}],\"inLanguage\":\"es\"},{\"@type\":\"Organization\",\"@id\":\"https:\/\/behostels.com\/es\/#organization\",\"name\":\"Be Hostels\",\"url\":\"https:\/\/behostels.com\/es\/\",\"logo\":{\"@type\":\"ImageObject\",\"inLanguage\":\"es\",\"@id\":\"https:\/\/behostels.com\/es\/#\/schema\/logo\/image\/\",\"url\":\"https:\/\/behostels.com\/wp-content\/uploads\/2015\/06\/be_reservations_logo.jpg\",\"contentUrl\":\"https:\/\/behostels.com\/wp-content\/uploads\/2015\/06\/be_reservations_logo.jpg\",\"width\":130,\"height\":130,\"caption\":\"Be Hostels\"},\"image\":{\"@id\":\"https:\/\/behostels.com\/es\/#\/schema\/logo\/image\/\"}}]}<\/script>\n<!-- \/ Yoast SEO plugin. -->","yoast_head_json":{"title":"Transportes de y hacia el aeropuerto de Barcelona","description":"Be Hostels pone a disposici\u00f3n de sus clientes informaci\u00f3n \u00fatil acerca de los servicios de transporte del aeropuerto a Barcelona.","robots":{"index":"index","follow":"follow","max-snippet":"max-snippet:-1","max-image-preview":"max-image-preview:large","max-video-preview":"max-video-preview:-1"},"canonical":"https:\/\/behostels.com\/es\/servicios-de-transporte-publico-de-barcelona-desde-los-principales-aeropuertos\/","og_locale":"es_ES","og_type":"article","og_title":"Transportes de y hacia el aeropuerto de Barcelona","og_description":"Be Hostels pone a disposici\u00f3n de sus clientes informaci\u00f3n \u00fatil acerca de los servicios de transporte del aeropuerto a Barcelona.","og_url":"https:\/\/behostels.com\/es\/servicios-de-transporte-publico-de-barcelona-desde-los-principales-aeropuertos\/","og_site_name":"Be Hostels","article_modified_time":"2015-07-24T09:38:09+00:00","twitter_card":"summary_large_image","twitter_misc":{"Tiempo de lectura":"3 minutos"},"schema":{"@context":"https:\/\/schema.org","@graph":[{"@type":"WebPage","@id":"https:\/\/behostels.com\/es\/servicios-de-transporte-publico-de-barcelona-desde-los-principales-aeropuertos\/","url":"https:\/\/behostels.com\/es\/servicios-de-transporte-publico-de-barcelona-desde-los-principales-aeropuertos\/","name":"Transportes de y hacia el aeropuerto de Barcelona","isPartOf":{"@id":"https:\/\/behostels.com\/es\/#website"},"datePublished":"2015-06-22T14:09:54+00:00","dateModified":"2015-07-24T09:38:09+00:00","description":"Be Hostels pone a disposici\u00f3n de sus clientes informaci\u00f3n \u00fatil acerca de los servicios de transporte del aeropuerto a Barcelona.","breadcrumb":{"@id":"https:\/\/behostels.com\/es\/servicios-de-transporte-publico-de-barcelona-desde-los-principales-aeropuertos\/#breadcrumb"},"inLanguage":"es","potentialAction":[{"@type":"ReadAction","target":["https:\/\/behostels.com\/es\/servicios-de-transporte-publico-de-barcelona-desde-los-principales-aeropuertos\/"]}]},{"@type":"BreadcrumbList","@id":"https:\/\/behostels.com\/es\/servicios-de-transporte-publico-de-barcelona-desde-los-principales-aeropuertos\/#breadcrumb","itemListElement":[{"@type":"ListItem","position":1,"name":"Home","item":"https:\/\/behostels.com\/es\/"},{"@type":"ListItem","position":2,"name":"Servicios de transporte p\u00fablico de Barcelona desde los principales aeropuertos"}]},{"@type":"WebSite","@id":"https:\/\/behostels.com\/es\/#website","url":"https:\/\/behostels.com\/es\/","name":"Be Hostels","description":"","publisher":{"@id":"https:\/\/behostels.com\/es\/#organization"},"potentialAction":[{"@type":"SearchAction","target":{"@type":"EntryPoint","urlTemplate":"https:\/\/behostels.com\/es\/?s={search_term_string}"},"query-input":"required name=search_term_string"}],"inLanguage":"es"},{"@type":"Organization","@id":"https:\/\/behostels.com\/es\/#organization","name":"Be Hostels","url":"https:\/\/behostels.com\/es\/","logo":{"@type":"ImageObject","inLanguage":"es","@id":"https:\/\/behostels.com\/es\/#\/schema\/logo\/image\/","url":"https:\/\/behostels.com\/wp-content\/uploads\/2015\/06\/be_reservations_logo.jpg","contentUrl":"https:\/\/behostels.com\/wp-content\/uploads\/2015\/06\/be_reservations_logo.jpg","width":130,"height":130,"caption":"Be Hostels"},"image":{"@id":"https:\/\/behostels.com\/es\/#\/schema\/logo\/image\/"}}]}},"_links":{"self":[{"href":"https:\/\/behostels.com\/es\/wp-json\/wp\/v2\/pages\/863"}],"collection":[{"href":"https:\/\/behostels.com\/es\/wp-json\/wp\/v2\/pages"}],"about":[{"href":"https:\/\/behostels.com\/es\/wp-json\/wp\/v2\/types\/page"}],"author":[{"embeddable":true,"href":"https:\/\/behostels.com\/es\/wp-json\/wp\/v2\/users\/1"}],"replies":[{"embeddable":true,"href":"https:\/\/behostels.com\/es\/wp-json\/wp\/v2\/comments?post=863"}],"version-history":[{"count":0,"href":"https:\/\/behostels.com\/es\/wp-json\/wp\/v2\/pages\/863\/revisions"}],"wp:attachment":[{"href":"https:\/\/behostels.com\/es\/wp-json\/wp\/v2\/media?parent=863"}],"curies":[{"name":"wp","href":"https:\/\/api.w.org\/{rel}","templated":true}]}}