{"id":623,"date":"2015-06-18T13:14:40","date_gmt":"2015-06-18T13:14:40","guid":{"rendered":"https:\/\/behostels.com\/?page_id=623"},"modified":"2019-12-12T10:23:31","modified_gmt":"2019-12-12T10:23:31","slug":"apartments-servicios","status":"publish","type":"page","link":"https:\/\/behostels.com\/es\/be-apartments-2\/apartments-servicios\/","title":{"rendered":"Be Apartments Barcelona Servicios"},"content":{"rendered":"<div class=\"uk-grid\">\r\n<div class=\"uk-width-large-1-2 uk-width-medium-1-2 uk-width-small-1-1\">\r\n<ul>\r\n    <li>Wifi gratuito en las habitaciones<\/li>\r\n \t<li>Tour por Barcelona gratuito<\/li>\r\n\t<li>Mapas de Barcelona gratis<\/li> \r\n    <li>Aparcamiento para coches de pago<\/li>\r\n<\/ul>\r\n<\/div>\r\n<div class=\"uk-width-large-1-2 uk-width-medium-1-2 uk-width-small-1-1\">\r\n<ul>\r\n    <li>Recepci\u00f3n abierta de 9 a 14:00<\/li>\r\n    <li>La entrada despu\u00e9s de las 14:00 se hace en el Be Mar Hostel<\/li>\r\n    <li>Aire acondicionado y calefacci\u00f3n<\/li>\r\n    <li>Actividades como: Tours caminando y en bicicleta, Tour de tapas y flamenco, etc<\/li>\r\n    <li>Servicio de almacenamiento de equipaje<\/li>\r\n<\/ul>\r\n<\/div>\r\n<\/div>","protected":false},"excerpt":{"rendered":"<p>Wifi gratuito en las habitaciones Tour por Barcelona gratuito Mapas de Barcelona gratis Aparcamiento para coches de pago Recepci\u00f3n abierta de 9 a 14:00 La entrada despu\u00e9s de las 14:00 se hace en el Be Mar Hostel Aire acondicionado y calefacci\u00f3n Actividades como: Tours caminando y en bicicleta, Tour de tapas y flamenco, etc Servicio [&hellip;]<\/p>\n","protected":false},"author":1,"featured_media":0,"parent":426,"menu_order":0,"comment_status":"closed","ping_status":"closed","template":"","meta":{"footnotes":""},"yoast_head":"<!-- This site is optimized with the Yoast SEO plugin v22.7 - https:\/\/yoast.com\/wordpress\/plugins\/seo\/ -->\n<title>Be Apartments Barcelona Servicios<\/title>\n<meta name=\"description\" content=\"Estos son los servicios en Barcelona de Be Apartments. Disfruta Barcelona de la mejor manera.\" \/>\n<meta name=\"robots\" content=\"index, follow, max-snippet:-1, max-image-preview:large, max-video-preview:-1\" \/>\n<link rel=\"canonical\" href=\"https:\/\/behostels.com\/es\/be-apartments-2\/apartments-servicios\/\" \/>\n<meta property=\"og:locale\" content=\"es_ES\" \/>\n<meta property=\"og:type\" content=\"article\" \/>\n<meta property=\"og:title\" content=\"Be Apartments Barcelona Servicios\" \/>\n<meta property=\"og:description\" content=\"Estos son los servicios en Barcelona de Be Apartments. Disfruta Barcelona de la mejor manera.\" \/>\n<meta property=\"og:url\" content=\"https:\/\/behostels.com\/es\/be-apartments-2\/apartments-servicios\/\" \/>\n<meta property=\"og:site_name\" content=\"Be Hostels\" \/>\n<meta property=\"article:modified_time\" content=\"2019-12-12T10:23:31+00:00\" \/>\n<meta name=\"twitter:card\" content=\"summary_large_image\" \/>\n<script type=\"application\/ld+json\" class=\"yoast-schema-graph\">{\"@context\":\"https:\/\/schema.org\",\"@graph\":[{\"@type\":\"WebPage\",\"@id\":\"https:\/\/behostels.com\/es\/be-apartments-2\/apartments-servicios\/\",\"url\":\"https:\/\/behostels.com\/es\/be-apartments-2\/apartments-servicios\/\",\"name\":\"Be Apartments Barcelona Servicios\",\"isPartOf\":{\"@id\":\"https:\/\/behostels.com\/es\/#website\"},\"datePublished\":\"2015-06-18T13:14:40+00:00\",\"dateModified\":\"2019-12-12T10:23:31+00:00\",\"description\":\"Estos son los servicios en Barcelona de Be Apartments. Disfruta Barcelona de la mejor manera.\",\"breadcrumb\":{\"@id\":\"https:\/\/behostels.com\/es\/be-apartments-2\/apartments-servicios\/#breadcrumb\"},\"inLanguage\":\"es\",\"potentialAction\":[{\"@type\":\"ReadAction\",\"target\":[\"https:\/\/behostels.com\/es\/be-apartments-2\/apartments-servicios\/\"]}]},{\"@type\":\"BreadcrumbList\",\"@id\":\"https:\/\/behostels.com\/es\/be-apartments-2\/apartments-servicios\/#breadcrumb\",\"itemListElement\":[{\"@type\":\"ListItem\",\"position\":1,\"name\":\"Home\",\"item\":\"https:\/\/behostels.com\/es\/\"},{\"@type\":\"ListItem\",\"position\":2,\"name\":\"Be Apartments\",\"item\":\"https:\/\/behostels.com\/es\/be-apartments-2\/\"},{\"@type\":\"ListItem\",\"position\":3,\"name\":\"Be Apartments Barcelona Servicios\"}]},{\"@type\":\"WebSite\",\"@id\":\"https:\/\/behostels.com\/es\/#website\",\"url\":\"https:\/\/behostels.com\/es\/\",\"name\":\"Be Hostels\",\"description\":\"\",\"publisher\":{\"@id\":\"https:\/\/behostels.com\/es\/#organization\"},\"potentialAction\":[{\"@type\":\"SearchAction\",\"target\":{\"@type\":\"EntryPoint\",\"urlTemplate\":\"https:\/\/behostels.com\/es\/?s={search_term_string}\"},\"query-input\":\"required name=search_term_string\"}],\"inLanguage\":\"es\"},{\"@type\":\"Organization\",\"@id\":\"https:\/\/behostels.com\/es\/#organization\",\"name\":\"Be Hostels\",\"url\":\"https:\/\/behostels.com\/es\/\",\"logo\":{\"@type\":\"ImageObject\",\"inLanguage\":\"es\",\"@id\":\"https:\/\/behostels.com\/es\/#\/schema\/logo\/image\/\",\"url\":\"https:\/\/behostels.com\/wp-content\/uploads\/2015\/06\/be_reservations_logo.jpg\",\"contentUrl\":\"https:\/\/behostels.com\/wp-content\/uploads\/2015\/06\/be_reservations_logo.jpg\",\"width\":130,\"height\":130,\"caption\":\"Be Hostels\"},\"image\":{\"@id\":\"https:\/\/behostels.com\/es\/#\/schema\/logo\/image\/\"}}]}<\/script>\n<!-- \/ Yoast SEO plugin. -->","yoast_head_json":{"title":"Be Apartments Barcelona Servicios","description":"Estos son los servicios en Barcelona de Be Apartments. Disfruta Barcelona de la mejor manera.","robots":{"index":"index","follow":"follow","max-snippet":"max-snippet:-1","max-image-preview":"max-image-preview:large","max-video-preview":"max-video-preview:-1"},"canonical":"https:\/\/behostels.com\/es\/be-apartments-2\/apartments-servicios\/","og_locale":"es_ES","og_type":"article","og_title":"Be Apartments Barcelona Servicios","og_description":"Estos son los servicios en Barcelona de Be Apartments. Disfruta Barcelona de la mejor manera.","og_url":"https:\/\/behostels.com\/es\/be-apartments-2\/apartments-servicios\/","og_site_name":"Be Hostels","article_modified_time":"2019-12-12T10:23:31+00:00","twitter_card":"summary_large_image","schema":{"@context":"https:\/\/schema.org","@graph":[{"@type":"WebPage","@id":"https:\/\/behostels.com\/es\/be-apartments-2\/apartments-servicios\/","url":"https:\/\/behostels.com\/es\/be-apartments-2\/apartments-servicios\/","name":"Be Apartments Barcelona Servicios","isPartOf":{"@id":"https:\/\/behostels.com\/es\/#website"},"datePublished":"2015-06-18T13:14:40+00:00","dateModified":"2019-12-12T10:23:31+00:00","description":"Estos son los servicios en Barcelona de Be Apartments. Disfruta Barcelona de la mejor manera.","breadcrumb":{"@id":"https:\/\/behostels.com\/es\/be-apartments-2\/apartments-servicios\/#breadcrumb"},"inLanguage":"es","potentialAction":[{"@type":"ReadAction","target":["https:\/\/behostels.com\/es\/be-apartments-2\/apartments-servicios\/"]}]},{"@type":"BreadcrumbList","@id":"https:\/\/behostels.com\/es\/be-apartments-2\/apartments-servicios\/#breadcrumb","itemListElement":[{"@type":"ListItem","position":1,"name":"Home","item":"https:\/\/behostels.com\/es\/"},{"@type":"ListItem","position":2,"name":"Be Apartments","item":"https:\/\/behostels.com\/es\/be-apartments-2\/"},{"@type":"ListItem","position":3,"name":"Be Apartments Barcelona Servicios"}]},{"@type":"WebSite","@id":"https:\/\/behostels.com\/es\/#website","url":"https:\/\/behostels.com\/es\/","name":"Be Hostels","description":"","publisher":{"@id":"https:\/\/behostels.com\/es\/#organization"},"potentialAction":[{"@type":"SearchAction","target":{"@type":"EntryPoint","urlTemplate":"https:\/\/behostels.com\/es\/?s={search_term_string}"},"query-input":"required name=search_term_string"}],"inLanguage":"es"},{"@type":"Organization","@id":"https:\/\/behostels.com\/es\/#organization","name":"Be Hostels","url":"https:\/\/behostels.com\/es\/","logo":{"@type":"ImageObject","inLanguage":"es","@id":"https:\/\/behostels.com\/es\/#\/schema\/logo\/image\/","url":"https:\/\/behostels.com\/wp-content\/uploads\/2015\/06\/be_reservations_logo.jpg","contentUrl":"https:\/\/behostels.com\/wp-content\/uploads\/2015\/06\/be_reservations_logo.jpg","width":130,"height":130,"caption":"Be Hostels"},"image":{"@id":"https:\/\/behostels.com\/es\/#\/schema\/logo\/image\/"}}]}},"_links":{"self":[{"href":"https:\/\/behostels.com\/es\/wp-json\/wp\/v2\/pages\/623"}],"collection":[{"href":"https:\/\/behostels.com\/es\/wp-json\/wp\/v2\/pages"}],"about":[{"href":"https:\/\/behostels.com\/es\/wp-json\/wp\/v2\/types\/page"}],"author":[{"embeddable":true,"href":"https:\/\/behostels.com\/es\/wp-json\/wp\/v2\/users\/1"}],"replies":[{"embeddable":true,"href":"https:\/\/behostels.com\/es\/wp-json\/wp\/v2\/comments?post=623"}],"version-history":[{"count":0,"href":"https:\/\/behostels.com\/es\/wp-json\/wp\/v2\/pages\/623\/revisions"}],"up":[{"embeddable":true,"href":"https:\/\/behostels.com\/es\/wp-json\/wp\/v2\/pages\/426"}],"wp:attachment":[{"href":"https:\/\/behostels.com\/es\/wp-json\/wp\/v2\/media?parent=623"}],"curies":[{"name":"wp","href":"https:\/\/api.w.org\/{rel}","templated":true}]}}