{"id":609,"date":"2015-06-18T13:09:58","date_gmt":"2015-06-18T13:09:58","guid":{"rendered":"https:\/\/behostels.com\/?page_id=609"},"modified":"2015-12-08T00:18:08","modified_gmt":"2015-12-08T00:18:08","slug":"apartments-habitaciones","status":"publish","type":"page","link":"https:\/\/behostels.com\/es\/be-apartments-2\/apartments-habitaciones\/","title":{"rendered":"Apartments Habitaciones en Barcelona"},"content":{"rendered":"\n\n<div id=\"wk-grid726\" class=\"uk-grid-width-1-1 uk-grid-width-medium-1-3 uk-grid uk-grid-match uk-grid-medium uk-text-center \" data-uk-grid-match=\"{target:'> div > .uk-panel', row:true}\" data-uk-grid-margin  data-uk-scrollspy=\"{cls:'uk-animation-fade uk-invisible', target:'> div > .uk-panel', delay:300}\">\n\n\n    <div>\n        <div class=\"uk-panel uk-invisible\">\n\n            \n            \n                        <div class=\"uk-text-center uk-panel-teaser\"><img loading=\"lazy\" decoding=\"async\" src=\"\/wp-content\/uploads\/2015\/11\/DoubleRoom1.png\" class=\"uk-border-circle uk-overlay-scale\" alt=\"Double Room\" width=\"800\" height=\"800\"><\/div>\n            \n            \n            \n            \n            \n                        <div class=\"uk-margin\"><a class=\"uk-button\" href=\"https:\/\/booking.behostels.com\/?day=07\/04\/2026&#038;nights=7&#038;hotel=apartments\">\n    \n    Habitaci\u00f3n Doble en Barcelona\n    \n    \n    \n    \n    \n\n<\/a><\/div>\n            \n            \n            \n            \n        <\/div>\n    <\/div>\n\n\n    <div>\n        <div class=\"uk-panel uk-invisible\">\n\n            \n            \n                        <div class=\"uk-text-center uk-panel-teaser\"><img loading=\"lazy\" decoding=\"async\" src=\"\/wp-content\/uploads\/2015\/11\/Apartment2.jpg\" class=\"uk-border-circle uk-overlay-scale\" alt=\"Apartment 2 people\" width=\"600\" height=\"600\"><\/div>\n            \n            \n            \n            \n            \n                        <div class=\"uk-margin\"><a class=\"uk-button\" href=\"https:\/\/booking.behostels.com\/?day=07\/04\/2026&#038;nights=7&#038;hotel=apartments\">\n    \n    Apartamento 2 pax Barcelona\n    \n    \n    \n    \n    \n<\/a><\/div>\n            \n            \n            \n            \n        <\/div>\n    <\/div>\n\n\n    <div>\n        <div class=\"uk-panel uk-invisible\">\n\n            \n            \n                        <div class=\"uk-text-center uk-panel-teaser\"><img loading=\"lazy\" decoding=\"async\" src=\"\/wp-content\/uploads\/2015\/11\/Apartment3.jpg\" class=\"uk-border-circle uk-overlay-scale\" alt=\"Apartment 3 people\" width=\"720\" height=\"720\"><\/div>\n            \n            \n            \n            \n            \n                        <div class=\"uk-margin\"><a class=\"uk-button\" href=\"https:\/\/booking.behostels.com\/?day=07\/04\/2026&#038;nights=7&#038;hotel=apartments\">\n    \n    Apartamento 3 pax Barcelona\n    \n    \n    \n    \n    \n<\/a><\/div>\n            \n            \n            \n            \n        <\/div>\n    <\/div>\n\n\n<\/div>\n\n<script>\n(function($){\n\n    \/\/ get the images of the gallery and replace it by a canvas of the same size to fix the problem with overlapping images on load.\n    $('img[width][height]:not(.uk-overlay-panel)', $('#wk-grid726')).each(function() {\n\n        var $img = $(this);\n\n        if (this.width == 'auto' || this.height == 'auto' || !$img.is(':visible')) {\n            return;\n        }\n\n        var $canvas = $('<canvas class=\"uk-responsive-width\"><\/canvas>').attr({width:$img.attr('width'), height:$img.attr('height')}),\n            img = new Image,\n            release = function() {\n                $canvas.remove();\n                $img.css('display', '');\n                release = function(){};\n            };\n\n        $img.css('display', 'none').after($canvas);\n\n        $(img).on('load', function(){ release(); });\n        setTimeout(function(){ release(); }, 1000);\n\n        img.src = this.src;\n\n    });\n\n})(jQuery);\n<\/script>\n\r\n<br>\r\n<br>\r\n<div class=\"destacado\">\r\n    <h2 class=\"fantasy\">Los tipos de las habitaciones en Be Apartments son:<\/h2>\r\n<ul>\r\n    <li><strong>Apartamento para 2 personas con cocina y ba\u00f1o<\/strong><\/li>\r\n    <li><strong>Apartamento para 3 personas con cocina y ba\u00f1o<\/strong><\/li>\r\n    <li><strong>Habitaci\u00f3n Doble con ba\u00f1o<\/strong><\/li>\r\n<\/ul>\r\n<\/div>\r\n<h2 class=\"fantasy\">Todas las habitaciones disponen de estos servicios:<\/h2>\r\n<ul>\r\n    <li><strong>Internet Wifi gratuito en la habitaci\u00f3n<\/strong><\/li>\r\n    <li><strong>TV<\/strong><\/li>\r\n    <li><strong>Aire acondicionado<\/strong> y <strong>calefacci\u00f3n<\/strong> con control autom\u00e1tico<\/li>\r\n    <li>Los ba\u00f1os tienen duchas, jab\u00f3n y secador de pelo<\/li>\r\n    <li>Ropa de cama y toallas<\/li>\r\n<\/ul>","protected":false},"excerpt":{"rendered":"<p>Los tipos de las habitaciones en Be Apartments son: Apartamento para 2 personas con cocina y ba\u00f1o Apartamento para 3 personas con cocina y ba\u00f1o Habitaci\u00f3n Doble con ba\u00f1o Todas las habitaciones disponen de estos servicios: Internet Wifi gratuito en la habitaci\u00f3n TV Aire acondicionado y calefacci\u00f3n con control autom\u00e1tico Los ba\u00f1os tienen duchas, jab\u00f3n [&hellip;]<\/p>\n","protected":false},"author":1,"featured_media":0,"parent":426,"menu_order":0,"comment_status":"closed","ping_status":"closed","template":"","meta":{"footnotes":""},"yoast_head":"<!-- This site is optimized with the Yoast SEO plugin v22.7 - https:\/\/yoast.com\/wordpress\/plugins\/seo\/ -->\n<title>Apartments Habitaciones en Barcelona<\/title>\n<meta name=\"description\" content=\"Be Apartments Habitaciones en Barcelona\" \/>\n<meta name=\"robots\" content=\"index, follow, max-snippet:-1, max-image-preview:large, max-video-preview:-1\" \/>\n<link rel=\"canonical\" href=\"https:\/\/behostels.com\/es\/be-apartments-2\/apartments-habitaciones\/\" \/>\n<meta property=\"og:locale\" content=\"es_ES\" \/>\n<meta property=\"og:type\" content=\"article\" \/>\n<meta property=\"og:title\" content=\"Apartments Habitaciones en Barcelona\" \/>\n<meta property=\"og:description\" content=\"Be Apartments Habitaciones en Barcelona\" \/>\n<meta property=\"og:url\" content=\"https:\/\/behostels.com\/es\/be-apartments-2\/apartments-habitaciones\/\" \/>\n<meta property=\"og:site_name\" content=\"Be Hostels\" \/>\n<meta property=\"article:modified_time\" content=\"2015-12-08T00:18:08+00:00\" \/>\n<meta name=\"twitter:card\" content=\"summary_large_image\" \/>\n<script type=\"application\/ld+json\" class=\"yoast-schema-graph\">{\"@context\":\"https:\/\/schema.org\",\"@graph\":[{\"@type\":\"WebPage\",\"@id\":\"https:\/\/behostels.com\/es\/be-apartments-2\/apartments-habitaciones\/\",\"url\":\"https:\/\/behostels.com\/es\/be-apartments-2\/apartments-habitaciones\/\",\"name\":\"Apartments Habitaciones en Barcelona\",\"isPartOf\":{\"@id\":\"https:\/\/behostels.com\/es\/#website\"},\"datePublished\":\"2015-06-18T13:09:58+00:00\",\"dateModified\":\"2015-12-08T00:18:08+00:00\",\"description\":\"Be Apartments Habitaciones en Barcelona\",\"breadcrumb\":{\"@id\":\"https:\/\/behostels.com\/es\/be-apartments-2\/apartments-habitaciones\/#breadcrumb\"},\"inLanguage\":\"es\",\"potentialAction\":[{\"@type\":\"ReadAction\",\"target\":[\"https:\/\/behostels.com\/es\/be-apartments-2\/apartments-habitaciones\/\"]}]},{\"@type\":\"BreadcrumbList\",\"@id\":\"https:\/\/behostels.com\/es\/be-apartments-2\/apartments-habitaciones\/#breadcrumb\",\"itemListElement\":[{\"@type\":\"ListItem\",\"position\":1,\"name\":\"Home\",\"item\":\"https:\/\/behostels.com\/es\/\"},{\"@type\":\"ListItem\",\"position\":2,\"name\":\"Be Apartments\",\"item\":\"https:\/\/behostels.com\/es\/be-apartments-2\/\"},{\"@type\":\"ListItem\",\"position\":3,\"name\":\"Apartments Habitaciones en Barcelona\"}]},{\"@type\":\"WebSite\",\"@id\":\"https:\/\/behostels.com\/es\/#website\",\"url\":\"https:\/\/behostels.com\/es\/\",\"name\":\"Be Hostels\",\"description\":\"\",\"publisher\":{\"@id\":\"https:\/\/behostels.com\/es\/#organization\"},\"potentialAction\":[{\"@type\":\"SearchAction\",\"target\":{\"@type\":\"EntryPoint\",\"urlTemplate\":\"https:\/\/behostels.com\/es\/?s={search_term_string}\"},\"query-input\":\"required name=search_term_string\"}],\"inLanguage\":\"es\"},{\"@type\":\"Organization\",\"@id\":\"https:\/\/behostels.com\/es\/#organization\",\"name\":\"Be Hostels\",\"url\":\"https:\/\/behostels.com\/es\/\",\"logo\":{\"@type\":\"ImageObject\",\"inLanguage\":\"es\",\"@id\":\"https:\/\/behostels.com\/es\/#\/schema\/logo\/image\/\",\"url\":\"https:\/\/behostels.com\/wp-content\/uploads\/2015\/06\/be_reservations_logo.jpg\",\"contentUrl\":\"https:\/\/behostels.com\/wp-content\/uploads\/2015\/06\/be_reservations_logo.jpg\",\"width\":130,\"height\":130,\"caption\":\"Be Hostels\"},\"image\":{\"@id\":\"https:\/\/behostels.com\/es\/#\/schema\/logo\/image\/\"}}]}<\/script>\n<!-- \/ Yoast SEO plugin. -->","yoast_head_json":{"title":"Apartments Habitaciones en Barcelona","description":"Be Apartments Habitaciones en Barcelona","robots":{"index":"index","follow":"follow","max-snippet":"max-snippet:-1","max-image-preview":"max-image-preview:large","max-video-preview":"max-video-preview:-1"},"canonical":"https:\/\/behostels.com\/es\/be-apartments-2\/apartments-habitaciones\/","og_locale":"es_ES","og_type":"article","og_title":"Apartments Habitaciones en Barcelona","og_description":"Be Apartments Habitaciones en Barcelona","og_url":"https:\/\/behostels.com\/es\/be-apartments-2\/apartments-habitaciones\/","og_site_name":"Be Hostels","article_modified_time":"2015-12-08T00:18:08+00:00","twitter_card":"summary_large_image","schema":{"@context":"https:\/\/schema.org","@graph":[{"@type":"WebPage","@id":"https:\/\/behostels.com\/es\/be-apartments-2\/apartments-habitaciones\/","url":"https:\/\/behostels.com\/es\/be-apartments-2\/apartments-habitaciones\/","name":"Apartments Habitaciones en Barcelona","isPartOf":{"@id":"https:\/\/behostels.com\/es\/#website"},"datePublished":"2015-06-18T13:09:58+00:00","dateModified":"2015-12-08T00:18:08+00:00","description":"Be Apartments Habitaciones en Barcelona","breadcrumb":{"@id":"https:\/\/behostels.com\/es\/be-apartments-2\/apartments-habitaciones\/#breadcrumb"},"inLanguage":"es","potentialAction":[{"@type":"ReadAction","target":["https:\/\/behostels.com\/es\/be-apartments-2\/apartments-habitaciones\/"]}]},{"@type":"BreadcrumbList","@id":"https:\/\/behostels.com\/es\/be-apartments-2\/apartments-habitaciones\/#breadcrumb","itemListElement":[{"@type":"ListItem","position":1,"name":"Home","item":"https:\/\/behostels.com\/es\/"},{"@type":"ListItem","position":2,"name":"Be Apartments","item":"https:\/\/behostels.com\/es\/be-apartments-2\/"},{"@type":"ListItem","position":3,"name":"Apartments Habitaciones en Barcelona"}]},{"@type":"WebSite","@id":"https:\/\/behostels.com\/es\/#website","url":"https:\/\/behostels.com\/es\/","name":"Be Hostels","description":"","publisher":{"@id":"https:\/\/behostels.com\/es\/#organization"},"potentialAction":[{"@type":"SearchAction","target":{"@type":"EntryPoint","urlTemplate":"https:\/\/behostels.com\/es\/?s={search_term_string}"},"query-input":"required name=search_term_string"}],"inLanguage":"es"},{"@type":"Organization","@id":"https:\/\/behostels.com\/es\/#organization","name":"Be Hostels","url":"https:\/\/behostels.com\/es\/","logo":{"@type":"ImageObject","inLanguage":"es","@id":"https:\/\/behostels.com\/es\/#\/schema\/logo\/image\/","url":"https:\/\/behostels.com\/wp-content\/uploads\/2015\/06\/be_reservations_logo.jpg","contentUrl":"https:\/\/behostels.com\/wp-content\/uploads\/2015\/06\/be_reservations_logo.jpg","width":130,"height":130,"caption":"Be Hostels"},"image":{"@id":"https:\/\/behostels.com\/es\/#\/schema\/logo\/image\/"}}]}},"_links":{"self":[{"href":"https:\/\/behostels.com\/es\/wp-json\/wp\/v2\/pages\/609"}],"collection":[{"href":"https:\/\/behostels.com\/es\/wp-json\/wp\/v2\/pages"}],"about":[{"href":"https:\/\/behostels.com\/es\/wp-json\/wp\/v2\/types\/page"}],"author":[{"embeddable":true,"href":"https:\/\/behostels.com\/es\/wp-json\/wp\/v2\/users\/1"}],"replies":[{"embeddable":true,"href":"https:\/\/behostels.com\/es\/wp-json\/wp\/v2\/comments?post=609"}],"version-history":[{"count":0,"href":"https:\/\/behostels.com\/es\/wp-json\/wp\/v2\/pages\/609\/revisions"}],"up":[{"embeddable":true,"href":"https:\/\/behostels.com\/es\/wp-json\/wp\/v2\/pages\/426"}],"wp:attachment":[{"href":"https:\/\/behostels.com\/es\/wp-json\/wp\/v2\/media?parent=609"}],"curies":[{"name":"wp","href":"https:\/\/api.w.org\/{rel}","templated":true}]}}