{"id":55,"date":"2015-06-08T15:40:19","date_gmt":"2015-06-08T15:40:19","guid":{"rendered":"https:\/\/behostels.com\/?page_id=55"},"modified":"2015-07-16T09:16:58","modified_gmt":"2015-07-16T09:16:58","slug":"la-historia-de-be-hostels","status":"publish","type":"page","link":"https:\/\/behostels.com\/es\/la-historia-de-be-hostels\/","title":{"rendered":"La historia de Be Hostels: Un nuevo estilo de hospedaje en Barcelona"},"content":{"rendered":"<h2>En la actualidad,<a title=\"Barcelona Hostels | Hostels in Barcelona\" href=\"https:\/\/behostels.com\"> Be Hostels<\/a> es un grupo de <strong>hostales<\/strong> conocido y respetado en <strong>Barcelona<\/strong>.<\/h2>\r\n\r\n<h3>A trav\u00e9s de los a\u00f1os <strong>Be Hostels<\/strong> mantiene el estilo <strong>tradicional<\/strong> de <strong>hostal<\/strong>. Aun as\u00ed, nos adaptamos a los nuevos tiempos siempre ofreciendo las <strong>mejores facilidades<\/strong> <strong>e instalaciones<\/strong>, <strong>buenos precios<\/strong> y la <strong>mejor calidad<\/strong>.<\/h3>\r\n<p><a title=\"Barcelona Hostels | Hostels in Barcelona\" href=\"https:\/\/behostels.com\">Be Hostels<\/a> comenz\u00f3 en 1999 como un peque\u00f1o hotel al lado de Ramblas, justo en el centro de Barcelona. Fue fundado por Josep Mar\u00eda Farr\u00e9 en su misi\u00f3n de recibir a turistas de la mejor manera posible. A\u00f1os despu\u00e9s, sus hijos Adri\u00e0 y V\u00e0lia se incorporaron al equipo para trabajar en la misma inquietud. Su juventud y entusiasmo por conocer el mundo les dio nuevas ideas en opciones de alojamiento.<\/p>\r\n<div class=\"uk-grid uk-text-left uk-flex-middle\">\r\n\t<div class=\"uk-width-medium-1-3\">\r\n\t\t<div class=\"uk-overlay uk-overlay-hover uk-border-circle\">\r\n\t\t\t<img loading=\"lazy\" decoding=\"async\" src=\"https:\/\/behostels.com\/wp-content\/uploads\/2015\/07\/be-mar-hostel-barcelona-entrance.jpg\" class=\"uk-border-circle uk-overlay-scale\" alt=\"Be Mar Hostel Barcelona Best Location\" width=\"900\" height=\"900\" class=\"alignnone size-full wp-image-1795\" srcset=\"https:\/\/behostels.com\/wp-content\/uploads\/2015\/07\/be-mar-hostel-barcelona-entrance.jpg 900w, https:\/\/behostels.com\/wp-content\/uploads\/2015\/07\/be-mar-hostel-barcelona-entrance-150x150.jpg 150w, https:\/\/behostels.com\/wp-content\/uploads\/2015\/07\/be-mar-hostel-barcelona-entrance-300x300.jpg 300w\" sizes=\"(max-width: 900px) 100vw, 900px\" \/>\r\n\t\t<\/div>\r\n\t<\/div>\r\n\t<div class=\"uk-width-medium-2-3\">\r\n\t<p>\r\n\tAbrieron <strong> <a title=\"Barcelona Hostels | Be Mar hostel in Barcelona\" href=\"https:\/\/behostels.com\/es\/?page_id=71\">Be Mar Hostel<\/a><\/strong> en 2002, uno de los pocos <strong>hostales en Barcelona<\/strong> en ese entonces, introduciendo nuevas ideas en un sector tur\u00edstico que era arcaico en ese momento en <strong>Espa\u00f1a<\/strong>. Pasaron muchas horas en recepci\u00f3n, haciendo nuevos amigos y viendo crecer <strong>Be Mar Hostel<\/strong>.\r\n\r\nEn 2005 <strong>Be Hostels<\/strong> abre <strong>Be Sound Hostels<\/strong> justo al lado. Se construy\u00f3 en un antiguo almac\u00e9n de m\u00fasica. <strong>Be Sound Hostel<\/strong> es un homenaje a ese sitio, por ello organizamos conciertos y promoviendo la m\u00fasica de <strong>Barcelona<\/strong>.\r\n\t<\/p>\r\n<p>Luego, en 2007, se abre <strong>Be Dream Hostel<\/strong> en un intento de compartir la <strong>playa de Barcelona<\/strong> y la ciudad de <strong>Badalona<\/strong> (de donde es la familia <strong>Farr\u00e9<\/strong>) con viajeros alternativos.<\/p>\r\n\r\n<p>Finalmente<strong> Be Hostels<\/strong> abre un <strong>hostal en Zaragoza<\/strong>, una hermosa ciudad que se encuentra en medio de <strong>Barcelona<\/strong> y <strong>Madrid<\/strong>. Esta ciudad se merece una visita en la que se puede descubrir la aut\u00e9ntica <strong>forma de vida espa\u00f1ola<\/strong>.<\/p>\r\n\t<\/div>\r\n<\/div>\r\n\r\n<h3>\u00a1Esperamos que te sientas como en casa y que tengas una estancia placentera!<\/h3>\r\n\r\n<div class=\"destacado\">Nunca dejamos de viajar por el mundo.\r\n<\/div>","protected":false},"excerpt":{"rendered":"<p>En la actualidad, Be Hostels es un grupo de hostales conocido y respetado en Barcelona. A trav\u00e9s de los a\u00f1os Be Hostels mantiene el estilo tradicional de hostal. Aun as\u00ed, nos adaptamos a los nuevos tiempos siempre ofreciendo las mejores facilidades e instalaciones, buenos precios y la mejor calidad. Be Hostels comenz\u00f3 en 1999 como [&hellip;]<\/p>\n","protected":false},"author":1,"featured_media":0,"parent":0,"menu_order":0,"comment_status":"closed","ping_status":"closed","template":"","meta":{"footnotes":""},"yoast_head":"<!-- This site is optimized with the Yoast SEO plugin v22.7 - https:\/\/yoast.com\/wordpress\/plugins\/seo\/ -->\n<title>Un nuevo estilo de alojamiento en Barcelona. La Historia de Be Hostels.<\/title>\n<meta name=\"description\" content=\"Siempre estamos atentos para mejorar la estad\u00eda de nuestros hu\u00e9spedes en nuestros hostales de Barcelona y Zaragoza\" \/>\n<meta name=\"robots\" content=\"index, follow, max-snippet:-1, max-image-preview:large, max-video-preview:-1\" \/>\n<link rel=\"canonical\" href=\"https:\/\/behostels.com\/es\/la-historia-de-be-hostels\/\" \/>\n<meta property=\"og:locale\" content=\"es_ES\" \/>\n<meta property=\"og:type\" content=\"article\" \/>\n<meta property=\"og:title\" content=\"Un nuevo estilo de alojamiento en Barcelona. La Historia de Be Hostels.\" \/>\n<meta property=\"og:description\" content=\"Siempre estamos atentos para mejorar la estad\u00eda de nuestros hu\u00e9spedes en nuestros hostales de Barcelona y Zaragoza\" \/>\n<meta property=\"og:url\" content=\"https:\/\/behostels.com\/es\/la-historia-de-be-hostels\/\" \/>\n<meta property=\"og:site_name\" content=\"Be Hostels\" \/>\n<meta property=\"article:modified_time\" content=\"2015-07-16T09:16:58+00:00\" \/>\n<meta property=\"og:image\" content=\"https:\/\/behostels.com\/wp-content\/uploads\/2015\/07\/be-mar-hostel-barcelona-entrance.jpg\" \/>\n<meta name=\"twitter:card\" content=\"summary_large_image\" \/>\n<meta name=\"twitter:label1\" content=\"Tiempo de lectura\" \/>\n\t<meta name=\"twitter:data1\" content=\"2 minutos\" \/>\n<script type=\"application\/ld+json\" class=\"yoast-schema-graph\">{\"@context\":\"https:\/\/schema.org\",\"@graph\":[{\"@type\":\"WebPage\",\"@id\":\"https:\/\/behostels.com\/es\/la-historia-de-be-hostels\/\",\"url\":\"https:\/\/behostels.com\/es\/la-historia-de-be-hostels\/\",\"name\":\"Un nuevo estilo de alojamiento en Barcelona. La Historia de Be Hostels.\",\"isPartOf\":{\"@id\":\"https:\/\/behostels.com\/es\/#website\"},\"primaryImageOfPage\":{\"@id\":\"https:\/\/behostels.com\/es\/la-historia-de-be-hostels\/#primaryimage\"},\"image\":{\"@id\":\"https:\/\/behostels.com\/es\/la-historia-de-be-hostels\/#primaryimage\"},\"thumbnailUrl\":\"https:\/\/behostels.com\/wp-content\/uploads\/2015\/07\/be-mar-hostel-barcelona-entrance.jpg\",\"datePublished\":\"2015-06-08T15:40:19+00:00\",\"dateModified\":\"2015-07-16T09:16:58+00:00\",\"description\":\"Siempre estamos atentos para mejorar la estad\u00eda de nuestros hu\u00e9spedes en nuestros hostales de Barcelona y Zaragoza\",\"breadcrumb\":{\"@id\":\"https:\/\/behostels.com\/es\/la-historia-de-be-hostels\/#breadcrumb\"},\"inLanguage\":\"es\",\"potentialAction\":[{\"@type\":\"ReadAction\",\"target\":[\"https:\/\/behostels.com\/es\/la-historia-de-be-hostels\/\"]}]},{\"@type\":\"ImageObject\",\"inLanguage\":\"es\",\"@id\":\"https:\/\/behostels.com\/es\/la-historia-de-be-hostels\/#primaryimage\",\"url\":\"https:\/\/behostels.com\/wp-content\/uploads\/2015\/07\/be-mar-hostel-barcelona-entrance.jpg\",\"contentUrl\":\"https:\/\/behostels.com\/wp-content\/uploads\/2015\/07\/be-mar-hostel-barcelona-entrance.jpg\"},{\"@type\":\"BreadcrumbList\",\"@id\":\"https:\/\/behostels.com\/es\/la-historia-de-be-hostels\/#breadcrumb\",\"itemListElement\":[{\"@type\":\"ListItem\",\"position\":1,\"name\":\"Home\",\"item\":\"https:\/\/behostels.com\/es\/\"},{\"@type\":\"ListItem\",\"position\":2,\"name\":\"La historia de Be Hostels: Un nuevo estilo de hospedaje en Barcelona\"}]},{\"@type\":\"WebSite\",\"@id\":\"https:\/\/behostels.com\/es\/#website\",\"url\":\"https:\/\/behostels.com\/es\/\",\"name\":\"Be Hostels\",\"description\":\"\",\"publisher\":{\"@id\":\"https:\/\/behostels.com\/es\/#organization\"},\"potentialAction\":[{\"@type\":\"SearchAction\",\"target\":{\"@type\":\"EntryPoint\",\"urlTemplate\":\"https:\/\/behostels.com\/es\/?s={search_term_string}\"},\"query-input\":\"required name=search_term_string\"}],\"inLanguage\":\"es\"},{\"@type\":\"Organization\",\"@id\":\"https:\/\/behostels.com\/es\/#organization\",\"name\":\"Be Hostels\",\"url\":\"https:\/\/behostels.com\/es\/\",\"logo\":{\"@type\":\"ImageObject\",\"inLanguage\":\"es\",\"@id\":\"https:\/\/behostels.com\/es\/#\/schema\/logo\/image\/\",\"url\":\"https:\/\/behostels.com\/wp-content\/uploads\/2015\/06\/be_reservations_logo.jpg\",\"contentUrl\":\"https:\/\/behostels.com\/wp-content\/uploads\/2015\/06\/be_reservations_logo.jpg\",\"width\":130,\"height\":130,\"caption\":\"Be Hostels\"},\"image\":{\"@id\":\"https:\/\/behostels.com\/es\/#\/schema\/logo\/image\/\"}}]}<\/script>\n<!-- \/ Yoast SEO plugin. -->","yoast_head_json":{"title":"Un nuevo estilo de alojamiento en Barcelona. La Historia de Be Hostels.","description":"Siempre estamos atentos para mejorar la estad\u00eda de nuestros hu\u00e9spedes en nuestros hostales de Barcelona y Zaragoza","robots":{"index":"index","follow":"follow","max-snippet":"max-snippet:-1","max-image-preview":"max-image-preview:large","max-video-preview":"max-video-preview:-1"},"canonical":"https:\/\/behostels.com\/es\/la-historia-de-be-hostels\/","og_locale":"es_ES","og_type":"article","og_title":"Un nuevo estilo de alojamiento en Barcelona. La Historia de Be Hostels.","og_description":"Siempre estamos atentos para mejorar la estad\u00eda de nuestros hu\u00e9spedes en nuestros hostales de Barcelona y Zaragoza","og_url":"https:\/\/behostels.com\/es\/la-historia-de-be-hostels\/","og_site_name":"Be Hostels","article_modified_time":"2015-07-16T09:16:58+00:00","og_image":[{"url":"https:\/\/behostels.com\/wp-content\/uploads\/2015\/07\/be-mar-hostel-barcelona-entrance.jpg"}],"twitter_card":"summary_large_image","twitter_misc":{"Tiempo de lectura":"2 minutos"},"schema":{"@context":"https:\/\/schema.org","@graph":[{"@type":"WebPage","@id":"https:\/\/behostels.com\/es\/la-historia-de-be-hostels\/","url":"https:\/\/behostels.com\/es\/la-historia-de-be-hostels\/","name":"Un nuevo estilo de alojamiento en Barcelona. La Historia de Be Hostels.","isPartOf":{"@id":"https:\/\/behostels.com\/es\/#website"},"primaryImageOfPage":{"@id":"https:\/\/behostels.com\/es\/la-historia-de-be-hostels\/#primaryimage"},"image":{"@id":"https:\/\/behostels.com\/es\/la-historia-de-be-hostels\/#primaryimage"},"thumbnailUrl":"https:\/\/behostels.com\/wp-content\/uploads\/2015\/07\/be-mar-hostel-barcelona-entrance.jpg","datePublished":"2015-06-08T15:40:19+00:00","dateModified":"2015-07-16T09:16:58+00:00","description":"Siempre estamos atentos para mejorar la estad\u00eda de nuestros hu\u00e9spedes en nuestros hostales de Barcelona y Zaragoza","breadcrumb":{"@id":"https:\/\/behostels.com\/es\/la-historia-de-be-hostels\/#breadcrumb"},"inLanguage":"es","potentialAction":[{"@type":"ReadAction","target":["https:\/\/behostels.com\/es\/la-historia-de-be-hostels\/"]}]},{"@type":"ImageObject","inLanguage":"es","@id":"https:\/\/behostels.com\/es\/la-historia-de-be-hostels\/#primaryimage","url":"https:\/\/behostels.com\/wp-content\/uploads\/2015\/07\/be-mar-hostel-barcelona-entrance.jpg","contentUrl":"https:\/\/behostels.com\/wp-content\/uploads\/2015\/07\/be-mar-hostel-barcelona-entrance.jpg"},{"@type":"BreadcrumbList","@id":"https:\/\/behostels.com\/es\/la-historia-de-be-hostels\/#breadcrumb","itemListElement":[{"@type":"ListItem","position":1,"name":"Home","item":"https:\/\/behostels.com\/es\/"},{"@type":"ListItem","position":2,"name":"La historia de Be Hostels: Un nuevo estilo de hospedaje en Barcelona"}]},{"@type":"WebSite","@id":"https:\/\/behostels.com\/es\/#website","url":"https:\/\/behostels.com\/es\/","name":"Be Hostels","description":"","publisher":{"@id":"https:\/\/behostels.com\/es\/#organization"},"potentialAction":[{"@type":"SearchAction","target":{"@type":"EntryPoint","urlTemplate":"https:\/\/behostels.com\/es\/?s={search_term_string}"},"query-input":"required name=search_term_string"}],"inLanguage":"es"},{"@type":"Organization","@id":"https:\/\/behostels.com\/es\/#organization","name":"Be Hostels","url":"https:\/\/behostels.com\/es\/","logo":{"@type":"ImageObject","inLanguage":"es","@id":"https:\/\/behostels.com\/es\/#\/schema\/logo\/image\/","url":"https:\/\/behostels.com\/wp-content\/uploads\/2015\/06\/be_reservations_logo.jpg","contentUrl":"https:\/\/behostels.com\/wp-content\/uploads\/2015\/06\/be_reservations_logo.jpg","width":130,"height":130,"caption":"Be Hostels"},"image":{"@id":"https:\/\/behostels.com\/es\/#\/schema\/logo\/image\/"}}]}},"_links":{"self":[{"href":"https:\/\/behostels.com\/es\/wp-json\/wp\/v2\/pages\/55"}],"collection":[{"href":"https:\/\/behostels.com\/es\/wp-json\/wp\/v2\/pages"}],"about":[{"href":"https:\/\/behostels.com\/es\/wp-json\/wp\/v2\/types\/page"}],"author":[{"embeddable":true,"href":"https:\/\/behostels.com\/es\/wp-json\/wp\/v2\/users\/1"}],"replies":[{"embeddable":true,"href":"https:\/\/behostels.com\/es\/wp-json\/wp\/v2\/comments?post=55"}],"version-history":[{"count":0,"href":"https:\/\/behostels.com\/es\/wp-json\/wp\/v2\/pages\/55\/revisions"}],"wp:attachment":[{"href":"https:\/\/behostels.com\/es\/wp-json\/wp\/v2\/media?parent=55"}],"curies":[{"name":"wp","href":"https:\/\/api.w.org\/{rel}","templated":true}]}}