{"id":537,"date":"2015-06-17T15:50:55","date_gmt":"2015-06-17T15:50:55","guid":{"rendered":"https:\/\/behostels.com\/?page_id=537"},"modified":"2015-12-07T20:37:37","modified_gmt":"2015-12-07T20:37:37","slug":"informacion-util-de-be-hostels-contacta-con-nuestros-hostales-de-barcelona-y-zaragoza","status":"publish","type":"page","link":"https:\/\/behostels.com\/es\/informacion-util-de-be-hostels-contacta-con-nuestros-hostales-de-barcelona-y-zaragoza\/","title":{"rendered":"Informaci\u00f3n \u00fatil de Be Hostels: contacta con nuestros hostales de Barcelona y Zaragoza"},"content":{"rendered":"Nuestro personal esta encantado de<strong> atenderte en cualquier momento<\/strong>. Si tienes alguna duda sobre <strong>reservas por tel\u00e9fono<\/strong> o <strong>reservas on-line<\/strong>,<strong> preguntas sobre Barcelona<\/strong> o necesitas <strong>informaci\u00f3n de Be Hostels<\/strong>, te la respondemos a la mayor brevedad. La<strong> recepci\u00f3n<\/strong> est\u00e1 <strong>abierta 24 horas<\/strong> al d\u00eda y se puede contactar por <strong>tel\u00e9fono<\/strong> o <strong>email<\/strong>.\r\n\n<div  data-uk-scrollspy=\"{target:'> div > [data-uk-scrollspy-cls]', delay:300}\">\n\n\n    \n    <div class=\"uk-grid uk-text-left uk-flex-middle\" data-uk-grid-match data-uk-margin=\"{cls:'uk-margin-top'}\">\n\n                <div class=\"uk-width-medium-3-10 uk-text-center uk-invisible\"  data-uk-scrollspy-cls=\"uk-animation-fade uk-invisible\">\n            <div class=\"uk-overlay uk-overlay-hover uk-border-circle\"><img decoding=\"async\" src=\"\/wp-content\/uploads\/2015\/07\/be-hostels-groups-contact.jpg\" class=\"uk-border-circle uk-overlay-scale\" alt=\"Groups Reservations\"><div class=\"uk-overlay-panel uk-overlay-background uk-overlay-icon uk-overlay-fade\"><\/div><\/div>        <\/div>\n        \n                <div class=\"uk-width-medium-7-10 uk-invisible\"  data-uk-scrollspy-cls=\"uk-animation-slide-right uk-invisible\">\n            <div class=\"uk-panel uk-panel-space uk-width-1-1\">\n\n                \n                \n                                <div class=\"uk-margin\"><h2><a title=\"Groups Reservations\" href=\"http:\/\/behostels.com\/groups-2\/\"><strong>Groups Reservations<\/strong><\/a><\/h2>\n<ul>\n\t<li>Srta. Ana<\/li>\n\t<li>Phone: (+34) 93 324 85 30<\/li>\n\t<li>Fax: (+34) 93 324 85 31<\/li>\n\t<li>Carrer Sant Pau 80<\/li>\n\t<li>08001 Barcelona-Spain<\/li>\n\t<li><a href=\"mailto:groups@behostels.com\">groups@behostels.com<\/a><\/li>\n\t<li><a href=\"http:\/\/behostels.com\/groups-2\/\">www.behostels.com\/groups<\/a><\/li>\n<\/ul><\/div>\n                \n                \n                \n            <\/div>\n        <\/div>\n        \n    <\/div>\n\n    \n\n    \n    <div class=\"uk-grid uk-text-left uk-flex-middle\" data-uk-grid-match data-uk-margin=\"{cls:'uk-margin-top'}\">\n\n                <div class=\"uk-width-medium-3-10 uk-text-center uk-invisible\"  data-uk-scrollspy-cls=\"uk-animation-fade uk-invisible\">\n            <div class=\"uk-overlay uk-overlay-hover uk-border-circle\"><img decoding=\"async\" src=\"\/wp-content\/uploads\/2015\/06\/barcelona-be-dream-01.jpg\" class=\"uk-border-circle uk-overlay-scale\" alt=\"Be Dream Hostel\"><div class=\"uk-overlay-panel uk-overlay-background uk-overlay-icon uk-overlay-fade\"><\/div><\/div>        <\/div>\n        \n                <div class=\"uk-width-medium-7-10 uk-invisible\"  data-uk-scrollspy-cls=\"uk-animation-slide-right uk-invisible\">\n            <div class=\"uk-panel uk-panel-space uk-width-1-1\">\n\n                \n                \n                                <div class=\"uk-margin\"><div itemscope itemtype=\"http:\/\/schema.org\/Hostel\" id=\"content\" class=\"\">\n<h2 itemprop=\"name\"><a href=\"http:\/\/behostels.com\/dream\/\"><strong>Be Dream Hostel<\/strong><\/a><\/h2>\n<ul>\n\t<li itemprop=\"address\">Ave. Alfonso XIII &#8211; 28 B<\/li>\n\t<li>08912 Badalona<\/li>\n\t<li>Barcelona &#8211; Spain<\/li>\n\t<li itemprop=\"telephone\">Tel:(+34) 93 399 14 20<\/li>\n\t<li itemprop=\"faxNumber\">Fax:(+34) 93 398 28 02<\/li>\n\t<li itemprop=\"email\"><a href=\"mailto:dream@behostels.com\">dream@behostels.com<\/a><\/li>\n\t<li itemprop=\" url \"><a href=\"http:\/\/behostels.com\/dream\/\">www.behostels.com\/dream<\/a><\/li>\n<\/ul>\n<\/div><\/div>\n                \n                \n                \n            <\/div>\n        <\/div>\n        \n    <\/div>\n\n    \n\n    \n    <div class=\"uk-grid uk-text-left uk-flex-middle\" data-uk-grid-match data-uk-margin=\"{cls:'uk-margin-top'}\">\n\n                <div class=\"uk-width-medium-3-10 uk-text-center uk-invisible\"  data-uk-scrollspy-cls=\"uk-animation-fade uk-invisible\">\n            <div class=\"uk-overlay uk-overlay-hover uk-border-circle\"><img decoding=\"async\" src=\"\/wp-content\/uploads\/2015\/06\/barcelona-be-sound-01.jpg\" class=\"uk-border-circle uk-overlay-scale\" alt=\"Be Sound Hostel\"><div class=\"uk-overlay-panel uk-overlay-background uk-overlay-icon uk-overlay-fade\"><\/div><\/div>        <\/div>\n        \n                <div class=\"uk-width-medium-7-10 uk-invisible\"  data-uk-scrollspy-cls=\"uk-animation-slide-right uk-invisible\">\n            <div class=\"uk-panel uk-panel-space uk-width-1-1\">\n\n                \n                \n                                <div class=\"uk-margin\"><div itemscope itemtype=\"http:\/\/schema.org\/Hostel\" id=\"content\" class=\"\">\n<h2 itemprop=\"name\"><a href=\"http:\/\/behostels.com\/sound\/\"><strong>Be Sound Hostel<\/strong><\/a><\/h2>\n<ul>\n\t<li itemprop=\"address\">Carrer Nou de La Rambla 91<\/li>\n\t<li>08001 Barcelona-Spain<\/li>\n\t<li itemprop=\"telephone\">Tel:(+34) 93 185 0800<\/li>\n\t<li itemprop=\"faxNumber\">Fax:(+34) 93 185 0803<\/li>\n\t<li itemprop=\"email\"><a href=\"mailto:sound@behostels.com\">sound@behostels.com<\/a><\/li>\n\t<li itemprop=\" url \"><a href=\"http:\/\/behostels.com\/sound\/\">www.behostels.com\/sound<\/a><\/li>\n<\/ul>\n<\/div><\/div>\n                \n                \n                \n            <\/div>\n        <\/div>\n        \n    <\/div>\n\n    \n\n    \n    <div class=\"uk-grid uk-text-left uk-flex-middle\" data-uk-grid-match data-uk-margin=\"{cls:'uk-margin-top'}\">\n\n                <div class=\"uk-width-medium-3-10 uk-text-center uk-invisible\"  data-uk-scrollspy-cls=\"uk-animation-fade uk-invisible\">\n            <div class=\"uk-overlay uk-overlay-hover uk-border-circle\"><img decoding=\"async\" src=\"\/wp-content\/uploads\/2015\/06\/barcelona-be-ramblas-01.jpg\" class=\"uk-border-circle uk-overlay-scale\" alt=\"Be Ramblas Hotel\"><div class=\"uk-overlay-panel uk-overlay-background uk-overlay-icon uk-overlay-fade\"><\/div><\/div>        <\/div>\n        \n                <div class=\"uk-width-medium-7-10 uk-invisible\"  data-uk-scrollspy-cls=\"uk-animation-slide-right uk-invisible\">\n            <div class=\"uk-panel uk-panel-space uk-width-1-1\">\n\n                \n                \n                                <div class=\"uk-margin\"><div itemscope itemtype=\"http:\/\/schema.org\/Hostel\" id=\"content\" class=\"\">\n<h2 itemprop=\"name\"><a href=\"http:\/\/behostels.com\/ramblas\/\"><strong>Be Ramblas Hotel<\/strong><\/a><\/h2>\n<ul>\n\t<li itemprop=\"address\">Carrer Nou de La Rambla 50<\/li>\n\t<li>08001 Barcelona-Spain<\/li>\n\t<li itemprop=\"telephone\">Tel:(+34) 93 442 3669<\/li>\n\t<li itemprop=\"faxNumber\">Fax:(+34) 93 324 8269<\/li>\n\t<li itemprop=\"email\"><a href=\"mailto:ramblas@behostels.com\">ramblas@behostels.com<\/a><\/li>\n\t<li itemprop=\" url \"><a href=\"http:\/\/behostels.com\/ramblas\/\">www.behostels.com\/ramblas<\/a><\/li>\n<\/ul>\n<\/div><\/div>\n                \n                \n                \n            <\/div>\n        <\/div>\n        \n    <\/div>\n\n    \n\n    \n    <div class=\"uk-grid uk-text-left uk-flex-middle\" data-uk-grid-match data-uk-margin=\"{cls:'uk-margin-top'}\">\n\n                <div class=\"uk-width-medium-3-10 uk-text-center uk-invisible\"  data-uk-scrollspy-cls=\"uk-animation-fade uk-invisible\">\n            <div class=\"uk-overlay uk-overlay-hover uk-border-circle\"><img decoding=\"async\" src=\"\/wp-content\/uploads\/2015\/06\/barcelona-be-be-zaragoza-01.jpg\" class=\"uk-border-circle uk-overlay-scale\" alt=\"Be Hostel Zaragoza\"><div class=\"uk-overlay-panel uk-overlay-background uk-overlay-icon uk-overlay-fade\"><\/div><\/div>        <\/div>\n        \n                <div class=\"uk-width-medium-7-10 uk-invisible\"  data-uk-scrollspy-cls=\"uk-animation-slide-right uk-invisible\">\n            <div class=\"uk-panel uk-panel-space uk-width-1-1\">\n\n                \n                \n                                <div class=\"uk-margin\"><div itemscope itemtype=\"http:\/\/schema.org\/Hostel\" id=\"content\" class=\"\">\n<h2 itemprop=\"name\"><a href=\"http:\/\/behostels.com\/zaragoza\/\"><strong>Zaragoza Hostel<\/strong><\/a><\/h2>\n<ul>\n\t<li itemprop=\"address\">Calle Predicadores 70<\/li>\n\t<li>50003 &#8211; Zaragoza, Spain<\/li>\n\t<li itemprop=\"telephone\">Tel: (+34) 976 282 043<\/li>\n\t<li itemprop=\"email\"><a href=\"mailto:info@alberguezaragoza.com\">info@alberguezaragoza.com<\/a><\/li>\n\t<li itemprop=\" url \"><a href=\"http:\/\/behostels.com\/zaragoza\/\">www.behostels.com\/zaragoza<\/a><\/li>\n<\/ul>\n<\/div><\/div>\n                \n                \n                \n            <\/div>\n        <\/div>\n        \n    <\/div>\n\n    \n\n    \n    <div class=\"uk-grid uk-text-left uk-flex-middle\" data-uk-grid-match data-uk-margin=\"{cls:'uk-margin-top'}\">\n\n                <div class=\"uk-width-medium-3-10 uk-text-center uk-invisible\"  data-uk-scrollspy-cls=\"uk-animation-fade uk-invisible\">\n            <div class=\"uk-overlay uk-overlay-hover uk-border-circle\"><img decoding=\"async\" src=\"\/wp-content\/uploads\/2015\/07\/be-apartments-1.jpg\" class=\"uk-border-circle uk-overlay-scale\" alt=\"Be Apartments  Barcelona\"><div class=\"uk-overlay-panel uk-overlay-background uk-overlay-icon uk-overlay-fade\"><\/div><\/div>        <\/div>\n        \n                <div class=\"uk-width-medium-7-10 uk-invisible\"  data-uk-scrollspy-cls=\"uk-animation-slide-right uk-invisible\">\n            <div class=\"uk-panel uk-panel-space uk-width-1-1\">\n\n                \n                \n                                <div class=\"uk-margin\"><div itemscope itemtype=\"http:\/\/schema.org\/Hostel\" id=\"content\" class=\"\">\n<h2 itemprop=\"name\"><a href=\"http:\/\/behostels.com\/apartments\/\"><strong>Be Apartments<\/strong><\/a><\/h2>\n<ul>\n\t<li>Check in at Be Mar Hostel<\/li> \n\t<li itemprop=\"address\">Carrer Sant Pau 80<\/li>\n        <li>08001 Barcelona &#8211; Spain<\/li>\n\t<li itemprop=\"telephone\">Tel:(+34) 93 324 85 30<\/li>\n        <li itemprop=\"faxNumber\">Fax:(+34) 93 324 85 31<\/li>\n\t<li itemprop=\"email\"><a href=\"mailto:ramblas@behostels.com\">ramblas@behostels.com<\/a><\/li>\n\t<li itemprop=\" url \"><a href=\"http:\/\/behostels.com\/apartments\/\">www.behostels.com\/apartments<\/a><\/li>\n<\/div>\n<\/ul><\/div>\n                \n                \n                \n            <\/div>\n        <\/div>\n        \n    <\/div>\n\n    \n\n<\/div>\n","protected":false},"excerpt":{"rendered":"<p>Nuestro personal esta encantado de atenderte en cualquier momento. Si tienes alguna duda sobre reservas por tel\u00e9fono o reservas on-line, preguntas sobre Barcelona o necesitas informaci\u00f3n de Be Hostels, te la respondemos a la mayor brevedad. La recepci\u00f3n est\u00e1 abierta 24 horas al d\u00eda y se puede contactar por tel\u00e9fono o email.<\/p>\n","protected":false},"author":1,"featured_media":0,"parent":0,"menu_order":0,"comment_status":"closed","ping_status":"closed","template":"","meta":{"footnotes":""},"yoast_head":"<!-- This site is optimized with the Yoast SEO plugin v22.7 - https:\/\/yoast.com\/wordpress\/plugins\/seo\/ -->\n<title>Informaci\u00f3n \u00fatil sobre los hostales en Barcelona y Zaragoza de Be Hostels<\/title>\n<meta name=\"description\" content=\"Nuestro personal esta encantado de atenderte .Tel:(+34) 93 324 85 30 Aqu\u00ed tienes\u00a0 toda la informaci\u00f3n de contacto de Be Hostels Barcelona y Zaragoza.\" \/>\n<meta name=\"robots\" content=\"index, follow, max-snippet:-1, max-image-preview:large, max-video-preview:-1\" \/>\n<link rel=\"canonical\" href=\"https:\/\/behostels.com\/es\/informacion-util-de-be-hostels-contacta-con-nuestros-hostales-de-barcelona-y-zaragoza\/\" \/>\n<meta property=\"og:locale\" content=\"es_ES\" \/>\n<meta property=\"og:type\" content=\"article\" \/>\n<meta property=\"og:title\" content=\"Informaci\u00f3n \u00fatil sobre los hostales en Barcelona y Zaragoza de Be Hostels\" \/>\n<meta property=\"og:description\" content=\"Nuestro personal esta encantado de atenderte .Tel:(+34) 93 324 85 30 Aqu\u00ed tienes\u00a0 toda la informaci\u00f3n de contacto de Be Hostels Barcelona y Zaragoza.\" \/>\n<meta property=\"og:url\" content=\"https:\/\/behostels.com\/es\/informacion-util-de-be-hostels-contacta-con-nuestros-hostales-de-barcelona-y-zaragoza\/\" \/>\n<meta property=\"og:site_name\" content=\"Be Hostels\" \/>\n<meta property=\"article:modified_time\" content=\"2015-12-07T20:37:37+00:00\" \/>\n<meta name=\"twitter:card\" content=\"summary_large_image\" \/>\n<script type=\"application\/ld+json\" class=\"yoast-schema-graph\">{\"@context\":\"https:\/\/schema.org\",\"@graph\":[{\"@type\":\"WebPage\",\"@id\":\"https:\/\/behostels.com\/es\/informacion-util-de-be-hostels-contacta-con-nuestros-hostales-de-barcelona-y-zaragoza\/\",\"url\":\"https:\/\/behostels.com\/es\/informacion-util-de-be-hostels-contacta-con-nuestros-hostales-de-barcelona-y-zaragoza\/\",\"name\":\"Informaci\u00f3n \u00fatil sobre los hostales en Barcelona y Zaragoza de Be Hostels\",\"isPartOf\":{\"@id\":\"https:\/\/behostels.com\/es\/#website\"},\"datePublished\":\"2015-06-17T15:50:55+00:00\",\"dateModified\":\"2015-12-07T20:37:37+00:00\",\"description\":\"Nuestro personal esta encantado de atenderte .Tel:(+34) 93 324 85 30 Aqu\u00ed tienes\u00a0 toda la informaci\u00f3n de contacto de Be Hostels Barcelona y Zaragoza.\",\"breadcrumb\":{\"@id\":\"https:\/\/behostels.com\/es\/informacion-util-de-be-hostels-contacta-con-nuestros-hostales-de-barcelona-y-zaragoza\/#breadcrumb\"},\"inLanguage\":\"es\",\"potentialAction\":[{\"@type\":\"ReadAction\",\"target\":[\"https:\/\/behostels.com\/es\/informacion-util-de-be-hostels-contacta-con-nuestros-hostales-de-barcelona-y-zaragoza\/\"]}]},{\"@type\":\"BreadcrumbList\",\"@id\":\"https:\/\/behostels.com\/es\/informacion-util-de-be-hostels-contacta-con-nuestros-hostales-de-barcelona-y-zaragoza\/#breadcrumb\",\"itemListElement\":[{\"@type\":\"ListItem\",\"position\":1,\"name\":\"Home\",\"item\":\"https:\/\/behostels.com\/es\/\"},{\"@type\":\"ListItem\",\"position\":2,\"name\":\"Informaci\u00f3n \u00fatil de Be Hostels: contacta con nuestros hostales de Barcelona y Zaragoza\"}]},{\"@type\":\"WebSite\",\"@id\":\"https:\/\/behostels.com\/es\/#website\",\"url\":\"https:\/\/behostels.com\/es\/\",\"name\":\"Be Hostels\",\"description\":\"\",\"publisher\":{\"@id\":\"https:\/\/behostels.com\/es\/#organization\"},\"potentialAction\":[{\"@type\":\"SearchAction\",\"target\":{\"@type\":\"EntryPoint\",\"urlTemplate\":\"https:\/\/behostels.com\/es\/?s={search_term_string}\"},\"query-input\":\"required name=search_term_string\"}],\"inLanguage\":\"es\"},{\"@type\":\"Organization\",\"@id\":\"https:\/\/behostels.com\/es\/#organization\",\"name\":\"Be Hostels\",\"url\":\"https:\/\/behostels.com\/es\/\",\"logo\":{\"@type\":\"ImageObject\",\"inLanguage\":\"es\",\"@id\":\"https:\/\/behostels.com\/es\/#\/schema\/logo\/image\/\",\"url\":\"https:\/\/behostels.com\/wp-content\/uploads\/2015\/06\/be_reservations_logo.jpg\",\"contentUrl\":\"https:\/\/behostels.com\/wp-content\/uploads\/2015\/06\/be_reservations_logo.jpg\",\"width\":130,\"height\":130,\"caption\":\"Be Hostels\"},\"image\":{\"@id\":\"https:\/\/behostels.com\/es\/#\/schema\/logo\/image\/\"}}]}<\/script>\n<!-- \/ Yoast SEO plugin. -->","yoast_head_json":{"title":"Informaci\u00f3n \u00fatil sobre los hostales en Barcelona y Zaragoza de Be Hostels","description":"Nuestro personal esta encantado de atenderte .Tel:(+34) 93 324 85 30 Aqu\u00ed tienes\u00a0 toda la informaci\u00f3n de contacto de Be Hostels Barcelona y Zaragoza.","robots":{"index":"index","follow":"follow","max-snippet":"max-snippet:-1","max-image-preview":"max-image-preview:large","max-video-preview":"max-video-preview:-1"},"canonical":"https:\/\/behostels.com\/es\/informacion-util-de-be-hostels-contacta-con-nuestros-hostales-de-barcelona-y-zaragoza\/","og_locale":"es_ES","og_type":"article","og_title":"Informaci\u00f3n \u00fatil sobre los hostales en Barcelona y Zaragoza de Be Hostels","og_description":"Nuestro personal esta encantado de atenderte .Tel:(+34) 93 324 85 30 Aqu\u00ed tienes\u00a0 toda la informaci\u00f3n de contacto de Be Hostels Barcelona y Zaragoza.","og_url":"https:\/\/behostels.com\/es\/informacion-util-de-be-hostels-contacta-con-nuestros-hostales-de-barcelona-y-zaragoza\/","og_site_name":"Be Hostels","article_modified_time":"2015-12-07T20:37:37+00:00","twitter_card":"summary_large_image","schema":{"@context":"https:\/\/schema.org","@graph":[{"@type":"WebPage","@id":"https:\/\/behostels.com\/es\/informacion-util-de-be-hostels-contacta-con-nuestros-hostales-de-barcelona-y-zaragoza\/","url":"https:\/\/behostels.com\/es\/informacion-util-de-be-hostels-contacta-con-nuestros-hostales-de-barcelona-y-zaragoza\/","name":"Informaci\u00f3n \u00fatil sobre los hostales en Barcelona y Zaragoza de Be Hostels","isPartOf":{"@id":"https:\/\/behostels.com\/es\/#website"},"datePublished":"2015-06-17T15:50:55+00:00","dateModified":"2015-12-07T20:37:37+00:00","description":"Nuestro personal esta encantado de atenderte .Tel:(+34) 93 324 85 30 Aqu\u00ed tienes\u00a0 toda la informaci\u00f3n de contacto de Be Hostels Barcelona y Zaragoza.","breadcrumb":{"@id":"https:\/\/behostels.com\/es\/informacion-util-de-be-hostels-contacta-con-nuestros-hostales-de-barcelona-y-zaragoza\/#breadcrumb"},"inLanguage":"es","potentialAction":[{"@type":"ReadAction","target":["https:\/\/behostels.com\/es\/informacion-util-de-be-hostels-contacta-con-nuestros-hostales-de-barcelona-y-zaragoza\/"]}]},{"@type":"BreadcrumbList","@id":"https:\/\/behostels.com\/es\/informacion-util-de-be-hostels-contacta-con-nuestros-hostales-de-barcelona-y-zaragoza\/#breadcrumb","itemListElement":[{"@type":"ListItem","position":1,"name":"Home","item":"https:\/\/behostels.com\/es\/"},{"@type":"ListItem","position":2,"name":"Informaci\u00f3n \u00fatil de Be Hostels: contacta con nuestros hostales de Barcelona y Zaragoza"}]},{"@type":"WebSite","@id":"https:\/\/behostels.com\/es\/#website","url":"https:\/\/behostels.com\/es\/","name":"Be Hostels","description":"","publisher":{"@id":"https:\/\/behostels.com\/es\/#organization"},"potentialAction":[{"@type":"SearchAction","target":{"@type":"EntryPoint","urlTemplate":"https:\/\/behostels.com\/es\/?s={search_term_string}"},"query-input":"required name=search_term_string"}],"inLanguage":"es"},{"@type":"Organization","@id":"https:\/\/behostels.com\/es\/#organization","name":"Be Hostels","url":"https:\/\/behostels.com\/es\/","logo":{"@type":"ImageObject","inLanguage":"es","@id":"https:\/\/behostels.com\/es\/#\/schema\/logo\/image\/","url":"https:\/\/behostels.com\/wp-content\/uploads\/2015\/06\/be_reservations_logo.jpg","contentUrl":"https:\/\/behostels.com\/wp-content\/uploads\/2015\/06\/be_reservations_logo.jpg","width":130,"height":130,"caption":"Be Hostels"},"image":{"@id":"https:\/\/behostels.com\/es\/#\/schema\/logo\/image\/"}}]}},"_links":{"self":[{"href":"https:\/\/behostels.com\/es\/wp-json\/wp\/v2\/pages\/537"}],"collection":[{"href":"https:\/\/behostels.com\/es\/wp-json\/wp\/v2\/pages"}],"about":[{"href":"https:\/\/behostels.com\/es\/wp-json\/wp\/v2\/types\/page"}],"author":[{"embeddable":true,"href":"https:\/\/behostels.com\/es\/wp-json\/wp\/v2\/users\/1"}],"replies":[{"embeddable":true,"href":"https:\/\/behostels.com\/es\/wp-json\/wp\/v2\/comments?post=537"}],"version-history":[{"count":0,"href":"https:\/\/behostels.com\/es\/wp-json\/wp\/v2\/pages\/537\/revisions"}],"wp:attachment":[{"href":"https:\/\/behostels.com\/es\/wp-json\/wp\/v2\/media?parent=537"}],"curies":[{"name":"wp","href":"https:\/\/api.w.org\/{rel}","templated":true}]}}