{"id":515,"date":"2015-06-17T14:49:52","date_gmt":"2015-06-17T14:49:52","guid":{"rendered":"https:\/\/behostels.com\/?page_id=515"},"modified":"2015-12-08T00:16:46","modified_gmt":"2015-12-08T00:16:46","slug":"be-hostels-preguntas-mas-frecuentes","status":"publish","type":"page","link":"https:\/\/behostels.com\/es\/be-hostels-preguntas-mas-frecuentes\/","title":{"rendered":"Be Hostels: Preguntas m\u00e1s frecuentes"},"content":{"rendered":"<h3>Aqu\u00ed encontrara\u00e1s un resumen de las preguntas m\u00e1s frecuentes de los hu\u00e9spedes en Be Hostels.<\/h3>\r\nSi tienes alguna duda, por favor comun\u00edcate, nos encantar\u00eda ayudarte con cualquier <strong>informaci\u00f3n sobre Barcelona<\/strong> o sobre nuestros <strong>hostales en Barcelona <\/strong>y <strong>Zaragoza<\/strong>.\r\n\n<div class=\"uk-accordion uk-text-left \" data-uk-accordion=\"{}\">\n\n\n    <h3 class=\"uk-accordion-title\">\u00bfCu\u00e1l es la hora de entrada?<\/h3>\n\n    <div class=\"uk-accordion-content\">\n\n        \n        \n        \n                <div class=\"uk-margin\"><p>12:00 pm.<\/p><\/div>\n        \n        \n        \n        \n    <\/div>\n\n\n    <h3 class=\"uk-accordion-title\">\u00bfCu\u00e1l es la hora de salida?<\/h3>\n\n    <div class=\"uk-accordion-content\">\n\n        \n        \n        \n                <div class=\"uk-margin\"><p>11:00 am<\/p><\/div>\n        \n        \n        \n        \n    <\/div>\n\n\n    <h3 class=\"uk-accordion-title\">\u00bfCual es el horario de recepci\u00f3n?<\/h3>\n\n    <div class=\"uk-accordion-content\">\n\n        \n        \n        \n                <div class=\"uk-margin\"><p>La recepci\u00f3n en todos los hostales de Be Hostels est\u00e1 abierta 24 horas al d\u00eda.<\/p><\/div>\n        \n        \n        \n        \n    <\/div>\n\n\n    <h3 class=\"uk-accordion-title\">\u00bfHay hora de cierre de puertas en el hostal?<\/h3>\n\n    <div class=\"uk-accordion-content\">\n\n        \n        \n        \n                <div class=\"uk-margin\"><p>No hay hora de cierre y se puede acceder a las habitaciones en cualquier momento.<\/p><\/div>\n        \n        \n        \n        \n    <\/div>\n\n\n    <h3 class=\"uk-accordion-title\">\u00bfSe aceptan tarjetas de cr\u00e9dito?<\/h3>\n\n    <div class=\"uk-accordion-content\">\n\n        \n        \n        \n                <div class=\"uk-margin\"><p>S\u00ed, aceptamos tarjetas de cr\u00e9dito.<\/p><\/div>\n        \n        \n        \n        \n    <\/div>\n\n\n    <h3 class=\"uk-accordion-title\">\u00bfDispon\u00e9is de almac\u00e9n de equipajes?<\/h3>\n\n    <div class=\"uk-accordion-content\">\n\n        \n        \n        \n                <div class=\"uk-margin\"><p>Si, disponemos de armarios de seguridad para los hu\u00e9spedes que salen tarde despu\u00e9s de la hora de salida de la habitaci\u00f3n.<\/p><\/div>\n        \n        \n        \n        \n    <\/div>\n\n\n    <h3 class=\"uk-accordion-title\">\u00bfC\u00f3mo es vuestra pol\u00edtica de cancelaciones?<\/h3>\n\n    <div class=\"uk-accordion-content\">\n\n        \n        \n        \n                <div class=\"uk-margin\"><p>Las cancelaciones se deben hacer por email. No se aceptan cancelaciones por tel\u00e9fono. Cancelaciones hechas hasta un d\u00eda antes de la llegada (antes de 12 mediod\u00eda) no ser\u00e1n penalizadas ni cobradas. Cancelaciones hechas despu\u00e9s de las 12 el d\u00eda antes de la llegada ser\u00e1n penalizadas con el cobro de la primera noche en la tarjeta de cr\u00e9dito prove\u00edda.<\/p><\/div>\n        \n        \n        \n        \n    <\/div>\n\n\n    <h3 class=\"uk-accordion-title\">\u00bfSe aceptan cambios en mi reserva?<\/h3>\n\n    <div class=\"uk-accordion-content\">\n\n        \n        \n        \n                <div class=\"uk-margin\"><p>S\u00ed, aceptamos cambios en las reservas hasta 24 horas antes del la llegada. La pol\u00edtica de cancelaciones se aplicar\u00e1 a los cambios tambi\u00e9n. Los cambios en las reservas y cancelaciones se deben hacer por email. No aceptamos cambios o cancelaciones por tel\u00e9fono.<\/p><\/div>\n        \n        \n        \n        \n    <\/div>\n\n\n    <h3 class=\"uk-accordion-title\">\u00bfHay alguna restricci\u00f3n de edad?<\/h3>\n\n    <div class=\"uk-accordion-content\">\n\n        \n        \n        \n                <div class=\"uk-margin\"><p>No hay restricciones de edad.<\/p><\/div>\n        \n        \n        \n        \n    <\/div>\n\n\n    <h3 class=\"uk-accordion-title\">\u00bfProve\u00e9is servicio de desayuno?<\/h3>\n\n    <div class=\"uk-accordion-content\">\n\n        \n        \n        \n                <div class=\"uk-margin\"><p>No, Be Hostels no ofrece servicio de desayuno.<\/p><\/div>\n        \n        \n        \n        \n    <\/div>\n\n\n    <h3 class=\"uk-accordion-title\">\u00bfLas habitaciones tienen lavabo, ba\u00f1o?<\/h3>\n\n    <div class=\"uk-accordion-content\">\n\n        \n        \n        \n                <div class=\"uk-margin\"><p>Depende del tipo de habitaci\u00f3n y del hostal. Todos los dormitorios tienen ba\u00f1o compartido y algunas twin o dobles tienen ba\u00f1o privado completamente equipado con ducha, lavabo, secador de pelo, etc.<\/p><\/div>\n        \n        \n        \n        \n    <\/div>\n\n\n    <h3 class=\"uk-accordion-title\">\u00bfQue tipos de habitaciones ten\u00e9is?<\/h3>\n\n    <div class=\"uk-accordion-content\">\n\n        \n        \n        \n                <div class=\"uk-margin\"><p><strong>Be Mar Hostel<\/strong>: dormitorios de 6, 8, 10, 14 o 16 camas con ba\u00f1o compartido.<br \/> <strong>Be Sound Hostel<\/strong>: dormitorios de 6 o 8 camas con ba\u00f1o compartido.<br \/> <strong>Be Dream Hostel<\/strong>: dormitorios de 4, 6, 8 o 12 camas con ba\u00f1o compartido. Y habitaciones dobles con ba\u00f1o.<br \/> <strong>Be Ramblas Hotel<\/strong>: individuales, dobles y triples con y sin ba\u00f1o.<br \/> <strong>Be Zaragoza Hostel<\/strong>: dormitorios de 4, 6, 8 o 12 camas con ba\u00f1o compartido. Y habitaciones dobles con ba\u00f1o.<\/p><\/div>\n        \n        \n        \n        \n    <\/div>\n\n\n    <h3 class=\"uk-accordion-title\">\u00bfDebo llevar ropa de cama o saco de dormir?<\/h3>\n\n    <div class=\"uk-accordion-content\">\n\n        \n        \n        \n                <div class=\"uk-margin\"><p>La ropa de cama no est\u00e1 incluida en los dormitorios. La cama tiene almohada, edred\u00f3n y una manta. En recepci\u00f3n se puede alquilar: s\u00e1banas 2.50 \u20ac, toallas 2.50 \u20ac o las dos por 3.50 \u20ac. Las habitaciones dobles y twins tienen s\u00e1banas incluidas.<\/p><\/div>\n        \n        \n        \n        \n    <\/div>\n\n\n    <h3 class=\"uk-accordion-title\">\u00bfComo puedo hacer una reserva?<\/h3>\n\n    <div class=\"uk-accordion-content\">\n\n        \n        \n        \n                <div class=\"uk-margin\"><p>En nuestra p\u00e1gina web, solicit\u00e1ndola por e-mail, llamando por tel\u00e9fono al hostal o viniendo directamente a la recepci\u00f3n.<\/p><\/div>\n        \n        \n        \n        \n    <\/div>\n\n\n    <h3 class=\"uk-accordion-title\">\u00bfAcept\u00e1is reservas de grupos grandes?<\/h3>\n\n    <div class=\"uk-accordion-content\">\n\n        \n        \n        \n                <div class=\"uk-margin\"><p>Si, aceptamos reservas para grupos. Para este tipo de reserva por favor usar la opci\u00f3n de petici\u00f3n de reserva de grupos en nuestra p\u00e1gina web. Tambi\u00e9n se puede llamar o enviar un e-mail a <strong>groups@behostels.com<\/strong><\/p><\/div>\n        \n        \n        \n        \n    <\/div>\n\n\n<\/div>\n","protected":false},"excerpt":{"rendered":"<p>Aqu\u00ed encontrara\u00e1s un resumen de las preguntas m\u00e1s frecuentes de los hu\u00e9spedes en Be Hostels. Si tienes alguna duda, por favor comun\u00edcate, nos encantar\u00eda ayudarte con cualquier informaci\u00f3n sobre Barcelona o sobre nuestros hostales en Barcelona y Zaragoza.<\/p>\n","protected":false},"author":1,"featured_media":0,"parent":0,"menu_order":0,"comment_status":"closed","ping_status":"closed","template":"","meta":{"footnotes":""},"yoast_head":"<!-- This site is optimized with the Yoast SEO plugin v22.7 - https:\/\/yoast.com\/wordpress\/plugins\/seo\/ -->\n<title>Preguntas m\u00e1s frecuentes. Hostales en Barcelona y Zaragoza de Be Hostels<\/title>\n<meta name=\"description\" content=\"Conoce nuestros hostales a trav\u00e9s de las preguntas m\u00e1s frecuentes de los hu\u00e9spedes en Be Hostels Barcelona\" \/>\n<meta name=\"robots\" content=\"index, follow, max-snippet:-1, max-image-preview:large, max-video-preview:-1\" \/>\n<link rel=\"canonical\" href=\"https:\/\/behostels.com\/es\/be-hostels-preguntas-mas-frecuentes\/\" \/>\n<meta property=\"og:locale\" content=\"es_ES\" \/>\n<meta property=\"og:type\" content=\"article\" \/>\n<meta property=\"og:title\" content=\"Preguntas m\u00e1s frecuentes. Hostales en Barcelona y Zaragoza de Be Hostels\" \/>\n<meta property=\"og:description\" content=\"Conoce nuestros hostales a trav\u00e9s de las preguntas m\u00e1s frecuentes de los hu\u00e9spedes en Be Hostels Barcelona\" \/>\n<meta property=\"og:url\" content=\"https:\/\/behostels.com\/es\/be-hostels-preguntas-mas-frecuentes\/\" \/>\n<meta property=\"og:site_name\" content=\"Be Hostels\" \/>\n<meta property=\"article:modified_time\" content=\"2015-12-08T00:16:46+00:00\" \/>\n<meta name=\"twitter:card\" content=\"summary_large_image\" \/>\n<script type=\"application\/ld+json\" class=\"yoast-schema-graph\">{\"@context\":\"https:\/\/schema.org\",\"@graph\":[{\"@type\":\"WebPage\",\"@id\":\"https:\/\/behostels.com\/es\/be-hostels-preguntas-mas-frecuentes\/\",\"url\":\"https:\/\/behostels.com\/es\/be-hostels-preguntas-mas-frecuentes\/\",\"name\":\"Preguntas m\u00e1s frecuentes. Hostales en Barcelona y Zaragoza de Be Hostels\",\"isPartOf\":{\"@id\":\"https:\/\/behostels.com\/es\/#website\"},\"datePublished\":\"2015-06-17T14:49:52+00:00\",\"dateModified\":\"2015-12-08T00:16:46+00:00\",\"description\":\"Conoce nuestros hostales a trav\u00e9s de las preguntas m\u00e1s frecuentes de los hu\u00e9spedes en Be Hostels Barcelona\",\"breadcrumb\":{\"@id\":\"https:\/\/behostels.com\/es\/be-hostels-preguntas-mas-frecuentes\/#breadcrumb\"},\"inLanguage\":\"es\",\"potentialAction\":[{\"@type\":\"ReadAction\",\"target\":[\"https:\/\/behostels.com\/es\/be-hostels-preguntas-mas-frecuentes\/\"]}]},{\"@type\":\"BreadcrumbList\",\"@id\":\"https:\/\/behostels.com\/es\/be-hostels-preguntas-mas-frecuentes\/#breadcrumb\",\"itemListElement\":[{\"@type\":\"ListItem\",\"position\":1,\"name\":\"Home\",\"item\":\"https:\/\/behostels.com\/es\/\"},{\"@type\":\"ListItem\",\"position\":2,\"name\":\"Be Hostels: Preguntas m\u00e1s frecuentes\"}]},{\"@type\":\"WebSite\",\"@id\":\"https:\/\/behostels.com\/es\/#website\",\"url\":\"https:\/\/behostels.com\/es\/\",\"name\":\"Be Hostels\",\"description\":\"\",\"publisher\":{\"@id\":\"https:\/\/behostels.com\/es\/#organization\"},\"potentialAction\":[{\"@type\":\"SearchAction\",\"target\":{\"@type\":\"EntryPoint\",\"urlTemplate\":\"https:\/\/behostels.com\/es\/?s={search_term_string}\"},\"query-input\":\"required name=search_term_string\"}],\"inLanguage\":\"es\"},{\"@type\":\"Organization\",\"@id\":\"https:\/\/behostels.com\/es\/#organization\",\"name\":\"Be Hostels\",\"url\":\"https:\/\/behostels.com\/es\/\",\"logo\":{\"@type\":\"ImageObject\",\"inLanguage\":\"es\",\"@id\":\"https:\/\/behostels.com\/es\/#\/schema\/logo\/image\/\",\"url\":\"https:\/\/behostels.com\/wp-content\/uploads\/2015\/06\/be_reservations_logo.jpg\",\"contentUrl\":\"https:\/\/behostels.com\/wp-content\/uploads\/2015\/06\/be_reservations_logo.jpg\",\"width\":130,\"height\":130,\"caption\":\"Be Hostels\"},\"image\":{\"@id\":\"https:\/\/behostels.com\/es\/#\/schema\/logo\/image\/\"}}]}<\/script>\n<!-- \/ Yoast SEO plugin. -->","yoast_head_json":{"title":"Preguntas m\u00e1s frecuentes. Hostales en Barcelona y Zaragoza de Be Hostels","description":"Conoce nuestros hostales a trav\u00e9s de las preguntas m\u00e1s frecuentes de los hu\u00e9spedes en Be Hostels Barcelona","robots":{"index":"index","follow":"follow","max-snippet":"max-snippet:-1","max-image-preview":"max-image-preview:large","max-video-preview":"max-video-preview:-1"},"canonical":"https:\/\/behostels.com\/es\/be-hostels-preguntas-mas-frecuentes\/","og_locale":"es_ES","og_type":"article","og_title":"Preguntas m\u00e1s frecuentes. Hostales en Barcelona y Zaragoza de Be Hostels","og_description":"Conoce nuestros hostales a trav\u00e9s de las preguntas m\u00e1s frecuentes de los hu\u00e9spedes en Be Hostels Barcelona","og_url":"https:\/\/behostels.com\/es\/be-hostels-preguntas-mas-frecuentes\/","og_site_name":"Be Hostels","article_modified_time":"2015-12-08T00:16:46+00:00","twitter_card":"summary_large_image","schema":{"@context":"https:\/\/schema.org","@graph":[{"@type":"WebPage","@id":"https:\/\/behostels.com\/es\/be-hostels-preguntas-mas-frecuentes\/","url":"https:\/\/behostels.com\/es\/be-hostels-preguntas-mas-frecuentes\/","name":"Preguntas m\u00e1s frecuentes. Hostales en Barcelona y Zaragoza de Be Hostels","isPartOf":{"@id":"https:\/\/behostels.com\/es\/#website"},"datePublished":"2015-06-17T14:49:52+00:00","dateModified":"2015-12-08T00:16:46+00:00","description":"Conoce nuestros hostales a trav\u00e9s de las preguntas m\u00e1s frecuentes de los hu\u00e9spedes en Be Hostels Barcelona","breadcrumb":{"@id":"https:\/\/behostels.com\/es\/be-hostels-preguntas-mas-frecuentes\/#breadcrumb"},"inLanguage":"es","potentialAction":[{"@type":"ReadAction","target":["https:\/\/behostels.com\/es\/be-hostels-preguntas-mas-frecuentes\/"]}]},{"@type":"BreadcrumbList","@id":"https:\/\/behostels.com\/es\/be-hostels-preguntas-mas-frecuentes\/#breadcrumb","itemListElement":[{"@type":"ListItem","position":1,"name":"Home","item":"https:\/\/behostels.com\/es\/"},{"@type":"ListItem","position":2,"name":"Be Hostels: Preguntas m\u00e1s frecuentes"}]},{"@type":"WebSite","@id":"https:\/\/behostels.com\/es\/#website","url":"https:\/\/behostels.com\/es\/","name":"Be Hostels","description":"","publisher":{"@id":"https:\/\/behostels.com\/es\/#organization"},"potentialAction":[{"@type":"SearchAction","target":{"@type":"EntryPoint","urlTemplate":"https:\/\/behostels.com\/es\/?s={search_term_string}"},"query-input":"required name=search_term_string"}],"inLanguage":"es"},{"@type":"Organization","@id":"https:\/\/behostels.com\/es\/#organization","name":"Be Hostels","url":"https:\/\/behostels.com\/es\/","logo":{"@type":"ImageObject","inLanguage":"es","@id":"https:\/\/behostels.com\/es\/#\/schema\/logo\/image\/","url":"https:\/\/behostels.com\/wp-content\/uploads\/2015\/06\/be_reservations_logo.jpg","contentUrl":"https:\/\/behostels.com\/wp-content\/uploads\/2015\/06\/be_reservations_logo.jpg","width":130,"height":130,"caption":"Be Hostels"},"image":{"@id":"https:\/\/behostels.com\/es\/#\/schema\/logo\/image\/"}}]}},"_links":{"self":[{"href":"https:\/\/behostels.com\/es\/wp-json\/wp\/v2\/pages\/515"}],"collection":[{"href":"https:\/\/behostels.com\/es\/wp-json\/wp\/v2\/pages"}],"about":[{"href":"https:\/\/behostels.com\/es\/wp-json\/wp\/v2\/types\/page"}],"author":[{"embeddable":true,"href":"https:\/\/behostels.com\/es\/wp-json\/wp\/v2\/users\/1"}],"replies":[{"embeddable":true,"href":"https:\/\/behostels.com\/es\/wp-json\/wp\/v2\/comments?post=515"}],"version-history":[{"count":0,"href":"https:\/\/behostels.com\/es\/wp-json\/wp\/v2\/pages\/515\/revisions"}],"wp:attachment":[{"href":"https:\/\/behostels.com\/es\/wp-json\/wp\/v2\/media?parent=515"}],"curies":[{"name":"wp","href":"https:\/\/api.w.org\/{rel}","templated":true}]}}