{"id":466,"date":"2015-06-15T15:49:36","date_gmt":"2015-06-15T15:49:36","guid":{"rendered":"https:\/\/behostels.com\/?page_id=466"},"modified":"2017-06-20T10:14:44","modified_gmt":"2017-06-20T10:14:44","slug":"actividades-en-hostel-barcelona","status":"publish","type":"page","link":"https:\/\/behostels.com\/es\/actividades-en-hostel-barcelona\/","title":{"rendered":"Actividades en Be Hostel Barcelona"},"content":{"rendered":"<h3>\u00bfTe lo quieres pasar bien? Ap\u00fantate a las actividades que Be Hostels organiza para ti.<\/h3>\r\n<h3>Primero y principal, queremos que disfrutes tu estancia y no tengas nada de que preocuparte, despu\u00e9s de todo, estas de vacaciones. Con eso en mente, te ofrecemos varios tours y actividades interesantes para que conozcas a gente nueva y divertida. Haznos saber que actividad te interesa m\u00e1s y te organizamos los detalles.<\/h3>\r\n\n<div  data-uk-scrollspy=\"{target:'> div > [data-uk-scrollspy-cls]', delay:300}\">\n\n\n    \n    <div class=\"uk-grid uk-text-left uk-flex-middle\" data-uk-grid-match data-uk-margin=\"{cls:'uk-margin-top'}\">\n\n                <div class=\"uk-width-medium-3-10 uk-text-center uk-invisible\"  data-uk-scrollspy-cls=\"uk-animation-fade uk-invisible\">\n            <div class=\"uk-overlay uk-overlay-hover uk-border-circle\"><img decoding=\"async\" src=\"\/wp-content\/uploads\/2015\/07\/historic-city-barcelona.jpg\" class=\"uk-border-circle uk-overlay-scale\" alt=\"Tour a pie por Barcelona gratis\"><div class=\"uk-overlay-panel uk-overlay-background uk-overlay-icon uk-overlay-fade\"><\/div><\/div>        <\/div>\n        \n                <div class=\"uk-width-medium-7-10 uk-invisible\"  data-uk-scrollspy-cls=\"uk-animation-slide-right uk-invisible\">\n            <div class=\"uk-panel uk-panel-space uk-width-1-1\">\n\n                \n                                <h3 class=\"uk-panel-title\">\n\n                                            Tour a pie por Barcelona gratis                    \n                    \n                <\/h3>\n                \n                                <div class=\"uk-margin\">Disfruta de la ciudad y sus curiosidades mientras la recorres con la ayuda de nuestros entusiastas y experimentados gu\u00edas.\nHora: diario a 11:45 (tour 2 horas)\nLugar de Encuentro: recepci\u00f3n de Be Mar, Sound o Ramblas hotel.<\/div>\n                \n                \n                \n            <\/div>\n        <\/div>\n        \n    <\/div>\n\n    \n\n    \n    <div class=\"uk-grid uk-text-left uk-flex-middle\" data-uk-grid-match data-uk-margin=\"{cls:'uk-margin-top'}\">\n\n                <div class=\"uk-width-medium-3-10 uk-text-center uk-float-right uk-flex-order-last-medium uk-invisible\"  data-uk-scrollspy-cls=\"uk-animation-fade uk-invisible\">\n            <div class=\"uk-overlay uk-overlay-hover uk-border-circle\"><img decoding=\"async\" src=\"\/wp-content\/uploads\/2015\/07\/activities-gaudi-tour-barcelona.jpg\" class=\"uk-border-circle uk-overlay-scale\" alt=\"Tour Gaud\u00ed Gratis\"><div class=\"uk-overlay-panel uk-overlay-background uk-overlay-icon uk-overlay-fade\"><\/div><\/div>        <\/div>\n        \n                <div class=\"uk-width-medium-7-10 uk-invisible\"  data-uk-scrollspy-cls=\"uk-animation-slide-left uk-invisible\">\n            <div class=\"uk-panel uk-panel-space uk-width-1-1\">\n\n                \n                                <h3 class=\"uk-panel-title\">\n\n                                            Tour Gaud\u00ed Gratis                    \n                    \n                <\/h3>\n                \n                                <div class=\"uk-margin\">Un tour gratuito recorriendo los sitios emblem\u00e1ticos en donde el genial arquitecto de Barcelona dejo su gran obra.\nHora: diario a 11:45 (tour 2 horas)\nLugar de Encuentro: recepci\u00f3n de Be Mar, Sound o Ramblas hotel.<\/div>\n                \n                \n                \n            <\/div>\n        <\/div>\n        \n    <\/div>\n\n    \n\n    \n    <div class=\"uk-grid uk-text-left uk-flex-middle\" data-uk-grid-match data-uk-margin=\"{cls:'uk-margin-top'}\">\n\n                <div class=\"uk-width-medium-3-10 uk-text-center uk-invisible\"  data-uk-scrollspy-cls=\"uk-animation-fade uk-invisible\">\n            <div class=\"uk-overlay uk-overlay-hover uk-border-circle\"><img decoding=\"async\" src=\"\/wp-content\/uploads\/2015\/07\/activities-tapas-barcelona.jpg\" class=\"uk-border-circle uk-overlay-scale\" alt=\"Tapas y Flamenco\"><div class=\"uk-overlay-panel uk-overlay-background uk-overlay-icon uk-overlay-fade\"><\/div><\/div>        <\/div>\n        \n                <div class=\"uk-width-medium-7-10 uk-invisible\"  data-uk-scrollspy-cls=\"uk-animation-slide-right uk-invisible\">\n            <div class=\"uk-panel uk-panel-space uk-width-1-1\">\n\n                \n                                <h3 class=\"uk-panel-title\">\n\n                                            Tapas y Flamenco                    \n                    \n                <\/h3>\n                \n                                <div class=\"uk-margin\">No dejes de venir a Espa\u00f1a sin ir a gozar del Flamenco. As\u00ed que vente a probar las exquisitas tapas (5 tapas y sangr\u00eda) y disfruta del show en vivo de Flamenco en el coraz\u00f3n de la ciudad.\nPrecio:20\u20ac\nHora, d\u00eda: Jueves, viernes, y domingo a 21:00\nLugar de Encuentro: Monumento a Crist\u00f3bal Col\u00f3n.<\/div>\n                \n                \n                \n            <\/div>\n        <\/div>\n        \n    <\/div>\n\n    \n\n    \n    <div class=\"uk-grid uk-text-left uk-flex-middle\" data-uk-grid-match data-uk-margin=\"{cls:'uk-margin-top'}\">\n\n                <div class=\"uk-width-medium-3-10 uk-text-center uk-float-right uk-flex-order-last-medium uk-invisible\"  data-uk-scrollspy-cls=\"uk-animation-fade uk-invisible\">\n            <div class=\"uk-overlay uk-overlay-hover uk-border-circle\"><img decoding=\"async\" src=\"\/wp-content\/uploads\/2015\/07\/activities-pubcrawl-barcelona.jpg\" class=\"uk-border-circle uk-overlay-scale\" alt=\"Marcha Tour \/ Tour Fiesta\"><div class=\"uk-overlay-panel uk-overlay-background uk-overlay-icon uk-overlay-fade\"><\/div><\/div>        <\/div>\n        \n                <div class=\"uk-width-medium-7-10 uk-invisible\"  data-uk-scrollspy-cls=\"uk-animation-slide-left uk-invisible\">\n            <div class=\"uk-panel uk-panel-space uk-width-1-1\">\n\n                \n                                <h3 class=\"uk-panel-title\">\n\n                                            Marcha Tour \/ Tour Fiesta                    \n                    \n                <\/h3>\n                \n                                <div class=\"uk-margin\">Conoce la vida nocturna de una de las ciudades mas fiesteras de Europa. Disfruta de un tour por los bares mas concurridos y con propuestas interesantes, acompa\u00f1ado de la mejor gente. Incluye una bebida gratis en cada bar (3 bares), entrada a un club, fotos y juegos.\nPrecio:12\u20ac\nHora, d\u00eda: diario a 23:00h\nLugar de Encuentro: recepci\u00f3n de Be Mar o Be Sound<\/div>\n                \n                \n                \n            <\/div>\n        <\/div>\n        \n    <\/div>\n\n    \n\n<\/div>\n","protected":false},"excerpt":{"rendered":"<p>\u00bfTe lo quieres pasar bien? Ap\u00fantate a las actividades que Be Hostels organiza para ti. Primero y principal, queremos que disfrutes tu estancia y no tengas nada de que preocuparte, despu\u00e9s de todo, estas de vacaciones. Con eso en mente, te ofrecemos varios tours y actividades interesantes para que conozcas a gente nueva y divertida. [&hellip;]<\/p>\n","protected":false},"author":1,"featured_media":0,"parent":0,"menu_order":0,"comment_status":"closed","ping_status":"closed","template":"","meta":{"footnotes":""},"yoast_head":"<!-- This site is optimized with the Yoast SEO plugin v22.7 - https:\/\/yoast.com\/wordpress\/plugins\/seo\/ -->\n<title>Actividades en Be Hostel Barcelona - Be Hostels<\/title>\n<meta name=\"description\" content=\"Be Hostl te ofrece las mejores actividades para que disfrutes de Barcelona de la mejor manera.\" \/>\n<meta name=\"robots\" content=\"index, follow, max-snippet:-1, max-image-preview:large, max-video-preview:-1\" \/>\n<link rel=\"canonical\" href=\"https:\/\/behostels.com\/es\/actividades-en-hostel-barcelona\/\" \/>\n<meta property=\"og:locale\" content=\"es_ES\" \/>\n<meta property=\"og:type\" content=\"article\" \/>\n<meta property=\"og:title\" content=\"Actividades en Be Hostel Barcelona - Be Hostels\" \/>\n<meta property=\"og:description\" content=\"Be Hostl te ofrece las mejores actividades para que disfrutes de Barcelona de la mejor manera.\" \/>\n<meta property=\"og:url\" content=\"https:\/\/behostels.com\/es\/actividades-en-hostel-barcelona\/\" \/>\n<meta property=\"og:site_name\" content=\"Be Hostels\" \/>\n<meta property=\"article:modified_time\" content=\"2017-06-20T10:14:44+00:00\" \/>\n<meta name=\"twitter:card\" content=\"summary_large_image\" \/>\n<script type=\"application\/ld+json\" class=\"yoast-schema-graph\">{\"@context\":\"https:\/\/schema.org\",\"@graph\":[{\"@type\":\"WebPage\",\"@id\":\"https:\/\/behostels.com\/es\/actividades-en-hostel-barcelona\/\",\"url\":\"https:\/\/behostels.com\/es\/actividades-en-hostel-barcelona\/\",\"name\":\"Actividades en Be Hostel Barcelona - Be Hostels\",\"isPartOf\":{\"@id\":\"https:\/\/behostels.com\/es\/#website\"},\"datePublished\":\"2015-06-15T15:49:36+00:00\",\"dateModified\":\"2017-06-20T10:14:44+00:00\",\"description\":\"Be Hostl te ofrece las mejores actividades para que disfrutes de Barcelona de la mejor manera.\",\"breadcrumb\":{\"@id\":\"https:\/\/behostels.com\/es\/actividades-en-hostel-barcelona\/#breadcrumb\"},\"inLanguage\":\"es\",\"potentialAction\":[{\"@type\":\"ReadAction\",\"target\":[\"https:\/\/behostels.com\/es\/actividades-en-hostel-barcelona\/\"]}]},{\"@type\":\"BreadcrumbList\",\"@id\":\"https:\/\/behostels.com\/es\/actividades-en-hostel-barcelona\/#breadcrumb\",\"itemListElement\":[{\"@type\":\"ListItem\",\"position\":1,\"name\":\"Home\",\"item\":\"https:\/\/behostels.com\/es\/\"},{\"@type\":\"ListItem\",\"position\":2,\"name\":\"Actividades en Be Hostel Barcelona\"}]},{\"@type\":\"WebSite\",\"@id\":\"https:\/\/behostels.com\/es\/#website\",\"url\":\"https:\/\/behostels.com\/es\/\",\"name\":\"Be Hostels\",\"description\":\"\",\"publisher\":{\"@id\":\"https:\/\/behostels.com\/es\/#organization\"},\"potentialAction\":[{\"@type\":\"SearchAction\",\"target\":{\"@type\":\"EntryPoint\",\"urlTemplate\":\"https:\/\/behostels.com\/es\/?s={search_term_string}\"},\"query-input\":\"required name=search_term_string\"}],\"inLanguage\":\"es\"},{\"@type\":\"Organization\",\"@id\":\"https:\/\/behostels.com\/es\/#organization\",\"name\":\"Be Hostels\",\"url\":\"https:\/\/behostels.com\/es\/\",\"logo\":{\"@type\":\"ImageObject\",\"inLanguage\":\"es\",\"@id\":\"https:\/\/behostels.com\/es\/#\/schema\/logo\/image\/\",\"url\":\"https:\/\/behostels.com\/wp-content\/uploads\/2015\/06\/be_reservations_logo.jpg\",\"contentUrl\":\"https:\/\/behostels.com\/wp-content\/uploads\/2015\/06\/be_reservations_logo.jpg\",\"width\":130,\"height\":130,\"caption\":\"Be Hostels\"},\"image\":{\"@id\":\"https:\/\/behostels.com\/es\/#\/schema\/logo\/image\/\"}}]}<\/script>\n<!-- \/ Yoast SEO plugin. -->","yoast_head_json":{"title":"Actividades en Be Hostel Barcelona - Be Hostels","description":"Be Hostl te ofrece las mejores actividades para que disfrutes de Barcelona de la mejor manera.","robots":{"index":"index","follow":"follow","max-snippet":"max-snippet:-1","max-image-preview":"max-image-preview:large","max-video-preview":"max-video-preview:-1"},"canonical":"https:\/\/behostels.com\/es\/actividades-en-hostel-barcelona\/","og_locale":"es_ES","og_type":"article","og_title":"Actividades en Be Hostel Barcelona - Be Hostels","og_description":"Be Hostl te ofrece las mejores actividades para que disfrutes de Barcelona de la mejor manera.","og_url":"https:\/\/behostels.com\/es\/actividades-en-hostel-barcelona\/","og_site_name":"Be Hostels","article_modified_time":"2017-06-20T10:14:44+00:00","twitter_card":"summary_large_image","schema":{"@context":"https:\/\/schema.org","@graph":[{"@type":"WebPage","@id":"https:\/\/behostels.com\/es\/actividades-en-hostel-barcelona\/","url":"https:\/\/behostels.com\/es\/actividades-en-hostel-barcelona\/","name":"Actividades en Be Hostel Barcelona - Be Hostels","isPartOf":{"@id":"https:\/\/behostels.com\/es\/#website"},"datePublished":"2015-06-15T15:49:36+00:00","dateModified":"2017-06-20T10:14:44+00:00","description":"Be Hostl te ofrece las mejores actividades para que disfrutes de Barcelona de la mejor manera.","breadcrumb":{"@id":"https:\/\/behostels.com\/es\/actividades-en-hostel-barcelona\/#breadcrumb"},"inLanguage":"es","potentialAction":[{"@type":"ReadAction","target":["https:\/\/behostels.com\/es\/actividades-en-hostel-barcelona\/"]}]},{"@type":"BreadcrumbList","@id":"https:\/\/behostels.com\/es\/actividades-en-hostel-barcelona\/#breadcrumb","itemListElement":[{"@type":"ListItem","position":1,"name":"Home","item":"https:\/\/behostels.com\/es\/"},{"@type":"ListItem","position":2,"name":"Actividades en Be Hostel Barcelona"}]},{"@type":"WebSite","@id":"https:\/\/behostels.com\/es\/#website","url":"https:\/\/behostels.com\/es\/","name":"Be Hostels","description":"","publisher":{"@id":"https:\/\/behostels.com\/es\/#organization"},"potentialAction":[{"@type":"SearchAction","target":{"@type":"EntryPoint","urlTemplate":"https:\/\/behostels.com\/es\/?s={search_term_string}"},"query-input":"required name=search_term_string"}],"inLanguage":"es"},{"@type":"Organization","@id":"https:\/\/behostels.com\/es\/#organization","name":"Be Hostels","url":"https:\/\/behostels.com\/es\/","logo":{"@type":"ImageObject","inLanguage":"es","@id":"https:\/\/behostels.com\/es\/#\/schema\/logo\/image\/","url":"https:\/\/behostels.com\/wp-content\/uploads\/2015\/06\/be_reservations_logo.jpg","contentUrl":"https:\/\/behostels.com\/wp-content\/uploads\/2015\/06\/be_reservations_logo.jpg","width":130,"height":130,"caption":"Be Hostels"},"image":{"@id":"https:\/\/behostels.com\/es\/#\/schema\/logo\/image\/"}}]}},"_links":{"self":[{"href":"https:\/\/behostels.com\/es\/wp-json\/wp\/v2\/pages\/466"}],"collection":[{"href":"https:\/\/behostels.com\/es\/wp-json\/wp\/v2\/pages"}],"about":[{"href":"https:\/\/behostels.com\/es\/wp-json\/wp\/v2\/types\/page"}],"author":[{"embeddable":true,"href":"https:\/\/behostels.com\/es\/wp-json\/wp\/v2\/users\/1"}],"replies":[{"embeddable":true,"href":"https:\/\/behostels.com\/es\/wp-json\/wp\/v2\/comments?post=466"}],"version-history":[{"count":0,"href":"https:\/\/behostels.com\/es\/wp-json\/wp\/v2\/pages\/466\/revisions"}],"wp:attachment":[{"href":"https:\/\/behostels.com\/es\/wp-json\/wp\/v2\/media?parent=466"}],"curies":[{"name":"wp","href":"https:\/\/api.w.org\/{rel}","templated":true}]}}