{"id":426,"date":"2015-06-15T15:37:28","date_gmt":"2015-06-15T15:37:28","guid":{"rendered":"https:\/\/behostels.com\/?page_id=426"},"modified":"2019-12-12T10:49:02","modified_gmt":"2019-12-12T10:49:02","slug":"be-apartments-2","status":"publish","type":"page","link":"https:\/\/behostels.com\/es\/be-apartments-2\/","title":{"rendered":"Be Apartments"},"content":{"rendered":"<h2>Be Apartaments est\u00e1n situados en pleno centro de Barcelona, a s\u00f3lo un minuto de la Rambla, justo donde quieres estar.<\/h2>\r\n\n\n<div id=\"wk-grid7d7\" class=\"uk-grid-width-1-1 uk-grid-width-medium-1-3 uk-grid uk-grid-match uk-grid-medium uk-text-center \" data-uk-grid-match=\"{target:'> div > .uk-panel', row:true}\" data-uk-grid-margin  data-uk-scrollspy=\"{cls:'uk-animation-fade uk-invisible', target:'> div > .uk-panel', delay:300}\">\n\n\n    <div>\n        <div class=\"uk-panel uk-invisible\">\n\n            \n            \n                        <div class=\"uk-text-center uk-panel-teaser\"><div class=\"uk-overlay uk-overlay-hover uk-border-circle\"><img loading=\"lazy\" decoding=\"async\" src=\"\/wp-content\/uploads\/2015\/07\/be-apartments-barcelona-next-ramblas.jpg\" class=\"uk-border-circle uk-overlay-scale\" alt=\"Al lado de Las Ramblas\" width=\"600\" height=\"600\"><div class=\"uk-overlay-panel uk-overlay-background uk-overlay-icon uk-overlay-fade\"><\/div><a class=\"uk-position-cover\" href=\"http:\/\/behostels.com\/es\/be-apartments-2\/apartments-como-llegar\/\" title=\"Al lado de Las Ramblas\"><\/a><\/div><\/div>\n            \n            \n            \n            \n            \n                        <div class=\"uk-margin\">Next to Las Ramblas<\/div>\n            \n            \n            \n            \n        <\/div>\n    <\/div>\n\n\n    <div>\n        <div class=\"uk-panel uk-invisible\">\n\n            \n            \n                        <div class=\"uk-text-center uk-panel-teaser\"><div class=\"uk-overlay uk-overlay-hover uk-border-circle\"><img loading=\"lazy\" decoding=\"async\" src=\"\/wp-content\/uploads\/2015\/07\/be-apartments-barcelona-next-ramblas-double-rooms.jpg\" class=\"uk-border-circle uk-overlay-scale\" alt=\"Elige tu habitaci\u00f3n Doble\" width=\"600\" height=\"600\"><div class=\"uk-overlay-panel uk-overlay-background uk-overlay-icon uk-overlay-fade\"><\/div><a class=\"uk-position-cover\" href=\"http:\/\/behostels.com\/es\/be-apartments-2\/apartments-habitaciones\/\" title=\"Elige tu habitaci\u00f3n Doble\"><\/a><\/div><\/div>\n            \n            \n            \n            \n            \n                        <div class=\"uk-margin\">Elige tu habitaci\u00f3n Doble<\/div>\n            \n            \n            \n            \n        <\/div>\n    <\/div>\n\n\n    <div>\n        <div class=\"uk-panel uk-invisible\">\n\n            \n            \n                        <div class=\"uk-text-center uk-panel-teaser\"><div class=\"uk-overlay uk-overlay-hover uk-border-circle\"><img loading=\"lazy\" decoding=\"async\" src=\"\/wp-content\/uploads\/2015\/07\/be-apartments-barcelona-next-ramblas-double-rooms-choose-apartment.jpg\" class=\"uk-border-circle uk-overlay-scale\" alt=\"Elija su apartamento\" width=\"450\" height=\"450\"><div class=\"uk-overlay-panel uk-overlay-background uk-overlay-icon uk-overlay-fade\"><\/div><a class=\"uk-position-cover\" href=\"http:\/\/behostels.com\/es\/be-apartments-2\/apartments-habitaciones\/\" title=\"Elija su apartamento\"><\/a><\/div><\/div>\n            \n            \n            \n            \n            \n                        <div class=\"uk-margin\">Elija su apartamento<\/div>\n            \n            \n            \n            \n        <\/div>\n    <\/div>\n\n\n<\/div>\n\n<script>\n(function($){\n\n    \/\/ get the images of the gallery and replace it by a canvas of the same size to fix the problem with overlapping images on load.\n    $('img[width][height]:not(.uk-overlay-panel)', $('#wk-grid7d7')).each(function() {\n\n        var $img = $(this);\n\n        if (this.width == 'auto' || this.height == 'auto' || !$img.is(':visible')) {\n            return;\n        }\n\n        var $canvas = $('<canvas class=\"uk-responsive-width\"><\/canvas>').attr({width:$img.attr('width'), height:$img.attr('height')}),\n            img = new Image,\n            release = function() {\n                $canvas.remove();\n                $img.css('display', '');\n                release = function(){};\n            };\n\n        $img.css('display', 'none').after($canvas);\n\n        $(img).on('load', function(){ release(); });\n        setTimeout(function(){ release(); }, 1000);\n\n        img.src = this.src;\n\n    });\n\n})(jQuery);\n<\/script>\n\r\n<p>Un edificio entero, completamente renovado con 10 apartamentos situados en el neightbourghood hist\u00f3rico de Barcelona. Confortables apartamentos, equipados con todo lo necesario: cocina, nevera, aire acondicionado, televisi\u00f3n y ascensor.<\/p>\r\n<p>Be Apartaments le ofrece una recepci\u00f3n abierta para darle la bienvenida y le ayudar\u00e1 con cualquier cosa que necesite durante su estancia. El personal de Be Apartments le va a asisitir y le dar\u00e1 toda la informaci\u00f3n que quieras sobre Barcelona y ayudarle a organizar su visita en nuestra hermosa ciudad.<\/p>\r\n<h3>Le ofrecemos las mejores instalaciones Be Apartments Barcelona<\/h3> \r\n<div class=\"uk-grid\">\r\n<div class=\"uk-width-large-1-2 uk-width-medium-1-2 uk-width-small-1-1\">\r\n<ul>\r\n    <li>Wifi gratuito en las habitaciones<\/li>\r\n    <li>Tour por Barcelona gratuito<\/li>\r\n    <li>Mapas de Barcelona gratis<\/li> \r\n    <li>Aparcamiento para coches de pago<\/li>\r\n<\/ul>\r\n<\/div>\r\n<div class=\"uk-width-large-1-2 uk-width-medium-1-2 uk-width-small-1-1\">\r\n<ul>\r\n    <li>Recepci\u00f3n abierta de 9 a 14:00<\/li>\r\n    <li>La entrada despu\u00e9s de las 14:00 se hace en el Be Mar Hostel<\/li>\r\n    <li>Aire acondicionado y calefacci\u00f3n<\/li>\r\n    <li>Actividades como: Tours caminando y en bicicleta, Tour de tapas y flamenco, etc<\/li>\r\n    <li>Servicio de almacenamiento de equipaje<\/li>\r\n<\/ul>\r\n<\/div>\r\n<\/div>","protected":false},"excerpt":{"rendered":"<p>Be Apartaments est\u00e1n situados en pleno centro de Barcelona, a s\u00f3lo un minuto de la Rambla, justo donde quieres estar. Un edificio entero, completamente renovado con 10 apartamentos situados en el neightbourghood hist\u00f3rico de Barcelona. Confortables apartamentos, equipados con todo lo necesario: cocina, nevera, aire acondicionado, televisi\u00f3n y ascensor. Be Apartaments le ofrece una recepci\u00f3n [&hellip;]<\/p>\n","protected":false},"author":1,"featured_media":0,"parent":0,"menu_order":0,"comment_status":"closed","ping_status":"closed","template":"","meta":{"footnotes":""},"yoast_head":"<!-- This site is optimized with the Yoast SEO plugin v22.7 - https:\/\/yoast.com\/wordpress\/plugins\/seo\/ -->\n<title>Be Apartments<\/title>\n<meta name=\"description\" content=\"Be apartments esta situado en el centro de Barcelona. Disfruta Barcelona de la mejor manera con Be Apartments.\" \/>\n<meta name=\"robots\" content=\"index, follow, max-snippet:-1, max-image-preview:large, max-video-preview:-1\" \/>\n<link rel=\"canonical\" href=\"https:\/\/behostels.com\/es\/be-apartments-2\/\" \/>\n<meta property=\"og:locale\" content=\"es_ES\" \/>\n<meta property=\"og:type\" content=\"article\" \/>\n<meta property=\"og:title\" content=\"Be Apartments\" \/>\n<meta property=\"og:description\" content=\"Be apartments esta situado en el centro de Barcelona. Disfruta Barcelona de la mejor manera con Be Apartments.\" \/>\n<meta property=\"og:url\" content=\"https:\/\/behostels.com\/es\/be-apartments-2\/\" \/>\n<meta property=\"og:site_name\" content=\"Be Hostels\" \/>\n<meta property=\"article:modified_time\" content=\"2019-12-12T10:49:02+00:00\" \/>\n<meta name=\"twitter:card\" content=\"summary_large_image\" \/>\n<meta name=\"twitter:label1\" content=\"Tiempo de lectura\" \/>\n\t<meta name=\"twitter:data1\" content=\"1 minuto\" \/>\n<script type=\"application\/ld+json\" class=\"yoast-schema-graph\">{\"@context\":\"https:\/\/schema.org\",\"@graph\":[{\"@type\":\"WebPage\",\"@id\":\"https:\/\/behostels.com\/es\/be-apartments-2\/\",\"url\":\"https:\/\/behostels.com\/es\/be-apartments-2\/\",\"name\":\"Be Apartments\",\"isPartOf\":{\"@id\":\"https:\/\/behostels.com\/es\/#website\"},\"datePublished\":\"2015-06-15T15:37:28+00:00\",\"dateModified\":\"2019-12-12T10:49:02+00:00\",\"description\":\"Be apartments esta situado en el centro de Barcelona. Disfruta Barcelona de la mejor manera con Be Apartments.\",\"breadcrumb\":{\"@id\":\"https:\/\/behostels.com\/es\/be-apartments-2\/#breadcrumb\"},\"inLanguage\":\"es\",\"potentialAction\":[{\"@type\":\"ReadAction\",\"target\":[\"https:\/\/behostels.com\/es\/be-apartments-2\/\"]}]},{\"@type\":\"BreadcrumbList\",\"@id\":\"https:\/\/behostels.com\/es\/be-apartments-2\/#breadcrumb\",\"itemListElement\":[{\"@type\":\"ListItem\",\"position\":1,\"name\":\"Home\",\"item\":\"https:\/\/behostels.com\/es\/\"},{\"@type\":\"ListItem\",\"position\":2,\"name\":\"Be Apartments\"}]},{\"@type\":\"WebSite\",\"@id\":\"https:\/\/behostels.com\/es\/#website\",\"url\":\"https:\/\/behostels.com\/es\/\",\"name\":\"Be Hostels\",\"description\":\"\",\"publisher\":{\"@id\":\"https:\/\/behostels.com\/es\/#organization\"},\"potentialAction\":[{\"@type\":\"SearchAction\",\"target\":{\"@type\":\"EntryPoint\",\"urlTemplate\":\"https:\/\/behostels.com\/es\/?s={search_term_string}\"},\"query-input\":\"required name=search_term_string\"}],\"inLanguage\":\"es\"},{\"@type\":\"Organization\",\"@id\":\"https:\/\/behostels.com\/es\/#organization\",\"name\":\"Be Hostels\",\"url\":\"https:\/\/behostels.com\/es\/\",\"logo\":{\"@type\":\"ImageObject\",\"inLanguage\":\"es\",\"@id\":\"https:\/\/behostels.com\/es\/#\/schema\/logo\/image\/\",\"url\":\"https:\/\/behostels.com\/wp-content\/uploads\/2015\/06\/be_reservations_logo.jpg\",\"contentUrl\":\"https:\/\/behostels.com\/wp-content\/uploads\/2015\/06\/be_reservations_logo.jpg\",\"width\":130,\"height\":130,\"caption\":\"Be Hostels\"},\"image\":{\"@id\":\"https:\/\/behostels.com\/es\/#\/schema\/logo\/image\/\"}}]}<\/script>\n<!-- \/ Yoast SEO plugin. -->","yoast_head_json":{"title":"Be Apartments","description":"Be apartments esta situado en el centro de Barcelona. Disfruta Barcelona de la mejor manera con Be Apartments.","robots":{"index":"index","follow":"follow","max-snippet":"max-snippet:-1","max-image-preview":"max-image-preview:large","max-video-preview":"max-video-preview:-1"},"canonical":"https:\/\/behostels.com\/es\/be-apartments-2\/","og_locale":"es_ES","og_type":"article","og_title":"Be Apartments","og_description":"Be apartments esta situado en el centro de Barcelona. Disfruta Barcelona de la mejor manera con Be Apartments.","og_url":"https:\/\/behostels.com\/es\/be-apartments-2\/","og_site_name":"Be Hostels","article_modified_time":"2019-12-12T10:49:02+00:00","twitter_card":"summary_large_image","twitter_misc":{"Tiempo de lectura":"1 minuto"},"schema":{"@context":"https:\/\/schema.org","@graph":[{"@type":"WebPage","@id":"https:\/\/behostels.com\/es\/be-apartments-2\/","url":"https:\/\/behostels.com\/es\/be-apartments-2\/","name":"Be Apartments","isPartOf":{"@id":"https:\/\/behostels.com\/es\/#website"},"datePublished":"2015-06-15T15:37:28+00:00","dateModified":"2019-12-12T10:49:02+00:00","description":"Be apartments esta situado en el centro de Barcelona. Disfruta Barcelona de la mejor manera con Be Apartments.","breadcrumb":{"@id":"https:\/\/behostels.com\/es\/be-apartments-2\/#breadcrumb"},"inLanguage":"es","potentialAction":[{"@type":"ReadAction","target":["https:\/\/behostels.com\/es\/be-apartments-2\/"]}]},{"@type":"BreadcrumbList","@id":"https:\/\/behostels.com\/es\/be-apartments-2\/#breadcrumb","itemListElement":[{"@type":"ListItem","position":1,"name":"Home","item":"https:\/\/behostels.com\/es\/"},{"@type":"ListItem","position":2,"name":"Be Apartments"}]},{"@type":"WebSite","@id":"https:\/\/behostels.com\/es\/#website","url":"https:\/\/behostels.com\/es\/","name":"Be Hostels","description":"","publisher":{"@id":"https:\/\/behostels.com\/es\/#organization"},"potentialAction":[{"@type":"SearchAction","target":{"@type":"EntryPoint","urlTemplate":"https:\/\/behostels.com\/es\/?s={search_term_string}"},"query-input":"required name=search_term_string"}],"inLanguage":"es"},{"@type":"Organization","@id":"https:\/\/behostels.com\/es\/#organization","name":"Be Hostels","url":"https:\/\/behostels.com\/es\/","logo":{"@type":"ImageObject","inLanguage":"es","@id":"https:\/\/behostels.com\/es\/#\/schema\/logo\/image\/","url":"https:\/\/behostels.com\/wp-content\/uploads\/2015\/06\/be_reservations_logo.jpg","contentUrl":"https:\/\/behostels.com\/wp-content\/uploads\/2015\/06\/be_reservations_logo.jpg","width":130,"height":130,"caption":"Be Hostels"},"image":{"@id":"https:\/\/behostels.com\/es\/#\/schema\/logo\/image\/"}}]}},"_links":{"self":[{"href":"https:\/\/behostels.com\/es\/wp-json\/wp\/v2\/pages\/426"}],"collection":[{"href":"https:\/\/behostels.com\/es\/wp-json\/wp\/v2\/pages"}],"about":[{"href":"https:\/\/behostels.com\/es\/wp-json\/wp\/v2\/types\/page"}],"author":[{"embeddable":true,"href":"https:\/\/behostels.com\/es\/wp-json\/wp\/v2\/users\/1"}],"replies":[{"embeddable":true,"href":"https:\/\/behostels.com\/es\/wp-json\/wp\/v2\/comments?post=426"}],"version-history":[{"count":0,"href":"https:\/\/behostels.com\/es\/wp-json\/wp\/v2\/pages\/426\/revisions"}],"wp:attachment":[{"href":"https:\/\/behostels.com\/es\/wp-json\/wp\/v2\/media?parent=426"}],"curies":[{"name":"wp","href":"https:\/\/api.w.org\/{rel}","templated":true}]}}