{"id":37,"date":"2015-06-08T15:10:07","date_gmt":"2015-06-08T15:10:07","guid":{"rendered":"https:\/\/behostels.com\/?page_id=37"},"modified":"2015-06-08T15:13:23","modified_gmt":"2015-06-08T15:13:23","slug":"reservas","status":"publish","type":"page","link":"https:\/\/behostels.com\/es\/reservas\/","title":{"rendered":"Reservas en Be Hostels"},"content":{"rendered":"Si deseas hacer una reserva en alguno de nuestros albergues, hazlo a trav\u00e9s de nuestro <a title=\"Go Booking Engine Be Hostels\" href=\"https:\/\/booking.behostels.com\" target=\"_blank\"><strong><span style=\"color: #3366ff;\">motor de reservas<\/span><\/strong><\/a>\r\n\r\n<h2>Condiciones Generales de los albergues<\/h2>\r\n<p><\/p>\r\n\r\n<h3>Condiciones de Pago de Reservas:<\/h3>\r\nNo se realiza ning\u00fan cargo en su tarjeta como concepto de prepago.\r\n\r\nEl valor total de la reserva se pagara al llegar.\r\nPor cancelaciones fuera de nuestra pol\u00edtica de cancelaciones, o en caso de no presentarse el d\u00eda de entrada, el importe equivalente a la primera noche ser\u00e1 cobrado.\r\n\r\n<strong>Para reservas que llegan desde el 1 de noviembre 2012 tendr\u00e1 que pagar una tasa tur\u00edstica. La tasa tur\u00edstica no est\u00e1 incluida en su reserva. Para Be Mar Hostel, Be Sound Hostel and Be Ramblas Hotel, el impuesto es de 0,75 \u20ac por persona y noche durante las primeras 7 noches. Y han de ser pagados en el momento de la llegada. Por Be Dream Hostel el impuesto es 0,50 \u20ac por persona y noche durante las primeras 7 noches. Y han de ser pagados en el momento de la llegada.<\/strong>\r\n\r\nSi la tarjeta de cr\u00e9dito que se provee es falsa y se genera un error en el sistema de reservas, la reserva ser\u00e1 invalida y, por ello, cancelada autom\u00e1ticamente sin aviso.\r\nPor favor, tener en cuenta que las reservas de m\u00e1s de 500\u20ac, tienen que pagar por adelantado la primera noche antes de la llegada, para garantizar su reserva.\r\n\r\nLa reserva se hace normalemnte por esta central de reservas y m\u00e1s tarde Be Hostels les contactar\u00e1 para hacer este tr\u00e1mite.\r\n<h3>Pol\u00edtica de Cancelaciones<\/h3>\r\n\r\nLas cancelaciones tienen que ser hechas v\u00eda e-mail. No se aceptan cancelaciones por tel\u00e9fono.\r\nLas cancelaciones hechas hasta un d\u00eda antes de la llegada (antes de las 12 de la ma\u00f1ana) no ser\u00e1n penalizadas ni cobradas.\r\nLas cancelaciones hechas despu\u00e9s de las 12 el d\u00eda antes de la llegada ser\u00e1n penalizadas con el cobro de la primera noche en la tarjeta de cr\u00e9dito asociada a la reserva.\r\nEn caso de no presentarse (no-show), la reservaci\u00f3n ser\u00e1 cobrada en la tarjeta de cr\u00e9dito.\r\nPara reservas hechas a trav\u00e9s de otras p\u00e1ginas web, contactar directamente por comisiones y dep\u00f3sito.\r\n\r\n&nbsp;\r\n<h3>Condiciones de modificaci\u00f3n y anulaci\u00f3n:<\/h3>\r\n<img loading=\"lazy\" decoding=\"async\" class=\"alignright size-full wp-image-4452\" title=\"Hostels Reservations\" src=\"https:\/\/behostels.com\/wp-content\/uploads\/bye-04.png\" alt=\"Condiciones de modificaci\u00f3n y anulaci\u00f3n\" width=\"190\" height=\"158\" \/>\r\nLas modificaciones para una reserva deben hacerse solo a trav\u00e9s de e-mail y, si es necesario, se aplicar\u00e1 la pol\u00edtica de cancelaciones.\r\nCualquier discrepancia entre los servicios contratados y los recibidos, ser\u00e1n resueltas directamente en la recepci\u00f3n o establecimiento durante el alojamiento.\r\nEn caso de reembolso, los gastos incurridos por transferencias bancarias ser\u00e1n costeados por el cliente.\r\n\r\n&nbsp;\r\n<h3>Informaci\u00f3n de los Hostales:<\/h3>\r\n\r\nDesayuno, Internet, mantas y mapas est\u00e1n incluidos en el precio.\r\nToallas y fundas se pueden alquilar en la recepci\u00f3n por 2.5\u20ac por estad\u00eda.\r\nLa hora de salida (check-out) es 11:00. Si la salida ocurre despu\u00e9s de las 12:00 y sin avisar a la recepci\u00f3n, da al personal el derecho de vaciar la habitaci\u00f3n de objetos personales.\r\n\r\n\r\n\r\nAl llegar se debe presentar una identificaci\u00f3n con foto, licencia de conducir o pasaporte.\r\n\r\nAl llegar se debe realizar el pago de el monto total de la estad\u00eda.\r\n\r\nTambi\u00e9n al salir (check-out) se deben entregar la llave tarjeta y las s\u00e1banas.\r\nA los clientes que dejen el hostal\/hotel antes de la fecha acordada se les aplicar\u00e1 la pol\u00edtica de cancelaciones para reembolso.\r\nNo se aceptan mascotas.\r\nEl hotel se reserva el derecho de abstenerse a admitir o a dar por terminada la estad\u00eda de clientes a su discreci\u00f3n.\r\n\r\n\r\n\r\nTodos los hu\u00e9spedes se comportar\u00e1n con respeto hacia otros hu\u00e9spedes y al personal del hotel y ser\u00e1n responsables de sus actos mientras est\u00e9n en nuestras instalaciones.\r\nSi la informaci\u00f3n cedida a la hora de la reserva es incorrecta la reserva no ser\u00e1 confirmada.\r\n\r\n&nbsp;\r\n<h3>Condiciones de uso del Sistema de reservas en l\u00ednea de Be Hostels:<\/h3>\r\nTodos los usuarios deben ser mayores de edad (18 a\u00f1os) y tener capacidad legal para contratar los servicios ofrecidos en esta p\u00e1gina web.\r\n\r\nLa informaci\u00f3n personal cedida debe ser real y ser\u00e1 tratada de acuerdo con la legislaci\u00f3n vigente.\r\nLos precios y condiciones son los expuestos en esta p\u00e1gina web.\r\nLas ofertas son v\u00e1lidas para las fechas en que son expuestas.\r\nEn caso de errores inform\u00e1ticos o tipogr\u00e1ficos en precios, los corregiremos a la brevedad posible, siempre y cuando ese proceso y el comienzo del d\u00eda de servicio, lo permita.\r\nEl I.V.A esta incluido en el precio.\r\n\r\n&nbsp;","protected":false},"excerpt":{"rendered":"<p>Si deseas hacer una reserva en alguno de nuestros albergues, hazlo a trav\u00e9s de nuestro motor de reservas Condiciones Generales de los albergues Condiciones de Pago de Reservas: No se realiza ning\u00fan cargo en su tarjeta como concepto de prepago. El valor total de la reserva se pagara al llegar. Por cancelaciones fuera de nuestra [&hellip;]<\/p>\n","protected":false},"author":1,"featured_media":0,"parent":0,"menu_order":0,"comment_status":"closed","ping_status":"open","template":"","meta":{"footnotes":""},"yoast_head":"<!-- This site is optimized with the Yoast SEO plugin v22.7 - https:\/\/yoast.com\/wordpress\/plugins\/seo\/ -->\n<title>Be Hostels Barcelona: Reservas<\/title>\n<meta name=\"description\" content=\"Pol\u00edticas de Reservas y Cancelaciones en Be Hostels\" \/>\n<meta name=\"robots\" content=\"index, follow, max-snippet:-1, max-image-preview:large, max-video-preview:-1\" \/>\n<link rel=\"canonical\" href=\"https:\/\/behostels.com\/es\/reservas\/\" \/>\n<meta property=\"og:locale\" content=\"es_ES\" \/>\n<meta property=\"og:type\" content=\"article\" \/>\n<meta property=\"og:title\" content=\"Be Hostels Barcelona: Reservas\" \/>\n<meta property=\"og:description\" content=\"Pol\u00edticas de Reservas y Cancelaciones en Be Hostels\" \/>\n<meta property=\"og:url\" content=\"https:\/\/behostels.com\/es\/reservas\/\" \/>\n<meta property=\"og:site_name\" content=\"Be Hostels\" \/>\n<meta property=\"article:modified_time\" content=\"2015-06-08T15:13:23+00:00\" \/>\n<meta property=\"og:image\" content=\"https:\/\/behostels.com\/wp-content\/uploads\/bye-04.png\" \/>\n<meta name=\"twitter:card\" content=\"summary_large_image\" \/>\n<meta name=\"twitter:label1\" content=\"Tiempo de lectura\" \/>\n\t<meta name=\"twitter:data1\" content=\"4 minutos\" \/>\n<script type=\"application\/ld+json\" class=\"yoast-schema-graph\">{\"@context\":\"https:\/\/schema.org\",\"@graph\":[{\"@type\":\"WebPage\",\"@id\":\"https:\/\/behostels.com\/es\/reservas\/\",\"url\":\"https:\/\/behostels.com\/es\/reservas\/\",\"name\":\"Be Hostels Barcelona: Reservas\",\"isPartOf\":{\"@id\":\"https:\/\/behostels.com\/es\/#website\"},\"primaryImageOfPage\":{\"@id\":\"https:\/\/behostels.com\/es\/reservas\/#primaryimage\"},\"image\":{\"@id\":\"https:\/\/behostels.com\/es\/reservas\/#primaryimage\"},\"thumbnailUrl\":\"https:\/\/behostels.com\/wp-content\/uploads\/bye-04.png\",\"datePublished\":\"2015-06-08T15:10:07+00:00\",\"dateModified\":\"2015-06-08T15:13:23+00:00\",\"description\":\"Pol\u00edticas de Reservas y Cancelaciones en Be Hostels\",\"breadcrumb\":{\"@id\":\"https:\/\/behostels.com\/es\/reservas\/#breadcrumb\"},\"inLanguage\":\"es\",\"potentialAction\":[{\"@type\":\"ReadAction\",\"target\":[\"https:\/\/behostels.com\/es\/reservas\/\"]}]},{\"@type\":\"ImageObject\",\"inLanguage\":\"es\",\"@id\":\"https:\/\/behostels.com\/es\/reservas\/#primaryimage\",\"url\":\"https:\/\/behostels.com\/wp-content\/uploads\/bye-04.png\",\"contentUrl\":\"https:\/\/behostels.com\/wp-content\/uploads\/bye-04.png\"},{\"@type\":\"BreadcrumbList\",\"@id\":\"https:\/\/behostels.com\/es\/reservas\/#breadcrumb\",\"itemListElement\":[{\"@type\":\"ListItem\",\"position\":1,\"name\":\"Home\",\"item\":\"https:\/\/behostels.com\/es\/\"},{\"@type\":\"ListItem\",\"position\":2,\"name\":\"Reservas en Be Hostels\"}]},{\"@type\":\"WebSite\",\"@id\":\"https:\/\/behostels.com\/es\/#website\",\"url\":\"https:\/\/behostels.com\/es\/\",\"name\":\"Be Hostels\",\"description\":\"\",\"publisher\":{\"@id\":\"https:\/\/behostels.com\/es\/#organization\"},\"potentialAction\":[{\"@type\":\"SearchAction\",\"target\":{\"@type\":\"EntryPoint\",\"urlTemplate\":\"https:\/\/behostels.com\/es\/?s={search_term_string}\"},\"query-input\":\"required name=search_term_string\"}],\"inLanguage\":\"es\"},{\"@type\":\"Organization\",\"@id\":\"https:\/\/behostels.com\/es\/#organization\",\"name\":\"Be Hostels\",\"url\":\"https:\/\/behostels.com\/es\/\",\"logo\":{\"@type\":\"ImageObject\",\"inLanguage\":\"es\",\"@id\":\"https:\/\/behostels.com\/es\/#\/schema\/logo\/image\/\",\"url\":\"https:\/\/behostels.com\/wp-content\/uploads\/2015\/06\/be_reservations_logo.jpg\",\"contentUrl\":\"https:\/\/behostels.com\/wp-content\/uploads\/2015\/06\/be_reservations_logo.jpg\",\"width\":130,\"height\":130,\"caption\":\"Be Hostels\"},\"image\":{\"@id\":\"https:\/\/behostels.com\/es\/#\/schema\/logo\/image\/\"}}]}<\/script>\n<!-- \/ Yoast SEO plugin. -->","yoast_head_json":{"title":"Be Hostels Barcelona: Reservas","description":"Pol\u00edticas de Reservas y Cancelaciones en Be Hostels","robots":{"index":"index","follow":"follow","max-snippet":"max-snippet:-1","max-image-preview":"max-image-preview:large","max-video-preview":"max-video-preview:-1"},"canonical":"https:\/\/behostels.com\/es\/reservas\/","og_locale":"es_ES","og_type":"article","og_title":"Be Hostels Barcelona: Reservas","og_description":"Pol\u00edticas de Reservas y Cancelaciones en Be Hostels","og_url":"https:\/\/behostels.com\/es\/reservas\/","og_site_name":"Be Hostels","article_modified_time":"2015-06-08T15:13:23+00:00","og_image":[{"url":"https:\/\/behostels.com\/wp-content\/uploads\/bye-04.png"}],"twitter_card":"summary_large_image","twitter_misc":{"Tiempo de lectura":"4 minutos"},"schema":{"@context":"https:\/\/schema.org","@graph":[{"@type":"WebPage","@id":"https:\/\/behostels.com\/es\/reservas\/","url":"https:\/\/behostels.com\/es\/reservas\/","name":"Be Hostels Barcelona: Reservas","isPartOf":{"@id":"https:\/\/behostels.com\/es\/#website"},"primaryImageOfPage":{"@id":"https:\/\/behostels.com\/es\/reservas\/#primaryimage"},"image":{"@id":"https:\/\/behostels.com\/es\/reservas\/#primaryimage"},"thumbnailUrl":"https:\/\/behostels.com\/wp-content\/uploads\/bye-04.png","datePublished":"2015-06-08T15:10:07+00:00","dateModified":"2015-06-08T15:13:23+00:00","description":"Pol\u00edticas de Reservas y Cancelaciones en Be Hostels","breadcrumb":{"@id":"https:\/\/behostels.com\/es\/reservas\/#breadcrumb"},"inLanguage":"es","potentialAction":[{"@type":"ReadAction","target":["https:\/\/behostels.com\/es\/reservas\/"]}]},{"@type":"ImageObject","inLanguage":"es","@id":"https:\/\/behostels.com\/es\/reservas\/#primaryimage","url":"https:\/\/behostels.com\/wp-content\/uploads\/bye-04.png","contentUrl":"https:\/\/behostels.com\/wp-content\/uploads\/bye-04.png"},{"@type":"BreadcrumbList","@id":"https:\/\/behostels.com\/es\/reservas\/#breadcrumb","itemListElement":[{"@type":"ListItem","position":1,"name":"Home","item":"https:\/\/behostels.com\/es\/"},{"@type":"ListItem","position":2,"name":"Reservas en Be Hostels"}]},{"@type":"WebSite","@id":"https:\/\/behostels.com\/es\/#website","url":"https:\/\/behostels.com\/es\/","name":"Be Hostels","description":"","publisher":{"@id":"https:\/\/behostels.com\/es\/#organization"},"potentialAction":[{"@type":"SearchAction","target":{"@type":"EntryPoint","urlTemplate":"https:\/\/behostels.com\/es\/?s={search_term_string}"},"query-input":"required name=search_term_string"}],"inLanguage":"es"},{"@type":"Organization","@id":"https:\/\/behostels.com\/es\/#organization","name":"Be Hostels","url":"https:\/\/behostels.com\/es\/","logo":{"@type":"ImageObject","inLanguage":"es","@id":"https:\/\/behostels.com\/es\/#\/schema\/logo\/image\/","url":"https:\/\/behostels.com\/wp-content\/uploads\/2015\/06\/be_reservations_logo.jpg","contentUrl":"https:\/\/behostels.com\/wp-content\/uploads\/2015\/06\/be_reservations_logo.jpg","width":130,"height":130,"caption":"Be Hostels"},"image":{"@id":"https:\/\/behostels.com\/es\/#\/schema\/logo\/image\/"}}]}},"_links":{"self":[{"href":"https:\/\/behostels.com\/es\/wp-json\/wp\/v2\/pages\/37"}],"collection":[{"href":"https:\/\/behostels.com\/es\/wp-json\/wp\/v2\/pages"}],"about":[{"href":"https:\/\/behostels.com\/es\/wp-json\/wp\/v2\/types\/page"}],"author":[{"embeddable":true,"href":"https:\/\/behostels.com\/es\/wp-json\/wp\/v2\/users\/1"}],"replies":[{"embeddable":true,"href":"https:\/\/behostels.com\/es\/wp-json\/wp\/v2\/comments?post=37"}],"version-history":[{"count":0,"href":"https:\/\/behostels.com\/es\/wp-json\/wp\/v2\/pages\/37\/revisions"}],"wp:attachment":[{"href":"https:\/\/behostels.com\/es\/wp-json\/wp\/v2\/media?parent=37"}],"curies":[{"name":"wp","href":"https:\/\/api.w.org\/{rel}","templated":true}]}}