{"id":341,"date":"2015-06-11T10:45:41","date_gmt":"2015-06-11T10:45:41","guid":{"rendered":"https:\/\/behostels.com\/?page_id=341"},"modified":"2015-07-27T10:07:33","modified_gmt":"2015-07-27T10:07:33","slug":"como-llegar","status":"publish","type":"page","link":"https:\/\/behostels.com\/es\/zaragoza\/como-llegar\/","title":{"rendered":"Como llegar a Be Hostel Zaragoza"},"content":{"rendered":"<h3>Be Zaragoza albergue est\u00e1 en la ciudad de Zaragoza, una ciudad siutada entre Barcelona y Madrid. El albergue se encuentra en la zona c\u00e9ntrica de la ciudad, en un antiguo edificio hist\u00f3rico, completamente reformado. La fachada cl\u00e1sica del edificio contrasta con el dise\u00f1o j\u00f3ven y moderno de su interior, que lo convierte en un lugar m\u00e1gico.<\/h3>\r\n\n<script type=\"widgetkit\/map\" data-id=\"wk-map69dd26ccc53f4\" data-class=\" uk-img-preserve\" data-style=\"width:auto;height:600px;\">\n    {\"width\":\"auto\",\"height\":\"600\",\"maptypeid\":\"roadmap\",\"maptypecontrol\":false,\"mapctrl\":true,\"zoom\":\"16\",\"marker\":\"3\",\"marker_icon\":\"\",\"markercluster\":false,\"popup_max_width\":\"400\",\"zoomwheel\":false,\"draggable\":false,\"directions\":false,\"disabledefaultui\":false,\"styler_invert_lightness\":false,\"styler_hue\":\"\",\"styler_saturation\":0,\"styler_lightness\":0,\"styler_gamma\":0,\"media\":true,\"image_width\":\"auto\",\"image_height\":\"auto\",\"media_align\":\"top\",\"media_width\":\"1-2\",\"media_breakpoint\":\"medium\",\"media_border\":\"none\",\"media_overlay\":\"none\",\"overlay_animation\":\"fade\",\"media_animation\":\"none\",\"title\":false,\"content\":true,\"social_buttons\":true,\"title_size\":\"h4\",\"text_align\":\"left\",\"link\":true,\"link_style\":\"button\",\"link_text\":\"Read more\",\"link_target\":false,\"class\":\"\",\"markers\":[{\"lat\":41.6576429,\"lng\":-0.8859076,\"icon\":\"\",\"title\":\"BE ZARAGOZA HOTEL BARCELONA\",\"content\":\"\\n<div class=\\\"uk-text-left\\\">\\n\\n    \\n    \\n    \\n    \\n        <div class=\\\"uk-margin\\\"><img decoding=\\\"async\\\" src=\\\"\\\/wp-content\\\/uploads\\\/2015\\\/06\\\/be-zaragoza-hostel.png\\\" style=\\\"height:36px ; width:auto;\\\"\\\/><br\\\/>\\n<p class=\\\"uk-text-small\\\">Calle Predicadores 70<br>\\n50003 \\u2013 Zaragoza, Spain<br>\\nTel: (+34) 976 282 043<br>\\ninfo@alberguezaragoza.com<br>\\n<\\\/p><\\\/div>\\n    \\n    \\n    \\n    \\n<\\\/div>\\n\"}],\"directionsText\":\"Get Directions\"}<\/script>\n\r\n<br>\r\n<div class=\"uk-grid\">\r\n<div class=\"uk-width-large-1-2 uk-width-medium-1-2 uk-width-small-1-1\">\r\n<ul>\r\n\t<li>A 2 minutos de la Plaza del Pilar<\/li>  \r\n    <li>A 2 minutos de la Zona \u201cCasco Viejo\u201d (zona de Marcha)<\/li>  \r\n    <li>Al lado del Rio Ebro<\/li>  \r\n    <li>En el centro de la ciudad<\/li> \r\n    <li>A 3 minutos del Tubo (Zona de Tapas)<\/li>\r\n\t\t<\/ul>\r\n<\/div>\r\n<div class=\"uk-width-large-1-2 uk-width-medium-1-2 uk-width-small-1-1\">\r\n<ul>\r\n    <li>A 10 minutos del recinto de la Expo<\/li>  \r\n    <li>A 10 minutos de la Universidad<\/li>\r\n    <li>A 5 minutos de la Plaza de Espa\u00f1a.<\/li>\r\n    <li>Situado en un edificio hist\u00f3rico<\/li>\r\n    <li>Todas las facilidades a tu alcance<\/li>\r\n<\/ul>\r\n<\/div>\r\n<\/div>\r\n<p>El Albergue de Zaragoza, est\u00e1 en el coraz\u00f3n de la ciudad, en el casco antiguo, forma parte muy importante del, y es uno de los edificios emblem\u00e1ticos de la ciudad.<\/p>\r\n\r\n<p>Est\u00e1 ubicado en un palacio renacentista del siglo XV, que fue morada del gran inquisidor de la Corona de Arag\u00f3n, Pedro de Arbues, que fue a su muerte fue declarado santo y tiene una capilla en la Catedral de Zaragoza \u00abLa Seo\u00bb.Se distingue por su monumentalidad y riqueza art\u00edstica, conjugando perfectamente este perfil con un alojamiento c\u00f3modo, moderno y sobretodo acogedor.<\/p>\r\n\r\n<h2 class=\"fantasy\">Como llegar al Albergue Zaragoza<\/h2>\r\n\n<div  data-uk-scrollspy=\"{target:'> div > [data-uk-scrollspy-cls]', delay:300}\">\n\n\n    \n    <div class=\"uk-grid uk-text-left uk-flex-middle\" data-uk-grid-match data-uk-margin=\"{cls:'uk-margin-top'}\">\n\n                <div class=\"uk-width-medium-1-3 uk-text-center uk-invisible\"  data-uk-scrollspy-cls=\"uk-animation-fade uk-invisible\">\n            <div class=\"uk-overlay uk-overlay-hover uk-border-circle\"><img decoding=\"async\" src=\"\/wp-content\/uploads\/2015\/07\/zaragozaBus2.jpg\" class=\"uk-border-circle uk-overlay-scale\" alt=\"Autobuses y Tren\"><div class=\"uk-overlay-panel uk-overlay-background uk-overlay-icon uk-overlay-fade\"><\/div><\/div>        <\/div>\n        \n                <div class=\"uk-width-medium-2-3 uk-invisible\"  data-uk-scrollspy-cls=\"uk-animation-slide-right uk-invisible\">\n            <div class=\"uk-panel uk-panel-space uk-width-1-1\">\n\n                \n                                <h3 class=\"uk-panel-title\">\n\n                                            Autobuses y Tren                    \n                    \n                <\/h3>\n                \n                                <div class=\"uk-margin\"><p>Se toma el bus numero 34, parando en Paseo Echegaray y caballero, 34. Tal como se baja del autob\u00fas hacia la derecha tomamos la primera calle a mano izquierda llamada Postigo del Ebro, vamos hasta el final de dicha calle para salir a Calle Predicadores, donde al girar a la izquierda nos encontramos en el numero 70. Frecuencia bus 34: laborables 6\/7 min, S\u00e1bados 7\/10 min, festivos 8\/12 min.<\/p><\/div>\n                \n                \n                \n            <\/div>\n        <\/div>\n        \n    <\/div>\n\n    \n\n    \n    <div class=\"uk-grid uk-text-left uk-flex-middle\" data-uk-grid-match data-uk-margin=\"{cls:'uk-margin-top'}\">\n\n                <div class=\"uk-width-medium-1-3 uk-text-center uk-float-right uk-flex-order-last-medium uk-invisible\"  data-uk-scrollspy-cls=\"uk-animation-fade uk-invisible\">\n            <div class=\"uk-overlay uk-overlay-hover uk-border-circle\"><img decoding=\"async\" src=\"\/wp-content\/uploads\/2015\/07\/Aeropuerto-de-Zaragoza1.jpg\" class=\"uk-border-circle uk-overlay-scale\" alt=\"Desde el Aeropuerto\"><div class=\"uk-overlay-panel uk-overlay-background uk-overlay-icon uk-overlay-fade\"><\/div><\/div>        <\/div>\n        \n                <div class=\"uk-width-medium-2-3 uk-invisible\"  data-uk-scrollspy-cls=\"uk-animation-slide-left uk-invisible\">\n            <div class=\"uk-panel uk-panel-space uk-width-1-1\">\n\n                \n                                <h3 class=\"uk-panel-title\">\n\n                                            Desde el Aeropuerto                    \n                    \n                <\/h3>\n                \n                                <div class=\"uk-margin\"><p>Se toma el autob\u00fas del aeropuerto hasta su \u00faltima parada en Paseo de Pamplona 19 y desde all\u00ed enfrente se toma el autob\u00fas n\u00famero 34 \u00f3 desde Plaza Para\u00edso el Autob\u00fas 23 ambos en direcci\u00f3n al centro y ambos paran en la parada de las murallas romanas de Zaragoza desde la cual justo enfrente empieza la calle Predicadores en cuyo N\u00famero 70 estamos nosotros.<\/p><\/div>\n                \n                \n                \n            <\/div>\n        <\/div>\n        \n    <\/div>\n\n    \n\n    \n    <div class=\"uk-grid uk-text-left uk-flex-middle\" data-uk-grid-match data-uk-margin=\"{cls:'uk-margin-top'}\">\n\n                <div class=\"uk-width-medium-1-3 uk-text-center uk-invisible\"  data-uk-scrollspy-cls=\"uk-animation-fade uk-invisible\">\n            <div class=\"uk-overlay uk-overlay-hover uk-border-circle\"><img decoding=\"async\" src=\"\/wp-content\/uploads\/2015\/07\/zaragoza_car1.jpg\" class=\"uk-border-circle uk-overlay-scale\" alt=\"En Coche\"><div class=\"uk-overlay-panel uk-overlay-background uk-overlay-icon uk-overlay-fade\"><\/div><\/div>        <\/div>\n        \n                <div class=\"uk-width-medium-2-3 uk-invisible\"  data-uk-scrollspy-cls=\"uk-animation-slide-right uk-invisible\">\n            <div class=\"uk-panel uk-panel-space uk-width-1-1\">\n\n                \n                                <h3 class=\"uk-panel-title\">\n\n                                            En Coche                    \n                    \n                <\/h3>\n                \n                                <div class=\"uk-margin\"><p>Pero si ven\u00eds en coche particular o autob\u00fas, es muy f\u00e1cil, estamos en la salida de la autopista \u201cPilar zona de Santiago\u201d, en la entrada natural de Zaragoza, solo ten\u00e9is que fijaros en la Basilica del Pilar e ir hacia ella, en el puente de entrada a Zaragoza, ver\u00e9is un indicador de la calle Predicadores, en el numero 7\u00ba os esperamos. Aparcar gratis los coches y autobuses tambi\u00e9n es f\u00e1cil, ya que hay un aparcamiento gratuito a tan solo 2 minutos. Y pod\u00e9is llegar hasta la propia puerta del albergue con el autob\u00fas y parar en ella.<\/p><\/div>\n                \n                \n                \n            <\/div>\n        <\/div>\n        \n    <\/div>\n\n    \n\n<\/div>\n","protected":false},"excerpt":{"rendered":"<p>Be Zaragoza albergue est\u00e1 en la ciudad de Zaragoza, una ciudad siutada entre Barcelona y Madrid. El albergue se encuentra en la zona c\u00e9ntrica de la ciudad, en un antiguo edificio hist\u00f3rico, completamente reformado. La fachada cl\u00e1sica del edificio contrasta con el dise\u00f1o j\u00f3ven y moderno de su interior, que lo convierte en un lugar [&hellip;]<\/p>\n","protected":false},"author":1,"featured_media":0,"parent":328,"menu_order":0,"comment_status":"closed","ping_status":"open","template":"","meta":{"footnotes":""},"yoast_head":"<!-- This site is optimized with the Yoast SEO plugin v22.7 - https:\/\/yoast.com\/wordpress\/plugins\/seo\/ -->\n<title>Como llegar<\/title>\n<meta name=\"robots\" content=\"index, follow, max-snippet:-1, max-image-preview:large, max-video-preview:-1\" \/>\n<link rel=\"canonical\" href=\"https:\/\/behostels.com\/es\/zaragoza\/como-llegar\/\" \/>\n<meta property=\"og:locale\" content=\"es_ES\" \/>\n<meta property=\"og:type\" content=\"article\" \/>\n<meta property=\"og:title\" content=\"Como llegar\" \/>\n<meta property=\"og:description\" content=\"Be Zaragoza albergue est\u00e1 en la ciudad de Zaragoza, una ciudad siutada entre Barcelona y Madrid. El albergue se encuentra en la zona c\u00e9ntrica de la ciudad, en un antiguo edificio hist\u00f3rico, completamente reformado. La fachada cl\u00e1sica del edificio contrasta con el dise\u00f1o j\u00f3ven y moderno de su interior, que lo convierte en un lugar [&hellip;]\" \/>\n<meta property=\"og:url\" content=\"https:\/\/behostels.com\/es\/zaragoza\/como-llegar\/\" \/>\n<meta property=\"og:site_name\" content=\"Be Hostels\" \/>\n<meta property=\"article:modified_time\" content=\"2015-07-27T10:07:33+00:00\" \/>\n<meta name=\"twitter:card\" content=\"summary_large_image\" \/>\n<meta name=\"twitter:label1\" content=\"Tiempo de lectura\" \/>\n\t<meta name=\"twitter:data1\" content=\"1 minuto\" \/>\n<script type=\"application\/ld+json\" class=\"yoast-schema-graph\">{\"@context\":\"https:\/\/schema.org\",\"@graph\":[{\"@type\":\"WebPage\",\"@id\":\"https:\/\/behostels.com\/es\/zaragoza\/como-llegar\/\",\"url\":\"https:\/\/behostels.com\/es\/zaragoza\/como-llegar\/\",\"name\":\"Como llegar\",\"isPartOf\":{\"@id\":\"https:\/\/behostels.com\/es\/#website\"},\"datePublished\":\"2015-06-11T10:45:41+00:00\",\"dateModified\":\"2015-07-27T10:07:33+00:00\",\"breadcrumb\":{\"@id\":\"https:\/\/behostels.com\/es\/zaragoza\/como-llegar\/#breadcrumb\"},\"inLanguage\":\"es\",\"potentialAction\":[{\"@type\":\"ReadAction\",\"target\":[\"https:\/\/behostels.com\/es\/zaragoza\/como-llegar\/\"]}]},{\"@type\":\"BreadcrumbList\",\"@id\":\"https:\/\/behostels.com\/es\/zaragoza\/como-llegar\/#breadcrumb\",\"itemListElement\":[{\"@type\":\"ListItem\",\"position\":1,\"name\":\"Home\",\"item\":\"https:\/\/behostels.com\/es\/\"},{\"@type\":\"ListItem\",\"position\":2,\"name\":\"Be Hostels Zaragoza, tu hostal cerca de la Plaza del Pilar\",\"item\":\"https:\/\/behostels.com\/es\/zaragoza\/\"},{\"@type\":\"ListItem\",\"position\":3,\"name\":\"Como llegar a Be Hostel Zaragoza\"}]},{\"@type\":\"WebSite\",\"@id\":\"https:\/\/behostels.com\/es\/#website\",\"url\":\"https:\/\/behostels.com\/es\/\",\"name\":\"Be Hostels\",\"description\":\"\",\"publisher\":{\"@id\":\"https:\/\/behostels.com\/es\/#organization\"},\"potentialAction\":[{\"@type\":\"SearchAction\",\"target\":{\"@type\":\"EntryPoint\",\"urlTemplate\":\"https:\/\/behostels.com\/es\/?s={search_term_string}\"},\"query-input\":\"required name=search_term_string\"}],\"inLanguage\":\"es\"},{\"@type\":\"Organization\",\"@id\":\"https:\/\/behostels.com\/es\/#organization\",\"name\":\"Be Hostels\",\"url\":\"https:\/\/behostels.com\/es\/\",\"logo\":{\"@type\":\"ImageObject\",\"inLanguage\":\"es\",\"@id\":\"https:\/\/behostels.com\/es\/#\/schema\/logo\/image\/\",\"url\":\"https:\/\/behostels.com\/wp-content\/uploads\/2015\/06\/be_reservations_logo.jpg\",\"contentUrl\":\"https:\/\/behostels.com\/wp-content\/uploads\/2015\/06\/be_reservations_logo.jpg\",\"width\":130,\"height\":130,\"caption\":\"Be Hostels\"},\"image\":{\"@id\":\"https:\/\/behostels.com\/es\/#\/schema\/logo\/image\/\"}}]}<\/script>\n<!-- \/ Yoast SEO plugin. -->","yoast_head_json":{"title":"Como llegar","robots":{"index":"index","follow":"follow","max-snippet":"max-snippet:-1","max-image-preview":"max-image-preview:large","max-video-preview":"max-video-preview:-1"},"canonical":"https:\/\/behostels.com\/es\/zaragoza\/como-llegar\/","og_locale":"es_ES","og_type":"article","og_title":"Como llegar","og_description":"Be Zaragoza albergue est\u00e1 en la ciudad de Zaragoza, una ciudad siutada entre Barcelona y Madrid. El albergue se encuentra en la zona c\u00e9ntrica de la ciudad, en un antiguo edificio hist\u00f3rico, completamente reformado. La fachada cl\u00e1sica del edificio contrasta con el dise\u00f1o j\u00f3ven y moderno de su interior, que lo convierte en un lugar [&hellip;]","og_url":"https:\/\/behostels.com\/es\/zaragoza\/como-llegar\/","og_site_name":"Be Hostels","article_modified_time":"2015-07-27T10:07:33+00:00","twitter_card":"summary_large_image","twitter_misc":{"Tiempo de lectura":"1 minuto"},"schema":{"@context":"https:\/\/schema.org","@graph":[{"@type":"WebPage","@id":"https:\/\/behostels.com\/es\/zaragoza\/como-llegar\/","url":"https:\/\/behostels.com\/es\/zaragoza\/como-llegar\/","name":"Como llegar","isPartOf":{"@id":"https:\/\/behostels.com\/es\/#website"},"datePublished":"2015-06-11T10:45:41+00:00","dateModified":"2015-07-27T10:07:33+00:00","breadcrumb":{"@id":"https:\/\/behostels.com\/es\/zaragoza\/como-llegar\/#breadcrumb"},"inLanguage":"es","potentialAction":[{"@type":"ReadAction","target":["https:\/\/behostels.com\/es\/zaragoza\/como-llegar\/"]}]},{"@type":"BreadcrumbList","@id":"https:\/\/behostels.com\/es\/zaragoza\/como-llegar\/#breadcrumb","itemListElement":[{"@type":"ListItem","position":1,"name":"Home","item":"https:\/\/behostels.com\/es\/"},{"@type":"ListItem","position":2,"name":"Be Hostels Zaragoza, tu hostal cerca de la Plaza del Pilar","item":"https:\/\/behostels.com\/es\/zaragoza\/"},{"@type":"ListItem","position":3,"name":"Como llegar a Be Hostel Zaragoza"}]},{"@type":"WebSite","@id":"https:\/\/behostels.com\/es\/#website","url":"https:\/\/behostels.com\/es\/","name":"Be Hostels","description":"","publisher":{"@id":"https:\/\/behostels.com\/es\/#organization"},"potentialAction":[{"@type":"SearchAction","target":{"@type":"EntryPoint","urlTemplate":"https:\/\/behostels.com\/es\/?s={search_term_string}"},"query-input":"required name=search_term_string"}],"inLanguage":"es"},{"@type":"Organization","@id":"https:\/\/behostels.com\/es\/#organization","name":"Be Hostels","url":"https:\/\/behostels.com\/es\/","logo":{"@type":"ImageObject","inLanguage":"es","@id":"https:\/\/behostels.com\/es\/#\/schema\/logo\/image\/","url":"https:\/\/behostels.com\/wp-content\/uploads\/2015\/06\/be_reservations_logo.jpg","contentUrl":"https:\/\/behostels.com\/wp-content\/uploads\/2015\/06\/be_reservations_logo.jpg","width":130,"height":130,"caption":"Be Hostels"},"image":{"@id":"https:\/\/behostels.com\/es\/#\/schema\/logo\/image\/"}}]}},"_links":{"self":[{"href":"https:\/\/behostels.com\/es\/wp-json\/wp\/v2\/pages\/341"}],"collection":[{"href":"https:\/\/behostels.com\/es\/wp-json\/wp\/v2\/pages"}],"about":[{"href":"https:\/\/behostels.com\/es\/wp-json\/wp\/v2\/types\/page"}],"author":[{"embeddable":true,"href":"https:\/\/behostels.com\/es\/wp-json\/wp\/v2\/users\/1"}],"replies":[{"embeddable":true,"href":"https:\/\/behostels.com\/es\/wp-json\/wp\/v2\/comments?post=341"}],"version-history":[{"count":0,"href":"https:\/\/behostels.com\/es\/wp-json\/wp\/v2\/pages\/341\/revisions"}],"up":[{"embeddable":true,"href":"https:\/\/behostels.com\/es\/wp-json\/wp\/v2\/pages\/328"}],"wp:attachment":[{"href":"https:\/\/behostels.com\/es\/wp-json\/wp\/v2\/media?parent=341"}],"curies":[{"name":"wp","href":"https:\/\/api.w.org\/{rel}","templated":true}]}}