{"id":328,"date":"2015-06-10T14:41:49","date_gmt":"2015-06-10T14:41:49","guid":{"rendered":"https:\/\/behostels.com\/?page_id=328"},"modified":"2015-12-08T00:03:47","modified_gmt":"2015-12-08T00:03:47","slug":"zaragoza","status":"publish","type":"page","link":"https:\/\/behostels.com\/es\/zaragoza\/","title":{"rendered":"Be Hostels Zaragoza, tu hostal cerca de la Plaza del Pilar"},"content":{"rendered":"<div class=\"uk-grid\">\r\n<div class=\"uk-width-large-1-2 uk-width-medium-1-2 uk-width-small-1-1\">\r\n<h2><strong>Zaragoza<\/strong> es una ciudad importante entre Madrid y Barcelona con muchos atractivos tur\u00edsticos en cultura, gastronom\u00eda, estilo de vida e hist\u00f3ricos. Be Zaragoza Hostel te invita a disfrutar de esta ciudad.\r\n<\/h2>\r\n\t<\/div>\r\n<div class=\"uk-width-large-1-2 uk-width-medium-1-2 uk-width-small-1-1\">\r\n\t<a href=\"https:\/\/behostels.com\/wp-content\/uploads\/2015\/11\/zaragozamap.jpg\"><img loading=\"lazy\" decoding=\"async\" width=\"460\" height=\"300\" src=\"https:\/\/behostels.com\/wp-content\/uploads\/2015\/11\/zaragozamap.jpg\" alt=\"zaragozamap\" class=\"alignnone size-full wp-image-3201\" srcset=\"https:\/\/behostels.com\/wp-content\/uploads\/2015\/11\/zaragozamap.jpg 460w, https:\/\/behostels.com\/wp-content\/uploads\/2015\/11\/zaragozamap-300x196.jpg 300w\" sizes=\"(max-width: 460px) 100vw, 460px\" \/><\/a>\r\n<\/div>\r\n<\/div>\r\n<p>La situaci\u00f3n de <a href=\"http:\/\/www.behostels.com\/zaragoza\" title=\"Be Zaragoza Hostel\">Be Hostal Zaragoza<\/a> es optima para facilitar el disfrute de la ciudad hist\u00f3rica, <strong>cerca de Plaza del Pilar<\/strong>.\r\n<\/p>\r\n\r\n<p>Pero no todo es la situaci\u00f3n. En el s\u00f3tano se puede apreciar obras de teatro locales, conciertos, shows y mas, completamente gratis.\r\nEl hostal esta ubicado en un palacio renacentista del siglo 15 decorado de la \u00e9poca y habilitado en la actualidad para comodidad de nuestros hu\u00e9spedes y con el personal apropiado.<\/p>\r\n\n\n<div id=\"wk-grid762\" class=\"uk-grid-width-1-1 uk-grid-width-medium-1-3 uk-grid uk-grid-match uk-grid-medium uk-text-center \" data-uk-grid-match=\"{target:'> div > .uk-panel', row:true}\" data-uk-grid-margin  data-uk-scrollspy=\"{cls:'uk-animation-fade uk-invisible', target:'> div > .uk-panel', delay:300}\">\n\n\n    <div>\n        <div class=\"uk-panel uk-invisible\">\n\n            \n            \n                        <div class=\"uk-text-center uk-panel-teaser\"><div class=\"uk-overlay uk-overlay-hover uk-border-circle\"><img loading=\"lazy\" decoding=\"async\" src=\"\/wp-content\/uploads\/2015\/07\/discover-zaragoza.jpg\" class=\"uk-border-circle uk-overlay-scale\" alt=\"Descubre Zaragoza\" width=\"600\" height=\"600\"><div class=\"uk-overlay-panel uk-overlay-background uk-overlay-icon uk-overlay-fade\"><\/div><a class=\"uk-position-cover\" href=\"http:\/\/behostels.com\/es\/zaragoza\/como-llegar\/\" title=\"Descubre Zaragoza\"><\/a><\/div><\/div>\n            \n            \n            \n            \n            \n                        <div class=\"uk-margin\">Descubre Zaragoza<\/div>\n            \n            \n            \n            \n        <\/div>\n    <\/div>\n\n\n    <div>\n        <div class=\"uk-panel uk-invisible\">\n\n            \n            \n                        <div class=\"uk-text-center uk-panel-teaser\"><div class=\"uk-overlay uk-overlay-hover uk-border-circle\"><img loading=\"lazy\" decoding=\"async\" src=\"\/wp-content\/uploads\/2015\/07\/zaragoza-concerts.jpg\" class=\"uk-border-circle uk-overlay-scale\" alt=\"\u00danete a nuestros conciertos y eventos!\" width=\"600\" height=\"600\"><div class=\"uk-overlay-panel uk-overlay-background uk-overlay-icon uk-overlay-fade\"><\/div><a class=\"uk-position-cover\" href=\"http:\/\/behostels.com\/es\/zaragoza\/servicios\/\" title=\"\u00danete a nuestros conciertos y eventos!\"><\/a><\/div><\/div>\n            \n            \n            \n            \n            \n                        <div class=\"uk-margin\">\u00danete a nuestros conciertos y eventos!<\/div>\n            \n            \n            \n            \n        <\/div>\n    <\/div>\n\n\n    <div>\n        <div class=\"uk-panel uk-invisible\">\n\n            \n            \n                        <div class=\"uk-text-center uk-panel-teaser\"><div class=\"uk-overlay uk-overlay-hover uk-border-circle\"><img loading=\"lazy\" decoding=\"async\" src=\"\/wp-content\/uploads\/2015\/07\/historic-building.jpg\" class=\"uk-border-circle uk-overlay-scale\" alt=\"Edificio hist\u00f3rico de 1500\" width=\"600\" height=\"600\"><div class=\"uk-overlay-panel uk-overlay-background uk-overlay-icon uk-overlay-fade\"><\/div><a class=\"uk-position-cover\" href=\"http:\/\/behostels.com\/es\/zaragoza\/como-llegar\/\" title=\"Edificio hist\u00f3rico de 1500\"><\/a><\/div><\/div>\n            \n            \n            \n            \n            \n                        <div class=\"uk-margin\">Edificio hist\u00f3rico de 1500<\/div>\n            \n            \n            \n            \n        <\/div>\n    <\/div>\n\n\n<\/div>\n\n<script>\n(function($){\n\n    \/\/ get the images of the gallery and replace it by a canvas of the same size to fix the problem with overlapping images on load.\n    $('img[width][height]:not(.uk-overlay-panel)', $('#wk-grid762')).each(function() {\n\n        var $img = $(this);\n\n        if (this.width == 'auto' || this.height == 'auto' || !$img.is(':visible')) {\n            return;\n        }\n\n        var $canvas = $('<canvas class=\"uk-responsive-width\"><\/canvas>').attr({width:$img.attr('width'), height:$img.attr('height')}),\n            img = new Image,\n            release = function() {\n                $canvas.remove();\n                $img.css('display', '');\n                release = function(){};\n            };\n\n        $img.css('display', 'none').after($canvas);\n\n        $(img).on('load', function(){ release(); });\n        setTimeout(function(){ release(); }, 1000);\n\n        img.src = this.src;\n\n    });\n\n})(jQuery);\n<\/script>\n\r\n<h3 class=\"fantasy\">El placer de hospedarse en <a href=\"http:\/\/www.behostels.com\/zaragoza\" title=\"Be Zaragoza Hostel\">Be Hostel Zaragoza <\/a>incluye:<\/h3>\r\n<div class=\"uk-grid\">\r\n<div class=\"uk-width-large-1-2 uk-width-medium-1-2 uk-width-small-1-1\">\r\n<ul>\r\n    <li>Armario personal con cerradura magn\u00e9tica gratis.<\/li>\r\n    <li>Edred\u00f3n gratis.<\/li>\r\n    <li>Internet gratis<\/li>\r\n    <li>Wifi Gratis<\/li>\r\n    <li>Mapas de la ciudad gratis.<\/li>\r\n    <li>Sala de estar con Televisi\u00f3n y DVD.<\/li>\r\n    <li>Juegos de mesa.<\/li>\r\n    <li>Alquiler de Sabanas y Toallas.<\/li>\r\n    <li>Servicio de lavander\u00eda.<\/li>\r\n<\/ul>\r\n<\/div>\r\n<div class=\"uk-width-large-1-2 uk-width-medium-1-2 uk-width-small-1-1\">\r\n<ul>\r\n    <li>Todo tipo de maquinas de comida y bebida.<\/li>\r\n    <li>Todo tipo de actividades de ocio y aventura<\/li>\r\n    <li>Descuentos en los teatros de Zaragoza<\/li>\r\n    <li>Conciertos y reuniones literarias<\/li>\r\n    <li>Exposiciones<\/li>\r\n    <li>Cenas Teatralizadas<\/li>\r\n    <li>Descuentos en Fiestas DJ\u2019s<\/li>\r\n    <li>Jam session<\/li>\r\n<\/ul>\r\n<\/div>\r\n<\/div>\r\n\r\n<div class=\"uk-margin-large-top uk-text-center\"En <a href=\"http:\/\/www.behostels.com\/zaragoza\" title=\"Be Zaragoza Hostel\"><strong>Be Hostels Zaragoza<\/strong><\/a> nos esmeramos en hacerte sentir como en casa para que vuelvas al <a href=\"http:\/\/www.behostels.com\/zaragoza\" title=\"Be Zaragoza Hostel\"><strong>hostal de Zaragoza<\/strong><\/a>.<\/div>","protected":false},"excerpt":{"rendered":"<p>Zaragoza es una ciudad importante entre Madrid y Barcelona con muchos atractivos tur\u00edsticos en cultura, gastronom\u00eda, estilo de vida e hist\u00f3ricos. Be Zaragoza Hostel te invita a disfrutar de esta ciudad. La situaci\u00f3n de Be Hostal Zaragoza es optima para facilitar el disfrute de la ciudad hist\u00f3rica, cerca de Plaza del Pilar. Pero no todo [&hellip;]<\/p>\n","protected":false},"author":1,"featured_media":0,"parent":0,"menu_order":0,"comment_status":"closed","ping_status":"open","template":"","meta":{"footnotes":""},"yoast_head":"<!-- This site is optimized with the Yoast SEO plugin v22.7 - https:\/\/yoast.com\/wordpress\/plugins\/seo\/ -->\n<title>Alojamiento en Be Zaragoza Hostel<\/title>\n<meta name=\"description\" content=\"Alojate en Be Zaragoza y disfrutar\u00e1s de Zaragoza y de nuestro Be Zaragoza Hostel\" \/>\n<meta name=\"robots\" content=\"index, follow, max-snippet:-1, max-image-preview:large, max-video-preview:-1\" \/>\n<link rel=\"canonical\" href=\"https:\/\/behostels.com\/es\/zaragoza\/\" \/>\n<meta property=\"og:locale\" content=\"es_ES\" \/>\n<meta property=\"og:type\" content=\"article\" \/>\n<meta property=\"og:title\" content=\"Alojamiento en Be Zaragoza Hostel\" \/>\n<meta property=\"og:description\" content=\"Alojate en Be Zaragoza y disfrutar\u00e1s de Zaragoza y de nuestro Be Zaragoza Hostel\" \/>\n<meta property=\"og:url\" content=\"https:\/\/behostels.com\/es\/zaragoza\/\" \/>\n<meta property=\"og:site_name\" content=\"Be Hostels\" \/>\n<meta property=\"article:modified_time\" content=\"2015-12-08T00:03:47+00:00\" \/>\n<meta property=\"og:image\" content=\"https:\/\/behostels.com\/wp-content\/uploads\/2015\/11\/zaragozamap.jpg\" \/>\n<meta name=\"twitter:card\" content=\"summary_large_image\" \/>\n<meta name=\"twitter:label1\" content=\"Tiempo de lectura\" \/>\n\t<meta name=\"twitter:data1\" content=\"1 minuto\" \/>\n<script type=\"application\/ld+json\" class=\"yoast-schema-graph\">{\"@context\":\"https:\/\/schema.org\",\"@graph\":[{\"@type\":\"WebPage\",\"@id\":\"https:\/\/behostels.com\/es\/zaragoza\/\",\"url\":\"https:\/\/behostels.com\/es\/zaragoza\/\",\"name\":\"Alojamiento en Be Zaragoza Hostel\",\"isPartOf\":{\"@id\":\"https:\/\/behostels.com\/es\/#website\"},\"primaryImageOfPage\":{\"@id\":\"https:\/\/behostels.com\/es\/zaragoza\/#primaryimage\"},\"image\":{\"@id\":\"https:\/\/behostels.com\/es\/zaragoza\/#primaryimage\"},\"thumbnailUrl\":\"https:\/\/behostels.com\/wp-content\/uploads\/2015\/11\/zaragozamap.jpg\",\"datePublished\":\"2015-06-10T14:41:49+00:00\",\"dateModified\":\"2015-12-08T00:03:47+00:00\",\"description\":\"Alojate en Be Zaragoza y disfrutar\u00e1s de Zaragoza y de nuestro Be Zaragoza Hostel\",\"breadcrumb\":{\"@id\":\"https:\/\/behostels.com\/es\/zaragoza\/#breadcrumb\"},\"inLanguage\":\"es\",\"potentialAction\":[{\"@type\":\"ReadAction\",\"target\":[\"https:\/\/behostels.com\/es\/zaragoza\/\"]}]},{\"@type\":\"ImageObject\",\"inLanguage\":\"es\",\"@id\":\"https:\/\/behostels.com\/es\/zaragoza\/#primaryimage\",\"url\":\"https:\/\/behostels.com\/wp-content\/uploads\/2015\/11\/zaragozamap.jpg\",\"contentUrl\":\"https:\/\/behostels.com\/wp-content\/uploads\/2015\/11\/zaragozamap.jpg\"},{\"@type\":\"BreadcrumbList\",\"@id\":\"https:\/\/behostels.com\/es\/zaragoza\/#breadcrumb\",\"itemListElement\":[{\"@type\":\"ListItem\",\"position\":1,\"name\":\"Home\",\"item\":\"https:\/\/behostels.com\/es\/\"},{\"@type\":\"ListItem\",\"position\":2,\"name\":\"Be Hostels Zaragoza, tu hostal cerca de la Plaza del Pilar\"}]},{\"@type\":\"WebSite\",\"@id\":\"https:\/\/behostels.com\/es\/#website\",\"url\":\"https:\/\/behostels.com\/es\/\",\"name\":\"Be Hostels\",\"description\":\"\",\"publisher\":{\"@id\":\"https:\/\/behostels.com\/es\/#organization\"},\"potentialAction\":[{\"@type\":\"SearchAction\",\"target\":{\"@type\":\"EntryPoint\",\"urlTemplate\":\"https:\/\/behostels.com\/es\/?s={search_term_string}\"},\"query-input\":\"required name=search_term_string\"}],\"inLanguage\":\"es\"},{\"@type\":\"Organization\",\"@id\":\"https:\/\/behostels.com\/es\/#organization\",\"name\":\"Be Hostels\",\"url\":\"https:\/\/behostels.com\/es\/\",\"logo\":{\"@type\":\"ImageObject\",\"inLanguage\":\"es\",\"@id\":\"https:\/\/behostels.com\/es\/#\/schema\/logo\/image\/\",\"url\":\"https:\/\/behostels.com\/wp-content\/uploads\/2015\/06\/be_reservations_logo.jpg\",\"contentUrl\":\"https:\/\/behostels.com\/wp-content\/uploads\/2015\/06\/be_reservations_logo.jpg\",\"width\":130,\"height\":130,\"caption\":\"Be Hostels\"},\"image\":{\"@id\":\"https:\/\/behostels.com\/es\/#\/schema\/logo\/image\/\"}}]}<\/script>\n<!-- \/ Yoast SEO plugin. -->","yoast_head_json":{"title":"Alojamiento en Be Zaragoza Hostel","description":"Alojate en Be Zaragoza y disfrutar\u00e1s de Zaragoza y de nuestro Be Zaragoza Hostel","robots":{"index":"index","follow":"follow","max-snippet":"max-snippet:-1","max-image-preview":"max-image-preview:large","max-video-preview":"max-video-preview:-1"},"canonical":"https:\/\/behostels.com\/es\/zaragoza\/","og_locale":"es_ES","og_type":"article","og_title":"Alojamiento en Be Zaragoza Hostel","og_description":"Alojate en Be Zaragoza y disfrutar\u00e1s de Zaragoza y de nuestro Be Zaragoza Hostel","og_url":"https:\/\/behostels.com\/es\/zaragoza\/","og_site_name":"Be Hostels","article_modified_time":"2015-12-08T00:03:47+00:00","og_image":[{"url":"https:\/\/behostels.com\/wp-content\/uploads\/2015\/11\/zaragozamap.jpg"}],"twitter_card":"summary_large_image","twitter_misc":{"Tiempo de lectura":"1 minuto"},"schema":{"@context":"https:\/\/schema.org","@graph":[{"@type":"WebPage","@id":"https:\/\/behostels.com\/es\/zaragoza\/","url":"https:\/\/behostels.com\/es\/zaragoza\/","name":"Alojamiento en Be Zaragoza Hostel","isPartOf":{"@id":"https:\/\/behostels.com\/es\/#website"},"primaryImageOfPage":{"@id":"https:\/\/behostels.com\/es\/zaragoza\/#primaryimage"},"image":{"@id":"https:\/\/behostels.com\/es\/zaragoza\/#primaryimage"},"thumbnailUrl":"https:\/\/behostels.com\/wp-content\/uploads\/2015\/11\/zaragozamap.jpg","datePublished":"2015-06-10T14:41:49+00:00","dateModified":"2015-12-08T00:03:47+00:00","description":"Alojate en Be Zaragoza y disfrutar\u00e1s de Zaragoza y de nuestro Be Zaragoza Hostel","breadcrumb":{"@id":"https:\/\/behostels.com\/es\/zaragoza\/#breadcrumb"},"inLanguage":"es","potentialAction":[{"@type":"ReadAction","target":["https:\/\/behostels.com\/es\/zaragoza\/"]}]},{"@type":"ImageObject","inLanguage":"es","@id":"https:\/\/behostels.com\/es\/zaragoza\/#primaryimage","url":"https:\/\/behostels.com\/wp-content\/uploads\/2015\/11\/zaragozamap.jpg","contentUrl":"https:\/\/behostels.com\/wp-content\/uploads\/2015\/11\/zaragozamap.jpg"},{"@type":"BreadcrumbList","@id":"https:\/\/behostels.com\/es\/zaragoza\/#breadcrumb","itemListElement":[{"@type":"ListItem","position":1,"name":"Home","item":"https:\/\/behostels.com\/es\/"},{"@type":"ListItem","position":2,"name":"Be Hostels Zaragoza, tu hostal cerca de la Plaza del Pilar"}]},{"@type":"WebSite","@id":"https:\/\/behostels.com\/es\/#website","url":"https:\/\/behostels.com\/es\/","name":"Be Hostels","description":"","publisher":{"@id":"https:\/\/behostels.com\/es\/#organization"},"potentialAction":[{"@type":"SearchAction","target":{"@type":"EntryPoint","urlTemplate":"https:\/\/behostels.com\/es\/?s={search_term_string}"},"query-input":"required name=search_term_string"}],"inLanguage":"es"},{"@type":"Organization","@id":"https:\/\/behostels.com\/es\/#organization","name":"Be Hostels","url":"https:\/\/behostels.com\/es\/","logo":{"@type":"ImageObject","inLanguage":"es","@id":"https:\/\/behostels.com\/es\/#\/schema\/logo\/image\/","url":"https:\/\/behostels.com\/wp-content\/uploads\/2015\/06\/be_reservations_logo.jpg","contentUrl":"https:\/\/behostels.com\/wp-content\/uploads\/2015\/06\/be_reservations_logo.jpg","width":130,"height":130,"caption":"Be Hostels"},"image":{"@id":"https:\/\/behostels.com\/es\/#\/schema\/logo\/image\/"}}]}},"_links":{"self":[{"href":"https:\/\/behostels.com\/es\/wp-json\/wp\/v2\/pages\/328"}],"collection":[{"href":"https:\/\/behostels.com\/es\/wp-json\/wp\/v2\/pages"}],"about":[{"href":"https:\/\/behostels.com\/es\/wp-json\/wp\/v2\/types\/page"}],"author":[{"embeddable":true,"href":"https:\/\/behostels.com\/es\/wp-json\/wp\/v2\/users\/1"}],"replies":[{"embeddable":true,"href":"https:\/\/behostels.com\/es\/wp-json\/wp\/v2\/comments?post=328"}],"version-history":[{"count":0,"href":"https:\/\/behostels.com\/es\/wp-json\/wp\/v2\/pages\/328\/revisions"}],"wp:attachment":[{"href":"https:\/\/behostels.com\/es\/wp-json\/wp\/v2\/media?parent=328"}],"curies":[{"name":"wp","href":"https:\/\/api.w.org\/{rel}","templated":true}]}}