{"id":313,"date":"2015-06-10T14:25:38","date_gmt":"2015-06-10T14:25:38","guid":{"rendered":"https:\/\/behostels.com\/?page_id=313"},"modified":"2015-12-07T23:30:27","modified_gmt":"2015-12-07T23:30:27","slug":"servicios","status":"publish","type":"page","link":"https:\/\/behostels.com\/es\/ramblas\/servicios\/","title":{"rendered":"Barcelona Ramblas Hotel Servicios"},"content":{"rendered":"<h2 class=\"fantasy\">Todas las actividades mejores y gratis se pueden encontrar en <a href=\"http:\/\/www.behostels.com\" class=\"invisible\">Be Ramblas Hotel<\/a> para disfrutar de su estancia en Barcelona! S\u00f3lo con hacer el check-in en el hotel nuestros viajeros dispondr\u00e1n de:<\/h2>\r\n<div class=\"uk-grid\">\r\n<div class=\"uk-width-large-1-2 uk-width-medium-1-2 uk-width-small-1-1\">\r\n<ul>\r\n   <li>Tour a pie Gratis<\/li>\r\n   <li> Conexi\u00f3n a internet gratis en los ordenadores<\/li>\r\n   <li> Wifi Gratis<\/li>\r\n   <li> Mapas Gratis<\/li>\r\n   <li> Cocina disponible para los viajeros<\/li>\r\n   <li> Recepci\u00f3n abierta 24 horas<\/li>\r\n   <li> Sala com\u00fan genial<\/li>\r\n<\/ul>\r\n<\/div>\r\n<div class=\"uk-width-large-1-2 uk-width-medium-1-2 uk-width-small-1-1\">\r\n<ul>\r\n    <li> Aire acondicionado y calefacci\u00f3n<\/li>\r\n<li> Actividades organizadas cada dia: tapas y flamenco, tours culturales, Pub Crawls, ect..<\/li>\r\n<li> Recepcionistas internacionales y locales dispuestos a ayudarte siempre<\/li>\r\n<li>  Taquillas para dejar las maletas despu\u00e9s de la salida<\/li>\r\n\t<\/ul>\r\n<\/div>\r\n<\/div>\r\n<br \/>\r\n<br \/>\r\n<iframe loading=\"lazy\" width=\"920\" height=\"600\" frameborder=\"0\" scrolling=\"no\" marginheight=\"0\" marginwidth=\"0\" src=\"https:\/\/www.google.es\/maps?layer=c&amp;sll=41.37755000000001,2.172612&amp;cid=-3426556670947118056&amp;panoid=bvfH1JYdJHcAAAAGOixlwg&amp;cbp=13,324.81,,0,0&amp;q=be+ramblas&amp;ie=UTF8&amp;hq=be+ramblas&amp;hnear=&amp;t=m&amp;cbll=41.377549,2.172486&amp;source=embed&amp;ll=41.373532,2.173769&amp;spn=0.009661,0.019741&amp;z=16&amp;output=svembed\"><\/iframe><br \/>","protected":false},"excerpt":{"rendered":"<p>Todas las actividades mejores y gratis se pueden encontrar en Be Ramblas Hotel para disfrutar de su estancia en Barcelona! S\u00f3lo con hacer el check-in en el hotel nuestros viajeros dispondr\u00e1n de: Tour a pie Gratis Conexi\u00f3n a internet gratis en los ordenadores Wifi Gratis Mapas Gratis Cocina disponible para los viajeros Recepci\u00f3n abierta 24 [&hellip;]<\/p>\n","protected":false},"author":1,"featured_media":0,"parent":267,"menu_order":0,"comment_status":"closed","ping_status":"closed","template":"","meta":{"footnotes":""},"yoast_head":"<!-- This site is optimized with the Yoast SEO plugin v22.7 - https:\/\/yoast.com\/wordpress\/plugins\/seo\/ -->\n<title>Barcelona Ramblas Hotel Servicios - Be Hostels<\/title>\n<meta name=\"description\" content=\"Puedes encontrar todo lo que necesitas en Be Ramblas Hotel en Barcelona!\" \/>\n<meta name=\"robots\" content=\"index, follow, max-snippet:-1, max-image-preview:large, max-video-preview:-1\" \/>\n<link rel=\"canonical\" href=\"https:\/\/behostels.com\/es\/ramblas\/servicios\/\" \/>\n<meta property=\"og:locale\" content=\"es_ES\" \/>\n<meta property=\"og:type\" content=\"article\" \/>\n<meta property=\"og:title\" content=\"Barcelona Ramblas Hotel Servicios - Be Hostels\" \/>\n<meta property=\"og:description\" content=\"Puedes encontrar todo lo que necesitas en Be Ramblas Hotel en Barcelona!\" \/>\n<meta property=\"og:url\" content=\"https:\/\/behostels.com\/es\/ramblas\/servicios\/\" \/>\n<meta property=\"og:site_name\" content=\"Be Hostels\" \/>\n<meta property=\"article:modified_time\" content=\"2015-12-07T23:30:27+00:00\" \/>\n<meta name=\"twitter:card\" content=\"summary_large_image\" \/>\n<script type=\"application\/ld+json\" class=\"yoast-schema-graph\">{\"@context\":\"https:\/\/schema.org\",\"@graph\":[{\"@type\":\"WebPage\",\"@id\":\"https:\/\/behostels.com\/es\/ramblas\/servicios\/\",\"url\":\"https:\/\/behostels.com\/es\/ramblas\/servicios\/\",\"name\":\"Barcelona Ramblas Hotel Servicios - Be Hostels\",\"isPartOf\":{\"@id\":\"https:\/\/behostels.com\/es\/#website\"},\"datePublished\":\"2015-06-10T14:25:38+00:00\",\"dateModified\":\"2015-12-07T23:30:27+00:00\",\"description\":\"Puedes encontrar todo lo que necesitas en Be Ramblas Hotel en Barcelona!\",\"breadcrumb\":{\"@id\":\"https:\/\/behostels.com\/es\/ramblas\/servicios\/#breadcrumb\"},\"inLanguage\":\"es\",\"potentialAction\":[{\"@type\":\"ReadAction\",\"target\":[\"https:\/\/behostels.com\/es\/ramblas\/servicios\/\"]}]},{\"@type\":\"BreadcrumbList\",\"@id\":\"https:\/\/behostels.com\/es\/ramblas\/servicios\/#breadcrumb\",\"itemListElement\":[{\"@type\":\"ListItem\",\"position\":1,\"name\":\"Home\",\"item\":\"https:\/\/behostels.com\/es\/\"},{\"@type\":\"ListItem\",\"position\":2,\"name\":\"Un hostal econ\u00f3mico en todo el centro de Barcelona: Be Ramblas Hostal Barcelona\",\"item\":\"https:\/\/behostels.com\/es\/ramblas\/\"},{\"@type\":\"ListItem\",\"position\":3,\"name\":\"Barcelona Ramblas Hotel Servicios\"}]},{\"@type\":\"WebSite\",\"@id\":\"https:\/\/behostels.com\/es\/#website\",\"url\":\"https:\/\/behostels.com\/es\/\",\"name\":\"Be Hostels\",\"description\":\"\",\"publisher\":{\"@id\":\"https:\/\/behostels.com\/es\/#organization\"},\"potentialAction\":[{\"@type\":\"SearchAction\",\"target\":{\"@type\":\"EntryPoint\",\"urlTemplate\":\"https:\/\/behostels.com\/es\/?s={search_term_string}\"},\"query-input\":\"required name=search_term_string\"}],\"inLanguage\":\"es\"},{\"@type\":\"Organization\",\"@id\":\"https:\/\/behostels.com\/es\/#organization\",\"name\":\"Be Hostels\",\"url\":\"https:\/\/behostels.com\/es\/\",\"logo\":{\"@type\":\"ImageObject\",\"inLanguage\":\"es\",\"@id\":\"https:\/\/behostels.com\/es\/#\/schema\/logo\/image\/\",\"url\":\"https:\/\/behostels.com\/wp-content\/uploads\/2015\/06\/be_reservations_logo.jpg\",\"contentUrl\":\"https:\/\/behostels.com\/wp-content\/uploads\/2015\/06\/be_reservations_logo.jpg\",\"width\":130,\"height\":130,\"caption\":\"Be Hostels\"},\"image\":{\"@id\":\"https:\/\/behostels.com\/es\/#\/schema\/logo\/image\/\"}}]}<\/script>\n<!-- \/ Yoast SEO plugin. -->","yoast_head_json":{"title":"Barcelona Ramblas Hotel Servicios - Be Hostels","description":"Puedes encontrar todo lo que necesitas en Be Ramblas Hotel en Barcelona!","robots":{"index":"index","follow":"follow","max-snippet":"max-snippet:-1","max-image-preview":"max-image-preview:large","max-video-preview":"max-video-preview:-1"},"canonical":"https:\/\/behostels.com\/es\/ramblas\/servicios\/","og_locale":"es_ES","og_type":"article","og_title":"Barcelona Ramblas Hotel Servicios - Be Hostels","og_description":"Puedes encontrar todo lo que necesitas en Be Ramblas Hotel en Barcelona!","og_url":"https:\/\/behostels.com\/es\/ramblas\/servicios\/","og_site_name":"Be Hostels","article_modified_time":"2015-12-07T23:30:27+00:00","twitter_card":"summary_large_image","schema":{"@context":"https:\/\/schema.org","@graph":[{"@type":"WebPage","@id":"https:\/\/behostels.com\/es\/ramblas\/servicios\/","url":"https:\/\/behostels.com\/es\/ramblas\/servicios\/","name":"Barcelona Ramblas Hotel Servicios - Be Hostels","isPartOf":{"@id":"https:\/\/behostels.com\/es\/#website"},"datePublished":"2015-06-10T14:25:38+00:00","dateModified":"2015-12-07T23:30:27+00:00","description":"Puedes encontrar todo lo que necesitas en Be Ramblas Hotel en Barcelona!","breadcrumb":{"@id":"https:\/\/behostels.com\/es\/ramblas\/servicios\/#breadcrumb"},"inLanguage":"es","potentialAction":[{"@type":"ReadAction","target":["https:\/\/behostels.com\/es\/ramblas\/servicios\/"]}]},{"@type":"BreadcrumbList","@id":"https:\/\/behostels.com\/es\/ramblas\/servicios\/#breadcrumb","itemListElement":[{"@type":"ListItem","position":1,"name":"Home","item":"https:\/\/behostels.com\/es\/"},{"@type":"ListItem","position":2,"name":"Un hostal econ\u00f3mico en todo el centro de Barcelona: Be Ramblas Hostal Barcelona","item":"https:\/\/behostels.com\/es\/ramblas\/"},{"@type":"ListItem","position":3,"name":"Barcelona Ramblas Hotel Servicios"}]},{"@type":"WebSite","@id":"https:\/\/behostels.com\/es\/#website","url":"https:\/\/behostels.com\/es\/","name":"Be Hostels","description":"","publisher":{"@id":"https:\/\/behostels.com\/es\/#organization"},"potentialAction":[{"@type":"SearchAction","target":{"@type":"EntryPoint","urlTemplate":"https:\/\/behostels.com\/es\/?s={search_term_string}"},"query-input":"required name=search_term_string"}],"inLanguage":"es"},{"@type":"Organization","@id":"https:\/\/behostels.com\/es\/#organization","name":"Be Hostels","url":"https:\/\/behostels.com\/es\/","logo":{"@type":"ImageObject","inLanguage":"es","@id":"https:\/\/behostels.com\/es\/#\/schema\/logo\/image\/","url":"https:\/\/behostels.com\/wp-content\/uploads\/2015\/06\/be_reservations_logo.jpg","contentUrl":"https:\/\/behostels.com\/wp-content\/uploads\/2015\/06\/be_reservations_logo.jpg","width":130,"height":130,"caption":"Be Hostels"},"image":{"@id":"https:\/\/behostels.com\/es\/#\/schema\/logo\/image\/"}}]}},"_links":{"self":[{"href":"https:\/\/behostels.com\/es\/wp-json\/wp\/v2\/pages\/313"}],"collection":[{"href":"https:\/\/behostels.com\/es\/wp-json\/wp\/v2\/pages"}],"about":[{"href":"https:\/\/behostels.com\/es\/wp-json\/wp\/v2\/types\/page"}],"author":[{"embeddable":true,"href":"https:\/\/behostels.com\/es\/wp-json\/wp\/v2\/users\/1"}],"replies":[{"embeddable":true,"href":"https:\/\/behostels.com\/es\/wp-json\/wp\/v2\/comments?post=313"}],"version-history":[{"count":0,"href":"https:\/\/behostels.com\/es\/wp-json\/wp\/v2\/pages\/313\/revisions"}],"up":[{"embeddable":true,"href":"https:\/\/behostels.com\/es\/wp-json\/wp\/v2\/pages\/267"}],"wp:attachment":[{"href":"https:\/\/behostels.com\/es\/wp-json\/wp\/v2\/media?parent=313"}],"curies":[{"name":"wp","href":"https:\/\/api.w.org\/{rel}","templated":true}]}}