{"id":299,"date":"2015-06-10T14:08:35","date_gmt":"2015-06-10T14:08:35","guid":{"rendered":"https:\/\/behostels.com\/?page_id=299"},"modified":"2015-12-08T00:20:56","modified_gmt":"2015-12-08T00:20:56","slug":"habitaciones","status":"publish","type":"page","link":"https:\/\/behostels.com\/es\/ramblas\/habitaciones\/","title":{"rendered":"Be Ramblas Hotel Habitaciones"},"content":{"rendered":"\n\n<div id=\"wk-grid7fc\" class=\"uk-grid-width-1-1 uk-grid-width-medium-1-3 uk-grid uk-grid-match uk-grid-medium uk-text-center \" data-uk-grid-match=\"{target:'> div > .uk-panel', row:true}\" data-uk-grid-margin  data-uk-scrollspy=\"{cls:'uk-animation-fade uk-invisible', target:'> div > .uk-panel', delay:300}\">\n\n\n    <div>\n        <div class=\"uk-panel uk-invisible\">\n\n            \n            \n                        <div class=\"uk-text-center uk-panel-teaser\"><img loading=\"lazy\" decoding=\"async\" src=\"\/wp-content\/uploads\/2015\/11\/be-ramblas-hotel-barcelona-SingleRoom.jpg\" class=\"uk-border-circle uk-overlay-scale\" alt=\"Single Room\" width=\"600\" height=\"600\"><\/div>\n            \n            \n            \n            \n            \n                        <div class=\"uk-margin\"><a class=\"uk-button\" href=\"https:\/\/booking.behostels.com\/?day=03\/04\/2026&#038;nights=7&#038;hotel=ramblas\">Habitaci\u00f3n Individual<\/a><\/div>\n            \n            \n            \n            \n        <\/div>\n    <\/div>\n\n\n    <div>\n        <div class=\"uk-panel uk-invisible\">\n\n            \n            \n                        <div class=\"uk-text-center uk-panel-teaser\"><img loading=\"lazy\" decoding=\"async\" src=\"\/wp-content\/uploads\/2015\/11\/be-ramblas-hotel-barcena-DoubleandTwinRoom.jpg\" class=\"uk-border-circle uk-overlay-scale\" alt=\"Double and Twin Room\" width=\"600\" height=\"600\"><\/div>\n            \n            \n            \n            \n            \n                        <div class=\"uk-margin\"><a class=\"uk-button\" href=\"https:\/\/booking.behostels.com\/?day=03\/04\/2026&#038;nights=7&#038;hotel=ramblas\">Habitaci\u00f3n Doble y Twin<\/a><\/div>\n            \n            \n            \n            \n        <\/div>\n    <\/div>\n\n\n    <div>\n        <div class=\"uk-panel uk-invisible\">\n\n            \n            \n                        <div class=\"uk-text-center uk-panel-teaser\"><img loading=\"lazy\" decoding=\"async\" src=\"\/wp-content\/uploads\/2015\/11\/be-ramblas-hotel-barcelona-TripleRoom.jpg\" class=\"uk-border-circle uk-overlay-scale\" alt=\"Triple Room\" width=\"600\" height=\"600\"><\/div>\n            \n            \n            \n            \n            \n                        <div class=\"uk-margin\"><a class=\"uk-button\" href=\"https:\/\/booking.behostels.com\/?day=03\/04\/2026&#038;nights=7&#038;hotel=ramblas\">Habitaci\u00f3n Triple<\/a><\/div>\n            \n            \n            \n            \n        <\/div>\n    <\/div>\n\n\n<\/div>\n\n<script>\n(function($){\n\n    \/\/ get the images of the gallery and replace it by a canvas of the same size to fix the problem with overlapping images on load.\n    $('img[width][height]:not(.uk-overlay-panel)', $('#wk-grid7fc')).each(function() {\n\n        var $img = $(this);\n\n        if (this.width == 'auto' || this.height == 'auto' || !$img.is(':visible')) {\n            return;\n        }\n\n        var $canvas = $('<canvas class=\"uk-responsive-width\"><\/canvas>').attr({width:$img.attr('width'), height:$img.attr('height')}),\n            img = new Image,\n            release = function() {\n                $canvas.remove();\n                $img.css('display', '');\n                release = function(){};\n            };\n\n        $img.css('display', 'none').after($canvas);\n\n        $(img).on('load', function(){ release(); });\n        setTimeout(function(){ release(); }, 1000);\n\n        img.src = this.src;\n\n    });\n\n})(jQuery);\n<\/script>\n\r\n<br>\r\n<br>\r\n<div class=\"destacado\">\r\n<h2 class=\"fantasy\">Tipos de habitaciones en <a href=\"http:\/\/www.behostels.com\/ramblas\" class=\"invisible\">Be Ramblas Hotel habitaciones en Barcelona<\/a>:<\/h2>\r\n<ul>\r\n\t<li>Habitaci\u00f3n Doble matriminio o Doble dos camas con ba\u00f1o<\/li>\r\n\t<li>Habitaci\u00f3n Doble matriminio o Doble dos camas sin ba\u00f1o<\/li>\r\n\t<li>Habitaci\u00f3n Triple con ba\u00f1o<\/li>\r\n\t<li>Habitaci\u00f3n Individual sin ba\u00f1o<\/li>\r\n<\/ul>\r\n<\/div>\r\n&nbsp;\r\n<h2 class=\"fantasy\">Todas la habitaciones disponen de:<\/h2>\r\n<ul class=\"rooms\">\r\n\t<li>S\u00e1banas y toallas gratuitas<\/li>\r\n\t<li>Internet gratuito en la habitaci\u00f3n<\/li>\r\n\t<li>Televisi\u00f3n<\/li>\r\n\t<li>Balcones soleados<\/li>\r\n\t<li>Aire acondicionado y Calefacci\u00f3n<\/li>\r\n\t<li>Los ba\u00f1os estan equipsdos con duchas, toallas, jabones y secados de pelo<\/li>\r\n<\/ul>\r\n","protected":false},"excerpt":{"rendered":"<p>Tipos de habitaciones en Be Ramblas Hotel habitaciones en Barcelona: Habitaci\u00f3n Doble matriminio o Doble dos camas con ba\u00f1o Habitaci\u00f3n Doble matriminio o Doble dos camas sin ba\u00f1o Habitaci\u00f3n Triple con ba\u00f1o Habitaci\u00f3n Individual sin ba\u00f1o &nbsp; Todas la habitaciones disponen de: S\u00e1banas y toallas gratuitas Internet gratuito en la habitaci\u00f3n Televisi\u00f3n Balcones soleados Aire [&hellip;]<\/p>\n","protected":false},"author":1,"featured_media":0,"parent":267,"menu_order":0,"comment_status":"closed","ping_status":"closed","template":"","meta":{"footnotes":""},"yoast_head":"<!-- This site is optimized with the Yoast SEO plugin v22.7 - https:\/\/yoast.com\/wordpress\/plugins\/seo\/ -->\n<title>Be Ramblas Hotel Habitaciones en Barcelona<\/title>\n<meta name=\"description\" content=\"Buscas habitaciones en Barcelona? Mira nuestras habitaciones bonitas y c\u00f3modas en Be Ramblas Hotel habitaciones en Barcelona.\" \/>\n<meta name=\"robots\" content=\"index, follow, max-snippet:-1, max-image-preview:large, max-video-preview:-1\" \/>\n<link rel=\"canonical\" href=\"https:\/\/behostels.com\/es\/ramblas\/habitaciones\/\" \/>\n<meta property=\"og:locale\" content=\"es_ES\" \/>\n<meta property=\"og:type\" content=\"article\" \/>\n<meta property=\"og:title\" content=\"Be Ramblas Hotel Habitaciones en Barcelona\" \/>\n<meta property=\"og:description\" content=\"Buscas habitaciones en Barcelona? Mira nuestras habitaciones bonitas y c\u00f3modas en Be Ramblas Hotel habitaciones en Barcelona.\" \/>\n<meta property=\"og:url\" content=\"https:\/\/behostels.com\/es\/ramblas\/habitaciones\/\" \/>\n<meta property=\"og:site_name\" content=\"Be Hostels\" \/>\n<meta property=\"article:modified_time\" content=\"2015-12-08T00:20:56+00:00\" \/>\n<meta name=\"twitter:card\" content=\"summary_large_image\" \/>\n<script type=\"application\/ld+json\" class=\"yoast-schema-graph\">{\"@context\":\"https:\/\/schema.org\",\"@graph\":[{\"@type\":\"WebPage\",\"@id\":\"https:\/\/behostels.com\/es\/ramblas\/habitaciones\/\",\"url\":\"https:\/\/behostels.com\/es\/ramblas\/habitaciones\/\",\"name\":\"Be Ramblas Hotel Habitaciones en Barcelona\",\"isPartOf\":{\"@id\":\"https:\/\/behostels.com\/es\/#website\"},\"datePublished\":\"2015-06-10T14:08:35+00:00\",\"dateModified\":\"2015-12-08T00:20:56+00:00\",\"description\":\"Buscas habitaciones en Barcelona? Mira nuestras habitaciones bonitas y c\u00f3modas en Be Ramblas Hotel habitaciones en Barcelona.\",\"breadcrumb\":{\"@id\":\"https:\/\/behostels.com\/es\/ramblas\/habitaciones\/#breadcrumb\"},\"inLanguage\":\"es\",\"potentialAction\":[{\"@type\":\"ReadAction\",\"target\":[\"https:\/\/behostels.com\/es\/ramblas\/habitaciones\/\"]}]},{\"@type\":\"BreadcrumbList\",\"@id\":\"https:\/\/behostels.com\/es\/ramblas\/habitaciones\/#breadcrumb\",\"itemListElement\":[{\"@type\":\"ListItem\",\"position\":1,\"name\":\"Home\",\"item\":\"https:\/\/behostels.com\/es\/\"},{\"@type\":\"ListItem\",\"position\":2,\"name\":\"Un hostal econ\u00f3mico en todo el centro de Barcelona: Be Ramblas Hostal Barcelona\",\"item\":\"https:\/\/behostels.com\/es\/ramblas\/\"},{\"@type\":\"ListItem\",\"position\":3,\"name\":\"Be Ramblas Hotel Habitaciones\"}]},{\"@type\":\"WebSite\",\"@id\":\"https:\/\/behostels.com\/es\/#website\",\"url\":\"https:\/\/behostels.com\/es\/\",\"name\":\"Be Hostels\",\"description\":\"\",\"publisher\":{\"@id\":\"https:\/\/behostels.com\/es\/#organization\"},\"potentialAction\":[{\"@type\":\"SearchAction\",\"target\":{\"@type\":\"EntryPoint\",\"urlTemplate\":\"https:\/\/behostels.com\/es\/?s={search_term_string}\"},\"query-input\":\"required name=search_term_string\"}],\"inLanguage\":\"es\"},{\"@type\":\"Organization\",\"@id\":\"https:\/\/behostels.com\/es\/#organization\",\"name\":\"Be Hostels\",\"url\":\"https:\/\/behostels.com\/es\/\",\"logo\":{\"@type\":\"ImageObject\",\"inLanguage\":\"es\",\"@id\":\"https:\/\/behostels.com\/es\/#\/schema\/logo\/image\/\",\"url\":\"https:\/\/behostels.com\/wp-content\/uploads\/2015\/06\/be_reservations_logo.jpg\",\"contentUrl\":\"https:\/\/behostels.com\/wp-content\/uploads\/2015\/06\/be_reservations_logo.jpg\",\"width\":130,\"height\":130,\"caption\":\"Be Hostels\"},\"image\":{\"@id\":\"https:\/\/behostels.com\/es\/#\/schema\/logo\/image\/\"}}]}<\/script>\n<!-- \/ Yoast SEO plugin. -->","yoast_head_json":{"title":"Be Ramblas Hotel Habitaciones en Barcelona","description":"Buscas habitaciones en Barcelona? Mira nuestras habitaciones bonitas y c\u00f3modas en Be Ramblas Hotel habitaciones en Barcelona.","robots":{"index":"index","follow":"follow","max-snippet":"max-snippet:-1","max-image-preview":"max-image-preview:large","max-video-preview":"max-video-preview:-1"},"canonical":"https:\/\/behostels.com\/es\/ramblas\/habitaciones\/","og_locale":"es_ES","og_type":"article","og_title":"Be Ramblas Hotel Habitaciones en Barcelona","og_description":"Buscas habitaciones en Barcelona? Mira nuestras habitaciones bonitas y c\u00f3modas en Be Ramblas Hotel habitaciones en Barcelona.","og_url":"https:\/\/behostels.com\/es\/ramblas\/habitaciones\/","og_site_name":"Be Hostels","article_modified_time":"2015-12-08T00:20:56+00:00","twitter_card":"summary_large_image","schema":{"@context":"https:\/\/schema.org","@graph":[{"@type":"WebPage","@id":"https:\/\/behostels.com\/es\/ramblas\/habitaciones\/","url":"https:\/\/behostels.com\/es\/ramblas\/habitaciones\/","name":"Be Ramblas Hotel Habitaciones en Barcelona","isPartOf":{"@id":"https:\/\/behostels.com\/es\/#website"},"datePublished":"2015-06-10T14:08:35+00:00","dateModified":"2015-12-08T00:20:56+00:00","description":"Buscas habitaciones en Barcelona? Mira nuestras habitaciones bonitas y c\u00f3modas en Be Ramblas Hotel habitaciones en Barcelona.","breadcrumb":{"@id":"https:\/\/behostels.com\/es\/ramblas\/habitaciones\/#breadcrumb"},"inLanguage":"es","potentialAction":[{"@type":"ReadAction","target":["https:\/\/behostels.com\/es\/ramblas\/habitaciones\/"]}]},{"@type":"BreadcrumbList","@id":"https:\/\/behostels.com\/es\/ramblas\/habitaciones\/#breadcrumb","itemListElement":[{"@type":"ListItem","position":1,"name":"Home","item":"https:\/\/behostels.com\/es\/"},{"@type":"ListItem","position":2,"name":"Un hostal econ\u00f3mico en todo el centro de Barcelona: Be Ramblas Hostal Barcelona","item":"https:\/\/behostels.com\/es\/ramblas\/"},{"@type":"ListItem","position":3,"name":"Be Ramblas Hotel Habitaciones"}]},{"@type":"WebSite","@id":"https:\/\/behostels.com\/es\/#website","url":"https:\/\/behostels.com\/es\/","name":"Be Hostels","description":"","publisher":{"@id":"https:\/\/behostels.com\/es\/#organization"},"potentialAction":[{"@type":"SearchAction","target":{"@type":"EntryPoint","urlTemplate":"https:\/\/behostels.com\/es\/?s={search_term_string}"},"query-input":"required name=search_term_string"}],"inLanguage":"es"},{"@type":"Organization","@id":"https:\/\/behostels.com\/es\/#organization","name":"Be Hostels","url":"https:\/\/behostels.com\/es\/","logo":{"@type":"ImageObject","inLanguage":"es","@id":"https:\/\/behostels.com\/es\/#\/schema\/logo\/image\/","url":"https:\/\/behostels.com\/wp-content\/uploads\/2015\/06\/be_reservations_logo.jpg","contentUrl":"https:\/\/behostels.com\/wp-content\/uploads\/2015\/06\/be_reservations_logo.jpg","width":130,"height":130,"caption":"Be Hostels"},"image":{"@id":"https:\/\/behostels.com\/es\/#\/schema\/logo\/image\/"}}]}},"_links":{"self":[{"href":"https:\/\/behostels.com\/es\/wp-json\/wp\/v2\/pages\/299"}],"collection":[{"href":"https:\/\/behostels.com\/es\/wp-json\/wp\/v2\/pages"}],"about":[{"href":"https:\/\/behostels.com\/es\/wp-json\/wp\/v2\/types\/page"}],"author":[{"embeddable":true,"href":"https:\/\/behostels.com\/es\/wp-json\/wp\/v2\/users\/1"}],"replies":[{"embeddable":true,"href":"https:\/\/behostels.com\/es\/wp-json\/wp\/v2\/comments?post=299"}],"version-history":[{"count":0,"href":"https:\/\/behostels.com\/es\/wp-json\/wp\/v2\/pages\/299\/revisions"}],"up":[{"embeddable":true,"href":"https:\/\/behostels.com\/es\/wp-json\/wp\/v2\/pages\/267"}],"wp:attachment":[{"href":"https:\/\/behostels.com\/es\/wp-json\/wp\/v2\/media?parent=299"}],"curies":[{"name":"wp","href":"https:\/\/api.w.org\/{rel}","templated":true}]}}