{"id":267,"date":"2015-06-10T13:28:47","date_gmt":"2015-06-10T13:28:47","guid":{"rendered":"https:\/\/behostels.com\/?page_id=267"},"modified":"2016-05-04T10:45:30","modified_gmt":"2016-05-04T10:45:30","slug":"ramblas","status":"publish","type":"page","link":"https:\/\/behostels.com\/es\/ramblas\/","title":{"rendered":"Un hostal econ\u00f3mico en todo el centro de Barcelona: Be Ramblas Hostal Barcelona"},"content":{"rendered":"<h2><strong>Bienvenidos a el original y primero de la familia Be Hostels, Be Ramblas Barcelona, tu mejor opci\u00f3n de hostal barato justo en el centro de la ciudad.<\/strong><\/h2>\r\n\n\n<div id=\"wk-gridda8\" class=\"uk-grid-width-1-1 uk-grid-width-medium-1-3 uk-grid uk-grid-match uk-grid-medium uk-text-center \" data-uk-grid-match=\"{target:'> div > .uk-panel', row:true}\" data-uk-grid-margin  data-uk-scrollspy=\"{cls:'uk-animation-fade uk-invisible', target:'> div > .uk-panel', delay:300}\">\n\n\n    <div>\n        <div class=\"uk-panel uk-invisible\">\n\n            \n            \n                        <div class=\"uk-text-center uk-panel-teaser\"><div class=\"uk-overlay uk-overlay-hover uk-border-circle\"><img loading=\"lazy\" decoding=\"async\" src=\"\/wp-content\/uploads\/2015\/07\/be-ramblas-hostel-best-location.jpg\" class=\"uk-border-circle uk-overlay-scale\" alt=\"La mejor ubicaci\u00f3n\" width=\"600\" height=\"600\"><div class=\"uk-overlay-panel uk-overlay-background uk-overlay-icon uk-overlay-fade\"><\/div><a class=\"uk-position-cover\" href=\"http:\/\/behostels.com\/es\/ramblas\/como-llegar\/\" title=\"La mejor ubicaci\u00f3n\"><\/a><\/div><\/div>\n            \n            \n            \n            \n            \n                        <div class=\"uk-margin\">La mejor ubicaci\u00f3n<\/div>\n            \n            \n            \n            \n        <\/div>\n    <\/div>\n\n\n    <div>\n        <div class=\"uk-panel uk-invisible\">\n\n            \n            \n                        <div class=\"uk-text-center uk-panel-teaser\"><div class=\"uk-overlay uk-overlay-hover uk-border-circle\"><img loading=\"lazy\" decoding=\"async\" src=\"\/wp-content\/uploads\/2015\/07\/be-ramblas-hostel-best-location-kitchen.jpg\" class=\"uk-border-circle uk-overlay-scale\" alt=\"Cocina disponible\" width=\"600\" height=\"600\"><div class=\"uk-overlay-panel uk-overlay-background uk-overlay-icon uk-overlay-fade\"><\/div><a class=\"uk-position-cover\" href=\"http:\/\/behostels.com\/es\/ramblas\/servicios\/\" title=\"Cocina disponible\"><\/a><\/div><\/div>\n            \n            \n            \n            \n            \n                        <div class=\"uk-margin\">Cocina disponible<\/div>\n            \n            \n            \n            \n        <\/div>\n    <\/div>\n\n\n    <div>\n        <div class=\"uk-panel uk-invisible\">\n\n            \n            \n                        <div class=\"uk-text-center uk-panel-teaser\"><div class=\"uk-overlay uk-overlay-hover uk-border-circle\"><img loading=\"lazy\" decoding=\"async\" src=\"\/wp-content\/uploads\/2015\/07\/be-ramblas-hostel-best-location-single-double-room.jpg\" class=\"uk-border-circle uk-overlay-scale\" alt=\"Individuales, dobles y habitaciones privadas\" width=\"600\" height=\"600\"><div class=\"uk-overlay-panel uk-overlay-background uk-overlay-icon uk-overlay-fade\"><\/div><a class=\"uk-position-cover\" href=\"http:\/\/behostels.com\/es\/ramblas\/habitaciones\/\" title=\"Individuales, dobles y habitaciones privadas\"><\/a><\/div><\/div>\n            \n            \n            \n            \n            \n                        <div class=\"uk-margin\">Individuales, dobles y habitaciones privadas.<\/div>\n            \n            \n            \n            \n        <\/div>\n    <\/div>\n\n\n<\/div>\n\n<script>\n(function($){\n\n    \/\/ get the images of the gallery and replace it by a canvas of the same size to fix the problem with overlapping images on load.\n    $('img[width][height]:not(.uk-overlay-panel)', $('#wk-gridda8')).each(function() {\n\n        var $img = $(this);\n\n        if (this.width == 'auto' || this.height == 'auto' || !$img.is(':visible')) {\n            return;\n        }\n\n        var $canvas = $('<canvas class=\"uk-responsive-width\"><\/canvas>').attr({width:$img.attr('width'), height:$img.attr('height')}),\n            img = new Image,\n            release = function() {\n                $canvas.remove();\n                $img.css('display', '');\n                release = function(){};\n            };\n\n        $img.css('display', 'none').after($canvas);\n\n        $(img).on('load', function(){ release(); });\n        setTimeout(function(){ release(); }, 1000);\n\n        img.src = this.src;\n\n    });\n\n})(jQuery);\n<\/script>\n\r\n\r\nDisfruta de una estad\u00eda amena en un sitio adaptable a todo tipo de viajero, con una <strong>amplia gama de habitaciones<\/strong> para llenar tus expectativas.\r\n\r\nAprovecha su acertada ubicaci\u00f3n a la vuelta de la esquina del <strong>Liceu<\/strong> y <strong>Ramblas<\/strong>. Tambi\u00e9n cerca est\u00e1 la <strong>Plaza Real<\/strong>, llena de sorpresas a descubrir. Si te apetece, s\u00edguenos en un tour gratuito por el centro para que te familiarices con el barrio.\r\n\r\nLos servicios con los que puedes contar cuando te alojas en <a title=\"Be Ramblas Hostal\" href=\"http:\/\/www.behostels.com\/ramblas\"><strong>Be Ramblas Hostal Barcelona<\/strong><\/a> son; <strong>cocina para hu\u00e9spedes<\/strong>, <strong>wi-fi en las habitaciones<\/strong> y una gran variedad de <strong>tours y actividades<\/strong>.\r\n\r\nGoza Barcelona con nosotros en <a title=\"Be Ramblas Hostal\" href=\"http:\/\/www.behostels.com\/ramblas\">Be Ramblas Hostal Barcelona<\/a>, la mejor opci\u00f3n de hostal barato en el centro de <strong>Barcelona<\/strong>.\r\n<h3 class=\"fantasy\"><a class=\"invisible\" href=\"http:\/\/www.behostels.com\/ramblas\">Be Ramblas Hostal Barcelona est\u00e1 situado a:<\/a><\/h3>\r\n<ul class=\"rooms\">\r\n \t<li>1 minuto de Ramblas<\/li>\r\n \t<li>1 minuto del Palau Guell<\/li>\r\n \t<li>5 minutos de la estaci\u00f3n de metro Liceu<\/li>\r\n \t<li>5 minutos del puerto<\/li>\r\n \t<li>5 minutos del mercado de la Boqueria<\/li>\r\n \t<li>5 minutos del teatro Liceu<\/li>\r\n \t<li>3 minutos de la Plaza Real<\/li>\r\n \t<li>15 minutos de Plaza Catalu\u00f1a<\/li>\r\n \t<li>10 minutos del Macba(Museo de Arte Contempor\u00e1neo de Barcelona)<\/li>\r\n \t<li>Dentro del centro hist\u00f3rico de Barcelona<\/li>\r\n \t<li>Dentro de las \u00e1reas de compras y culturales<\/li>\r\n<\/ul>\r\n<h2 class=\"fantasy\">Todas las actividades mejores y gratis se pueden encontrar en <a class=\"invisible\" href=\"http:\/\/www.behostels.com\">Be Ramblas Hostel<\/a> para disfrutar de su estancia en Barcelona! S\u00f3lo con hacer el check-in nuestros viajeros dispondr\u00e1n de:<\/h2>\r\n<div class=\"uk-grid\">\r\n<div class=\"uk-width-large-1-2 uk-width-medium-1-2 uk-width-small-1-1\">\r\n<ul>\r\n \t<li>Tour a pie Gratis<\/li>\r\n \t<li>Conexi\u00f3n a internet gratis en los ordenadores<\/li>\r\n \t<li>Wifi Gratis<\/li>\r\n \t<li>Mapas Gratis<\/li>\r\n \t<li>Cocina disponible para los viajeros<\/li>\r\n \t<li>Recepci\u00f3n abierta 24 horas<\/li>\r\n \t<li>Sala com\u00fan genial<\/li>\r\n<\/ul>\r\n<\/div>\r\n<div class=\"uk-width-large-1-2 uk-width-medium-1-2 uk-width-small-1-1\">\r\n<ul>\r\n \t<li>Aire acondicionado y calefacci\u00f3n<\/li>\r\n \t<li>Actividades organizadas cada dia: tapas y flamenco, tours culturales, Pub Crawls, ect..<\/li>\r\n \t<li>Recepcionistas internacionales y locales dispuestos a ayudarte siempre<\/li>\r\n \t<li>Taquillas para dejar las maletas despu\u00e9s de la salida<\/li>\r\n<\/ul>\r\n<\/div>\r\n<\/div>","protected":false},"excerpt":{"rendered":"<p>Bienvenidos a el original y primero de la familia Be Hostels, Be Ramblas Barcelona, tu mejor opci\u00f3n de hostal barato justo en el centro de la ciudad. Disfruta de una estad\u00eda amena en un sitio adaptable a todo tipo de viajero, con una amplia gama de habitaciones para llenar tus expectativas. Aprovecha su acertada ubicaci\u00f3n [&hellip;]<\/p>\n","protected":false},"author":1,"featured_media":0,"parent":0,"menu_order":0,"comment_status":"closed","ping_status":"closed","template":"","meta":{"footnotes":""},"yoast_head":"<!-- This site is optimized with the Yoast SEO plugin v22.7 - https:\/\/yoast.com\/wordpress\/plugins\/seo\/ -->\n<title>Hostal econ\u00f3mico en todo el centro de Barcelona: Be Ramblas Hostal<\/title>\n<meta name=\"description\" content=\"Este es un Hostal situado en el coraz\u00f3n de Barcelona, a tan solo 1 minuto de las famosas Ramblas. Desde nuestros balcones se puede ver las calles m\u00e1s trepidantes de Barcelona!\" \/>\n<meta name=\"robots\" content=\"index, follow, max-snippet:-1, max-image-preview:large, max-video-preview:-1\" \/>\n<link rel=\"canonical\" href=\"https:\/\/behostels.com\/es\/ramblas\/\" \/>\n<meta property=\"og:locale\" content=\"es_ES\" \/>\n<meta property=\"og:type\" content=\"article\" \/>\n<meta property=\"og:title\" content=\"Hostal econ\u00f3mico en todo el centro de Barcelona: Be Ramblas Hostal\" \/>\n<meta property=\"og:description\" content=\"Este es un Hostal situado en el coraz\u00f3n de Barcelona, a tan solo 1 minuto de las famosas Ramblas. Desde nuestros balcones se puede ver las calles m\u00e1s trepidantes de Barcelona!\" \/>\n<meta property=\"og:url\" content=\"https:\/\/behostels.com\/es\/ramblas\/\" \/>\n<meta property=\"og:site_name\" content=\"Be Hostels\" \/>\n<meta property=\"article:modified_time\" content=\"2016-05-04T10:45:30+00:00\" \/>\n<meta name=\"twitter:card\" content=\"summary_large_image\" \/>\n<meta name=\"twitter:label1\" content=\"Tiempo de lectura\" \/>\n\t<meta name=\"twitter:data1\" content=\"2 minutos\" \/>\n<script type=\"application\/ld+json\" class=\"yoast-schema-graph\">{\"@context\":\"https:\/\/schema.org\",\"@graph\":[{\"@type\":\"WebPage\",\"@id\":\"https:\/\/behostels.com\/es\/ramblas\/\",\"url\":\"https:\/\/behostels.com\/es\/ramblas\/\",\"name\":\"Hostal econ\u00f3mico en todo el centro de Barcelona: Be Ramblas Hostal\",\"isPartOf\":{\"@id\":\"https:\/\/behostels.com\/es\/#website\"},\"datePublished\":\"2015-06-10T13:28:47+00:00\",\"dateModified\":\"2016-05-04T10:45:30+00:00\",\"description\":\"Este es un Hostal situado en el coraz\u00f3n de Barcelona, a tan solo 1 minuto de las famosas Ramblas. Desde nuestros balcones se puede ver las calles m\u00e1s trepidantes de Barcelona!\",\"breadcrumb\":{\"@id\":\"https:\/\/behostels.com\/es\/ramblas\/#breadcrumb\"},\"inLanguage\":\"es\",\"potentialAction\":[{\"@type\":\"ReadAction\",\"target\":[\"https:\/\/behostels.com\/es\/ramblas\/\"]}]},{\"@type\":\"BreadcrumbList\",\"@id\":\"https:\/\/behostels.com\/es\/ramblas\/#breadcrumb\",\"itemListElement\":[{\"@type\":\"ListItem\",\"position\":1,\"name\":\"Home\",\"item\":\"https:\/\/behostels.com\/es\/\"},{\"@type\":\"ListItem\",\"position\":2,\"name\":\"Un hostal econ\u00f3mico en todo el centro de Barcelona: Be Ramblas Hostal Barcelona\"}]},{\"@type\":\"WebSite\",\"@id\":\"https:\/\/behostels.com\/es\/#website\",\"url\":\"https:\/\/behostels.com\/es\/\",\"name\":\"Be Hostels\",\"description\":\"\",\"publisher\":{\"@id\":\"https:\/\/behostels.com\/es\/#organization\"},\"potentialAction\":[{\"@type\":\"SearchAction\",\"target\":{\"@type\":\"EntryPoint\",\"urlTemplate\":\"https:\/\/behostels.com\/es\/?s={search_term_string}\"},\"query-input\":\"required name=search_term_string\"}],\"inLanguage\":\"es\"},{\"@type\":\"Organization\",\"@id\":\"https:\/\/behostels.com\/es\/#organization\",\"name\":\"Be Hostels\",\"url\":\"https:\/\/behostels.com\/es\/\",\"logo\":{\"@type\":\"ImageObject\",\"inLanguage\":\"es\",\"@id\":\"https:\/\/behostels.com\/es\/#\/schema\/logo\/image\/\",\"url\":\"https:\/\/behostels.com\/wp-content\/uploads\/2015\/06\/be_reservations_logo.jpg\",\"contentUrl\":\"https:\/\/behostels.com\/wp-content\/uploads\/2015\/06\/be_reservations_logo.jpg\",\"width\":130,\"height\":130,\"caption\":\"Be Hostels\"},\"image\":{\"@id\":\"https:\/\/behostels.com\/es\/#\/schema\/logo\/image\/\"}}]}<\/script>\n<!-- \/ Yoast SEO plugin. -->","yoast_head_json":{"title":"Hostal econ\u00f3mico en todo el centro de Barcelona: Be Ramblas Hostal","description":"Este es un Hostal situado en el coraz\u00f3n de Barcelona, a tan solo 1 minuto de las famosas Ramblas. Desde nuestros balcones se puede ver las calles m\u00e1s trepidantes de Barcelona!","robots":{"index":"index","follow":"follow","max-snippet":"max-snippet:-1","max-image-preview":"max-image-preview:large","max-video-preview":"max-video-preview:-1"},"canonical":"https:\/\/behostels.com\/es\/ramblas\/","og_locale":"es_ES","og_type":"article","og_title":"Hostal econ\u00f3mico en todo el centro de Barcelona: Be Ramblas Hostal","og_description":"Este es un Hostal situado en el coraz\u00f3n de Barcelona, a tan solo 1 minuto de las famosas Ramblas. Desde nuestros balcones se puede ver las calles m\u00e1s trepidantes de Barcelona!","og_url":"https:\/\/behostels.com\/es\/ramblas\/","og_site_name":"Be Hostels","article_modified_time":"2016-05-04T10:45:30+00:00","twitter_card":"summary_large_image","twitter_misc":{"Tiempo de lectura":"2 minutos"},"schema":{"@context":"https:\/\/schema.org","@graph":[{"@type":"WebPage","@id":"https:\/\/behostels.com\/es\/ramblas\/","url":"https:\/\/behostels.com\/es\/ramblas\/","name":"Hostal econ\u00f3mico en todo el centro de Barcelona: Be Ramblas Hostal","isPartOf":{"@id":"https:\/\/behostels.com\/es\/#website"},"datePublished":"2015-06-10T13:28:47+00:00","dateModified":"2016-05-04T10:45:30+00:00","description":"Este es un Hostal situado en el coraz\u00f3n de Barcelona, a tan solo 1 minuto de las famosas Ramblas. Desde nuestros balcones se puede ver las calles m\u00e1s trepidantes de Barcelona!","breadcrumb":{"@id":"https:\/\/behostels.com\/es\/ramblas\/#breadcrumb"},"inLanguage":"es","potentialAction":[{"@type":"ReadAction","target":["https:\/\/behostels.com\/es\/ramblas\/"]}]},{"@type":"BreadcrumbList","@id":"https:\/\/behostels.com\/es\/ramblas\/#breadcrumb","itemListElement":[{"@type":"ListItem","position":1,"name":"Home","item":"https:\/\/behostels.com\/es\/"},{"@type":"ListItem","position":2,"name":"Un hostal econ\u00f3mico en todo el centro de Barcelona: Be Ramblas Hostal Barcelona"}]},{"@type":"WebSite","@id":"https:\/\/behostels.com\/es\/#website","url":"https:\/\/behostels.com\/es\/","name":"Be Hostels","description":"","publisher":{"@id":"https:\/\/behostels.com\/es\/#organization"},"potentialAction":[{"@type":"SearchAction","target":{"@type":"EntryPoint","urlTemplate":"https:\/\/behostels.com\/es\/?s={search_term_string}"},"query-input":"required name=search_term_string"}],"inLanguage":"es"},{"@type":"Organization","@id":"https:\/\/behostels.com\/es\/#organization","name":"Be Hostels","url":"https:\/\/behostels.com\/es\/","logo":{"@type":"ImageObject","inLanguage":"es","@id":"https:\/\/behostels.com\/es\/#\/schema\/logo\/image\/","url":"https:\/\/behostels.com\/wp-content\/uploads\/2015\/06\/be_reservations_logo.jpg","contentUrl":"https:\/\/behostels.com\/wp-content\/uploads\/2015\/06\/be_reservations_logo.jpg","width":130,"height":130,"caption":"Be Hostels"},"image":{"@id":"https:\/\/behostels.com\/es\/#\/schema\/logo\/image\/"}}]}},"_links":{"self":[{"href":"https:\/\/behostels.com\/es\/wp-json\/wp\/v2\/pages\/267"}],"collection":[{"href":"https:\/\/behostels.com\/es\/wp-json\/wp\/v2\/pages"}],"about":[{"href":"https:\/\/behostels.com\/es\/wp-json\/wp\/v2\/types\/page"}],"author":[{"embeddable":true,"href":"https:\/\/behostels.com\/es\/wp-json\/wp\/v2\/users\/1"}],"replies":[{"embeddable":true,"href":"https:\/\/behostels.com\/es\/wp-json\/wp\/v2\/comments?post=267"}],"version-history":[{"count":0,"href":"https:\/\/behostels.com\/es\/wp-json\/wp\/v2\/pages\/267\/revisions"}],"wp:attachment":[{"href":"https:\/\/behostels.com\/es\/wp-json\/wp\/v2\/media?parent=267"}],"curies":[{"name":"wp","href":"https:\/\/api.w.org\/{rel}","templated":true}]}}