{"id":212,"date":"2015-06-10T12:33:54","date_gmt":"2015-06-10T12:33:54","guid":{"rendered":"https:\/\/behostels.com\/?page_id=212"},"modified":"2015-12-08T00:10:00","modified_gmt":"2015-12-08T00:10:00","slug":"como-llegar","status":"publish","type":"page","link":"https:\/\/behostels.com\/es\/dream\/como-llegar\/","title":{"rendered":"Como llegar a Be Dream Hostel Barcelona"},"content":{"rendered":"<h2>Be Dream Hostel es el albergue perfecto para disfrutar de la playa!<\/h2>\r\n\n<script type=\"widgetkit\/map\" data-id=\"wk-map69f2050827d1e\" data-class=\" uk-img-preserve\" data-style=\"width:auto;height:600px;\">\n    {\"width\":\"auto\",\"height\":\"600\",\"maptypeid\":\"roadmap\",\"maptypecontrol\":false,\"mapctrl\":true,\"zoom\":\"16\",\"marker\":\"3\",\"marker_icon\":\"\",\"markercluster\":false,\"popup_max_width\":\"400\",\"zoomwheel\":false,\"draggable\":false,\"directions\":false,\"disabledefaultui\":false,\"styler_invert_lightness\":false,\"styler_hue\":\"\",\"styler_saturation\":0,\"styler_lightness\":0,\"styler_gamma\":0,\"media\":false,\"image_width\":\"auto\",\"image_height\":\"auto\",\"media_align\":\"top\",\"media_width\":\"1-4\",\"media_breakpoint\":\"medium\",\"media_border\":\"none\",\"media_overlay\":\"none\",\"overlay_animation\":\"fade\",\"media_animation\":\"none\",\"title\":false,\"content\":true,\"social_buttons\":true,\"title_size\":\"h4\",\"text_align\":\"left\",\"link\":true,\"link_style\":\"button\",\"link_text\":\"Read more\",\"link_target\":false,\"class\":\"\",\"markers\":[{\"lat\":41.444102,\"lng\":2.236906,\"icon\":\"\",\"title\":\"BE DREAM HOSTEL BARCELONA\",\"content\":\"\\n<div class=\\\"uk-text-left\\\">\\n\\n    \\n    \\n    \\n    \\n        <div class=\\\"uk-margin\\\"><img decoding=\\\"async\\\" src=\\\"\\\/wp-content\\\/uploads\\\/2015\\\/06\\\/be-dream-hostel.png\\\" style=\\\"height:36px ; width:auto;\\\" \\\/><br\\\/>\\n<p class=\\\"uk-text-small\\\">Ave. Alfonso XIII \\u2013 28 B,<br\\\/>\\n08912 Badalona, Barcelona \\u2013 Spain<br>\\nTel:(+34) 93 399 14 20 <br\\\/>\\ndream@behostels.com<br>\\n<\\\/p><\\\/div>\\n    \\n    \\n    \\n    \\n<\\\/div>\\n\"},{\"lat\":41.3775039,\"lng\":2.172548,\"icon\":\"\",\"title\":\"BE RAMBLAS HOTEL BARCELONA\",\"content\":\"\\n<div class=\\\"uk-text-left\\\">\\n\\n    \\n    \\n    \\n    \\n        <div class=\\\"uk-margin\\\"><img decoding=\\\"async\\\" src=\\\"\\\/wp-content\\\/uploads\\\/2015\\\/06\\\/be-ramblas-hotel-private-rooms.png\\\" style=\\\"height:36px ; width:auto;\\\"\\\/><br\\\/>\\n<p class=\\\"uk-text-small\\\">Carrer Nou de La Rambla 50<br>\\n08001 Barcelona-Spain<br>\\nTel:(+34) 93 442 3669<br>\\nramblas@behostels.com<br>\\n<\\\/p><\\\/div>\\n    \\n    \\n    \\n    \\n<\\\/div>\\n\"},{\"lat\":41.3773651,\"lng\":2.1701548999999,\"icon\":\"\",\"title\":\"BE MAR HOSTEL BARCELONA\",\"content\":\"\\n<div class=\\\"uk-text-left\\\">\\n\\n    \\n    \\n    \\n    \\n        <div class=\\\"uk-margin\\\"><img decoding=\\\"async\\\" src=\\\"\\\/wp-content\\\/uploads\\\/2015\\\/06\\\/be-mar-hostel.png\\\" style=\\\"height:36px ; width:auto;\\\" \\\/><br\\\/>\\n<p class=\\\"uk-text-small\\\">Carrer Sant Pau 80<br>\\n08001 Barcelona-Spain<br>\\nTel:(+34) 93 324 85 30<br>\\nmar@behostels.com<br>\\n<\\\/p><\\\/div>\\n    \\n    \\n    \\n    \\n<\\\/div>\\n\"},{\"lat\":41.3758458,\"lng\":2.1709845,\"icon\":\"\",\"title\":\"BE SOUND HOSTEL BARCELONA\",\"content\":\"\\n<div class=\\\"uk-text-left\\\">\\n\\n    \\n    \\n    \\n    \\n        <div class=\\\"uk-margin\\\"><img decoding=\\\"async\\\" src=\\\"\\\/wp-content\\\/uploads\\\/2015\\\/06\\\/be-sound-hostel.png\\\" style=\\\"height:36px ; width:auto;\\\" \\\/><br\\\/>\\n<p class=\\\"uk-text-small\\\">Carrer Nou de La Rambla 91<br>\\n08001 Barcelona-Spain<br>\\nTel:(+34) 93 185 0800<br>\\nsound@behostels.com<br>\\n<\\\/p><\\\/div>\\n    \\n    \\n    \\n    \\n<\\\/div>\\n\"},{\"lat\":41.3791501,\"lng\":2.1721979,\"icon\":\"\",\"title\":\"BE APARTMENTS BARCELONA\",\"content\":\"\\n<div class=\\\"uk-text-left\\\">\\n\\n    \\n    \\n    \\n    \\n        <div class=\\\"uk-margin\\\"><img decoding=\\\"async\\\" src=\\\"\\\/wp-content\\\/uploads\\\/2015\\\/06\\\/be-hostels-apartments-barcelona.png\\\" style=\\\"height:36px ; width:auto;\\\"  \\\/><br\\\/>\\n<p class=\\\"uk-text-small\\\">Carrer Sant Pau 29<br\\\/>\\n08001 Barcelona-Spain<br>\\nTel:(+34) 93 185 0800<br>\\nsound@behostels.com<br>\\n<\\\/p><\\\/div>\\n    \\n    \\n    \\n    \\n<\\\/div>\\n\"}],\"directionsText\":\"Get Directions\"}<\/script>\n\r\n<br>\r\n<ul class=\"rooms\">\r\n\t<li>5m de la playa<\/li>\r\n\t<li>Justo delante del metro<\/li>\r\n\t<li>15m en metro de los puntos mas interesantes y tur\u00edsticos de la ciudad<\/li>\r\n\t<li>10m de la Sagrada Familia<\/li>\r\n\t<li>Supermercados cerca<\/li>\r\n<\/ul>\r\n<div class=\"uk-text-center uk-margin\">\r\n<div class=\"download\">\r\n<a href=\"https:\/\/behostels.com\/wp-content\/uploads\/PDF-Be-Hostels-Dream.pdf\" target=\"_blank\"> \r\n\t<i class=\"uk-icon-file-pdf-o uk-icon-large\"><\/i>\r\n\t\t<strong>Desc\u00e1rgate<\/strong> nuestro mapa de como llegar (version en ingles)\r\n<\/a>\r\n<\/div>\r\n\t<\/div>\r\n&nbsp;\r\n\r\n<h2 class=\"fantasy\">Como llegar a <a class=\"invisible\" href=\"http:\/\/www.behostels.com\/dream\">Be Dream Hostel<\/a>?<\/h2>\r\n<p>Llegar a Be Dream Hostel es muy f\u00e1cil! Estas son las indicaciones de c\u00f3mo llegar a nosotros en funci\u00f3n del medio de transporte en que ven\u00eds a nuestra ciudad. Buen viaje chicos y nos vemos en Badalona pronto!\r\n<\/p>\r\n<p>\r\nEl Albergue Be Hostels Dream esta ubicado a solo 5 minutos de la playa, justo delante de la parada del Metro Pep Ventura (L2). A tan s\u00f3lo 15 minutos en metro de los puntos mas interesantes y tur\u00edsticos de la ciudad. Lo importante y mas sencillo para llegar a nuestro Albergue es coger la Linea Lila (L2) del metro y bajaros en la parada de Pep Ventura. Una vez en la estaci\u00f3n de Pep Ventura deb\u00e9is salir por la puerta que pone Av. ALFONSO XIII.\r\n\t<\/p>\r\n<p>\r\nUna vez que est\u00e1s fuera del metro, camina en l\u00ednea recta bajando la Avenida Alfonso XIII hacia el letrero naranja del dentista \u201cUNI Dental\u201d. Estamos situados justo enfrente del dentista en Av. Alfonso XIII #28 B.\r\n<\/p>\r\n&nbsp;\r\n\n<div  data-uk-scrollspy=\"{target:'> div > [data-uk-scrollspy-cls]', delay:300}\">\n\n\n    \n    <div class=\"uk-grid uk-text-left uk-flex-middle\" data-uk-grid-match data-uk-margin=\"{cls:'uk-margin-top'}\">\n\n                <div class=\"uk-width-medium-3-10 uk-text-center uk-invisible\"  data-uk-scrollspy-cls=\"uk-animation-fade uk-invisible\">\n            <div class=\"uk-overlay uk-overlay-hover uk-border-circle\"><img decoding=\"async\" src=\"\/wp-content\/uploads\/2015\/07\/aerobus-barcelona.jpg\" class=\"uk-border-circle uk-overlay-scale\" alt=\"Desde el Aeropuerto de Barcelona\"><div class=\"uk-overlay-panel uk-overlay-background uk-overlay-icon uk-overlay-fade\"><\/div><\/div>        <\/div>\n        \n                <div class=\"uk-width-medium-7-10 uk-invisible\"  data-uk-scrollspy-cls=\"uk-animation-slide-right uk-invisible\">\n            <div class=\"uk-panel uk-panel-space uk-width-1-1\">\n\n                \n                                <h3 class=\"uk-panel-title\">\n\n                                            Desde el Aeropuerto de Barcelona                    \n                    \n                <\/h3>\n                \n                                <div class=\"uk-margin\"><p>Si vienes del Aeropuerto de Barcelona deber\u00e1s coger el AEROBUS que se encuentran a la salida del terminal del Aeropuerto (parada de Aerobus) y te llevar\u00e1 al Centro de la Ciudad de Barcelona. B\u00e1jate en la parada de Plaza Universitat y toma el Metro (LINEA LILA L2) de esta misma Estaci\u00f3n (Plaza Univesitat), direcci\u00f3n Badalona. Luego bajate en la estaci\u00f3n de METRO Pep Ventura, saliendo de esta Estaci\u00f3n encontrar\u00e1s el Be Hostels Dream.<strong><a title=\"Barcelona Transport\" href=\"http:\/\/behostels.com\/barcelona-transport-system-how-to-get-be-hostels\/\"> Horarios y Precios ( Versi\u00f3n Ingl\u00e9s )<\/a><\/strong><\/p><\/div>\n                \n                \n                \n            <\/div>\n        <\/div>\n        \n    <\/div>\n\n    \n\n    \n    <div class=\"uk-grid uk-text-left uk-flex-middle\" data-uk-grid-match data-uk-margin=\"{cls:'uk-margin-top'}\">\n\n                <div class=\"uk-width-medium-3-10 uk-text-center uk-float-right uk-flex-order-last-medium uk-invisible\"  data-uk-scrollspy-cls=\"uk-animation-fade uk-invisible\">\n            <div class=\"uk-overlay uk-overlay-hover uk-border-circle\"><img decoding=\"async\" src=\"\/wp-content\/uploads\/2015\/07\/shuttle-girona-airport.jpg\" class=\"uk-border-circle uk-overlay-scale\" alt=\"Aeropuerto de Girona o Estaci\u00f3 del Nord. (autobuses)\"><div class=\"uk-overlay-panel uk-overlay-background uk-overlay-icon uk-overlay-fade\"><\/div><\/div>        <\/div>\n        \n                <div class=\"uk-width-medium-7-10 uk-invisible\"  data-uk-scrollspy-cls=\"uk-animation-slide-left uk-invisible\">\n            <div class=\"uk-panel uk-panel-space uk-width-1-1\">\n\n                \n                                <h3 class=\"uk-panel-title\">\n\n                                            Aeropuerto de Girona o Estaci\u00f3 del Nord. (autobuses)                    \n                    \n                <\/h3>\n                \n                                <div class=\"uk-margin\"><p>Si vienes del Aeropuerto de Girona necesitar\u00e1s coger un autob\u00fas que te llevar\u00e1 hasta la Estaci\u00f3n del Norte en Barcelona. El trayecto dura 1 hora y 15 minutos. Una vez en la Estaci\u00f3n del Norte, fuera de ella, encontrar\u00e1s la L\u00ednea Roja del metro (Estaci\u00f3n Arc de Triumf) debes coger el Metro direcci\u00f3n Fondo y bajate en la estaci\u00f3n Clot y en esta misma estaci\u00f3n encontrar\u00e1s la l\u00ednea Lila L2, la cual deber\u00e1s coger direcci\u00f3n Badalona. Bajaros en esta estaci\u00f3n Pep Ventura y ya estas en el Albergue Be Hostels Dream!.<strong><a title=\"Barcelona Transport\" href=\"http:\/\/behostels.com\/barcelona-transport-system-how-to-get-be-hostels\/\"> Horarios y Precios ( Versi\u00f3n Ingl\u00e9s )<\/a><\/strong>.<\/p><\/div>\n                \n                \n                \n            <\/div>\n        <\/div>\n        \n    <\/div>\n\n    \n\n<\/div>\n\r\n\r\n<div class=\"destacado\">\r\n<h2 class=\"fantasy\">Atenci\u00f3n<\/h2>\r\n<ul>\r\n\t<li>Esta informaci\u00f3n no inlcuye precios. Para informaci\u00f3n m\u00e1s detalla da sobre PRECIOS y otros detalles por favor visita nuestra p\u00e1gina<strong><a title=\"Barcelona Transport\" href=\"https:\/\/behostels.com\/barcelona-transport-system-how-to-get-be-hostels\/\"> Transporte en Barcelona ( Versi\u00f3n en ingl\u00e9s )<\/a><\/strong><\/li>\r\n<\/ul>\r\n<\/div>\r\n<div class=\"uk-grid\">\r\n\t<div class=\"uk-width-1-2 uk-container-center\">\r\n\n<div data-uk-slideshow=\"{autoplay: true ,autoplayInterval: 3000}\">\n\n    <div class=\"uk-slidenav-position\">\n\n        <ul class=\"uk-slideshow\">\n        \n            <li style=\"min-height: 100px;\">\n\n                \n                    <img decoding=\"async\" src=\"\/wp-content\/plugins\/widgetkit\/cache\/pic1-0702a17f4c7d02197c6adb9a5d5ea4cc.png\" alt=\"Pic1\" height=\"400\">\n                    \n                    \n                    \n                \n            <\/li>\n\n        \n            <li style=\"min-height: 100px;\">\n\n                \n                    <img decoding=\"async\" src=\"\/wp-content\/plugins\/widgetkit\/cache\/pic2-28a4ad5acab9863dd0757aa115a95c39.png\" alt=\"Pic2\" height=\"400\">\n                    \n                    \n                    \n                \n            <\/li>\n\n        \n            <li style=\"min-height: 100px;\">\n\n                \n                    <img decoding=\"async\" src=\"\/wp-content\/plugins\/widgetkit\/cache\/pic3-2708a0df01c2881fbe82aff523f2ee3a.png\" alt=\"Pic3\" height=\"400\">\n                    \n                    \n                    \n                \n            <\/li>\n\n        \n            <li style=\"min-height: 100px;\">\n\n                \n                    <img decoding=\"async\" src=\"\/wp-content\/plugins\/widgetkit\/cache\/pic4-9719e26af783f67dc40862ade9b82d27.png\" alt=\"Pic4\" height=\"400\">\n                    \n                    \n                    \n                \n            <\/li>\n\n        \n            <li style=\"min-height: 100px;\">\n\n                \n                    <img decoding=\"async\" src=\"\/wp-content\/plugins\/widgetkit\/cache\/pic5-b61d9d1806d4bcf57bd41eaddfe96509.png\" alt=\"Pic5\" height=\"400\">\n                    \n                    \n                    \n                \n            <\/li>\n\n        \n            <li style=\"min-height: 100px;\">\n\n                \n                    <img decoding=\"async\" src=\"\/wp-content\/plugins\/widgetkit\/cache\/pic6-322e0e57ed4161b2552fd3b883ca10e0.png\" alt=\"Pic6\" height=\"400\">\n                    \n                    \n                    \n                \n            <\/li>\n\n        \n            <li style=\"min-height: 100px;\">\n\n                \n                    <img decoding=\"async\" src=\"\/wp-content\/plugins\/widgetkit\/cache\/pic8-45cf1a4fde25da257bd39789adff6b67.png\" alt=\"Pic8\" height=\"400\">\n                    \n                    \n                    \n                \n            <\/li>\n\n                <\/ul>\n\n                <a href=\"#\" class=\"uk-slidenav uk-slidenav-contrast uk-slidenav-previous uk-hidden-touch\" data-uk-slideshow-item=\"previous\"><\/a>\n        <a href=\"#\" class=\"uk-slidenav uk-slidenav-contrast uk-slidenav-next uk-hidden-touch\" data-uk-slideshow-item=\"next\"><\/a>\n        \n                <div class=\"uk-overlay-panel uk-overlay-bottom\">\n            \n<ul class=\"uk-dotnav uk-dotnav-contrast uk-flex-center\">\n    <li data-uk-slideshow-item=\"0\"><a href=\"#\">Pic1<\/a><\/li>\n    <li data-uk-slideshow-item=\"1\"><a href=\"#\">Pic2<\/a><\/li>\n    <li data-uk-slideshow-item=\"2\"><a href=\"#\">Pic3<\/a><\/li>\n    <li data-uk-slideshow-item=\"3\"><a href=\"#\">Pic4<\/a><\/li>\n    <li data-uk-slideshow-item=\"4\"><a href=\"#\">Pic5<\/a><\/li>\n    <li data-uk-slideshow-item=\"5\"><a href=\"#\">Pic6<\/a><\/li>\n    <li data-uk-slideshow-item=\"6\"><a href=\"#\">Pic8<\/a><\/li>\n<\/ul>\n        <\/div>\n        \n    <\/div>\n\n    \n<\/div>\n\r\n\t<\/div>\r\n<\/div>\r\n","protected":false},"excerpt":{"rendered":"<p>Be Dream Hostel es el albergue perfecto para disfrutar de la playa! 5m de la playa Justo delante del metro 15m en metro de los puntos mas interesantes y tur\u00edsticos de la ciudad 10m de la Sagrada Familia Supermercados cerca Desc\u00e1rgate nuestro mapa de como llegar (version en ingles) &nbsp; Como llegar a Be Dream [&hellip;]<\/p>\n","protected":false},"author":1,"featured_media":0,"parent":197,"menu_order":0,"comment_status":"closed","ping_status":"open","template":"","meta":{"footnotes":""},"yoast_head":"<!-- This site is optimized with the Yoast SEO plugin v22.7 - https:\/\/yoast.com\/wordpress\/plugins\/seo\/ -->\n<title>Como llegar a Be Dream Hostel en Barcelona, muy cerca de la playa!<\/title>\n<meta name=\"description\" content=\"Be Dream Hostel es un albergue juvenil, que esta muy cerca de la playa en bonita zona de Badalona, la mejor ubicaci\u00f3n posible!\" \/>\n<meta name=\"robots\" content=\"index, follow, max-snippet:-1, max-image-preview:large, max-video-preview:-1\" \/>\n<link rel=\"canonical\" href=\"https:\/\/behostels.com\/es\/dream\/como-llegar\/\" \/>\n<meta property=\"og:locale\" content=\"es_ES\" \/>\n<meta property=\"og:type\" content=\"article\" \/>\n<meta property=\"og:title\" content=\"Como llegar a Be Dream Hostel en Barcelona, muy cerca de la playa!\" \/>\n<meta property=\"og:description\" content=\"Be Dream Hostel es un albergue juvenil, que esta muy cerca de la playa en bonita zona de Badalona, la mejor ubicaci\u00f3n posible!\" \/>\n<meta property=\"og:url\" content=\"https:\/\/behostels.com\/es\/dream\/como-llegar\/\" \/>\n<meta property=\"og:site_name\" content=\"Be Hostels\" \/>\n<meta property=\"article:modified_time\" content=\"2015-12-08T00:10:00+00:00\" \/>\n<meta name=\"twitter:card\" content=\"summary_large_image\" \/>\n<meta name=\"twitter:label1\" content=\"Tiempo de lectura\" \/>\n\t<meta name=\"twitter:data1\" content=\"1 minuto\" \/>\n<script type=\"application\/ld+json\" class=\"yoast-schema-graph\">{\"@context\":\"https:\/\/schema.org\",\"@graph\":[{\"@type\":\"WebPage\",\"@id\":\"https:\/\/behostels.com\/es\/dream\/como-llegar\/\",\"url\":\"https:\/\/behostels.com\/es\/dream\/como-llegar\/\",\"name\":\"Como llegar a Be Dream Hostel en Barcelona, muy cerca de la playa!\",\"isPartOf\":{\"@id\":\"https:\/\/behostels.com\/es\/#website\"},\"datePublished\":\"2015-06-10T12:33:54+00:00\",\"dateModified\":\"2015-12-08T00:10:00+00:00\",\"description\":\"Be Dream Hostel es un albergue juvenil, que esta muy cerca de la playa en bonita zona de Badalona, la mejor ubicaci\u00f3n posible!\",\"breadcrumb\":{\"@id\":\"https:\/\/behostels.com\/es\/dream\/como-llegar\/#breadcrumb\"},\"inLanguage\":\"es\",\"potentialAction\":[{\"@type\":\"ReadAction\",\"target\":[\"https:\/\/behostels.com\/es\/dream\/como-llegar\/\"]}]},{\"@type\":\"BreadcrumbList\",\"@id\":\"https:\/\/behostels.com\/es\/dream\/como-llegar\/#breadcrumb\",\"itemListElement\":[{\"@type\":\"ListItem\",\"position\":1,\"name\":\"Home\",\"item\":\"https:\/\/behostels.com\/es\/\"},{\"@type\":\"ListItem\",\"position\":2,\"name\":\"Bienvenido a Be Dream Hostel Barcelona!\",\"item\":\"https:\/\/behostels.com\/es\/dream\/\"},{\"@type\":\"ListItem\",\"position\":3,\"name\":\"Como llegar a Be Dream Hostel Barcelona\"}]},{\"@type\":\"WebSite\",\"@id\":\"https:\/\/behostels.com\/es\/#website\",\"url\":\"https:\/\/behostels.com\/es\/\",\"name\":\"Be Hostels\",\"description\":\"\",\"publisher\":{\"@id\":\"https:\/\/behostels.com\/es\/#organization\"},\"potentialAction\":[{\"@type\":\"SearchAction\",\"target\":{\"@type\":\"EntryPoint\",\"urlTemplate\":\"https:\/\/behostels.com\/es\/?s={search_term_string}\"},\"query-input\":\"required name=search_term_string\"}],\"inLanguage\":\"es\"},{\"@type\":\"Organization\",\"@id\":\"https:\/\/behostels.com\/es\/#organization\",\"name\":\"Be Hostels\",\"url\":\"https:\/\/behostels.com\/es\/\",\"logo\":{\"@type\":\"ImageObject\",\"inLanguage\":\"es\",\"@id\":\"https:\/\/behostels.com\/es\/#\/schema\/logo\/image\/\",\"url\":\"https:\/\/behostels.com\/wp-content\/uploads\/2015\/06\/be_reservations_logo.jpg\",\"contentUrl\":\"https:\/\/behostels.com\/wp-content\/uploads\/2015\/06\/be_reservations_logo.jpg\",\"width\":130,\"height\":130,\"caption\":\"Be Hostels\"},\"image\":{\"@id\":\"https:\/\/behostels.com\/es\/#\/schema\/logo\/image\/\"}}]}<\/script>\n<!-- \/ Yoast SEO plugin. -->","yoast_head_json":{"title":"Como llegar a Be Dream Hostel en Barcelona, muy cerca de la playa!","description":"Be Dream Hostel es un albergue juvenil, que esta muy cerca de la playa en bonita zona de Badalona, la mejor ubicaci\u00f3n posible!","robots":{"index":"index","follow":"follow","max-snippet":"max-snippet:-1","max-image-preview":"max-image-preview:large","max-video-preview":"max-video-preview:-1"},"canonical":"https:\/\/behostels.com\/es\/dream\/como-llegar\/","og_locale":"es_ES","og_type":"article","og_title":"Como llegar a Be Dream Hostel en Barcelona, muy cerca de la playa!","og_description":"Be Dream Hostel es un albergue juvenil, que esta muy cerca de la playa en bonita zona de Badalona, la mejor ubicaci\u00f3n posible!","og_url":"https:\/\/behostels.com\/es\/dream\/como-llegar\/","og_site_name":"Be Hostels","article_modified_time":"2015-12-08T00:10:00+00:00","twitter_card":"summary_large_image","twitter_misc":{"Tiempo de lectura":"1 minuto"},"schema":{"@context":"https:\/\/schema.org","@graph":[{"@type":"WebPage","@id":"https:\/\/behostels.com\/es\/dream\/como-llegar\/","url":"https:\/\/behostels.com\/es\/dream\/como-llegar\/","name":"Como llegar a Be Dream Hostel en Barcelona, muy cerca de la playa!","isPartOf":{"@id":"https:\/\/behostels.com\/es\/#website"},"datePublished":"2015-06-10T12:33:54+00:00","dateModified":"2015-12-08T00:10:00+00:00","description":"Be Dream Hostel es un albergue juvenil, que esta muy cerca de la playa en bonita zona de Badalona, la mejor ubicaci\u00f3n posible!","breadcrumb":{"@id":"https:\/\/behostels.com\/es\/dream\/como-llegar\/#breadcrumb"},"inLanguage":"es","potentialAction":[{"@type":"ReadAction","target":["https:\/\/behostels.com\/es\/dream\/como-llegar\/"]}]},{"@type":"BreadcrumbList","@id":"https:\/\/behostels.com\/es\/dream\/como-llegar\/#breadcrumb","itemListElement":[{"@type":"ListItem","position":1,"name":"Home","item":"https:\/\/behostels.com\/es\/"},{"@type":"ListItem","position":2,"name":"Bienvenido a Be Dream Hostel Barcelona!","item":"https:\/\/behostels.com\/es\/dream\/"},{"@type":"ListItem","position":3,"name":"Como llegar a Be Dream Hostel Barcelona"}]},{"@type":"WebSite","@id":"https:\/\/behostels.com\/es\/#website","url":"https:\/\/behostels.com\/es\/","name":"Be Hostels","description":"","publisher":{"@id":"https:\/\/behostels.com\/es\/#organization"},"potentialAction":[{"@type":"SearchAction","target":{"@type":"EntryPoint","urlTemplate":"https:\/\/behostels.com\/es\/?s={search_term_string}"},"query-input":"required name=search_term_string"}],"inLanguage":"es"},{"@type":"Organization","@id":"https:\/\/behostels.com\/es\/#organization","name":"Be Hostels","url":"https:\/\/behostels.com\/es\/","logo":{"@type":"ImageObject","inLanguage":"es","@id":"https:\/\/behostels.com\/es\/#\/schema\/logo\/image\/","url":"https:\/\/behostels.com\/wp-content\/uploads\/2015\/06\/be_reservations_logo.jpg","contentUrl":"https:\/\/behostels.com\/wp-content\/uploads\/2015\/06\/be_reservations_logo.jpg","width":130,"height":130,"caption":"Be Hostels"},"image":{"@id":"https:\/\/behostels.com\/es\/#\/schema\/logo\/image\/"}}]}},"_links":{"self":[{"href":"https:\/\/behostels.com\/es\/wp-json\/wp\/v2\/pages\/212"}],"collection":[{"href":"https:\/\/behostels.com\/es\/wp-json\/wp\/v2\/pages"}],"about":[{"href":"https:\/\/behostels.com\/es\/wp-json\/wp\/v2\/types\/page"}],"author":[{"embeddable":true,"href":"https:\/\/behostels.com\/es\/wp-json\/wp\/v2\/users\/1"}],"replies":[{"embeddable":true,"href":"https:\/\/behostels.com\/es\/wp-json\/wp\/v2\/comments?post=212"}],"version-history":[{"count":0,"href":"https:\/\/behostels.com\/es\/wp-json\/wp\/v2\/pages\/212\/revisions"}],"up":[{"embeddable":true,"href":"https:\/\/behostels.com\/es\/wp-json\/wp\/v2\/pages\/197"}],"wp:attachment":[{"href":"https:\/\/behostels.com\/es\/wp-json\/wp\/v2\/media?parent=212"}],"curies":[{"name":"wp","href":"https:\/\/api.w.org\/{rel}","templated":true}]}}