{"id":183,"date":"2015-06-09T16:14:15","date_gmt":"2015-06-09T16:14:15","guid":{"rendered":"https:\/\/behostels.com\/?page_id=183"},"modified":"2015-12-07T23:20:29","modified_gmt":"2015-12-07T23:20:29","slug":"servicios","status":"publish","type":"page","link":"https:\/\/behostels.com\/es\/sound\/servicios\/","title":{"rendered":"Be Sound Servicios"},"content":{"rendered":"<h2 class=\"fantasy\">Todas las actividades mejores y gratis se pueden encontrar en Be Sound Hostel para disfrutar de su estancia en Barcelona! S\u00f3lo con hacer el check-in nuestros viajeros dispondr\u00e1n de:<\/h2>\r\n<div class=\"uk-grid\">\r\n<div class=\"uk-width-large-1-2 uk-width-medium-1-2 uk-width-small-1-1\">\r\n<ul>\r\n\t<li>Wifi y Conexi\u00f3n a internet gratis en los ordenadores<\/li>\r\n\t<li>Taquillas Electr\u00f3nicas para cada cama Gratis<\/li>\r\n\t<li>Tour a pie Gratis<\/li>\r\n\t<li>Mapas Gratis<\/li>\r\n\t<li>Cocina disponible para los viajeros<\/li>\r\n\t<li>Preciosa Terraza para los viajeros<\/li>\r\n        <li>Actividades organizadas cada dia: tapas y flamenco, tours culturales, Pub Crawls<\/li>\r\n\t<li>Recepci\u00f3n abierta 24 horas<\/li>\r\n\t\r\n<\/ul>\r\n<\/div>\r\n<div class=\"uk-width-large-1-2 uk-width-medium-1-2 uk-width-small-1-1\">\r\n<ul>\r\n        <li>Sala com\u00fan genial<\/li>\r\n\t<li>Aire acondicionado y calefacci\u00f3n<\/li>\r\n\t<li>Recepcionistas internacionales y locales dispuestos a ayudarte siempre<\/li>\r\n\t<li>Taquillas para dejar las maletas despu\u00e9s de la salida<\/li>\r\n\t<li>M\u00e1quinas de lavadora y secadora con monedas<\/li>\r\n\t<li>Alquiler de s\u00e1banas o toallas por 2,5\u20ac<\/li>\r\n\t<li>Parking para bicicletas<\/li>\r\n<\/ul>\r\n<\/div>\r\n<\/div>\r\n<br \/>\r\n<br \/>\r\n<iframe loading=\"lazy\" width=\"920\" height=\"600\" frameborder=\"0\" scrolling=\"no\" marginheight=\"0\" marginwidth=\"0\" src=\"https:\/\/www.google.es\/maps?q=be+sound+hostel&amp;layer=c&amp;sll=41.375885,2.171036&amp;cid=17286067778879946973&amp;panoid=XObqsOZxnYAAAAQIt85OOw&amp;cbp=13,303.51,,0,0.47&amp;ie=UTF8&amp;hq=be+sound+hostel&amp;hnear=&amp;t=m&amp;cbll=41.375784,2.171174&amp;source=embed&amp;ll=41.373,2.171173&amp;spn=0.009661,0.019741&amp;z=16&amp;output=svembed\"><\/iframe>","protected":false},"excerpt":{"rendered":"<p>Todas las actividades mejores y gratis se pueden encontrar en Be Sound Hostel para disfrutar de su estancia en Barcelona! S\u00f3lo con hacer el check-in nuestros viajeros dispondr\u00e1n de: Wifi y Conexi\u00f3n a internet gratis en los ordenadores Taquillas Electr\u00f3nicas para cada cama Gratis Tour a pie Gratis Mapas Gratis Cocina disponible para los viajeros [&hellip;]<\/p>\n","protected":false},"author":1,"featured_media":0,"parent":132,"menu_order":0,"comment_status":"closed","ping_status":"open","template":"","meta":{"footnotes":""},"yoast_head":"<!-- This site is optimized with the Yoast SEO plugin v22.7 - https:\/\/yoast.com\/wordpress\/plugins\/seo\/ -->\n<title>Servicios Be Sound Hostel<\/title>\n<meta name=\"description\" content=\"Puedes encontrar todo lo que necesitas en Be Sound Hostel en Barcelona!. Hechas un vistazo a los servicios.\" \/>\n<meta name=\"robots\" content=\"index, follow, max-snippet:-1, max-image-preview:large, max-video-preview:-1\" \/>\n<link rel=\"canonical\" href=\"https:\/\/behostels.com\/es\/sound\/servicios\/\" \/>\n<meta property=\"og:locale\" content=\"es_ES\" \/>\n<meta property=\"og:type\" content=\"article\" \/>\n<meta property=\"og:title\" content=\"Servicios Be Sound Hostel\" \/>\n<meta property=\"og:description\" content=\"Puedes encontrar todo lo que necesitas en Be Sound Hostel en Barcelona!. Hechas un vistazo a los servicios.\" \/>\n<meta property=\"og:url\" content=\"https:\/\/behostels.com\/es\/sound\/servicios\/\" \/>\n<meta property=\"og:site_name\" content=\"Be Hostels\" \/>\n<meta property=\"article:modified_time\" content=\"2015-12-07T23:20:29+00:00\" \/>\n<meta name=\"twitter:card\" content=\"summary_large_image\" \/>\n<meta name=\"twitter:label1\" content=\"Tiempo de lectura\" \/>\n\t<meta name=\"twitter:data1\" content=\"1 minuto\" \/>\n<script type=\"application\/ld+json\" class=\"yoast-schema-graph\">{\"@context\":\"https:\/\/schema.org\",\"@graph\":[{\"@type\":\"WebPage\",\"@id\":\"https:\/\/behostels.com\/es\/sound\/servicios\/\",\"url\":\"https:\/\/behostels.com\/es\/sound\/servicios\/\",\"name\":\"Servicios Be Sound Hostel\",\"isPartOf\":{\"@id\":\"https:\/\/behostels.com\/es\/#website\"},\"datePublished\":\"2015-06-09T16:14:15+00:00\",\"dateModified\":\"2015-12-07T23:20:29+00:00\",\"description\":\"Puedes encontrar todo lo que necesitas en Be Sound Hostel en Barcelona!. Hechas un vistazo a los servicios.\",\"breadcrumb\":{\"@id\":\"https:\/\/behostels.com\/es\/sound\/servicios\/#breadcrumb\"},\"inLanguage\":\"es\",\"potentialAction\":[{\"@type\":\"ReadAction\",\"target\":[\"https:\/\/behostels.com\/es\/sound\/servicios\/\"]}]},{\"@type\":\"BreadcrumbList\",\"@id\":\"https:\/\/behostels.com\/es\/sound\/servicios\/#breadcrumb\",\"itemListElement\":[{\"@type\":\"ListItem\",\"position\":1,\"name\":\"Home\",\"item\":\"https:\/\/behostels.com\/es\/\"},{\"@type\":\"ListItem\",\"position\":2,\"name\":\"Be Sound Hostel Barcelona: Un albergue barato, espacioso y original en Barcelona\",\"item\":\"https:\/\/behostels.com\/es\/sound\/\"},{\"@type\":\"ListItem\",\"position\":3,\"name\":\"Be Sound Servicios\"}]},{\"@type\":\"WebSite\",\"@id\":\"https:\/\/behostels.com\/es\/#website\",\"url\":\"https:\/\/behostels.com\/es\/\",\"name\":\"Be Hostels\",\"description\":\"\",\"publisher\":{\"@id\":\"https:\/\/behostels.com\/es\/#organization\"},\"potentialAction\":[{\"@type\":\"SearchAction\",\"target\":{\"@type\":\"EntryPoint\",\"urlTemplate\":\"https:\/\/behostels.com\/es\/?s={search_term_string}\"},\"query-input\":\"required name=search_term_string\"}],\"inLanguage\":\"es\"},{\"@type\":\"Organization\",\"@id\":\"https:\/\/behostels.com\/es\/#organization\",\"name\":\"Be Hostels\",\"url\":\"https:\/\/behostels.com\/es\/\",\"logo\":{\"@type\":\"ImageObject\",\"inLanguage\":\"es\",\"@id\":\"https:\/\/behostels.com\/es\/#\/schema\/logo\/image\/\",\"url\":\"https:\/\/behostels.com\/wp-content\/uploads\/2015\/06\/be_reservations_logo.jpg\",\"contentUrl\":\"https:\/\/behostels.com\/wp-content\/uploads\/2015\/06\/be_reservations_logo.jpg\",\"width\":130,\"height\":130,\"caption\":\"Be Hostels\"},\"image\":{\"@id\":\"https:\/\/behostels.com\/es\/#\/schema\/logo\/image\/\"}}]}<\/script>\n<!-- \/ Yoast SEO plugin. -->","yoast_head_json":{"title":"Servicios Be Sound Hostel","description":"Puedes encontrar todo lo que necesitas en Be Sound Hostel en Barcelona!. Hechas un vistazo a los servicios.","robots":{"index":"index","follow":"follow","max-snippet":"max-snippet:-1","max-image-preview":"max-image-preview:large","max-video-preview":"max-video-preview:-1"},"canonical":"https:\/\/behostels.com\/es\/sound\/servicios\/","og_locale":"es_ES","og_type":"article","og_title":"Servicios Be Sound Hostel","og_description":"Puedes encontrar todo lo que necesitas en Be Sound Hostel en Barcelona!. Hechas un vistazo a los servicios.","og_url":"https:\/\/behostels.com\/es\/sound\/servicios\/","og_site_name":"Be Hostels","article_modified_time":"2015-12-07T23:20:29+00:00","twitter_card":"summary_large_image","twitter_misc":{"Tiempo de lectura":"1 minuto"},"schema":{"@context":"https:\/\/schema.org","@graph":[{"@type":"WebPage","@id":"https:\/\/behostels.com\/es\/sound\/servicios\/","url":"https:\/\/behostels.com\/es\/sound\/servicios\/","name":"Servicios Be Sound Hostel","isPartOf":{"@id":"https:\/\/behostels.com\/es\/#website"},"datePublished":"2015-06-09T16:14:15+00:00","dateModified":"2015-12-07T23:20:29+00:00","description":"Puedes encontrar todo lo que necesitas en Be Sound Hostel en Barcelona!. Hechas un vistazo a los servicios.","breadcrumb":{"@id":"https:\/\/behostels.com\/es\/sound\/servicios\/#breadcrumb"},"inLanguage":"es","potentialAction":[{"@type":"ReadAction","target":["https:\/\/behostels.com\/es\/sound\/servicios\/"]}]},{"@type":"BreadcrumbList","@id":"https:\/\/behostels.com\/es\/sound\/servicios\/#breadcrumb","itemListElement":[{"@type":"ListItem","position":1,"name":"Home","item":"https:\/\/behostels.com\/es\/"},{"@type":"ListItem","position":2,"name":"Be Sound Hostel Barcelona: Un albergue barato, espacioso y original en Barcelona","item":"https:\/\/behostels.com\/es\/sound\/"},{"@type":"ListItem","position":3,"name":"Be Sound Servicios"}]},{"@type":"WebSite","@id":"https:\/\/behostels.com\/es\/#website","url":"https:\/\/behostels.com\/es\/","name":"Be Hostels","description":"","publisher":{"@id":"https:\/\/behostels.com\/es\/#organization"},"potentialAction":[{"@type":"SearchAction","target":{"@type":"EntryPoint","urlTemplate":"https:\/\/behostels.com\/es\/?s={search_term_string}"},"query-input":"required name=search_term_string"}],"inLanguage":"es"},{"@type":"Organization","@id":"https:\/\/behostels.com\/es\/#organization","name":"Be Hostels","url":"https:\/\/behostels.com\/es\/","logo":{"@type":"ImageObject","inLanguage":"es","@id":"https:\/\/behostels.com\/es\/#\/schema\/logo\/image\/","url":"https:\/\/behostels.com\/wp-content\/uploads\/2015\/06\/be_reservations_logo.jpg","contentUrl":"https:\/\/behostels.com\/wp-content\/uploads\/2015\/06\/be_reservations_logo.jpg","width":130,"height":130,"caption":"Be Hostels"},"image":{"@id":"https:\/\/behostels.com\/es\/#\/schema\/logo\/image\/"}}]}},"_links":{"self":[{"href":"https:\/\/behostels.com\/es\/wp-json\/wp\/v2\/pages\/183"}],"collection":[{"href":"https:\/\/behostels.com\/es\/wp-json\/wp\/v2\/pages"}],"about":[{"href":"https:\/\/behostels.com\/es\/wp-json\/wp\/v2\/types\/page"}],"author":[{"embeddable":true,"href":"https:\/\/behostels.com\/es\/wp-json\/wp\/v2\/users\/1"}],"replies":[{"embeddable":true,"href":"https:\/\/behostels.com\/es\/wp-json\/wp\/v2\/comments?post=183"}],"version-history":[{"count":0,"href":"https:\/\/behostels.com\/es\/wp-json\/wp\/v2\/pages\/183\/revisions"}],"up":[{"embeddable":true,"href":"https:\/\/behostels.com\/es\/wp-json\/wp\/v2\/pages\/132"}],"wp:attachment":[{"href":"https:\/\/behostels.com\/es\/wp-json\/wp\/v2\/media?parent=183"}],"curies":[{"name":"wp","href":"https:\/\/api.w.org\/{rel}","templated":true}]}}