{"id":165,"date":"2015-06-09T15:57:58","date_gmt":"2015-06-09T15:57:58","guid":{"rendered":"https:\/\/behostels.com\/?page_id=165"},"modified":"2015-12-07T23:35:28","modified_gmt":"2015-12-07T23:35:28","slug":"habitaciones","status":"publish","type":"page","link":"https:\/\/behostels.com\/es\/sound\/habitaciones\/","title":{"rendered":"Be Sound Hostel Barcelona: habitaciones en el centro de la ciudad"},"content":{"rendered":"\n\n<div id=\"wk-grid3d3\" class=\"uk-grid-width-1-1 uk-grid-width-medium-1-3 uk-grid uk-grid-match uk-grid-medium uk-text-center \" data-uk-grid-match=\"{target:'> div > .uk-panel', row:true}\" data-uk-grid-margin  data-uk-scrollspy=\"{cls:'uk-animation-fade uk-invisible', target:'> div > .uk-panel', delay:300}\">\n\n\n    <div>\n        <div class=\"uk-panel uk-invisible\">\n\n            \n            \n                        <div class=\"uk-text-center uk-panel-teaser\"><img loading=\"lazy\" decoding=\"async\" src=\"\/wp-content\/uploads\/2015\/11\/SharedRoom8Beds.jpg\" class=\"uk-border-circle uk-overlay-scale\" alt=\"Shared Room 8 Beds\" width=\"600\" height=\"600\"><\/div>\n            \n            \n            \n            \n            \n                        <div class=\"uk-margin\"><a class=\"uk-button\" href=\"https:\/\/booking.behostels.com\/?day=08\/04\/2026&#038;nights=7&#038;hotel=sound\">Dormitorios de 8 camas<\/a><\/div>\n            \n            \n            \n            \n        <\/div>\n    <\/div>\n\n\n    <div>\n        <div class=\"uk-panel uk-invisible\">\n\n            \n            \n                        <div class=\"uk-text-center uk-panel-teaser\"><img loading=\"lazy\" decoding=\"async\" src=\"\/wp-content\/uploads\/2015\/11\/SharedRoom6Beds.jpg\" class=\"uk-border-circle uk-overlay-scale\" alt=\"Shared Room 6 Beds\" width=\"600\" height=\"600\"><\/div>\n            \n            \n            \n            \n            \n                        <div class=\"uk-margin\"><a class=\"uk-button\" href=\"https:\/\/booking.behostels.com\/?day=08\/04\/2026&#038;nights=7&#038;hotel=sound\">Dormitorios de 6 camas<\/a><\/div>\n            \n            \n            \n            \n        <\/div>\n    <\/div>\n\n\n    <div>\n        <div class=\"uk-panel uk-invisible\">\n\n            \n            \n                        <div class=\"uk-text-center uk-panel-teaser\"><img loading=\"lazy\" decoding=\"async\" src=\"\/wp-content\/uploads\/2015\/11\/PrivateRoom4Beds.jpg\" class=\"uk-border-circle uk-overlay-scale\" alt=\"Private Room 4 beds\" width=\"600\" height=\"600\"><\/div>\n            \n            \n            \n            \n            \n                        <div class=\"uk-margin\"><a class=\"uk-button\" href=\"https:\/\/booking.behostels.com\/?day=08\/04\/2026&#038;nights=7&#038;hotel=sound\">Habitaci\u00f3n Privada de 4 camas<\/a><\/div>\n            \n            \n            \n            \n        <\/div>\n    <\/div>\n\n\n<\/div>\n\n<script>\n(function($){\n\n    \/\/ get the images of the gallery and replace it by a canvas of the same size to fix the problem with overlapping images on load.\n    $('img[width][height]:not(.uk-overlay-panel)', $('#wk-grid3d3')).each(function() {\n\n        var $img = $(this);\n\n        if (this.width == 'auto' || this.height == 'auto' || !$img.is(':visible')) {\n            return;\n        }\n\n        var $canvas = $('<canvas class=\"uk-responsive-width\"><\/canvas>').attr({width:$img.attr('width'), height:$img.attr('height')}),\n            img = new Image,\n            release = function() {\n                $canvas.remove();\n                $img.css('display', '');\n                release = function(){};\n            };\n\n        $img.css('display', 'none').after($canvas);\n\n        $(img).on('load', function(){ release(); });\n        setTimeout(function(){ release(); }, 1000);\n\n        img.src = this.src;\n\n    });\n\n})(jQuery);\n<\/script>\n\r\n<br>\r\n<br>\r\n<div class=\"destacado\">\r\n\t<h2 class=\"fantasy\">Las habitaciones en Be Sound Hostel son:<\/h2>\r\n<ul>\r\n\t<li><strong>Dormitorios de 6 y 8 camas.<\/strong> con ba\u00f1o compartido<\/li>\r\n\t<li><strong>Habitaci\u00f3n privada con 4 camas<\/strong> y ba\u00f1o compartido *<\/li>\r\n\r\n<\/ul>\r\n<\/div>\r\n<h2 class=\"fantasy\">Los servicios de las habitaciones son estos:<\/h2>\r\n<ul class=\"rooms\">\r\n\t<li>Hay una<strong> taquilla<\/strong> al lado de cada cama <strong>gratuita<\/strong><\/li>\r\n\t<li>La taquilla funciona con una <strong>llave electr\u00f3nica<\/strong>. Esta llave electr\u00f3nica abre la puerta principal del albergue, la puerta dela habitaci\u00f3n y la puerta de tu taquilla.<\/li>\r\n\t<li>Hay <strong>aire acondicionado<\/strong> y<strong> calefacci\u00f3n<\/strong> en las habitaciones.<\/li>\r\n\t<li>En la cama encontrar\u00e1s <strong>coj\u00edn, edred\u00f3n y manta<\/strong>.<\/li>\r\n\t<li>Toallas o s\u00e1banas se puede alquilar por 2,5\u20ac.<\/li>\r\n<\/ul>\r\n* La habitaci\u00f3n privada de 4 camas deber\u00e1 ser reservada por 4 personas.","protected":false},"excerpt":{"rendered":"<p>Las habitaciones en Be Sound Hostel son: Dormitorios de 6 y 8 camas. con ba\u00f1o compartido Habitaci\u00f3n privada con 4 camas y ba\u00f1o compartido * Los servicios de las habitaciones son estos: Hay una taquilla al lado de cada cama gratuita La taquilla funciona con una llave electr\u00f3nica. Esta llave electr\u00f3nica abre la puerta principal [&hellip;]<\/p>\n","protected":false},"author":1,"featured_media":0,"parent":132,"menu_order":0,"comment_status":"closed","ping_status":"open","template":"","meta":{"footnotes":""},"yoast_head":"<!-- This site is optimized with the Yoast SEO plugin v22.7 - https:\/\/yoast.com\/wordpress\/plugins\/seo\/ -->\n<title>Be Sound Barcelona Habitaciones en el centro de la ciudad<\/title>\n<meta name=\"description\" content=\"Mira nuestras habitaciones en el centro de la ciudad,\u00a0 bonitas y c\u00f3modas en Be Sound Hostel en Barcelona.\" \/>\n<meta name=\"robots\" content=\"index, follow, max-snippet:-1, max-image-preview:large, max-video-preview:-1\" \/>\n<link rel=\"canonical\" href=\"https:\/\/behostels.com\/es\/sound\/habitaciones\/\" \/>\n<meta property=\"og:locale\" content=\"es_ES\" \/>\n<meta property=\"og:type\" content=\"article\" \/>\n<meta property=\"og:title\" content=\"Be Sound Barcelona Habitaciones en el centro de la ciudad\" \/>\n<meta property=\"og:description\" content=\"Mira nuestras habitaciones en el centro de la ciudad,\u00a0 bonitas y c\u00f3modas en Be Sound Hostel en Barcelona.\" \/>\n<meta property=\"og:url\" content=\"https:\/\/behostels.com\/es\/sound\/habitaciones\/\" \/>\n<meta property=\"og:site_name\" content=\"Be Hostels\" \/>\n<meta property=\"article:modified_time\" content=\"2015-12-07T23:35:28+00:00\" \/>\n<meta name=\"twitter:card\" content=\"summary_large_image\" \/>\n<meta name=\"twitter:label1\" content=\"Tiempo de lectura\" \/>\n\t<meta name=\"twitter:data1\" content=\"1 minuto\" \/>\n<script type=\"application\/ld+json\" class=\"yoast-schema-graph\">{\"@context\":\"https:\/\/schema.org\",\"@graph\":[{\"@type\":\"WebPage\",\"@id\":\"https:\/\/behostels.com\/es\/sound\/habitaciones\/\",\"url\":\"https:\/\/behostels.com\/es\/sound\/habitaciones\/\",\"name\":\"Be Sound Barcelona Habitaciones en el centro de la ciudad\",\"isPartOf\":{\"@id\":\"https:\/\/behostels.com\/es\/#website\"},\"datePublished\":\"2015-06-09T15:57:58+00:00\",\"dateModified\":\"2015-12-07T23:35:28+00:00\",\"description\":\"Mira nuestras habitaciones en el centro de la ciudad,\u00a0 bonitas y c\u00f3modas en Be Sound Hostel en Barcelona.\",\"breadcrumb\":{\"@id\":\"https:\/\/behostels.com\/es\/sound\/habitaciones\/#breadcrumb\"},\"inLanguage\":\"es\",\"potentialAction\":[{\"@type\":\"ReadAction\",\"target\":[\"https:\/\/behostels.com\/es\/sound\/habitaciones\/\"]}]},{\"@type\":\"BreadcrumbList\",\"@id\":\"https:\/\/behostels.com\/es\/sound\/habitaciones\/#breadcrumb\",\"itemListElement\":[{\"@type\":\"ListItem\",\"position\":1,\"name\":\"Home\",\"item\":\"https:\/\/behostels.com\/es\/\"},{\"@type\":\"ListItem\",\"position\":2,\"name\":\"Be Sound Hostel Barcelona: Un albergue barato, espacioso y original en Barcelona\",\"item\":\"https:\/\/behostels.com\/es\/sound\/\"},{\"@type\":\"ListItem\",\"position\":3,\"name\":\"Be Sound Hostel Barcelona: habitaciones en el centro de la ciudad\"}]},{\"@type\":\"WebSite\",\"@id\":\"https:\/\/behostels.com\/es\/#website\",\"url\":\"https:\/\/behostels.com\/es\/\",\"name\":\"Be Hostels\",\"description\":\"\",\"publisher\":{\"@id\":\"https:\/\/behostels.com\/es\/#organization\"},\"potentialAction\":[{\"@type\":\"SearchAction\",\"target\":{\"@type\":\"EntryPoint\",\"urlTemplate\":\"https:\/\/behostels.com\/es\/?s={search_term_string}\"},\"query-input\":\"required name=search_term_string\"}],\"inLanguage\":\"es\"},{\"@type\":\"Organization\",\"@id\":\"https:\/\/behostels.com\/es\/#organization\",\"name\":\"Be Hostels\",\"url\":\"https:\/\/behostels.com\/es\/\",\"logo\":{\"@type\":\"ImageObject\",\"inLanguage\":\"es\",\"@id\":\"https:\/\/behostels.com\/es\/#\/schema\/logo\/image\/\",\"url\":\"https:\/\/behostels.com\/wp-content\/uploads\/2015\/06\/be_reservations_logo.jpg\",\"contentUrl\":\"https:\/\/behostels.com\/wp-content\/uploads\/2015\/06\/be_reservations_logo.jpg\",\"width\":130,\"height\":130,\"caption\":\"Be Hostels\"},\"image\":{\"@id\":\"https:\/\/behostels.com\/es\/#\/schema\/logo\/image\/\"}}]}<\/script>\n<!-- \/ Yoast SEO plugin. -->","yoast_head_json":{"title":"Be Sound Barcelona Habitaciones en el centro de la ciudad","description":"Mira nuestras habitaciones en el centro de la ciudad,\u00a0 bonitas y c\u00f3modas en Be Sound Hostel en Barcelona.","robots":{"index":"index","follow":"follow","max-snippet":"max-snippet:-1","max-image-preview":"max-image-preview:large","max-video-preview":"max-video-preview:-1"},"canonical":"https:\/\/behostels.com\/es\/sound\/habitaciones\/","og_locale":"es_ES","og_type":"article","og_title":"Be Sound Barcelona Habitaciones en el centro de la ciudad","og_description":"Mira nuestras habitaciones en el centro de la ciudad,\u00a0 bonitas y c\u00f3modas en Be Sound Hostel en Barcelona.","og_url":"https:\/\/behostels.com\/es\/sound\/habitaciones\/","og_site_name":"Be Hostels","article_modified_time":"2015-12-07T23:35:28+00:00","twitter_card":"summary_large_image","twitter_misc":{"Tiempo de lectura":"1 minuto"},"schema":{"@context":"https:\/\/schema.org","@graph":[{"@type":"WebPage","@id":"https:\/\/behostels.com\/es\/sound\/habitaciones\/","url":"https:\/\/behostels.com\/es\/sound\/habitaciones\/","name":"Be Sound Barcelona Habitaciones en el centro de la ciudad","isPartOf":{"@id":"https:\/\/behostels.com\/es\/#website"},"datePublished":"2015-06-09T15:57:58+00:00","dateModified":"2015-12-07T23:35:28+00:00","description":"Mira nuestras habitaciones en el centro de la ciudad,\u00a0 bonitas y c\u00f3modas en Be Sound Hostel en Barcelona.","breadcrumb":{"@id":"https:\/\/behostels.com\/es\/sound\/habitaciones\/#breadcrumb"},"inLanguage":"es","potentialAction":[{"@type":"ReadAction","target":["https:\/\/behostels.com\/es\/sound\/habitaciones\/"]}]},{"@type":"BreadcrumbList","@id":"https:\/\/behostels.com\/es\/sound\/habitaciones\/#breadcrumb","itemListElement":[{"@type":"ListItem","position":1,"name":"Home","item":"https:\/\/behostels.com\/es\/"},{"@type":"ListItem","position":2,"name":"Be Sound Hostel Barcelona: Un albergue barato, espacioso y original en Barcelona","item":"https:\/\/behostels.com\/es\/sound\/"},{"@type":"ListItem","position":3,"name":"Be Sound Hostel Barcelona: habitaciones en el centro de la ciudad"}]},{"@type":"WebSite","@id":"https:\/\/behostels.com\/es\/#website","url":"https:\/\/behostels.com\/es\/","name":"Be Hostels","description":"","publisher":{"@id":"https:\/\/behostels.com\/es\/#organization"},"potentialAction":[{"@type":"SearchAction","target":{"@type":"EntryPoint","urlTemplate":"https:\/\/behostels.com\/es\/?s={search_term_string}"},"query-input":"required name=search_term_string"}],"inLanguage":"es"},{"@type":"Organization","@id":"https:\/\/behostels.com\/es\/#organization","name":"Be Hostels","url":"https:\/\/behostels.com\/es\/","logo":{"@type":"ImageObject","inLanguage":"es","@id":"https:\/\/behostels.com\/es\/#\/schema\/logo\/image\/","url":"https:\/\/behostels.com\/wp-content\/uploads\/2015\/06\/be_reservations_logo.jpg","contentUrl":"https:\/\/behostels.com\/wp-content\/uploads\/2015\/06\/be_reservations_logo.jpg","width":130,"height":130,"caption":"Be Hostels"},"image":{"@id":"https:\/\/behostels.com\/es\/#\/schema\/logo\/image\/"}}]}},"_links":{"self":[{"href":"https:\/\/behostels.com\/es\/wp-json\/wp\/v2\/pages\/165"}],"collection":[{"href":"https:\/\/behostels.com\/es\/wp-json\/wp\/v2\/pages"}],"about":[{"href":"https:\/\/behostels.com\/es\/wp-json\/wp\/v2\/types\/page"}],"author":[{"embeddable":true,"href":"https:\/\/behostels.com\/es\/wp-json\/wp\/v2\/users\/1"}],"replies":[{"embeddable":true,"href":"https:\/\/behostels.com\/es\/wp-json\/wp\/v2\/comments?post=165"}],"version-history":[{"count":0,"href":"https:\/\/behostels.com\/es\/wp-json\/wp\/v2\/pages\/165\/revisions"}],"up":[{"embeddable":true,"href":"https:\/\/behostels.com\/es\/wp-json\/wp\/v2\/pages\/132"}],"wp:attachment":[{"href":"https:\/\/behostels.com\/es\/wp-json\/wp\/v2\/media?parent=165"}],"curies":[{"name":"wp","href":"https:\/\/api.w.org\/{rel}","templated":true}]}}