{"id":15,"date":"2015-06-08T14:49:20","date_gmt":"2015-06-08T14:49:20","guid":{"rendered":"https:\/\/behostels.com\/?page_id=15"},"modified":"2015-12-08T00:17:41","modified_gmt":"2015-12-08T00:17:41","slug":"alojamiento-en-barcelona-por-que-be-hostels","status":"publish","type":"page","link":"https:\/\/behostels.com\/es\/alojamiento-en-barcelona-por-que-be-hostels\/","title":{"rendered":"Alojamiento en Barcelona: \u00bfPor qu\u00e9 Be Hostels?"},"content":{"rendered":"<h3><a title=\"Enjoy Barcelona\u2019s best affordable lodging at Be Hostels!\" href=\"https:\/\/behostels.com\/\">Be Hostels<\/a> mantiene el esp\u00edritu tradicional de los hostales, generando as\u00ed un sitio que invita a conocer a otros viajeros.<\/h3>\r\n\r\n<h2 class=\"fantasy\">Be Hostels Barcelona: El mejor servicio, el mejor precio.<\/h2>\r\n<div class=\"uk-grid uk-text-left uk-flex-middle\">\r\n\t<div class=\"uk-width-medium-1-3\">\r\n\t\t<div class=\"uk-overlay uk-overlay-hover uk-border-circle\">\r\n\t\t\t<img decoding=\"async\" src=\"\/wp-content\/uploads\/2015\/06\/why-choose-be-hostels1.jpg\" class=\"uk-border-circle uk-overlay-scale\" alt=\"Why choose Be hostels?\">\r\n\t\t<\/div>\r\n\t<\/div>\r\n\t<div class=\"uk-width-medium-2-3\">\r\n\t<p>\u00a1Volver\u00e1s a casa y habr\u00e1s hecho nuevos amigos! Conoce a gente de todo el mundo en las \u00e1reas comunes y en las distintas actividades. Adem\u00e1s, <strong><a title=\"Enjoy Barcelona\u2019s best affordable lodging at Be Hostels!\" href=\"https:\/\/behostels.com\/\">Be Hostels<\/a><\/strong> pone a tu disposici\u00f3n las mejores herramientas tecnol\u00f3gicas de viaje: <strong>internet wi-fi gratis<\/strong>, ordenadores con<strong> acceso a internet<\/strong> en \u00e1reas comunes, <strong>sistema de reservas<\/strong> e informaci\u00f3n relevante de lo que sucede en <strong>Barcelona<\/strong> a trav\u00e9s del <strong>blog<\/strong>.<\/p>\r\n\r\n<p><strong><a title=\"Enjoy Barcelona\u2019s best affordable lodging at Be Hostels!\" href=\"https:\/\/behostels.com\/\">En Be Hostels<\/a><\/strong> no solo encontrar\u00e1s los mejores precios en alojamiento alternativo, tambi\u00e9n ofrece desayuno gratis, tours en bicicleta y a pie.<\/p>\r\n\r\n<p>Cuando llegas a <strong><a title=\"Enjoy Barcelona\u2019s best affordable lodging at Be Hostels!\" href=\"https:\/\/behostels.com\/\">Be Hostels<\/a><\/strong>,  te obsequiamos una <strong>copa de vino<\/strong> o <strong>cerveza<\/strong> con una <strong>tapa<\/strong> en el <strong> <a title=\"Be Hostels Restaurant in Barcelona: Mes\u00f3n David\" href=\"https:\/\/behostels.com\/es\/meson-david-el-restaurante-de-nuestros-hostales-en-barcelona\/\">Be Hostels Restaurant<\/a>: Meson David<\/strong>!<\/p>\r\n \r\n\t<\/div>\r\n<\/div>\r\n\r\n\r\n<p>Al\u00f3jate en <strong><a title=\"Enjoy Barcelona\u2019s best affordable lodging at Be Hostels!\" href=\"https:\/\/behostels.com\/es\">Be Hostels<\/a><\/strong> y disfruta de un viaje \u00fanico. <strong>Barcelona<\/strong> es un sue\u00f1o de nunca acabar.<strong>Barcelona<\/strong> es una ciudad muy activa, por eso en recepci\u00f3n te recomendamos los sitios que no debes dejar de visitar.<\/p>\r\n\r\n<p>Te sugerimos <strong>las mejores opciones<\/strong> para que descubras la ciudad.<strong> Be Hostels<\/strong><strong> tiene sus albergues en una zona muy c\u00e9ntrica<\/strong>; <a title=\"Be Mar Hostel\" href=\"http:\/\/www.behostels.com\/es\/mar\"><strong>Be Mar Hostel<\/strong><\/a>, <a title=\"Be Sound Hostel\" href=\"http:\/\/www.behostels.com\/es\/sound\"><strong>Be Sound Hostel<\/strong><\/a> y <a title=\"Be Ramblas Hotel\" href=\"http:\/\/www.behostels.com\/es\/ramblas\"><strong>Be Ramblas Hotel<\/strong><\/a> est\u00e1n en el centro y <a title=\"Be Dream Hostel\" href=\"http:\/\/www.behostels.com\/es\/dream\"><strong>Be Dream Hostel<\/strong><\/a> es nuestro <strong>hostal en Barcelona junto a la playa<\/strong>.<\/p>\r\n<div class=\"destacado\"><p><strong>Be Hostels<\/strong> es garant\u00eda de <strong>alojamiento de calidad<\/strong>, <strong>limpio y seguro<\/strong>, <strong>buenas ubicaciones<\/strong> y <strong>los mejores precios<\/strong>. Qu\u00e9date en <strong>Be Hostels<\/strong> y goza de una estancia inigualable en <strong>Barcelona<\/strong><\/p><\/div>\r\n<span class=\"frase\"><p>\u00a1Sigue viajando, sigue sonriendo!<\/p><\/span>","protected":false},"excerpt":{"rendered":"<p>Be Hostels mantiene el esp\u00edritu tradicional de los hostales, generando as\u00ed un sitio que invita a conocer a otros viajeros. Be Hostels Barcelona: El mejor servicio, el mejor precio. \u00a1Volver\u00e1s a casa y habr\u00e1s hecho nuevos amigos! Conoce a gente de todo el mundo en las \u00e1reas comunes y en las distintas actividades. Adem\u00e1s, Be [&hellip;]<\/p>\n","protected":false},"author":1,"featured_media":0,"parent":0,"menu_order":0,"comment_status":"closed","ping_status":"closed","template":"","meta":{"footnotes":""},"yoast_head":"<!-- This site is optimized with the Yoast SEO plugin v22.7 - https:\/\/yoast.com\/wordpress\/plugins\/seo\/ -->\n<title>Alojamiento en Barcelona: \u00bfPor que Be Hostels?<\/title>\n<meta name=\"description\" content=\"Be Hostels ofrece los mejores servicios para el viajero alternativo. Barcelona es un sue\u00f1o de nunca acabar, ven y v\u00edvelo en Be Hostels!\" \/>\n<meta name=\"robots\" content=\"index, follow, max-snippet:-1, max-image-preview:large, max-video-preview:-1\" \/>\n<link rel=\"canonical\" href=\"https:\/\/behostels.com\/es\/alojamiento-en-barcelona-por-que-be-hostels\/\" \/>\n<meta property=\"og:locale\" content=\"es_ES\" \/>\n<meta property=\"og:type\" content=\"article\" \/>\n<meta property=\"og:title\" content=\"Alojamiento en Barcelona: \u00bfPor que Be Hostels?\" \/>\n<meta property=\"og:description\" content=\"Be Hostels ofrece los mejores servicios para el viajero alternativo. Barcelona es un sue\u00f1o de nunca acabar, ven y v\u00edvelo en Be Hostels!\" \/>\n<meta property=\"og:url\" content=\"https:\/\/behostels.com\/es\/alojamiento-en-barcelona-por-que-be-hostels\/\" \/>\n<meta property=\"og:site_name\" content=\"Be Hostels\" \/>\n<meta property=\"article:modified_time\" content=\"2015-12-08T00:17:41+00:00\" \/>\n<meta property=\"og:image\" content=\"https:\/\/behostels.com\/wp-content\/uploads\/2015\/06\/why-choose-be-hostels1.jpg\" \/>\n<meta name=\"twitter:card\" content=\"summary_large_image\" \/>\n<meta name=\"twitter:label1\" content=\"Tiempo de lectura\" \/>\n\t<meta name=\"twitter:data1\" content=\"1 minuto\" \/>\n<script type=\"application\/ld+json\" class=\"yoast-schema-graph\">{\"@context\":\"https:\/\/schema.org\",\"@graph\":[{\"@type\":\"WebPage\",\"@id\":\"https:\/\/behostels.com\/es\/alojamiento-en-barcelona-por-que-be-hostels\/\",\"url\":\"https:\/\/behostels.com\/es\/alojamiento-en-barcelona-por-que-be-hostels\/\",\"name\":\"Alojamiento en Barcelona: \u00bfPor que Be Hostels?\",\"isPartOf\":{\"@id\":\"https:\/\/behostels.com\/es\/#website\"},\"datePublished\":\"2015-06-08T14:49:20+00:00\",\"dateModified\":\"2015-12-08T00:17:41+00:00\",\"description\":\"Be Hostels ofrece los mejores servicios para el viajero alternativo. Barcelona es un sue\u00f1o de nunca acabar, ven y v\u00edvelo en Be Hostels!\",\"breadcrumb\":{\"@id\":\"https:\/\/behostels.com\/es\/alojamiento-en-barcelona-por-que-be-hostels\/#breadcrumb\"},\"inLanguage\":\"es\",\"potentialAction\":[{\"@type\":\"ReadAction\",\"target\":[\"https:\/\/behostels.com\/es\/alojamiento-en-barcelona-por-que-be-hostels\/\"]}]},{\"@type\":\"BreadcrumbList\",\"@id\":\"https:\/\/behostels.com\/es\/alojamiento-en-barcelona-por-que-be-hostels\/#breadcrumb\",\"itemListElement\":[{\"@type\":\"ListItem\",\"position\":1,\"name\":\"Home\",\"item\":\"https:\/\/behostels.com\/es\/\"},{\"@type\":\"ListItem\",\"position\":2,\"name\":\"Alojamiento en Barcelona: \u00bfPor qu\u00e9 Be Hostels?\"}]},{\"@type\":\"WebSite\",\"@id\":\"https:\/\/behostels.com\/es\/#website\",\"url\":\"https:\/\/behostels.com\/es\/\",\"name\":\"Be Hostels\",\"description\":\"\",\"publisher\":{\"@id\":\"https:\/\/behostels.com\/es\/#organization\"},\"potentialAction\":[{\"@type\":\"SearchAction\",\"target\":{\"@type\":\"EntryPoint\",\"urlTemplate\":\"https:\/\/behostels.com\/es\/?s={search_term_string}\"},\"query-input\":\"required name=search_term_string\"}],\"inLanguage\":\"es\"},{\"@type\":\"Organization\",\"@id\":\"https:\/\/behostels.com\/es\/#organization\",\"name\":\"Be Hostels\",\"url\":\"https:\/\/behostels.com\/es\/\",\"logo\":{\"@type\":\"ImageObject\",\"inLanguage\":\"es\",\"@id\":\"https:\/\/behostels.com\/es\/#\/schema\/logo\/image\/\",\"url\":\"https:\/\/behostels.com\/wp-content\/uploads\/2015\/06\/be_reservations_logo.jpg\",\"contentUrl\":\"https:\/\/behostels.com\/wp-content\/uploads\/2015\/06\/be_reservations_logo.jpg\",\"width\":130,\"height\":130,\"caption\":\"Be Hostels\"},\"image\":{\"@id\":\"https:\/\/behostels.com\/es\/#\/schema\/logo\/image\/\"}}]}<\/script>\n<!-- \/ Yoast SEO plugin. -->","yoast_head_json":{"title":"Alojamiento en Barcelona: \u00bfPor que Be Hostels?","description":"Be Hostels ofrece los mejores servicios para el viajero alternativo. Barcelona es un sue\u00f1o de nunca acabar, ven y v\u00edvelo en Be Hostels!","robots":{"index":"index","follow":"follow","max-snippet":"max-snippet:-1","max-image-preview":"max-image-preview:large","max-video-preview":"max-video-preview:-1"},"canonical":"https:\/\/behostels.com\/es\/alojamiento-en-barcelona-por-que-be-hostels\/","og_locale":"es_ES","og_type":"article","og_title":"Alojamiento en Barcelona: \u00bfPor que Be Hostels?","og_description":"Be Hostels ofrece los mejores servicios para el viajero alternativo. Barcelona es un sue\u00f1o de nunca acabar, ven y v\u00edvelo en Be Hostels!","og_url":"https:\/\/behostels.com\/es\/alojamiento-en-barcelona-por-que-be-hostels\/","og_site_name":"Be Hostels","article_modified_time":"2015-12-08T00:17:41+00:00","og_image":[{"url":"https:\/\/behostels.com\/wp-content\/uploads\/2015\/06\/why-choose-be-hostels1.jpg"}],"twitter_card":"summary_large_image","twitter_misc":{"Tiempo de lectura":"1 minuto"},"schema":{"@context":"https:\/\/schema.org","@graph":[{"@type":"WebPage","@id":"https:\/\/behostels.com\/es\/alojamiento-en-barcelona-por-que-be-hostels\/","url":"https:\/\/behostels.com\/es\/alojamiento-en-barcelona-por-que-be-hostels\/","name":"Alojamiento en Barcelona: \u00bfPor que Be Hostels?","isPartOf":{"@id":"https:\/\/behostels.com\/es\/#website"},"datePublished":"2015-06-08T14:49:20+00:00","dateModified":"2015-12-08T00:17:41+00:00","description":"Be Hostels ofrece los mejores servicios para el viajero alternativo. Barcelona es un sue\u00f1o de nunca acabar, ven y v\u00edvelo en Be Hostels!","breadcrumb":{"@id":"https:\/\/behostels.com\/es\/alojamiento-en-barcelona-por-que-be-hostels\/#breadcrumb"},"inLanguage":"es","potentialAction":[{"@type":"ReadAction","target":["https:\/\/behostels.com\/es\/alojamiento-en-barcelona-por-que-be-hostels\/"]}]},{"@type":"BreadcrumbList","@id":"https:\/\/behostels.com\/es\/alojamiento-en-barcelona-por-que-be-hostels\/#breadcrumb","itemListElement":[{"@type":"ListItem","position":1,"name":"Home","item":"https:\/\/behostels.com\/es\/"},{"@type":"ListItem","position":2,"name":"Alojamiento en Barcelona: \u00bfPor qu\u00e9 Be Hostels?"}]},{"@type":"WebSite","@id":"https:\/\/behostels.com\/es\/#website","url":"https:\/\/behostels.com\/es\/","name":"Be Hostels","description":"","publisher":{"@id":"https:\/\/behostels.com\/es\/#organization"},"potentialAction":[{"@type":"SearchAction","target":{"@type":"EntryPoint","urlTemplate":"https:\/\/behostels.com\/es\/?s={search_term_string}"},"query-input":"required name=search_term_string"}],"inLanguage":"es"},{"@type":"Organization","@id":"https:\/\/behostels.com\/es\/#organization","name":"Be Hostels","url":"https:\/\/behostels.com\/es\/","logo":{"@type":"ImageObject","inLanguage":"es","@id":"https:\/\/behostels.com\/es\/#\/schema\/logo\/image\/","url":"https:\/\/behostels.com\/wp-content\/uploads\/2015\/06\/be_reservations_logo.jpg","contentUrl":"https:\/\/behostels.com\/wp-content\/uploads\/2015\/06\/be_reservations_logo.jpg","width":130,"height":130,"caption":"Be Hostels"},"image":{"@id":"https:\/\/behostels.com\/es\/#\/schema\/logo\/image\/"}}]}},"_links":{"self":[{"href":"https:\/\/behostels.com\/es\/wp-json\/wp\/v2\/pages\/15"}],"collection":[{"href":"https:\/\/behostels.com\/es\/wp-json\/wp\/v2\/pages"}],"about":[{"href":"https:\/\/behostels.com\/es\/wp-json\/wp\/v2\/types\/page"}],"author":[{"embeddable":true,"href":"https:\/\/behostels.com\/es\/wp-json\/wp\/v2\/users\/1"}],"replies":[{"embeddable":true,"href":"https:\/\/behostels.com\/es\/wp-json\/wp\/v2\/comments?post=15"}],"version-history":[{"count":0,"href":"https:\/\/behostels.com\/es\/wp-json\/wp\/v2\/pages\/15\/revisions"}],"wp:attachment":[{"href":"https:\/\/behostels.com\/es\/wp-json\/wp\/v2\/media?parent=15"}],"curies":[{"name":"wp","href":"https:\/\/api.w.org\/{rel}","templated":true}]}}