{"id":132,"date":"2015-06-09T15:19:27","date_gmt":"2015-06-09T15:19:27","guid":{"rendered":"https:\/\/behostels.com\/?page_id=132"},"modified":"2015-12-07T23:53:20","modified_gmt":"2015-12-07T23:53:20","slug":"sound","status":"publish","type":"page","link":"https:\/\/behostels.com\/es\/sound\/","title":{"rendered":"Be Sound Hostel Barcelona: Un albergue barato, espacioso y original en Barcelona"},"content":{"rendered":"<h2><strong>Disfruta al m\u00e1ximo tu experiencia en Barcelona aloj\u00e1ndote en el albergue m\u00e1s barato y original de Barcelona: Be Sound Hostel Barcelona.<\/strong><\/h2>\r\n\n\n<div id=\"wk-gridd2b\" class=\"uk-grid-width-1-1 uk-grid-width-medium-1-3 uk-grid uk-grid-match uk-grid-medium uk-text-center \" data-uk-grid-match=\"{target:'> div > .uk-panel', row:true}\" data-uk-grid-margin  data-uk-scrollspy=\"{cls:'uk-animation-fade uk-invisible', target:'> div > .uk-panel', delay:300}\">\n\n\n    <div>\n        <div class=\"uk-panel uk-invisible\">\n\n            \n            \n                        <div class=\"uk-text-center uk-panel-teaser\"><div class=\"uk-overlay uk-overlay-hover uk-border-circle\"><img loading=\"lazy\" decoding=\"async\" src=\"\/wp-content\/uploads\/2015\/07\/be-sound-hostel-barcelona-big-terrace.jpg\" class=\"uk-border-circle uk-overlay-scale\" alt=\"Gran Terraza\" width=\"360\" height=\"360\"><div class=\"uk-overlay-panel uk-overlay-background uk-overlay-icon uk-overlay-fade\"><\/div><a class=\"uk-position-cover\" href=\"http:\/\/behostels.com\/es\/sound\/servicios\/\" title=\"Gran Terraza\"><\/a><\/div><\/div>\n            \n            \n            \n            \n            \n                        <div class=\"uk-margin\">Gran Terraza<\/div>\n            \n            \n            \n            \n        <\/div>\n    <\/div>\n\n\n    <div>\n        <div class=\"uk-panel uk-invisible\">\n\n            \n            \n                        <div class=\"uk-text-center uk-panel-teaser\"><div class=\"uk-overlay uk-overlay-hover uk-border-circle\"><img loading=\"lazy\" decoding=\"async\" src=\"\/wp-content\/uploads\/2015\/07\/be-sound-hostel-barcelona-nightlife-2.jpg\" class=\"uk-border-circle uk-overlay-scale\" alt=\"Disfrute de la vida nocturna de Barcelona!\" width=\"360\" height=\"360\"><div class=\"uk-overlay-panel uk-overlay-background uk-overlay-icon uk-overlay-fade\"><\/div><a class=\"uk-position-cover\" href=\"http:\/\/behostels.com\/whats-this-about-activities-at-be-hostels\/\" title=\"Disfrute de la vida nocturna de Barcelona!\"><\/a><\/div><\/div>\n            \n            \n            \n            \n            \n                        <div class=\"uk-margin\">Disfrute de la vida nocturna de Barcelona!<\/div>\n            \n            \n            \n            \n        <\/div>\n    <\/div>\n\n\n    <div>\n        <div class=\"uk-panel uk-invisible\">\n\n            \n            \n                        <div class=\"uk-text-center uk-panel-teaser\"><div class=\"uk-overlay uk-overlay-hover uk-border-circle\"><img loading=\"lazy\" decoding=\"async\" src=\"\/wp-content\/uploads\/2015\/07\/be-sound-hostel-barcelona-choose-your-dorm.jpg\" class=\"uk-border-circle uk-overlay-scale\" alt=\"Elige tu dormitorio\" width=\"360\" height=\"360\"><div class=\"uk-overlay-panel uk-overlay-background uk-overlay-icon uk-overlay-fade\"><\/div><a class=\"uk-position-cover\" href=\"http:\/\/behostels.com\/es\/sound\/habitaciones\/\" title=\"Elige tu dormitorio\"><\/a><\/div><\/div>\n            \n            \n            \n            \n            \n                        <div class=\"uk-margin\">Elige tu dormitorio<\/div>\n            \n            \n            \n            \n        <\/div>\n    <\/div>\n\n\n<\/div>\n\n<script>\n(function($){\n\n    \/\/ get the images of the gallery and replace it by a canvas of the same size to fix the problem with overlapping images on load.\n    $('img[width][height]:not(.uk-overlay-panel)', $('#wk-gridd2b')).each(function() {\n\n        var $img = $(this);\n\n        if (this.width == 'auto' || this.height == 'auto' || !$img.is(':visible')) {\n            return;\n        }\n\n        var $canvas = $('<canvas class=\"uk-responsive-width\"><\/canvas>').attr({width:$img.attr('width'), height:$img.attr('height')}),\n            img = new Image,\n            release = function() {\n                $canvas.remove();\n                $img.css('display', '');\n                release = function(){};\n            };\n\n        $img.css('display', 'none').after($canvas);\n\n        $(img).on('load', function(){ release(); });\n        setTimeout(function(){ release(); }, 1000);\n\n        img.src = this.src;\n\n    });\n\n})(jQuery);\n<\/script>\n\r\n<h3>Si haces tu reserva en<strong>Be Sound Hostel<\/strong>, tendr\u00e1s garantizados los <strong>mejores servicios con el precio m\u00e1s barato<\/strong>. De esta manera, podr\u00e1s vivir una experiencia unica y disfrutar al m\u00e1ximo de Barcelona. .<\/h3>\r\n<h3>Disfrutar\u00e1s de una estancia inolvidable cuando vengas a nuestro albergue de la calle Nou de la Rambla, justo en el centro de Barcelona.<\/h3>\r\n\r\n<h3>Le ofrecemos las mejores instalaciones en Be Sound Hostel Barcelona<\/h3>\r\n<div class=\"uk-grid\">\r\n<div class=\"uk-width-large-1-2 uk-width-medium-1-2 uk-width-small-1-1\">\r\n<ul>\r\n\t<li>Wifi y Conexi\u00f3n a internet gratis en los ordenadores<\/li>\r\n\t<li>Taquillas Electr\u00f3nicas para cada cama Gratis<\/li>\r\n\t<li>Tour a pie Gratis<\/li>\r\n\t<li>Mapas Gratis<\/li>\r\n\t<li>Cocina disponible para los viajeros<\/li>\r\n\t<li>Preciosa Terraza para los viajeros<\/li>\r\n        <li>Actividades organizadas cada dia: tapas y flamenco, tours culturales, Pub Crawls<\/li>\r\n\t<li>Recepci\u00f3n abierta 24 horas<\/li>\r\n\t\r\n<\/ul>\r\n<\/div>\r\n<div class=\"uk-width-large-1-2 uk-width-medium-1-2 uk-width-small-1-1\">\r\n<ul>\r\n        <li>Sala com\u00fan genial<\/li>\r\n\t<li>Aire acondicionado y calefacci\u00f3n<\/li>\r\n\t<li>Recepcionistas internacionales y locales dispuestos a ayudarte siempre<\/li>\r\n\t<li>Taquillas para dejar las maletas despu\u00e9s de la salida<\/li>\r\n\t<li>M\u00e1quinas de lavadora y secadora con monedas<\/li>\r\n\t<li>Alquiler de s\u00e1banas o toallas por 2,5\u20ac<\/li>\r\n\t<li>Parking para bicicletas<\/li>\r\n<\/ul>\r\n<\/div>\r\n<\/div>\r\n&nbsp;\r\n\n<div >\n\n\n    \n    <div class=\"uk-grid uk-text-left uk-flex-middle\" data-uk-grid-match data-uk-margin=\"{cls:'uk-margin-top'}\">\n\n                <div class=\"uk-width-medium-1-3 uk-text-center\" >\n            <div class=\"uk-overlay uk-overlay-hover uk-border-circle\"><img decoding=\"async\" src=\"\/wp-content\/uploads\/2015\/07\/be-sound-hostel-barcelona-party.jpg\" class=\"uk-border-circle uk-overlay-scale\" alt=\"La mejor ubicaci\u00f3n para la fiesta!\"><div class=\"uk-overlay-panel uk-overlay-background uk-overlay-icon uk-overlay-fade\"><\/div><\/div>        <\/div>\n        \n                <div class=\"uk-width-medium-2-3\" >\n            <div class=\"uk-panel uk-panel-space uk-width-1-1\">\n\n                \n                                <h3 class=\"uk-h2\">\n\n                                            La mejor ubicaci\u00f3n para la fiesta!                    \n                    \n                <\/h3>\n                \n                                <div class=\"uk-margin\"><p>Gracias a nuestra ubicaci\u00f3n podr\u00e1s divertite d\u00eda y noche, ya que es una calle que conecta la ruta de Las <strong>Ramblas<\/strong> y el <strong>Paral\u00b7lel<\/strong>, ambas ideales para encontrar los mejores restaurantes, tiendas, bares y mucho m\u00e1s! La mejor ruta nocturna de la ciudad!<\/p>\n<p>Be Sound Hostel es un edificio reformado con una \u00e1mplia terraza soleada y tambi\u00e9n con balcones en cada piso, con vistas a la ciudad. La parte interior y sobretodo la zona com\u00fan han sido creadas para conocer gente, hacer amigos y relajarse cuando no est\u00e1s haciendo turismo o de fiesta por la ciudad.<\/p><\/div>\n                \n                \n                \n            <\/div>\n        <\/div>\n        \n    <\/div>\n\n    \n\n    \n    <div class=\"uk-grid uk-text-left uk-flex-middle\" data-uk-grid-match data-uk-margin=\"{cls:'uk-margin-top'}\">\n\n                <div class=\"uk-width-medium-1-3 uk-text-center uk-float-right uk-flex-order-last-medium\" >\n            <div class=\"uk-overlay uk-overlay-hover uk-border-circle\"><img decoding=\"async\" src=\"\/wp-content\/uploads\/2015\/07\/be-sound-hostel-barcelona-surroundings.jpg\" class=\"uk-border-circle uk-overlay-scale\" alt=\"Muy cerca de Be Sound Hostel\"><div class=\"uk-overlay-panel uk-overlay-background uk-overlay-icon uk-overlay-fade\"><\/div><\/div>        <\/div>\n        \n                <div class=\"uk-width-medium-2-3\" >\n            <div class=\"uk-panel uk-panel-space uk-width-1-1\">\n\n                \n                                <h3 class=\"uk-h2\">\n\n                                            Muy cerca de Be Sound Hostel                    \n                    \n                <\/h3>\n                \n                                <div class=\"uk-margin\"><p>A solo unos pasos de distancia, puedes encontrar lugares emblem\u00e1ticos de Barcelona, como una obra maestra de Gaud\u00ed, el <strong>Palau G\u00fcell<\/strong>. Pero tambi\u00e9n puedes encontrar otros lugares emblem\u00e1ticos como el Centro de <strong>Arte Santa M\u00f3nica<\/strong>, <strong>Las Ramblas<\/strong>, el <strong>monumento a Col\u00f3n<\/strong>, <strong>el Maremagnum<\/strong> y <strong>el Puerto<\/strong>.<\/p>\n<p>Tambi\u00e9n puedes encontrar muy cerca los mejores clubs y bares de la ciudad. Lugares como el <strong>Moog<\/strong> ( De los mejores del Techno Europeo ), el <strong>London Bar<\/strong>, el <strong>Boulevard Club<\/strong>, el <strong>Manolo Bar<\/strong> ( Bar de Skaters ), el <strong>Apolo club<\/strong> ( Abierto los 7 d\u00edas de la semana ), y muchos m\u00e1s, que te mantendr\u00e1n ocupado hasta que no puedas m\u00e1s!<\/p><\/div>\n                \n                \n                \n            <\/div>\n        <\/div>\n        \n    <\/div>\n\n    \n\n<\/div>\n","protected":false},"excerpt":{"rendered":"<p>Disfruta al m\u00e1ximo tu experiencia en Barcelona aloj\u00e1ndote en el albergue m\u00e1s barato y original de Barcelona: Be Sound Hostel Barcelona. Si haces tu reserva enBe Sound Hostel, tendr\u00e1s garantizados los mejores servicios con el precio m\u00e1s barato. De esta manera, podr\u00e1s vivir una experiencia unica y disfrutar al m\u00e1ximo de Barcelona. . Disfrutar\u00e1s de [&hellip;]<\/p>\n","protected":false},"author":1,"featured_media":0,"parent":0,"menu_order":0,"comment_status":"closed","ping_status":"open","template":"","meta":{"footnotes":""},"yoast_head":"<!-- This site is optimized with the Yoast SEO plugin v22.7 - https:\/\/yoast.com\/wordpress\/plugins\/seo\/ -->\n<title>Bienvenido a Be Sound Hostel Justo en el centro de Barcelona!<\/title>\n<meta name=\"description\" content=\"Siente las buenas vibraciones de Barcelona con Be Sound Hostel!\" \/>\n<meta name=\"robots\" content=\"index, follow, max-snippet:-1, max-image-preview:large, max-video-preview:-1\" \/>\n<link rel=\"canonical\" href=\"https:\/\/behostels.com\/es\/sound\/\" \/>\n<meta property=\"og:locale\" content=\"es_ES\" \/>\n<meta property=\"og:type\" content=\"article\" \/>\n<meta property=\"og:title\" content=\"Bienvenido a Be Sound Hostel Justo en el centro de Barcelona!\" \/>\n<meta property=\"og:description\" content=\"Siente las buenas vibraciones de Barcelona con Be Sound Hostel!\" \/>\n<meta property=\"og:url\" content=\"https:\/\/behostels.com\/es\/sound\/\" \/>\n<meta property=\"og:site_name\" content=\"Be Hostels\" \/>\n<meta property=\"article:modified_time\" content=\"2015-12-07T23:53:20+00:00\" \/>\n<meta name=\"twitter:card\" content=\"summary_large_image\" \/>\n<meta name=\"twitter:label1\" content=\"Tiempo de lectura\" \/>\n\t<meta name=\"twitter:data1\" content=\"1 minuto\" \/>\n<script type=\"application\/ld+json\" class=\"yoast-schema-graph\">{\"@context\":\"https:\/\/schema.org\",\"@graph\":[{\"@type\":\"WebPage\",\"@id\":\"https:\/\/behostels.com\/es\/sound\/\",\"url\":\"https:\/\/behostels.com\/es\/sound\/\",\"name\":\"Bienvenido a Be Sound Hostel Justo en el centro de Barcelona!\",\"isPartOf\":{\"@id\":\"https:\/\/behostels.com\/es\/#website\"},\"datePublished\":\"2015-06-09T15:19:27+00:00\",\"dateModified\":\"2015-12-07T23:53:20+00:00\",\"description\":\"Siente las buenas vibraciones de Barcelona con Be Sound Hostel!\",\"breadcrumb\":{\"@id\":\"https:\/\/behostels.com\/es\/sound\/#breadcrumb\"},\"inLanguage\":\"es\",\"potentialAction\":[{\"@type\":\"ReadAction\",\"target\":[\"https:\/\/behostels.com\/es\/sound\/\"]}]},{\"@type\":\"BreadcrumbList\",\"@id\":\"https:\/\/behostels.com\/es\/sound\/#breadcrumb\",\"itemListElement\":[{\"@type\":\"ListItem\",\"position\":1,\"name\":\"Home\",\"item\":\"https:\/\/behostels.com\/es\/\"},{\"@type\":\"ListItem\",\"position\":2,\"name\":\"Be Sound Hostel Barcelona: Un albergue barato, espacioso y original en Barcelona\"}]},{\"@type\":\"WebSite\",\"@id\":\"https:\/\/behostels.com\/es\/#website\",\"url\":\"https:\/\/behostels.com\/es\/\",\"name\":\"Be Hostels\",\"description\":\"\",\"publisher\":{\"@id\":\"https:\/\/behostels.com\/es\/#organization\"},\"potentialAction\":[{\"@type\":\"SearchAction\",\"target\":{\"@type\":\"EntryPoint\",\"urlTemplate\":\"https:\/\/behostels.com\/es\/?s={search_term_string}\"},\"query-input\":\"required name=search_term_string\"}],\"inLanguage\":\"es\"},{\"@type\":\"Organization\",\"@id\":\"https:\/\/behostels.com\/es\/#organization\",\"name\":\"Be Hostels\",\"url\":\"https:\/\/behostels.com\/es\/\",\"logo\":{\"@type\":\"ImageObject\",\"inLanguage\":\"es\",\"@id\":\"https:\/\/behostels.com\/es\/#\/schema\/logo\/image\/\",\"url\":\"https:\/\/behostels.com\/wp-content\/uploads\/2015\/06\/be_reservations_logo.jpg\",\"contentUrl\":\"https:\/\/behostels.com\/wp-content\/uploads\/2015\/06\/be_reservations_logo.jpg\",\"width\":130,\"height\":130,\"caption\":\"Be Hostels\"},\"image\":{\"@id\":\"https:\/\/behostels.com\/es\/#\/schema\/logo\/image\/\"}}]}<\/script>\n<!-- \/ Yoast SEO plugin. -->","yoast_head_json":{"title":"Bienvenido a Be Sound Hostel Justo en el centro de Barcelona!","description":"Siente las buenas vibraciones de Barcelona con Be Sound Hostel!","robots":{"index":"index","follow":"follow","max-snippet":"max-snippet:-1","max-image-preview":"max-image-preview:large","max-video-preview":"max-video-preview:-1"},"canonical":"https:\/\/behostels.com\/es\/sound\/","og_locale":"es_ES","og_type":"article","og_title":"Bienvenido a Be Sound Hostel Justo en el centro de Barcelona!","og_description":"Siente las buenas vibraciones de Barcelona con Be Sound Hostel!","og_url":"https:\/\/behostels.com\/es\/sound\/","og_site_name":"Be Hostels","article_modified_time":"2015-12-07T23:53:20+00:00","twitter_card":"summary_large_image","twitter_misc":{"Tiempo de lectura":"1 minuto"},"schema":{"@context":"https:\/\/schema.org","@graph":[{"@type":"WebPage","@id":"https:\/\/behostels.com\/es\/sound\/","url":"https:\/\/behostels.com\/es\/sound\/","name":"Bienvenido a Be Sound Hostel Justo en el centro de Barcelona!","isPartOf":{"@id":"https:\/\/behostels.com\/es\/#website"},"datePublished":"2015-06-09T15:19:27+00:00","dateModified":"2015-12-07T23:53:20+00:00","description":"Siente las buenas vibraciones de Barcelona con Be Sound Hostel!","breadcrumb":{"@id":"https:\/\/behostels.com\/es\/sound\/#breadcrumb"},"inLanguage":"es","potentialAction":[{"@type":"ReadAction","target":["https:\/\/behostels.com\/es\/sound\/"]}]},{"@type":"BreadcrumbList","@id":"https:\/\/behostels.com\/es\/sound\/#breadcrumb","itemListElement":[{"@type":"ListItem","position":1,"name":"Home","item":"https:\/\/behostels.com\/es\/"},{"@type":"ListItem","position":2,"name":"Be Sound Hostel Barcelona: Un albergue barato, espacioso y original en Barcelona"}]},{"@type":"WebSite","@id":"https:\/\/behostels.com\/es\/#website","url":"https:\/\/behostels.com\/es\/","name":"Be Hostels","description":"","publisher":{"@id":"https:\/\/behostels.com\/es\/#organization"},"potentialAction":[{"@type":"SearchAction","target":{"@type":"EntryPoint","urlTemplate":"https:\/\/behostels.com\/es\/?s={search_term_string}"},"query-input":"required name=search_term_string"}],"inLanguage":"es"},{"@type":"Organization","@id":"https:\/\/behostels.com\/es\/#organization","name":"Be Hostels","url":"https:\/\/behostels.com\/es\/","logo":{"@type":"ImageObject","inLanguage":"es","@id":"https:\/\/behostels.com\/es\/#\/schema\/logo\/image\/","url":"https:\/\/behostels.com\/wp-content\/uploads\/2015\/06\/be_reservations_logo.jpg","contentUrl":"https:\/\/behostels.com\/wp-content\/uploads\/2015\/06\/be_reservations_logo.jpg","width":130,"height":130,"caption":"Be Hostels"},"image":{"@id":"https:\/\/behostels.com\/es\/#\/schema\/logo\/image\/"}}]}},"_links":{"self":[{"href":"https:\/\/behostels.com\/es\/wp-json\/wp\/v2\/pages\/132"}],"collection":[{"href":"https:\/\/behostels.com\/es\/wp-json\/wp\/v2\/pages"}],"about":[{"href":"https:\/\/behostels.com\/es\/wp-json\/wp\/v2\/types\/page"}],"author":[{"embeddable":true,"href":"https:\/\/behostels.com\/es\/wp-json\/wp\/v2\/users\/1"}],"replies":[{"embeddable":true,"href":"https:\/\/behostels.com\/es\/wp-json\/wp\/v2\/comments?post=132"}],"version-history":[{"count":0,"href":"https:\/\/behostels.com\/es\/wp-json\/wp\/v2\/pages\/132\/revisions"}],"wp:attachment":[{"href":"https:\/\/behostels.com\/es\/wp-json\/wp\/v2\/media?parent=132"}],"curies":[{"name":"wp","href":"https:\/\/api.w.org\/{rel}","templated":true}]}}