{"id":1003,"date":"2015-06-22T16:05:48","date_gmt":"2015-06-22T16:05:48","guid":{"rendered":"https:\/\/behostels.com\/?page_id=1003"},"modified":"2015-12-08T00:09:02","modified_gmt":"2015-12-08T00:09:02","slug":"tour-por-el-centro-de-barcelona-gratis","status":"publish","type":"page","link":"https:\/\/behostels.com\/es\/tour-por-el-centro-de-barcelona-gratis\/","title":{"rendered":"Tour en Barcelona por el centro de la ciudad gratis"},"content":{"rendered":"<div class=\"uk-grid uk-text-left uk-flex-middle\">\r\n<div class=\"uk-width-medium-1-3\">\r\n<div class=\"uk-overlay uk-overlay-hover uk-border-circle\">\r\n\t\t\t<img loading=\"lazy\" decoding=\"async\" src=\"https:\/\/behostels.com\/wp-content\/uploads\/2015\/07\/be-apartments-barcelona-next-ramblas.jpg\" alt=\"Be Apartments Barcelona next Las Ramblas\" width=\"600\" height=\"600\" class=\"uk-border-circle uk-overlay-scale\" \/>\r\n\t\t<\/div>\r\n<\/div>\r\n<div class=\"uk-width-medium-2-3\">\r\n<h2><a href=\"https:\/\/behostels.com\/free-walking-tour-barcelona-with-be-hostels\/\" title=\"Hostels Barcelona | Free walking tour around Barcelona offered at check-in at Be Hostels\">Tour en Barcelona Gratis<\/a><\/h2>\r\n<p>Cuando haces el ingreso a cualquiera de nuestros hostales en Barcelona te obsequiamos un tour a pie por el centro de la ciudad. Descubre los m\u00e1s fascinantes rincones del Barrio G\u00f3tico de Barcelona y su historia a trav\u00e9s de nuestros gu\u00edas.\r\n<\/p><\/div>","protected":false},"excerpt":{"rendered":"<p>Tour en Barcelona Gratis Cuando haces el ingreso a cualquiera de nuestros hostales en Barcelona te obsequiamos un tour a pie por el centro de la ciudad. Descubre los m\u00e1s fascinantes rincones del Barrio G\u00f3tico de Barcelona y su historia a trav\u00e9s de nuestros gu\u00edas.<\/p>\n","protected":false},"author":1,"featured_media":0,"parent":0,"menu_order":0,"comment_status":"closed","ping_status":"closed","template":"","meta":{"footnotes":""},"yoast_head":"<!-- This site is optimized with the Yoast SEO plugin v22.7 - https:\/\/yoast.com\/wordpress\/plugins\/seo\/ -->\n<title>Tour en Barcelona gratis por el centro de la ciudad<\/title>\n<meta name=\"description\" content=\"Tour en Barcelona por el centro de la ciudad gratis!\" \/>\n<meta name=\"robots\" content=\"index, follow, max-snippet:-1, max-image-preview:large, max-video-preview:-1\" \/>\n<link rel=\"canonical\" href=\"https:\/\/behostels.com\/es\/tour-por-el-centro-de-barcelona-gratis\/\" \/>\n<meta property=\"og:locale\" content=\"es_ES\" \/>\n<meta property=\"og:type\" content=\"article\" \/>\n<meta property=\"og:title\" content=\"Tour en Barcelona gratis por el centro de la ciudad\" \/>\n<meta property=\"og:description\" content=\"Tour en Barcelona por el centro de la ciudad gratis!\" \/>\n<meta property=\"og:url\" content=\"https:\/\/behostels.com\/es\/tour-por-el-centro-de-barcelona-gratis\/\" \/>\n<meta property=\"og:site_name\" content=\"Be Hostels\" \/>\n<meta property=\"article:modified_time\" content=\"2015-12-08T00:09:02+00:00\" \/>\n<meta property=\"og:image\" content=\"https:\/\/behostels.com\/wp-content\/uploads\/2015\/07\/be-apartments-barcelona-next-ramblas.jpg\" \/>\n<meta name=\"twitter:card\" content=\"summary_large_image\" \/>\n<script type=\"application\/ld+json\" class=\"yoast-schema-graph\">{\"@context\":\"https:\/\/schema.org\",\"@graph\":[{\"@type\":\"WebPage\",\"@id\":\"https:\/\/behostels.com\/es\/tour-por-el-centro-de-barcelona-gratis\/\",\"url\":\"https:\/\/behostels.com\/es\/tour-por-el-centro-de-barcelona-gratis\/\",\"name\":\"Tour en Barcelona gratis por el centro de la ciudad\",\"isPartOf\":{\"@id\":\"https:\/\/behostels.com\/es\/#website\"},\"primaryImageOfPage\":{\"@id\":\"https:\/\/behostels.com\/es\/tour-por-el-centro-de-barcelona-gratis\/#primaryimage\"},\"image\":{\"@id\":\"https:\/\/behostels.com\/es\/tour-por-el-centro-de-barcelona-gratis\/#primaryimage\"},\"thumbnailUrl\":\"https:\/\/behostels.com\/wp-content\/uploads\/2015\/07\/be-apartments-barcelona-next-ramblas.jpg\",\"datePublished\":\"2015-06-22T16:05:48+00:00\",\"dateModified\":\"2015-12-08T00:09:02+00:00\",\"description\":\"Tour en Barcelona por el centro de la ciudad gratis!\",\"breadcrumb\":{\"@id\":\"https:\/\/behostels.com\/es\/tour-por-el-centro-de-barcelona-gratis\/#breadcrumb\"},\"inLanguage\":\"es\",\"potentialAction\":[{\"@type\":\"ReadAction\",\"target\":[\"https:\/\/behostels.com\/es\/tour-por-el-centro-de-barcelona-gratis\/\"]}]},{\"@type\":\"ImageObject\",\"inLanguage\":\"es\",\"@id\":\"https:\/\/behostels.com\/es\/tour-por-el-centro-de-barcelona-gratis\/#primaryimage\",\"url\":\"https:\/\/behostels.com\/wp-content\/uploads\/2015\/07\/be-apartments-barcelona-next-ramblas.jpg\",\"contentUrl\":\"https:\/\/behostels.com\/wp-content\/uploads\/2015\/07\/be-apartments-barcelona-next-ramblas.jpg\"},{\"@type\":\"BreadcrumbList\",\"@id\":\"https:\/\/behostels.com\/es\/tour-por-el-centro-de-barcelona-gratis\/#breadcrumb\",\"itemListElement\":[{\"@type\":\"ListItem\",\"position\":1,\"name\":\"Home\",\"item\":\"https:\/\/behostels.com\/es\/\"},{\"@type\":\"ListItem\",\"position\":2,\"name\":\"Tour en Barcelona por el centro de la ciudad gratis\"}]},{\"@type\":\"WebSite\",\"@id\":\"https:\/\/behostels.com\/es\/#website\",\"url\":\"https:\/\/behostels.com\/es\/\",\"name\":\"Be Hostels\",\"description\":\"\",\"publisher\":{\"@id\":\"https:\/\/behostels.com\/es\/#organization\"},\"potentialAction\":[{\"@type\":\"SearchAction\",\"target\":{\"@type\":\"EntryPoint\",\"urlTemplate\":\"https:\/\/behostels.com\/es\/?s={search_term_string}\"},\"query-input\":\"required name=search_term_string\"}],\"inLanguage\":\"es\"},{\"@type\":\"Organization\",\"@id\":\"https:\/\/behostels.com\/es\/#organization\",\"name\":\"Be Hostels\",\"url\":\"https:\/\/behostels.com\/es\/\",\"logo\":{\"@type\":\"ImageObject\",\"inLanguage\":\"es\",\"@id\":\"https:\/\/behostels.com\/es\/#\/schema\/logo\/image\/\",\"url\":\"https:\/\/behostels.com\/wp-content\/uploads\/2015\/06\/be_reservations_logo.jpg\",\"contentUrl\":\"https:\/\/behostels.com\/wp-content\/uploads\/2015\/06\/be_reservations_logo.jpg\",\"width\":130,\"height\":130,\"caption\":\"Be Hostels\"},\"image\":{\"@id\":\"https:\/\/behostels.com\/es\/#\/schema\/logo\/image\/\"}}]}<\/script>\n<!-- \/ Yoast SEO plugin. -->","yoast_head_json":{"title":"Tour en Barcelona gratis por el centro de la ciudad","description":"Tour en Barcelona por el centro de la ciudad gratis!","robots":{"index":"index","follow":"follow","max-snippet":"max-snippet:-1","max-image-preview":"max-image-preview:large","max-video-preview":"max-video-preview:-1"},"canonical":"https:\/\/behostels.com\/es\/tour-por-el-centro-de-barcelona-gratis\/","og_locale":"es_ES","og_type":"article","og_title":"Tour en Barcelona gratis por el centro de la ciudad","og_description":"Tour en Barcelona por el centro de la ciudad gratis!","og_url":"https:\/\/behostels.com\/es\/tour-por-el-centro-de-barcelona-gratis\/","og_site_name":"Be Hostels","article_modified_time":"2015-12-08T00:09:02+00:00","og_image":[{"url":"https:\/\/behostels.com\/wp-content\/uploads\/2015\/07\/be-apartments-barcelona-next-ramblas.jpg"}],"twitter_card":"summary_large_image","schema":{"@context":"https:\/\/schema.org","@graph":[{"@type":"WebPage","@id":"https:\/\/behostels.com\/es\/tour-por-el-centro-de-barcelona-gratis\/","url":"https:\/\/behostels.com\/es\/tour-por-el-centro-de-barcelona-gratis\/","name":"Tour en Barcelona gratis por el centro de la ciudad","isPartOf":{"@id":"https:\/\/behostels.com\/es\/#website"},"primaryImageOfPage":{"@id":"https:\/\/behostels.com\/es\/tour-por-el-centro-de-barcelona-gratis\/#primaryimage"},"image":{"@id":"https:\/\/behostels.com\/es\/tour-por-el-centro-de-barcelona-gratis\/#primaryimage"},"thumbnailUrl":"https:\/\/behostels.com\/wp-content\/uploads\/2015\/07\/be-apartments-barcelona-next-ramblas.jpg","datePublished":"2015-06-22T16:05:48+00:00","dateModified":"2015-12-08T00:09:02+00:00","description":"Tour en Barcelona por el centro de la ciudad gratis!","breadcrumb":{"@id":"https:\/\/behostels.com\/es\/tour-por-el-centro-de-barcelona-gratis\/#breadcrumb"},"inLanguage":"es","potentialAction":[{"@type":"ReadAction","target":["https:\/\/behostels.com\/es\/tour-por-el-centro-de-barcelona-gratis\/"]}]},{"@type":"ImageObject","inLanguage":"es","@id":"https:\/\/behostels.com\/es\/tour-por-el-centro-de-barcelona-gratis\/#primaryimage","url":"https:\/\/behostels.com\/wp-content\/uploads\/2015\/07\/be-apartments-barcelona-next-ramblas.jpg","contentUrl":"https:\/\/behostels.com\/wp-content\/uploads\/2015\/07\/be-apartments-barcelona-next-ramblas.jpg"},{"@type":"BreadcrumbList","@id":"https:\/\/behostels.com\/es\/tour-por-el-centro-de-barcelona-gratis\/#breadcrumb","itemListElement":[{"@type":"ListItem","position":1,"name":"Home","item":"https:\/\/behostels.com\/es\/"},{"@type":"ListItem","position":2,"name":"Tour en Barcelona por el centro de la ciudad gratis"}]},{"@type":"WebSite","@id":"https:\/\/behostels.com\/es\/#website","url":"https:\/\/behostels.com\/es\/","name":"Be Hostels","description":"","publisher":{"@id":"https:\/\/behostels.com\/es\/#organization"},"potentialAction":[{"@type":"SearchAction","target":{"@type":"EntryPoint","urlTemplate":"https:\/\/behostels.com\/es\/?s={search_term_string}"},"query-input":"required name=search_term_string"}],"inLanguage":"es"},{"@type":"Organization","@id":"https:\/\/behostels.com\/es\/#organization","name":"Be Hostels","url":"https:\/\/behostels.com\/es\/","logo":{"@type":"ImageObject","inLanguage":"es","@id":"https:\/\/behostels.com\/es\/#\/schema\/logo\/image\/","url":"https:\/\/behostels.com\/wp-content\/uploads\/2015\/06\/be_reservations_logo.jpg","contentUrl":"https:\/\/behostels.com\/wp-content\/uploads\/2015\/06\/be_reservations_logo.jpg","width":130,"height":130,"caption":"Be Hostels"},"image":{"@id":"https:\/\/behostels.com\/es\/#\/schema\/logo\/image\/"}}]}},"_links":{"self":[{"href":"https:\/\/behostels.com\/es\/wp-json\/wp\/v2\/pages\/1003"}],"collection":[{"href":"https:\/\/behostels.com\/es\/wp-json\/wp\/v2\/pages"}],"about":[{"href":"https:\/\/behostels.com\/es\/wp-json\/wp\/v2\/types\/page"}],"author":[{"embeddable":true,"href":"https:\/\/behostels.com\/es\/wp-json\/wp\/v2\/users\/1"}],"replies":[{"embeddable":true,"href":"https:\/\/behostels.com\/es\/wp-json\/wp\/v2\/comments?post=1003"}],"version-history":[{"count":0,"href":"https:\/\/behostels.com\/es\/wp-json\/wp\/v2\/pages\/1003\/revisions"}],"wp:attachment":[{"href":"https:\/\/behostels.com\/es\/wp-json\/wp\/v2\/media?parent=1003"}],"curies":[{"name":"wp","href":"https:\/\/api.w.org\/{rel}","templated":true}]}}