{"id":928,"date":"2015-06-22T14:43:10","date_gmt":"2015-06-22T14:43:10","guid":{"rendered":"https:\/\/behostels.com\/?page_id=928"},"modified":"2015-11-26T12:58:57","modified_gmt":"2015-11-26T12:58:57","slug":"gruppen-in-be-hostels-barcelona-und-zaragoza","status":"publish","type":"page","link":"https:\/\/behostels.com\/de\/gruppen-in-be-hostels-barcelona-und-zaragoza\/","title":{"rendered":"Gruppen in Be Hostels Barcelona und Zaragoza"},"content":{"rendered":"<h2>Be Hostels spezielle Gruppenrabatte f\u00fcr gr\u00f6\u00dfere Gruppen, welche nach Barcelona oder Zaragoza reisen m\u00f6chten!<\/h2>\r\n<h3>Bitte beachtet dass Gruppenreservierungen erst ab 15 Personen ber\u00fccksichtigt werden.<\/h3>\r\n\r\n<p>Falls Ihr mehr Information <strong>zu speziellen Gruppenpreisen<\/strong> und <strong>Konditionen<\/strong> m\u00f6chtet, bitten wir Euch<a href=\"https:\/\/behostels.com\/de\/be-hostels-gruppe-anfrage\/\" title=\"undefined\" target=\"\"> das Bewerbungsformular<\/a> auszuf\u00fcllen, oder eine E-Mail an <a href=\"mailto:groups@behostels.com\"><strong>groups@behostels.com<\/strong><\/a> zu senden.<\/p>\r\n\r\n<p><strong>Be Hostels<\/strong> verf\u00fcgt \u00fcber mehr als 9 Jahre Erfahrung in der Arbeit mit Gruppen. Wir arbeiten hart und bieten die <strong>speziellen Dienstleistungen<\/strong> an, welche <strong>Gruppen<\/strong> ben\u00f6tigen, wie z.B.: Picknick, Mittagessen, Abendessen, geplante Aktivit\u00e4ten, Fr\u00fchst\u00fcck, insbesondere Check-In\/Check-Out Zeiten etc.<\/p>\r\n<div class=\"uk-grid uk-text-left uk-flex-middle\">\r\n\t<div class=\"uk-width-medium-1-3\">\r\n\t\t<div class=\"uk-overlay uk-overlay-hover uk-border-circle\">\r\n\t\t\t<img loading=\"lazy\" decoding=\"async\" src=\"https:\/\/behostels.com\/wp-content\/uploads\/2015\/07\/be-hostels-groups-contact.jpg\" alt=\"Behostels groups resrvationcontact\" width=\"600\" height=\"600\" class=\"uk-border-circle uk-overlay-scale\"  \/>\r\n\t\t<\/div>\r\n\t<\/div>\r\n\t<div class=\"uk-width-medium-2-3\">\r\n<h3><a href=\"http:\/\/www.behostels.com\" title=\"Hostels Barcelona | Be Hostels\" target=\"_blank\" class=\"invisible\" >Be Hostels<\/a> bietet Unterkunft f\u00fcr Gruppen, wie z.B.:<\/h3>\r\n   \r\n<ul class=\"rooms\">\r\n    <li>Schulen<\/li>  \r\n    <li>Universit\u00e4ten<\/li>  \r\n    <li>Institute und Hochschulen<\/li>  \r\n    <li>Sportmannschaften<\/li> \r\n    <li>Sommerlager<\/li>  \r\n    <li>Kollektive<\/li>   \r\n<\/ul>\r\n\r\n<p><strong>Be Hostels<\/strong> bietet eine gro\u00dfe Auswahl an Zimmern: gemischte Schlafs\u00e4le mit 4, 6, 8, 10, 12, 14 und 16 Betten, sowie Doppel-und Einzelzimmer. Ihr k\u00f6nnt auch separate Schlafr\u00e4ume f\u00fcr M\u00e4dchen und Jungen reservieren, welche ausschlie\u00dflich f\u00fcr eure Gruppe gebucht werden. Wir helfen auch Lehrern, Reiseleitern und Busfahrern, Einzel-oder Doppelzimmer in unseren Hostels zu organisieren.<\/p>\r\n\t<\/div>\r\n<\/div>\r\n\r\n<p>Unser Personal ist bem\u00fcht das Beste zu geben, um auf die W\u00fcnsche und Bed\u00fcrfnisse unserer G\u00e4ste einzugehen. Die verantwortliche Person f\u00fcr diesen Kundenservice ist unsere Kollegin Ana.<\/p>\r\n\r\n<h3>Falls Ihr eine <strong>gro\u00dfe Gruppenreise<\/strong> organisieren wollt, laden wir euch ein, <strong>Be Hostels<\/strong> zu kontaktieren.<\/h3>","protected":false},"excerpt":{"rendered":"<p>Be Hostels spezielle Gruppenrabatte f\u00fcr gr\u00f6\u00dfere Gruppen, welche nach Barcelona oder Zaragoza reisen m\u00f6chten! Bitte beachtet dass Gruppenreservierungen erst ab 15 Personen ber\u00fccksichtigt werden. Falls Ihr mehr Information zu speziellen Gruppenpreisen und Konditionen m\u00f6chtet, bitten wir Euch das Bewerbungsformular auszuf\u00fcllen, oder eine E-Mail an groups@behostels.com zu senden. Be Hostels verf\u00fcgt \u00fcber mehr als 9 Jahre [&hellip;]<\/p>\n","protected":false},"author":1,"featured_media":0,"parent":0,"menu_order":0,"comment_status":"closed","ping_status":"closed","template":"","meta":{"footnotes":""},"yoast_head":"<!-- This site is optimized with the Yoast SEO plugin v22.7 - https:\/\/yoast.com\/wordpress\/plugins\/seo\/ -->\n<title>Gruppen bei Be Hostels Barcelona und Zaragoza<\/title>\n<meta name=\"description\" content=\"Gruppenservice Be Hostels\" \/>\n<meta name=\"robots\" content=\"index, follow, max-snippet:-1, max-image-preview:large, max-video-preview:-1\" \/>\n<link rel=\"canonical\" href=\"https:\/\/behostels.com\/de\/gruppen-in-be-hostels-barcelona-und-zaragoza\/\" \/>\n<meta property=\"og:locale\" content=\"de_DE\" \/>\n<meta property=\"og:type\" content=\"article\" \/>\n<meta property=\"og:title\" content=\"Gruppen bei Be Hostels Barcelona und Zaragoza\" \/>\n<meta property=\"og:description\" content=\"Gruppenservice Be Hostels\" \/>\n<meta property=\"og:url\" content=\"https:\/\/behostels.com\/de\/gruppen-in-be-hostels-barcelona-und-zaragoza\/\" \/>\n<meta property=\"og:site_name\" content=\"Be Hostels\" \/>\n<meta property=\"article:modified_time\" content=\"2015-11-26T12:58:57+00:00\" \/>\n<meta property=\"og:image\" content=\"https:\/\/behostels.com\/wp-content\/uploads\/2015\/07\/be-hostels-groups-contact.jpg\" \/>\n<meta name=\"twitter:card\" content=\"summary_large_image\" \/>\n<meta name=\"twitter:label1\" content=\"Gesch\u00e4tzte Lesezeit\" \/>\n\t<meta name=\"twitter:data1\" content=\"1\u00a0Minute\" \/>\n<script type=\"application\/ld+json\" class=\"yoast-schema-graph\">{\"@context\":\"https:\/\/schema.org\",\"@graph\":[{\"@type\":\"WebPage\",\"@id\":\"https:\/\/behostels.com\/de\/gruppen-in-be-hostels-barcelona-und-zaragoza\/\",\"url\":\"https:\/\/behostels.com\/de\/gruppen-in-be-hostels-barcelona-und-zaragoza\/\",\"name\":\"Gruppen bei Be Hostels Barcelona und Zaragoza\",\"isPartOf\":{\"@id\":\"https:\/\/behostels.com\/de\/#website\"},\"primaryImageOfPage\":{\"@id\":\"https:\/\/behostels.com\/de\/gruppen-in-be-hostels-barcelona-und-zaragoza\/#primaryimage\"},\"image\":{\"@id\":\"https:\/\/behostels.com\/de\/gruppen-in-be-hostels-barcelona-und-zaragoza\/#primaryimage\"},\"thumbnailUrl\":\"https:\/\/behostels.com\/wp-content\/uploads\/2015\/07\/be-hostels-groups-contact.jpg\",\"datePublished\":\"2015-06-22T14:43:10+00:00\",\"dateModified\":\"2015-11-26T12:58:57+00:00\",\"description\":\"Gruppenservice Be Hostels\",\"breadcrumb\":{\"@id\":\"https:\/\/behostels.com\/de\/gruppen-in-be-hostels-barcelona-und-zaragoza\/#breadcrumb\"},\"inLanguage\":\"de\",\"potentialAction\":[{\"@type\":\"ReadAction\",\"target\":[\"https:\/\/behostels.com\/de\/gruppen-in-be-hostels-barcelona-und-zaragoza\/\"]}]},{\"@type\":\"ImageObject\",\"inLanguage\":\"de\",\"@id\":\"https:\/\/behostels.com\/de\/gruppen-in-be-hostels-barcelona-und-zaragoza\/#primaryimage\",\"url\":\"https:\/\/behostels.com\/wp-content\/uploads\/2015\/07\/be-hostels-groups-contact.jpg\",\"contentUrl\":\"https:\/\/behostels.com\/wp-content\/uploads\/2015\/07\/be-hostels-groups-contact.jpg\"},{\"@type\":\"BreadcrumbList\",\"@id\":\"https:\/\/behostels.com\/de\/gruppen-in-be-hostels-barcelona-und-zaragoza\/#breadcrumb\",\"itemListElement\":[{\"@type\":\"ListItem\",\"position\":1,\"name\":\"Home\",\"item\":\"https:\/\/behostels.com\/de\/\"},{\"@type\":\"ListItem\",\"position\":2,\"name\":\"Gruppen in Be Hostels Barcelona und Zaragoza\"}]},{\"@type\":\"WebSite\",\"@id\":\"https:\/\/behostels.com\/de\/#website\",\"url\":\"https:\/\/behostels.com\/de\/\",\"name\":\"Be Hostels\",\"description\":\"\",\"publisher\":{\"@id\":\"https:\/\/behostels.com\/de\/#organization\"},\"potentialAction\":[{\"@type\":\"SearchAction\",\"target\":{\"@type\":\"EntryPoint\",\"urlTemplate\":\"https:\/\/behostels.com\/de\/?s={search_term_string}\"},\"query-input\":\"required name=search_term_string\"}],\"inLanguage\":\"de\"},{\"@type\":\"Organization\",\"@id\":\"https:\/\/behostels.com\/de\/#organization\",\"name\":\"Be Hostels\",\"url\":\"https:\/\/behostels.com\/de\/\",\"logo\":{\"@type\":\"ImageObject\",\"inLanguage\":\"de\",\"@id\":\"https:\/\/behostels.com\/de\/#\/schema\/logo\/image\/\",\"url\":\"https:\/\/behostels.com\/wp-content\/uploads\/2015\/06\/be_reservations_logo.jpg\",\"contentUrl\":\"https:\/\/behostels.com\/wp-content\/uploads\/2015\/06\/be_reservations_logo.jpg\",\"width\":130,\"height\":130,\"caption\":\"Be Hostels\"},\"image\":{\"@id\":\"https:\/\/behostels.com\/de\/#\/schema\/logo\/image\/\"}}]}<\/script>\n<!-- \/ Yoast SEO plugin. -->","yoast_head_json":{"title":"Gruppen bei Be Hostels Barcelona und Zaragoza","description":"Gruppenservice Be Hostels","robots":{"index":"index","follow":"follow","max-snippet":"max-snippet:-1","max-image-preview":"max-image-preview:large","max-video-preview":"max-video-preview:-1"},"canonical":"https:\/\/behostels.com\/de\/gruppen-in-be-hostels-barcelona-und-zaragoza\/","og_locale":"de_DE","og_type":"article","og_title":"Gruppen bei Be Hostels Barcelona und Zaragoza","og_description":"Gruppenservice Be Hostels","og_url":"https:\/\/behostels.com\/de\/gruppen-in-be-hostels-barcelona-und-zaragoza\/","og_site_name":"Be Hostels","article_modified_time":"2015-11-26T12:58:57+00:00","og_image":[{"url":"https:\/\/behostels.com\/wp-content\/uploads\/2015\/07\/be-hostels-groups-contact.jpg"}],"twitter_card":"summary_large_image","twitter_misc":{"Gesch\u00e4tzte Lesezeit":"1\u00a0Minute"},"schema":{"@context":"https:\/\/schema.org","@graph":[{"@type":"WebPage","@id":"https:\/\/behostels.com\/de\/gruppen-in-be-hostels-barcelona-und-zaragoza\/","url":"https:\/\/behostels.com\/de\/gruppen-in-be-hostels-barcelona-und-zaragoza\/","name":"Gruppen bei Be Hostels Barcelona und Zaragoza","isPartOf":{"@id":"https:\/\/behostels.com\/de\/#website"},"primaryImageOfPage":{"@id":"https:\/\/behostels.com\/de\/gruppen-in-be-hostels-barcelona-und-zaragoza\/#primaryimage"},"image":{"@id":"https:\/\/behostels.com\/de\/gruppen-in-be-hostels-barcelona-und-zaragoza\/#primaryimage"},"thumbnailUrl":"https:\/\/behostels.com\/wp-content\/uploads\/2015\/07\/be-hostels-groups-contact.jpg","datePublished":"2015-06-22T14:43:10+00:00","dateModified":"2015-11-26T12:58:57+00:00","description":"Gruppenservice Be Hostels","breadcrumb":{"@id":"https:\/\/behostels.com\/de\/gruppen-in-be-hostels-barcelona-und-zaragoza\/#breadcrumb"},"inLanguage":"de","potentialAction":[{"@type":"ReadAction","target":["https:\/\/behostels.com\/de\/gruppen-in-be-hostels-barcelona-und-zaragoza\/"]}]},{"@type":"ImageObject","inLanguage":"de","@id":"https:\/\/behostels.com\/de\/gruppen-in-be-hostels-barcelona-und-zaragoza\/#primaryimage","url":"https:\/\/behostels.com\/wp-content\/uploads\/2015\/07\/be-hostels-groups-contact.jpg","contentUrl":"https:\/\/behostels.com\/wp-content\/uploads\/2015\/07\/be-hostels-groups-contact.jpg"},{"@type":"BreadcrumbList","@id":"https:\/\/behostels.com\/de\/gruppen-in-be-hostels-barcelona-und-zaragoza\/#breadcrumb","itemListElement":[{"@type":"ListItem","position":1,"name":"Home","item":"https:\/\/behostels.com\/de\/"},{"@type":"ListItem","position":2,"name":"Gruppen in Be Hostels Barcelona und Zaragoza"}]},{"@type":"WebSite","@id":"https:\/\/behostels.com\/de\/#website","url":"https:\/\/behostels.com\/de\/","name":"Be Hostels","description":"","publisher":{"@id":"https:\/\/behostels.com\/de\/#organization"},"potentialAction":[{"@type":"SearchAction","target":{"@type":"EntryPoint","urlTemplate":"https:\/\/behostels.com\/de\/?s={search_term_string}"},"query-input":"required name=search_term_string"}],"inLanguage":"de"},{"@type":"Organization","@id":"https:\/\/behostels.com\/de\/#organization","name":"Be Hostels","url":"https:\/\/behostels.com\/de\/","logo":{"@type":"ImageObject","inLanguage":"de","@id":"https:\/\/behostels.com\/de\/#\/schema\/logo\/image\/","url":"https:\/\/behostels.com\/wp-content\/uploads\/2015\/06\/be_reservations_logo.jpg","contentUrl":"https:\/\/behostels.com\/wp-content\/uploads\/2015\/06\/be_reservations_logo.jpg","width":130,"height":130,"caption":"Be Hostels"},"image":{"@id":"https:\/\/behostels.com\/de\/#\/schema\/logo\/image\/"}}]}},"_links":{"self":[{"href":"https:\/\/behostels.com\/de\/wp-json\/wp\/v2\/pages\/928"}],"collection":[{"href":"https:\/\/behostels.com\/de\/wp-json\/wp\/v2\/pages"}],"about":[{"href":"https:\/\/behostels.com\/de\/wp-json\/wp\/v2\/types\/page"}],"author":[{"embeddable":true,"href":"https:\/\/behostels.com\/de\/wp-json\/wp\/v2\/users\/1"}],"replies":[{"embeddable":true,"href":"https:\/\/behostels.com\/de\/wp-json\/wp\/v2\/comments?post=928"}],"version-history":[{"count":0,"href":"https:\/\/behostels.com\/de\/wp-json\/wp\/v2\/pages\/928\/revisions"}],"wp:attachment":[{"href":"https:\/\/behostels.com\/de\/wp-json\/wp\/v2\/media?parent=928"}],"curies":[{"name":"wp","href":"https:\/\/api.w.org\/{rel}","templated":true}]}}