{"id":9,"date":"2015-06-08T14:39:47","date_gmt":"2015-06-08T14:39:47","guid":{"rendered":"https:\/\/behostels.com\/?page_id=9"},"modified":"2015-07-15T12:47:10","modified_gmt":"2015-07-15T12:47:10","slug":"unterkunft-in-barcelona-warum-be-hostels","status":"publish","type":"page","link":"https:\/\/behostels.com\/de\/unterkunft-in-barcelona-warum-be-hostels\/","title":{"rendered":"Unterkunft in Barcelona: Warum Be Hostels?"},"content":{"rendered":"<h3><a title=\"Enjoy Barcelona\u2019s best affordable lodging at Be Hostels!\" href=\"https:\/\/behostels.com\/de\/\">Be Hostels<\/a> versucht den traditionellen Sinn eines Hostels zu bewahren, indem wir einen einladenden und gem\u00fctlichen Ort bieten, wo sich Reisende kennenlernen k\u00f6nnen, um letztendlich mit neuen und gemeinsamen Erfahrungen nach Hause zu fahren.<\/h3><\/h3>\r\n<h2 class=\"fantasy\">Be Hostels Barcelona: Best Einrichtungen, g\u00fcnstige Preise<\/h2>\r\n&nbsp;\r\n\r\n<div class=\"uk-grid uk-text-left uk-flex-middle\">\r\n\t<div class=\"uk-width-medium-1-3\">\r\n\t\t<div class=\"uk-overlay uk-overlay-hover uk-border-circle\">\r\n\t\t\t<img decoding=\"async\" src=\"\/wp-content\/uploads\/2015\/06\/why-choose-be-hostels1.jpg\" class=\"uk-border-circle uk-overlay-scale\" alt=\"Why choose Be hostels?\">\r\n\t\t<\/div>\r\n\t<\/div>\r\n\t<div class=\"uk-width-medium-2-3\">\r\n\t<p>In den \u00f6ffentlichen Bereichen der Herbergen und w\u00e4hrend der Teilnahme an organisierten Aktivit\u00e4ten, kannst Du Menschen aus aller Welt kennenlernen. Au\u00dferdem bietet,<strong> <a title=\"Enjoy Barcelona\u2019s best affordable lodging at Be Hostels!\" href=\"https:\/\/behostels.com\/\">Be Hostels<\/a><\/strong> moderne technische Ausstattung:<strong> (WLAN)<\/strong>, <strong>kostenfreie Nutzung<\/strong> der Computer mit Internetzugang in den \u00f6ffentlichen Bereichen, das beste<strong> Online-Buchungssystem<\/strong> sowie relevante Updates auf unserem<strong> <a title=\"Be Hostels Blog and News about Barcelona lifestyle!\" href=\"https:\/\/behostels.com\/barcelona-news\/\">blog<\/a><\/strong>wo du dich \u00fcber Veranstaltungen und Aktivit\u00e4ten in Barcelona informieren kannst.<\/p>\r\n\r\n<p><strong><a title=\"Enjoy Barcelona\u2019s best affordable lodging at Be Hostels!\" href=\"https:\/\/behostels.comde\/\">Be Hostels<\/a><\/strong> bietet nicht nur eine alternative Unterkunft zu g\u00fcnstigen Preisen, sondern bietet auch <strong>kostenloses Fr\u00fchst\u00fcck<\/strong>,sowie eine <strong>kostenfreie Stadt<\/strong>-und <strong>Bike-Tour<\/strong>!\r\n<\/p>\r\n\r\n<p>Lust auf mehr? Bei einem Aufenthalt und Check-In in einem unserer <strong><a title=\"Enjoy Barcelona\u2019s best affordable lodging at Be Hostels!\" href=\"https:\/\/behostels.com\/de\">Be Hostels<\/a><\/strong>, laden wir dich kostenfrei ins <strong> <a title=\"Be Hostels Restaurant in Barcelona: Mes\u00f3n David\" href=\"https:\/\/behostels.com\/de\/be-hostels-restaurant-in-barcelona-meson-david\/\">Be Hostels Restaurant<\/a>: Meson David<\/strong>ein, wo du ein Glas Wein oder Bier und einen Tapas genie\u00dfen kannst!<\/p>\r\n\r\n\t<\/div>\r\n<\/div>\r\n\r\n<p><strong>Barcelona<\/strong> ist eine lebendige Stadt, die viel zu bieten hat. Unsere Mitarbeiter empfehlen dir jederzeit gern die besten Sehensw\u00fcrdigkeiten und geben dir die besten Tipps, um unsere lebendige Stadt zu entdecken!\r\n<a href=\"https:\/\/behostels.com\/de\/\"><strong>Be Hostels<\/strong><\/a> haben die beste Lage; das <a href=\"https:\/\/behostels.com\/de\/?page_id=65\"><strong>Be Mar Hostel<\/strong><\/a>, das <a href=\"https:\/\/behostels.com\/de\/sound\/\"><strong>Be Sound Hostel<\/strong><\/a> und das <a href=\"https:\/\/behostels.com\/de\/ramblas\/\"><strong>Be Ramblas Hotel<\/strong><\/a> befindt sich im Zentrum von Barcelona und das <a href=\"https:\/\/behostels.com\/de\/dream\/\"><strong>Be Dream Hostel<\/strong><\/a> ist unser <a href=\"https:\/\/behostels.com\/de\/dream\/\"><strong>Be Hostel in Strandn\u00e4he<\/strong><\/a>!&nbsp;\r\n&nbsp;\r\n<div class=\"destacado\"><strong><strong><a title=\"Enjoy Barcelona\u2019s best affordable lodging at Be Hostels!\" href=\"https:\/\/behostels.com\/de\/\">Be Hostels<\/a><\/strong><\/strong> garantiert f\u00fcr eine <a href=\"https:\/\/behostels.com\/de\/\"><strong>qualitativ hochwertige Unterkunft<\/strong><\/a>,<strong> tolle Lage<\/strong> und <strong>gute Preise<\/strong>! Buche Deinen Aufenthalt mit <a href=\"https:\/\/behostels.com\/de\/\"><strong>Be Hostels<\/strong><\/a> und genie\u00dfe ein einzigartiges Wohnerlebnis in <strong>Barcelona<\/strong>!<\/div>\r\n<span class=\"frase\">Halten Sie reisen, Keep smiling!<\/span><\/p>","protected":false},"excerpt":{"rendered":"<p>Be Hostels versucht den traditionellen Sinn eines Hostels zu bewahren, indem wir einen einladenden und gem\u00fctlichen Ort bieten, wo sich Reisende kennenlernen k\u00f6nnen, um letztendlich mit neuen und gemeinsamen Erfahrungen nach Hause zu fahren. Be Hostels Barcelona: Best Einrichtungen, g\u00fcnstige Preise &nbsp; In den \u00f6ffentlichen Bereichen der Herbergen und w\u00e4hrend der Teilnahme an organisierten Aktivit\u00e4ten, [&hellip;]<\/p>\n","protected":false},"author":1,"featured_media":0,"parent":0,"menu_order":0,"comment_status":"closed","ping_status":"closed","template":"","meta":{"footnotes":""},"yoast_head":"<!-- This site is optimized with the Yoast SEO plugin v22.7 - https:\/\/yoast.com\/wordpress\/plugins\/seo\/ -->\n<title>Unterkunft in Barcelona: Warum Be Hostels?<\/title>\n<meta name=\"description\" content=\"Be Hostels Einrichtungen sind attraktiv f\u00fcr Alternativreisende und Backpacker. Barcelona ist ein niemals endender Traum, genie\u00dfe Deine Reise mit Be Hostels!\" \/>\n<meta name=\"robots\" content=\"index, follow, max-snippet:-1, max-image-preview:large, max-video-preview:-1\" \/>\n<link rel=\"canonical\" href=\"https:\/\/behostels.com\/de\/unterkunft-in-barcelona-warum-be-hostels\/\" \/>\n<meta property=\"og:locale\" content=\"de_DE\" \/>\n<meta property=\"og:type\" content=\"article\" \/>\n<meta property=\"og:title\" content=\"Unterkunft in Barcelona: Warum Be Hostels?\" \/>\n<meta property=\"og:description\" content=\"Be Hostels Einrichtungen sind attraktiv f\u00fcr Alternativreisende und Backpacker. Barcelona ist ein niemals endender Traum, genie\u00dfe Deine Reise mit Be Hostels!\" \/>\n<meta property=\"og:url\" content=\"https:\/\/behostels.com\/de\/unterkunft-in-barcelona-warum-be-hostels\/\" \/>\n<meta property=\"og:site_name\" content=\"Be Hostels\" \/>\n<meta property=\"article:modified_time\" content=\"2015-07-15T12:47:10+00:00\" \/>\n<meta property=\"og:image\" content=\"https:\/\/behostels.com\/wp-content\/uploads\/2015\/06\/why-choose-be-hostels1.jpg\" \/>\n<meta name=\"twitter:card\" content=\"summary_large_image\" \/>\n<meta name=\"twitter:label1\" content=\"Gesch\u00e4tzte Lesezeit\" \/>\n\t<meta name=\"twitter:data1\" content=\"1\u00a0Minute\" \/>\n<script type=\"application\/ld+json\" class=\"yoast-schema-graph\">{\"@context\":\"https:\/\/schema.org\",\"@graph\":[{\"@type\":\"WebPage\",\"@id\":\"https:\/\/behostels.com\/de\/unterkunft-in-barcelona-warum-be-hostels\/\",\"url\":\"https:\/\/behostels.com\/de\/unterkunft-in-barcelona-warum-be-hostels\/\",\"name\":\"Unterkunft in Barcelona: Warum Be Hostels?\",\"isPartOf\":{\"@id\":\"https:\/\/behostels.com\/de\/#website\"},\"datePublished\":\"2015-06-08T14:39:47+00:00\",\"dateModified\":\"2015-07-15T12:47:10+00:00\",\"description\":\"Be Hostels Einrichtungen sind attraktiv f\u00fcr Alternativreisende und Backpacker. Barcelona ist ein niemals endender Traum, genie\u00dfe Deine Reise mit Be Hostels!\",\"breadcrumb\":{\"@id\":\"https:\/\/behostels.com\/de\/unterkunft-in-barcelona-warum-be-hostels\/#breadcrumb\"},\"inLanguage\":\"de\",\"potentialAction\":[{\"@type\":\"ReadAction\",\"target\":[\"https:\/\/behostels.com\/de\/unterkunft-in-barcelona-warum-be-hostels\/\"]}]},{\"@type\":\"BreadcrumbList\",\"@id\":\"https:\/\/behostels.com\/de\/unterkunft-in-barcelona-warum-be-hostels\/#breadcrumb\",\"itemListElement\":[{\"@type\":\"ListItem\",\"position\":1,\"name\":\"Home\",\"item\":\"https:\/\/behostels.com\/de\/\"},{\"@type\":\"ListItem\",\"position\":2,\"name\":\"Unterkunft in Barcelona: Warum Be Hostels?\"}]},{\"@type\":\"WebSite\",\"@id\":\"https:\/\/behostels.com\/de\/#website\",\"url\":\"https:\/\/behostels.com\/de\/\",\"name\":\"Be Hostels\",\"description\":\"\",\"publisher\":{\"@id\":\"https:\/\/behostels.com\/de\/#organization\"},\"potentialAction\":[{\"@type\":\"SearchAction\",\"target\":{\"@type\":\"EntryPoint\",\"urlTemplate\":\"https:\/\/behostels.com\/de\/?s={search_term_string}\"},\"query-input\":\"required name=search_term_string\"}],\"inLanguage\":\"de\"},{\"@type\":\"Organization\",\"@id\":\"https:\/\/behostels.com\/de\/#organization\",\"name\":\"Be Hostels\",\"url\":\"https:\/\/behostels.com\/de\/\",\"logo\":{\"@type\":\"ImageObject\",\"inLanguage\":\"de\",\"@id\":\"https:\/\/behostels.com\/de\/#\/schema\/logo\/image\/\",\"url\":\"https:\/\/behostels.com\/wp-content\/uploads\/2015\/06\/be_reservations_logo.jpg\",\"contentUrl\":\"https:\/\/behostels.com\/wp-content\/uploads\/2015\/06\/be_reservations_logo.jpg\",\"width\":130,\"height\":130,\"caption\":\"Be Hostels\"},\"image\":{\"@id\":\"https:\/\/behostels.com\/de\/#\/schema\/logo\/image\/\"}}]}<\/script>\n<!-- \/ Yoast SEO plugin. -->","yoast_head_json":{"title":"Unterkunft in Barcelona: Warum Be Hostels?","description":"Be Hostels Einrichtungen sind attraktiv f\u00fcr Alternativreisende und Backpacker. Barcelona ist ein niemals endender Traum, genie\u00dfe Deine Reise mit Be Hostels!","robots":{"index":"index","follow":"follow","max-snippet":"max-snippet:-1","max-image-preview":"max-image-preview:large","max-video-preview":"max-video-preview:-1"},"canonical":"https:\/\/behostels.com\/de\/unterkunft-in-barcelona-warum-be-hostels\/","og_locale":"de_DE","og_type":"article","og_title":"Unterkunft in Barcelona: Warum Be Hostels?","og_description":"Be Hostels Einrichtungen sind attraktiv f\u00fcr Alternativreisende und Backpacker. Barcelona ist ein niemals endender Traum, genie\u00dfe Deine Reise mit Be Hostels!","og_url":"https:\/\/behostels.com\/de\/unterkunft-in-barcelona-warum-be-hostels\/","og_site_name":"Be Hostels","article_modified_time":"2015-07-15T12:47:10+00:00","og_image":[{"url":"https:\/\/behostels.com\/wp-content\/uploads\/2015\/06\/why-choose-be-hostels1.jpg"}],"twitter_card":"summary_large_image","twitter_misc":{"Gesch\u00e4tzte Lesezeit":"1\u00a0Minute"},"schema":{"@context":"https:\/\/schema.org","@graph":[{"@type":"WebPage","@id":"https:\/\/behostels.com\/de\/unterkunft-in-barcelona-warum-be-hostels\/","url":"https:\/\/behostels.com\/de\/unterkunft-in-barcelona-warum-be-hostels\/","name":"Unterkunft in Barcelona: Warum Be Hostels?","isPartOf":{"@id":"https:\/\/behostels.com\/de\/#website"},"datePublished":"2015-06-08T14:39:47+00:00","dateModified":"2015-07-15T12:47:10+00:00","description":"Be Hostels Einrichtungen sind attraktiv f\u00fcr Alternativreisende und Backpacker. Barcelona ist ein niemals endender Traum, genie\u00dfe Deine Reise mit Be Hostels!","breadcrumb":{"@id":"https:\/\/behostels.com\/de\/unterkunft-in-barcelona-warum-be-hostels\/#breadcrumb"},"inLanguage":"de","potentialAction":[{"@type":"ReadAction","target":["https:\/\/behostels.com\/de\/unterkunft-in-barcelona-warum-be-hostels\/"]}]},{"@type":"BreadcrumbList","@id":"https:\/\/behostels.com\/de\/unterkunft-in-barcelona-warum-be-hostels\/#breadcrumb","itemListElement":[{"@type":"ListItem","position":1,"name":"Home","item":"https:\/\/behostels.com\/de\/"},{"@type":"ListItem","position":2,"name":"Unterkunft in Barcelona: Warum Be Hostels?"}]},{"@type":"WebSite","@id":"https:\/\/behostels.com\/de\/#website","url":"https:\/\/behostels.com\/de\/","name":"Be Hostels","description":"","publisher":{"@id":"https:\/\/behostels.com\/de\/#organization"},"potentialAction":[{"@type":"SearchAction","target":{"@type":"EntryPoint","urlTemplate":"https:\/\/behostels.com\/de\/?s={search_term_string}"},"query-input":"required name=search_term_string"}],"inLanguage":"de"},{"@type":"Organization","@id":"https:\/\/behostels.com\/de\/#organization","name":"Be Hostels","url":"https:\/\/behostels.com\/de\/","logo":{"@type":"ImageObject","inLanguage":"de","@id":"https:\/\/behostels.com\/de\/#\/schema\/logo\/image\/","url":"https:\/\/behostels.com\/wp-content\/uploads\/2015\/06\/be_reservations_logo.jpg","contentUrl":"https:\/\/behostels.com\/wp-content\/uploads\/2015\/06\/be_reservations_logo.jpg","width":130,"height":130,"caption":"Be Hostels"},"image":{"@id":"https:\/\/behostels.com\/de\/#\/schema\/logo\/image\/"}}]}},"_links":{"self":[{"href":"https:\/\/behostels.com\/de\/wp-json\/wp\/v2\/pages\/9"}],"collection":[{"href":"https:\/\/behostels.com\/de\/wp-json\/wp\/v2\/pages"}],"about":[{"href":"https:\/\/behostels.com\/de\/wp-json\/wp\/v2\/types\/page"}],"author":[{"embeddable":true,"href":"https:\/\/behostels.com\/de\/wp-json\/wp\/v2\/users\/1"}],"replies":[{"embeddable":true,"href":"https:\/\/behostels.com\/de\/wp-json\/wp\/v2\/comments?post=9"}],"version-history":[{"count":0,"href":"https:\/\/behostels.com\/de\/wp-json\/wp\/v2\/pages\/9\/revisions"}],"wp:attachment":[{"href":"https:\/\/behostels.com\/de\/wp-json\/wp\/v2\/media?parent=9"}],"curies":[{"name":"wp","href":"https:\/\/api.w.org\/{rel}","templated":true}]}}