{"id":872,"date":"2015-06-22T14:27:50","date_gmt":"2015-06-22T14:27:50","guid":{"rendered":"https:\/\/behostels.com\/?page_id=872"},"modified":"2015-11-27T13:59:38","modified_gmt":"2015-11-27T13:59:38","slug":"be-hostels-restaurant-in-barcelona-meson-david","status":"publish","type":"page","link":"https:\/\/behostels.com\/de\/be-hostels-restaurant-in-barcelona-meson-david\/","title":{"rendered":"Be Hostels Restaurant in Barcelona: Mes\u00f3n David"},"content":{"rendered":"<h3><strong>Mes\u00f3n David<\/strong>\u201c ist eine der wenigen alten Tavernen in Barcelona, welche seit 1908 traditionelle spanische Gerichte anbietet und daher historisch bekannt ist.<\/h3>\r\n<p>Hier kann man die urspr\u00fcngliche Galizische K\u00fcche und unsere k\u00f6stlich hausgemachten Gerichte probieren. G\u00fcnstigen Preise, gute Qualit\u00e4t und gro\u00dfe Portionen!<\/p>\r\n<div class=\"uk-grid uk-text-left uk-flex-middle\">\r\n\t<div class=\"uk-width-medium-1-3\">\r\n\t\t<div class=\"uk-overlay uk-overlay-hover uk-border-circle\">\r\n\t\t\t<img loading=\"lazy\" decoding=\"async\" src=\"https:\/\/behostels.com\/wp-content\/uploads\/2015\/06\/meson-david-paella.jpg\" alt=\"Meson David is the Be Hostels restaurant\" width=\"800\" height=\"800\" class=\"uk-border-circle uk-overlay-scale\" \/>\r\n\t\t<\/div>\r\n\t<\/div>\r\n\t<div class=\"uk-width-medium-2-3\">\r\n\t\r\n<h3 class=\"fantasy\">Die Spezialit\u00e4ten des K\u00fcchenchefs sind:<\/h3>\r\n<ul class=\"rooms\">\r\n <li>Pulpo Gallego (Tintenfisch nach Galizischer Art)<\/li>\r\n <li>Lacon (Ger\u00e4ucherter Schinken)<\/li>\r\n <li>Das beliebte Gericht \u201eCodillo\u201c (Schweinshachse, Eisbein)<\/li>\r\n <li>Parrillada de Pescado Gegrillter Fisch<\/li>\r\n<\/ul>\r\n\r\n<p>Das Mittagsmen\u00fc <strong>kostet 8,50\u20ac (alles inklusive).<\/strong> Reservierungen werden auch per Telefon angenommen.<\/p>\r\n\r\n\r\n<p>Abendessen f\u00fcr Gruppen bis zu 140 Personen (max. Kapazit\u00e4t des Restaurants).<\/p>\r\n\r\n<p><strong>Mes\u00f3n David<\/strong> ist t\u00e4glich von 12:00 Uhr mittags bis 01:00 Uhr morgens ge\u00f6ffnet.<br\/>\r\nWir bieten unsere leckeren Gerichte auch zum mitnehmen an.<\/p>\r\n\r\n<h3>Wir warten auf Deinen Besuch!<\/h3>\r\n\t<\/div>\r\n<\/div>\r\n\n\n<div id=\"wk-gridc5a\" class=\"uk-grid-width-1-1 uk-grid-width-small-1-2 uk-grid-width-medium-1-5 uk-grid uk-grid-match uk-grid-collapse \" data-uk-grid-match=\"{target:'> div > .uk-panel', row:true}\" data-uk-grid-margin  data-uk-scrollspy=\"{cls:'uk-animation-fade uk-invisible', target:'> div > .uk-panel', delay:300}\">\n\n    \n    <div>\n    \n<div class=\"uk-panel uk-invisible\">\n\n    <div class=\"uk-panel-teaser\">\n\n        <figure class=\"uk-overlay uk-overlay-hover \">\n\n            <img loading=\"lazy\" decoding=\"async\" src=\"\/wp-content\/plugins\/widgetkit\/cache\/Meson-david-02-f8cdfe406ec17c2e724c5fa939a4b9f5.jpg\" class=\"uk-overlay-scale\" alt=\"Meson-david-\" width=\"317\" height=\"211\">\n            \n                        <div class=\"uk-overlay-panel uk-overlay-background uk-overlay-fade\"><\/div>\n            \n                            <div class=\"uk-overlay-panel uk-overlay-icon uk-overlay-fade\"><\/div>\n            \n                                                                        <a class=\"uk-position-cover\" href=\"\/wp-content\/uploads\/meson-david-gallery\/Meson-david-02.jpg\" data-lightbox-type=\"image\" data-uk-lightbox=\"{group:'.wk-1c5a'}\" ><\/a>\n                                                \n        <\/figure>\n\n    <\/div>\n\n    \n        \n        \n    \n<\/div>\n    <\/div>\n\n        \n    <div>\n    \n<div class=\"uk-panel uk-invisible\">\n\n    <div class=\"uk-panel-teaser\">\n\n        <figure class=\"uk-overlay uk-overlay-hover \">\n\n            <img loading=\"lazy\" decoding=\"async\" src=\"\/wp-content\/plugins\/widgetkit\/cache\/Meson-david-03-d52862420b355c91cd498ed4e7d06914.jpg\" class=\"uk-overlay-scale\" alt=\"Meson-david-\" width=\"317\" height=\"211\">\n            \n                        <div class=\"uk-overlay-panel uk-overlay-background uk-overlay-fade\"><\/div>\n            \n                            <div class=\"uk-overlay-panel uk-overlay-icon uk-overlay-fade\"><\/div>\n            \n                                                                        <a class=\"uk-position-cover\" href=\"\/wp-content\/uploads\/meson-david-gallery\/Meson-david-03.jpg\" data-lightbox-type=\"image\" data-uk-lightbox=\"{group:'.wk-1c5a'}\" ><\/a>\n                                                \n        <\/figure>\n\n    <\/div>\n\n    \n        \n        \n    \n<\/div>\n    <\/div>\n\n        \n    <div>\n    \n<div class=\"uk-panel uk-invisible\">\n\n    <div class=\"uk-panel-teaser\">\n\n        <figure class=\"uk-overlay uk-overlay-hover \">\n\n            <img loading=\"lazy\" decoding=\"async\" src=\"\/wp-content\/plugins\/widgetkit\/cache\/Meson-david-05-c1944957eba91bc9cf29d2c65f006e57.jpg\" class=\"uk-overlay-scale\" alt=\"Meson-david-\" width=\"317\" height=\"211\">\n            \n                        <div class=\"uk-overlay-panel uk-overlay-background uk-overlay-fade\"><\/div>\n            \n                            <div class=\"uk-overlay-panel uk-overlay-icon uk-overlay-fade\"><\/div>\n            \n                                                                        <a class=\"uk-position-cover\" href=\"\/wp-content\/uploads\/meson-david-gallery\/Meson-david-05.jpg\" data-lightbox-type=\"image\" data-uk-lightbox=\"{group:'.wk-1c5a'}\" ><\/a>\n                                                \n        <\/figure>\n\n    <\/div>\n\n    \n        \n        \n    \n<\/div>\n    <\/div>\n\n        \n    <div>\n    \n<div class=\"uk-panel uk-invisible\">\n\n    <div class=\"uk-panel-teaser\">\n\n        <figure class=\"uk-overlay uk-overlay-hover \">\n\n            <img loading=\"lazy\" decoding=\"async\" src=\"\/wp-content\/plugins\/widgetkit\/cache\/Meson-david-06-5e2b715ee28532170e4ba81dcf827f17.jpg\" class=\"uk-overlay-scale\" alt=\"Meson-david-\" width=\"317\" height=\"211\">\n            \n                        <div class=\"uk-overlay-panel uk-overlay-background uk-overlay-fade\"><\/div>\n            \n                            <div class=\"uk-overlay-panel uk-overlay-icon uk-overlay-fade\"><\/div>\n            \n                                                                        <a class=\"uk-position-cover\" href=\"\/wp-content\/uploads\/meson-david-gallery\/Meson-david-06.jpg\" data-lightbox-type=\"image\" data-uk-lightbox=\"{group:'.wk-1c5a'}\" ><\/a>\n                                                \n        <\/figure>\n\n    <\/div>\n\n    \n        \n        \n    \n<\/div>\n    <\/div>\n\n        \n    <div>\n    \n<div class=\"uk-panel uk-invisible\">\n\n    <div class=\"uk-panel-teaser\">\n\n        <figure class=\"uk-overlay uk-overlay-hover \">\n\n            <img loading=\"lazy\" decoding=\"async\" src=\"\/wp-content\/plugins\/widgetkit\/cache\/Meson-david-07-6fd2aff04bed30a40a677e234572adc7.jpg\" class=\"uk-overlay-scale\" alt=\"Meson-david-\" width=\"317\" height=\"211\">\n            \n                        <div class=\"uk-overlay-panel uk-overlay-background uk-overlay-fade\"><\/div>\n            \n                            <div class=\"uk-overlay-panel uk-overlay-icon uk-overlay-fade\"><\/div>\n            \n                                                                        <a class=\"uk-position-cover\" href=\"\/wp-content\/uploads\/meson-david-gallery\/Meson-david-07.jpg\" data-lightbox-type=\"image\" data-uk-lightbox=\"{group:'.wk-1c5a'}\" ><\/a>\n                                                \n        <\/figure>\n\n    <\/div>\n\n    \n        \n        \n    \n<\/div>\n    <\/div>\n\n        \n    <div>\n    \n<div class=\"uk-panel uk-invisible\">\n\n    <div class=\"uk-panel-teaser\">\n\n        <figure class=\"uk-overlay uk-overlay-hover \">\n\n            <img loading=\"lazy\" decoding=\"async\" src=\"\/wp-content\/plugins\/widgetkit\/cache\/Meson-david-08-db6cdd24fae07132a4f00dd99b0f4056.jpg\" class=\"uk-overlay-scale\" alt=\"Meson-david-\" width=\"317\" height=\"211\">\n            \n                        <div class=\"uk-overlay-panel uk-overlay-background uk-overlay-fade\"><\/div>\n            \n                            <div class=\"uk-overlay-panel uk-overlay-icon uk-overlay-fade\"><\/div>\n            \n                                                                        <a class=\"uk-position-cover\" href=\"\/wp-content\/uploads\/meson-david-gallery\/Meson-david-08.jpg\" data-lightbox-type=\"image\" data-uk-lightbox=\"{group:'.wk-1c5a'}\" ><\/a>\n                                                \n        <\/figure>\n\n    <\/div>\n\n    \n        \n        \n    \n<\/div>\n    <\/div>\n\n        \n    <div>\n    \n<div class=\"uk-panel uk-invisible\">\n\n    <div class=\"uk-panel-teaser\">\n\n        <figure class=\"uk-overlay uk-overlay-hover \">\n\n            <img loading=\"lazy\" decoding=\"async\" src=\"\/wp-content\/plugins\/widgetkit\/cache\/Meson-david-09-4621b1a980c3649c3176aef12ea47227.jpg\" class=\"uk-overlay-scale\" alt=\"Meson-david-\" width=\"317\" height=\"211\">\n            \n                        <div class=\"uk-overlay-panel uk-overlay-background uk-overlay-fade\"><\/div>\n            \n                            <div class=\"uk-overlay-panel uk-overlay-icon uk-overlay-fade\"><\/div>\n            \n                                                                        <a class=\"uk-position-cover\" href=\"\/wp-content\/uploads\/meson-david-gallery\/Meson-david-09.jpg\" data-lightbox-type=\"image\" data-uk-lightbox=\"{group:'.wk-1c5a'}\" ><\/a>\n                                                \n        <\/figure>\n\n    <\/div>\n\n    \n        \n        \n    \n<\/div>\n    <\/div>\n\n        \n    <div>\n    \n<div class=\"uk-panel uk-invisible\">\n\n    <div class=\"uk-panel-teaser\">\n\n        <figure class=\"uk-overlay uk-overlay-hover \">\n\n            <img loading=\"lazy\" decoding=\"async\" src=\"\/wp-content\/plugins\/widgetkit\/cache\/Meson-david-10-3bf6c3251100088f301c1f055be26275.jpg\" class=\"uk-overlay-scale\" alt=\"Meson-david-\" width=\"317\" height=\"211\">\n            \n                        <div class=\"uk-overlay-panel uk-overlay-background uk-overlay-fade\"><\/div>\n            \n                            <div class=\"uk-overlay-panel uk-overlay-icon uk-overlay-fade\"><\/div>\n            \n                                                                        <a class=\"uk-position-cover\" href=\"\/wp-content\/uploads\/meson-david-gallery\/Meson-david-10.jpg\" data-lightbox-type=\"image\" data-uk-lightbox=\"{group:'.wk-1c5a'}\" ><\/a>\n                                                \n        <\/figure>\n\n    <\/div>\n\n    \n        \n        \n    \n<\/div>\n    <\/div>\n\n        \n    <div>\n    \n<div class=\"uk-panel uk-invisible\">\n\n    <div class=\"uk-panel-teaser\">\n\n        <figure class=\"uk-overlay uk-overlay-hover \">\n\n            <img loading=\"lazy\" decoding=\"async\" src=\"\/wp-content\/plugins\/widgetkit\/cache\/Meson-david-11-a9c3b130f76412112c704019927c6708.jpg\" class=\"uk-overlay-scale\" alt=\"Meson-david-\" width=\"317\" height=\"211\">\n            \n                        <div class=\"uk-overlay-panel uk-overlay-background uk-overlay-fade\"><\/div>\n            \n                            <div class=\"uk-overlay-panel uk-overlay-icon uk-overlay-fade\"><\/div>\n            \n                                                                        <a class=\"uk-position-cover\" href=\"\/wp-content\/uploads\/meson-david-gallery\/Meson-david-11.jpg\" data-lightbox-type=\"image\" data-uk-lightbox=\"{group:'.wk-1c5a'}\" ><\/a>\n                                                \n        <\/figure>\n\n    <\/div>\n\n    \n        \n        \n    \n<\/div>\n    <\/div>\n\n        \n    <div>\n    \n<div class=\"uk-panel uk-invisible\">\n\n    <div class=\"uk-panel-teaser\">\n\n        <figure class=\"uk-overlay uk-overlay-hover \">\n\n            <img loading=\"lazy\" decoding=\"async\" src=\"\/wp-content\/plugins\/widgetkit\/cache\/Meson-david-12-6bb5254aa90f345851a671c110bf1a69.jpg\" class=\"uk-overlay-scale\" alt=\"Meson-david-\" width=\"317\" height=\"211\">\n            \n                        <div class=\"uk-overlay-panel uk-overlay-background uk-overlay-fade\"><\/div>\n            \n                            <div class=\"uk-overlay-panel uk-overlay-icon uk-overlay-fade\"><\/div>\n            \n                                                                        <a class=\"uk-position-cover\" href=\"\/wp-content\/uploads\/meson-david-gallery\/Meson-david-12.jpg\" data-lightbox-type=\"image\" data-uk-lightbox=\"{group:'.wk-1c5a'}\" ><\/a>\n                                                \n        <\/figure>\n\n    <\/div>\n\n    \n        \n        \n    \n<\/div>\n    <\/div>\n\n    \n<\/div>\n\n\n<script>\n(function($){\n\n    \/\/ get the images of the gallery and replace it by a canvas of the same size to fix the problem with overlapping images on load.\n    $('img[width][height]:not(.uk-overlay-panel)', $('#wk-gridc5a')).each(function() {\n\n        var $img = $(this);\n\n        if (this.width == 'auto' || this.height == 'auto' || !$img.is(':visible')) {\n            return;\n        }\n\n        var $canvas = $('<canvas class=\"uk-responsive-width\"><\/canvas>').attr({width:$img.attr('width'), height:$img.attr('height')}),\n            img = new Image,\n            release = function() {\n                $canvas.remove();\n                $img.css('display', '');\n                release = function(){};\n            };\n\n        $img.css('display', 'none').after($canvas);\n\n        $(img).on('load', function(){ release(); });\n        setTimeout(function(){ release(); }, 1000);\n\n        img.src = this.src;\n\n    });\n\n})(jQuery);\n<\/script>\n\r\n\r\n","protected":false},"excerpt":{"rendered":"<p>Mes\u00f3n David\u201c ist eine der wenigen alten Tavernen in Barcelona, welche seit 1908 traditionelle spanische Gerichte anbietet und daher historisch bekannt ist. Hier kann man die urspr\u00fcngliche Galizische K\u00fcche und unsere k\u00f6stlich hausgemachten Gerichte probieren. G\u00fcnstigen Preise, gute Qualit\u00e4t und gro\u00dfe Portionen! Die Spezialit\u00e4ten des K\u00fcchenchefs sind: Pulpo Gallego (Tintenfisch nach Galizischer Art) Lacon (Ger\u00e4ucherter [&hellip;]<\/p>\n","protected":false},"author":1,"featured_media":0,"parent":0,"menu_order":0,"comment_status":"closed","ping_status":"closed","template":"","meta":{"footnotes":""},"yoast_head":"<!-- This site is optimized with the Yoast SEO plugin v22.7 - https:\/\/yoast.com\/wordpress\/plugins\/seo\/ -->\n<title>Be Hostels Restaurant in Barcelona<\/title>\n<meta name=\"description\" content=\"Meson David ist das Be Hostel Restaurant in Barcelona. Probiert die urspr\u00fcngliche Galizische K\u00fcche!\" \/>\n<meta name=\"robots\" content=\"index, follow, max-snippet:-1, max-image-preview:large, max-video-preview:-1\" \/>\n<link rel=\"canonical\" href=\"https:\/\/behostels.com\/de\/be-hostels-restaurant-in-barcelona-meson-david\/\" \/>\n<meta property=\"og:locale\" content=\"de_DE\" \/>\n<meta property=\"og:type\" content=\"article\" \/>\n<meta property=\"og:title\" content=\"Be Hostels Restaurant in Barcelona\" \/>\n<meta property=\"og:description\" content=\"Meson David ist das Be Hostel Restaurant in Barcelona. Probiert die urspr\u00fcngliche Galizische K\u00fcche!\" \/>\n<meta property=\"og:url\" content=\"https:\/\/behostels.com\/de\/be-hostels-restaurant-in-barcelona-meson-david\/\" \/>\n<meta property=\"og:site_name\" content=\"Be Hostels\" \/>\n<meta property=\"article:modified_time\" content=\"2015-11-27T13:59:38+00:00\" \/>\n<meta property=\"og:image\" content=\"https:\/\/behostels.com\/wp-content\/uploads\/2015\/06\/meson-david-paella.jpg\" \/>\n<meta name=\"twitter:card\" content=\"summary_large_image\" \/>\n<meta name=\"twitter:label1\" content=\"Gesch\u00e4tzte Lesezeit\" \/>\n\t<meta name=\"twitter:data1\" content=\"1\u00a0Minute\" \/>\n<script type=\"application\/ld+json\" class=\"yoast-schema-graph\">{\"@context\":\"https:\/\/schema.org\",\"@graph\":[{\"@type\":\"WebPage\",\"@id\":\"https:\/\/behostels.com\/de\/be-hostels-restaurant-in-barcelona-meson-david\/\",\"url\":\"https:\/\/behostels.com\/de\/be-hostels-restaurant-in-barcelona-meson-david\/\",\"name\":\"Be Hostels Restaurant in Barcelona\",\"isPartOf\":{\"@id\":\"https:\/\/behostels.com\/de\/#website\"},\"primaryImageOfPage\":{\"@id\":\"https:\/\/behostels.com\/de\/be-hostels-restaurant-in-barcelona-meson-david\/#primaryimage\"},\"image\":{\"@id\":\"https:\/\/behostels.com\/de\/be-hostels-restaurant-in-barcelona-meson-david\/#primaryimage\"},\"thumbnailUrl\":\"https:\/\/behostels.com\/wp-content\/uploads\/2015\/06\/meson-david-paella.jpg\",\"datePublished\":\"2015-06-22T14:27:50+00:00\",\"dateModified\":\"2015-11-27T13:59:38+00:00\",\"description\":\"Meson David ist das Be Hostel Restaurant in Barcelona. Probiert die urspr\u00fcngliche Galizische K\u00fcche!\",\"breadcrumb\":{\"@id\":\"https:\/\/behostels.com\/de\/be-hostels-restaurant-in-barcelona-meson-david\/#breadcrumb\"},\"inLanguage\":\"de\",\"potentialAction\":[{\"@type\":\"ReadAction\",\"target\":[\"https:\/\/behostels.com\/de\/be-hostels-restaurant-in-barcelona-meson-david\/\"]}]},{\"@type\":\"ImageObject\",\"inLanguage\":\"de\",\"@id\":\"https:\/\/behostels.com\/de\/be-hostels-restaurant-in-barcelona-meson-david\/#primaryimage\",\"url\":\"https:\/\/behostels.com\/wp-content\/uploads\/2015\/06\/meson-david-paella.jpg\",\"contentUrl\":\"https:\/\/behostels.com\/wp-content\/uploads\/2015\/06\/meson-david-paella.jpg\"},{\"@type\":\"BreadcrumbList\",\"@id\":\"https:\/\/behostels.com\/de\/be-hostels-restaurant-in-barcelona-meson-david\/#breadcrumb\",\"itemListElement\":[{\"@type\":\"ListItem\",\"position\":1,\"name\":\"Home\",\"item\":\"https:\/\/behostels.com\/de\/\"},{\"@type\":\"ListItem\",\"position\":2,\"name\":\"Be Hostels Restaurant in Barcelona: Mes\u00f3n David\"}]},{\"@type\":\"WebSite\",\"@id\":\"https:\/\/behostels.com\/de\/#website\",\"url\":\"https:\/\/behostels.com\/de\/\",\"name\":\"Be Hostels\",\"description\":\"\",\"publisher\":{\"@id\":\"https:\/\/behostels.com\/de\/#organization\"},\"potentialAction\":[{\"@type\":\"SearchAction\",\"target\":{\"@type\":\"EntryPoint\",\"urlTemplate\":\"https:\/\/behostels.com\/de\/?s={search_term_string}\"},\"query-input\":\"required name=search_term_string\"}],\"inLanguage\":\"de\"},{\"@type\":\"Organization\",\"@id\":\"https:\/\/behostels.com\/de\/#organization\",\"name\":\"Be Hostels\",\"url\":\"https:\/\/behostels.com\/de\/\",\"logo\":{\"@type\":\"ImageObject\",\"inLanguage\":\"de\",\"@id\":\"https:\/\/behostels.com\/de\/#\/schema\/logo\/image\/\",\"url\":\"https:\/\/behostels.com\/wp-content\/uploads\/2015\/06\/be_reservations_logo.jpg\",\"contentUrl\":\"https:\/\/behostels.com\/wp-content\/uploads\/2015\/06\/be_reservations_logo.jpg\",\"width\":130,\"height\":130,\"caption\":\"Be Hostels\"},\"image\":{\"@id\":\"https:\/\/behostels.com\/de\/#\/schema\/logo\/image\/\"}}]}<\/script>\n<!-- \/ Yoast SEO plugin. -->","yoast_head_json":{"title":"Be Hostels Restaurant in Barcelona","description":"Meson David ist das Be Hostel Restaurant in Barcelona. Probiert die urspr\u00fcngliche Galizische K\u00fcche!","robots":{"index":"index","follow":"follow","max-snippet":"max-snippet:-1","max-image-preview":"max-image-preview:large","max-video-preview":"max-video-preview:-1"},"canonical":"https:\/\/behostels.com\/de\/be-hostels-restaurant-in-barcelona-meson-david\/","og_locale":"de_DE","og_type":"article","og_title":"Be Hostels Restaurant in Barcelona","og_description":"Meson David ist das Be Hostel Restaurant in Barcelona. Probiert die urspr\u00fcngliche Galizische K\u00fcche!","og_url":"https:\/\/behostels.com\/de\/be-hostels-restaurant-in-barcelona-meson-david\/","og_site_name":"Be Hostels","article_modified_time":"2015-11-27T13:59:38+00:00","og_image":[{"url":"https:\/\/behostels.com\/wp-content\/uploads\/2015\/06\/meson-david-paella.jpg"}],"twitter_card":"summary_large_image","twitter_misc":{"Gesch\u00e4tzte Lesezeit":"1\u00a0Minute"},"schema":{"@context":"https:\/\/schema.org","@graph":[{"@type":"WebPage","@id":"https:\/\/behostels.com\/de\/be-hostels-restaurant-in-barcelona-meson-david\/","url":"https:\/\/behostels.com\/de\/be-hostels-restaurant-in-barcelona-meson-david\/","name":"Be Hostels Restaurant in Barcelona","isPartOf":{"@id":"https:\/\/behostels.com\/de\/#website"},"primaryImageOfPage":{"@id":"https:\/\/behostels.com\/de\/be-hostels-restaurant-in-barcelona-meson-david\/#primaryimage"},"image":{"@id":"https:\/\/behostels.com\/de\/be-hostels-restaurant-in-barcelona-meson-david\/#primaryimage"},"thumbnailUrl":"https:\/\/behostels.com\/wp-content\/uploads\/2015\/06\/meson-david-paella.jpg","datePublished":"2015-06-22T14:27:50+00:00","dateModified":"2015-11-27T13:59:38+00:00","description":"Meson David ist das Be Hostel Restaurant in Barcelona. Probiert die urspr\u00fcngliche Galizische K\u00fcche!","breadcrumb":{"@id":"https:\/\/behostels.com\/de\/be-hostels-restaurant-in-barcelona-meson-david\/#breadcrumb"},"inLanguage":"de","potentialAction":[{"@type":"ReadAction","target":["https:\/\/behostels.com\/de\/be-hostels-restaurant-in-barcelona-meson-david\/"]}]},{"@type":"ImageObject","inLanguage":"de","@id":"https:\/\/behostels.com\/de\/be-hostels-restaurant-in-barcelona-meson-david\/#primaryimage","url":"https:\/\/behostels.com\/wp-content\/uploads\/2015\/06\/meson-david-paella.jpg","contentUrl":"https:\/\/behostels.com\/wp-content\/uploads\/2015\/06\/meson-david-paella.jpg"},{"@type":"BreadcrumbList","@id":"https:\/\/behostels.com\/de\/be-hostels-restaurant-in-barcelona-meson-david\/#breadcrumb","itemListElement":[{"@type":"ListItem","position":1,"name":"Home","item":"https:\/\/behostels.com\/de\/"},{"@type":"ListItem","position":2,"name":"Be Hostels Restaurant in Barcelona: Mes\u00f3n David"}]},{"@type":"WebSite","@id":"https:\/\/behostels.com\/de\/#website","url":"https:\/\/behostels.com\/de\/","name":"Be Hostels","description":"","publisher":{"@id":"https:\/\/behostels.com\/de\/#organization"},"potentialAction":[{"@type":"SearchAction","target":{"@type":"EntryPoint","urlTemplate":"https:\/\/behostels.com\/de\/?s={search_term_string}"},"query-input":"required name=search_term_string"}],"inLanguage":"de"},{"@type":"Organization","@id":"https:\/\/behostels.com\/de\/#organization","name":"Be Hostels","url":"https:\/\/behostels.com\/de\/","logo":{"@type":"ImageObject","inLanguage":"de","@id":"https:\/\/behostels.com\/de\/#\/schema\/logo\/image\/","url":"https:\/\/behostels.com\/wp-content\/uploads\/2015\/06\/be_reservations_logo.jpg","contentUrl":"https:\/\/behostels.com\/wp-content\/uploads\/2015\/06\/be_reservations_logo.jpg","width":130,"height":130,"caption":"Be Hostels"},"image":{"@id":"https:\/\/behostels.com\/de\/#\/schema\/logo\/image\/"}}]}},"_links":{"self":[{"href":"https:\/\/behostels.com\/de\/wp-json\/wp\/v2\/pages\/872"}],"collection":[{"href":"https:\/\/behostels.com\/de\/wp-json\/wp\/v2\/pages"}],"about":[{"href":"https:\/\/behostels.com\/de\/wp-json\/wp\/v2\/types\/page"}],"author":[{"embeddable":true,"href":"https:\/\/behostels.com\/de\/wp-json\/wp\/v2\/users\/1"}],"replies":[{"embeddable":true,"href":"https:\/\/behostels.com\/de\/wp-json\/wp\/v2\/comments?post=872"}],"version-history":[{"count":0,"href":"https:\/\/behostels.com\/de\/wp-json\/wp\/v2\/pages\/872\/revisions"}],"wp:attachment":[{"href":"https:\/\/behostels.com\/de\/wp-json\/wp\/v2\/media?parent=872"}],"curies":[{"name":"wp","href":"https:\/\/api.w.org\/{rel}","templated":true}]}}