{"id":857,"date":"2015-06-22T14:06:17","date_gmt":"2015-06-22T14:06:17","guid":{"rendered":"https:\/\/behostels.com\/?page_id=857"},"modified":"2015-06-22T14:06:17","modified_gmt":"2015-06-22T14:06:17","slug":"barcelona-transport-grundlegende-informationen-und-preise","status":"publish","type":"page","link":"https:\/\/behostels.com\/de\/barcelona-transport-grundlegende-informationen-und-preise\/","title":{"rendered":"Barcelona Transport &#8211; grundlegende Informationen und Preise"},"content":{"rendered":"<h3>Damit du den Weg zu unseren Hostels gut findest, gibt dir Be Hostels einen \u00dcberblick \u00fcber das Verkehrssystem in Barcelona und anfallende Preise.<\/h3>\r\n&nbsp;\r\n<h2 class=\"fantasy\">Flughafenbus von\/zum Flughafen<\/h2>\r\nDer Flughafenbus pendelt zwischen dem Flughafen und dem Stadtzentrum. Der Bus f\u00e4hrt zwei Haltestellen in der Stadt an, eine am \u201ePlaza Catalu\u00f1a\u201c und die andere am \u201ePlaza Espa\u00f1a\u201c. Von da aus kann man einfach mit der U-Bahn weiterfahren, um andere Ziele innerhalb der Stadt zu erreichen.\r\n\r\n<strong>Es gibt zwei Buslinien.<\/strong>\r\n\r\n<strong>A1: Ab \/ bis Flughafen Terminal T1<\/strong>, die in der Pla\u00e7a Catalunya, stoppt Sep\u00falveda &#8211; Urgell, Pla\u00e7a Espanya, Terminal 1, Pla\u00e7a Espanya, Gran V\u00eda Urgell, Pla\u00e7a Universitat, und endet wieder an der Pla\u00e7a Catalunya.\r\n\r\nSie k\u00f6nnen diesen Bus alle 5-10 Minuten und der Fahrpreis betr\u00e4gt <strong>5,90 \u20ac pro Person<\/strong> f\u00fcr einen einfachen Flug, und <strong>10,20 \u20ac pro Person<\/strong> hin und zur\u00fcck (return g\u00fcltig bis zu 9 Tage nach dem Kauf)\r\n\r\n<strong>A2: Ab \/ bis Flughafen Terminal T2<\/strong>, die in der Pla\u00e7a Catalunya, stoppt Sep\u00falveda &#8211; Urgell, Pla\u00e7a Espanya, Terminal 2B, Terminal 2C, Pla\u00e7a Espanya, Gran V\u00eda Urgell, und endet wieder an der Pla\u00e7a Catalunya.\r\n\r\nSie k\u00f6nnen diesen Bus alle 10-20 Minuten und der Fahrpreis betr\u00e4gt <strong>5,90 \u20ac pro Person <\/strong>f\u00fcr einen einfachen Flug, <strong>und 10,20 \u20ac pro Person<\/strong> hin und zur\u00fcck. (R\u00fcckkehr g\u00fcltig bis zu 9 Tage nach dem Kauf)\r\n\r\n<ul class=\"rooms\">\r\n\t<li>Integrierte Fahrkarten (T-10, T-Mes, T-50\/30, T-Trimestre T-Jupiter, T-Vertraute, T-Dia) sind nicht g\u00fcltig f\u00fcr diesen Service.<\/li>\r\n\t<li>Alle Kinder unter 4 Jahre gratis Ticket.<\/li>\r\n\t<li>Sie k\u00f6nnen keine Tickets im Voraus zu buchen.<\/li>\r\n<\/ul>\r\n&nbsp;\r\n\r\n<h3 class=\"fantasy\">Metro und Bus-Tickets<\/h3>\r\nEin Einzelfahrschein f\u00fcr die U-Bahn oder den Bus. Wenn Ihr allerding l\u00e4nger als einen Tag hier seid und mehr als 5 Fahrten geplant habt, bietet es sich an, den &#8222;T10&#8220; Fahrschein zu kaufen.\r\n\r\nDie &#8222;T10&#8220; Fahrkarte ist g\u00fcltig f\u00fcr 10 Fahrten mit der U-Bahn, FGC (die FGC unterh\u00e4lt Bahnlinien \u00e4hnlich der U-Bahn rund um die Innenstadt) Busse, Stra\u00dfenbahn und RENFE in allen Bereichen der Zone 1. Das Stadtzentrum und seine anliegenden Viertel geh\u00f6ren zur Zone 1. Das &#8222;T10&#8220;. Ihr spart also Geld und die M\u00fche, euch einzelne Karten f\u00fcr jede Fahrt zu kaufen.\r\n\r\n<ul class=\"rooms\">\r\n\t<li><a href=\"http:\/\/www.tmb.cat\/en\/bitllets-i-tarifes\/-\/bitllet\/402\" title=\"T-10\" target=\"_blank\">Mehr Infos \u00fcber T-10 hier!<\/a><\/li>\r\n<\/ul>\r\n&nbsp;\r\n\r\nSie k\u00f6nnen auch eine Tageskarte, und Sie k\u00f6nnen es in allen Barcelona Transporte nutzen (Bus, Metro oder FCG). Diese Fahrkarte kostet 7,60 \u20ac\r\n&nbsp;\r\n<ul class=\"rooms\">\r\n\t<li><a href=\"http:\/\/www.tmb.cat\/en\/bitllets-i-tarifes\/-\/bitllet\/402\" title=\"T-Dia\" target=\"_blank\">Mehr Infos \u00fcber T-Dia hier!<\/a><\/li>\r\n<\/ul>\r\n\r\n<h3 class=\"fantasy\">Flughafen-Nachtbus: &#8222;NitBus&#8220; No. 17<\/h3>\r\nDieser Nachtbus steht von 23:00 Uhr nachts (von T1) bis 04:40 Uhr (von T1) morgens zur Verf\u00fcgung und f\u00e4hrt zwischen dem Flughafen und der Innenstadt Barcelonas. Eine Einzelfahrkarte. Den &#8222;T10&#8220; Fahrschein kann man auch f\u00fcr diesen Bus nutzen.\r\n\r\n\r\n<h3 class=\"fantasy\">Z\u00fcge von und zum Flughafen Barcelona<\/h3>\r\nDer RENFE-Zug f\u00e4hrt ungef\u00e4hr alle 30 Minuten zwischen dem Flughafen Barcelona und dem Stadtzentrum. Die Fahrzeit betr\u00e4gt ca. 25 Minuten. Eine einfache Fahrt zum Bahnhof &#8222;Sants&#8220;. Alternativ k\u00f6nnte man auch das &#8222;T10&#8220; f\u00fcr die Fahrt zum und vom Flughafen zum Bahnhof \u201eSants\u201c verwenden. Das \u201eT10\u201c-Ticket kann auch f\u00fcr andere Fahrten, z.B. in den Bussen und in der U-Bahn verwendet werden.\r\n\r\n<h3 class=\"fantasy\">Flughafen Girona nach Barcelona<\/h3>\r\nDer &#8222;Barcelona Bus&#8220; ist wahrscheinlich die bequemste Methode eines Transfers zwischen dem Flughafen in Girona und dem Stadtzentrum Barcelonas. Der Bus f\u00e4hrt direkt vor dem Flughafen ab und bringt dich zur \u201eEstacio d &#8218;Autobuses Barcelona Nord\u201c (Barcelona-Nord Busbahnhof) im Stadtzentrum. Von dort nimmst du die U-Bahn um an deinen Zielort zu gelangen. Die n\u00e4chstgelegene U-Bahnstation, ist die Metro Haltestelle &#8222;Arc De Triomf&#8220; (Rote Linie, Linie L1).\r\n\r\n<strong><a href=\"http:\/\/www.behostels.com\/wp-content\/uploads\/girona-barcelona.pdf\" title=\"Barcelona - Girona\" target=\"_blank\">Der Preis betr\u00e4gt 5,30\u20ac pro Einzelfahrschein <\/a><\/strong>\r\n\r\n<ul class=\"rooms\">\r\n\t<li>Die Fahrscheine f\u00fcr den \u201eBarcelona Bus\u201c k\u00f6nnen nicht im Voraus reserviert werden. Der Preis betr\u00e4g 16,00\u20ac f\u00fcr einen Einzelfahrschein und 25,00\u20ac f\u00fcr eine Hin-und R\u00fcckfahrkarte.<\/li>\r\n<\/ul>\r\n\r\n&nbsp;\r\n<h3>Bitte lesen Sie die Informationen in der Herberge &#8222;Wie kommt man&#8220; Sie gebucht haben<\/h3>\r\n\r\n<a href=\"https:\/\/behostels.com\/mar\/location\"><img loading=\"lazy\" decoding=\"async\" class=\"alignleft size-full wp-image-7610\" title=\"Be mar Hostel\" alt=\"be-hostels-mar-barcelona\" src=\"https:\/\/behostels.com\/wp-content\/uploads\/be-hostels-mar-barcelona1.jpg\" width=\"53\" height=\"53\" \/><\/a><a href=\"https:\/\/behostels.com\/sound\/location\/\"><img loading=\"lazy\" decoding=\"async\" class=\"alignleft size-full wp-image-7609\" title=\"Be Sound Hostel\" alt=\"be-hostels-sound-barcelona\" src=\"https:\/\/behostels.com\/wp-content\/uploads\/be-hostels-sound-barcelona.jpg\" width=\"53\" height=\"53\" \/><\/a><a href=\"https:\/\/behostels.com\/ramblas\/location\/\"><img loading=\"lazy\" decoding=\"async\" class=\"alignleft size-full wp-image-7608\" title=\"Be Ramblas Hotel\" alt=\"be-hostels-ramblas-barcelona\" src=\"https:\/\/behostels.com\/wp-content\/uploads\/be-hostels-ramblas-barcelona.jpg\" width=\"53\" height=\"53\" \/><\/a><a href=\"https:\/\/behostels.com\/dream\/location\/\"><img loading=\"lazy\" decoding=\"async\" class=\"alignleft size-full wp-image-7611\" title=\"Be Dream Hostel\" alt=\"be-hostels-dreams-barcelona\" src=\"https:\/\/behostels.com\/wp-content\/uploads\/be-hostels-dreams-barcelona.jpg\" width=\"53\" height=\"53\" \/><\/a>","protected":false},"excerpt":{"rendered":"<p>Damit du den Weg zu unseren Hostels gut findest, gibt dir Be Hostels einen \u00dcberblick \u00fcber das Verkehrssystem in Barcelona und anfallende Preise. &nbsp; Flughafenbus von\/zum Flughafen Der Flughafenbus pendelt zwischen dem Flughafen und dem Stadtzentrum. Der Bus f\u00e4hrt zwei Haltestellen in der Stadt an, eine am \u201ePlaza Catalu\u00f1a\u201c und die andere am \u201ePlaza Espa\u00f1a\u201c. [&hellip;]<\/p>\n","protected":false},"author":1,"featured_media":0,"parent":0,"menu_order":0,"comment_status":"closed","ping_status":"closed","template":"","meta":{"footnotes":""},"yoast_head":"<!-- This site is optimized with the Yoast SEO plugin v22.7 - https:\/\/yoast.com\/wordpress\/plugins\/seo\/ -->\n<title>Barcelona Transport. Finde Informationen und Preise<\/title>\n<meta name=\"description\" content=\"Finde alle Informationen \u00fcber Nahverkehr in Barcelona: U-Bahn, Flughafenbus, und Z\u00fcge. \u00dcberpr\u00fcfe Fahrpl\u00e4ne und Preise.\" \/>\n<meta name=\"robots\" content=\"index, follow, max-snippet:-1, max-image-preview:large, max-video-preview:-1\" \/>\n<link rel=\"canonical\" href=\"https:\/\/behostels.com\/de\/barcelona-transport-grundlegende-informationen-und-preise\/\" \/>\n<meta property=\"og:locale\" content=\"de_DE\" \/>\n<meta property=\"og:type\" content=\"article\" \/>\n<meta property=\"og:title\" content=\"Barcelona Transport. Finde Informationen und Preise\" \/>\n<meta property=\"og:description\" content=\"Finde alle Informationen \u00fcber Nahverkehr in Barcelona: U-Bahn, Flughafenbus, und Z\u00fcge. \u00dcberpr\u00fcfe Fahrpl\u00e4ne und Preise.\" \/>\n<meta property=\"og:url\" content=\"https:\/\/behostels.com\/de\/barcelona-transport-grundlegende-informationen-und-preise\/\" \/>\n<meta property=\"og:site_name\" content=\"Be Hostels\" \/>\n<meta property=\"og:image\" content=\"https:\/\/behostels.com\/wp-content\/uploads\/be-hostels-mar-barcelona1.jpg\" \/>\n<meta name=\"twitter:card\" content=\"summary_large_image\" \/>\n<meta name=\"twitter:label1\" content=\"Gesch\u00e4tzte Lesezeit\" \/>\n\t<meta name=\"twitter:data1\" content=\"3\u00a0Minuten\" \/>\n<script type=\"application\/ld+json\" class=\"yoast-schema-graph\">{\"@context\":\"https:\/\/schema.org\",\"@graph\":[{\"@type\":\"WebPage\",\"@id\":\"https:\/\/behostels.com\/de\/barcelona-transport-grundlegende-informationen-und-preise\/\",\"url\":\"https:\/\/behostels.com\/de\/barcelona-transport-grundlegende-informationen-und-preise\/\",\"name\":\"Barcelona Transport. Finde Informationen und Preise\",\"isPartOf\":{\"@id\":\"https:\/\/behostels.com\/de\/#website\"},\"primaryImageOfPage\":{\"@id\":\"https:\/\/behostels.com\/de\/barcelona-transport-grundlegende-informationen-und-preise\/#primaryimage\"},\"image\":{\"@id\":\"https:\/\/behostels.com\/de\/barcelona-transport-grundlegende-informationen-und-preise\/#primaryimage\"},\"thumbnailUrl\":\"https:\/\/behostels.com\/wp-content\/uploads\/be-hostels-mar-barcelona1.jpg\",\"datePublished\":\"2015-06-22T14:06:17+00:00\",\"dateModified\":\"2015-06-22T14:06:17+00:00\",\"description\":\"Finde alle Informationen \u00fcber Nahverkehr in Barcelona: U-Bahn, Flughafenbus, und Z\u00fcge. \u00dcberpr\u00fcfe Fahrpl\u00e4ne und Preise.\",\"breadcrumb\":{\"@id\":\"https:\/\/behostels.com\/de\/barcelona-transport-grundlegende-informationen-und-preise\/#breadcrumb\"},\"inLanguage\":\"de\",\"potentialAction\":[{\"@type\":\"ReadAction\",\"target\":[\"https:\/\/behostels.com\/de\/barcelona-transport-grundlegende-informationen-und-preise\/\"]}]},{\"@type\":\"ImageObject\",\"inLanguage\":\"de\",\"@id\":\"https:\/\/behostels.com\/de\/barcelona-transport-grundlegende-informationen-und-preise\/#primaryimage\",\"url\":\"https:\/\/behostels.com\/wp-content\/uploads\/be-hostels-mar-barcelona1.jpg\",\"contentUrl\":\"https:\/\/behostels.com\/wp-content\/uploads\/be-hostels-mar-barcelona1.jpg\"},{\"@type\":\"BreadcrumbList\",\"@id\":\"https:\/\/behostels.com\/de\/barcelona-transport-grundlegende-informationen-und-preise\/#breadcrumb\",\"itemListElement\":[{\"@type\":\"ListItem\",\"position\":1,\"name\":\"Home\",\"item\":\"https:\/\/behostels.com\/de\/\"},{\"@type\":\"ListItem\",\"position\":2,\"name\":\"Barcelona Transport &#8211; grundlegende Informationen und Preise\"}]},{\"@type\":\"WebSite\",\"@id\":\"https:\/\/behostels.com\/de\/#website\",\"url\":\"https:\/\/behostels.com\/de\/\",\"name\":\"Be Hostels\",\"description\":\"\",\"publisher\":{\"@id\":\"https:\/\/behostels.com\/de\/#organization\"},\"potentialAction\":[{\"@type\":\"SearchAction\",\"target\":{\"@type\":\"EntryPoint\",\"urlTemplate\":\"https:\/\/behostels.com\/de\/?s={search_term_string}\"},\"query-input\":\"required name=search_term_string\"}],\"inLanguage\":\"de\"},{\"@type\":\"Organization\",\"@id\":\"https:\/\/behostels.com\/de\/#organization\",\"name\":\"Be Hostels\",\"url\":\"https:\/\/behostels.com\/de\/\",\"logo\":{\"@type\":\"ImageObject\",\"inLanguage\":\"de\",\"@id\":\"https:\/\/behostels.com\/de\/#\/schema\/logo\/image\/\",\"url\":\"https:\/\/behostels.com\/wp-content\/uploads\/2015\/06\/be_reservations_logo.jpg\",\"contentUrl\":\"https:\/\/behostels.com\/wp-content\/uploads\/2015\/06\/be_reservations_logo.jpg\",\"width\":130,\"height\":130,\"caption\":\"Be Hostels\"},\"image\":{\"@id\":\"https:\/\/behostels.com\/de\/#\/schema\/logo\/image\/\"}}]}<\/script>\n<!-- \/ Yoast SEO plugin. -->","yoast_head_json":{"title":"Barcelona Transport. Finde Informationen und Preise","description":"Finde alle Informationen \u00fcber Nahverkehr in Barcelona: U-Bahn, Flughafenbus, und Z\u00fcge. \u00dcberpr\u00fcfe Fahrpl\u00e4ne und Preise.","robots":{"index":"index","follow":"follow","max-snippet":"max-snippet:-1","max-image-preview":"max-image-preview:large","max-video-preview":"max-video-preview:-1"},"canonical":"https:\/\/behostels.com\/de\/barcelona-transport-grundlegende-informationen-und-preise\/","og_locale":"de_DE","og_type":"article","og_title":"Barcelona Transport. Finde Informationen und Preise","og_description":"Finde alle Informationen \u00fcber Nahverkehr in Barcelona: U-Bahn, Flughafenbus, und Z\u00fcge. \u00dcberpr\u00fcfe Fahrpl\u00e4ne und Preise.","og_url":"https:\/\/behostels.com\/de\/barcelona-transport-grundlegende-informationen-und-preise\/","og_site_name":"Be Hostels","og_image":[{"url":"https:\/\/behostels.com\/wp-content\/uploads\/be-hostels-mar-barcelona1.jpg"}],"twitter_card":"summary_large_image","twitter_misc":{"Gesch\u00e4tzte Lesezeit":"3\u00a0Minuten"},"schema":{"@context":"https:\/\/schema.org","@graph":[{"@type":"WebPage","@id":"https:\/\/behostels.com\/de\/barcelona-transport-grundlegende-informationen-und-preise\/","url":"https:\/\/behostels.com\/de\/barcelona-transport-grundlegende-informationen-und-preise\/","name":"Barcelona Transport. Finde Informationen und Preise","isPartOf":{"@id":"https:\/\/behostels.com\/de\/#website"},"primaryImageOfPage":{"@id":"https:\/\/behostels.com\/de\/barcelona-transport-grundlegende-informationen-und-preise\/#primaryimage"},"image":{"@id":"https:\/\/behostels.com\/de\/barcelona-transport-grundlegende-informationen-und-preise\/#primaryimage"},"thumbnailUrl":"https:\/\/behostels.com\/wp-content\/uploads\/be-hostels-mar-barcelona1.jpg","datePublished":"2015-06-22T14:06:17+00:00","dateModified":"2015-06-22T14:06:17+00:00","description":"Finde alle Informationen \u00fcber Nahverkehr in Barcelona: U-Bahn, Flughafenbus, und Z\u00fcge. \u00dcberpr\u00fcfe Fahrpl\u00e4ne und Preise.","breadcrumb":{"@id":"https:\/\/behostels.com\/de\/barcelona-transport-grundlegende-informationen-und-preise\/#breadcrumb"},"inLanguage":"de","potentialAction":[{"@type":"ReadAction","target":["https:\/\/behostels.com\/de\/barcelona-transport-grundlegende-informationen-und-preise\/"]}]},{"@type":"ImageObject","inLanguage":"de","@id":"https:\/\/behostels.com\/de\/barcelona-transport-grundlegende-informationen-und-preise\/#primaryimage","url":"https:\/\/behostels.com\/wp-content\/uploads\/be-hostels-mar-barcelona1.jpg","contentUrl":"https:\/\/behostels.com\/wp-content\/uploads\/be-hostels-mar-barcelona1.jpg"},{"@type":"BreadcrumbList","@id":"https:\/\/behostels.com\/de\/barcelona-transport-grundlegende-informationen-und-preise\/#breadcrumb","itemListElement":[{"@type":"ListItem","position":1,"name":"Home","item":"https:\/\/behostels.com\/de\/"},{"@type":"ListItem","position":2,"name":"Barcelona Transport &#8211; grundlegende Informationen und Preise"}]},{"@type":"WebSite","@id":"https:\/\/behostels.com\/de\/#website","url":"https:\/\/behostels.com\/de\/","name":"Be Hostels","description":"","publisher":{"@id":"https:\/\/behostels.com\/de\/#organization"},"potentialAction":[{"@type":"SearchAction","target":{"@type":"EntryPoint","urlTemplate":"https:\/\/behostels.com\/de\/?s={search_term_string}"},"query-input":"required name=search_term_string"}],"inLanguage":"de"},{"@type":"Organization","@id":"https:\/\/behostels.com\/de\/#organization","name":"Be Hostels","url":"https:\/\/behostels.com\/de\/","logo":{"@type":"ImageObject","inLanguage":"de","@id":"https:\/\/behostels.com\/de\/#\/schema\/logo\/image\/","url":"https:\/\/behostels.com\/wp-content\/uploads\/2015\/06\/be_reservations_logo.jpg","contentUrl":"https:\/\/behostels.com\/wp-content\/uploads\/2015\/06\/be_reservations_logo.jpg","width":130,"height":130,"caption":"Be Hostels"},"image":{"@id":"https:\/\/behostels.com\/de\/#\/schema\/logo\/image\/"}}]}},"_links":{"self":[{"href":"https:\/\/behostels.com\/de\/wp-json\/wp\/v2\/pages\/857"}],"collection":[{"href":"https:\/\/behostels.com\/de\/wp-json\/wp\/v2\/pages"}],"about":[{"href":"https:\/\/behostels.com\/de\/wp-json\/wp\/v2\/types\/page"}],"author":[{"embeddable":true,"href":"https:\/\/behostels.com\/de\/wp-json\/wp\/v2\/users\/1"}],"replies":[{"embeddable":true,"href":"https:\/\/behostels.com\/de\/wp-json\/wp\/v2\/comments?post=857"}],"version-history":[{"count":0,"href":"https:\/\/behostels.com\/de\/wp-json\/wp\/v2\/pages\/857\/revisions"}],"wp:attachment":[{"href":"https:\/\/behostels.com\/de\/wp-json\/wp\/v2\/media?parent=857"}],"curies":[{"name":"wp","href":"https:\/\/api.w.org\/{rel}","templated":true}]}}