{"id":603,"date":"2015-06-18T13:05:20","date_gmt":"2015-06-18T13:05:20","guid":{"rendered":"https:\/\/behostels.com\/?page_id=603"},"modified":"2015-11-09T14:41:21","modified_gmt":"2015-11-09T14:41:21","slug":"apartments-zimmer","status":"publish","type":"page","link":"https:\/\/behostels.com\/de\/be-apartments\/apartments-zimmer\/","title":{"rendered":"Apartments Zimmer"},"content":{"rendered":"\n\n<div id=\"wk-grida83\" class=\"uk-grid-width-1-1 uk-grid-width-medium-1-3 uk-grid uk-grid-match uk-grid-medium uk-text-center \" data-uk-grid-match=\"{target:'> div > .uk-panel', row:true}\" data-uk-grid-margin  data-uk-scrollspy=\"{cls:'uk-animation-fade uk-invisible', target:'> div > .uk-panel', delay:300}\">\n\n\n    <div>\n        <div class=\"uk-panel uk-invisible\">\n\n            \n            \n                        <div class=\"uk-text-center uk-panel-teaser\"><img loading=\"lazy\" decoding=\"async\" src=\"\/wp-content\/uploads\/2015\/11\/DoubleRoom1.png\" class=\"uk-border-circle uk-overlay-scale\" alt=\"Double Room\" width=\"800\" height=\"800\"><\/div>\n            \n            \n            \n            \n            \n                        <div class=\"uk-margin\"><a class=\"uk-button\" href=\"https:\/\/booking.behostels.com\/?day=23\/04\/2026&#038;nights=7&#038;hotel=apartments\">\n    \n    \n    Doppelzimmer\n    \n    \n    \n    \n\n<\/a><\/div>\n            \n            \n            \n            \n        <\/div>\n    <\/div>\n\n\n    <div>\n        <div class=\"uk-panel uk-invisible\">\n\n            \n            \n                        <div class=\"uk-text-center uk-panel-teaser\"><img loading=\"lazy\" decoding=\"async\" src=\"\/wp-content\/uploads\/2015\/11\/Apartment2.jpg\" class=\"uk-border-circle uk-overlay-scale\" alt=\"Apartment 2 people\" width=\"600\" height=\"600\"><\/div>\n            \n            \n            \n            \n            \n                        <div class=\"uk-margin\"><a class=\"uk-button\" href=\"https:\/\/booking.behostels.com\/?day=23\/04\/2026&#038;nights=7&#038;hotel=apartments\">\n    \n    \n    Wohnung f\u00fcr 2 Personen\n    \n    \n    \n    \n<\/a><\/div>\n            \n            \n            \n            \n        <\/div>\n    <\/div>\n\n\n    <div>\n        <div class=\"uk-panel uk-invisible\">\n\n            \n            \n                        <div class=\"uk-text-center uk-panel-teaser\"><img loading=\"lazy\" decoding=\"async\" src=\"\/wp-content\/uploads\/2015\/11\/Apartment3.jpg\" class=\"uk-border-circle uk-overlay-scale\" alt=\"Apartment 3 people\" width=\"720\" height=\"720\"><\/div>\n            \n            \n            \n            \n            \n                        <div class=\"uk-margin\"><a class=\"uk-button\" href=\"https:\/\/booking.behostels.com\/?day=23\/04\/2026&#038;nights=7&#038;hotel=apartments\">\n    \n    \n    wohnung f\u00fcr 3 Personen\n    \n    \n    \n    \n<\/a><\/div>\n            \n            \n            \n            \n        <\/div>\n    <\/div>\n\n\n<\/div>\n\n<script>\n(function($){\n\n    \/\/ get the images of the gallery and replace it by a canvas of the same size to fix the problem with overlapping images on load.\n    $('img[width][height]:not(.uk-overlay-panel)', $('#wk-grida83')).each(function() {\n\n        var $img = $(this);\n\n        if (this.width == 'auto' || this.height == 'auto' || !$img.is(':visible')) {\n            return;\n        }\n\n        var $canvas = $('<canvas class=\"uk-responsive-width\"><\/canvas>').attr({width:$img.attr('width'), height:$img.attr('height')}),\n            img = new Image,\n            release = function() {\n                $canvas.remove();\n                $img.css('display', '');\n                release = function(){};\n            };\n\n        $img.css('display', 'none').after($canvas);\n\n        $(img).on('load', function(){ release(); });\n        setTimeout(function(){ release(); }, 1000);\n\n        img.src = this.src;\n\n    });\n\n})(jQuery);\n<\/script>\n\r\n<br>\r\n<br>\r\n<div class=\"destacado\">\r\n    <h2 class=\"fantasy\">Die Arten der R\u00e4ume im Be Apartments sind:<\/h2>\r\n<ul>\r\n    <li><strong>Ferienwohnung f\u00fcr 2 Personen mit K\u00fcche und Bad<\/strong><\/li>\r\n    <li><strong>Wohnung f\u00fcr 3 Personen mit K\u00fcche und Bad<\/strong><\/li>\r\n    <li><strong>Doppelzimmer mit Bad<\/strong><\/li>\r\n<\/ul>\r\n<\/div>\r\n<h2 class=\"fantasy\">Alle Zimmer verf\u00fcgen \u00fcber das Angebot:<\/h2>\r\n<ul>\r\n    <li><strong>kostenlosen WLAN-Internet im Zimmer<\/strong><\/li>\r\n    <li><strong>TV<\/strong><\/li>\r\n    <li><strong>Klimaanlage<\/strong> und <strong> Heizung <\/strong> mit automatischer Steuerung<\/li>\r\n    <li>Die Badezimmer verf\u00fcgen \u00fcber Dusche, Seife und Haartrockner<\/li>\r\n    <li>Bettw\u00e4sche und Handt\u00fccher<\/li>\r\n<\/ul>","protected":false},"excerpt":{"rendered":"<p>Die Arten der R\u00e4ume im Be Apartments sind: Ferienwohnung f\u00fcr 2 Personen mit K\u00fcche und Bad Wohnung f\u00fcr 3 Personen mit K\u00fcche und Bad Doppelzimmer mit Bad Alle Zimmer verf\u00fcgen \u00fcber das Angebot: kostenlosen WLAN-Internet im Zimmer TV Klimaanlage und Heizung mit automatischer Steuerung Die Badezimmer verf\u00fcgen \u00fcber Dusche, Seife und Haartrockner Bettw\u00e4sche und Handt\u00fccher<\/p>\n","protected":false},"author":1,"featured_media":0,"parent":420,"menu_order":0,"comment_status":"closed","ping_status":"closed","template":"","meta":{"footnotes":""},"yoast_head":"<!-- This site is optimized with the Yoast SEO plugin v22.7 - https:\/\/yoast.com\/wordpress\/plugins\/seo\/ -->\n<title>Apartments Zimmer<\/title>\n<meta name=\"description\" content=\"Apartments Zimmer\" \/>\n<meta name=\"robots\" content=\"index, follow, max-snippet:-1, max-image-preview:large, max-video-preview:-1\" \/>\n<link rel=\"canonical\" href=\"https:\/\/behostels.com\/de\/be-apartments\/apartments-zimmer\/\" \/>\n<meta property=\"og:locale\" content=\"de_DE\" \/>\n<meta property=\"og:type\" content=\"article\" \/>\n<meta property=\"og:title\" content=\"Apartments Zimmer\" \/>\n<meta property=\"og:description\" content=\"Apartments Zimmer\" \/>\n<meta property=\"og:url\" content=\"https:\/\/behostels.com\/de\/be-apartments\/apartments-zimmer\/\" \/>\n<meta property=\"og:site_name\" content=\"Be Hostels\" \/>\n<meta property=\"article:modified_time\" content=\"2015-11-09T14:41:21+00:00\" \/>\n<meta name=\"twitter:card\" content=\"summary_large_image\" \/>\n<script type=\"application\/ld+json\" class=\"yoast-schema-graph\">{\"@context\":\"https:\/\/schema.org\",\"@graph\":[{\"@type\":\"WebPage\",\"@id\":\"https:\/\/behostels.com\/de\/be-apartments\/apartments-zimmer\/\",\"url\":\"https:\/\/behostels.com\/de\/be-apartments\/apartments-zimmer\/\",\"name\":\"Apartments Zimmer\",\"isPartOf\":{\"@id\":\"https:\/\/behostels.com\/de\/#website\"},\"datePublished\":\"2015-06-18T13:05:20+00:00\",\"dateModified\":\"2015-11-09T14:41:21+00:00\",\"description\":\"Apartments Zimmer\",\"breadcrumb\":{\"@id\":\"https:\/\/behostels.com\/de\/be-apartments\/apartments-zimmer\/#breadcrumb\"},\"inLanguage\":\"de\",\"potentialAction\":[{\"@type\":\"ReadAction\",\"target\":[\"https:\/\/behostels.com\/de\/be-apartments\/apartments-zimmer\/\"]}]},{\"@type\":\"BreadcrumbList\",\"@id\":\"https:\/\/behostels.com\/de\/be-apartments\/apartments-zimmer\/#breadcrumb\",\"itemListElement\":[{\"@type\":\"ListItem\",\"position\":1,\"name\":\"Home\",\"item\":\"https:\/\/behostels.com\/de\/\"},{\"@type\":\"ListItem\",\"position\":2,\"name\":\"Be Apartments\",\"item\":\"https:\/\/behostels.com\/de\/be-apartments\/\"},{\"@type\":\"ListItem\",\"position\":3,\"name\":\"Apartments Zimmer\"}]},{\"@type\":\"WebSite\",\"@id\":\"https:\/\/behostels.com\/de\/#website\",\"url\":\"https:\/\/behostels.com\/de\/\",\"name\":\"Be Hostels\",\"description\":\"\",\"publisher\":{\"@id\":\"https:\/\/behostels.com\/de\/#organization\"},\"potentialAction\":[{\"@type\":\"SearchAction\",\"target\":{\"@type\":\"EntryPoint\",\"urlTemplate\":\"https:\/\/behostels.com\/de\/?s={search_term_string}\"},\"query-input\":\"required name=search_term_string\"}],\"inLanguage\":\"de\"},{\"@type\":\"Organization\",\"@id\":\"https:\/\/behostels.com\/de\/#organization\",\"name\":\"Be Hostels\",\"url\":\"https:\/\/behostels.com\/de\/\",\"logo\":{\"@type\":\"ImageObject\",\"inLanguage\":\"de\",\"@id\":\"https:\/\/behostels.com\/de\/#\/schema\/logo\/image\/\",\"url\":\"https:\/\/behostels.com\/wp-content\/uploads\/2015\/06\/be_reservations_logo.jpg\",\"contentUrl\":\"https:\/\/behostels.com\/wp-content\/uploads\/2015\/06\/be_reservations_logo.jpg\",\"width\":130,\"height\":130,\"caption\":\"Be Hostels\"},\"image\":{\"@id\":\"https:\/\/behostels.com\/de\/#\/schema\/logo\/image\/\"}}]}<\/script>\n<!-- \/ Yoast SEO plugin. -->","yoast_head_json":{"title":"Apartments Zimmer","description":"Apartments Zimmer","robots":{"index":"index","follow":"follow","max-snippet":"max-snippet:-1","max-image-preview":"max-image-preview:large","max-video-preview":"max-video-preview:-1"},"canonical":"https:\/\/behostels.com\/de\/be-apartments\/apartments-zimmer\/","og_locale":"de_DE","og_type":"article","og_title":"Apartments Zimmer","og_description":"Apartments Zimmer","og_url":"https:\/\/behostels.com\/de\/be-apartments\/apartments-zimmer\/","og_site_name":"Be Hostels","article_modified_time":"2015-11-09T14:41:21+00:00","twitter_card":"summary_large_image","schema":{"@context":"https:\/\/schema.org","@graph":[{"@type":"WebPage","@id":"https:\/\/behostels.com\/de\/be-apartments\/apartments-zimmer\/","url":"https:\/\/behostels.com\/de\/be-apartments\/apartments-zimmer\/","name":"Apartments Zimmer","isPartOf":{"@id":"https:\/\/behostels.com\/de\/#website"},"datePublished":"2015-06-18T13:05:20+00:00","dateModified":"2015-11-09T14:41:21+00:00","description":"Apartments Zimmer","breadcrumb":{"@id":"https:\/\/behostels.com\/de\/be-apartments\/apartments-zimmer\/#breadcrumb"},"inLanguage":"de","potentialAction":[{"@type":"ReadAction","target":["https:\/\/behostels.com\/de\/be-apartments\/apartments-zimmer\/"]}]},{"@type":"BreadcrumbList","@id":"https:\/\/behostels.com\/de\/be-apartments\/apartments-zimmer\/#breadcrumb","itemListElement":[{"@type":"ListItem","position":1,"name":"Home","item":"https:\/\/behostels.com\/de\/"},{"@type":"ListItem","position":2,"name":"Be Apartments","item":"https:\/\/behostels.com\/de\/be-apartments\/"},{"@type":"ListItem","position":3,"name":"Apartments Zimmer"}]},{"@type":"WebSite","@id":"https:\/\/behostels.com\/de\/#website","url":"https:\/\/behostels.com\/de\/","name":"Be Hostels","description":"","publisher":{"@id":"https:\/\/behostels.com\/de\/#organization"},"potentialAction":[{"@type":"SearchAction","target":{"@type":"EntryPoint","urlTemplate":"https:\/\/behostels.com\/de\/?s={search_term_string}"},"query-input":"required name=search_term_string"}],"inLanguage":"de"},{"@type":"Organization","@id":"https:\/\/behostels.com\/de\/#organization","name":"Be Hostels","url":"https:\/\/behostels.com\/de\/","logo":{"@type":"ImageObject","inLanguage":"de","@id":"https:\/\/behostels.com\/de\/#\/schema\/logo\/image\/","url":"https:\/\/behostels.com\/wp-content\/uploads\/2015\/06\/be_reservations_logo.jpg","contentUrl":"https:\/\/behostels.com\/wp-content\/uploads\/2015\/06\/be_reservations_logo.jpg","width":130,"height":130,"caption":"Be Hostels"},"image":{"@id":"https:\/\/behostels.com\/de\/#\/schema\/logo\/image\/"}}]}},"_links":{"self":[{"href":"https:\/\/behostels.com\/de\/wp-json\/wp\/v2\/pages\/603"}],"collection":[{"href":"https:\/\/behostels.com\/de\/wp-json\/wp\/v2\/pages"}],"about":[{"href":"https:\/\/behostels.com\/de\/wp-json\/wp\/v2\/types\/page"}],"author":[{"embeddable":true,"href":"https:\/\/behostels.com\/de\/wp-json\/wp\/v2\/users\/1"}],"replies":[{"embeddable":true,"href":"https:\/\/behostels.com\/de\/wp-json\/wp\/v2\/comments?post=603"}],"version-history":[{"count":0,"href":"https:\/\/behostels.com\/de\/wp-json\/wp\/v2\/pages\/603\/revisions"}],"up":[{"embeddable":true,"href":"https:\/\/behostels.com\/de\/wp-json\/wp\/v2\/pages\/420"}],"wp:attachment":[{"href":"https:\/\/behostels.com\/de\/wp-json\/wp\/v2\/media?parent=603"}],"curies":[{"name":"wp","href":"https:\/\/api.w.org\/{rel}","templated":true}]}}