{"id":509,"date":"2015-06-17T14:46:38","date_gmt":"2015-06-17T14:46:38","guid":{"rendered":"https:\/\/behostels.com\/?page_id=509"},"modified":"2015-06-17T15:10:56","modified_gmt":"2015-06-17T15:10:56","slug":"be-hostels-faq","status":"publish","type":"page","link":"https:\/\/behostels.com\/de\/be-hostels-faq\/","title":{"rendered":"Be Hostels: FAQ"},"content":{"rendered":"Hier findest Du eine Zusammenfassung der am h\u00e4ufigsten gestellten Fragen.\r\nFalls Du weitere Fragen hast, kannst du dich gern mit uns in Verbindung setzen.\r\nWir freuen uns, dir alle notwendigen Informationen \u00fcber <strong>Barcelona<\/strong> und unsere Jugendherbergen zu geben.\r\n\n<div class=\"uk-accordion uk-text-left \" data-uk-accordion=\"{}\">\n\n\n    <h3 class=\"uk-accordion-title\">Wann ist die Check-in -Zeit?<\/h3>\n\n    <div class=\"uk-accordion-content\">\n\n        \n        \n        \n                <div class=\"uk-margin\"><p>12:00 Uhr.<\/p><\/div>\n        \n        \n        \n        \n    <\/div>\n\n\n    <h3 class=\"uk-accordion-title\">Wann ist die Check-out-Zeit?<\/h3>\n\n    <div class=\"uk-accordion-content\">\n\n        \n        \n        \n                <div class=\"uk-margin\"><p>11:00 Uhr.<\/p><\/div>\n        \n        \n        \n        \n    <\/div>\n\n\n    <h3 class=\"uk-accordion-title\">Wie lange sind unsere Rezeptionen offen?<\/h3>\n\n    <div class=\"uk-accordion-content\">\n\n        \n        \n        \n                <div class=\"uk-margin\"><p>Alle <a href=\"http:\/\/behostels.com\/de\/\"><strong>Be Hostels<\/strong><\/a>-Rezeptionen sind 24 Stunden ge\u00f6ffnet.<\/p><\/div>\n        \n        \n        \n        \n    <\/div>\n\n\n    <h3 class=\"uk-accordion-title\">Gibt es eine Ausgangssperre in den Hostels?<\/h3>\n\n    <div class=\"uk-accordion-content\">\n\n        \n        \n        \n                <div class=\"uk-margin\"><p><strong><\/strong> Es gibt in keinem der <a href=\"http:\/\/behostels.com\/de\/\">Be Hostels<\/a> Barcelona und Zaragoza eine Ausgangssperre.<\/p><\/div>\n        \n        \n        \n        \n    <\/div>\n\n\n    <h3 class=\"uk-accordion-title\">Akzeptieren wir Kreditkarten?<\/h3>\n\n    <div class=\"uk-accordion-content\">\n\n        \n        \n        \n                <div class=\"uk-margin\"><p>Ja, wir akzeptieren Kreditkarten.<\/p><\/div>\n        \n        \n        \n        \n    <\/div>\n\n\n    <h3 class=\"uk-accordion-title\">Gibt es die M\u00f6glichkeit Gep\u00e4ck aufzubewahren?<\/h3>\n\n    <div class=\"uk-accordion-content\">\n\n        \n        \n        \n                <div class=\"uk-margin\"><p>Ja, f\u00fcr diejenigen, die das Hostel nach Check Out zu einem sp\u00e4teren Zeitpunkt verlassen wollen gibt es Schlie\u00dff\u00e4cher.<\/p><\/div>\n        \n        \n        \n        \n    <\/div>\n\n\n    <h3 class=\"uk-accordion-title\">Wie sind unsere Stornierungsbedingungen?<\/h3>\n\n    <div class=\"uk-accordion-content\">\n\n        \n        \n        \n                <div class=\"uk-margin\"><p>Stornierungen haben per E-Mail zu erfolgen und werden somit nicht telefonisch entgegengenommen.<br \/> Buchungen k\u00f6nnen ohne Stornierungsgeb\u00fchr bis zu einem Tag (24 Std.)vor der Ankunft, bis sp\u00e4testens 12 Uhr mittags storniert werden. Demzufolge wird die bei der Buchung angegebene Kreditkarte nicht belastet.<br \/> Bei Stornierungen welche nach 12 Uhr gemacht werden, wird die erste Nacht der Reservierung auf der Kreditkarte berechnet.<br \/> Im Falle eines Nicht-Erscheinens (No-show) am Tag der geplanten Ankunft, wird die Reservierung auf der Kreditkarte belastet. <\/p><\/div>\n        \n        \n        \n        \n    <\/div>\n\n\n    <h3 class=\"uk-accordion-title\">Akzeptieren wir \u00c4nderungen bei best\u00e4tigten Reservierungen?<\/h3>\n\n    <div class=\"uk-accordion-content\">\n\n        \n        \n        \n                <div class=\"uk-margin\"><p>Ja, wir akzeptieren \u00c4nderungen in eurer Reservierung, wenn diese mindestens 24 Stunden vor dem Check-in Datum mitgeteilt werden. Unsere Stornierungsbedingungen sind auch f\u00fcr \u00c4nderungen g\u00fcltig. \u00c4nderungen auf eurer Reservierung oder Stornierungen k\u00f6nnen ausschlie\u00dflich per E-Mail vorgenommen werden, telefonische Stornierungen k\u00f6nnen nicht akzeptiert werden.<\/p><\/div>\n        \n        \n        \n        \n    <\/div>\n\n\n    <h3 class=\"uk-accordion-title\">Haben wir eine Altersbeschr\u00e4nkung?<\/h3>\n\n    <div class=\"uk-accordion-content\">\n\n        \n        \n        \n                <div class=\"uk-margin\"><p>Es gibt keine Altersbeschr\u00e4nkung.<\/p><\/div>\n        \n        \n        \n        \n    <\/div>\n\n\n    <h3 class=\"uk-accordion-title\">Bieten wir Fr\u00fchst\u00fcck an?<\/h3>\n\n    <div class=\"uk-accordion-content\">\n\n        \n        \n        \n                <div class=\"uk-margin\"><p>Nein, Be Hostels bietet kein Fr\u00fchst\u00fcck an.<\/p><\/div>\n        \n        \n        \n        \n    <\/div>\n\n\n    <h3 class=\"uk-accordion-title\">Verf\u00fcgen die Zimmer \u00fcber WC und Bad?<\/h3>\n\n    <div class=\"uk-accordion-content\">\n\n        \n        \n        \n                <div class=\"uk-margin\"><p>Das h\u00e4ngt vom Zimmer und dem Hostel ab:<br \/> <strong><a title=\"hostel in barcelona\" href=\"http:\/\/behostels.com\/mar\/de\/\">Be Mar Hostel<\/a><\/strong> bietet: gemischte Schlafs\u00e4le f\u00fcr 6, 8, 10, 14 oder 16 Personen mit Gemeinschaftsbad.<br \/> <strong><a title=\"hostel in barcelona\" href=\"http:\/\/behostels.com\/sound\/de\/\">Be Sound Hostel<\/a><\/strong> bietet: gemischte Schlafs\u00e4le f\u00fcr 6 oder 8 Personen mit Gemeinschaftsbad.<br \/> <strong><a title=\"hostel in barcelona next to the beach\" href=\"http:\/\/behostels.com\/dream\/de\/\">Be Dream Hostel<\/a><\/strong> bietet: gemischte Schlafs\u00e4le f\u00fcr 4, 6, 8 oder 12 Personen mit Gemeinschaftsbad, als auch Doppelzimmer mit privatem Bad.<br \/> <strong><a title=\"Hotel in Barcelona next to ramblas\" href=\"http:\/\/behostels.com\/ramblas\/de\/\">Be Ramblas Hotel<\/a><\/strong> bietet: Einzel-, Doppel-, und Dreibettzimmer, mit Gemeinschaftsbad, als auch mit privatem Bad.<br \/> <strong><a title=\"Hostel in Zaragoza Spain\" href=\"http:\/\/behostels.com\/zaragoza\/de\/\">Be Zaragoza Hostel<\/a><\/strong> bietet: gemischte Schlafs\u00e4le f\u00fcr 4, 6, 8 oder 12 Personen mit Gemeinschaftsbad, als auch Doppelzimmer mit privatem Bad.<\/p><\/div>\n        \n        \n        \n        \n    <\/div>\n\n\n    <h3 class=\"uk-accordion-title\">Welche Zimmer haben wir?<\/h3>\n\n    <div class=\"uk-accordion-content\">\n\n        \n        \n        \n                <div class=\"uk-margin\"><p>Unsere Hostels (Jugendherbergen) bieten den G\u00e4sten gemischte Schlafs\u00e4le mit 4, 6, 8, 10 und 12 Betten und Gemeinschaftsbad, es gibt aber auch Zweibett-oder Doppelzimmer. Das <a href=\"http:\/\/behostels.com\/ramblas\/de\/\"><strong>Be Ramblas Hotel<\/strong><\/a> verf\u00fcgt \u00fcber Einzel-, Doppel-und Dreibettzimmer mit privatem Bad. Im <a href=\"http:\/\/behostels.com\/dream\/de\/\"><strong>Be Dream Hostel<\/strong><\/a> gibt es auch Doppelzimmer mit eigenem Bad.<\/p><\/div>\n        \n        \n        \n        \n    <\/div>\n\n\n    <h3 class=\"uk-accordion-title\">Muss ich Schlafsack oder Bettw\u00e4sche mitbringen?<\/h3>\n\n    <div class=\"uk-accordion-content\">\n\n        \n        \n        \n                <div class=\"uk-margin\"><p>Bettw\u00e4sche ist nur in den privaten Doppelzimmern im <a href=\"http:\/\/behostels.com\/ramblas\/de\/\"><strong>Be Ramblas Hotel<\/strong><\/a> und im <a href=\"http:\/\/behostels.com\/dream\/de\/\"><strong>Be Dream Hostel<\/strong><\/a> im Preis enthalten. Bettw\u00e4sche ist in den Schlafs\u00e4len nicht einbegriffen. Die Betten sind mit einem Kissen, einer Bettdecke und einem Laken ausgestattet.<br \/> An der Rezeption kannst du dir folgendes mieten: Handt\u00fccher (2,50\u20ac) und Bettlaken (2,50\u20ac) oder zusammen 3,50\u20ac.<\/p><\/div>\n        \n        \n        \n        \n    <\/div>\n\n\n    <h3 class=\"uk-accordion-title\">Wie kann man reservieren?<\/h3>\n\n    <div class=\"uk-accordion-content\">\n\n        \n        \n        \n                <div class=\"uk-margin\"><p>Du kannst deine <a href=\"http:\/\/behostels.com\/de\/be-hostels-reservierungen\/\">Reservierung<\/a> \u00fcber unser neues Online-Buchungssystem erledigen, per E-Mail, per Telefon oder indem du einfach vorbeikommst.<\/p><\/div>\n        \n        \n        \n        \n    <\/div>\n\n\n    <h3 class=\"uk-accordion-title\">Akzeptieren wir Buchungen gro\u00dfer Gruppen?<\/h3>\n\n    <div class=\"uk-accordion-content\">\n\n        \n        \n        \n                <div class=\"uk-margin\"><p>Ja, wir nehmen Gruppenreservierungen an. Bitte nutze unser Online-Buchungsformular f\u00fcr Gruppenreservierungen, rufe uns an (+34) 933248530 oder sende eine E-Mail an <a href=\"mailto:groups@behostels.com\">groups@behostels.com<\/a> Wir werden Deine Anfrage in K\u00fcrze bearbeiten.<\/p><\/div>\n        \n        \n        \n        \n    <\/div>\n\n\n<\/div>\n","protected":false},"excerpt":{"rendered":"<p>Hier findest Du eine Zusammenfassung der am h\u00e4ufigsten gestellten Fragen. Falls Du weitere Fragen hast, kannst du dich gern mit uns in Verbindung setzen. Wir freuen uns, dir alle notwendigen Informationen \u00fcber Barcelona und unsere Jugendherbergen zu geben.<\/p>\n","protected":false},"author":1,"featured_media":0,"parent":0,"menu_order":0,"comment_status":"closed","ping_status":"closed","template":"","meta":{"footnotes":""},"yoast_head":"<!-- This site is optimized with the Yoast SEO plugin v22.7 - https:\/\/yoast.com\/wordpress\/plugins\/seo\/ -->\n<title>Be Hostels FAQ<\/title>\n<meta name=\"description\" content=\"H\u00e4ufig gestellte Fragen Be Hostels\" \/>\n<meta name=\"robots\" content=\"index, follow, max-snippet:-1, max-image-preview:large, max-video-preview:-1\" \/>\n<link rel=\"canonical\" href=\"https:\/\/behostels.com\/de\/be-hostels-faq\/\" \/>\n<meta property=\"og:locale\" content=\"de_DE\" \/>\n<meta property=\"og:type\" content=\"article\" \/>\n<meta property=\"og:title\" content=\"Be Hostels FAQ\" \/>\n<meta property=\"og:description\" content=\"H\u00e4ufig gestellte Fragen Be Hostels\" \/>\n<meta property=\"og:url\" content=\"https:\/\/behostels.com\/de\/be-hostels-faq\/\" \/>\n<meta property=\"og:site_name\" content=\"Be Hostels\" \/>\n<meta property=\"article:modified_time\" content=\"2015-06-17T15:10:56+00:00\" \/>\n<meta name=\"twitter:card\" content=\"summary_large_image\" \/>\n<script type=\"application\/ld+json\" class=\"yoast-schema-graph\">{\"@context\":\"https:\/\/schema.org\",\"@graph\":[{\"@type\":\"WebPage\",\"@id\":\"https:\/\/behostels.com\/de\/be-hostels-faq\/\",\"url\":\"https:\/\/behostels.com\/de\/be-hostels-faq\/\",\"name\":\"Be Hostels FAQ\",\"isPartOf\":{\"@id\":\"https:\/\/behostels.com\/de\/#website\"},\"datePublished\":\"2015-06-17T14:46:38+00:00\",\"dateModified\":\"2015-06-17T15:10:56+00:00\",\"description\":\"H\u00e4ufig gestellte Fragen Be Hostels\",\"breadcrumb\":{\"@id\":\"https:\/\/behostels.com\/de\/be-hostels-faq\/#breadcrumb\"},\"inLanguage\":\"de\",\"potentialAction\":[{\"@type\":\"ReadAction\",\"target\":[\"https:\/\/behostels.com\/de\/be-hostels-faq\/\"]}]},{\"@type\":\"BreadcrumbList\",\"@id\":\"https:\/\/behostels.com\/de\/be-hostels-faq\/#breadcrumb\",\"itemListElement\":[{\"@type\":\"ListItem\",\"position\":1,\"name\":\"Home\",\"item\":\"https:\/\/behostels.com\/de\/\"},{\"@type\":\"ListItem\",\"position\":2,\"name\":\"Be Hostels: FAQ\"}]},{\"@type\":\"WebSite\",\"@id\":\"https:\/\/behostels.com\/de\/#website\",\"url\":\"https:\/\/behostels.com\/de\/\",\"name\":\"Be Hostels\",\"description\":\"\",\"publisher\":{\"@id\":\"https:\/\/behostels.com\/de\/#organization\"},\"potentialAction\":[{\"@type\":\"SearchAction\",\"target\":{\"@type\":\"EntryPoint\",\"urlTemplate\":\"https:\/\/behostels.com\/de\/?s={search_term_string}\"},\"query-input\":\"required name=search_term_string\"}],\"inLanguage\":\"de\"},{\"@type\":\"Organization\",\"@id\":\"https:\/\/behostels.com\/de\/#organization\",\"name\":\"Be Hostels\",\"url\":\"https:\/\/behostels.com\/de\/\",\"logo\":{\"@type\":\"ImageObject\",\"inLanguage\":\"de\",\"@id\":\"https:\/\/behostels.com\/de\/#\/schema\/logo\/image\/\",\"url\":\"https:\/\/behostels.com\/wp-content\/uploads\/2015\/06\/be_reservations_logo.jpg\",\"contentUrl\":\"https:\/\/behostels.com\/wp-content\/uploads\/2015\/06\/be_reservations_logo.jpg\",\"width\":130,\"height\":130,\"caption\":\"Be Hostels\"},\"image\":{\"@id\":\"https:\/\/behostels.com\/de\/#\/schema\/logo\/image\/\"}}]}<\/script>\n<!-- \/ Yoast SEO plugin. -->","yoast_head_json":{"title":"Be Hostels FAQ","description":"H\u00e4ufig gestellte Fragen Be Hostels","robots":{"index":"index","follow":"follow","max-snippet":"max-snippet:-1","max-image-preview":"max-image-preview:large","max-video-preview":"max-video-preview:-1"},"canonical":"https:\/\/behostels.com\/de\/be-hostels-faq\/","og_locale":"de_DE","og_type":"article","og_title":"Be Hostels FAQ","og_description":"H\u00e4ufig gestellte Fragen Be Hostels","og_url":"https:\/\/behostels.com\/de\/be-hostels-faq\/","og_site_name":"Be Hostels","article_modified_time":"2015-06-17T15:10:56+00:00","twitter_card":"summary_large_image","schema":{"@context":"https:\/\/schema.org","@graph":[{"@type":"WebPage","@id":"https:\/\/behostels.com\/de\/be-hostels-faq\/","url":"https:\/\/behostels.com\/de\/be-hostels-faq\/","name":"Be Hostels FAQ","isPartOf":{"@id":"https:\/\/behostels.com\/de\/#website"},"datePublished":"2015-06-17T14:46:38+00:00","dateModified":"2015-06-17T15:10:56+00:00","description":"H\u00e4ufig gestellte Fragen Be Hostels","breadcrumb":{"@id":"https:\/\/behostels.com\/de\/be-hostels-faq\/#breadcrumb"},"inLanguage":"de","potentialAction":[{"@type":"ReadAction","target":["https:\/\/behostels.com\/de\/be-hostels-faq\/"]}]},{"@type":"BreadcrumbList","@id":"https:\/\/behostels.com\/de\/be-hostels-faq\/#breadcrumb","itemListElement":[{"@type":"ListItem","position":1,"name":"Home","item":"https:\/\/behostels.com\/de\/"},{"@type":"ListItem","position":2,"name":"Be Hostels: FAQ"}]},{"@type":"WebSite","@id":"https:\/\/behostels.com\/de\/#website","url":"https:\/\/behostels.com\/de\/","name":"Be Hostels","description":"","publisher":{"@id":"https:\/\/behostels.com\/de\/#organization"},"potentialAction":[{"@type":"SearchAction","target":{"@type":"EntryPoint","urlTemplate":"https:\/\/behostels.com\/de\/?s={search_term_string}"},"query-input":"required name=search_term_string"}],"inLanguage":"de"},{"@type":"Organization","@id":"https:\/\/behostels.com\/de\/#organization","name":"Be Hostels","url":"https:\/\/behostels.com\/de\/","logo":{"@type":"ImageObject","inLanguage":"de","@id":"https:\/\/behostels.com\/de\/#\/schema\/logo\/image\/","url":"https:\/\/behostels.com\/wp-content\/uploads\/2015\/06\/be_reservations_logo.jpg","contentUrl":"https:\/\/behostels.com\/wp-content\/uploads\/2015\/06\/be_reservations_logo.jpg","width":130,"height":130,"caption":"Be Hostels"},"image":{"@id":"https:\/\/behostels.com\/de\/#\/schema\/logo\/image\/"}}]}},"_links":{"self":[{"href":"https:\/\/behostels.com\/de\/wp-json\/wp\/v2\/pages\/509"}],"collection":[{"href":"https:\/\/behostels.com\/de\/wp-json\/wp\/v2\/pages"}],"about":[{"href":"https:\/\/behostels.com\/de\/wp-json\/wp\/v2\/types\/page"}],"author":[{"embeddable":true,"href":"https:\/\/behostels.com\/de\/wp-json\/wp\/v2\/users\/1"}],"replies":[{"embeddable":true,"href":"https:\/\/behostels.com\/de\/wp-json\/wp\/v2\/comments?post=509"}],"version-history":[{"count":0,"href":"https:\/\/behostels.com\/de\/wp-json\/wp\/v2\/pages\/509\/revisions"}],"wp:attachment":[{"href":"https:\/\/behostels.com\/de\/wp-json\/wp\/v2\/media?parent=509"}],"curies":[{"name":"wp","href":"https:\/\/api.w.org\/{rel}","templated":true}]}}