{"id":49,"date":"2015-06-08T15:27:54","date_gmt":"2015-06-08T15:27:54","guid":{"rendered":"https:\/\/behostels.com\/?page_id=49"},"modified":"2015-07-16T08:59:23","modified_gmt":"2015-07-16T08:59:23","slug":"neuer-hostel-style-in-barcelona-die-geschichte-der-be-hostels","status":"publish","type":"page","link":"https:\/\/behostels.com\/de\/neuer-hostel-style-in-barcelona-die-geschichte-der-be-hostels\/","title":{"rendered":"Neuer Hostel-Style in Barcelona: Die Geschichte der Be Hostels"},"content":{"rendered":"<h2><a title=\"Barcelona Hostels | Hostels in Barcelona\" href=\"https:\/\/behostels.com\">Be Hostels<\/a> eine bekannte und angesehene <a href=\"https:\/\/behostels.com\/de\/\">Hostelgruppe in Barcelona<\/a><\/h2>\r\n<p><\/p>\r\n\r\n<h3><a href=\"https:\/\/behostels.com\/de\/\">Be Hostels<\/a> hat sich im Laufe der Jahre weiterentwickelt und obwohl wir den traditionellen Sinn einer Jugendherberge beibehalten, bieten wir neue und zeitgem\u00e4\u00dfe Ausstattung, sowie moderne Technik.<\/h3>\r\n<p><strong>Be Hostels<\/strong> fand seinen Anfang im Jahr 1999, als <strong>Josep Maria Farr\u00e9<\/strong> ein kleines <strong>Hotel an der Hauptstra\u00dfe \u201eLas Ramblas\u201c<\/strong> er\u00f6ffnete, welches sich direkt im Stadtzentrum von <strong>Barcelona<\/strong> befand. Jahre sp\u00e4ter schlossen sich seine Kinder, <strong>Adri\u00e0 und V\u00e0lia<\/strong> diesem gro\u00dfen Unternehmen an. Ihre Jugend und Reisebegeisterung brachten mit Ihnen <strong>neue Ideen und Tr\u00e4ume<\/strong>.<\/p>\r\n\r\n<div class=\"uk-grid uk-text-left uk-flex-middle\">\r\n\t<div class=\"uk-width-medium-1-3\">\r\n\t\t<div class=\"uk-overlay uk-overlay-hover uk-border-circle\">\r\n\t\t\t<img loading=\"lazy\" decoding=\"async\" src=\"https:\/\/behostels.com\/wp-content\/uploads\/2015\/07\/be-mar-hostel-barcelona-entrance.jpg\" class=\"uk-border-circle uk-overlay-scale\" alt=\"Be Mar Hostel Barcelona Best Location\" width=\"900\" height=\"900\" class=\"alignnone size-full wp-image-1795\" srcset=\"https:\/\/behostels.com\/wp-content\/uploads\/2015\/07\/be-mar-hostel-barcelona-entrance.jpg 900w, https:\/\/behostels.com\/wp-content\/uploads\/2015\/07\/be-mar-hostel-barcelona-entrance-150x150.jpg 150w, https:\/\/behostels.com\/wp-content\/uploads\/2015\/07\/be-mar-hostel-barcelona-entrance-300x300.jpg 300w\" sizes=\"(max-width: 900px) 100vw, 900px\" \/>\r\n\t\t<\/div>\r\n\t<\/div>\r\n\t<div class=\"uk-width-medium-2-3\">\r\n\r\n<p>2002 er\u00f6ffnete das \u201e<a href=\"https:\/\/behostels.com\/de\/?page_id=65\"><strong>Be Mar Hostel<\/strong><\/a>\u201c, welches zu diesem Zeitpunkt eines der wenigen <a href=\"https:\/\/behostels.com\/de\/\"><strong>Jugendherbergen in Barcelona<\/strong><\/a> war. Die Einf\u00fchrung neuer Ideen in einem sehr traditionellen Tourismus-Sektor, wie es damals der Spanische war, machte diese Zeit f\u00fcr uns unvergesslich. Es wurden viele Stunden an der Rezeption verbracht, neue Freundschaften geschlossen und begeistert sahen wir das \u201e<a href=\"https:\/\/behostels.com\/mar\/\"><strong>Be Mar Hostel<\/strong><\/a>\u201c wachsen.<\/p>\r\n<p>Im Jahr 2005 er\u00f6ffnete <a href=\"https:\/\/behostels.com\/de\/\"><strong>Be Hostels<\/strong><\/a> seine zweite Herberge, das \u201e<a href=\"https:\/\/behostels.com\/de\/sound\/\"><strong>Be Sound Hostel<\/strong><\/a>\u201c, direkt neben der erst er\u00f6ffneten Jugendherberge. Dieses wurde \u00fcber einem alten Musik-Lagerhaus erbaut, welches damals voller CDs und Musikmaterial war. \u201e<a href=\"https:\/\/behostels.com\/de\/sound\/\"><strong>Be Sound Hostel<\/strong><\/a>\u201c ist eine Hommage an diesen Ort, wo wir Live-Konzerte organisieren und somit auch <strong>Barcelonas<\/strong> Musikszene f\u00f6rdern. that place, as we organize live concerts, thus promoting the music of <strong>Barcelona<\/strong>.<\/p>\r\n\t<p>Im Jahr 2007 wurde das \u201e<a href=\"https:\/\/behostels.com\/de\/dream\/\"><strong>Be Dream Hostel<\/strong><\/a>\u201c in Badelona er\u00f6ffnet, von wo die Familie Farr\u00e9 urspr\u00fcnglich stammt, mit der Idee, den sch\u00f6nen <strong>Strand<\/strong> und <strong>Badalona<\/strong>&#8217;s Strandpromenade mit <strong>Rucksacktouristen<\/strong> zu teilen.<strong>Barcelona<\/strong> and the city of <strong>Badalona<\/strong>, where Farre\u2019s family is from.<\/p>\r\n\r\n<p>Schlie\u00dflich er\u00f6ffnete \u201e<a href=\"https:\/\/behostels.com\/de\/\"><strong>Be Hostels<\/strong><\/a>\u201c eine <a href=\"https:\/\/behostels.com\/de\/zaragoza\/\">Herberge<\/a> in <strong>Zaragoza<\/strong>, eine wundersch\u00f6ne Stadt, die zwischen <strong>Barcelona<\/strong> und Madrid gelegen ist. Zaragoza ist ein guter Zwischenstopp um die authentisch spanische Lebensart und eine bl\u00fchende Stadt zu entdecken.<\/p>\r\n\t<\/div>\r\n<\/div>\r\n\r\n<h3>We want you to feel at home and hope that you have an awesome stay!<\/h3>\r\n<div class=\"destacado\">Wir m\u00f6chten, dass du dich bei uns wie zu Hause f\u00fchlst und hoffen, dass du einen tollen Aufenthalt hast!\r\n.<\/div>","protected":false},"excerpt":{"rendered":"<p>Be Hostels eine bekannte und angesehene Hostelgruppe in Barcelona Be Hostels hat sich im Laufe der Jahre weiterentwickelt und obwohl wir den traditionellen Sinn einer Jugendherberge beibehalten, bieten wir neue und zeitgem\u00e4\u00dfe Ausstattung, sowie moderne Technik. Be Hostels fand seinen Anfang im Jahr 1999, als Josep Maria Farr\u00e9 ein kleines Hotel an der Hauptstra\u00dfe \u201eLas [&hellip;]<\/p>\n","protected":false},"author":1,"featured_media":0,"parent":0,"menu_order":0,"comment_status":"closed","ping_status":"closed","template":"","meta":{"footnotes":""},"yoast_head":"<!-- This site is optimized with the Yoast SEO plugin v22.7 - https:\/\/yoast.com\/wordpress\/plugins\/seo\/ -->\n<title>Neuer Hostel-Style in Barcelona: Die Geschichte von Be Hostels<\/title>\n<meta name=\"description\" content=\"Wir sind immer bereit zu erfahren, was wir tun k\u00f6nnen, um den Aufenthalt unserer G\u00e4ste zu verbessern und versuchen unsere Spuren in jedem Detail zu hinterlassen.\" \/>\n<meta name=\"robots\" content=\"index, follow, max-snippet:-1, max-image-preview:large, max-video-preview:-1\" \/>\n<link rel=\"canonical\" href=\"https:\/\/behostels.com\/de\/neuer-hostel-style-in-barcelona-die-geschichte-der-be-hostels\/\" \/>\n<meta property=\"og:locale\" content=\"de_DE\" \/>\n<meta property=\"og:type\" content=\"article\" \/>\n<meta property=\"og:title\" content=\"Neuer Hostel-Style in Barcelona: Die Geschichte von Be Hostels\" \/>\n<meta property=\"og:description\" content=\"Wir sind immer bereit zu erfahren, was wir tun k\u00f6nnen, um den Aufenthalt unserer G\u00e4ste zu verbessern und versuchen unsere Spuren in jedem Detail zu hinterlassen.\" \/>\n<meta property=\"og:url\" content=\"https:\/\/behostels.com\/de\/neuer-hostel-style-in-barcelona-die-geschichte-der-be-hostels\/\" \/>\n<meta property=\"og:site_name\" content=\"Be Hostels\" \/>\n<meta property=\"article:modified_time\" content=\"2015-07-16T08:59:23+00:00\" \/>\n<meta property=\"og:image\" content=\"https:\/\/behostels.com\/wp-content\/uploads\/2015\/07\/be-mar-hostel-barcelona-entrance.jpg\" \/>\n<meta name=\"twitter:card\" content=\"summary_large_image\" \/>\n<meta name=\"twitter:label1\" content=\"Gesch\u00e4tzte Lesezeit\" \/>\n\t<meta name=\"twitter:data1\" content=\"2\u00a0Minuten\" \/>\n<script type=\"application\/ld+json\" class=\"yoast-schema-graph\">{\"@context\":\"https:\/\/schema.org\",\"@graph\":[{\"@type\":\"WebPage\",\"@id\":\"https:\/\/behostels.com\/de\/neuer-hostel-style-in-barcelona-die-geschichte-der-be-hostels\/\",\"url\":\"https:\/\/behostels.com\/de\/neuer-hostel-style-in-barcelona-die-geschichte-der-be-hostels\/\",\"name\":\"Neuer Hostel-Style in Barcelona: Die Geschichte von Be Hostels\",\"isPartOf\":{\"@id\":\"https:\/\/behostels.com\/de\/#website\"},\"primaryImageOfPage\":{\"@id\":\"https:\/\/behostels.com\/de\/neuer-hostel-style-in-barcelona-die-geschichte-der-be-hostels\/#primaryimage\"},\"image\":{\"@id\":\"https:\/\/behostels.com\/de\/neuer-hostel-style-in-barcelona-die-geschichte-der-be-hostels\/#primaryimage\"},\"thumbnailUrl\":\"https:\/\/behostels.com\/wp-content\/uploads\/2015\/07\/be-mar-hostel-barcelona-entrance.jpg\",\"datePublished\":\"2015-06-08T15:27:54+00:00\",\"dateModified\":\"2015-07-16T08:59:23+00:00\",\"description\":\"Wir sind immer bereit zu erfahren, was wir tun k\u00f6nnen, um den Aufenthalt unserer G\u00e4ste zu verbessern und versuchen unsere Spuren in jedem Detail zu hinterlassen.\",\"breadcrumb\":{\"@id\":\"https:\/\/behostels.com\/de\/neuer-hostel-style-in-barcelona-die-geschichte-der-be-hostels\/#breadcrumb\"},\"inLanguage\":\"de\",\"potentialAction\":[{\"@type\":\"ReadAction\",\"target\":[\"https:\/\/behostels.com\/de\/neuer-hostel-style-in-barcelona-die-geschichte-der-be-hostels\/\"]}]},{\"@type\":\"ImageObject\",\"inLanguage\":\"de\",\"@id\":\"https:\/\/behostels.com\/de\/neuer-hostel-style-in-barcelona-die-geschichte-der-be-hostels\/#primaryimage\",\"url\":\"https:\/\/behostels.com\/wp-content\/uploads\/2015\/07\/be-mar-hostel-barcelona-entrance.jpg\",\"contentUrl\":\"https:\/\/behostels.com\/wp-content\/uploads\/2015\/07\/be-mar-hostel-barcelona-entrance.jpg\"},{\"@type\":\"BreadcrumbList\",\"@id\":\"https:\/\/behostels.com\/de\/neuer-hostel-style-in-barcelona-die-geschichte-der-be-hostels\/#breadcrumb\",\"itemListElement\":[{\"@type\":\"ListItem\",\"position\":1,\"name\":\"Home\",\"item\":\"https:\/\/behostels.com\/de\/\"},{\"@type\":\"ListItem\",\"position\":2,\"name\":\"Neuer Hostel-Style in Barcelona: Die Geschichte der Be Hostels\"}]},{\"@type\":\"WebSite\",\"@id\":\"https:\/\/behostels.com\/de\/#website\",\"url\":\"https:\/\/behostels.com\/de\/\",\"name\":\"Be Hostels\",\"description\":\"\",\"publisher\":{\"@id\":\"https:\/\/behostels.com\/de\/#organization\"},\"potentialAction\":[{\"@type\":\"SearchAction\",\"target\":{\"@type\":\"EntryPoint\",\"urlTemplate\":\"https:\/\/behostels.com\/de\/?s={search_term_string}\"},\"query-input\":\"required name=search_term_string\"}],\"inLanguage\":\"de\"},{\"@type\":\"Organization\",\"@id\":\"https:\/\/behostels.com\/de\/#organization\",\"name\":\"Be Hostels\",\"url\":\"https:\/\/behostels.com\/de\/\",\"logo\":{\"@type\":\"ImageObject\",\"inLanguage\":\"de\",\"@id\":\"https:\/\/behostels.com\/de\/#\/schema\/logo\/image\/\",\"url\":\"https:\/\/behostels.com\/wp-content\/uploads\/2015\/06\/be_reservations_logo.jpg\",\"contentUrl\":\"https:\/\/behostels.com\/wp-content\/uploads\/2015\/06\/be_reservations_logo.jpg\",\"width\":130,\"height\":130,\"caption\":\"Be Hostels\"},\"image\":{\"@id\":\"https:\/\/behostels.com\/de\/#\/schema\/logo\/image\/\"}}]}<\/script>\n<!-- \/ Yoast SEO plugin. -->","yoast_head_json":{"title":"Neuer Hostel-Style in Barcelona: Die Geschichte von Be Hostels","description":"Wir sind immer bereit zu erfahren, was wir tun k\u00f6nnen, um den Aufenthalt unserer G\u00e4ste zu verbessern und versuchen unsere Spuren in jedem Detail zu hinterlassen.","robots":{"index":"index","follow":"follow","max-snippet":"max-snippet:-1","max-image-preview":"max-image-preview:large","max-video-preview":"max-video-preview:-1"},"canonical":"https:\/\/behostels.com\/de\/neuer-hostel-style-in-barcelona-die-geschichte-der-be-hostels\/","og_locale":"de_DE","og_type":"article","og_title":"Neuer Hostel-Style in Barcelona: Die Geschichte von Be Hostels","og_description":"Wir sind immer bereit zu erfahren, was wir tun k\u00f6nnen, um den Aufenthalt unserer G\u00e4ste zu verbessern und versuchen unsere Spuren in jedem Detail zu hinterlassen.","og_url":"https:\/\/behostels.com\/de\/neuer-hostel-style-in-barcelona-die-geschichte-der-be-hostels\/","og_site_name":"Be Hostels","article_modified_time":"2015-07-16T08:59:23+00:00","og_image":[{"url":"https:\/\/behostels.com\/wp-content\/uploads\/2015\/07\/be-mar-hostel-barcelona-entrance.jpg"}],"twitter_card":"summary_large_image","twitter_misc":{"Gesch\u00e4tzte Lesezeit":"2\u00a0Minuten"},"schema":{"@context":"https:\/\/schema.org","@graph":[{"@type":"WebPage","@id":"https:\/\/behostels.com\/de\/neuer-hostel-style-in-barcelona-die-geschichte-der-be-hostels\/","url":"https:\/\/behostels.com\/de\/neuer-hostel-style-in-barcelona-die-geschichte-der-be-hostels\/","name":"Neuer Hostel-Style in Barcelona: Die Geschichte von Be Hostels","isPartOf":{"@id":"https:\/\/behostels.com\/de\/#website"},"primaryImageOfPage":{"@id":"https:\/\/behostels.com\/de\/neuer-hostel-style-in-barcelona-die-geschichte-der-be-hostels\/#primaryimage"},"image":{"@id":"https:\/\/behostels.com\/de\/neuer-hostel-style-in-barcelona-die-geschichte-der-be-hostels\/#primaryimage"},"thumbnailUrl":"https:\/\/behostels.com\/wp-content\/uploads\/2015\/07\/be-mar-hostel-barcelona-entrance.jpg","datePublished":"2015-06-08T15:27:54+00:00","dateModified":"2015-07-16T08:59:23+00:00","description":"Wir sind immer bereit zu erfahren, was wir tun k\u00f6nnen, um den Aufenthalt unserer G\u00e4ste zu verbessern und versuchen unsere Spuren in jedem Detail zu hinterlassen.","breadcrumb":{"@id":"https:\/\/behostels.com\/de\/neuer-hostel-style-in-barcelona-die-geschichte-der-be-hostels\/#breadcrumb"},"inLanguage":"de","potentialAction":[{"@type":"ReadAction","target":["https:\/\/behostels.com\/de\/neuer-hostel-style-in-barcelona-die-geschichte-der-be-hostels\/"]}]},{"@type":"ImageObject","inLanguage":"de","@id":"https:\/\/behostels.com\/de\/neuer-hostel-style-in-barcelona-die-geschichte-der-be-hostels\/#primaryimage","url":"https:\/\/behostels.com\/wp-content\/uploads\/2015\/07\/be-mar-hostel-barcelona-entrance.jpg","contentUrl":"https:\/\/behostels.com\/wp-content\/uploads\/2015\/07\/be-mar-hostel-barcelona-entrance.jpg"},{"@type":"BreadcrumbList","@id":"https:\/\/behostels.com\/de\/neuer-hostel-style-in-barcelona-die-geschichte-der-be-hostels\/#breadcrumb","itemListElement":[{"@type":"ListItem","position":1,"name":"Home","item":"https:\/\/behostels.com\/de\/"},{"@type":"ListItem","position":2,"name":"Neuer Hostel-Style in Barcelona: Die Geschichte der Be Hostels"}]},{"@type":"WebSite","@id":"https:\/\/behostels.com\/de\/#website","url":"https:\/\/behostels.com\/de\/","name":"Be Hostels","description":"","publisher":{"@id":"https:\/\/behostels.com\/de\/#organization"},"potentialAction":[{"@type":"SearchAction","target":{"@type":"EntryPoint","urlTemplate":"https:\/\/behostels.com\/de\/?s={search_term_string}"},"query-input":"required name=search_term_string"}],"inLanguage":"de"},{"@type":"Organization","@id":"https:\/\/behostels.com\/de\/#organization","name":"Be Hostels","url":"https:\/\/behostels.com\/de\/","logo":{"@type":"ImageObject","inLanguage":"de","@id":"https:\/\/behostels.com\/de\/#\/schema\/logo\/image\/","url":"https:\/\/behostels.com\/wp-content\/uploads\/2015\/06\/be_reservations_logo.jpg","contentUrl":"https:\/\/behostels.com\/wp-content\/uploads\/2015\/06\/be_reservations_logo.jpg","width":130,"height":130,"caption":"Be Hostels"},"image":{"@id":"https:\/\/behostels.com\/de\/#\/schema\/logo\/image\/"}}]}},"_links":{"self":[{"href":"https:\/\/behostels.com\/de\/wp-json\/wp\/v2\/pages\/49"}],"collection":[{"href":"https:\/\/behostels.com\/de\/wp-json\/wp\/v2\/pages"}],"about":[{"href":"https:\/\/behostels.com\/de\/wp-json\/wp\/v2\/types\/page"}],"author":[{"embeddable":true,"href":"https:\/\/behostels.com\/de\/wp-json\/wp\/v2\/users\/1"}],"replies":[{"embeddable":true,"href":"https:\/\/behostels.com\/de\/wp-json\/wp\/v2\/comments?post=49"}],"version-history":[{"count":0,"href":"https:\/\/behostels.com\/de\/wp-json\/wp\/v2\/pages\/49\/revisions"}],"wp:attachment":[{"href":"https:\/\/behostels.com\/de\/wp-json\/wp\/v2\/media?parent=49"}],"curies":[{"name":"wp","href":"https:\/\/api.w.org\/{rel}","templated":true}]}}