{"id":460,"date":"2015-06-15T15:49:09","date_gmt":"2015-06-15T15:49:09","guid":{"rendered":"https:\/\/behostels.com\/?page_id=460"},"modified":"2017-06-20T10:18:18","modified_gmt":"2017-06-20T10:18:18","slug":"hostels-aktivitaeten-barcelona","status":"publish","type":"page","link":"https:\/\/behostels.com\/de\/hostels-aktivitaeten-barcelona\/","title":{"rendered":"Be Hostels Aktivit\u00e4ten in Barcelona"},"content":{"rendered":"<h3>Willst Du Spa\u00df haben? Be Hostels organisiert viele Aktivit\u00e4ten und du kannst gern daran Teil haben.<\/h3>\r\n<h3>Du bist im Urlaub!!! Somit wollen wir, dass du deinen Aufenthalt geniest und dich um nichts sorgen musst. \r\nWir bieten verschiedene Touren und Freizeitaktivit\u00e4ten in  der Stadt an, welche auch helfen neue und interessante Menschen kennenzulernen. Melde dich einfach an der Rezeption und lass uns wissen, welche Aktivit\u00e4t dich interessieren und wir werden diese organisieren!<\/h3>\r\n\n<div  data-uk-scrollspy=\"{target:'> div > [data-uk-scrollspy-cls]', delay:300}\">\n\n\n    \n    <div class=\"uk-grid uk-text-left uk-flex-middle\" data-uk-grid-match data-uk-margin=\"{cls:'uk-margin-top'}\">\n\n                <div class=\"uk-width-medium-3-10 uk-text-center uk-invisible\"  data-uk-scrollspy-cls=\"uk-animation-fade uk-invisible\">\n            <div class=\"uk-overlay uk-overlay-hover uk-border-circle\"><img decoding=\"async\" src=\"\/wp-content\/uploads\/2015\/07\/historic-city-barcelona.jpg\" class=\"uk-border-circle uk-overlay-scale\" alt=\"Free Walking Tour rund um die Stadt Barcelona\"><div class=\"uk-overlay-panel uk-overlay-background uk-overlay-icon uk-overlay-fade\"><\/div><\/div>        <\/div>\n        \n                <div class=\"uk-width-medium-7-10 uk-invisible\"  data-uk-scrollspy-cls=\"uk-animation-slide-right uk-invisible\">\n            <div class=\"uk-panel uk-panel-space uk-width-1-1\">\n\n                \n                                <h3 class=\"uk-panel-title\">\n\n                                            Free Walking Tour rund um die Stadt Barcelona                    \n                    \n                <\/h3>\n                \n                                <div class=\"uk-margin\">Entdecke Barcelona\u2018s Pracht und interessante Geschichte, w\u00e4hrend dir unsere begeisterten und kompetenten Reiseleiter die Sehensw\u00fcrdigkeiten der Stadt erkl\u00e4ren. \nZeit: T\u00e4glich um 11:45 Uhr (2 Std.Tour).\nTreffpunkt: Be Mar, Be Sound Hostels oder Ramblas Hotelrezeption.<\/div>\n                \n                \n                \n            <\/div>\n        <\/div>\n        \n    <\/div>\n\n    \n\n    \n    <div class=\"uk-grid uk-text-left uk-flex-middle\" data-uk-grid-match data-uk-margin=\"{cls:'uk-margin-top'}\">\n\n                <div class=\"uk-width-medium-3-10 uk-text-center uk-float-right uk-flex-order-last-medium uk-invisible\"  data-uk-scrollspy-cls=\"uk-animation-fade uk-invisible\">\n            <div class=\"uk-overlay uk-overlay-hover uk-border-circle\"><img decoding=\"async\" src=\"\/wp-content\/uploads\/2015\/07\/activities-gaudi-tour-barcelona.jpg\" class=\"uk-border-circle uk-overlay-scale\" alt=\"Kostenlose Gaud\u00ed Tour\"><div class=\"uk-overlay-panel uk-overlay-background uk-overlay-icon uk-overlay-fade\"><\/div><\/div>        <\/div>\n        \n                <div class=\"uk-width-medium-7-10 uk-invisible\"  data-uk-scrollspy-cls=\"uk-animation-slide-left uk-invisible\">\n            <div class=\"uk-panel uk-panel-space uk-width-1-1\">\n\n                \n                                <h3 class=\"uk-panel-title\">\n\n                                            Kostenlose Gaud\u00ed Tour                    \n                    \n                <\/h3>\n                \n                                <div class=\"uk-margin\">Kostenlose 2-st\u00fcndige Rundtour zu den einzigartigen Geb\u00e4uden Gaudi\u2019s, des gr\u00f6\u00dften Architekten Barcelonas. \nZeit: T\u00e4glich um 11:45 Uhr (2 Std.Tour)\nTreffpunkt: Be Mar, Sound Hostels werden oder Ramblas Hotelrezeption.<\/div>\n                \n                \n                \n            <\/div>\n        <\/div>\n        \n    <\/div>\n\n    \n\n    \n    <div class=\"uk-grid uk-text-left uk-flex-middle\" data-uk-grid-match data-uk-margin=\"{cls:'uk-margin-top'}\">\n\n                <div class=\"uk-width-medium-3-10 uk-text-center uk-invisible\"  data-uk-scrollspy-cls=\"uk-animation-fade uk-invisible\">\n            <div class=\"uk-overlay uk-overlay-hover uk-border-circle\"><img decoding=\"async\" src=\"\/wp-content\/uploads\/2015\/07\/activities-tapas-barcelona.jpg\" class=\"uk-border-circle uk-overlay-scale\" alt=\"Tapas &amp; Flamenco\"><div class=\"uk-overlay-panel uk-overlay-background uk-overlay-icon uk-overlay-fade\"><\/div><\/div>        <\/div>\n        \n                <div class=\"uk-width-medium-7-10 uk-invisible\"  data-uk-scrollspy-cls=\"uk-animation-slide-right uk-invisible\">\n            <div class=\"uk-panel uk-panel-space uk-width-1-1\">\n\n                \n                                <h3 class=\"uk-panel-title\">\n\n                                            Tapas & Flamenco                    \n                    \n                <\/h3>\n                \n                                <div class=\"uk-margin\">Keine Reise nach Spanien ist komplett, ohne ein bisschen Flamenco genossen zu haben! Komm auf einen Drink und spanische Tapas (5 Tapas und Sangria) mit, und genie\u00df als Beilage eine traditionelle Flamenco-Live-Show im Herzen der Stadt.\nPreis: 20\u20ac\nTage: Donnerstag &#8211; Freitag &#8211; Sonntag um 21:00 Uhr\nTreffpunkt: Kolumbus Statue<\/div>\n                \n                \n                \n            <\/div>\n        <\/div>\n        \n    <\/div>\n\n    \n\n    \n    <div class=\"uk-grid uk-text-left uk-flex-middle\" data-uk-grid-match data-uk-margin=\"{cls:'uk-margin-top'}\">\n\n                <div class=\"uk-width-medium-3-10 uk-text-center uk-float-right uk-flex-order-last-medium uk-invisible\"  data-uk-scrollspy-cls=\"uk-animation-fade uk-invisible\">\n            <div class=\"uk-overlay uk-overlay-hover uk-border-circle\"><img decoding=\"async\" src=\"\/wp-content\/uploads\/2015\/07\/activities-pubcrawl-barcelona.jpg\" class=\"uk-border-circle uk-overlay-scale\" alt=\"Kneipentour \/ Party Tour\"><div class=\"uk-overlay-panel uk-overlay-background uk-overlay-icon uk-overlay-fade\"><\/div><\/div>        <\/div>\n        \n                <div class=\"uk-width-medium-7-10 uk-invisible\"  data-uk-scrollspy-cls=\"uk-animation-slide-left uk-invisible\">\n            <div class=\"uk-panel uk-panel-space uk-width-1-1\">\n\n                \n                                <h3 class=\"uk-panel-title\">\n\n                                            Kneipentour \/ Party Tour                    \n                    \n                <\/h3>\n                \n                                <div class=\"uk-margin\">Suchst Du einen tollen Abend in einer der besten Party-Reiseziele Europas? Suche nicht weiter! Erlebe Barcelonas Nachtleben mit tollen Leuten und in bester Lage des Stadtzentrums. An jeder Bar erh\u00e4ltst Du ein Freigetr\u00e4nk (3 Bars), Zugang zum Club, Fotos und Spiele.\nPreis: 12 \u20ac\nZeit: T\u00e4glich um 23:00 Uhr\nTreffpunkt: Rezeption Be Mar oder Be Sound Hostel.<\/div>\n                \n                \n                \n            <\/div>\n        <\/div>\n        \n    <\/div>\n\n    \n\n<\/div>\n","protected":false},"excerpt":{"rendered":"<p>Willst Du Spa\u00df haben? Be Hostels organisiert viele Aktivit\u00e4ten und du kannst gern daran Teil haben. Du bist im Urlaub!!! Somit wollen wir, dass du deinen Aufenthalt geniest und dich um nichts sorgen musst. Wir bieten verschiedene Touren und Freizeitaktivit\u00e4ten in der Stadt an, welche auch helfen neue und interessante Menschen kennenzulernen. Melde dich einfach [&hellip;]<\/p>\n","protected":false},"author":1,"featured_media":0,"parent":0,"menu_order":0,"comment_status":"closed","ping_status":"closed","template":"","meta":{"footnotes":""},"yoast_head":"<!-- This site is optimized with the Yoast SEO plugin v22.7 - https:\/\/yoast.com\/wordpress\/plugins\/seo\/ -->\n<title>Be Hostels Aktivit\u00e4ten in Barcelona - Be Hostels<\/title>\n<meta name=\"robots\" content=\"index, follow, max-snippet:-1, max-image-preview:large, max-video-preview:-1\" \/>\n<link rel=\"canonical\" href=\"https:\/\/behostels.com\/de\/hostels-aktivitaeten-barcelona\/\" \/>\n<meta property=\"og:locale\" content=\"de_DE\" \/>\n<meta property=\"og:type\" content=\"article\" \/>\n<meta property=\"og:title\" content=\"Be Hostels Aktivit\u00e4ten in Barcelona - Be Hostels\" \/>\n<meta property=\"og:description\" content=\"Willst Du Spa\u00df haben? Be Hostels organisiert viele Aktivit\u00e4ten und du kannst gern daran Teil haben. Du bist im Urlaub!!! Somit wollen wir, dass du deinen Aufenthalt geniest und dich um nichts sorgen musst. Wir bieten verschiedene Touren und Freizeitaktivit\u00e4ten in der Stadt an, welche auch helfen neue und interessante Menschen kennenzulernen. Melde dich einfach [&hellip;]\" \/>\n<meta property=\"og:url\" content=\"https:\/\/behostels.com\/de\/hostels-aktivitaeten-barcelona\/\" \/>\n<meta property=\"og:site_name\" content=\"Be Hostels\" \/>\n<meta property=\"article:modified_time\" content=\"2017-06-20T10:18:18+00:00\" \/>\n<meta name=\"twitter:card\" content=\"summary_large_image\" \/>\n<script type=\"application\/ld+json\" class=\"yoast-schema-graph\">{\"@context\":\"https:\/\/schema.org\",\"@graph\":[{\"@type\":\"WebPage\",\"@id\":\"https:\/\/behostels.com\/de\/hostels-aktivitaeten-barcelona\/\",\"url\":\"https:\/\/behostels.com\/de\/hostels-aktivitaeten-barcelona\/\",\"name\":\"Be Hostels Aktivit\u00e4ten in Barcelona - Be Hostels\",\"isPartOf\":{\"@id\":\"https:\/\/behostels.com\/de\/#website\"},\"datePublished\":\"2015-06-15T15:49:09+00:00\",\"dateModified\":\"2017-06-20T10:18:18+00:00\",\"breadcrumb\":{\"@id\":\"https:\/\/behostels.com\/de\/hostels-aktivitaeten-barcelona\/#breadcrumb\"},\"inLanguage\":\"de\",\"potentialAction\":[{\"@type\":\"ReadAction\",\"target\":[\"https:\/\/behostels.com\/de\/hostels-aktivitaeten-barcelona\/\"]}]},{\"@type\":\"BreadcrumbList\",\"@id\":\"https:\/\/behostels.com\/de\/hostels-aktivitaeten-barcelona\/#breadcrumb\",\"itemListElement\":[{\"@type\":\"ListItem\",\"position\":1,\"name\":\"Home\",\"item\":\"https:\/\/behostels.com\/de\/\"},{\"@type\":\"ListItem\",\"position\":2,\"name\":\"Be Hostels Aktivit\u00e4ten in Barcelona\"}]},{\"@type\":\"WebSite\",\"@id\":\"https:\/\/behostels.com\/de\/#website\",\"url\":\"https:\/\/behostels.com\/de\/\",\"name\":\"Be Hostels\",\"description\":\"\",\"publisher\":{\"@id\":\"https:\/\/behostels.com\/de\/#organization\"},\"potentialAction\":[{\"@type\":\"SearchAction\",\"target\":{\"@type\":\"EntryPoint\",\"urlTemplate\":\"https:\/\/behostels.com\/de\/?s={search_term_string}\"},\"query-input\":\"required name=search_term_string\"}],\"inLanguage\":\"de\"},{\"@type\":\"Organization\",\"@id\":\"https:\/\/behostels.com\/de\/#organization\",\"name\":\"Be Hostels\",\"url\":\"https:\/\/behostels.com\/de\/\",\"logo\":{\"@type\":\"ImageObject\",\"inLanguage\":\"de\",\"@id\":\"https:\/\/behostels.com\/de\/#\/schema\/logo\/image\/\",\"url\":\"https:\/\/behostels.com\/wp-content\/uploads\/2015\/06\/be_reservations_logo.jpg\",\"contentUrl\":\"https:\/\/behostels.com\/wp-content\/uploads\/2015\/06\/be_reservations_logo.jpg\",\"width\":130,\"height\":130,\"caption\":\"Be Hostels\"},\"image\":{\"@id\":\"https:\/\/behostels.com\/de\/#\/schema\/logo\/image\/\"}}]}<\/script>\n<!-- \/ Yoast SEO plugin. -->","yoast_head_json":{"title":"Be Hostels Aktivit\u00e4ten in Barcelona - Be Hostels","robots":{"index":"index","follow":"follow","max-snippet":"max-snippet:-1","max-image-preview":"max-image-preview:large","max-video-preview":"max-video-preview:-1"},"canonical":"https:\/\/behostels.com\/de\/hostels-aktivitaeten-barcelona\/","og_locale":"de_DE","og_type":"article","og_title":"Be Hostels Aktivit\u00e4ten in Barcelona - Be Hostels","og_description":"Willst Du Spa\u00df haben? Be Hostels organisiert viele Aktivit\u00e4ten und du kannst gern daran Teil haben. Du bist im Urlaub!!! Somit wollen wir, dass du deinen Aufenthalt geniest und dich um nichts sorgen musst. Wir bieten verschiedene Touren und Freizeitaktivit\u00e4ten in der Stadt an, welche auch helfen neue und interessante Menschen kennenzulernen. Melde dich einfach [&hellip;]","og_url":"https:\/\/behostels.com\/de\/hostels-aktivitaeten-barcelona\/","og_site_name":"Be Hostels","article_modified_time":"2017-06-20T10:18:18+00:00","twitter_card":"summary_large_image","schema":{"@context":"https:\/\/schema.org","@graph":[{"@type":"WebPage","@id":"https:\/\/behostels.com\/de\/hostels-aktivitaeten-barcelona\/","url":"https:\/\/behostels.com\/de\/hostels-aktivitaeten-barcelona\/","name":"Be Hostels Aktivit\u00e4ten in Barcelona - Be Hostels","isPartOf":{"@id":"https:\/\/behostels.com\/de\/#website"},"datePublished":"2015-06-15T15:49:09+00:00","dateModified":"2017-06-20T10:18:18+00:00","breadcrumb":{"@id":"https:\/\/behostels.com\/de\/hostels-aktivitaeten-barcelona\/#breadcrumb"},"inLanguage":"de","potentialAction":[{"@type":"ReadAction","target":["https:\/\/behostels.com\/de\/hostels-aktivitaeten-barcelona\/"]}]},{"@type":"BreadcrumbList","@id":"https:\/\/behostels.com\/de\/hostels-aktivitaeten-barcelona\/#breadcrumb","itemListElement":[{"@type":"ListItem","position":1,"name":"Home","item":"https:\/\/behostels.com\/de\/"},{"@type":"ListItem","position":2,"name":"Be Hostels Aktivit\u00e4ten in Barcelona"}]},{"@type":"WebSite","@id":"https:\/\/behostels.com\/de\/#website","url":"https:\/\/behostels.com\/de\/","name":"Be Hostels","description":"","publisher":{"@id":"https:\/\/behostels.com\/de\/#organization"},"potentialAction":[{"@type":"SearchAction","target":{"@type":"EntryPoint","urlTemplate":"https:\/\/behostels.com\/de\/?s={search_term_string}"},"query-input":"required name=search_term_string"}],"inLanguage":"de"},{"@type":"Organization","@id":"https:\/\/behostels.com\/de\/#organization","name":"Be Hostels","url":"https:\/\/behostels.com\/de\/","logo":{"@type":"ImageObject","inLanguage":"de","@id":"https:\/\/behostels.com\/de\/#\/schema\/logo\/image\/","url":"https:\/\/behostels.com\/wp-content\/uploads\/2015\/06\/be_reservations_logo.jpg","contentUrl":"https:\/\/behostels.com\/wp-content\/uploads\/2015\/06\/be_reservations_logo.jpg","width":130,"height":130,"caption":"Be Hostels"},"image":{"@id":"https:\/\/behostels.com\/de\/#\/schema\/logo\/image\/"}}]}},"_links":{"self":[{"href":"https:\/\/behostels.com\/de\/wp-json\/wp\/v2\/pages\/460"}],"collection":[{"href":"https:\/\/behostels.com\/de\/wp-json\/wp\/v2\/pages"}],"about":[{"href":"https:\/\/behostels.com\/de\/wp-json\/wp\/v2\/types\/page"}],"author":[{"embeddable":true,"href":"https:\/\/behostels.com\/de\/wp-json\/wp\/v2\/users\/1"}],"replies":[{"embeddable":true,"href":"https:\/\/behostels.com\/de\/wp-json\/wp\/v2\/comments?post=460"}],"version-history":[{"count":0,"href":"https:\/\/behostels.com\/de\/wp-json\/wp\/v2\/pages\/460\/revisions"}],"wp:attachment":[{"href":"https:\/\/behostels.com\/de\/wp-json\/wp\/v2\/media?parent=460"}],"curies":[{"name":"wp","href":"https:\/\/api.w.org\/{rel}","templated":true}]}}