{"id":420,"date":"2015-06-15T15:36:42","date_gmt":"2015-06-15T15:36:42","guid":{"rendered":"https:\/\/behostels.com\/?page_id=420"},"modified":"2019-12-12T10:45:52","modified_gmt":"2019-12-12T10:45:52","slug":"be-apartments","status":"publish","type":"page","link":"https:\/\/behostels.com\/de\/be-apartments\/","title":{"rendered":"Be Apartments"},"content":{"rendered":"<h2>Be Apartments befinden sich mitten im Zentrum von Barcelona, nur eine Minute von den Ramblas entfernt, genau dort, wo Sie sein m\u00f6chten.<\/h2>\r\n\n\n<div id=\"wk-grid133\" class=\"uk-grid-width-1-1 uk-grid-width-medium-1-3 uk-grid uk-grid-match uk-grid-medium uk-text-center \" data-uk-grid-match=\"{target:'> div > .uk-panel', row:true}\" data-uk-grid-margin  data-uk-scrollspy=\"{cls:'uk-animation-fade uk-invisible', target:'> div > .uk-panel', delay:300}\">\n\n\n    <div>\n        <div class=\"uk-panel uk-invisible\">\n\n            \n            \n                        <div class=\"uk-text-center uk-panel-teaser\"><div class=\"uk-overlay uk-overlay-hover uk-border-circle\"><img loading=\"lazy\" decoding=\"async\" src=\"\/wp-content\/uploads\/2015\/07\/be-apartments-barcelona-next-ramblas.jpg\" class=\"uk-border-circle uk-overlay-scale\" alt=\"In der N\u00e4he Las Ramblas\" width=\"600\" height=\"600\"><div class=\"uk-overlay-panel uk-overlay-background uk-overlay-icon uk-overlay-fade\"><\/div><a class=\"uk-position-cover\" href=\"http:\/\/behostels.com\/de\/be-apartments\/apartments-lage\/\" title=\"In der N\u00e4he Las Ramblas\"><\/a><\/div><\/div>\n            \n            \n            \n            \n            \n                        <div class=\"uk-margin\">In der N\u00e4he Las Ramblas<\/div>\n            \n            \n            \n            \n        <\/div>\n    <\/div>\n\n\n    <div>\n        <div class=\"uk-panel uk-invisible\">\n\n            \n            \n                        <div class=\"uk-text-center uk-panel-teaser\"><div class=\"uk-overlay uk-overlay-hover uk-border-circle\"><img loading=\"lazy\" decoding=\"async\" src=\"\/wp-content\/uploads\/2015\/07\/be-apartments-barcelona-next-ramblas-double-rooms.jpg\" class=\"uk-border-circle uk-overlay-scale\" alt=\"W\u00e4hlen Sie Ihre Doppelzimmer\" width=\"600\" height=\"600\"><div class=\"uk-overlay-panel uk-overlay-background uk-overlay-icon uk-overlay-fade\"><\/div><a class=\"uk-position-cover\" href=\"http:\/\/behostels.com\/de\/be-apartments\/apartments-zimmer\/\" title=\"W\u00e4hlen Sie Ihre Doppelzimmer\"><\/a><\/div><\/div>\n            \n            \n            \n            \n            \n                        <div class=\"uk-margin\">W\u00e4hlen Sie Ihre Doppelzimmer<\/div>\n            \n            \n            \n            \n        <\/div>\n    <\/div>\n\n\n    <div>\n        <div class=\"uk-panel uk-invisible\">\n\n            \n            \n                        <div class=\"uk-text-center uk-panel-teaser\"><div class=\"uk-overlay uk-overlay-hover uk-border-circle\"><img loading=\"lazy\" decoding=\"async\" src=\"\/wp-content\/uploads\/2015\/07\/be-apartments-barcelona-next-ramblas-double-rooms-choose-apartment.jpg\" class=\"uk-border-circle uk-overlay-scale\" alt=\"W\u00e4hlen Sie Ihre Wohnung\" width=\"450\" height=\"450\"><div class=\"uk-overlay-panel uk-overlay-background uk-overlay-icon uk-overlay-fade\"><\/div><a class=\"uk-position-cover\" href=\"http:\/\/behostels.com\/de\/be-apartments\/apartments-zimmer\/\" title=\"W\u00e4hlen Sie Ihre Wohnung\"><\/a><\/div><\/div>\n            \n            \n            \n            \n            \n                        <div class=\"uk-margin\">W\u00e4hlen Sie Ihre Wohnung<\/div>\n            \n            \n            \n            \n        <\/div>\n    <\/div>\n\n\n<\/div>\n\n<script>\n(function($){\n\n    \/\/ get the images of the gallery and replace it by a canvas of the same size to fix the problem with overlapping images on load.\n    $('img[width][height]:not(.uk-overlay-panel)', $('#wk-grid133')).each(function() {\n\n        var $img = $(this);\n\n        if (this.width == 'auto' || this.height == 'auto' || !$img.is(':visible')) {\n            return;\n        }\n\n        var $canvas = $('<canvas class=\"uk-responsive-width\"><\/canvas>').attr({width:$img.attr('width'), height:$img.attr('height')}),\n            img = new Image,\n            release = function() {\n                $canvas.remove();\n                $img.css('display', '');\n                release = function(){};\n            };\n\n        $img.css('display', 'none').after($canvas);\n\n        $(img).on('load', function(){ release(); });\n        setTimeout(function(){ release(); }, 1000);\n\n        img.src = this.src;\n\n    });\n\n})(jQuery);\n<\/script>\n\r\n<p>Eine ganze Geb\u00e4ude, komplett mit 10 Apartments im historischen neightbourghood von Barcelona renoviert. Komfortable Appartements, mit allem, was Sie brauchen, ausgestattet: K\u00fcche, K\u00fchlschrank, Klimaanlage, TV und ein Aufzug.<\/p>\r\n<p>Be Apartents bietet Ihnen eine Rezeption, um Sie zu begr\u00fc\u00dfen und Ihnen mit, was Sie w\u00e4hrend Ihres Aufenthaltes ben\u00f6tigen. Be Apartments Personal wird Sie asist und geben Ihnen alle Informationen, die Sie \u00fcber Barcelona wollen und Ihnen helfen, sich auf Ihren Besuch in unserer sch\u00f6nen Stadt zu organisieren.<\/p>\r\n<h3>Dies sind die Dienstleistungen, die wir im Be Apartments bieten Ihnen<\/h3> \r\n<div class=\"uk-grid\">\r\n<div class=\"uk-width-large-1-2 uk-width-medium-1-2 uk-width-small-1-1\">\r\n<ul>\r\n    <li>Kostenloses W-LAN im Zimmer<\/li>\r\n    <li>Free Tour Barcelona<\/li>\r\n    <li>Kostenlose Barcelona Karten<\/li>\r\n    <li>geb\u00fchrenpflichtiger Parkplatz<\/li>\r\n<\/ul>\r\n<\/div>\r\n<div class=\"uk-width-large-1-2 uk-width-medium-1-2 uk-width-small-1-1\">\r\n<ul>\r\n    <li>Die Rezeption ist von 9 bis 14:00 Uhr<\/li>\r\n    <li>Der Eingang nach 14:00 Uhr ist im Be Sound Hostel<\/li>\r\n    <li>Klimaanlage und Heizung<\/li>\r\n    <li>Aktivit\u00e4ten wie Wanderungen, Radfahren, Tour de Tapas und Flamenco, etc<\/li>\r\n    <li>Gep\u00e4ckaufbewahrung<\/li>\r\n<\/ul>\r\n<\/div>\r\n<\/div>","protected":false},"excerpt":{"rendered":"<p>Be Apartments befinden sich mitten im Zentrum von Barcelona, nur eine Minute von den Ramblas entfernt, genau dort, wo Sie sein m\u00f6chten. Eine ganze Geb\u00e4ude, komplett mit 10 Apartments im historischen neightbourghood von Barcelona renoviert. Komfortable Appartements, mit allem, was Sie brauchen, ausgestattet: K\u00fcche, K\u00fchlschrank, Klimaanlage, TV und ein Aufzug. Be Apartents bietet Ihnen eine [&hellip;]<\/p>\n","protected":false},"author":1,"featured_media":0,"parent":0,"menu_order":0,"comment_status":"closed","ping_status":"closed","template":"","meta":{"footnotes":""},"yoast_head":"<!-- This site is optimized with the Yoast SEO plugin v22.7 - https:\/\/yoast.com\/wordpress\/plugins\/seo\/ -->\n<title>Be Apartments<\/title>\n<meta name=\"robots\" content=\"index, follow, max-snippet:-1, max-image-preview:large, max-video-preview:-1\" \/>\n<link rel=\"canonical\" href=\"https:\/\/behostels.com\/de\/be-apartments\/\" \/>\n<meta property=\"og:locale\" content=\"de_DE\" \/>\n<meta property=\"og:type\" content=\"article\" \/>\n<meta property=\"og:title\" content=\"Be Apartments\" \/>\n<meta property=\"og:description\" content=\"Be Apartments befinden sich mitten im Zentrum von Barcelona, nur eine Minute von den Ramblas entfernt, genau dort, wo Sie sein m\u00f6chten. Eine ganze Geb\u00e4ude, komplett mit 10 Apartments im historischen neightbourghood von Barcelona renoviert. Komfortable Appartements, mit allem, was Sie brauchen, ausgestattet: K\u00fcche, K\u00fchlschrank, Klimaanlage, TV und ein Aufzug. Be Apartents bietet Ihnen eine [&hellip;]\" \/>\n<meta property=\"og:url\" content=\"https:\/\/behostels.com\/de\/be-apartments\/\" \/>\n<meta property=\"og:site_name\" content=\"Be Hostels\" \/>\n<meta property=\"article:modified_time\" content=\"2019-12-12T10:45:52+00:00\" \/>\n<meta name=\"twitter:card\" content=\"summary_large_image\" \/>\n<meta name=\"twitter:label1\" content=\"Gesch\u00e4tzte Lesezeit\" \/>\n\t<meta name=\"twitter:data1\" content=\"1\u00a0Minute\" \/>\n<script type=\"application\/ld+json\" class=\"yoast-schema-graph\">{\"@context\":\"https:\/\/schema.org\",\"@graph\":[{\"@type\":\"WebPage\",\"@id\":\"https:\/\/behostels.com\/de\/be-apartments\/\",\"url\":\"https:\/\/behostels.com\/de\/be-apartments\/\",\"name\":\"Be Apartments\",\"isPartOf\":{\"@id\":\"https:\/\/behostels.com\/de\/#website\"},\"datePublished\":\"2015-06-15T15:36:42+00:00\",\"dateModified\":\"2019-12-12T10:45:52+00:00\",\"breadcrumb\":{\"@id\":\"https:\/\/behostels.com\/de\/be-apartments\/#breadcrumb\"},\"inLanguage\":\"de\",\"potentialAction\":[{\"@type\":\"ReadAction\",\"target\":[\"https:\/\/behostels.com\/de\/be-apartments\/\"]}]},{\"@type\":\"BreadcrumbList\",\"@id\":\"https:\/\/behostels.com\/de\/be-apartments\/#breadcrumb\",\"itemListElement\":[{\"@type\":\"ListItem\",\"position\":1,\"name\":\"Home\",\"item\":\"https:\/\/behostels.com\/de\/\"},{\"@type\":\"ListItem\",\"position\":2,\"name\":\"Be Apartments\"}]},{\"@type\":\"WebSite\",\"@id\":\"https:\/\/behostels.com\/de\/#website\",\"url\":\"https:\/\/behostels.com\/de\/\",\"name\":\"Be Hostels\",\"description\":\"\",\"publisher\":{\"@id\":\"https:\/\/behostels.com\/de\/#organization\"},\"potentialAction\":[{\"@type\":\"SearchAction\",\"target\":{\"@type\":\"EntryPoint\",\"urlTemplate\":\"https:\/\/behostels.com\/de\/?s={search_term_string}\"},\"query-input\":\"required name=search_term_string\"}],\"inLanguage\":\"de\"},{\"@type\":\"Organization\",\"@id\":\"https:\/\/behostels.com\/de\/#organization\",\"name\":\"Be Hostels\",\"url\":\"https:\/\/behostels.com\/de\/\",\"logo\":{\"@type\":\"ImageObject\",\"inLanguage\":\"de\",\"@id\":\"https:\/\/behostels.com\/de\/#\/schema\/logo\/image\/\",\"url\":\"https:\/\/behostels.com\/wp-content\/uploads\/2015\/06\/be_reservations_logo.jpg\",\"contentUrl\":\"https:\/\/behostels.com\/wp-content\/uploads\/2015\/06\/be_reservations_logo.jpg\",\"width\":130,\"height\":130,\"caption\":\"Be Hostels\"},\"image\":{\"@id\":\"https:\/\/behostels.com\/de\/#\/schema\/logo\/image\/\"}}]}<\/script>\n<!-- \/ Yoast SEO plugin. -->","yoast_head_json":{"title":"Be Apartments","robots":{"index":"index","follow":"follow","max-snippet":"max-snippet:-1","max-image-preview":"max-image-preview:large","max-video-preview":"max-video-preview:-1"},"canonical":"https:\/\/behostels.com\/de\/be-apartments\/","og_locale":"de_DE","og_type":"article","og_title":"Be Apartments","og_description":"Be Apartments befinden sich mitten im Zentrum von Barcelona, nur eine Minute von den Ramblas entfernt, genau dort, wo Sie sein m\u00f6chten. Eine ganze Geb\u00e4ude, komplett mit 10 Apartments im historischen neightbourghood von Barcelona renoviert. Komfortable Appartements, mit allem, was Sie brauchen, ausgestattet: K\u00fcche, K\u00fchlschrank, Klimaanlage, TV und ein Aufzug. Be Apartents bietet Ihnen eine [&hellip;]","og_url":"https:\/\/behostels.com\/de\/be-apartments\/","og_site_name":"Be Hostels","article_modified_time":"2019-12-12T10:45:52+00:00","twitter_card":"summary_large_image","twitter_misc":{"Gesch\u00e4tzte Lesezeit":"1\u00a0Minute"},"schema":{"@context":"https:\/\/schema.org","@graph":[{"@type":"WebPage","@id":"https:\/\/behostels.com\/de\/be-apartments\/","url":"https:\/\/behostels.com\/de\/be-apartments\/","name":"Be Apartments","isPartOf":{"@id":"https:\/\/behostels.com\/de\/#website"},"datePublished":"2015-06-15T15:36:42+00:00","dateModified":"2019-12-12T10:45:52+00:00","breadcrumb":{"@id":"https:\/\/behostels.com\/de\/be-apartments\/#breadcrumb"},"inLanguage":"de","potentialAction":[{"@type":"ReadAction","target":["https:\/\/behostels.com\/de\/be-apartments\/"]}]},{"@type":"BreadcrumbList","@id":"https:\/\/behostels.com\/de\/be-apartments\/#breadcrumb","itemListElement":[{"@type":"ListItem","position":1,"name":"Home","item":"https:\/\/behostels.com\/de\/"},{"@type":"ListItem","position":2,"name":"Be Apartments"}]},{"@type":"WebSite","@id":"https:\/\/behostels.com\/de\/#website","url":"https:\/\/behostels.com\/de\/","name":"Be Hostels","description":"","publisher":{"@id":"https:\/\/behostels.com\/de\/#organization"},"potentialAction":[{"@type":"SearchAction","target":{"@type":"EntryPoint","urlTemplate":"https:\/\/behostels.com\/de\/?s={search_term_string}"},"query-input":"required name=search_term_string"}],"inLanguage":"de"},{"@type":"Organization","@id":"https:\/\/behostels.com\/de\/#organization","name":"Be Hostels","url":"https:\/\/behostels.com\/de\/","logo":{"@type":"ImageObject","inLanguage":"de","@id":"https:\/\/behostels.com\/de\/#\/schema\/logo\/image\/","url":"https:\/\/behostels.com\/wp-content\/uploads\/2015\/06\/be_reservations_logo.jpg","contentUrl":"https:\/\/behostels.com\/wp-content\/uploads\/2015\/06\/be_reservations_logo.jpg","width":130,"height":130,"caption":"Be Hostels"},"image":{"@id":"https:\/\/behostels.com\/de\/#\/schema\/logo\/image\/"}}]}},"_links":{"self":[{"href":"https:\/\/behostels.com\/de\/wp-json\/wp\/v2\/pages\/420"}],"collection":[{"href":"https:\/\/behostels.com\/de\/wp-json\/wp\/v2\/pages"}],"about":[{"href":"https:\/\/behostels.com\/de\/wp-json\/wp\/v2\/types\/page"}],"author":[{"embeddable":true,"href":"https:\/\/behostels.com\/de\/wp-json\/wp\/v2\/users\/1"}],"replies":[{"embeddable":true,"href":"https:\/\/behostels.com\/de\/wp-json\/wp\/v2\/comments?post=420"}],"version-history":[{"count":0,"href":"https:\/\/behostels.com\/de\/wp-json\/wp\/v2\/pages\/420\/revisions"}],"wp:attachment":[{"href":"https:\/\/behostels.com\/de\/wp-json\/wp\/v2\/media?parent=420"}],"curies":[{"name":"wp","href":"https:\/\/api.w.org\/{rel}","templated":true}]}}