{"id":364,"date":"2015-06-11T11:05:47","date_gmt":"2015-06-11T11:05:47","guid":{"rendered":"https:\/\/behostels.com\/?page_id=364"},"modified":"2015-07-08T13:40:53","modified_gmt":"2015-07-08T13:40:53","slug":"ausstattung","status":"publish","type":"page","link":"https:\/\/behostels.com\/de\/zaragoza\/ausstattung\/","title":{"rendered":"Be Hostels Zaragoza Ausstattung"},"content":{"rendered":"<h2 class=\"fantasy\">Alle gro\u00dfen und kostenlosen Aktivit\u00e4ten, die du in <a href=\"http:\/\/www.behostels.com\/zaragoza\">Be Hostels Zaragoza<\/a> um dir Aufenthalt genie\u00dfen kannst!:<\/h2>\r\n<div class=\"uk-grid\">\r\n<div class=\"uk-width-large-1-2 uk-width-medium-1-2 uk-width-small-1-1\">\r\n<ul>\r\n   <li>Kostenloses Schliessfach mit Magnetverschluss und Karte.<\/li>\r\n   <li>Kostenlose Bettw\u00e4sche.<\/li>\r\n   <li>Kostenloses Internet<\/li>\r\n   <li>Kostenloses WiFi<\/li>\r\n   <li>Kostenlose Benutzung der K\u00fcche.<\/li>\r\n   <li>Kostenlose Stadtpl\u00e4ne.<\/li>\r\n   <li>Wohnzimmer mit TV und DVD.<\/li>\r\n   <li>Brettspiele.<\/li>\r\n   <li>Miete von Bettw\u00e4sche und Handt\u00fccher.<\/li>\r\n   \r\n<\/ul>\r\n<\/div>\r\n<div class=\"uk-width-large-1-2 uk-width-medium-1-2 uk-width-small-1-1\">\r\n<ul>\r\n    <li>W\u00e4scheservice.<\/li>\r\n    <li>Alle Arten von Lebensmittel-und Getr\u00e4nkeautomaten.<\/li>\r\n    <li>Alle Arten von Abenteuer-und Freizeitaktivit\u00e4ten<\/li>\r\n    <li>Rabatte f\u00fcr Theater in Zaragoza.<\/li>\r\n    <li>Konzerte und literarische Veranstaltungen.<\/li>\r\n    <li>Ausstellungen.<\/li>\r\n    <li>Abendesse mit Theater.<\/li>\r\n    <li>Rabatte f\u00fcr Party DJ&#8217;s.<\/li>\r\n    <li>Jam Session.<\/li>\r\n<\/ul>\r\n<\/div>\r\n<\/div>\r\n\r\n","protected":false},"excerpt":{"rendered":"<p>Alle gro\u00dfen und kostenlosen Aktivit\u00e4ten, die du in Be Hostels Zaragoza um dir Aufenthalt genie\u00dfen kannst!: Kostenloses Schliessfach mit Magnetverschluss und Karte. Kostenlose Bettw\u00e4sche. Kostenloses Internet Kostenloses WiFi Kostenlose Benutzung der K\u00fcche. Kostenlose Stadtpl\u00e4ne. Wohnzimmer mit TV und DVD. Brettspiele. Miete von Bettw\u00e4sche und Handt\u00fccher. W\u00e4scheservice. Alle Arten von Lebensmittel-und Getr\u00e4nkeautomaten. Alle Arten von Abenteuer-und [&hellip;]<\/p>\n","protected":false},"author":1,"featured_media":0,"parent":322,"menu_order":0,"comment_status":"closed","ping_status":"open","template":"","meta":{"footnotes":""},"yoast_head":"<!-- This site is optimized with the Yoast SEO plugin v22.7 - https:\/\/yoast.com\/wordpress\/plugins\/seo\/ -->\n<title>Ausstattung<\/title>\n<meta name=\"robots\" content=\"index, follow, max-snippet:-1, max-image-preview:large, max-video-preview:-1\" \/>\n<link rel=\"canonical\" href=\"https:\/\/behostels.com\/de\/zaragoza\/ausstattung\/\" \/>\n<meta property=\"og:locale\" content=\"de_DE\" \/>\n<meta property=\"og:type\" content=\"article\" \/>\n<meta property=\"og:title\" content=\"Ausstattung\" \/>\n<meta property=\"og:description\" content=\"Alle gro\u00dfen und kostenlosen Aktivit\u00e4ten, die du in Be Hostels Zaragoza um dir Aufenthalt genie\u00dfen kannst!: Kostenloses Schliessfach mit Magnetverschluss und Karte. Kostenlose Bettw\u00e4sche. Kostenloses Internet Kostenloses WiFi Kostenlose Benutzung der K\u00fcche. Kostenlose Stadtpl\u00e4ne. Wohnzimmer mit TV und DVD. Brettspiele. Miete von Bettw\u00e4sche und Handt\u00fccher. W\u00e4scheservice. Alle Arten von Lebensmittel-und Getr\u00e4nkeautomaten. Alle Arten von Abenteuer-und [&hellip;]\" \/>\n<meta property=\"og:url\" content=\"https:\/\/behostels.com\/de\/zaragoza\/ausstattung\/\" \/>\n<meta property=\"og:site_name\" content=\"Be Hostels\" \/>\n<meta property=\"article:modified_time\" content=\"2015-07-08T13:40:53+00:00\" \/>\n<meta name=\"twitter:card\" content=\"summary_large_image\" \/>\n<script type=\"application\/ld+json\" class=\"yoast-schema-graph\">{\"@context\":\"https:\/\/schema.org\",\"@graph\":[{\"@type\":\"WebPage\",\"@id\":\"https:\/\/behostels.com\/de\/zaragoza\/ausstattung\/\",\"url\":\"https:\/\/behostels.com\/de\/zaragoza\/ausstattung\/\",\"name\":\"Ausstattung\",\"isPartOf\":{\"@id\":\"https:\/\/behostels.com\/de\/#website\"},\"datePublished\":\"2015-06-11T11:05:47+00:00\",\"dateModified\":\"2015-07-08T13:40:53+00:00\",\"breadcrumb\":{\"@id\":\"https:\/\/behostels.com\/de\/zaragoza\/ausstattung\/#breadcrumb\"},\"inLanguage\":\"de\",\"potentialAction\":[{\"@type\":\"ReadAction\",\"target\":[\"https:\/\/behostels.com\/de\/zaragoza\/ausstattung\/\"]}]},{\"@type\":\"BreadcrumbList\",\"@id\":\"https:\/\/behostels.com\/de\/zaragoza\/ausstattung\/#breadcrumb\",\"itemListElement\":[{\"@type\":\"ListItem\",\"position\":1,\"name\":\"Home\",\"item\":\"https:\/\/behostels.com\/de\/\"},{\"@type\":\"ListItem\",\"position\":2,\"name\":\"Be Hostel Zaragoza, unsere Herberge in Zaragoza Stadt!\",\"item\":\"https:\/\/behostels.com\/de\/zaragoza\/\"},{\"@type\":\"ListItem\",\"position\":3,\"name\":\"Be Hostels Zaragoza Ausstattung\"}]},{\"@type\":\"WebSite\",\"@id\":\"https:\/\/behostels.com\/de\/#website\",\"url\":\"https:\/\/behostels.com\/de\/\",\"name\":\"Be Hostels\",\"description\":\"\",\"publisher\":{\"@id\":\"https:\/\/behostels.com\/de\/#organization\"},\"potentialAction\":[{\"@type\":\"SearchAction\",\"target\":{\"@type\":\"EntryPoint\",\"urlTemplate\":\"https:\/\/behostels.com\/de\/?s={search_term_string}\"},\"query-input\":\"required name=search_term_string\"}],\"inLanguage\":\"de\"},{\"@type\":\"Organization\",\"@id\":\"https:\/\/behostels.com\/de\/#organization\",\"name\":\"Be Hostels\",\"url\":\"https:\/\/behostels.com\/de\/\",\"logo\":{\"@type\":\"ImageObject\",\"inLanguage\":\"de\",\"@id\":\"https:\/\/behostels.com\/de\/#\/schema\/logo\/image\/\",\"url\":\"https:\/\/behostels.com\/wp-content\/uploads\/2015\/06\/be_reservations_logo.jpg\",\"contentUrl\":\"https:\/\/behostels.com\/wp-content\/uploads\/2015\/06\/be_reservations_logo.jpg\",\"width\":130,\"height\":130,\"caption\":\"Be Hostels\"},\"image\":{\"@id\":\"https:\/\/behostels.com\/de\/#\/schema\/logo\/image\/\"}}]}<\/script>\n<!-- \/ Yoast SEO plugin. -->","yoast_head_json":{"title":"Ausstattung","robots":{"index":"index","follow":"follow","max-snippet":"max-snippet:-1","max-image-preview":"max-image-preview:large","max-video-preview":"max-video-preview:-1"},"canonical":"https:\/\/behostels.com\/de\/zaragoza\/ausstattung\/","og_locale":"de_DE","og_type":"article","og_title":"Ausstattung","og_description":"Alle gro\u00dfen und kostenlosen Aktivit\u00e4ten, die du in Be Hostels Zaragoza um dir Aufenthalt genie\u00dfen kannst!: Kostenloses Schliessfach mit Magnetverschluss und Karte. Kostenlose Bettw\u00e4sche. Kostenloses Internet Kostenloses WiFi Kostenlose Benutzung der K\u00fcche. Kostenlose Stadtpl\u00e4ne. Wohnzimmer mit TV und DVD. Brettspiele. Miete von Bettw\u00e4sche und Handt\u00fccher. W\u00e4scheservice. Alle Arten von Lebensmittel-und Getr\u00e4nkeautomaten. Alle Arten von Abenteuer-und [&hellip;]","og_url":"https:\/\/behostels.com\/de\/zaragoza\/ausstattung\/","og_site_name":"Be Hostels","article_modified_time":"2015-07-08T13:40:53+00:00","twitter_card":"summary_large_image","schema":{"@context":"https:\/\/schema.org","@graph":[{"@type":"WebPage","@id":"https:\/\/behostels.com\/de\/zaragoza\/ausstattung\/","url":"https:\/\/behostels.com\/de\/zaragoza\/ausstattung\/","name":"Ausstattung","isPartOf":{"@id":"https:\/\/behostels.com\/de\/#website"},"datePublished":"2015-06-11T11:05:47+00:00","dateModified":"2015-07-08T13:40:53+00:00","breadcrumb":{"@id":"https:\/\/behostels.com\/de\/zaragoza\/ausstattung\/#breadcrumb"},"inLanguage":"de","potentialAction":[{"@type":"ReadAction","target":["https:\/\/behostels.com\/de\/zaragoza\/ausstattung\/"]}]},{"@type":"BreadcrumbList","@id":"https:\/\/behostels.com\/de\/zaragoza\/ausstattung\/#breadcrumb","itemListElement":[{"@type":"ListItem","position":1,"name":"Home","item":"https:\/\/behostels.com\/de\/"},{"@type":"ListItem","position":2,"name":"Be Hostel Zaragoza, unsere Herberge in Zaragoza Stadt!","item":"https:\/\/behostels.com\/de\/zaragoza\/"},{"@type":"ListItem","position":3,"name":"Be Hostels Zaragoza Ausstattung"}]},{"@type":"WebSite","@id":"https:\/\/behostels.com\/de\/#website","url":"https:\/\/behostels.com\/de\/","name":"Be Hostels","description":"","publisher":{"@id":"https:\/\/behostels.com\/de\/#organization"},"potentialAction":[{"@type":"SearchAction","target":{"@type":"EntryPoint","urlTemplate":"https:\/\/behostels.com\/de\/?s={search_term_string}"},"query-input":"required name=search_term_string"}],"inLanguage":"de"},{"@type":"Organization","@id":"https:\/\/behostels.com\/de\/#organization","name":"Be Hostels","url":"https:\/\/behostels.com\/de\/","logo":{"@type":"ImageObject","inLanguage":"de","@id":"https:\/\/behostels.com\/de\/#\/schema\/logo\/image\/","url":"https:\/\/behostels.com\/wp-content\/uploads\/2015\/06\/be_reservations_logo.jpg","contentUrl":"https:\/\/behostels.com\/wp-content\/uploads\/2015\/06\/be_reservations_logo.jpg","width":130,"height":130,"caption":"Be Hostels"},"image":{"@id":"https:\/\/behostels.com\/de\/#\/schema\/logo\/image\/"}}]}},"_links":{"self":[{"href":"https:\/\/behostels.com\/de\/wp-json\/wp\/v2\/pages\/364"}],"collection":[{"href":"https:\/\/behostels.com\/de\/wp-json\/wp\/v2\/pages"}],"about":[{"href":"https:\/\/behostels.com\/de\/wp-json\/wp\/v2\/types\/page"}],"author":[{"embeddable":true,"href":"https:\/\/behostels.com\/de\/wp-json\/wp\/v2\/users\/1"}],"replies":[{"embeddable":true,"href":"https:\/\/behostels.com\/de\/wp-json\/wp\/v2\/comments?post=364"}],"version-history":[{"count":0,"href":"https:\/\/behostels.com\/de\/wp-json\/wp\/v2\/pages\/364\/revisions"}],"up":[{"embeddable":true,"href":"https:\/\/behostels.com\/de\/wp-json\/wp\/v2\/pages\/322"}],"wp:attachment":[{"href":"https:\/\/behostels.com\/de\/wp-json\/wp\/v2\/media?parent=364"}],"curies":[{"name":"wp","href":"https:\/\/api.w.org\/{rel}","templated":true}]}}