{"id":349,"date":"2015-06-11T10:53:39","date_gmt":"2015-06-11T10:53:39","guid":{"rendered":"https:\/\/behostels.com\/?page_id=349"},"modified":"2015-07-08T13:45:05","modified_gmt":"2015-07-08T13:45:05","slug":"zimmer","status":"publish","type":"page","link":"https:\/\/behostels.com\/de\/zaragoza\/zimmer\/","title":{"rendered":"Be Hostel Zaragoza Zimmer"},"content":{"rendered":"<div class=\"destacado\">\r\n<h2 class=\"fantasy\">Die Zimmer im<a href=\"http:\/\/www.behostels.com\/zaragoza\" class=\"invisible\"> Be Hostels Zaragoza<\/a>  decken alle M\u00f6glichkeiten und Bed\u00fcrfnisse unserer G\u00e4ste. Wir bef\u00fcgen \u00fcber:<\/h2>\r\n<ul>\r\n\t<li>Gemeinschaftszimmer mit Gemeinschaftsbad mit 4, 6, 8, 10 bis zu 12 betten.<\/li>\r\n\t<li>Doppelzimmer mit oder ohne Bad.<\/li>\r\n<\/ul>\r\n<\/div>\r\n&nbsp;\r\n<h2 class=\"fantasy\">Die Ausstattung der Zimmer:<\/h2>\r\n<ul class=\"rooms\">\r\n\t<li> Kostenloses Schliessfach mit Magnetverschluss neben jedem Bett.<\/li>\r\n<li> Zimmer mit Zugang mit pers\u00f6nliche Magnetkarte.<\/li>\r\n<li> Zugriff auf das Haupttor 24 Stunden mit Magnetkarte, die gleiche wie f\u00fcr die Schr\u00e4nke und R\u00e4ume.<\/li>\r\n<li> Klimaanlage \/ Heizung in den Zimmern.<\/li>\r\n<li> Kostenlose Bettw\u00e4sche, Bettdecken und Kissen.<\/li>\r\n<li> 2m Betten.<\/li>\r\n<li> Handt\u00fccher oder Decken k\u00f6nnen f\u00fcr 3 \u20ac gemietet werden.<\/li>\r\n<li> Kostenloses WiFi Internet-Anschluss<\/li>\r\n<li> Pers\u00f6nliche Haken.<\/li>\r\n<li> Schminkspiegel.<\/li>\r\n<li> Doppel Fenster mit thermische und l\u00e4rm Isolierung.<\/li>\r\n<li> Rauch-Sensoren.<\/li>\r\n<li> Rauchfreie R\u00e4ume<\/li>\r\n<li> Marmorb\u00e4de.<\/li>\r\n<\/ul>\r\n&nbsp;\r\n<div class=\"clr\"><\/div>\r\n\r\n","protected":false},"excerpt":{"rendered":"<p>Die Zimmer im Be Hostels Zaragoza decken alle M\u00f6glichkeiten und Bed\u00fcrfnisse unserer G\u00e4ste. Wir bef\u00fcgen \u00fcber: Gemeinschaftszimmer mit Gemeinschaftsbad mit 4, 6, 8, 10 bis zu 12 betten. Doppelzimmer mit oder ohne Bad. &nbsp; Die Ausstattung der Zimmer: Kostenloses Schliessfach mit Magnetverschluss neben jedem Bett. Zimmer mit Zugang mit pers\u00f6nliche Magnetkarte. Zugriff auf das Haupttor [&hellip;]<\/p>\n","protected":false},"author":1,"featured_media":0,"parent":322,"menu_order":0,"comment_status":"closed","ping_status":"open","template":"","meta":{"footnotes":""},"yoast_head":"<!-- This site is optimized with the Yoast SEO plugin v22.7 - https:\/\/yoast.com\/wordpress\/plugins\/seo\/ -->\n<title>Zimmer<\/title>\n<meta name=\"robots\" content=\"index, follow, max-snippet:-1, max-image-preview:large, max-video-preview:-1\" \/>\n<link rel=\"canonical\" href=\"https:\/\/behostels.com\/de\/zaragoza\/zimmer\/\" \/>\n<meta property=\"og:locale\" content=\"de_DE\" \/>\n<meta property=\"og:type\" content=\"article\" \/>\n<meta property=\"og:title\" content=\"Zimmer\" \/>\n<meta property=\"og:description\" content=\"Die Zimmer im Be Hostels Zaragoza decken alle M\u00f6glichkeiten und Bed\u00fcrfnisse unserer G\u00e4ste. Wir bef\u00fcgen \u00fcber: Gemeinschaftszimmer mit Gemeinschaftsbad mit 4, 6, 8, 10 bis zu 12 betten. Doppelzimmer mit oder ohne Bad. &nbsp; Die Ausstattung der Zimmer: Kostenloses Schliessfach mit Magnetverschluss neben jedem Bett. Zimmer mit Zugang mit pers\u00f6nliche Magnetkarte. Zugriff auf das Haupttor [&hellip;]\" \/>\n<meta property=\"og:url\" content=\"https:\/\/behostels.com\/de\/zaragoza\/zimmer\/\" \/>\n<meta property=\"og:site_name\" content=\"Be Hostels\" \/>\n<meta property=\"article:modified_time\" content=\"2015-07-08T13:45:05+00:00\" \/>\n<meta name=\"twitter:card\" content=\"summary_large_image\" \/>\n<meta name=\"twitter:label1\" content=\"Gesch\u00e4tzte Lesezeit\" \/>\n\t<meta name=\"twitter:data1\" content=\"1\u00a0Minute\" \/>\n<script type=\"application\/ld+json\" class=\"yoast-schema-graph\">{\"@context\":\"https:\/\/schema.org\",\"@graph\":[{\"@type\":\"WebPage\",\"@id\":\"https:\/\/behostels.com\/de\/zaragoza\/zimmer\/\",\"url\":\"https:\/\/behostels.com\/de\/zaragoza\/zimmer\/\",\"name\":\"Zimmer\",\"isPartOf\":{\"@id\":\"https:\/\/behostels.com\/de\/#website\"},\"datePublished\":\"2015-06-11T10:53:39+00:00\",\"dateModified\":\"2015-07-08T13:45:05+00:00\",\"breadcrumb\":{\"@id\":\"https:\/\/behostels.com\/de\/zaragoza\/zimmer\/#breadcrumb\"},\"inLanguage\":\"de\",\"potentialAction\":[{\"@type\":\"ReadAction\",\"target\":[\"https:\/\/behostels.com\/de\/zaragoza\/zimmer\/\"]}]},{\"@type\":\"BreadcrumbList\",\"@id\":\"https:\/\/behostels.com\/de\/zaragoza\/zimmer\/#breadcrumb\",\"itemListElement\":[{\"@type\":\"ListItem\",\"position\":1,\"name\":\"Home\",\"item\":\"https:\/\/behostels.com\/de\/\"},{\"@type\":\"ListItem\",\"position\":2,\"name\":\"Be Hostel Zaragoza, unsere Herberge in Zaragoza Stadt!\",\"item\":\"https:\/\/behostels.com\/de\/zaragoza\/\"},{\"@type\":\"ListItem\",\"position\":3,\"name\":\"Be Hostel Zaragoza Zimmer\"}]},{\"@type\":\"WebSite\",\"@id\":\"https:\/\/behostels.com\/de\/#website\",\"url\":\"https:\/\/behostels.com\/de\/\",\"name\":\"Be Hostels\",\"description\":\"\",\"publisher\":{\"@id\":\"https:\/\/behostels.com\/de\/#organization\"},\"potentialAction\":[{\"@type\":\"SearchAction\",\"target\":{\"@type\":\"EntryPoint\",\"urlTemplate\":\"https:\/\/behostels.com\/de\/?s={search_term_string}\"},\"query-input\":\"required name=search_term_string\"}],\"inLanguage\":\"de\"},{\"@type\":\"Organization\",\"@id\":\"https:\/\/behostels.com\/de\/#organization\",\"name\":\"Be Hostels\",\"url\":\"https:\/\/behostels.com\/de\/\",\"logo\":{\"@type\":\"ImageObject\",\"inLanguage\":\"de\",\"@id\":\"https:\/\/behostels.com\/de\/#\/schema\/logo\/image\/\",\"url\":\"https:\/\/behostels.com\/wp-content\/uploads\/2015\/06\/be_reservations_logo.jpg\",\"contentUrl\":\"https:\/\/behostels.com\/wp-content\/uploads\/2015\/06\/be_reservations_logo.jpg\",\"width\":130,\"height\":130,\"caption\":\"Be Hostels\"},\"image\":{\"@id\":\"https:\/\/behostels.com\/de\/#\/schema\/logo\/image\/\"}}]}<\/script>\n<!-- \/ Yoast SEO plugin. -->","yoast_head_json":{"title":"Zimmer","robots":{"index":"index","follow":"follow","max-snippet":"max-snippet:-1","max-image-preview":"max-image-preview:large","max-video-preview":"max-video-preview:-1"},"canonical":"https:\/\/behostels.com\/de\/zaragoza\/zimmer\/","og_locale":"de_DE","og_type":"article","og_title":"Zimmer","og_description":"Die Zimmer im Be Hostels Zaragoza decken alle M\u00f6glichkeiten und Bed\u00fcrfnisse unserer G\u00e4ste. Wir bef\u00fcgen \u00fcber: Gemeinschaftszimmer mit Gemeinschaftsbad mit 4, 6, 8, 10 bis zu 12 betten. Doppelzimmer mit oder ohne Bad. &nbsp; Die Ausstattung der Zimmer: Kostenloses Schliessfach mit Magnetverschluss neben jedem Bett. Zimmer mit Zugang mit pers\u00f6nliche Magnetkarte. Zugriff auf das Haupttor [&hellip;]","og_url":"https:\/\/behostels.com\/de\/zaragoza\/zimmer\/","og_site_name":"Be Hostels","article_modified_time":"2015-07-08T13:45:05+00:00","twitter_card":"summary_large_image","twitter_misc":{"Gesch\u00e4tzte Lesezeit":"1\u00a0Minute"},"schema":{"@context":"https:\/\/schema.org","@graph":[{"@type":"WebPage","@id":"https:\/\/behostels.com\/de\/zaragoza\/zimmer\/","url":"https:\/\/behostels.com\/de\/zaragoza\/zimmer\/","name":"Zimmer","isPartOf":{"@id":"https:\/\/behostels.com\/de\/#website"},"datePublished":"2015-06-11T10:53:39+00:00","dateModified":"2015-07-08T13:45:05+00:00","breadcrumb":{"@id":"https:\/\/behostels.com\/de\/zaragoza\/zimmer\/#breadcrumb"},"inLanguage":"de","potentialAction":[{"@type":"ReadAction","target":["https:\/\/behostels.com\/de\/zaragoza\/zimmer\/"]}]},{"@type":"BreadcrumbList","@id":"https:\/\/behostels.com\/de\/zaragoza\/zimmer\/#breadcrumb","itemListElement":[{"@type":"ListItem","position":1,"name":"Home","item":"https:\/\/behostels.com\/de\/"},{"@type":"ListItem","position":2,"name":"Be Hostel Zaragoza, unsere Herberge in Zaragoza Stadt!","item":"https:\/\/behostels.com\/de\/zaragoza\/"},{"@type":"ListItem","position":3,"name":"Be Hostel Zaragoza Zimmer"}]},{"@type":"WebSite","@id":"https:\/\/behostels.com\/de\/#website","url":"https:\/\/behostels.com\/de\/","name":"Be Hostels","description":"","publisher":{"@id":"https:\/\/behostels.com\/de\/#organization"},"potentialAction":[{"@type":"SearchAction","target":{"@type":"EntryPoint","urlTemplate":"https:\/\/behostels.com\/de\/?s={search_term_string}"},"query-input":"required name=search_term_string"}],"inLanguage":"de"},{"@type":"Organization","@id":"https:\/\/behostels.com\/de\/#organization","name":"Be Hostels","url":"https:\/\/behostels.com\/de\/","logo":{"@type":"ImageObject","inLanguage":"de","@id":"https:\/\/behostels.com\/de\/#\/schema\/logo\/image\/","url":"https:\/\/behostels.com\/wp-content\/uploads\/2015\/06\/be_reservations_logo.jpg","contentUrl":"https:\/\/behostels.com\/wp-content\/uploads\/2015\/06\/be_reservations_logo.jpg","width":130,"height":130,"caption":"Be Hostels"},"image":{"@id":"https:\/\/behostels.com\/de\/#\/schema\/logo\/image\/"}}]}},"_links":{"self":[{"href":"https:\/\/behostels.com\/de\/wp-json\/wp\/v2\/pages\/349"}],"collection":[{"href":"https:\/\/behostels.com\/de\/wp-json\/wp\/v2\/pages"}],"about":[{"href":"https:\/\/behostels.com\/de\/wp-json\/wp\/v2\/types\/page"}],"author":[{"embeddable":true,"href":"https:\/\/behostels.com\/de\/wp-json\/wp\/v2\/users\/1"}],"replies":[{"embeddable":true,"href":"https:\/\/behostels.com\/de\/wp-json\/wp\/v2\/comments?post=349"}],"version-history":[{"count":0,"href":"https:\/\/behostels.com\/de\/wp-json\/wp\/v2\/pages\/349\/revisions"}],"up":[{"embeddable":true,"href":"https:\/\/behostels.com\/de\/wp-json\/wp\/v2\/pages\/322"}],"wp:attachment":[{"href":"https:\/\/behostels.com\/de\/wp-json\/wp\/v2\/media?parent=349"}],"curies":[{"name":"wp","href":"https:\/\/api.w.org\/{rel}","templated":true}]}}