{"id":337,"date":"2015-06-11T10:41:19","date_gmt":"2015-06-11T10:41:19","guid":{"rendered":"https:\/\/behostels.com\/?page_id=337"},"modified":"2015-07-27T10:04:12","modified_gmt":"2015-07-27T10:04:12","slug":"lage","status":"publish","type":"page","link":"https:\/\/behostels.com\/de\/zaragoza\/lage\/","title":{"rendered":"Be Hostel Zaragoza Lage"},"content":{"rendered":"<h3>Werden Zaragoza Hostel befindet sich in der Stadt Zaragoza, einer Stadt zwischen Barcelona und Madrid. Das Zaragoza Hostel, befindet sich im Herzen der Stadt, die auch die Altstadt und ist eine der ber\u00fchmtesten Geb\u00e4ude in der Stadt. Das klassische Geb\u00e4ude verf\u00fcgt \u00fcber eine junge Innenarchitektur, die es zu einem magischen Ort macht.<\/h3>\r\n\n<script type=\"widgetkit\/map\" data-id=\"wk-map69e75ddb968ac\" data-class=\" uk-img-preserve\" data-style=\"width:auto;height:600px;\">\n    {\"width\":\"auto\",\"height\":\"600\",\"maptypeid\":\"roadmap\",\"maptypecontrol\":false,\"mapctrl\":true,\"zoom\":\"16\",\"marker\":\"3\",\"marker_icon\":\"\",\"markercluster\":false,\"popup_max_width\":\"400\",\"zoomwheel\":false,\"draggable\":false,\"directions\":false,\"disabledefaultui\":false,\"styler_invert_lightness\":false,\"styler_hue\":\"\",\"styler_saturation\":0,\"styler_lightness\":0,\"styler_gamma\":0,\"media\":true,\"image_width\":\"auto\",\"image_height\":\"auto\",\"media_align\":\"top\",\"media_width\":\"1-2\",\"media_breakpoint\":\"medium\",\"media_border\":\"none\",\"media_overlay\":\"none\",\"overlay_animation\":\"fade\",\"media_animation\":\"none\",\"title\":false,\"content\":true,\"social_buttons\":true,\"title_size\":\"h4\",\"text_align\":\"left\",\"link\":true,\"link_style\":\"button\",\"link_text\":\"Read more\",\"link_target\":false,\"class\":\"\",\"markers\":[{\"lat\":41.6576429,\"lng\":-0.8859076,\"icon\":\"\",\"title\":\"BE ZARAGOZA HOTEL BARCELONA\",\"content\":\"\\n<div class=\\\"uk-text-left\\\">\\n\\n    \\n    \\n    \\n    \\n        <div class=\\\"uk-margin\\\"><img decoding=\\\"async\\\" src=\\\"\\\/wp-content\\\/uploads\\\/2015\\\/06\\\/be-zaragoza-hostel.png\\\" style=\\\"height:36px ; width:auto;\\\"\\\/><br\\\/>\\n<p class=\\\"uk-text-small\\\">Calle Predicadores 70<br>\\n50003 \\u2013 Zaragoza, Spain<br>\\nTel: (+34) 976 282 043<br>\\ninfo@alberguezaragoza.com<br>\\n<\\\/p><\\\/div>\\n    \\n    \\n    \\n    \\n<\\\/div>\\n\"}],\"directionsText\":\"Get Directions\"}<\/script>\n\r\n<br>\r\n<div class=\"uk-grid\">\r\n<div class=\"uk-width-large-1-2 uk-width-medium-1-2 uk-width-small-1-1\">\r\n<ul>\r\n\t<li>2 Minuten von der Plaza del Pilar<\/li>  \r\n    <li>2 Minuten von der Umgebung &#8222;Casco Viejo&#8220;<\/li>  \r\n    <li>Neben dem Fluss Ebro<\/li>  \r\n    <li>3 Minuten vom &#8222;Tubo&#8220; (Tapas Zone)<\/li> \r\n\t\t<\/ul>\r\n<\/div>\r\n<div class=\"uk-width-large-1-2 uk-width-medium-1-2 uk-width-small-1-1\">\r\n<ul>\r\n    <li>10 Minuten von der Expo<\/li>  \r\n    <li>10 Minuten von der Universit\u00e4t<\/li>  \r\n    <li>5 Minuten von der Plaza de Espa\u00f1a.<\/li>\r\n    <li>IM HERZEN DER STADT.<\/li>\r\n<\/ul>\r\n<\/div>\r\n<\/div>\r\n<p>Be Hostels Zaragoza liegt im Herzen der Stadt, genauer gesagt in der Altstadt und ist so ein wichtiger Teil und Wahrzeichen der Stadt.<\/p>\r\n\r\n<p>Gebaut in einem f\u00fcnfzehnten Jahrhundert Renaissance-Palast unf fr\u00fcher die Residenz des Gro\u00dfinquisitor der Krone von Aragon, Peter Arbuckle, der als Heiliger erkl\u00e4rt wurde nach seinem Tod und eine Kapelle in der Kathedrale von Saragossa &#8222;La Seo&#8220; hat.<\/p>\r\n\r\n<p>Die Merkmale der Einrichtungen sind seine Gr\u00f6\u00dfe und Reichtum an Kunst, plus die perfekte Mischung aus komfortablen, modernes und gem\u00fctliches Hostel.<\/p>\r\n\r\n<h2 class=\"fantasy\">Aber der beste Teil ist, dass es perfekt mit den verschiedenen Verkehrsmitteln verbunden ist:<\/h2>\r\n\n<div  data-uk-scrollspy=\"{target:'> div > [data-uk-scrollspy-cls]', delay:300}\">\n\n\n    \n    <div class=\"uk-grid uk-text-left uk-flex-middle\" data-uk-grid-match data-uk-margin=\"{cls:'uk-margin-top'}\">\n\n                <div class=\"uk-width-medium-1-3 uk-text-center uk-invisible\"  data-uk-scrollspy-cls=\"uk-animation-fade uk-invisible\">\n            <div class=\"uk-overlay uk-overlay-hover uk-border-circle\"><img decoding=\"async\" src=\"\/wp-content\/uploads\/2015\/07\/zaragozaBus2.jpg\" class=\"uk-border-circle uk-overlay-scale\" alt=\"Bus und Bahn\"><div class=\"uk-overlay-panel uk-overlay-background uk-overlay-icon uk-overlay-fade\"><\/div><\/div>        <\/div>\n        \n                <div class=\"uk-width-medium-2-3 uk-invisible\"  data-uk-scrollspy-cls=\"uk-animation-slide-right uk-invisible\">\n            <div class=\"uk-panel uk-panel-space uk-width-1-1\">\n\n                \n                                <h3 class=\"uk-panel-title\">\n\n                                            Bus und Bahn                    \n                    \n                <\/h3>\n                \n                                <div class=\"uk-margin\"><p>Nehmen Sie den Bus Nummer 34, Haltestelle Paseo Echegaray y Caballero 34. Wenn Sie aus dem Bus aussteigen und sich in der rechten Seite der Strasse befinden, biegen Sie in die erste Stra\u00dfe links die Calle Postigo del Ebro heisst und laufen Sie bis zum Ende dieser Stra\u00dfe um bis zur Calle Predicadores zu gelangen. Hier  links biegen und hier befinden wir uns in Nummer 70.\nBus-Frequenz 34:\n\nWoche 6 \/ 7 min,\n\nSamstag 7 \/ 10 min,\n\nSonntag und Feiertage 8 \/ 12 min.<\/p><\/div>\n                \n                \n                \n            <\/div>\n        <\/div>\n        \n    <\/div>\n\n    \n\n    \n    <div class=\"uk-grid uk-text-left uk-flex-middle\" data-uk-grid-match data-uk-margin=\"{cls:'uk-margin-top'}\">\n\n                <div class=\"uk-width-medium-1-3 uk-text-center uk-float-right uk-flex-order-last-medium uk-invisible\"  data-uk-scrollspy-cls=\"uk-animation-fade uk-invisible\">\n            <div class=\"uk-overlay uk-overlay-hover uk-border-circle\"><img decoding=\"async\" src=\"\/wp-content\/uploads\/2015\/07\/Aeropuerto-de-Zaragoza1.jpg\" class=\"uk-border-circle uk-overlay-scale\" alt=\"Flughafen\"><div class=\"uk-overlay-panel uk-overlay-background uk-overlay-icon uk-overlay-fade\"><\/div><\/div>        <\/div>\n        \n                <div class=\"uk-width-medium-2-3 uk-invisible\"  data-uk-scrollspy-cls=\"uk-animation-slide-left uk-invisible\">\n            <div class=\"uk-panel uk-panel-space uk-width-1-1\">\n\n                \n                                <h3 class=\"uk-panel-title\">\n\n                                            Flughafen                    \n                    \n                <\/h3>\n                \n                                <div class=\"uk-margin\"><p>Nehmen Sie den Flughafenbus bis zum letzten Anschlag am Paseo de Pamplona 19 und von dort mit dem Bus vor der Zahl 34 oder von der Plaza Para\u00edso den Bus 23 sowohl in Richtung Zentrum, und beide halten am r\u00f6mischen Mauern von Zaragoza aus die nur \u00fcber die Stra\u00dfe Prediger in denen wir die Nummer 70 beginnt.<\/p><\/div>\n                \n                \n                \n            <\/div>\n        <\/div>\n        \n    <\/div>\n\n    \n\n    \n    <div class=\"uk-grid uk-text-left uk-flex-middle\" data-uk-grid-match data-uk-margin=\"{cls:'uk-margin-top'}\">\n\n                <div class=\"uk-width-medium-1-3 uk-text-center uk-invisible\"  data-uk-scrollspy-cls=\"uk-animation-fade uk-invisible\">\n            <div class=\"uk-overlay uk-overlay-hover uk-border-circle\"><img decoding=\"async\" src=\"\/wp-content\/uploads\/2015\/07\/zaragoza_car1.jpg\" class=\"uk-border-circle uk-overlay-scale\" alt=\"Auto\"><div class=\"uk-overlay-panel uk-overlay-background uk-overlay-icon uk-overlay-fade\"><\/div><\/div>        <\/div>\n        \n                <div class=\"uk-width-medium-2-3 uk-invisible\"  data-uk-scrollspy-cls=\"uk-animation-slide-right uk-invisible\">\n            <div class=\"uk-panel uk-panel-space uk-width-1-1\">\n\n                \n                                <h3 class=\"uk-panel-title\">\n\n                                            Auto                    \n                    \n                <\/h3>\n                \n                                <div class=\"uk-margin\"><p>Aber wenn man mit dem Auto oder Bus kommen, ist es sehr einfach ist, sind wir auf der Autobahn Ausfahrt &#8222;Pilar Santiago-W\u00e4hrungsgebiet &#8222;im Eintrag von Zaragoza, nur noch in der Basilica del Pilar fix und gehen Sie es, in der Zaragoza Bridge Eingang, werden Sie sehen, ein Indikator f\u00fcr die Street Preachers, an der Hausnummer 7 \u00ba hoffe ich. Kostenloses Parken Autos und Busse ist auch einfach, denn es gibt kostenlose Parkpl\u00e4tze nur 2 Minuten. Und Sie k\u00f6nnen die T\u00fcr des Wartehalle erhalten und zu stoppen.<\/p><\/div>\n                \n                \n                \n            <\/div>\n        <\/div>\n        \n    <\/div>\n\n    \n\n<\/div>\n\r\n","protected":false},"excerpt":{"rendered":"<p>Werden Zaragoza Hostel befindet sich in der Stadt Zaragoza, einer Stadt zwischen Barcelona und Madrid. Das Zaragoza Hostel, befindet sich im Herzen der Stadt, die auch die Altstadt und ist eine der ber\u00fchmtesten Geb\u00e4ude in der Stadt. Das klassische Geb\u00e4ude verf\u00fcgt \u00fcber eine junge Innenarchitektur, die es zu einem magischen Ort macht. 2 Minuten von [&hellip;]<\/p>\n","protected":false},"author":1,"featured_media":0,"parent":322,"menu_order":0,"comment_status":"closed","ping_status":"open","template":"","meta":{"footnotes":""},"yoast_head":"<!-- This site is optimized with the Yoast SEO plugin v22.7 - https:\/\/yoast.com\/wordpress\/plugins\/seo\/ -->\n<title>Lage<\/title>\n<meta name=\"robots\" content=\"index, follow, max-snippet:-1, max-image-preview:large, max-video-preview:-1\" \/>\n<link rel=\"canonical\" href=\"https:\/\/behostels.com\/de\/zaragoza\/lage\/\" \/>\n<meta property=\"og:locale\" content=\"de_DE\" \/>\n<meta property=\"og:type\" content=\"article\" \/>\n<meta property=\"og:title\" content=\"Lage\" \/>\n<meta property=\"og:description\" content=\"Werden Zaragoza Hostel befindet sich in der Stadt Zaragoza, einer Stadt zwischen Barcelona und Madrid. Das Zaragoza Hostel, befindet sich im Herzen der Stadt, die auch die Altstadt und ist eine der ber\u00fchmtesten Geb\u00e4ude in der Stadt. Das klassische Geb\u00e4ude verf\u00fcgt \u00fcber eine junge Innenarchitektur, die es zu einem magischen Ort macht. 2 Minuten von [&hellip;]\" \/>\n<meta property=\"og:url\" content=\"https:\/\/behostels.com\/de\/zaragoza\/lage\/\" \/>\n<meta property=\"og:site_name\" content=\"Be Hostels\" \/>\n<meta property=\"article:modified_time\" content=\"2015-07-27T10:04:12+00:00\" \/>\n<meta name=\"twitter:card\" content=\"summary_large_image\" \/>\n<meta name=\"twitter:label1\" content=\"Gesch\u00e4tzte Lesezeit\" \/>\n\t<meta name=\"twitter:data1\" content=\"1\u00a0Minute\" \/>\n<script type=\"application\/ld+json\" class=\"yoast-schema-graph\">{\"@context\":\"https:\/\/schema.org\",\"@graph\":[{\"@type\":\"WebPage\",\"@id\":\"https:\/\/behostels.com\/de\/zaragoza\/lage\/\",\"url\":\"https:\/\/behostels.com\/de\/zaragoza\/lage\/\",\"name\":\"Lage\",\"isPartOf\":{\"@id\":\"https:\/\/behostels.com\/de\/#website\"},\"datePublished\":\"2015-06-11T10:41:19+00:00\",\"dateModified\":\"2015-07-27T10:04:12+00:00\",\"breadcrumb\":{\"@id\":\"https:\/\/behostels.com\/de\/zaragoza\/lage\/#breadcrumb\"},\"inLanguage\":\"de\",\"potentialAction\":[{\"@type\":\"ReadAction\",\"target\":[\"https:\/\/behostels.com\/de\/zaragoza\/lage\/\"]}]},{\"@type\":\"BreadcrumbList\",\"@id\":\"https:\/\/behostels.com\/de\/zaragoza\/lage\/#breadcrumb\",\"itemListElement\":[{\"@type\":\"ListItem\",\"position\":1,\"name\":\"Home\",\"item\":\"https:\/\/behostels.com\/de\/\"},{\"@type\":\"ListItem\",\"position\":2,\"name\":\"Be Hostel Zaragoza, unsere Herberge in Zaragoza Stadt!\",\"item\":\"https:\/\/behostels.com\/de\/zaragoza\/\"},{\"@type\":\"ListItem\",\"position\":3,\"name\":\"Be Hostel Zaragoza Lage\"}]},{\"@type\":\"WebSite\",\"@id\":\"https:\/\/behostels.com\/de\/#website\",\"url\":\"https:\/\/behostels.com\/de\/\",\"name\":\"Be Hostels\",\"description\":\"\",\"publisher\":{\"@id\":\"https:\/\/behostels.com\/de\/#organization\"},\"potentialAction\":[{\"@type\":\"SearchAction\",\"target\":{\"@type\":\"EntryPoint\",\"urlTemplate\":\"https:\/\/behostels.com\/de\/?s={search_term_string}\"},\"query-input\":\"required name=search_term_string\"}],\"inLanguage\":\"de\"},{\"@type\":\"Organization\",\"@id\":\"https:\/\/behostels.com\/de\/#organization\",\"name\":\"Be Hostels\",\"url\":\"https:\/\/behostels.com\/de\/\",\"logo\":{\"@type\":\"ImageObject\",\"inLanguage\":\"de\",\"@id\":\"https:\/\/behostels.com\/de\/#\/schema\/logo\/image\/\",\"url\":\"https:\/\/behostels.com\/wp-content\/uploads\/2015\/06\/be_reservations_logo.jpg\",\"contentUrl\":\"https:\/\/behostels.com\/wp-content\/uploads\/2015\/06\/be_reservations_logo.jpg\",\"width\":130,\"height\":130,\"caption\":\"Be Hostels\"},\"image\":{\"@id\":\"https:\/\/behostels.com\/de\/#\/schema\/logo\/image\/\"}}]}<\/script>\n<!-- \/ Yoast SEO plugin. -->","yoast_head_json":{"title":"Lage","robots":{"index":"index","follow":"follow","max-snippet":"max-snippet:-1","max-image-preview":"max-image-preview:large","max-video-preview":"max-video-preview:-1"},"canonical":"https:\/\/behostels.com\/de\/zaragoza\/lage\/","og_locale":"de_DE","og_type":"article","og_title":"Lage","og_description":"Werden Zaragoza Hostel befindet sich in der Stadt Zaragoza, einer Stadt zwischen Barcelona und Madrid. Das Zaragoza Hostel, befindet sich im Herzen der Stadt, die auch die Altstadt und ist eine der ber\u00fchmtesten Geb\u00e4ude in der Stadt. Das klassische Geb\u00e4ude verf\u00fcgt \u00fcber eine junge Innenarchitektur, die es zu einem magischen Ort macht. 2 Minuten von [&hellip;]","og_url":"https:\/\/behostels.com\/de\/zaragoza\/lage\/","og_site_name":"Be Hostels","article_modified_time":"2015-07-27T10:04:12+00:00","twitter_card":"summary_large_image","twitter_misc":{"Gesch\u00e4tzte Lesezeit":"1\u00a0Minute"},"schema":{"@context":"https:\/\/schema.org","@graph":[{"@type":"WebPage","@id":"https:\/\/behostels.com\/de\/zaragoza\/lage\/","url":"https:\/\/behostels.com\/de\/zaragoza\/lage\/","name":"Lage","isPartOf":{"@id":"https:\/\/behostels.com\/de\/#website"},"datePublished":"2015-06-11T10:41:19+00:00","dateModified":"2015-07-27T10:04:12+00:00","breadcrumb":{"@id":"https:\/\/behostels.com\/de\/zaragoza\/lage\/#breadcrumb"},"inLanguage":"de","potentialAction":[{"@type":"ReadAction","target":["https:\/\/behostels.com\/de\/zaragoza\/lage\/"]}]},{"@type":"BreadcrumbList","@id":"https:\/\/behostels.com\/de\/zaragoza\/lage\/#breadcrumb","itemListElement":[{"@type":"ListItem","position":1,"name":"Home","item":"https:\/\/behostels.com\/de\/"},{"@type":"ListItem","position":2,"name":"Be Hostel Zaragoza, unsere Herberge in Zaragoza Stadt!","item":"https:\/\/behostels.com\/de\/zaragoza\/"},{"@type":"ListItem","position":3,"name":"Be Hostel Zaragoza Lage"}]},{"@type":"WebSite","@id":"https:\/\/behostels.com\/de\/#website","url":"https:\/\/behostels.com\/de\/","name":"Be Hostels","description":"","publisher":{"@id":"https:\/\/behostels.com\/de\/#organization"},"potentialAction":[{"@type":"SearchAction","target":{"@type":"EntryPoint","urlTemplate":"https:\/\/behostels.com\/de\/?s={search_term_string}"},"query-input":"required name=search_term_string"}],"inLanguage":"de"},{"@type":"Organization","@id":"https:\/\/behostels.com\/de\/#organization","name":"Be Hostels","url":"https:\/\/behostels.com\/de\/","logo":{"@type":"ImageObject","inLanguage":"de","@id":"https:\/\/behostels.com\/de\/#\/schema\/logo\/image\/","url":"https:\/\/behostels.com\/wp-content\/uploads\/2015\/06\/be_reservations_logo.jpg","contentUrl":"https:\/\/behostels.com\/wp-content\/uploads\/2015\/06\/be_reservations_logo.jpg","width":130,"height":130,"caption":"Be Hostels"},"image":{"@id":"https:\/\/behostels.com\/de\/#\/schema\/logo\/image\/"}}]}},"_links":{"self":[{"href":"https:\/\/behostels.com\/de\/wp-json\/wp\/v2\/pages\/337"}],"collection":[{"href":"https:\/\/behostels.com\/de\/wp-json\/wp\/v2\/pages"}],"about":[{"href":"https:\/\/behostels.com\/de\/wp-json\/wp\/v2\/types\/page"}],"author":[{"embeddable":true,"href":"https:\/\/behostels.com\/de\/wp-json\/wp\/v2\/users\/1"}],"replies":[{"embeddable":true,"href":"https:\/\/behostels.com\/de\/wp-json\/wp\/v2\/comments?post=337"}],"version-history":[{"count":0,"href":"https:\/\/behostels.com\/de\/wp-json\/wp\/v2\/pages\/337\/revisions"}],"up":[{"embeddable":true,"href":"https:\/\/behostels.com\/de\/wp-json\/wp\/v2\/pages\/322"}],"wp:attachment":[{"href":"https:\/\/behostels.com\/de\/wp-json\/wp\/v2\/media?parent=337"}],"curies":[{"name":"wp","href":"https:\/\/api.w.org\/{rel}","templated":true}]}}