{"id":322,"date":"2015-06-10T14:36:24","date_gmt":"2015-06-10T14:36:24","guid":{"rendered":"https:\/\/behostels.com\/?page_id=322"},"modified":"2015-11-25T13:22:19","modified_gmt":"2015-11-25T13:22:19","slug":"zaragoza","status":"publish","type":"page","link":"https:\/\/behostels.com\/de\/zaragoza\/","title":{"rendered":"Be Hostel Zaragoza, unsere Herberge in Zaragoza Stadt!"},"content":{"rendered":"<div class=\"uk-grid\">\r\n<div class=\"uk-width-large-1-2 uk-width-medium-1-2 uk-width-small-1-1\">\r\n<h2><strong>Zaragoza<\/strong>, eine wichtige Stadt zwischen Madrid und Barcelona gelegen, bietet viele Attraktionen um eure Neugier nach Kultur, Gastronomie, spanischem Lebensstil und Geschichte zu erf\u00fcllen.<\/h2>\r\n<\/div>\r\n<div class=\"uk-width-large-1-2 uk-width-medium-1-2 uk-width-small-1-1\">\r\n<a href=\"https:\/\/behostels.com\/wp-content\/uploads\/2015\/11\/zaragozamap.jpg\"><img loading=\"lazy\" decoding=\"async\" width=\"460\" height=\"300\" src=\"https:\/\/behostels.com\/wp-content\/uploads\/2015\/11\/zaragozamap.jpg\" alt=\"zaragozamap\" class=\"alignnone size-full wp-image-3201\" srcset=\"https:\/\/behostels.com\/wp-content\/uploads\/2015\/11\/zaragozamap.jpg 460w, https:\/\/behostels.com\/wp-content\/uploads\/2015\/11\/zaragozamap-300x196.jpg 300w\" sizes=\"(max-width: 460px) 100vw, 460px\" \/><\/a>\r\n<\/div>\r\n<\/div>\r\n<p>Die Lage des <a title=\"Be Zaragoza Hostel\" href=\"http:\/\/www.behostels.com\/zaragoza\"><strong>Be Hostel Zaragoza<\/strong><\/a> ist optimal und erleichtert eine Stadtbesichtigung, da es sich mitten im historischen Zentrum, nahe des <strong>Plaza del Pilar<\/strong> befindet.<\/p>\r\n<p>Aber es gibt mehr zu bieten als nur die g\u00fcnstige Lage. Im Keller k\u00f6nnt Ihr  Theaterauff\u00fchrungen, Shows und Konzerte und viele weitere kostenfreie Angebote genie\u00dfen. Die Herberge befindet sich in <strong>einem reichlich verzierten Renaissance-Palast des 15<\/strong>. Jahrhunderts und ist f\u00fcr den Komfort unserer G\u00e4ste mit allen notwendigen Leistungen ausgestattet. Unsere Mitarbeitet stehen euch jederzeit gern zur Verf\u00fcgung.<\/p>\r\n\n\n<div id=\"wk-grid1e7\" class=\"uk-grid-width-1-1 uk-grid-width-medium-1-3 uk-grid uk-grid-match uk-grid-medium uk-text-center \" data-uk-grid-match=\"{target:'> div > .uk-panel', row:true}\" data-uk-grid-margin  data-uk-scrollspy=\"{cls:'uk-animation-fade uk-invisible', target:'> div > .uk-panel', delay:300}\">\n\n\n    <div>\n        <div class=\"uk-panel uk-invisible\">\n\n            \n            \n                        <div class=\"uk-text-center uk-panel-teaser\"><div class=\"uk-overlay uk-overlay-hover uk-border-circle\"><img loading=\"lazy\" decoding=\"async\" src=\"\/wp-content\/uploads\/2015\/07\/discover-zaragoza.jpg\" class=\"uk-border-circle uk-overlay-scale\" alt=\"Entdecken Zaragoza Stadt\" width=\"600\" height=\"600\"><div class=\"uk-overlay-panel uk-overlay-background uk-overlay-icon uk-overlay-fade\"><\/div><a class=\"uk-position-cover\" href=\"http:\/\/behostels.com\/de\/zaragoza\/lage\/\" title=\"Entdecken Zaragoza Stadt\"><\/a><\/div><\/div>\n            \n            \n            \n            \n            \n                        <div class=\"uk-margin\">Entdecken Zaragoza Stadt<\/div>\n            \n            \n            \n            \n        <\/div>\n    <\/div>\n\n\n    <div>\n        <div class=\"uk-panel uk-invisible\">\n\n            \n            \n                        <div class=\"uk-text-center uk-panel-teaser\"><div class=\"uk-overlay uk-overlay-hover uk-border-circle\"><img loading=\"lazy\" decoding=\"async\" src=\"\/wp-content\/uploads\/2015\/07\/zaragoza-concerts.jpg\" class=\"uk-border-circle uk-overlay-scale\" alt=\"Schlie\u00dfen Sie unseren Konzerten und Veranstaltungen!\" width=\"600\" height=\"600\"><div class=\"uk-overlay-panel uk-overlay-background uk-overlay-icon uk-overlay-fade\"><\/div><a class=\"uk-position-cover\" href=\"http:\/\/behostels.com\/de\/zaragoza\/ausstattung\/\" title=\"Schlie\u00dfen Sie unseren Konzerten und Veranstaltungen!\"><\/a><\/div><\/div>\n            \n            \n            \n            \n            \n                        <div class=\"uk-margin\">Schlie\u00dfen Sie unseren Konzerten und Veranstaltungen!<\/div>\n            \n            \n            \n            \n        <\/div>\n    <\/div>\n\n\n    <div>\n        <div class=\"uk-panel uk-invisible\">\n\n            \n            \n                        <div class=\"uk-text-center uk-panel-teaser\"><div class=\"uk-overlay uk-overlay-hover uk-border-circle\"><img loading=\"lazy\" decoding=\"async\" src=\"\/wp-content\/uploads\/2015\/07\/historic-building.jpg\" class=\"uk-border-circle uk-overlay-scale\" alt=\"Historisches Geb\u00e4ude ab 1500\" width=\"600\" height=\"600\"><div class=\"uk-overlay-panel uk-overlay-background uk-overlay-icon uk-overlay-fade\"><\/div><a class=\"uk-position-cover\" href=\"http:\/\/behostels.com\/de\/zaragoza\/lage\/\" title=\"Historisches Geb\u00e4ude ab 1500\"><\/a><\/div><\/div>\n            \n            \n            \n            \n            \n                        <div class=\"uk-margin\">Historisches Geb\u00e4ude ab 1500<\/div>\n            \n            \n            \n            \n        <\/div>\n    <\/div>\n\n\n<\/div>\n\n<script>\n(function($){\n\n    \/\/ get the images of the gallery and replace it by a canvas of the same size to fix the problem with overlapping images on load.\n    $('img[width][height]:not(.uk-overlay-panel)', $('#wk-grid1e7')).each(function() {\n\n        var $img = $(this);\n\n        if (this.width == 'auto' || this.height == 'auto' || !$img.is(':visible')) {\n            return;\n        }\n\n        var $canvas = $('<canvas class=\"uk-responsive-width\"><\/canvas>').attr({width:$img.attr('width'), height:$img.attr('height')}),\n            img = new Image,\n            release = function() {\n                $canvas.remove();\n                $img.css('display', '');\n                release = function(){};\n            };\n\n        $img.css('display', 'none').after($canvas);\n\n        $(img).on('load', function(){ release(); });\n        setTimeout(function(){ release(); }, 1000);\n\n        img.src = this.src;\n\n    });\n\n})(jQuery);\n<\/script>\n\r\n<h3 class=\"fantasy\">Im <a title=\"Be Zaragoza Hostel\" href=\"http:\/\/www.behostels.com\/zaragoza\" target=\"_blank\">Be Hostels Zaragoza<\/a> bieten wir folgendes:<\/h3>\r\n<div class=\"uk-grid\">\r\n<div class=\"uk-width-large-1-2 uk-width-medium-1-2 uk-width-small-1-1\">\r\n<ul>\r\n   <li>Kostenloses Schliessfach mit Magnetverschluss und Karte.<\/li>\r\n   <li>Kostenlose Bettw\u00e4sche.<\/li>\r\n   <li>Kostenloses Internet<\/li>\r\n   <li>Kostenloses WiFi<\/li>\r\n   <li>Kostenlose Benutzung der K\u00fcche.<\/li>\r\n   <li>Kostenlose Stadtpl\u00e4ne.<\/li>\r\n   <li>Wohnzimmer mit TV und DVD.<\/li>\r\n   <li>Brettspiele.<\/li>\r\n   <li>Miete von Bettw\u00e4sche und Handt\u00fccher.<\/li>\r\n   \r\n<\/ul>\r\n<\/div>\r\n<div class=\"uk-width-large-1-2 uk-width-medium-1-2 uk-width-small-1-1\">\r\n<ul>\r\n    <li>W\u00e4scheservice.<\/li>\r\n    <li>Alle Arten von Lebensmittel-und Getr\u00e4nkeautomaten.<\/li>\r\n    <li>Alle Arten von Abenteuer-und Freizeitaktivit\u00e4ten<\/li>\r\n    <li>Rabatte f\u00fcr Theater in Zaragoza.<\/li>\r\n    <li>Konzerte und literarische Veranstaltungen.<\/li>\r\n    <li>Ausstellungen.<\/li>\r\n    <li>Abendesse mit Theater.<\/li>\r\n    <li>Rabatte f\u00fcr Party DJ&#8217;s.<\/li>\r\n    <li>Jam Session.<\/li>\r\n<\/ul>\r\n<\/div>\r\n<\/div>\r\n<div class=\"uk-margin-large-top uk-text-center\">Wir m\u00f6chten das ihr euch im<a title=\"Be Zaragoza Hostel\" href=\"http:\/\/www.behostels.com\/zaragoza\" target=\"_blank\"><strong> Be Hostel Zaragoza<\/strong><\/a> wie zu Hause f\u00fchlt und gern wieder kommt.<\/div>","protected":false},"excerpt":{"rendered":"<p>Zaragoza, eine wichtige Stadt zwischen Madrid und Barcelona gelegen, bietet viele Attraktionen um eure Neugier nach Kultur, Gastronomie, spanischem Lebensstil und Geschichte zu erf\u00fcllen. Die Lage des Be Hostel Zaragoza ist optimal und erleichtert eine Stadtbesichtigung, da es sich mitten im historischen Zentrum, nahe des Plaza del Pilar befindet. Aber es gibt mehr zu bieten [&hellip;]<\/p>\n","protected":false},"author":1,"featured_media":0,"parent":0,"menu_order":0,"comment_status":"closed","ping_status":"open","template":"","meta":{"footnotes":""},"yoast_head":"<!-- This site is optimized with the Yoast SEO plugin v22.7 - https:\/\/yoast.com\/wordpress\/plugins\/seo\/ -->\n<title>Bleibt im Be Hostel Zaragoza<\/title>\n<meta name=\"description\" content=\"\u00dcbernachtet im Be Hostels Zaragoza und ihr werdet die &quot;Herberge&quot; von Zaragoza erleben\" \/>\n<meta name=\"robots\" content=\"index, follow, max-snippet:-1, max-image-preview:large, max-video-preview:-1\" \/>\n<link rel=\"canonical\" href=\"https:\/\/behostels.com\/de\/zaragoza\/\" \/>\n<meta property=\"og:locale\" content=\"de_DE\" \/>\n<meta property=\"og:type\" content=\"article\" \/>\n<meta property=\"og:title\" content=\"Bleibt im Be Hostel Zaragoza\" \/>\n<meta property=\"og:description\" content=\"\u00dcbernachtet im Be Hostels Zaragoza und ihr werdet die &quot;Herberge&quot; von Zaragoza erleben\" \/>\n<meta property=\"og:url\" content=\"https:\/\/behostels.com\/de\/zaragoza\/\" \/>\n<meta property=\"og:site_name\" content=\"Be Hostels\" \/>\n<meta property=\"article:modified_time\" content=\"2015-11-25T13:22:19+00:00\" \/>\n<meta property=\"og:image\" content=\"https:\/\/behostels.com\/wp-content\/uploads\/2015\/11\/zaragozamap.jpg\" \/>\n<meta name=\"twitter:card\" content=\"summary_large_image\" \/>\n<meta name=\"twitter:label1\" content=\"Gesch\u00e4tzte Lesezeit\" \/>\n\t<meta name=\"twitter:data1\" content=\"1\u00a0Minute\" \/>\n<script type=\"application\/ld+json\" class=\"yoast-schema-graph\">{\"@context\":\"https:\/\/schema.org\",\"@graph\":[{\"@type\":\"WebPage\",\"@id\":\"https:\/\/behostels.com\/de\/zaragoza\/\",\"url\":\"https:\/\/behostels.com\/de\/zaragoza\/\",\"name\":\"Bleibt im Be Hostel Zaragoza\",\"isPartOf\":{\"@id\":\"https:\/\/behostels.com\/de\/#website\"},\"primaryImageOfPage\":{\"@id\":\"https:\/\/behostels.com\/de\/zaragoza\/#primaryimage\"},\"image\":{\"@id\":\"https:\/\/behostels.com\/de\/zaragoza\/#primaryimage\"},\"thumbnailUrl\":\"https:\/\/behostels.com\/wp-content\/uploads\/2015\/11\/zaragozamap.jpg\",\"datePublished\":\"2015-06-10T14:36:24+00:00\",\"dateModified\":\"2015-11-25T13:22:19+00:00\",\"description\":\"\u00dcbernachtet im Be Hostels Zaragoza und ihr werdet die \\\"Herberge\\\" von Zaragoza erleben\",\"breadcrumb\":{\"@id\":\"https:\/\/behostels.com\/de\/zaragoza\/#breadcrumb\"},\"inLanguage\":\"de\",\"potentialAction\":[{\"@type\":\"ReadAction\",\"target\":[\"https:\/\/behostels.com\/de\/zaragoza\/\"]}]},{\"@type\":\"ImageObject\",\"inLanguage\":\"de\",\"@id\":\"https:\/\/behostels.com\/de\/zaragoza\/#primaryimage\",\"url\":\"https:\/\/behostels.com\/wp-content\/uploads\/2015\/11\/zaragozamap.jpg\",\"contentUrl\":\"https:\/\/behostels.com\/wp-content\/uploads\/2015\/11\/zaragozamap.jpg\"},{\"@type\":\"BreadcrumbList\",\"@id\":\"https:\/\/behostels.com\/de\/zaragoza\/#breadcrumb\",\"itemListElement\":[{\"@type\":\"ListItem\",\"position\":1,\"name\":\"Home\",\"item\":\"https:\/\/behostels.com\/de\/\"},{\"@type\":\"ListItem\",\"position\":2,\"name\":\"Be Hostel Zaragoza, unsere Herberge in Zaragoza Stadt!\"}]},{\"@type\":\"WebSite\",\"@id\":\"https:\/\/behostels.com\/de\/#website\",\"url\":\"https:\/\/behostels.com\/de\/\",\"name\":\"Be Hostels\",\"description\":\"\",\"publisher\":{\"@id\":\"https:\/\/behostels.com\/de\/#organization\"},\"potentialAction\":[{\"@type\":\"SearchAction\",\"target\":{\"@type\":\"EntryPoint\",\"urlTemplate\":\"https:\/\/behostels.com\/de\/?s={search_term_string}\"},\"query-input\":\"required name=search_term_string\"}],\"inLanguage\":\"de\"},{\"@type\":\"Organization\",\"@id\":\"https:\/\/behostels.com\/de\/#organization\",\"name\":\"Be Hostels\",\"url\":\"https:\/\/behostels.com\/de\/\",\"logo\":{\"@type\":\"ImageObject\",\"inLanguage\":\"de\",\"@id\":\"https:\/\/behostels.com\/de\/#\/schema\/logo\/image\/\",\"url\":\"https:\/\/behostels.com\/wp-content\/uploads\/2015\/06\/be_reservations_logo.jpg\",\"contentUrl\":\"https:\/\/behostels.com\/wp-content\/uploads\/2015\/06\/be_reservations_logo.jpg\",\"width\":130,\"height\":130,\"caption\":\"Be Hostels\"},\"image\":{\"@id\":\"https:\/\/behostels.com\/de\/#\/schema\/logo\/image\/\"}}]}<\/script>\n<!-- \/ Yoast SEO plugin. -->","yoast_head_json":{"title":"Bleibt im Be Hostel Zaragoza","description":"\u00dcbernachtet im Be Hostels Zaragoza und ihr werdet die \"Herberge\" von Zaragoza erleben","robots":{"index":"index","follow":"follow","max-snippet":"max-snippet:-1","max-image-preview":"max-image-preview:large","max-video-preview":"max-video-preview:-1"},"canonical":"https:\/\/behostels.com\/de\/zaragoza\/","og_locale":"de_DE","og_type":"article","og_title":"Bleibt im Be Hostel Zaragoza","og_description":"\u00dcbernachtet im Be Hostels Zaragoza und ihr werdet die \"Herberge\" von Zaragoza erleben","og_url":"https:\/\/behostels.com\/de\/zaragoza\/","og_site_name":"Be Hostels","article_modified_time":"2015-11-25T13:22:19+00:00","og_image":[{"url":"https:\/\/behostels.com\/wp-content\/uploads\/2015\/11\/zaragozamap.jpg"}],"twitter_card":"summary_large_image","twitter_misc":{"Gesch\u00e4tzte Lesezeit":"1\u00a0Minute"},"schema":{"@context":"https:\/\/schema.org","@graph":[{"@type":"WebPage","@id":"https:\/\/behostels.com\/de\/zaragoza\/","url":"https:\/\/behostels.com\/de\/zaragoza\/","name":"Bleibt im Be Hostel Zaragoza","isPartOf":{"@id":"https:\/\/behostels.com\/de\/#website"},"primaryImageOfPage":{"@id":"https:\/\/behostels.com\/de\/zaragoza\/#primaryimage"},"image":{"@id":"https:\/\/behostels.com\/de\/zaragoza\/#primaryimage"},"thumbnailUrl":"https:\/\/behostels.com\/wp-content\/uploads\/2015\/11\/zaragozamap.jpg","datePublished":"2015-06-10T14:36:24+00:00","dateModified":"2015-11-25T13:22:19+00:00","description":"\u00dcbernachtet im Be Hostels Zaragoza und ihr werdet die \"Herberge\" von Zaragoza erleben","breadcrumb":{"@id":"https:\/\/behostels.com\/de\/zaragoza\/#breadcrumb"},"inLanguage":"de","potentialAction":[{"@type":"ReadAction","target":["https:\/\/behostels.com\/de\/zaragoza\/"]}]},{"@type":"ImageObject","inLanguage":"de","@id":"https:\/\/behostels.com\/de\/zaragoza\/#primaryimage","url":"https:\/\/behostels.com\/wp-content\/uploads\/2015\/11\/zaragozamap.jpg","contentUrl":"https:\/\/behostels.com\/wp-content\/uploads\/2015\/11\/zaragozamap.jpg"},{"@type":"BreadcrumbList","@id":"https:\/\/behostels.com\/de\/zaragoza\/#breadcrumb","itemListElement":[{"@type":"ListItem","position":1,"name":"Home","item":"https:\/\/behostels.com\/de\/"},{"@type":"ListItem","position":2,"name":"Be Hostel Zaragoza, unsere Herberge in Zaragoza Stadt!"}]},{"@type":"WebSite","@id":"https:\/\/behostels.com\/de\/#website","url":"https:\/\/behostels.com\/de\/","name":"Be Hostels","description":"","publisher":{"@id":"https:\/\/behostels.com\/de\/#organization"},"potentialAction":[{"@type":"SearchAction","target":{"@type":"EntryPoint","urlTemplate":"https:\/\/behostels.com\/de\/?s={search_term_string}"},"query-input":"required name=search_term_string"}],"inLanguage":"de"},{"@type":"Organization","@id":"https:\/\/behostels.com\/de\/#organization","name":"Be Hostels","url":"https:\/\/behostels.com\/de\/","logo":{"@type":"ImageObject","inLanguage":"de","@id":"https:\/\/behostels.com\/de\/#\/schema\/logo\/image\/","url":"https:\/\/behostels.com\/wp-content\/uploads\/2015\/06\/be_reservations_logo.jpg","contentUrl":"https:\/\/behostels.com\/wp-content\/uploads\/2015\/06\/be_reservations_logo.jpg","width":130,"height":130,"caption":"Be Hostels"},"image":{"@id":"https:\/\/behostels.com\/de\/#\/schema\/logo\/image\/"}}]}},"_links":{"self":[{"href":"https:\/\/behostels.com\/de\/wp-json\/wp\/v2\/pages\/322"}],"collection":[{"href":"https:\/\/behostels.com\/de\/wp-json\/wp\/v2\/pages"}],"about":[{"href":"https:\/\/behostels.com\/de\/wp-json\/wp\/v2\/types\/page"}],"author":[{"embeddable":true,"href":"https:\/\/behostels.com\/de\/wp-json\/wp\/v2\/users\/1"}],"replies":[{"embeddable":true,"href":"https:\/\/behostels.com\/de\/wp-json\/wp\/v2\/comments?post=322"}],"version-history":[{"count":0,"href":"https:\/\/behostels.com\/de\/wp-json\/wp\/v2\/pages\/322\/revisions"}],"wp:attachment":[{"href":"https:\/\/behostels.com\/de\/wp-json\/wp\/v2\/media?parent=322"}],"curies":[{"name":"wp","href":"https:\/\/api.w.org\/{rel}","templated":true}]}}