{"id":307,"date":"2015-06-10T14:15:36","date_gmt":"2015-06-10T14:15:36","guid":{"rendered":"https:\/\/behostels.com\/?page_id=307"},"modified":"2015-09-17T15:35:20","modified_gmt":"2015-09-17T15:35:20","slug":"ausstattung","status":"publish","type":"page","link":"https:\/\/behostels.com\/de\/ramblas\/ausstattung\/","title":{"rendered":"Barcelona Ramblas Hotel Ausstattung"},"content":{"rendered":"<h2 class=\"fantasy\">Alle gro\u00dfen und kostenlosen Aktivit\u00e4ten, die du in <a href=\"http:\/\/www.behostels.com\/ramblas\" class=\"invisible\">Be Ramblas Hotel<\/a>, um dir Aufenthalt in Barcelona genie\u00dfen kannst! Gleich nach dem einchecken im unsere G\u00e4ste verf\u00fcgen  \u00fcber:<\/h2>\r\n<div class=\"uk-grid\">\r\n<div class=\"uk-width-large-1-2 uk-width-medium-1-2 uk-width-small-1-1\">\r\n<ul>\r\n   <li>Spaziergang kostenlos<\/li>\r\n   <li>Internet kostenlos and den computer<\/li>\r\n   <li>Wifi kostenlos<\/li>\r\n   <li>Stadtplan kostenlos<\/li>\r\n   <li>K\u00fcche f\u00fcr Reisende verf\u00fcgbar<\/li>\r\n   <li>24-Stunden Rezeption<\/li>\r\n   <li>Sch\u00f6ner Aufenthaltsraum<\/li>\r\n<\/div>\r\n<div class=\"uk-width-large-1-2 uk-width-medium-1-2 uk-width-small-1-1\">\r\n<ul>\r\n    <li>Klimaanlage und Heizung<\/li>\r\n    <li>Aktivit\u00e4ten jeden Tag organisiert<\/li>\r\n    <li>Tapas und Flamenco, kulturelle Ausfl\u00fcge,Kneipentouren, etc<\/li>\r\n    <li>Internationale und lokale Rezeptionisten immer hilfsbereit<\/li>\r\n    <li>Schlie\u00dffach f\u00fcr Ihr Gep\u00e4ck nach dem Check-out<\/li>\r\n    <li>Waschmaschine und Trockner M\u00fcnze<\/li>\r\n\t<\/ul>\r\n<\/div>\r\n<\/div>\r\n<br \/>\r\n<br \/>\r\n<iframe loading=\"lazy\" width=\"920\" height=\"600\" frameborder=\"0\" scrolling=\"no\" marginheight=\"0\" marginwidth=\"0\" src=\"https:\/\/www.google.es\/maps?layer=c&amp;sll=41.37755000000001,2.172612&amp;cid=-3426556670947118056&amp;panoid=bvfH1JYdJHcAAAAGOixlwg&amp;cbp=13,324.81,,0,0&amp;q=be+ramblas&amp;ie=UTF8&amp;hq=be+ramblas&amp;hnear=&amp;t=m&amp;cbll=41.377549,2.172486&amp;source=embed&amp;ll=41.373532,2.173769&amp;spn=0.009661,0.019741&amp;z=16&amp;output=svembed\"><\/iframe><br \/>\t","protected":false},"excerpt":{"rendered":"<p>Alle gro\u00dfen und kostenlosen Aktivit\u00e4ten, die du in Be Ramblas Hotel, um dir Aufenthalt in Barcelona genie\u00dfen kannst! Gleich nach dem einchecken im unsere G\u00e4ste verf\u00fcgen \u00fcber: Spaziergang kostenlos Internet kostenlos and den computer Wifi kostenlos Stadtplan kostenlos K\u00fcche f\u00fcr Reisende verf\u00fcgbar 24-Stunden Rezeption Sch\u00f6ner Aufenthaltsraum Klimaanlage und Heizung Aktivit\u00e4ten jeden Tag organisiert Tapas und [&hellip;]<\/p>\n","protected":false},"author":1,"featured_media":0,"parent":260,"menu_order":0,"comment_status":"closed","ping_status":"closed","template":"","meta":{"footnotes":""},"yoast_head":"<!-- This site is optimized with the Yoast SEO plugin v22.7 - https:\/\/yoast.com\/wordpress\/plugins\/seo\/ -->\n<title>Ausstattung Be Ramblas Hotel<\/title>\n<meta name=\"description\" content=\"Hier finden Sie alles was Sie brauchen bei Be Ramblas Hotel in Barcelona!\" \/>\n<meta name=\"robots\" content=\"index, follow, max-snippet:-1, max-image-preview:large, max-video-preview:-1\" \/>\n<link rel=\"canonical\" href=\"https:\/\/behostels.com\/de\/ramblas\/ausstattung\/\" \/>\n<meta property=\"og:locale\" content=\"de_DE\" \/>\n<meta property=\"og:type\" content=\"article\" \/>\n<meta property=\"og:title\" content=\"Ausstattung Be Ramblas Hotel\" \/>\n<meta property=\"og:description\" content=\"Hier finden Sie alles was Sie brauchen bei Be Ramblas Hotel in Barcelona!\" \/>\n<meta property=\"og:url\" content=\"https:\/\/behostels.com\/de\/ramblas\/ausstattung\/\" \/>\n<meta property=\"og:site_name\" content=\"Be Hostels\" \/>\n<meta property=\"article:modified_time\" content=\"2015-09-17T15:35:20+00:00\" \/>\n<meta name=\"twitter:card\" content=\"summary_large_image\" \/>\n<script type=\"application\/ld+json\" class=\"yoast-schema-graph\">{\"@context\":\"https:\/\/schema.org\",\"@graph\":[{\"@type\":\"WebPage\",\"@id\":\"https:\/\/behostels.com\/de\/ramblas\/ausstattung\/\",\"url\":\"https:\/\/behostels.com\/de\/ramblas\/ausstattung\/\",\"name\":\"Ausstattung Be Ramblas Hotel\",\"isPartOf\":{\"@id\":\"https:\/\/behostels.com\/de\/#website\"},\"datePublished\":\"2015-06-10T14:15:36+00:00\",\"dateModified\":\"2015-09-17T15:35:20+00:00\",\"description\":\"Hier finden Sie alles was Sie brauchen bei Be Ramblas Hotel in Barcelona!\",\"breadcrumb\":{\"@id\":\"https:\/\/behostels.com\/de\/ramblas\/ausstattung\/#breadcrumb\"},\"inLanguage\":\"de\",\"potentialAction\":[{\"@type\":\"ReadAction\",\"target\":[\"https:\/\/behostels.com\/de\/ramblas\/ausstattung\/\"]}]},{\"@type\":\"BreadcrumbList\",\"@id\":\"https:\/\/behostels.com\/de\/ramblas\/ausstattung\/#breadcrumb\",\"itemListElement\":[{\"@type\":\"ListItem\",\"position\":1,\"name\":\"Home\",\"item\":\"https:\/\/behostels.com\/de\/\"},{\"@type\":\"ListItem\",\"position\":2,\"name\":\"Das Be Ramblas Hotel Barcelona ist ein g\u00fcnstiges Hotel mitten im Zentrum von Barcelona!\",\"item\":\"https:\/\/behostels.com\/de\/ramblas\/\"},{\"@type\":\"ListItem\",\"position\":3,\"name\":\"Barcelona Ramblas Hotel Ausstattung\"}]},{\"@type\":\"WebSite\",\"@id\":\"https:\/\/behostels.com\/de\/#website\",\"url\":\"https:\/\/behostels.com\/de\/\",\"name\":\"Be Hostels\",\"description\":\"\",\"publisher\":{\"@id\":\"https:\/\/behostels.com\/de\/#organization\"},\"potentialAction\":[{\"@type\":\"SearchAction\",\"target\":{\"@type\":\"EntryPoint\",\"urlTemplate\":\"https:\/\/behostels.com\/de\/?s={search_term_string}\"},\"query-input\":\"required name=search_term_string\"}],\"inLanguage\":\"de\"},{\"@type\":\"Organization\",\"@id\":\"https:\/\/behostels.com\/de\/#organization\",\"name\":\"Be Hostels\",\"url\":\"https:\/\/behostels.com\/de\/\",\"logo\":{\"@type\":\"ImageObject\",\"inLanguage\":\"de\",\"@id\":\"https:\/\/behostels.com\/de\/#\/schema\/logo\/image\/\",\"url\":\"https:\/\/behostels.com\/wp-content\/uploads\/2015\/06\/be_reservations_logo.jpg\",\"contentUrl\":\"https:\/\/behostels.com\/wp-content\/uploads\/2015\/06\/be_reservations_logo.jpg\",\"width\":130,\"height\":130,\"caption\":\"Be Hostels\"},\"image\":{\"@id\":\"https:\/\/behostels.com\/de\/#\/schema\/logo\/image\/\"}}]}<\/script>\n<!-- \/ Yoast SEO plugin. -->","yoast_head_json":{"title":"Ausstattung Be Ramblas Hotel","description":"Hier finden Sie alles was Sie brauchen bei Be Ramblas Hotel in Barcelona!","robots":{"index":"index","follow":"follow","max-snippet":"max-snippet:-1","max-image-preview":"max-image-preview:large","max-video-preview":"max-video-preview:-1"},"canonical":"https:\/\/behostels.com\/de\/ramblas\/ausstattung\/","og_locale":"de_DE","og_type":"article","og_title":"Ausstattung Be Ramblas Hotel","og_description":"Hier finden Sie alles was Sie brauchen bei Be Ramblas Hotel in Barcelona!","og_url":"https:\/\/behostels.com\/de\/ramblas\/ausstattung\/","og_site_name":"Be Hostels","article_modified_time":"2015-09-17T15:35:20+00:00","twitter_card":"summary_large_image","schema":{"@context":"https:\/\/schema.org","@graph":[{"@type":"WebPage","@id":"https:\/\/behostels.com\/de\/ramblas\/ausstattung\/","url":"https:\/\/behostels.com\/de\/ramblas\/ausstattung\/","name":"Ausstattung Be Ramblas Hotel","isPartOf":{"@id":"https:\/\/behostels.com\/de\/#website"},"datePublished":"2015-06-10T14:15:36+00:00","dateModified":"2015-09-17T15:35:20+00:00","description":"Hier finden Sie alles was Sie brauchen bei Be Ramblas Hotel in Barcelona!","breadcrumb":{"@id":"https:\/\/behostels.com\/de\/ramblas\/ausstattung\/#breadcrumb"},"inLanguage":"de","potentialAction":[{"@type":"ReadAction","target":["https:\/\/behostels.com\/de\/ramblas\/ausstattung\/"]}]},{"@type":"BreadcrumbList","@id":"https:\/\/behostels.com\/de\/ramblas\/ausstattung\/#breadcrumb","itemListElement":[{"@type":"ListItem","position":1,"name":"Home","item":"https:\/\/behostels.com\/de\/"},{"@type":"ListItem","position":2,"name":"Das Be Ramblas Hotel Barcelona ist ein g\u00fcnstiges Hotel mitten im Zentrum von Barcelona!","item":"https:\/\/behostels.com\/de\/ramblas\/"},{"@type":"ListItem","position":3,"name":"Barcelona Ramblas Hotel Ausstattung"}]},{"@type":"WebSite","@id":"https:\/\/behostels.com\/de\/#website","url":"https:\/\/behostels.com\/de\/","name":"Be Hostels","description":"","publisher":{"@id":"https:\/\/behostels.com\/de\/#organization"},"potentialAction":[{"@type":"SearchAction","target":{"@type":"EntryPoint","urlTemplate":"https:\/\/behostels.com\/de\/?s={search_term_string}"},"query-input":"required name=search_term_string"}],"inLanguage":"de"},{"@type":"Organization","@id":"https:\/\/behostels.com\/de\/#organization","name":"Be Hostels","url":"https:\/\/behostels.com\/de\/","logo":{"@type":"ImageObject","inLanguage":"de","@id":"https:\/\/behostels.com\/de\/#\/schema\/logo\/image\/","url":"https:\/\/behostels.com\/wp-content\/uploads\/2015\/06\/be_reservations_logo.jpg","contentUrl":"https:\/\/behostels.com\/wp-content\/uploads\/2015\/06\/be_reservations_logo.jpg","width":130,"height":130,"caption":"Be Hostels"},"image":{"@id":"https:\/\/behostels.com\/de\/#\/schema\/logo\/image\/"}}]}},"_links":{"self":[{"href":"https:\/\/behostels.com\/de\/wp-json\/wp\/v2\/pages\/307"}],"collection":[{"href":"https:\/\/behostels.com\/de\/wp-json\/wp\/v2\/pages"}],"about":[{"href":"https:\/\/behostels.com\/de\/wp-json\/wp\/v2\/types\/page"}],"author":[{"embeddable":true,"href":"https:\/\/behostels.com\/de\/wp-json\/wp\/v2\/users\/1"}],"replies":[{"embeddable":true,"href":"https:\/\/behostels.com\/de\/wp-json\/wp\/v2\/comments?post=307"}],"version-history":[{"count":0,"href":"https:\/\/behostels.com\/de\/wp-json\/wp\/v2\/pages\/307\/revisions"}],"up":[{"embeddable":true,"href":"https:\/\/behostels.com\/de\/wp-json\/wp\/v2\/pages\/260"}],"wp:attachment":[{"href":"https:\/\/behostels.com\/de\/wp-json\/wp\/v2\/media?parent=307"}],"curies":[{"name":"wp","href":"https:\/\/api.w.org\/{rel}","templated":true}]}}