{"id":292,"date":"2015-06-10T14:03:47","date_gmt":"2015-06-10T14:03:47","guid":{"rendered":"https:\/\/behostels.com\/?page_id=292"},"modified":"2015-11-09T14:48:59","modified_gmt":"2015-11-09T14:48:59","slug":"zimmer","status":"publish","type":"page","link":"https:\/\/behostels.com\/de\/ramblas\/zimmer\/","title":{"rendered":"Be Ramblas Hotel Zimmer"},"content":{"rendered":"\n\n<div id=\"wk-gridfb1\" class=\"uk-grid-width-1-1 uk-grid-width-medium-1-3 uk-grid uk-grid-match uk-grid-medium uk-text-center \" data-uk-grid-match=\"{target:'> div > .uk-panel', row:true}\" data-uk-grid-margin  data-uk-scrollspy=\"{cls:'uk-animation-fade uk-invisible', target:'> div > .uk-panel', delay:300}\">\n\n\n    <div>\n        <div class=\"uk-panel uk-invisible\">\n\n            \n            \n                        <div class=\"uk-text-center uk-panel-teaser\"><img loading=\"lazy\" decoding=\"async\" src=\"\/wp-content\/uploads\/2015\/11\/be-ramblas-hotel-barcelona-SingleRoom.jpg\" class=\"uk-border-circle uk-overlay-scale\" alt=\"Single Room\" width=\"600\" height=\"600\"><\/div>\n            \n            \n            \n            \n            \n                        <div class=\"uk-margin\"><a class=\"uk-button\" href=\"https:\/\/booking.behostels.com\/?day=13\/04\/2026&#038;nights=7&#038;hotel=ramblas\">Einzelzimmer<\/a><\/div>\n            \n            \n            \n            \n        <\/div>\n    <\/div>\n\n\n    <div>\n        <div class=\"uk-panel uk-invisible\">\n\n            \n            \n                        <div class=\"uk-text-center uk-panel-teaser\"><img loading=\"lazy\" decoding=\"async\" src=\"\/wp-content\/uploads\/2015\/11\/be-ramblas-hotel-barcena-DoubleandTwinRoom.jpg\" class=\"uk-border-circle uk-overlay-scale\" alt=\"Double and Twin Room\" width=\"600\" height=\"600\"><\/div>\n            \n            \n            \n            \n            \n                        <div class=\"uk-margin\"><a class=\"uk-button\" href=\"https:\/\/booking.behostels.com\/?day=13\/04\/2026&#038;nights=7&#038;hotel=ramblas\">Doppel-und Zwebettizimmer<\/a><\/div>\n            \n            \n            \n            \n        <\/div>\n    <\/div>\n\n\n    <div>\n        <div class=\"uk-panel uk-invisible\">\n\n            \n            \n                        <div class=\"uk-text-center uk-panel-teaser\"><img loading=\"lazy\" decoding=\"async\" src=\"\/wp-content\/uploads\/2015\/11\/be-ramblas-hotel-barcelona-TripleRoom.jpg\" class=\"uk-border-circle uk-overlay-scale\" alt=\"Triple Room\" width=\"600\" height=\"600\"><\/div>\n            \n            \n            \n            \n            \n                        <div class=\"uk-margin\"><a class=\"uk-button\" href=\"https:\/\/booking.behostels.com\/?day=13\/04\/2026&#038;nights=7&#038;hotel=ramblas\">Dreibettzimmer<\/a><\/div>\n            \n            \n            \n            \n        <\/div>\n    <\/div>\n\n\n<\/div>\n\n<script>\n(function($){\n\n    \/\/ get the images of the gallery and replace it by a canvas of the same size to fix the problem with overlapping images on load.\n    $('img[width][height]:not(.uk-overlay-panel)', $('#wk-gridfb1')).each(function() {\n\n        var $img = $(this);\n\n        if (this.width == 'auto' || this.height == 'auto' || !$img.is(':visible')) {\n            return;\n        }\n\n        var $canvas = $('<canvas class=\"uk-responsive-width\"><\/canvas>').attr({width:$img.attr('width'), height:$img.attr('height')}),\n            img = new Image,\n            release = function() {\n                $canvas.remove();\n                $img.css('display', '');\n                release = function(){};\n            };\n\n        $img.css('display', 'none').after($canvas);\n\n        $(img).on('load', function(){ release(); });\n        setTimeout(function(){ release(); }, 1000);\n\n        img.src = this.src;\n\n    });\n\n})(jQuery);\n<\/script>\n\r\n<br>\r\n<br>\r\n<div class=\"destacado\">\r\n<h2 class=\"fantasy\">Die Zimmer im <a href=\"http:\/\/www.behostels.com\/ramblas\" class=\"invisible\">Be Ramblas Hotel<\/a> \u00fcber die Sie verf\u00fcgen sind:<\/h2>\r\n<ul>\r\n\t<li>Doppel-und Zwebettizimmer mit Bad<\/li>\r\n\t<li>Doppel-und Zweibettzimmer ohne Bad<\/li>\r\n\t<li>Dreibettzimmer mit Bad mit<\/li>\r\n\t<li>Einzelzimmer ohne Bad<\/li>\r\n<\/ul>\r\n<\/div>\r\n&nbsp;\r\n<h2 class=\"fantasy\">Alle Zimmer verf\u00fcgen \u00fcber diese Ausstattung:<\/h2>\r\n<ul class=\"rooms\">\r\n\t<li>Kostenlose Bettw\u00e4sche und Handt\u00fccher<\/li>\r\n\t<li>Gratis Internet Wifi im Zimmer<\/li>\r\n\t<li>TV<\/li>\r\n\t<li>Sonnige Balkone<\/li>\r\n\t<li>Klimaanlage und Heizung mit automatischer Steuerung<\/li>\r\n\t<li>Die Badezimmer sind mit Duschen, Handt\u00fccher, Seife und Haartrockner best\u00fcckt.<\/li>\r\n<\/ul>","protected":false},"excerpt":{"rendered":"<p>Die Zimmer im Be Ramblas Hotel \u00fcber die Sie verf\u00fcgen sind: Doppel-und Zwebettizimmer mit Bad Doppel-und Zweibettzimmer ohne Bad Dreibettzimmer mit Bad mit Einzelzimmer ohne Bad &nbsp; Alle Zimmer verf\u00fcgen \u00fcber diese Ausstattung: Kostenlose Bettw\u00e4sche und Handt\u00fccher Gratis Internet Wifi im Zimmer TV Sonnige Balkone Klimaanlage und Heizung mit automatischer Steuerung Die Badezimmer sind mit [&hellip;]<\/p>\n","protected":false},"author":1,"featured_media":0,"parent":260,"menu_order":0,"comment_status":"closed","ping_status":"closed","template":"","meta":{"footnotes":""},"yoast_head":"<!-- This site is optimized with the Yoast SEO plugin v22.7 - https:\/\/yoast.com\/wordpress\/plugins\/seo\/ -->\n<title>Zimmer Be Ramblas Hotel im Barcelona Zentrum<\/title>\n<meta name=\"description\" content=\"Schauen Sie sich unsere sch\u00f6ne und gem\u00fctliche Zimmer in Be Ramblas Hostel in Barcelona.\" \/>\n<meta name=\"robots\" content=\"index, follow, max-snippet:-1, max-image-preview:large, max-video-preview:-1\" \/>\n<link rel=\"canonical\" href=\"https:\/\/behostels.com\/de\/ramblas\/zimmer\/\" \/>\n<meta property=\"og:locale\" content=\"de_DE\" \/>\n<meta property=\"og:type\" content=\"article\" \/>\n<meta property=\"og:title\" content=\"Zimmer Be Ramblas Hotel im Barcelona Zentrum\" \/>\n<meta property=\"og:description\" content=\"Schauen Sie sich unsere sch\u00f6ne und gem\u00fctliche Zimmer in Be Ramblas Hostel in Barcelona.\" \/>\n<meta property=\"og:url\" content=\"https:\/\/behostels.com\/de\/ramblas\/zimmer\/\" \/>\n<meta property=\"og:site_name\" content=\"Be Hostels\" \/>\n<meta property=\"article:modified_time\" content=\"2015-11-09T14:48:59+00:00\" \/>\n<meta name=\"twitter:card\" content=\"summary_large_image\" \/>\n<script type=\"application\/ld+json\" class=\"yoast-schema-graph\">{\"@context\":\"https:\/\/schema.org\",\"@graph\":[{\"@type\":\"WebPage\",\"@id\":\"https:\/\/behostels.com\/de\/ramblas\/zimmer\/\",\"url\":\"https:\/\/behostels.com\/de\/ramblas\/zimmer\/\",\"name\":\"Zimmer Be Ramblas Hotel im Barcelona Zentrum\",\"isPartOf\":{\"@id\":\"https:\/\/behostels.com\/de\/#website\"},\"datePublished\":\"2015-06-10T14:03:47+00:00\",\"dateModified\":\"2015-11-09T14:48:59+00:00\",\"description\":\"Schauen Sie sich unsere sch\u00f6ne und gem\u00fctliche Zimmer in Be Ramblas Hostel in Barcelona.\",\"breadcrumb\":{\"@id\":\"https:\/\/behostels.com\/de\/ramblas\/zimmer\/#breadcrumb\"},\"inLanguage\":\"de\",\"potentialAction\":[{\"@type\":\"ReadAction\",\"target\":[\"https:\/\/behostels.com\/de\/ramblas\/zimmer\/\"]}]},{\"@type\":\"BreadcrumbList\",\"@id\":\"https:\/\/behostels.com\/de\/ramblas\/zimmer\/#breadcrumb\",\"itemListElement\":[{\"@type\":\"ListItem\",\"position\":1,\"name\":\"Home\",\"item\":\"https:\/\/behostels.com\/de\/\"},{\"@type\":\"ListItem\",\"position\":2,\"name\":\"Das Be Ramblas Hotel Barcelona ist ein g\u00fcnstiges Hotel mitten im Zentrum von Barcelona!\",\"item\":\"https:\/\/behostels.com\/de\/ramblas\/\"},{\"@type\":\"ListItem\",\"position\":3,\"name\":\"Be Ramblas Hotel Zimmer\"}]},{\"@type\":\"WebSite\",\"@id\":\"https:\/\/behostels.com\/de\/#website\",\"url\":\"https:\/\/behostels.com\/de\/\",\"name\":\"Be Hostels\",\"description\":\"\",\"publisher\":{\"@id\":\"https:\/\/behostels.com\/de\/#organization\"},\"potentialAction\":[{\"@type\":\"SearchAction\",\"target\":{\"@type\":\"EntryPoint\",\"urlTemplate\":\"https:\/\/behostels.com\/de\/?s={search_term_string}\"},\"query-input\":\"required name=search_term_string\"}],\"inLanguage\":\"de\"},{\"@type\":\"Organization\",\"@id\":\"https:\/\/behostels.com\/de\/#organization\",\"name\":\"Be Hostels\",\"url\":\"https:\/\/behostels.com\/de\/\",\"logo\":{\"@type\":\"ImageObject\",\"inLanguage\":\"de\",\"@id\":\"https:\/\/behostels.com\/de\/#\/schema\/logo\/image\/\",\"url\":\"https:\/\/behostels.com\/wp-content\/uploads\/2015\/06\/be_reservations_logo.jpg\",\"contentUrl\":\"https:\/\/behostels.com\/wp-content\/uploads\/2015\/06\/be_reservations_logo.jpg\",\"width\":130,\"height\":130,\"caption\":\"Be Hostels\"},\"image\":{\"@id\":\"https:\/\/behostels.com\/de\/#\/schema\/logo\/image\/\"}}]}<\/script>\n<!-- \/ Yoast SEO plugin. -->","yoast_head_json":{"title":"Zimmer Be Ramblas Hotel im Barcelona Zentrum","description":"Schauen Sie sich unsere sch\u00f6ne und gem\u00fctliche Zimmer in Be Ramblas Hostel in Barcelona.","robots":{"index":"index","follow":"follow","max-snippet":"max-snippet:-1","max-image-preview":"max-image-preview:large","max-video-preview":"max-video-preview:-1"},"canonical":"https:\/\/behostels.com\/de\/ramblas\/zimmer\/","og_locale":"de_DE","og_type":"article","og_title":"Zimmer Be Ramblas Hotel im Barcelona Zentrum","og_description":"Schauen Sie sich unsere sch\u00f6ne und gem\u00fctliche Zimmer in Be Ramblas Hostel in Barcelona.","og_url":"https:\/\/behostels.com\/de\/ramblas\/zimmer\/","og_site_name":"Be Hostels","article_modified_time":"2015-11-09T14:48:59+00:00","twitter_card":"summary_large_image","schema":{"@context":"https:\/\/schema.org","@graph":[{"@type":"WebPage","@id":"https:\/\/behostels.com\/de\/ramblas\/zimmer\/","url":"https:\/\/behostels.com\/de\/ramblas\/zimmer\/","name":"Zimmer Be Ramblas Hotel im Barcelona Zentrum","isPartOf":{"@id":"https:\/\/behostels.com\/de\/#website"},"datePublished":"2015-06-10T14:03:47+00:00","dateModified":"2015-11-09T14:48:59+00:00","description":"Schauen Sie sich unsere sch\u00f6ne und gem\u00fctliche Zimmer in Be Ramblas Hostel in Barcelona.","breadcrumb":{"@id":"https:\/\/behostels.com\/de\/ramblas\/zimmer\/#breadcrumb"},"inLanguage":"de","potentialAction":[{"@type":"ReadAction","target":["https:\/\/behostels.com\/de\/ramblas\/zimmer\/"]}]},{"@type":"BreadcrumbList","@id":"https:\/\/behostels.com\/de\/ramblas\/zimmer\/#breadcrumb","itemListElement":[{"@type":"ListItem","position":1,"name":"Home","item":"https:\/\/behostels.com\/de\/"},{"@type":"ListItem","position":2,"name":"Das Be Ramblas Hotel Barcelona ist ein g\u00fcnstiges Hotel mitten im Zentrum von Barcelona!","item":"https:\/\/behostels.com\/de\/ramblas\/"},{"@type":"ListItem","position":3,"name":"Be Ramblas Hotel Zimmer"}]},{"@type":"WebSite","@id":"https:\/\/behostels.com\/de\/#website","url":"https:\/\/behostels.com\/de\/","name":"Be Hostels","description":"","publisher":{"@id":"https:\/\/behostels.com\/de\/#organization"},"potentialAction":[{"@type":"SearchAction","target":{"@type":"EntryPoint","urlTemplate":"https:\/\/behostels.com\/de\/?s={search_term_string}"},"query-input":"required name=search_term_string"}],"inLanguage":"de"},{"@type":"Organization","@id":"https:\/\/behostels.com\/de\/#organization","name":"Be Hostels","url":"https:\/\/behostels.com\/de\/","logo":{"@type":"ImageObject","inLanguage":"de","@id":"https:\/\/behostels.com\/de\/#\/schema\/logo\/image\/","url":"https:\/\/behostels.com\/wp-content\/uploads\/2015\/06\/be_reservations_logo.jpg","contentUrl":"https:\/\/behostels.com\/wp-content\/uploads\/2015\/06\/be_reservations_logo.jpg","width":130,"height":130,"caption":"Be Hostels"},"image":{"@id":"https:\/\/behostels.com\/de\/#\/schema\/logo\/image\/"}}]}},"_links":{"self":[{"href":"https:\/\/behostels.com\/de\/wp-json\/wp\/v2\/pages\/292"}],"collection":[{"href":"https:\/\/behostels.com\/de\/wp-json\/wp\/v2\/pages"}],"about":[{"href":"https:\/\/behostels.com\/de\/wp-json\/wp\/v2\/types\/page"}],"author":[{"embeddable":true,"href":"https:\/\/behostels.com\/de\/wp-json\/wp\/v2\/users\/1"}],"replies":[{"embeddable":true,"href":"https:\/\/behostels.com\/de\/wp-json\/wp\/v2\/comments?post=292"}],"version-history":[{"count":0,"href":"https:\/\/behostels.com\/de\/wp-json\/wp\/v2\/pages\/292\/revisions"}],"up":[{"embeddable":true,"href":"https:\/\/behostels.com\/de\/wp-json\/wp\/v2\/pages\/260"}],"wp:attachment":[{"href":"https:\/\/behostels.com\/de\/wp-json\/wp\/v2\/media?parent=292"}],"curies":[{"name":"wp","href":"https:\/\/api.w.org\/{rel}","templated":true}]}}