{"id":29,"date":"2015-06-08T15:05:14","date_gmt":"2015-06-08T15:05:14","guid":{"rendered":"https:\/\/behostels.com\/?page_id=29"},"modified":"2015-06-08T15:06:21","modified_gmt":"2015-06-08T15:06:21","slug":"be-hostels-reservierungen","status":"publish","type":"page","link":"https:\/\/behostels.com\/de\/be-hostels-reservierungen\/","title":{"rendered":"Be Hostels Reservierungen"},"content":{"rendered":"Wenn Sie eine Reservierung bei uns machen wollen, benutzen Be Hostels <a title=\"Go Booking Engine Be Hostels\" href=\"https:\/\/booking.behostels.com\" target=\"_blank\"><strong><span style=\"color: #3366ff;\">Booking Engine<\/span><\/strong><\/a>\r\n<br\/>\r\n<h2>Hostels Bedingungen<\/h2>\r\n<p><\/p>\r\n<h3>Zahlungsbedingungen:<\/h3>\r\nDie Kreditkarte dient nur als Buchungsgarantie und wird nicht belastet. Der Gesamtwert der Reservierung ist bei Ankunft zu bezahlen.\r\n\r\n<strong>F\u00fcr Reservierungen aus Richtung 1. November 2012 m\u00fcssen Sie eine Kurtaxe zahlen. Diese Kurtaxe ist nicht im \u00dcbernachtungspreis enthalten. F\u00fcr Mar Hostel Be, Sound Hostel Be und Be Ramblas Hotel, ist die Steuer 0,75 \u20ac pro Person pro Nacht f\u00fcr die ersten 7 N\u00e4chte. Und es wird bei der Ankunft bezahlt werden. F\u00fcr Dream Hostel Seien die Steuer 0,50 \u20ac pro Person pro Nacht f\u00fcr die ersten 7 N\u00e4chte. Und es wird bei der Ankunft bezahlt werden.<\/strong>\r\n\r\nBei Stornierungen au\u00dferhalb unserer Stornierungsfristen, oder im Fall eines Nicht-Erscheinens (No-show) am Tag der geplanten Ankunft, wird die Karte mit dem Betrag der ersten Nacht des reservierten Aufenthaltes belastet.\r\n\r\nFalls die Daten der zur Verf\u00fcgung gestellten Kreditkarte falsch sind und ein Fehler im Reservierungssystem auftritt, wird die Reservierung als ung\u00fcltig erkl\u00e4rt und daher automatisch und ohne Benachrichtigung storniert.\r\n\r\n&nbsp;\r\n<h3>Stornierungsbedingungen<\/h3>\r\n\r\nStornierungen haben per E-Mail zu erfolgen und werden somit nicht telefonisch entgegengenommen.\r\n\r\nBuchungen k\u00f6nnen ohne Stornierungsgeb\u00fchr bis zu einem Tag (24 Std.)vor der Ankunft (bis 12:00 Uhr mittags) storniert werden. Demzufolge wird die bei der Buchung angegebene Kreditkarte nicht belastet.\r\n\r\nBei Stornierungen welche nach 12:00 Uhr mittags erfolgen, wird die erste Nacht auf der Kreditkarte berechnet.\r\n\r\nIm Falle eines Nicht-Erscheinens (No-show) am Tag der geplanten Ankunft, wird die Reservierung auf der Kreditkarte belastet.\r\n\r\nBei Nachfragen zu Buchungen, welche \u00fcber andere Webseiten gemacht wurden, bitten wir dich, diese direkt zu kontaktieren.\r\n\r\n&nbsp;\r\n<h3>\u00c4nderung und Stornierungsbedingungen:<\/h3>\r\n\r\n\u00c4nderungen einer Reservierung k\u00f6nnen nur per E-Mail angenommen werden und nicht per Telefon. Wenn n\u00f6tig werden die angegebenen Stornierungsbedingungen angewendet.\r\n\r\nJede Diskrepanz zwischen den reservierten und empfangenen Leistungen m\u00fcssen direkt w\u00e4hrend deines Aufenthaltes an der Hotelrezeption angesprochen werden.\r\n\r\nIm Falle einer R\u00fcckerstattung werden die \u00dcberweisungsgeb\u00fchren vom Kunden getragen.\r\n\r\n&nbsp;\r\n<h3>Hostel Information:<\/h3>\r\n\r\n\r\nFr\u00fchst\u00fcck, Internet, Decken und Stadtkarten sind im Preis inbegriffen.\r\n\r\nHandt\u00fccher und Bettw\u00e4sche k\u00f6nnen an der Rezeption f\u00fcr 2,50\u20ac pro Aufenthalt geliehen werden.\r\n\r\nCheck-out Zeit ist bis 11:00 Uhr morgens. Im Falle eines Check-outs nach 12:00 Uhr mittags, wird eine zus\u00e4tzliche Nacht in Rechnung gestellt.\r\n\r\nEin Check-out nach 12:00 Uhr mittags, welcher nicht an der Rezeption gemeldet wurde, berechtigt den Angestellten der Jugendherberge die pers\u00f6nlichen Sachen des Gastes aus dem Zimmer zu entfernen.\r\n\r\n\r\n\r\nBeim Check-in muss der Gast einen Personalausweis, F\u00fchrerschein oder Reisepass vorzeigen und den vollen Betrag des Aufenthaltes bezahlen.\r\n\r\nBeim Check-out muss die Schl\u00fcsselkarte und die Bettw\u00e4sche zur\u00fcckgegeben werden.\r\n\r\nG\u00e4ste, welche vor dem eigentlichen Abreisetag das Hostel verlassen m\u00f6chten, sollten uns mindestens 24 Std. vorher daraufhin weisen, anderw\u00e4rtig werden die angegebenen Stornierungsbedingungen geltend gemacht.\r\n\r\nDas Hotel beh\u00e4lt sich das Recht vor, den G\u00e4sten nach eigenem Ermessen die Zulassung zu verweigern oder deren Aufenthalt zu beenden.\r\n\r\n\r\nAlle Kunden m\u00fcssen sich gegen\u00fcber anderen G\u00e4sten oder Mitarbeitern der Herberge mit Respekt verhalten und sind f\u00fcr ihre Handlungen w\u00e4hrend des Aufenthaltes in unseren Einrichtungen verantwortlich.\r\n\r\nBeim \u00c4u\u00dfern unrichtiger Angaben w\u00e4hrend einer Buchung gilt diese als nicht best\u00e4tigt.\r\n\r\n&nbsp;\r\n<h3>Bedingungen f\u00fcr die Verwendung des Be Hostels Online Buchungssystems:<\/h3>\r\nAlle Benutzer m\u00fcssen vollj\u00e4hrig sein (18 Jahre) und Rechts-und Gesch\u00e4ftsf\u00e4higkeit besitzen, um die Dienste, welche auf dieser Website angeboten werden, beantragen zu k\u00f6nnen.\r\n\r\nEure pers\u00f6nlichen Angaben m\u00fcssen legitim sein und werden nach dem Gesetz behandelt.\r\n\r\nPreise und Stornierungsbedingungen sind jene, welche auf dieser Website angegeben sind.\r\n\r\nSpezielle Angebote sind f\u00fcr die, auf dieser Webseite angegebenen Zeitr\u00e4ume g\u00fcltig.\r\n\r\nIm Falle von Computer-oder Druckfehlern in Preisen, werden wir diese entsprechend korrigieren und daraus schlie\u00dfende Korrekturma\u00dfnahmen vornehmen, vorausgesetzt, der Fehler wurde vor dem gebuchten Dienstleistungsdatum entdeckt und konnte bearbeitet werden.\r\n\r\nDie Mehrwertsteuer (MwSt.) ist im Preis der \u00dcbernachtung enthalten.\r\n\r\n&nbsp;","protected":false},"excerpt":{"rendered":"<p>Wenn Sie eine Reservierung bei uns machen wollen, benutzen Be Hostels Booking Engine Hostels Bedingungen Zahlungsbedingungen: Die Kreditkarte dient nur als Buchungsgarantie und wird nicht belastet. Der Gesamtwert der Reservierung ist bei Ankunft zu bezahlen. F\u00fcr Reservierungen aus Richtung 1. November 2012 m\u00fcssen Sie eine Kurtaxe zahlen. Diese Kurtaxe ist nicht im \u00dcbernachtungspreis enthalten. F\u00fcr [&hellip;]<\/p>\n","protected":false},"author":1,"featured_media":0,"parent":0,"menu_order":0,"comment_status":"closed","ping_status":"open","template":"","meta":{"footnotes":""},"yoast_head":"<!-- This site is optimized with the Yoast SEO plugin v22.7 - https:\/\/yoast.com\/wordpress\/plugins\/seo\/ -->\n<title>Be Hostels Barcelona: Reservierungen<\/title>\n<meta name=\"description\" content=\"Reservierungs-und Stornobedingungen bei Be Hostels\" \/>\n<meta name=\"robots\" content=\"index, follow, max-snippet:-1, max-image-preview:large, max-video-preview:-1\" \/>\n<link rel=\"canonical\" href=\"https:\/\/behostels.com\/de\/be-hostels-reservierungen\/\" \/>\n<meta property=\"og:locale\" content=\"de_DE\" \/>\n<meta property=\"og:type\" content=\"article\" \/>\n<meta property=\"og:title\" content=\"Be Hostels Barcelona: Reservierungen\" \/>\n<meta property=\"og:description\" content=\"Reservierungs-und Stornobedingungen bei Be Hostels\" \/>\n<meta property=\"og:url\" content=\"https:\/\/behostels.com\/de\/be-hostels-reservierungen\/\" \/>\n<meta property=\"og:site_name\" content=\"Be Hostels\" \/>\n<meta property=\"article:modified_time\" content=\"2015-06-08T15:06:21+00:00\" \/>\n<meta name=\"twitter:card\" content=\"summary_large_image\" \/>\n<meta name=\"twitter:label1\" content=\"Gesch\u00e4tzte Lesezeit\" \/>\n\t<meta name=\"twitter:data1\" content=\"3\u00a0Minuten\" \/>\n<script type=\"application\/ld+json\" class=\"yoast-schema-graph\">{\"@context\":\"https:\/\/schema.org\",\"@graph\":[{\"@type\":\"WebPage\",\"@id\":\"https:\/\/behostels.com\/de\/be-hostels-reservierungen\/\",\"url\":\"https:\/\/behostels.com\/de\/be-hostels-reservierungen\/\",\"name\":\"Be Hostels Barcelona: Reservierungen\",\"isPartOf\":{\"@id\":\"https:\/\/behostels.com\/de\/#website\"},\"datePublished\":\"2015-06-08T15:05:14+00:00\",\"dateModified\":\"2015-06-08T15:06:21+00:00\",\"description\":\"Reservierungs-und Stornobedingungen bei Be Hostels\",\"breadcrumb\":{\"@id\":\"https:\/\/behostels.com\/de\/be-hostels-reservierungen\/#breadcrumb\"},\"inLanguage\":\"de\",\"potentialAction\":[{\"@type\":\"ReadAction\",\"target\":[\"https:\/\/behostels.com\/de\/be-hostels-reservierungen\/\"]}]},{\"@type\":\"BreadcrumbList\",\"@id\":\"https:\/\/behostels.com\/de\/be-hostels-reservierungen\/#breadcrumb\",\"itemListElement\":[{\"@type\":\"ListItem\",\"position\":1,\"name\":\"Home\",\"item\":\"https:\/\/behostels.com\/de\/\"},{\"@type\":\"ListItem\",\"position\":2,\"name\":\"Be Hostels Reservierungen\"}]},{\"@type\":\"WebSite\",\"@id\":\"https:\/\/behostels.com\/de\/#website\",\"url\":\"https:\/\/behostels.com\/de\/\",\"name\":\"Be Hostels\",\"description\":\"\",\"publisher\":{\"@id\":\"https:\/\/behostels.com\/de\/#organization\"},\"potentialAction\":[{\"@type\":\"SearchAction\",\"target\":{\"@type\":\"EntryPoint\",\"urlTemplate\":\"https:\/\/behostels.com\/de\/?s={search_term_string}\"},\"query-input\":\"required name=search_term_string\"}],\"inLanguage\":\"de\"},{\"@type\":\"Organization\",\"@id\":\"https:\/\/behostels.com\/de\/#organization\",\"name\":\"Be Hostels\",\"url\":\"https:\/\/behostels.com\/de\/\",\"logo\":{\"@type\":\"ImageObject\",\"inLanguage\":\"de\",\"@id\":\"https:\/\/behostels.com\/de\/#\/schema\/logo\/image\/\",\"url\":\"https:\/\/behostels.com\/wp-content\/uploads\/2015\/06\/be_reservations_logo.jpg\",\"contentUrl\":\"https:\/\/behostels.com\/wp-content\/uploads\/2015\/06\/be_reservations_logo.jpg\",\"width\":130,\"height\":130,\"caption\":\"Be Hostels\"},\"image\":{\"@id\":\"https:\/\/behostels.com\/de\/#\/schema\/logo\/image\/\"}}]}<\/script>\n<!-- \/ Yoast SEO plugin. -->","yoast_head_json":{"title":"Be Hostels Barcelona: Reservierungen","description":"Reservierungs-und Stornobedingungen bei Be Hostels","robots":{"index":"index","follow":"follow","max-snippet":"max-snippet:-1","max-image-preview":"max-image-preview:large","max-video-preview":"max-video-preview:-1"},"canonical":"https:\/\/behostels.com\/de\/be-hostels-reservierungen\/","og_locale":"de_DE","og_type":"article","og_title":"Be Hostels Barcelona: Reservierungen","og_description":"Reservierungs-und Stornobedingungen bei Be Hostels","og_url":"https:\/\/behostels.com\/de\/be-hostels-reservierungen\/","og_site_name":"Be Hostels","article_modified_time":"2015-06-08T15:06:21+00:00","twitter_card":"summary_large_image","twitter_misc":{"Gesch\u00e4tzte Lesezeit":"3\u00a0Minuten"},"schema":{"@context":"https:\/\/schema.org","@graph":[{"@type":"WebPage","@id":"https:\/\/behostels.com\/de\/be-hostels-reservierungen\/","url":"https:\/\/behostels.com\/de\/be-hostels-reservierungen\/","name":"Be Hostels Barcelona: Reservierungen","isPartOf":{"@id":"https:\/\/behostels.com\/de\/#website"},"datePublished":"2015-06-08T15:05:14+00:00","dateModified":"2015-06-08T15:06:21+00:00","description":"Reservierungs-und Stornobedingungen bei Be Hostels","breadcrumb":{"@id":"https:\/\/behostels.com\/de\/be-hostels-reservierungen\/#breadcrumb"},"inLanguage":"de","potentialAction":[{"@type":"ReadAction","target":["https:\/\/behostels.com\/de\/be-hostels-reservierungen\/"]}]},{"@type":"BreadcrumbList","@id":"https:\/\/behostels.com\/de\/be-hostels-reservierungen\/#breadcrumb","itemListElement":[{"@type":"ListItem","position":1,"name":"Home","item":"https:\/\/behostels.com\/de\/"},{"@type":"ListItem","position":2,"name":"Be Hostels Reservierungen"}]},{"@type":"WebSite","@id":"https:\/\/behostels.com\/de\/#website","url":"https:\/\/behostels.com\/de\/","name":"Be Hostels","description":"","publisher":{"@id":"https:\/\/behostels.com\/de\/#organization"},"potentialAction":[{"@type":"SearchAction","target":{"@type":"EntryPoint","urlTemplate":"https:\/\/behostels.com\/de\/?s={search_term_string}"},"query-input":"required name=search_term_string"}],"inLanguage":"de"},{"@type":"Organization","@id":"https:\/\/behostels.com\/de\/#organization","name":"Be Hostels","url":"https:\/\/behostels.com\/de\/","logo":{"@type":"ImageObject","inLanguage":"de","@id":"https:\/\/behostels.com\/de\/#\/schema\/logo\/image\/","url":"https:\/\/behostels.com\/wp-content\/uploads\/2015\/06\/be_reservations_logo.jpg","contentUrl":"https:\/\/behostels.com\/wp-content\/uploads\/2015\/06\/be_reservations_logo.jpg","width":130,"height":130,"caption":"Be Hostels"},"image":{"@id":"https:\/\/behostels.com\/de\/#\/schema\/logo\/image\/"}}]}},"_links":{"self":[{"href":"https:\/\/behostels.com\/de\/wp-json\/wp\/v2\/pages\/29"}],"collection":[{"href":"https:\/\/behostels.com\/de\/wp-json\/wp\/v2\/pages"}],"about":[{"href":"https:\/\/behostels.com\/de\/wp-json\/wp\/v2\/types\/page"}],"author":[{"embeddable":true,"href":"https:\/\/behostels.com\/de\/wp-json\/wp\/v2\/users\/1"}],"replies":[{"embeddable":true,"href":"https:\/\/behostels.com\/de\/wp-json\/wp\/v2\/comments?post=29"}],"version-history":[{"count":0,"href":"https:\/\/behostels.com\/de\/wp-json\/wp\/v2\/pages\/29\/revisions"}],"wp:attachment":[{"href":"https:\/\/behostels.com\/de\/wp-json\/wp\/v2\/media?parent=29"}],"curies":[{"name":"wp","href":"https:\/\/api.w.org\/{rel}","templated":true}]}}