{"id":260,"date":"2015-06-10T13:24:14","date_gmt":"2015-06-10T13:24:14","guid":{"rendered":"https:\/\/behostels.com\/?page_id=260"},"modified":"2016-05-04T10:44:22","modified_gmt":"2016-05-04T10:44:22","slug":"ramblas","status":"publish","type":"page","link":"https:\/\/behostels.com\/de\/ramblas\/","title":{"rendered":"Das Be Ramblas Hotel Barcelona ist ein g\u00fcnstiges Hotel mitten im Zentrum von Barcelona!"},"content":{"rendered":"<h2><strong>Es ist direkt im Stadtzentrum gelegen und die beste Wahl f\u00fcr ein Budget-Hotel; das erste Hostel\/Hotel unserer Be Hostels Familie freut sich darauf euch willkommen zu hei\u00dfen<\/strong>.<\/h2>\r\n\n\n<div id=\"wk-gridc62\" class=\"uk-grid-width-1-1 uk-grid-width-medium-1-3 uk-grid uk-grid-match uk-grid-medium uk-text-center \" data-uk-grid-match=\"{target:'> div > .uk-panel', row:true}\" data-uk-grid-margin  data-uk-scrollspy=\"{cls:'uk-animation-fade uk-invisible', target:'> div > .uk-panel', delay:300}\">\n\n\n    <div>\n        <div class=\"uk-panel uk-invisible\">\n\n            \n            \n                        <div class=\"uk-text-center uk-panel-teaser\"><div class=\"uk-overlay uk-overlay-hover uk-border-circle\"><img loading=\"lazy\" decoding=\"async\" src=\"\/wp-content\/uploads\/2015\/07\/be-ramblas-hostel-best-location.jpg\" class=\"uk-border-circle uk-overlay-scale\" alt=\"Beste Lage\" width=\"600\" height=\"600\"><div class=\"uk-overlay-panel uk-overlay-background uk-overlay-icon uk-overlay-fade\"><\/div><a class=\"uk-position-cover\" href=\"http:\/\/behostels.com\/de\/ramblas\/lage\/\" title=\"Beste Lage\"><\/a><\/div><\/div>\n            \n            \n            \n            \n            \n                        <div class=\"uk-margin\">Beste Lage<\/div>\n            \n            \n            \n            \n        <\/div>\n    <\/div>\n\n\n    <div>\n        <div class=\"uk-panel uk-invisible\">\n\n            \n            \n                        <div class=\"uk-text-center uk-panel-teaser\"><div class=\"uk-overlay uk-overlay-hover uk-border-circle\"><img loading=\"lazy\" decoding=\"async\" src=\"\/wp-content\/uploads\/2015\/07\/be-ramblas-hostel-best-location-kitchen.jpg\" class=\"uk-border-circle uk-overlay-scale\" alt=\"K\u00fcche zur Verf\u00fcgung\" width=\"600\" height=\"600\"><div class=\"uk-overlay-panel uk-overlay-background uk-overlay-icon uk-overlay-fade\"><\/div><a class=\"uk-position-cover\" href=\"http:\/\/behostels.com\/de\/ramblas\/ausstattung\/\" title=\"K\u00fcche zur Verf\u00fcgung\"><\/a><\/div><\/div>\n            \n            \n            \n            \n            \n                        <div class=\"uk-margin\">K\u00fcche zur Verf\u00fcgung<\/div>\n            \n            \n            \n            \n        <\/div>\n    <\/div>\n\n\n    <div>\n        <div class=\"uk-panel uk-invisible\">\n\n            \n            \n                        <div class=\"uk-text-center uk-panel-teaser\"><div class=\"uk-overlay uk-overlay-hover uk-border-circle\"><img loading=\"lazy\" decoding=\"async\" src=\"\/wp-content\/uploads\/2015\/07\/be-ramblas-hostel-best-location-single-double-room.jpg\" class=\"uk-border-circle uk-overlay-scale\" alt=\"Einzel-, Doppel- und Privatzimmer\" width=\"600\" height=\"600\"><div class=\"uk-overlay-panel uk-overlay-background uk-overlay-icon uk-overlay-fade\"><\/div><a class=\"uk-position-cover\" href=\"http:\/\/behostels.com\/de\/ramblas\/zimmer\/\" title=\"Einzel-, Doppel- und Privatzimmer\"><\/a><\/div><\/div>\n            \n            \n            \n            \n            \n                        <div class=\"uk-margin\">Einzel-, Doppel- und Privatzimmer<\/div>\n            \n            \n            \n            \n        <\/div>\n    <\/div>\n\n\n<\/div>\n\n<script>\n(function($){\n\n    \/\/ get the images of the gallery and replace it by a canvas of the same size to fix the problem with overlapping images on load.\n    $('img[width][height]:not(.uk-overlay-panel)', $('#wk-gridc62')).each(function() {\n\n        var $img = $(this);\n\n        if (this.width == 'auto' || this.height == 'auto' || !$img.is(':visible')) {\n            return;\n        }\n\n        var $canvas = $('<canvas class=\"uk-responsive-width\"><\/canvas>').attr({width:$img.attr('width'), height:$img.attr('height')}),\n            img = new Image,\n            release = function() {\n                $canvas.remove();\n                $img.css('display', '');\n                release = function(){};\n            };\n\n        $img.css('display', 'none').after($canvas);\n\n        $(img).on('load', function(){ release(); });\n        setTimeout(function(){ release(); }, 1000);\n\n        img.src = this.src;\n\n    });\n\n})(jQuery);\n<\/script>\n\r\n\r\nDas Be Ramblas Hotel ist f\u00fcr alle Arten von Reisenden passend und bietet eine breite Palette an Zimmern, um eurer Nachfrage gerecht zu werden.\r\n\r\nWir haben eine g\u00fcnstige Lage, direkt um die Ecke vom <strong>Liceu Theater<\/strong>, <strong>Las Ramblas<\/strong> und dem sch\u00f6nen <strong>Plaza Real<\/strong>. Falls ihr Lust habt k\u00f6nnt ihr uns auf eine kostenlose Stadtf\u00fchrung begleiten und somit ein bisschen die Stadt und die n\u00e4here Umgebung kennenlernen.\r\n\r\nWir hoffen euch mit unseren verschiedenen Angeboten und Serviceleistungen zur Seite zu stehen und somit euren Aufenthalt zu erleichtern: G\u00e4stek\u00fcche, Wi-Fi im Zimmer, und alle Arten von Touren und Aktivit\u00e4ten.\r\n\r\nGenie\u00dft euren Aufenthalt in unserem g\u00fcnstigen<a title=\"Be Ramblas Hotel\" href=\"http:\/\/www.behostels.com\/ramblas\"><strong> Be Ramblas Hotel<\/strong><\/a> <strong>Barcelona<\/strong>, direkt im Zentrum von Barcelona.\r\n<h3 class=\"fantasy\"><a class=\"invisible\" href=\"http:\/\/www.behostels.com\/ramblas\">Das Be Ramblas Hotel<\/a> befindet sich:<\/h3>\r\n<ul>\r\n \t<li>1 Minute von der La Rambla<\/li>\r\n \t<li>1 Minute vom Palau G\u00fcell (Gaudi-Geb\u00e4ude)<\/li>\r\n \t<li>5 Minuten von der Metrostation Liceu<\/li>\r\n \t<li>5 Minuten vom Hafen<\/li>\r\n \t<li>5 Minuten von La Boqueria (Obst-und Gem\u00fcsemarkt)<\/li>\r\n \t<li>5 Minuten vom Theater Liceu<\/li>\r\n \t<li>3 Minuten von der Plaza Real<\/li>\r\n \t<li>15 Minuten von der Plaza Catalu\u00f1a<\/li>\r\n \t<li>10 Minuten vom Zeitgen\u00f6ssischen Kunstmuseum (MACBA)<\/li>\r\n \t<li>Im historischen Viertels von Barcelona<\/li>\r\n \t<li>Im Einkaufs-und Kulturzentrum Barcelona\u2019s<\/li>\r\n<\/ul>\r\n<h2 class=\"fantasy\">Alle gro\u00dfen und kostenlosen Aktivit\u00e4ten, die du in <a class=\"invisible\" href=\"http:\/\/www.behostels.com\/ramblas\">Be Ramblas Hotel<\/a>, um dir Aufenthalt in Barcelona genie\u00dfen kannst! Gleich nach dem einchecken im unsere G\u00e4ste verf\u00fcgen \u00fcber:<\/h2>\r\n<div class=\"uk-grid\">\r\n<div class=\"uk-width-large-1-2 uk-width-medium-1-2 uk-width-small-1-1\">\r\n<ul>\r\n \t<li>Spaziergang kostenlos<\/li>\r\n \t<li>Internet kostenlos and den computer<\/li>\r\n \t<li>Wifi kostenlos<\/li>\r\n \t<li>Stadtplan kostenlos<\/li>\r\n \t<li>K\u00fcche f\u00fcr Reisende verf\u00fcgbar<\/li>\r\n \t<li>24-Stunden Rezeption<\/li>\r\n \t<li>Sch\u00f6ner Aufenthaltsraum<\/li>\r\n<\/ul>\r\n<\/div>\r\n<div class=\"uk-width-large-1-2 uk-width-medium-1-2 uk-width-small-1-1\">\r\n<ul>\r\n \t<li>Klimaanlage und Heizung<\/li>\r\n \t<li>Aktivit\u00e4ten jeden Tag organisiert<\/li>\r\n \t<li>Tapas und Flamenco, kulturelle Ausfl\u00fcge,Kneipentouren, etc<\/li>\r\n \t<li>Internationale und lokale Rezeptionisten immer hilfsbereit<\/li>\r\n \t<li>Schlie\u00dffach f\u00fcr Ihr Gep\u00e4ck nach dem Check-out<\/li>\r\n \t<li>Waschmaschine und Trockner M\u00fcnze<\/li>\r\n<\/ul>\r\n<\/div>\r\n<\/div>","protected":false},"excerpt":{"rendered":"<p>Es ist direkt im Stadtzentrum gelegen und die beste Wahl f\u00fcr ein Budget-Hotel; das erste Hostel\/Hotel unserer Be Hostels Familie freut sich darauf euch willkommen zu hei\u00dfen. Das Be Ramblas Hotel ist f\u00fcr alle Arten von Reisenden passend und bietet eine breite Palette an Zimmern, um eurer Nachfrage gerecht zu werden. Wir haben eine g\u00fcnstige [&hellip;]<\/p>\n","protected":false},"author":1,"featured_media":0,"parent":0,"menu_order":0,"comment_status":"closed","ping_status":"closed","template":"","meta":{"footnotes":""},"yoast_head":"<!-- This site is optimized with the Yoast SEO plugin v22.7 - https:\/\/yoast.com\/wordpress\/plugins\/seo\/ -->\n<title>Be Ramblas Hotel ist ein g\u00fcnstiges Hotel mitten im Zentrum Barcelona<\/title>\n<meta name=\"description\" content=\"Das iste in Hotel lokaliziert im Herzen Barcelonas, nur 1 minute von der ber\u00fchmten Ramblas. Von unsere Balkone kann man die lebhafteste Strasse Barcelonas beobachten!\" \/>\n<meta name=\"robots\" content=\"index, follow, max-snippet:-1, max-image-preview:large, max-video-preview:-1\" \/>\n<link rel=\"canonical\" href=\"https:\/\/behostels.com\/de\/ramblas\/\" \/>\n<meta property=\"og:locale\" content=\"de_DE\" \/>\n<meta property=\"og:type\" content=\"article\" \/>\n<meta property=\"og:title\" content=\"Be Ramblas Hotel ist ein g\u00fcnstiges Hotel mitten im Zentrum Barcelona\" \/>\n<meta property=\"og:description\" content=\"Das iste in Hotel lokaliziert im Herzen Barcelonas, nur 1 minute von der ber\u00fchmten Ramblas. Von unsere Balkone kann man die lebhafteste Strasse Barcelonas beobachten!\" \/>\n<meta property=\"og:url\" content=\"https:\/\/behostels.com\/de\/ramblas\/\" \/>\n<meta property=\"og:site_name\" content=\"Be Hostels\" \/>\n<meta property=\"article:modified_time\" content=\"2016-05-04T10:44:22+00:00\" \/>\n<meta name=\"twitter:card\" content=\"summary_large_image\" \/>\n<meta name=\"twitter:label1\" content=\"Gesch\u00e4tzte Lesezeit\" \/>\n\t<meta name=\"twitter:data1\" content=\"2\u00a0Minuten\" \/>\n<script type=\"application\/ld+json\" class=\"yoast-schema-graph\">{\"@context\":\"https:\/\/schema.org\",\"@graph\":[{\"@type\":\"WebPage\",\"@id\":\"https:\/\/behostels.com\/de\/ramblas\/\",\"url\":\"https:\/\/behostels.com\/de\/ramblas\/\",\"name\":\"Be Ramblas Hotel ist ein g\u00fcnstiges Hotel mitten im Zentrum Barcelona\",\"isPartOf\":{\"@id\":\"https:\/\/behostels.com\/de\/#website\"},\"datePublished\":\"2015-06-10T13:24:14+00:00\",\"dateModified\":\"2016-05-04T10:44:22+00:00\",\"description\":\"Das iste in Hotel lokaliziert im Herzen Barcelonas, nur 1 minute von der ber\u00fchmten Ramblas. Von unsere Balkone kann man die lebhafteste Strasse Barcelonas beobachten!\",\"breadcrumb\":{\"@id\":\"https:\/\/behostels.com\/de\/ramblas\/#breadcrumb\"},\"inLanguage\":\"de\",\"potentialAction\":[{\"@type\":\"ReadAction\",\"target\":[\"https:\/\/behostels.com\/de\/ramblas\/\"]}]},{\"@type\":\"BreadcrumbList\",\"@id\":\"https:\/\/behostels.com\/de\/ramblas\/#breadcrumb\",\"itemListElement\":[{\"@type\":\"ListItem\",\"position\":1,\"name\":\"Home\",\"item\":\"https:\/\/behostels.com\/de\/\"},{\"@type\":\"ListItem\",\"position\":2,\"name\":\"Das Be Ramblas Hotel Barcelona ist ein g\u00fcnstiges Hotel mitten im Zentrum von Barcelona!\"}]},{\"@type\":\"WebSite\",\"@id\":\"https:\/\/behostels.com\/de\/#website\",\"url\":\"https:\/\/behostels.com\/de\/\",\"name\":\"Be Hostels\",\"description\":\"\",\"publisher\":{\"@id\":\"https:\/\/behostels.com\/de\/#organization\"},\"potentialAction\":[{\"@type\":\"SearchAction\",\"target\":{\"@type\":\"EntryPoint\",\"urlTemplate\":\"https:\/\/behostels.com\/de\/?s={search_term_string}\"},\"query-input\":\"required name=search_term_string\"}],\"inLanguage\":\"de\"},{\"@type\":\"Organization\",\"@id\":\"https:\/\/behostels.com\/de\/#organization\",\"name\":\"Be Hostels\",\"url\":\"https:\/\/behostels.com\/de\/\",\"logo\":{\"@type\":\"ImageObject\",\"inLanguage\":\"de\",\"@id\":\"https:\/\/behostels.com\/de\/#\/schema\/logo\/image\/\",\"url\":\"https:\/\/behostels.com\/wp-content\/uploads\/2015\/06\/be_reservations_logo.jpg\",\"contentUrl\":\"https:\/\/behostels.com\/wp-content\/uploads\/2015\/06\/be_reservations_logo.jpg\",\"width\":130,\"height\":130,\"caption\":\"Be Hostels\"},\"image\":{\"@id\":\"https:\/\/behostels.com\/de\/#\/schema\/logo\/image\/\"}}]}<\/script>\n<!-- \/ Yoast SEO plugin. -->","yoast_head_json":{"title":"Be Ramblas Hotel ist ein g\u00fcnstiges Hotel mitten im Zentrum Barcelona","description":"Das iste in Hotel lokaliziert im Herzen Barcelonas, nur 1 minute von der ber\u00fchmten Ramblas. Von unsere Balkone kann man die lebhafteste Strasse Barcelonas beobachten!","robots":{"index":"index","follow":"follow","max-snippet":"max-snippet:-1","max-image-preview":"max-image-preview:large","max-video-preview":"max-video-preview:-1"},"canonical":"https:\/\/behostels.com\/de\/ramblas\/","og_locale":"de_DE","og_type":"article","og_title":"Be Ramblas Hotel ist ein g\u00fcnstiges Hotel mitten im Zentrum Barcelona","og_description":"Das iste in Hotel lokaliziert im Herzen Barcelonas, nur 1 minute von der ber\u00fchmten Ramblas. Von unsere Balkone kann man die lebhafteste Strasse Barcelonas beobachten!","og_url":"https:\/\/behostels.com\/de\/ramblas\/","og_site_name":"Be Hostels","article_modified_time":"2016-05-04T10:44:22+00:00","twitter_card":"summary_large_image","twitter_misc":{"Gesch\u00e4tzte Lesezeit":"2\u00a0Minuten"},"schema":{"@context":"https:\/\/schema.org","@graph":[{"@type":"WebPage","@id":"https:\/\/behostels.com\/de\/ramblas\/","url":"https:\/\/behostels.com\/de\/ramblas\/","name":"Be Ramblas Hotel ist ein g\u00fcnstiges Hotel mitten im Zentrum Barcelona","isPartOf":{"@id":"https:\/\/behostels.com\/de\/#website"},"datePublished":"2015-06-10T13:24:14+00:00","dateModified":"2016-05-04T10:44:22+00:00","description":"Das iste in Hotel lokaliziert im Herzen Barcelonas, nur 1 minute von der ber\u00fchmten Ramblas. Von unsere Balkone kann man die lebhafteste Strasse Barcelonas beobachten!","breadcrumb":{"@id":"https:\/\/behostels.com\/de\/ramblas\/#breadcrumb"},"inLanguage":"de","potentialAction":[{"@type":"ReadAction","target":["https:\/\/behostels.com\/de\/ramblas\/"]}]},{"@type":"BreadcrumbList","@id":"https:\/\/behostels.com\/de\/ramblas\/#breadcrumb","itemListElement":[{"@type":"ListItem","position":1,"name":"Home","item":"https:\/\/behostels.com\/de\/"},{"@type":"ListItem","position":2,"name":"Das Be Ramblas Hotel Barcelona ist ein g\u00fcnstiges Hotel mitten im Zentrum von Barcelona!"}]},{"@type":"WebSite","@id":"https:\/\/behostels.com\/de\/#website","url":"https:\/\/behostels.com\/de\/","name":"Be Hostels","description":"","publisher":{"@id":"https:\/\/behostels.com\/de\/#organization"},"potentialAction":[{"@type":"SearchAction","target":{"@type":"EntryPoint","urlTemplate":"https:\/\/behostels.com\/de\/?s={search_term_string}"},"query-input":"required name=search_term_string"}],"inLanguage":"de"},{"@type":"Organization","@id":"https:\/\/behostels.com\/de\/#organization","name":"Be Hostels","url":"https:\/\/behostels.com\/de\/","logo":{"@type":"ImageObject","inLanguage":"de","@id":"https:\/\/behostels.com\/de\/#\/schema\/logo\/image\/","url":"https:\/\/behostels.com\/wp-content\/uploads\/2015\/06\/be_reservations_logo.jpg","contentUrl":"https:\/\/behostels.com\/wp-content\/uploads\/2015\/06\/be_reservations_logo.jpg","width":130,"height":130,"caption":"Be Hostels"},"image":{"@id":"https:\/\/behostels.com\/de\/#\/schema\/logo\/image\/"}}]}},"_links":{"self":[{"href":"https:\/\/behostels.com\/de\/wp-json\/wp\/v2\/pages\/260"}],"collection":[{"href":"https:\/\/behostels.com\/de\/wp-json\/wp\/v2\/pages"}],"about":[{"href":"https:\/\/behostels.com\/de\/wp-json\/wp\/v2\/types\/page"}],"author":[{"embeddable":true,"href":"https:\/\/behostels.com\/de\/wp-json\/wp\/v2\/users\/1"}],"replies":[{"embeddable":true,"href":"https:\/\/behostels.com\/de\/wp-json\/wp\/v2\/comments?post=260"}],"version-history":[{"count":0,"href":"https:\/\/behostels.com\/de\/wp-json\/wp\/v2\/pages\/260\/revisions"}],"wp:attachment":[{"href":"https:\/\/behostels.com\/de\/wp-json\/wp\/v2\/media?parent=260"}],"curies":[{"name":"wp","href":"https:\/\/api.w.org\/{rel}","templated":true}]}}